{"id":223380,"date":"2026-04-16T01:40:19","date_gmt":"2026-04-16T07:40:19","guid":{"rendered":"https:\/\/compuviper.mx\/tienda\/producto\/ec-line-ec-vp-3100-256-win-terminal-punto-de-venta-aio-touch-celeron-j6412-ram-8-gb-256-gb-ssd-4-usb-ethernet-serial-rj11-negro-15-pulgadas-wide-screen-win-10-oit-enterprise\/"},"modified":"2026-04-16T01:40:19","modified_gmt":"2026-04-16T07:40:19","slug":"ec-line-ec-vp-3100-256-win-terminal-punto-de-venta-negro-pantalla-touch-aio-15-6-pulgadas-intel-celeron-j6412-8gb-ram-256-gb-ssd-windows-10-iot-enterprise-64-bits","status":"publish","type":"product","link":"https:\/\/compuviper.mx\/tienda\/producto\/ec-line-ec-vp-3100-256-win-terminal-punto-de-venta-negro-pantalla-touch-aio-15-6-pulgadas-intel-celeron-j6412-8gb-ram-256-gb-ssd-windows-10-iot-enterprise-64-bits\/","title":{"rendered":"Ec Line Ec-vp-3100-256-win Terminal Punto De Venta  , Negro, Pantalla Touch Aio, 15.6 Pulgadas, Intel Celeron J6412, 8gb Ram, 256 Gb Ssd, Windows 10 Iot Enterprise 64 Bits"},"content":{"rendered":"<table class=\"descripcion\">\n<tr>\n<td>Informacion tecnica:<\/td>\n<\/tr>\n<tr>\n<td>Procesador intel@ j6412 quad core<\/td>\n<\/tr>\n<tr>\n<td>Memoria 8 gb ram<\/td>\n<\/tr>\n<tr>\n<td>Almacenamiento 256 ssd<\/td>\n<\/tr>\n<tr>\n<td>So compatible windows 10 \/ 10 iot, windows 1 1 , linux ubuntu<\/td>\n<\/tr>\n<tr>\n<td>Tamao de pantalla 15 pulgadas<\/td>\n<\/tr>\n<tr>\n<td>Touch 10-point projected capacitive touch<\/td>\n<\/tr>\n<tr>\n<td>Resolucin 1024 x 768 wide screen<\/td>\n<\/tr>\n<tr>\n<td>Brillo 350cd \/m2<\/td>\n<\/tr>\n<tr>\n<td>Contraste 600: i<\/td>\n<\/tr>\n<tr>\n<td>Tiempo de respuesta 10 ms<\/td>\n<\/tr>\n<tr>\n<td>\u00e1ngulo de visin 800\/800\/700\/700 arriba\/ abajo \/ izquierda \/ derecha<\/td>\n<\/tr>\n<tr>\n<td>Interfaz de video edp<\/td>\n<\/tr>\n<tr>\n<td>Adaptado input: ac 100-240v<\/td>\n<\/tr>\n<tr>\n<td>Temperatura de operacin -100c 500 c 140 f 1220f<\/td>\n<\/tr>\n<tr>\n<td>Humedad de operacin 15 &#8211; 85<\/td>\n<\/tr>\n<tr>\n<td>Dimensiones w x d x h 350 x 220 x 340 mm, peso neto. 4.9 kg<\/td>\n<\/tr>\n<tr>\n<td>Empaque w x d x h 440 x 310 x 413 mm, peso bruto. 6.8 kg<\/td>\n<\/tr>\n<tr>\n<td>Certificados de seguridad fcc \/ ce \/ rohs iso<\/td>\n<\/tr>\n<tr>\n<td>Lector de banda magntica \/ ved \/<\/td>\n<\/tr>\n<tr>\n<td>Accesorios segundo monitor 1 0. 1 15 ll wireless \/ ibutton \/ lector de huella digital<\/td>\n<\/tr>\n<\/table>\n","protected":false},"excerpt":{"rendered":"<p>Punto de venta aio touch de 15 pulgadas sin bisel, para dar un toque de elegancia a los comercios, con materiales y componentes de larga duracion.<\/p>\n","protected":false},"featured_media":223381,"comment_status":"open","ping_status":"open","template":"","meta":[],"product_cat":[1532,1533],"product_tag":[1600],"acf":[],"yoast_head":"<!-- This site is optimized with the Yoast SEO plugin v21.7 - https:\/\/yoast.com\/wordpress\/plugins\/seo\/ -->\n<title>[ Ec Line ] &#129351; Ec-vp-3100-256-win Terminal Punto De Venta , Negro, Pantalla Touch Aio, 15.6 Pulgadas, Intel Celeron J6412, 8gb Ram, 256 Gb Ssd, Windows 10 Iot Enterprise 64 Bits<\/title>\n<meta name=\"description\" content=\"Compra Ec-vp-3100-256-win Terminal Punto De Venta , Negro, Pantalla Touch Aio, 15.6 Pulgadas, Intel Celeron J6412, 8gb Ram, 256 Gb Ssd, Windows 10 Iot Enterprise 64 Bits + Env\u00edo a domicilio + Pago seguro + Garant\u00eda\" \/>\n<meta name=\"robots\" content=\"index, follow, max-snippet:-1, max-image-preview:large, max-video-preview:-1\" \/>\n<link rel=\"canonical\" href=\"https:\/\/compuviper.mx\/tienda\/producto\/ec-line-ec-vp-3100-256-win-terminal-punto-de-venta-negro-pantalla-touch-aio-15-6-pulgadas-intel-celeron-j6412-8gb-ram-256-gb-ssd-windows-10-iot-enterprise-64-bits\/\" \/>\n<meta property=\"og:locale\" content=\"es_MX\" \/>\n<meta property=\"og:type\" content=\"article\" \/>\n<meta property=\"og:title\" content=\"[ Ec Line ] &#129351; Ec-vp-3100-256-win Terminal Punto De Venta , Negro, Pantalla Touch Aio, 15.6 Pulgadas, Intel Celeron J6412, 8gb Ram, 256 Gb Ssd, Windows 10 Iot Enterprise 64 Bits\" \/>\n<meta property=\"og:description\" content=\"Compra Ec-vp-3100-256-win Terminal Punto De Venta , Negro, Pantalla Touch Aio, 15.6 Pulgadas, Intel Celeron J6412, 8gb Ram, 256 Gb Ssd, Windows 10 Iot Enterprise 64 Bits + Env\u00edo a domicilio + Pago seguro + Garant\u00eda\" \/>\n<meta property=\"og:url\" content=\"https:\/\/compuviper.mx\/tienda\/producto\/ec-line-ec-vp-3100-256-win-terminal-punto-de-venta-negro-pantalla-touch-aio-15-6-pulgadas-intel-celeron-j6412-8gb-ram-256-gb-ssd-windows-10-iot-enterprise-64-bits\/\" \/>\n<meta property=\"og:site_name\" content=\"Compuviper\" \/>\n<meta property=\"article:publisher\" content=\"https:\/\/www.facebook.com\/compuviper\" \/>\n<meta property=\"og:image\" content=\"https:\/\/compuviper.mx\/tienda\/wp-content\/uploads\/2023\/12\/Terminal-punto-de-venta-ec-line-ec-vp-3100-256-win-aio-touch-celeron-j6412-ram-8-gb-256-gb-ssd-4-usb-ethernet-serial-rj11-negro-15-pulgadas-wide-screen-win-10-oit-enterprise.jpg\" \/>\n\t<meta property=\"og:image:width\" content=\"200\" \/>\n\t<meta property=\"og:image:height\" content=\"200\" \/>\n\t<meta property=\"og:image:type\" content=\"image\/jpeg\" \/>\n<meta name=\"twitter:card\" content=\"summary_large_image\" \/>\n<meta name=\"twitter:label1\" content=\"Precio\" \/>\n\t<meta name=\"twitter:data1\" content=\"&#36;17,034 con IVA\" \/>\n\t<meta name=\"twitter:label2\" content=\"Availability\" \/>\n\t<meta name=\"twitter:data2\" content=\"Out of stock\" \/>\n<script type=\"application\/ld+json\" class=\"yoast-schema-graph\">{\"@context\":\"https:\/\/schema.org\",\"@graph\":[{\"@type\":\"WebPage\",\"@id\":\"https:\/\/compuviper.mx\/tienda\/producto\/ec-line-ec-vp-3100-256-win-terminal-punto-de-venta-negro-pantalla-touch-aio-15-6-pulgadas-intel-celeron-j6412-8gb-ram-256-gb-ssd-windows-10-iot-enterprise-64-bits\/\",\"url\":\"https:\/\/compuviper.mx\/tienda\/producto\/ec-line-ec-vp-3100-256-win-terminal-punto-de-venta-negro-pantalla-touch-aio-15-6-pulgadas-intel-celeron-j6412-8gb-ram-256-gb-ssd-windows-10-iot-enterprise-64-bits\/\",\"name\":\"[ Ec Line ] &#129351; Ec-vp-3100-256-win Terminal Punto De Venta , Negro, Pantalla Touch Aio, 15.6 Pulgadas, Intel Celeron J6412, 8gb Ram, 256 Gb Ssd, Windows 10 Iot Enterprise 64 Bits\",\"isPartOf\":{\"@id\":\"https:\/\/compuviper.mx\/tienda\/#website\"},\"datePublished\":\"2026-04-16T07:40:19+00:00\",\"dateModified\":\"2026-04-16T07:40:19+00:00\",\"description\":\"Compra Ec-vp-3100-256-win Terminal Punto De Venta , Negro, Pantalla Touch Aio, 15.6 Pulgadas, Intel Celeron J6412, 8gb Ram, 256 Gb Ssd, Windows 10 Iot Enterprise 64 Bits + Env\u00edo a domicilio + Pago seguro + Garant\u00eda\",\"breadcrumb\":{\"@id\":\"https:\/\/compuviper.mx\/tienda\/producto\/ec-line-ec-vp-3100-256-win-terminal-punto-de-venta-negro-pantalla-touch-aio-15-6-pulgadas-intel-celeron-j6412-8gb-ram-256-gb-ssd-windows-10-iot-enterprise-64-bits\/#breadcrumb\"},\"inLanguage\":\"es-MX\",\"potentialAction\":[{\"@type\":\"ReadAction\",\"target\":[\"https:\/\/compuviper.mx\/tienda\/producto\/ec-line-ec-vp-3100-256-win-terminal-punto-de-venta-negro-pantalla-touch-aio-15-6-pulgadas-intel-celeron-j6412-8gb-ram-256-gb-ssd-windows-10-iot-enterprise-64-bits\/\"]}]},{\"@type\":\"BreadcrumbList\",\"@id\":\"https:\/\/compuviper.mx\/tienda\/producto\/ec-line-ec-vp-3100-256-win-terminal-punto-de-venta-negro-pantalla-touch-aio-15-6-pulgadas-intel-celeron-j6412-8gb-ram-256-gb-ssd-windows-10-iot-enterprise-64-bits\/#breadcrumb\",\"itemListElement\":[{\"@type\":\"ListItem\",\"position\":1,\"name\":\"Inicio\",\"item\":\"https:\/\/compuviper.mx\/tienda\/\"},{\"@type\":\"ListItem\",\"position\":2,\"name\":\"Productos\",\"item\":\"https:\/\/compuviper.mx\/tienda\/productos\/\"},{\"@type\":\"ListItem\",\"position\":3,\"name\":\"Terminal Pos\",\"item\":\"https:\/\/compuviper.mx\/tienda\/categoria-producto\/terminal-pos\/\"},{\"@type\":\"ListItem\",\"position\":4,\"name\":\"Sin Categor\u00eda\",\"item\":\"https:\/\/compuviper.mx\/tienda\/categoria-producto\/terminal-pos\/sin-categoria-terminal-pos\/\"},{\"@type\":\"ListItem\",\"position\":5,\"name\":\"Ec Line Ec-vp-3100-256-win Terminal Punto De Venta , Negro, Pantalla Touch Aio, 15.6 Pulgadas, Intel Celeron J6412, 8gb Ram, 256 Gb Ssd, Windows 10 Iot Enterprise 64 Bits\"}]},{\"@type\":\"WebSite\",\"@id\":\"https:\/\/compuviper.mx\/tienda\/#website\",\"url\":\"https:\/\/compuviper.mx\/tienda\/\",\"name\":\"Compuviper\",\"description\":\"Proveedor de Computadoras, Laptops, Servidores, Monitores, Puntos de Venta, Teclados,   Impresoras, T\u00f3ner, C\u00e1maras de Seguridad y m\u00e1s en tu tienda en l\u00ednea\",\"publisher\":{\"@id\":\"https:\/\/compuviper.mx\/tienda\/#organization\"},\"potentialAction\":[{\"@type\":\"SearchAction\",\"target\":{\"@type\":\"EntryPoint\",\"urlTemplate\":\"https:\/\/compuviper.mx\/tienda\/?s={search_term_string}\"},\"query-input\":\"required name=search_term_string\"}],\"inLanguage\":\"es-MX\"},{\"@type\":\"Organization\",\"@id\":\"https:\/\/compuviper.mx\/tienda\/#organization\",\"name\":\"Compuviper\",\"url\":\"https:\/\/compuviper.mx\/tienda\/\",\"logo\":{\"@type\":\"ImageObject\",\"inLanguage\":\"es-MX\",\"@id\":\"https:\/\/compuviper.mx\/tienda\/#\/schema\/logo\/image\/\",\"url\":\"https:\/\/compuviper.mx\/tienda\/wp-content\/uploads\/2021\/08\/Logo-Compuviper-10.png\",\"contentUrl\":\"https:\/\/compuviper.mx\/tienda\/wp-content\/uploads\/2021\/08\/Logo-Compuviper-10.png\",\"width\":1000,\"height\":500,\"caption\":\"Compuviper\"},\"image\":{\"@id\":\"https:\/\/compuviper.mx\/tienda\/#\/schema\/logo\/image\/\"},\"sameAs\":[\"https:\/\/www.facebook.com\/compuviper\",\"https:\/\/www.youtube.com\/channel\/UCf73dERp9Y3cfOq7q8BhLjA?view_as=subscriber\"]}]}<\/script>\n<meta property=\"product:brand\" content=\"EC LINE\" \/>\n<meta property=\"product:price:amount\" content=\"17034\" \/>\n<meta property=\"product:price:currency\" content=\"MXN\" \/>\n<meta property=\"og:availability\" content=\"out of stock\" \/>\n<meta property=\"product:availability\" content=\"out of stock\" \/>\n<meta property=\"product:retailer_item_id\" content=\"EC-VP-3100-256-WIN\" \/>\n<meta property=\"product:condition\" content=\"new\" \/>\n<!-- \/ Yoast SEO plugin. -->","yoast_head_json":{"title":"[ Ec Line ] &#129351; Ec-vp-3100-256-win Terminal Punto De Venta , Negro, Pantalla Touch Aio, 15.6 Pulgadas, Intel Celeron J6412, 8gb Ram, 256 Gb Ssd, Windows 10 Iot Enterprise 64 Bits","description":"Compra Ec-vp-3100-256-win Terminal Punto De Venta , Negro, Pantalla Touch Aio, 15.6 Pulgadas, Intel Celeron J6412, 8gb Ram, 256 Gb Ssd, Windows 10 Iot Enterprise 64 Bits + Env\u00edo a domicilio + Pago seguro + Garant\u00eda","robots":{"index":"index","follow":"follow","max-snippet":"max-snippet:-1","max-image-preview":"max-image-preview:large","max-video-preview":"max-video-preview:-1"},"canonical":"https:\/\/compuviper.mx\/tienda\/producto\/ec-line-ec-vp-3100-256-win-terminal-punto-de-venta-negro-pantalla-touch-aio-15-6-pulgadas-intel-celeron-j6412-8gb-ram-256-gb-ssd-windows-10-iot-enterprise-64-bits\/","og_locale":"es_MX","og_type":"article","og_title":"[ Ec Line ] &#129351; Ec-vp-3100-256-win Terminal Punto De Venta , Negro, Pantalla Touch Aio, 15.6 Pulgadas, Intel Celeron J6412, 8gb Ram, 256 Gb Ssd, Windows 10 Iot Enterprise 64 Bits","og_description":"Compra Ec-vp-3100-256-win Terminal Punto De Venta , Negro, Pantalla Touch Aio, 15.6 Pulgadas, Intel Celeron J6412, 8gb Ram, 256 Gb Ssd, Windows 10 Iot Enterprise 64 Bits + Env\u00edo a domicilio + Pago seguro + Garant\u00eda","og_url":"https:\/\/compuviper.mx\/tienda\/producto\/ec-line-ec-vp-3100-256-win-terminal-punto-de-venta-negro-pantalla-touch-aio-15-6-pulgadas-intel-celeron-j6412-8gb-ram-256-gb-ssd-windows-10-iot-enterprise-64-bits\/","og_site_name":"Compuviper","article_publisher":"https:\/\/www.facebook.com\/compuviper","og_image":[{"width":200,"height":200,"url":"https:\/\/compuviper.mx\/tienda\/wp-content\/uploads\/2023\/12\/Terminal-punto-de-venta-ec-line-ec-vp-3100-256-win-aio-touch-celeron-j6412-ram-8-gb-256-gb-ssd-4-usb-ethernet-serial-rj11-negro-15-pulgadas-wide-screen-win-10-oit-enterprise.jpg","type":"image\/jpeg"}],"twitter_card":"summary_large_image","twitter_misc":{"Precio":"&#36;17,034 con IVA","Availability":"Out of stock"},"schema":{"@context":"https:\/\/schema.org","@graph":[{"@type":"WebPage","@id":"https:\/\/compuviper.mx\/tienda\/producto\/ec-line-ec-vp-3100-256-win-terminal-punto-de-venta-negro-pantalla-touch-aio-15-6-pulgadas-intel-celeron-j6412-8gb-ram-256-gb-ssd-windows-10-iot-enterprise-64-bits\/","url":"https:\/\/compuviper.mx\/tienda\/producto\/ec-line-ec-vp-3100-256-win-terminal-punto-de-venta-negro-pantalla-touch-aio-15-6-pulgadas-intel-celeron-j6412-8gb-ram-256-gb-ssd-windows-10-iot-enterprise-64-bits\/","name":"[ Ec Line ] &#129351; Ec-vp-3100-256-win Terminal Punto De Venta , Negro, Pantalla Touch Aio, 15.6 Pulgadas, Intel Celeron J6412, 8gb Ram, 256 Gb Ssd, Windows 10 Iot Enterprise 64 Bits","isPartOf":{"@id":"https:\/\/compuviper.mx\/tienda\/#website"},"datePublished":"2026-04-16T07:40:19+00:00","dateModified":"2026-04-16T07:40:19+00:00","description":"Compra Ec-vp-3100-256-win Terminal Punto De Venta , Negro, Pantalla Touch Aio, 15.6 Pulgadas, Intel Celeron J6412, 8gb Ram, 256 Gb Ssd, Windows 10 Iot Enterprise 64 Bits + Env\u00edo a domicilio + Pago seguro + Garant\u00eda","breadcrumb":{"@id":"https:\/\/compuviper.mx\/tienda\/producto\/ec-line-ec-vp-3100-256-win-terminal-punto-de-venta-negro-pantalla-touch-aio-15-6-pulgadas-intel-celeron-j6412-8gb-ram-256-gb-ssd-windows-10-iot-enterprise-64-bits\/#breadcrumb"},"inLanguage":"es-MX","potentialAction":[{"@type":"ReadAction","target":["https:\/\/compuviper.mx\/tienda\/producto\/ec-line-ec-vp-3100-256-win-terminal-punto-de-venta-negro-pantalla-touch-aio-15-6-pulgadas-intel-celeron-j6412-8gb-ram-256-gb-ssd-windows-10-iot-enterprise-64-bits\/"]}]},{"@type":"BreadcrumbList","@id":"https:\/\/compuviper.mx\/tienda\/producto\/ec-line-ec-vp-3100-256-win-terminal-punto-de-venta-negro-pantalla-touch-aio-15-6-pulgadas-intel-celeron-j6412-8gb-ram-256-gb-ssd-windows-10-iot-enterprise-64-bits\/#breadcrumb","itemListElement":[{"@type":"ListItem","position":1,"name":"Inicio","item":"https:\/\/compuviper.mx\/tienda\/"},{"@type":"ListItem","position":2,"name":"Productos","item":"https:\/\/compuviper.mx\/tienda\/productos\/"},{"@type":"ListItem","position":3,"name":"Terminal Pos","item":"https:\/\/compuviper.mx\/tienda\/categoria-producto\/terminal-pos\/"},{"@type":"ListItem","position":4,"name":"Sin Categor\u00eda","item":"https:\/\/compuviper.mx\/tienda\/categoria-producto\/terminal-pos\/sin-categoria-terminal-pos\/"},{"@type":"ListItem","position":5,"name":"Ec Line Ec-vp-3100-256-win Terminal Punto De Venta , Negro, Pantalla Touch Aio, 15.6 Pulgadas, Intel Celeron J6412, 8gb Ram, 256 Gb Ssd, Windows 10 Iot Enterprise 64 Bits"}]},{"@type":"WebSite","@id":"https:\/\/compuviper.mx\/tienda\/#website","url":"https:\/\/compuviper.mx\/tienda\/","name":"Compuviper","description":"Proveedor de Computadoras, Laptops, Servidores, Monitores, Puntos de Venta, Teclados,   Impresoras, T\u00f3ner, C\u00e1maras de Seguridad y m\u00e1s en tu tienda en l\u00ednea","publisher":{"@id":"https:\/\/compuviper.mx\/tienda\/#organization"},"potentialAction":[{"@type":"SearchAction","target":{"@type":"EntryPoint","urlTemplate":"https:\/\/compuviper.mx\/tienda\/?s={search_term_string}"},"query-input":"required name=search_term_string"}],"inLanguage":"es-MX"},{"@type":"Organization","@id":"https:\/\/compuviper.mx\/tienda\/#organization","name":"Compuviper","url":"https:\/\/compuviper.mx\/tienda\/","logo":{"@type":"ImageObject","inLanguage":"es-MX","@id":"https:\/\/compuviper.mx\/tienda\/#\/schema\/logo\/image\/","url":"https:\/\/compuviper.mx\/tienda\/wp-content\/uploads\/2021\/08\/Logo-Compuviper-10.png","contentUrl":"https:\/\/compuviper.mx\/tienda\/wp-content\/uploads\/2021\/08\/Logo-Compuviper-10.png","width":1000,"height":500,"caption":"Compuviper"},"image":{"@id":"https:\/\/compuviper.mx\/tienda\/#\/schema\/logo\/image\/"},"sameAs":["https:\/\/www.facebook.com\/compuviper","https:\/\/www.youtube.com\/channel\/UCf73dERp9Y3cfOq7q8BhLjA?view_as=subscriber"]}]},"product_brand":"EC LINE","product_price_amount":"17034","product_price_currency":"MXN","og_availability":"out of stock","product_availability":"out of stock","product_retailer_item_id":"EC-VP-3100-256-WIN","product_condition":"new"},"_links":{"self":[{"href":"https:\/\/compuviper.mx\/tienda\/wp-json\/wp\/v2\/product\/223380"}],"collection":[{"href":"https:\/\/compuviper.mx\/tienda\/wp-json\/wp\/v2\/product"}],"about":[{"href":"https:\/\/compuviper.mx\/tienda\/wp-json\/wp\/v2\/types\/product"}],"replies":[{"embeddable":true,"href":"https:\/\/compuviper.mx\/tienda\/wp-json\/wp\/v2\/comments?post=223380"}],"wp:featuredmedia":[{"embeddable":true,"href":"https:\/\/compuviper.mx\/tienda\/wp-json\/wp\/v2\/media\/223381"}],"wp:attachment":[{"href":"https:\/\/compuviper.mx\/tienda\/wp-json\/wp\/v2\/media?parent=223380"}],"wp:term":[{"taxonomy":"product_cat","embeddable":true,"href":"https:\/\/compuviper.mx\/tienda\/wp-json\/wp\/v2\/product_cat?post=223380"},{"taxonomy":"product_tag","embeddable":true,"href":"https:\/\/compuviper.mx\/tienda\/wp-json\/wp\/v2\/product_tag?post=223380"}],"curies":[{"name":"wp","href":"https:\/\/api.w.org\/{rel}","templated":true}]}}