{"id":223042,"date":"2026-05-09T01:34:18","date_gmt":"2026-05-09T07:34:18","guid":{"rendered":"https:\/\/compuviper.mx\/tienda\/producto\/hewlett-packard-enterprise-h40l8pe-hpe-pliza-pos-garanta-tech-care-essential-dl360-gen9-svc\/"},"modified":"2026-05-09T01:34:18","modified_gmt":"2026-05-09T07:34:18","slug":"hewlett-packard-enterprise-h40l8pe-hpe-pliza-pos-garanta-tech-care-essential-dl360-gen9-svc","status":"publish","type":"product","link":"https:\/\/compuviper.mx\/tienda\/producto\/hewlett-packard-enterprise-h40l8pe-hpe-pliza-pos-garanta-tech-care-essential-dl360-gen9-svc\/","title":{"rendered":"Hewlett Packard Enterprise H40l8pe Hpe P?liza Pos Garant?a Tech Care Essential Dl360 Gen9 Svc"},"content":{"rendered":"<table class=\"descripcion\">\n<tr>\n<td>Hpe 1y pw tc ess dl360 gen9 svc<\/td>\n<\/tr>\n<\/table>\n","protected":false},"excerpt":{"rendered":"<p>Hpe pointnext tech care (hpe tech care) es la experiencia de soporte operativo para los productos de hardware y software de hpe (productos hpe). Hpe tech care ayuda a los equipos de ti a centrarse en hacer avanzar el negocio mediante la b\u00fasqueda proactiva de mejores formas de hacer las cosas, en lugar de centrarse \u00fanicamente en problemas reactivos. Hpe tech care va m\u00e1s all\u00e1 del soporte tradicional al permitir el acceso directo a especialistas espec\u00edficos del producto y brindar orientaci\u00f3n t\u00e9cnica general para ayudar a los clientes no solo a reducir el riesgo sino tambi\u00e9n a buscar continuamente formas de hacer las cosas de manera m\u00e1s eficiente. Los clientes de hpe tech care pueden obtener ayuda a trav\u00e9s de m\u00faltiples canales que incluyen tel\u00e9fono, foros moderados por hpe con tiempos de respuesta definidos, registro de incidentes automatizado y una funci\u00f3n de chat en tiempo real.<\/p>\n","protected":false},"featured_media":223043,"comment_status":"open","ping_status":"open","template":"","meta":[],"product_cat":[1984,1985],"product_tag":[1568],"acf":[],"yoast_head":"<!-- This site is optimized with the Yoast SEO plugin v21.7 - https:\/\/yoast.com\/wordpress\/plugins\/seo\/ -->\n<title>[ Hewlett Packard Enterprise ] &#129351; H40l8pe Hpe P\u00f3liza Pos Garant\u00eda Tech Care Essential Dl360 Gen9 Svc<\/title>\n<meta name=\"description\" content=\"Compra H40l8pe Hpe P\u00f3liza Pos Garant\u00eda Tech Care Essential Dl360 Gen9 Svc + Env\u00edo a domicilio + Pago seguro + Garant\u00eda\" \/>\n<meta name=\"robots\" content=\"index, follow, max-snippet:-1, max-image-preview:large, max-video-preview:-1\" \/>\n<link rel=\"canonical\" href=\"https:\/\/compuviper.mx\/tienda\/producto\/hewlett-packard-enterprise-h40l8pe-hpe-pliza-pos-garanta-tech-care-essential-dl360-gen9-svc\/\" \/>\n<meta property=\"og:locale\" content=\"es_MX\" \/>\n<meta property=\"og:type\" content=\"article\" \/>\n<meta property=\"og:title\" content=\"[ Hewlett Packard Enterprise ] &#129351; H40l8pe Hpe P\u00f3liza Pos Garant\u00eda Tech Care Essential Dl360 Gen9 Svc\" \/>\n<meta property=\"og:description\" content=\"Compra H40l8pe Hpe P\u00f3liza Pos Garant\u00eda Tech Care Essential Dl360 Gen9 Svc + Env\u00edo a domicilio + Pago seguro + Garant\u00eda\" \/>\n<meta property=\"og:url\" content=\"https:\/\/compuviper.mx\/tienda\/producto\/hewlett-packard-enterprise-h40l8pe-hpe-pliza-pos-garanta-tech-care-essential-dl360-gen9-svc\/\" \/>\n<meta property=\"og:site_name\" content=\"Compuviper\" \/>\n<meta property=\"article:publisher\" content=\"https:\/\/www.facebook.com\/compuviper\" \/>\n<meta property=\"og:image\" content=\"https:\/\/compuviper.mx\/tienda\/wp-content\/uploads\/2023\/12\/Hpe-poliza-pos-garantia-tech-care-essential-dl360-gen9-svc.jpg\" \/>\n\t<meta property=\"og:image:width\" content=\"200\" \/>\n\t<meta property=\"og:image:height\" content=\"200\" \/>\n\t<meta property=\"og:image:type\" content=\"image\/jpeg\" \/>\n<meta name=\"twitter:card\" content=\"summary_large_image\" \/>\n<meta name=\"twitter:label1\" content=\"Precio\" \/>\n\t<meta name=\"twitter:data1\" content=\"&#36;49,444 con IVA\" \/>\n\t<meta name=\"twitter:label2\" content=\"Availability\" \/>\n\t<meta name=\"twitter:data2\" content=\"On backorder\" \/>\n<script type=\"application\/ld+json\" class=\"yoast-schema-graph\">{\"@context\":\"https:\/\/schema.org\",\"@graph\":[{\"@type\":\"WebPage\",\"@id\":\"https:\/\/compuviper.mx\/tienda\/producto\/hewlett-packard-enterprise-h40l8pe-hpe-pliza-pos-garanta-tech-care-essential-dl360-gen9-svc\/\",\"url\":\"https:\/\/compuviper.mx\/tienda\/producto\/hewlett-packard-enterprise-h40l8pe-hpe-pliza-pos-garanta-tech-care-essential-dl360-gen9-svc\/\",\"name\":\"[ Hewlett Packard Enterprise ] &#129351; H40l8pe Hpe P\u00f3liza Pos Garant\u00eda Tech Care Essential Dl360 Gen9 Svc\",\"isPartOf\":{\"@id\":\"https:\/\/compuviper.mx\/tienda\/#website\"},\"datePublished\":\"2026-05-09T07:34:18+00:00\",\"dateModified\":\"2026-05-09T07:34:18+00:00\",\"description\":\"Compra H40l8pe Hpe P\u00f3liza Pos Garant\u00eda Tech Care Essential Dl360 Gen9 Svc + Env\u00edo a domicilio + Pago seguro + Garant\u00eda\",\"breadcrumb\":{\"@id\":\"https:\/\/compuviper.mx\/tienda\/producto\/hewlett-packard-enterprise-h40l8pe-hpe-pliza-pos-garanta-tech-care-essential-dl360-gen9-svc\/#breadcrumb\"},\"inLanguage\":\"es-MX\",\"potentialAction\":[{\"@type\":\"ReadAction\",\"target\":[\"https:\/\/compuviper.mx\/tienda\/producto\/hewlett-packard-enterprise-h40l8pe-hpe-pliza-pos-garanta-tech-care-essential-dl360-gen9-svc\/\"]}]},{\"@type\":\"BreadcrumbList\",\"@id\":\"https:\/\/compuviper.mx\/tienda\/producto\/hewlett-packard-enterprise-h40l8pe-hpe-pliza-pos-garanta-tech-care-essential-dl360-gen9-svc\/#breadcrumb\",\"itemListElement\":[{\"@type\":\"ListItem\",\"position\":1,\"name\":\"Inicio\",\"item\":\"https:\/\/compuviper.mx\/tienda\/\"},{\"@type\":\"ListItem\",\"position\":2,\"name\":\"Productos\",\"item\":\"https:\/\/compuviper.mx\/tienda\/productos\/\"},{\"@type\":\"ListItem\",\"position\":3,\"name\":\"Polizas De Garantia\",\"item\":\"https:\/\/compuviper.mx\/tienda\/categoria-producto\/polizas-de-garantia\/\"},{\"@type\":\"ListItem\",\"position\":4,\"name\":\"Sin Categor\u00eda\",\"item\":\"https:\/\/compuviper.mx\/tienda\/categoria-producto\/polizas-de-garantia\/sin-categoria-polizas-de-garantia\/\"},{\"@type\":\"ListItem\",\"position\":5,\"name\":\"Hewlett Packard Enterprise H40l8pe Hpe P?liza Pos Garant?a Tech Care Essential Dl360 Gen9 Svc\"}]},{\"@type\":\"WebSite\",\"@id\":\"https:\/\/compuviper.mx\/tienda\/#website\",\"url\":\"https:\/\/compuviper.mx\/tienda\/\",\"name\":\"Compuviper\",\"description\":\"Proveedor de Computadoras, Laptops, Servidores, Monitores, Puntos de Venta, Teclados,   Impresoras, T\u00f3ner, C\u00e1maras de Seguridad y m\u00e1s en tu tienda en l\u00ednea\",\"publisher\":{\"@id\":\"https:\/\/compuviper.mx\/tienda\/#organization\"},\"potentialAction\":[{\"@type\":\"SearchAction\",\"target\":{\"@type\":\"EntryPoint\",\"urlTemplate\":\"https:\/\/compuviper.mx\/tienda\/?s={search_term_string}\"},\"query-input\":\"required name=search_term_string\"}],\"inLanguage\":\"es-MX\"},{\"@type\":\"Organization\",\"@id\":\"https:\/\/compuviper.mx\/tienda\/#organization\",\"name\":\"Compuviper\",\"url\":\"https:\/\/compuviper.mx\/tienda\/\",\"logo\":{\"@type\":\"ImageObject\",\"inLanguage\":\"es-MX\",\"@id\":\"https:\/\/compuviper.mx\/tienda\/#\/schema\/logo\/image\/\",\"url\":\"https:\/\/compuviper.mx\/tienda\/wp-content\/uploads\/2021\/08\/Logo-Compuviper-10.png\",\"contentUrl\":\"https:\/\/compuviper.mx\/tienda\/wp-content\/uploads\/2021\/08\/Logo-Compuviper-10.png\",\"width\":1000,\"height\":500,\"caption\":\"Compuviper\"},\"image\":{\"@id\":\"https:\/\/compuviper.mx\/tienda\/#\/schema\/logo\/image\/\"},\"sameAs\":[\"https:\/\/www.facebook.com\/compuviper\",\"https:\/\/www.youtube.com\/channel\/UCf73dERp9Y3cfOq7q8BhLjA?view_as=subscriber\"]}]}<\/script>\n<meta property=\"product:brand\" content=\"HEWLETT PACKARD ENTERPRISE\" \/>\n<meta property=\"product:price:amount\" content=\"49444\" \/>\n<meta property=\"product:price:currency\" content=\"MXN\" \/>\n<meta property=\"og:availability\" content=\"backorder\" \/>\n<meta property=\"product:availability\" content=\"available for order\" \/>\n<meta property=\"product:retailer_item_id\" content=\"H40L8PE\" \/>\n<meta property=\"product:condition\" content=\"new\" \/>\n<!-- \/ Yoast SEO plugin. -->","yoast_head_json":{"title":"[ Hewlett Packard Enterprise ] &#129351; H40l8pe Hpe P\u00f3liza Pos Garant\u00eda Tech Care Essential Dl360 Gen9 Svc","description":"Compra H40l8pe Hpe P\u00f3liza Pos Garant\u00eda Tech Care Essential Dl360 Gen9 Svc + Env\u00edo a domicilio + Pago seguro + Garant\u00eda","robots":{"index":"index","follow":"follow","max-snippet":"max-snippet:-1","max-image-preview":"max-image-preview:large","max-video-preview":"max-video-preview:-1"},"canonical":"https:\/\/compuviper.mx\/tienda\/producto\/hewlett-packard-enterprise-h40l8pe-hpe-pliza-pos-garanta-tech-care-essential-dl360-gen9-svc\/","og_locale":"es_MX","og_type":"article","og_title":"[ Hewlett Packard Enterprise ] &#129351; H40l8pe Hpe P\u00f3liza Pos Garant\u00eda Tech Care Essential Dl360 Gen9 Svc","og_description":"Compra H40l8pe Hpe P\u00f3liza Pos Garant\u00eda Tech Care Essential Dl360 Gen9 Svc + Env\u00edo a domicilio + Pago seguro + Garant\u00eda","og_url":"https:\/\/compuviper.mx\/tienda\/producto\/hewlett-packard-enterprise-h40l8pe-hpe-pliza-pos-garanta-tech-care-essential-dl360-gen9-svc\/","og_site_name":"Compuviper","article_publisher":"https:\/\/www.facebook.com\/compuviper","og_image":[{"width":200,"height":200,"url":"https:\/\/compuviper.mx\/tienda\/wp-content\/uploads\/2023\/12\/Hpe-poliza-pos-garantia-tech-care-essential-dl360-gen9-svc.jpg","type":"image\/jpeg"}],"twitter_card":"summary_large_image","twitter_misc":{"Precio":"&#36;49,444 con IVA","Availability":"On backorder"},"schema":{"@context":"https:\/\/schema.org","@graph":[{"@type":"WebPage","@id":"https:\/\/compuviper.mx\/tienda\/producto\/hewlett-packard-enterprise-h40l8pe-hpe-pliza-pos-garanta-tech-care-essential-dl360-gen9-svc\/","url":"https:\/\/compuviper.mx\/tienda\/producto\/hewlett-packard-enterprise-h40l8pe-hpe-pliza-pos-garanta-tech-care-essential-dl360-gen9-svc\/","name":"[ Hewlett Packard Enterprise ] &#129351; H40l8pe Hpe P\u00f3liza Pos Garant\u00eda Tech Care Essential Dl360 Gen9 Svc","isPartOf":{"@id":"https:\/\/compuviper.mx\/tienda\/#website"},"datePublished":"2026-05-09T07:34:18+00:00","dateModified":"2026-05-09T07:34:18+00:00","description":"Compra H40l8pe Hpe P\u00f3liza Pos Garant\u00eda Tech Care Essential Dl360 Gen9 Svc + Env\u00edo a domicilio + Pago seguro + Garant\u00eda","breadcrumb":{"@id":"https:\/\/compuviper.mx\/tienda\/producto\/hewlett-packard-enterprise-h40l8pe-hpe-pliza-pos-garanta-tech-care-essential-dl360-gen9-svc\/#breadcrumb"},"inLanguage":"es-MX","potentialAction":[{"@type":"ReadAction","target":["https:\/\/compuviper.mx\/tienda\/producto\/hewlett-packard-enterprise-h40l8pe-hpe-pliza-pos-garanta-tech-care-essential-dl360-gen9-svc\/"]}]},{"@type":"BreadcrumbList","@id":"https:\/\/compuviper.mx\/tienda\/producto\/hewlett-packard-enterprise-h40l8pe-hpe-pliza-pos-garanta-tech-care-essential-dl360-gen9-svc\/#breadcrumb","itemListElement":[{"@type":"ListItem","position":1,"name":"Inicio","item":"https:\/\/compuviper.mx\/tienda\/"},{"@type":"ListItem","position":2,"name":"Productos","item":"https:\/\/compuviper.mx\/tienda\/productos\/"},{"@type":"ListItem","position":3,"name":"Polizas De Garantia","item":"https:\/\/compuviper.mx\/tienda\/categoria-producto\/polizas-de-garantia\/"},{"@type":"ListItem","position":4,"name":"Sin Categor\u00eda","item":"https:\/\/compuviper.mx\/tienda\/categoria-producto\/polizas-de-garantia\/sin-categoria-polizas-de-garantia\/"},{"@type":"ListItem","position":5,"name":"Hewlett Packard Enterprise H40l8pe Hpe P?liza Pos Garant?a Tech Care Essential Dl360 Gen9 Svc"}]},{"@type":"WebSite","@id":"https:\/\/compuviper.mx\/tienda\/#website","url":"https:\/\/compuviper.mx\/tienda\/","name":"Compuviper","description":"Proveedor de Computadoras, Laptops, Servidores, Monitores, Puntos de Venta, Teclados,   Impresoras, T\u00f3ner, C\u00e1maras de Seguridad y m\u00e1s en tu tienda en l\u00ednea","publisher":{"@id":"https:\/\/compuviper.mx\/tienda\/#organization"},"potentialAction":[{"@type":"SearchAction","target":{"@type":"EntryPoint","urlTemplate":"https:\/\/compuviper.mx\/tienda\/?s={search_term_string}"},"query-input":"required name=search_term_string"}],"inLanguage":"es-MX"},{"@type":"Organization","@id":"https:\/\/compuviper.mx\/tienda\/#organization","name":"Compuviper","url":"https:\/\/compuviper.mx\/tienda\/","logo":{"@type":"ImageObject","inLanguage":"es-MX","@id":"https:\/\/compuviper.mx\/tienda\/#\/schema\/logo\/image\/","url":"https:\/\/compuviper.mx\/tienda\/wp-content\/uploads\/2021\/08\/Logo-Compuviper-10.png","contentUrl":"https:\/\/compuviper.mx\/tienda\/wp-content\/uploads\/2021\/08\/Logo-Compuviper-10.png","width":1000,"height":500,"caption":"Compuviper"},"image":{"@id":"https:\/\/compuviper.mx\/tienda\/#\/schema\/logo\/image\/"},"sameAs":["https:\/\/www.facebook.com\/compuviper","https:\/\/www.youtube.com\/channel\/UCf73dERp9Y3cfOq7q8BhLjA?view_as=subscriber"]}]},"product_brand":"HEWLETT PACKARD ENTERPRISE","product_price_amount":"49444","product_price_currency":"MXN","og_availability":"backorder","product_availability":"available for order","product_retailer_item_id":"H40L8PE","product_condition":"new"},"_links":{"self":[{"href":"https:\/\/compuviper.mx\/tienda\/wp-json\/wp\/v2\/product\/223042"}],"collection":[{"href":"https:\/\/compuviper.mx\/tienda\/wp-json\/wp\/v2\/product"}],"about":[{"href":"https:\/\/compuviper.mx\/tienda\/wp-json\/wp\/v2\/types\/product"}],"replies":[{"embeddable":true,"href":"https:\/\/compuviper.mx\/tienda\/wp-json\/wp\/v2\/comments?post=223042"}],"wp:featuredmedia":[{"embeddable":true,"href":"https:\/\/compuviper.mx\/tienda\/wp-json\/wp\/v2\/media\/223043"}],"wp:attachment":[{"href":"https:\/\/compuviper.mx\/tienda\/wp-json\/wp\/v2\/media?parent=223042"}],"wp:term":[{"taxonomy":"product_cat","embeddable":true,"href":"https:\/\/compuviper.mx\/tienda\/wp-json\/wp\/v2\/product_cat?post=223042"},{"taxonomy":"product_tag","embeddable":true,"href":"https:\/\/compuviper.mx\/tienda\/wp-json\/wp\/v2\/product_tag?post=223042"}],"curies":[{"name":"wp","href":"https:\/\/api.w.org\/{rel}","templated":true}]}}