{"id":223033,"date":"2026-04-08T01:38:41","date_gmt":"2026-04-08T07:38:41","guid":{"rendered":"https:\/\/compuviper.mx\/tienda\/producto\/panasonic-se-nsp960full-servicio-de-activacion-a-su-maxima-capacidad-en-troncales-ip-y-ext-ip-propietarias-y-terceros-asi-como-todas-las-funcionalidades-aplica-solo-para-kx-ns1000\/"},"modified":"2026-04-08T01:38:42","modified_gmt":"2026-04-08T07:38:42","slug":"panasonic-se-nsp960full-servicio-de-activacion-a-su-maxima-capacidad-en-troncales-ip-y-ext-ip-propietarias-y-terceros-asi-como-todas-las-funcionalidades-aplica-solo-para-kx-ns1000","status":"publish","type":"product","link":"https:\/\/compuviper.mx\/tienda\/producto\/panasonic-se-nsp960full-servicio-de-activacion-a-su-maxima-capacidad-en-troncales-ip-y-ext-ip-propietarias-y-terceros-asi-como-todas-las-funcionalidades-aplica-solo-para-kx-ns1000\/","title":{"rendered":"Panasonic Se-nsp960full Servicio De Activacion   A Su Maxima Capacidad En Troncales Ip Y Ext Ip (propietarias Y Terceros Asi Como Todas Las Funcionalidades Aplica Solo Para Kx-ns1000"},"content":{"rendered":"<table class=\"descripcion\">\n<tr>\n<td>Servicio para activar a su maxima capacidad en troncales ip y  ext ip (propietarias y terceros. asi como todas las funcionalidades.<\/td>\n<\/tr>\n<\/table>\n","protected":false},"excerpt":{"rendered":"<p>Servcio de actvacion<\/p>\n","protected":false},"featured_media":223034,"comment_status":"open","ping_status":"open","template":"","meta":[],"product_cat":[1982,1983],"product_tag":[1522],"acf":[],"yoast_head":"<!-- This site is optimized with the Yoast SEO plugin v21.7 - https:\/\/yoast.com\/wordpress\/plugins\/seo\/ -->\n<title>[ Panasonic ] &#129351; Se-nsp960full Servicio De Activacion A Su Maxima Capacidad En Troncales Ip Y Ext Ip (propietarias Y Terceros Asi Como Todas Las Funcionalidades Aplica Solo Para Kx-ns1000<\/title>\n<meta name=\"description\" content=\"Compra Se-nsp960full Servicio De Activacion A Su Maxima Capacidad En Troncales Ip Y Ext Ip (propietarias Y Terceros Asi Como Todas Las Funcionalidades Aplica Solo Para Kx-ns1000 + Env\u00edo a domicilio + Pago seguro + Garant\u00eda\" \/>\n<meta name=\"robots\" content=\"index, follow, max-snippet:-1, max-image-preview:large, max-video-preview:-1\" \/>\n<link rel=\"canonical\" href=\"https:\/\/compuviper.mx\/tienda\/producto\/panasonic-se-nsp960full-servicio-de-activacion-a-su-maxima-capacidad-en-troncales-ip-y-ext-ip-propietarias-y-terceros-asi-como-todas-las-funcionalidades-aplica-solo-para-kx-ns1000\/\" \/>\n<meta property=\"og:locale\" content=\"es_MX\" \/>\n<meta property=\"og:type\" content=\"article\" \/>\n<meta property=\"og:title\" content=\"[ Panasonic ] &#129351; Se-nsp960full Servicio De Activacion A Su Maxima Capacidad En Troncales Ip Y Ext Ip (propietarias Y Terceros Asi Como Todas Las Funcionalidades Aplica Solo Para Kx-ns1000\" \/>\n<meta property=\"og:description\" content=\"Compra Se-nsp960full Servicio De Activacion A Su Maxima Capacidad En Troncales Ip Y Ext Ip (propietarias Y Terceros Asi Como Todas Las Funcionalidades Aplica Solo Para Kx-ns1000 + Env\u00edo a domicilio + Pago seguro + Garant\u00eda\" \/>\n<meta property=\"og:url\" content=\"https:\/\/compuviper.mx\/tienda\/producto\/panasonic-se-nsp960full-servicio-de-activacion-a-su-maxima-capacidad-en-troncales-ip-y-ext-ip-propietarias-y-terceros-asi-como-todas-las-funcionalidades-aplica-solo-para-kx-ns1000\/\" \/>\n<meta property=\"og:site_name\" content=\"Compuviper\" \/>\n<meta property=\"article:publisher\" content=\"https:\/\/www.facebook.com\/compuviper\" \/>\n<meta property=\"article:modified_time\" content=\"2026-04-08T07:38:42+00:00\" \/>\n<meta property=\"og:image\" content=\"https:\/\/compuviper.mx\/tienda\/wp-content\/uploads\/2023\/12\/Servicio-de-activacion-panasonic-se-nsp960full-a-su-maxima-capacidad-en-troncales-ip-y-ext-ip-propietarias-y-terceros-asi-como-todas-las-funcionalidades-aplica-solo-para-kx-ns1000.jpg\" \/>\n\t<meta property=\"og:image:width\" content=\"200\" \/>\n\t<meta property=\"og:image:height\" content=\"200\" \/>\n\t<meta property=\"og:image:type\" content=\"image\/jpeg\" \/>\n<meta name=\"twitter:card\" content=\"summary_large_image\" \/>\n<meta name=\"twitter:label1\" content=\"Precio\" \/>\n\t<meta name=\"twitter:data1\" content=\"&#36;11,234 con IVA\" \/>\n\t<meta name=\"twitter:label2\" content=\"Availability\" \/>\n\t<meta name=\"twitter:data2\" content=\"On backorder\" \/>\n<script type=\"application\/ld+json\" class=\"yoast-schema-graph\">{\"@context\":\"https:\/\/schema.org\",\"@graph\":[{\"@type\":\"WebPage\",\"@id\":\"https:\/\/compuviper.mx\/tienda\/producto\/panasonic-se-nsp960full-servicio-de-activacion-a-su-maxima-capacidad-en-troncales-ip-y-ext-ip-propietarias-y-terceros-asi-como-todas-las-funcionalidades-aplica-solo-para-kx-ns1000\/\",\"url\":\"https:\/\/compuviper.mx\/tienda\/producto\/panasonic-se-nsp960full-servicio-de-activacion-a-su-maxima-capacidad-en-troncales-ip-y-ext-ip-propietarias-y-terceros-asi-como-todas-las-funcionalidades-aplica-solo-para-kx-ns1000\/\",\"name\":\"[ Panasonic ] &#129351; Se-nsp960full Servicio De Activacion A Su Maxima Capacidad En Troncales Ip Y Ext Ip (propietarias Y Terceros Asi Como Todas Las Funcionalidades Aplica Solo Para Kx-ns1000\",\"isPartOf\":{\"@id\":\"https:\/\/compuviper.mx\/tienda\/#website\"},\"datePublished\":\"2026-04-08T07:38:41+00:00\",\"dateModified\":\"2026-04-08T07:38:42+00:00\",\"description\":\"Compra Se-nsp960full Servicio De Activacion A Su Maxima Capacidad En Troncales Ip Y Ext Ip (propietarias Y Terceros Asi Como Todas Las Funcionalidades Aplica Solo Para Kx-ns1000 + Env\u00edo a domicilio + Pago seguro + Garant\u00eda\",\"breadcrumb\":{\"@id\":\"https:\/\/compuviper.mx\/tienda\/producto\/panasonic-se-nsp960full-servicio-de-activacion-a-su-maxima-capacidad-en-troncales-ip-y-ext-ip-propietarias-y-terceros-asi-como-todas-las-funcionalidades-aplica-solo-para-kx-ns1000\/#breadcrumb\"},\"inLanguage\":\"es-MX\",\"potentialAction\":[{\"@type\":\"ReadAction\",\"target\":[\"https:\/\/compuviper.mx\/tienda\/producto\/panasonic-se-nsp960full-servicio-de-activacion-a-su-maxima-capacidad-en-troncales-ip-y-ext-ip-propietarias-y-terceros-asi-como-todas-las-funcionalidades-aplica-solo-para-kx-ns1000\/\"]}]},{\"@type\":\"BreadcrumbList\",\"@id\":\"https:\/\/compuviper.mx\/tienda\/producto\/panasonic-se-nsp960full-servicio-de-activacion-a-su-maxima-capacidad-en-troncales-ip-y-ext-ip-propietarias-y-terceros-asi-como-todas-las-funcionalidades-aplica-solo-para-kx-ns1000\/#breadcrumb\",\"itemListElement\":[{\"@type\":\"ListItem\",\"position\":1,\"name\":\"Inicio\",\"item\":\"https:\/\/compuviper.mx\/tienda\/\"},{\"@type\":\"ListItem\",\"position\":2,\"name\":\"Productos\",\"item\":\"https:\/\/compuviper.mx\/tienda\/productos\/\"},{\"@type\":\"ListItem\",\"position\":3,\"name\":\"Poliza De Servicio\",\"item\":\"https:\/\/compuviper.mx\/tienda\/categoria-producto\/poliza-de-servicio\/\"},{\"@type\":\"ListItem\",\"position\":4,\"name\":\"Sin Categor\u00eda\",\"item\":\"https:\/\/compuviper.mx\/tienda\/categoria-producto\/poliza-de-servicio\/sin-categoria-poliza-de-servicio\/\"},{\"@type\":\"ListItem\",\"position\":5,\"name\":\"Panasonic Se-nsp960full Servicio De Activacion A Su Maxima Capacidad En Troncales Ip Y Ext Ip (propietarias Y Terceros Asi Como Todas Las Funcionalidades Aplica Solo Para Kx-ns1000\"}]},{\"@type\":\"WebSite\",\"@id\":\"https:\/\/compuviper.mx\/tienda\/#website\",\"url\":\"https:\/\/compuviper.mx\/tienda\/\",\"name\":\"Compuviper\",\"description\":\"Proveedor de Computadoras, Laptops, Servidores, Monitores, Puntos de Venta, Teclados,   Impresoras, T\u00f3ner, C\u00e1maras de Seguridad y m\u00e1s en tu tienda en l\u00ednea\",\"publisher\":{\"@id\":\"https:\/\/compuviper.mx\/tienda\/#organization\"},\"potentialAction\":[{\"@type\":\"SearchAction\",\"target\":{\"@type\":\"EntryPoint\",\"urlTemplate\":\"https:\/\/compuviper.mx\/tienda\/?s={search_term_string}\"},\"query-input\":\"required name=search_term_string\"}],\"inLanguage\":\"es-MX\"},{\"@type\":\"Organization\",\"@id\":\"https:\/\/compuviper.mx\/tienda\/#organization\",\"name\":\"Compuviper\",\"url\":\"https:\/\/compuviper.mx\/tienda\/\",\"logo\":{\"@type\":\"ImageObject\",\"inLanguage\":\"es-MX\",\"@id\":\"https:\/\/compuviper.mx\/tienda\/#\/schema\/logo\/image\/\",\"url\":\"https:\/\/compuviper.mx\/tienda\/wp-content\/uploads\/2021\/08\/Logo-Compuviper-10.png\",\"contentUrl\":\"https:\/\/compuviper.mx\/tienda\/wp-content\/uploads\/2021\/08\/Logo-Compuviper-10.png\",\"width\":1000,\"height\":500,\"caption\":\"Compuviper\"},\"image\":{\"@id\":\"https:\/\/compuviper.mx\/tienda\/#\/schema\/logo\/image\/\"},\"sameAs\":[\"https:\/\/www.facebook.com\/compuviper\",\"https:\/\/www.youtube.com\/channel\/UCf73dERp9Y3cfOq7q8BhLjA?view_as=subscriber\"]}]}<\/script>\n<meta property=\"product:brand\" content=\"PANASONIC\" \/>\n<meta property=\"product:price:amount\" content=\"11234\" \/>\n<meta property=\"product:price:currency\" content=\"MXN\" \/>\n<meta property=\"og:availability\" content=\"backorder\" \/>\n<meta property=\"product:availability\" content=\"available for order\" \/>\n<meta property=\"product:retailer_item_id\" content=\"SE-NSP960FULL\" \/>\n<meta property=\"product:condition\" content=\"new\" \/>\n<!-- \/ Yoast SEO plugin. -->","yoast_head_json":{"title":"[ Panasonic ] &#129351; Se-nsp960full Servicio De Activacion A Su Maxima Capacidad En Troncales Ip Y Ext Ip (propietarias Y Terceros Asi Como Todas Las Funcionalidades Aplica Solo Para Kx-ns1000","description":"Compra Se-nsp960full Servicio De Activacion A Su Maxima Capacidad En Troncales Ip Y Ext Ip (propietarias Y Terceros Asi Como Todas Las Funcionalidades Aplica Solo Para Kx-ns1000 + Env\u00edo a domicilio + Pago seguro + Garant\u00eda","robots":{"index":"index","follow":"follow","max-snippet":"max-snippet:-1","max-image-preview":"max-image-preview:large","max-video-preview":"max-video-preview:-1"},"canonical":"https:\/\/compuviper.mx\/tienda\/producto\/panasonic-se-nsp960full-servicio-de-activacion-a-su-maxima-capacidad-en-troncales-ip-y-ext-ip-propietarias-y-terceros-asi-como-todas-las-funcionalidades-aplica-solo-para-kx-ns1000\/","og_locale":"es_MX","og_type":"article","og_title":"[ Panasonic ] &#129351; Se-nsp960full Servicio De Activacion A Su Maxima Capacidad En Troncales Ip Y Ext Ip (propietarias Y Terceros Asi Como Todas Las Funcionalidades Aplica Solo Para Kx-ns1000","og_description":"Compra Se-nsp960full Servicio De Activacion A Su Maxima Capacidad En Troncales Ip Y Ext Ip (propietarias Y Terceros Asi Como Todas Las Funcionalidades Aplica Solo Para Kx-ns1000 + Env\u00edo a domicilio + Pago seguro + Garant\u00eda","og_url":"https:\/\/compuviper.mx\/tienda\/producto\/panasonic-se-nsp960full-servicio-de-activacion-a-su-maxima-capacidad-en-troncales-ip-y-ext-ip-propietarias-y-terceros-asi-como-todas-las-funcionalidades-aplica-solo-para-kx-ns1000\/","og_site_name":"Compuviper","article_publisher":"https:\/\/www.facebook.com\/compuviper","article_modified_time":"2026-04-08T07:38:42+00:00","og_image":[{"width":200,"height":200,"url":"https:\/\/compuviper.mx\/tienda\/wp-content\/uploads\/2023\/12\/Servicio-de-activacion-panasonic-se-nsp960full-a-su-maxima-capacidad-en-troncales-ip-y-ext-ip-propietarias-y-terceros-asi-como-todas-las-funcionalidades-aplica-solo-para-kx-ns1000.jpg","type":"image\/jpeg"}],"twitter_card":"summary_large_image","twitter_misc":{"Precio":"&#36;11,234 con IVA","Availability":"On backorder"},"schema":{"@context":"https:\/\/schema.org","@graph":[{"@type":"WebPage","@id":"https:\/\/compuviper.mx\/tienda\/producto\/panasonic-se-nsp960full-servicio-de-activacion-a-su-maxima-capacidad-en-troncales-ip-y-ext-ip-propietarias-y-terceros-asi-como-todas-las-funcionalidades-aplica-solo-para-kx-ns1000\/","url":"https:\/\/compuviper.mx\/tienda\/producto\/panasonic-se-nsp960full-servicio-de-activacion-a-su-maxima-capacidad-en-troncales-ip-y-ext-ip-propietarias-y-terceros-asi-como-todas-las-funcionalidades-aplica-solo-para-kx-ns1000\/","name":"[ Panasonic ] &#129351; Se-nsp960full Servicio De Activacion A Su Maxima Capacidad En Troncales Ip Y Ext Ip (propietarias Y Terceros Asi Como Todas Las Funcionalidades Aplica Solo Para Kx-ns1000","isPartOf":{"@id":"https:\/\/compuviper.mx\/tienda\/#website"},"datePublished":"2026-04-08T07:38:41+00:00","dateModified":"2026-04-08T07:38:42+00:00","description":"Compra Se-nsp960full Servicio De Activacion A Su Maxima Capacidad En Troncales Ip Y Ext Ip (propietarias Y Terceros Asi Como Todas Las Funcionalidades Aplica Solo Para Kx-ns1000 + Env\u00edo a domicilio + Pago seguro + Garant\u00eda","breadcrumb":{"@id":"https:\/\/compuviper.mx\/tienda\/producto\/panasonic-se-nsp960full-servicio-de-activacion-a-su-maxima-capacidad-en-troncales-ip-y-ext-ip-propietarias-y-terceros-asi-como-todas-las-funcionalidades-aplica-solo-para-kx-ns1000\/#breadcrumb"},"inLanguage":"es-MX","potentialAction":[{"@type":"ReadAction","target":["https:\/\/compuviper.mx\/tienda\/producto\/panasonic-se-nsp960full-servicio-de-activacion-a-su-maxima-capacidad-en-troncales-ip-y-ext-ip-propietarias-y-terceros-asi-como-todas-las-funcionalidades-aplica-solo-para-kx-ns1000\/"]}]},{"@type":"BreadcrumbList","@id":"https:\/\/compuviper.mx\/tienda\/producto\/panasonic-se-nsp960full-servicio-de-activacion-a-su-maxima-capacidad-en-troncales-ip-y-ext-ip-propietarias-y-terceros-asi-como-todas-las-funcionalidades-aplica-solo-para-kx-ns1000\/#breadcrumb","itemListElement":[{"@type":"ListItem","position":1,"name":"Inicio","item":"https:\/\/compuviper.mx\/tienda\/"},{"@type":"ListItem","position":2,"name":"Productos","item":"https:\/\/compuviper.mx\/tienda\/productos\/"},{"@type":"ListItem","position":3,"name":"Poliza De Servicio","item":"https:\/\/compuviper.mx\/tienda\/categoria-producto\/poliza-de-servicio\/"},{"@type":"ListItem","position":4,"name":"Sin Categor\u00eda","item":"https:\/\/compuviper.mx\/tienda\/categoria-producto\/poliza-de-servicio\/sin-categoria-poliza-de-servicio\/"},{"@type":"ListItem","position":5,"name":"Panasonic Se-nsp960full Servicio De Activacion A Su Maxima Capacidad En Troncales Ip Y Ext Ip (propietarias Y Terceros Asi Como Todas Las Funcionalidades Aplica Solo Para Kx-ns1000"}]},{"@type":"WebSite","@id":"https:\/\/compuviper.mx\/tienda\/#website","url":"https:\/\/compuviper.mx\/tienda\/","name":"Compuviper","description":"Proveedor de Computadoras, Laptops, Servidores, Monitores, Puntos de Venta, Teclados,   Impresoras, T\u00f3ner, C\u00e1maras de Seguridad y m\u00e1s en tu tienda en l\u00ednea","publisher":{"@id":"https:\/\/compuviper.mx\/tienda\/#organization"},"potentialAction":[{"@type":"SearchAction","target":{"@type":"EntryPoint","urlTemplate":"https:\/\/compuviper.mx\/tienda\/?s={search_term_string}"},"query-input":"required name=search_term_string"}],"inLanguage":"es-MX"},{"@type":"Organization","@id":"https:\/\/compuviper.mx\/tienda\/#organization","name":"Compuviper","url":"https:\/\/compuviper.mx\/tienda\/","logo":{"@type":"ImageObject","inLanguage":"es-MX","@id":"https:\/\/compuviper.mx\/tienda\/#\/schema\/logo\/image\/","url":"https:\/\/compuviper.mx\/tienda\/wp-content\/uploads\/2021\/08\/Logo-Compuviper-10.png","contentUrl":"https:\/\/compuviper.mx\/tienda\/wp-content\/uploads\/2021\/08\/Logo-Compuviper-10.png","width":1000,"height":500,"caption":"Compuviper"},"image":{"@id":"https:\/\/compuviper.mx\/tienda\/#\/schema\/logo\/image\/"},"sameAs":["https:\/\/www.facebook.com\/compuviper","https:\/\/www.youtube.com\/channel\/UCf73dERp9Y3cfOq7q8BhLjA?view_as=subscriber"]}]},"product_brand":"PANASONIC","product_price_amount":"11234","product_price_currency":"MXN","og_availability":"backorder","product_availability":"available for order","product_retailer_item_id":"SE-NSP960FULL","product_condition":"new"},"_links":{"self":[{"href":"https:\/\/compuviper.mx\/tienda\/wp-json\/wp\/v2\/product\/223033"}],"collection":[{"href":"https:\/\/compuviper.mx\/tienda\/wp-json\/wp\/v2\/product"}],"about":[{"href":"https:\/\/compuviper.mx\/tienda\/wp-json\/wp\/v2\/types\/product"}],"replies":[{"embeddable":true,"href":"https:\/\/compuviper.mx\/tienda\/wp-json\/wp\/v2\/comments?post=223033"}],"wp:featuredmedia":[{"embeddable":true,"href":"https:\/\/compuviper.mx\/tienda\/wp-json\/wp\/v2\/media\/223034"}],"wp:attachment":[{"href":"https:\/\/compuviper.mx\/tienda\/wp-json\/wp\/v2\/media?parent=223033"}],"wp:term":[{"taxonomy":"product_cat","embeddable":true,"href":"https:\/\/compuviper.mx\/tienda\/wp-json\/wp\/v2\/product_cat?post=223033"},{"taxonomy":"product_tag","embeddable":true,"href":"https:\/\/compuviper.mx\/tienda\/wp-json\/wp\/v2\/product_tag?post=223033"}],"curies":[{"name":"wp","href":"https:\/\/api.w.org\/{rel}","templated":true}]}}