{"id":223029,"date":"2026-04-21T01:46:41","date_gmt":"2026-04-21T07:46:41","guid":{"rendered":"https:\/\/compuviper.mx\/tienda\/producto\/hewlett-packard-enterprise-u7wz5e-poliza-de-instalacin-de-servicios-de-soporte-de-hardware-hpe-installation-ml-dl-serie-10\/"},"modified":"2026-04-21T01:46:41","modified_gmt":"2026-04-21T07:46:41","slug":"hewlett-packard-enterprise-u7wz5e-poliza-de-instalacin-de-servicios-de-soporte-de-hardware-hpe-installation-ml-dl-serie-10","status":"publish","type":"product","link":"https:\/\/compuviper.mx\/tienda\/producto\/hewlett-packard-enterprise-u7wz5e-poliza-de-instalacin-de-servicios-de-soporte-de-hardware-hpe-installation-ml-dl-serie-10\/","title":{"rendered":"Hewlett Packard Enterprise U7wz5e Poliza De Instalaci?n De Servicios De Soporte De Hardware Hpe Installation Ml\/dl Serie 10"},"content":{"rendered":"<table class=\"descripcion\">\n<tr>\n<td>Poliza de instalaci\u00f3n de servicios de soporte de hardware hpe installation ml\/dl serie 10<\/td>\n<\/tr>\n<\/table>\n","protected":false},"excerpt":{"rendered":"<p>Instalaci\u00f3n por parte de un t\u00e9cnico especialista autorizado de hewlett packard enterprise. Verificaci\u00f3n del cumplimiento de todos los requisitos previos del servicio antes de la instalaci\u00f3n. Prestaci\u00f3n del servicio en un horario fijado de mutuo acuerdo con tu organizaci\u00f3n. Permite que tus recursos de ti se concentren en las tareas y prioridades principales<\/p>\n","protected":false},"featured_media":223030,"comment_status":"open","ping_status":"open","template":"","meta":[],"product_cat":[1982,1983],"product_tag":[1568],"acf":[],"yoast_head":"<!-- This site is optimized with the Yoast SEO plugin v21.7 - https:\/\/yoast.com\/wordpress\/plugins\/seo\/ -->\n<title>[ Hewlett Packard Enterprise ] &#129351; U7wz5e Poliza De Instalaci\u00f3n De Servicios De Soporte De Hardware Hpe Installation Ml\/dl Serie 10<\/title>\n<meta name=\"description\" content=\"Compra U7wz5e Poliza De Instalaci\u00f3n De Servicios De Soporte De Hardware Hpe Installation Ml\/dl Serie 10 + Env\u00edo a domicilio + Pago seguro + Garant\u00eda\" \/>\n<meta name=\"robots\" content=\"index, follow, max-snippet:-1, max-image-preview:large, max-video-preview:-1\" \/>\n<link rel=\"canonical\" href=\"https:\/\/compuviper.mx\/tienda\/producto\/hewlett-packard-enterprise-u7wz5e-poliza-de-instalacin-de-servicios-de-soporte-de-hardware-hpe-installation-ml-dl-serie-10\/\" \/>\n<meta property=\"og:locale\" content=\"es_MX\" \/>\n<meta property=\"og:type\" content=\"article\" \/>\n<meta property=\"og:title\" content=\"[ Hewlett Packard Enterprise ] &#129351; U7wz5e Poliza De Instalaci\u00f3n De Servicios De Soporte De Hardware Hpe Installation Ml\/dl Serie 10\" \/>\n<meta property=\"og:description\" content=\"Compra U7wz5e Poliza De Instalaci\u00f3n De Servicios De Soporte De Hardware Hpe Installation Ml\/dl Serie 10 + Env\u00edo a domicilio + Pago seguro + Garant\u00eda\" \/>\n<meta property=\"og:url\" content=\"https:\/\/compuviper.mx\/tienda\/producto\/hewlett-packard-enterprise-u7wz5e-poliza-de-instalacin-de-servicios-de-soporte-de-hardware-hpe-installation-ml-dl-serie-10\/\" \/>\n<meta property=\"og:site_name\" content=\"Compuviper\" \/>\n<meta property=\"article:publisher\" content=\"https:\/\/www.facebook.com\/compuviper\" \/>\n<meta property=\"og:image\" content=\"https:\/\/compuviper.mx\/tienda\/wp-content\/uploads\/2023\/12\/Poliza-de-instalacion-de-servicios-de-soporte-de-hardware-hpe-installation-mldl-serie-10.jpg\" \/>\n\t<meta property=\"og:image:width\" content=\"200\" \/>\n\t<meta property=\"og:image:height\" content=\"200\" \/>\n\t<meta property=\"og:image:type\" content=\"image\/jpeg\" \/>\n<meta name=\"twitter:card\" content=\"summary_large_image\" \/>\n<meta name=\"twitter:label1\" content=\"Precio\" \/>\n\t<meta name=\"twitter:data1\" content=\"&#36;3,630 con IVA\" \/>\n\t<meta name=\"twitter:label2\" content=\"Availability\" \/>\n\t<meta name=\"twitter:data2\" content=\"On backorder\" \/>\n<script type=\"application\/ld+json\" class=\"yoast-schema-graph\">{\"@context\":\"https:\/\/schema.org\",\"@graph\":[{\"@type\":\"WebPage\",\"@id\":\"https:\/\/compuviper.mx\/tienda\/producto\/hewlett-packard-enterprise-u7wz5e-poliza-de-instalacin-de-servicios-de-soporte-de-hardware-hpe-installation-ml-dl-serie-10\/\",\"url\":\"https:\/\/compuviper.mx\/tienda\/producto\/hewlett-packard-enterprise-u7wz5e-poliza-de-instalacin-de-servicios-de-soporte-de-hardware-hpe-installation-ml-dl-serie-10\/\",\"name\":\"[ Hewlett Packard Enterprise ] &#129351; U7wz5e Poliza De Instalaci\u00f3n De Servicios De Soporte De Hardware Hpe Installation Ml\/dl Serie 10\",\"isPartOf\":{\"@id\":\"https:\/\/compuviper.mx\/tienda\/#website\"},\"datePublished\":\"2026-04-21T07:46:41+00:00\",\"dateModified\":\"2026-04-21T07:46:41+00:00\",\"description\":\"Compra U7wz5e Poliza De Instalaci\u00f3n De Servicios De Soporte De Hardware Hpe Installation Ml\/dl Serie 10 + Env\u00edo a domicilio + Pago seguro + Garant\u00eda\",\"breadcrumb\":{\"@id\":\"https:\/\/compuviper.mx\/tienda\/producto\/hewlett-packard-enterprise-u7wz5e-poliza-de-instalacin-de-servicios-de-soporte-de-hardware-hpe-installation-ml-dl-serie-10\/#breadcrumb\"},\"inLanguage\":\"es-MX\",\"potentialAction\":[{\"@type\":\"ReadAction\",\"target\":[\"https:\/\/compuviper.mx\/tienda\/producto\/hewlett-packard-enterprise-u7wz5e-poliza-de-instalacin-de-servicios-de-soporte-de-hardware-hpe-installation-ml-dl-serie-10\/\"]}]},{\"@type\":\"BreadcrumbList\",\"@id\":\"https:\/\/compuviper.mx\/tienda\/producto\/hewlett-packard-enterprise-u7wz5e-poliza-de-instalacin-de-servicios-de-soporte-de-hardware-hpe-installation-ml-dl-serie-10\/#breadcrumb\",\"itemListElement\":[{\"@type\":\"ListItem\",\"position\":1,\"name\":\"Inicio\",\"item\":\"https:\/\/compuviper.mx\/tienda\/\"},{\"@type\":\"ListItem\",\"position\":2,\"name\":\"Productos\",\"item\":\"https:\/\/compuviper.mx\/tienda\/productos\/\"},{\"@type\":\"ListItem\",\"position\":3,\"name\":\"Poliza De Servicio\",\"item\":\"https:\/\/compuviper.mx\/tienda\/categoria-producto\/poliza-de-servicio\/\"},{\"@type\":\"ListItem\",\"position\":4,\"name\":\"Sin Categor\u00eda\",\"item\":\"https:\/\/compuviper.mx\/tienda\/categoria-producto\/poliza-de-servicio\/sin-categoria-poliza-de-servicio\/\"},{\"@type\":\"ListItem\",\"position\":5,\"name\":\"Hewlett Packard Enterprise U7wz5e Poliza De Instalaci?n De Servicios De Soporte De Hardware Hpe Installation Ml\/dl Serie 10\"}]},{\"@type\":\"WebSite\",\"@id\":\"https:\/\/compuviper.mx\/tienda\/#website\",\"url\":\"https:\/\/compuviper.mx\/tienda\/\",\"name\":\"Compuviper\",\"description\":\"Proveedor de Computadoras, Laptops, Servidores, Monitores, Puntos de Venta, Teclados,   Impresoras, T\u00f3ner, C\u00e1maras de Seguridad y m\u00e1s en tu tienda en l\u00ednea\",\"publisher\":{\"@id\":\"https:\/\/compuviper.mx\/tienda\/#organization\"},\"potentialAction\":[{\"@type\":\"SearchAction\",\"target\":{\"@type\":\"EntryPoint\",\"urlTemplate\":\"https:\/\/compuviper.mx\/tienda\/?s={search_term_string}\"},\"query-input\":\"required name=search_term_string\"}],\"inLanguage\":\"es-MX\"},{\"@type\":\"Organization\",\"@id\":\"https:\/\/compuviper.mx\/tienda\/#organization\",\"name\":\"Compuviper\",\"url\":\"https:\/\/compuviper.mx\/tienda\/\",\"logo\":{\"@type\":\"ImageObject\",\"inLanguage\":\"es-MX\",\"@id\":\"https:\/\/compuviper.mx\/tienda\/#\/schema\/logo\/image\/\",\"url\":\"https:\/\/compuviper.mx\/tienda\/wp-content\/uploads\/2021\/08\/Logo-Compuviper-10.png\",\"contentUrl\":\"https:\/\/compuviper.mx\/tienda\/wp-content\/uploads\/2021\/08\/Logo-Compuviper-10.png\",\"width\":1000,\"height\":500,\"caption\":\"Compuviper\"},\"image\":{\"@id\":\"https:\/\/compuviper.mx\/tienda\/#\/schema\/logo\/image\/\"},\"sameAs\":[\"https:\/\/www.facebook.com\/compuviper\",\"https:\/\/www.youtube.com\/channel\/UCf73dERp9Y3cfOq7q8BhLjA?view_as=subscriber\"]}]}<\/script>\n<meta property=\"product:brand\" content=\"HEWLETT PACKARD ENTERPRISE\" \/>\n<meta property=\"product:price:amount\" content=\"3630\" \/>\n<meta property=\"product:price:currency\" content=\"MXN\" \/>\n<meta property=\"og:availability\" content=\"backorder\" \/>\n<meta property=\"product:availability\" content=\"available for order\" \/>\n<meta property=\"product:retailer_item_id\" content=\"U7WZ5E\" \/>\n<meta property=\"product:condition\" content=\"new\" \/>\n<!-- \/ Yoast SEO plugin. -->","yoast_head_json":{"title":"[ Hewlett Packard Enterprise ] &#129351; U7wz5e Poliza De Instalaci\u00f3n De Servicios De Soporte De Hardware Hpe Installation Ml\/dl Serie 10","description":"Compra U7wz5e Poliza De Instalaci\u00f3n De Servicios De Soporte De Hardware Hpe Installation Ml\/dl Serie 10 + Env\u00edo a domicilio + Pago seguro + Garant\u00eda","robots":{"index":"index","follow":"follow","max-snippet":"max-snippet:-1","max-image-preview":"max-image-preview:large","max-video-preview":"max-video-preview:-1"},"canonical":"https:\/\/compuviper.mx\/tienda\/producto\/hewlett-packard-enterprise-u7wz5e-poliza-de-instalacin-de-servicios-de-soporte-de-hardware-hpe-installation-ml-dl-serie-10\/","og_locale":"es_MX","og_type":"article","og_title":"[ Hewlett Packard Enterprise ] &#129351; U7wz5e Poliza De Instalaci\u00f3n De Servicios De Soporte De Hardware Hpe Installation Ml\/dl Serie 10","og_description":"Compra U7wz5e Poliza De Instalaci\u00f3n De Servicios De Soporte De Hardware Hpe Installation Ml\/dl Serie 10 + Env\u00edo a domicilio + Pago seguro + Garant\u00eda","og_url":"https:\/\/compuviper.mx\/tienda\/producto\/hewlett-packard-enterprise-u7wz5e-poliza-de-instalacin-de-servicios-de-soporte-de-hardware-hpe-installation-ml-dl-serie-10\/","og_site_name":"Compuviper","article_publisher":"https:\/\/www.facebook.com\/compuviper","og_image":[{"width":200,"height":200,"url":"https:\/\/compuviper.mx\/tienda\/wp-content\/uploads\/2023\/12\/Poliza-de-instalacion-de-servicios-de-soporte-de-hardware-hpe-installation-mldl-serie-10.jpg","type":"image\/jpeg"}],"twitter_card":"summary_large_image","twitter_misc":{"Precio":"&#36;3,630 con IVA","Availability":"On backorder"},"schema":{"@context":"https:\/\/schema.org","@graph":[{"@type":"WebPage","@id":"https:\/\/compuviper.mx\/tienda\/producto\/hewlett-packard-enterprise-u7wz5e-poliza-de-instalacin-de-servicios-de-soporte-de-hardware-hpe-installation-ml-dl-serie-10\/","url":"https:\/\/compuviper.mx\/tienda\/producto\/hewlett-packard-enterprise-u7wz5e-poliza-de-instalacin-de-servicios-de-soporte-de-hardware-hpe-installation-ml-dl-serie-10\/","name":"[ Hewlett Packard Enterprise ] &#129351; U7wz5e Poliza De Instalaci\u00f3n De Servicios De Soporte De Hardware Hpe Installation Ml\/dl Serie 10","isPartOf":{"@id":"https:\/\/compuviper.mx\/tienda\/#website"},"datePublished":"2026-04-21T07:46:41+00:00","dateModified":"2026-04-21T07:46:41+00:00","description":"Compra U7wz5e Poliza De Instalaci\u00f3n De Servicios De Soporte De Hardware Hpe Installation Ml\/dl Serie 10 + Env\u00edo a domicilio + Pago seguro + Garant\u00eda","breadcrumb":{"@id":"https:\/\/compuviper.mx\/tienda\/producto\/hewlett-packard-enterprise-u7wz5e-poliza-de-instalacin-de-servicios-de-soporte-de-hardware-hpe-installation-ml-dl-serie-10\/#breadcrumb"},"inLanguage":"es-MX","potentialAction":[{"@type":"ReadAction","target":["https:\/\/compuviper.mx\/tienda\/producto\/hewlett-packard-enterprise-u7wz5e-poliza-de-instalacin-de-servicios-de-soporte-de-hardware-hpe-installation-ml-dl-serie-10\/"]}]},{"@type":"BreadcrumbList","@id":"https:\/\/compuviper.mx\/tienda\/producto\/hewlett-packard-enterprise-u7wz5e-poliza-de-instalacin-de-servicios-de-soporte-de-hardware-hpe-installation-ml-dl-serie-10\/#breadcrumb","itemListElement":[{"@type":"ListItem","position":1,"name":"Inicio","item":"https:\/\/compuviper.mx\/tienda\/"},{"@type":"ListItem","position":2,"name":"Productos","item":"https:\/\/compuviper.mx\/tienda\/productos\/"},{"@type":"ListItem","position":3,"name":"Poliza De Servicio","item":"https:\/\/compuviper.mx\/tienda\/categoria-producto\/poliza-de-servicio\/"},{"@type":"ListItem","position":4,"name":"Sin Categor\u00eda","item":"https:\/\/compuviper.mx\/tienda\/categoria-producto\/poliza-de-servicio\/sin-categoria-poliza-de-servicio\/"},{"@type":"ListItem","position":5,"name":"Hewlett Packard Enterprise U7wz5e Poliza De Instalaci?n De Servicios De Soporte De Hardware Hpe Installation Ml\/dl Serie 10"}]},{"@type":"WebSite","@id":"https:\/\/compuviper.mx\/tienda\/#website","url":"https:\/\/compuviper.mx\/tienda\/","name":"Compuviper","description":"Proveedor de Computadoras, Laptops, Servidores, Monitores, Puntos de Venta, Teclados,   Impresoras, T\u00f3ner, C\u00e1maras de Seguridad y m\u00e1s en tu tienda en l\u00ednea","publisher":{"@id":"https:\/\/compuviper.mx\/tienda\/#organization"},"potentialAction":[{"@type":"SearchAction","target":{"@type":"EntryPoint","urlTemplate":"https:\/\/compuviper.mx\/tienda\/?s={search_term_string}"},"query-input":"required name=search_term_string"}],"inLanguage":"es-MX"},{"@type":"Organization","@id":"https:\/\/compuviper.mx\/tienda\/#organization","name":"Compuviper","url":"https:\/\/compuviper.mx\/tienda\/","logo":{"@type":"ImageObject","inLanguage":"es-MX","@id":"https:\/\/compuviper.mx\/tienda\/#\/schema\/logo\/image\/","url":"https:\/\/compuviper.mx\/tienda\/wp-content\/uploads\/2021\/08\/Logo-Compuviper-10.png","contentUrl":"https:\/\/compuviper.mx\/tienda\/wp-content\/uploads\/2021\/08\/Logo-Compuviper-10.png","width":1000,"height":500,"caption":"Compuviper"},"image":{"@id":"https:\/\/compuviper.mx\/tienda\/#\/schema\/logo\/image\/"},"sameAs":["https:\/\/www.facebook.com\/compuviper","https:\/\/www.youtube.com\/channel\/UCf73dERp9Y3cfOq7q8BhLjA?view_as=subscriber"]}]},"product_brand":"HEWLETT PACKARD ENTERPRISE","product_price_amount":"3630","product_price_currency":"MXN","og_availability":"backorder","product_availability":"available for order","product_retailer_item_id":"U7WZ5E","product_condition":"new"},"_links":{"self":[{"href":"https:\/\/compuviper.mx\/tienda\/wp-json\/wp\/v2\/product\/223029"}],"collection":[{"href":"https:\/\/compuviper.mx\/tienda\/wp-json\/wp\/v2\/product"}],"about":[{"href":"https:\/\/compuviper.mx\/tienda\/wp-json\/wp\/v2\/types\/product"}],"replies":[{"embeddable":true,"href":"https:\/\/compuviper.mx\/tienda\/wp-json\/wp\/v2\/comments?post=223029"}],"wp:featuredmedia":[{"embeddable":true,"href":"https:\/\/compuviper.mx\/tienda\/wp-json\/wp\/v2\/media\/223030"}],"wp:attachment":[{"href":"https:\/\/compuviper.mx\/tienda\/wp-json\/wp\/v2\/media?parent=223029"}],"wp:term":[{"taxonomy":"product_cat","embeddable":true,"href":"https:\/\/compuviper.mx\/tienda\/wp-json\/wp\/v2\/product_cat?post=223029"},{"taxonomy":"product_tag","embeddable":true,"href":"https:\/\/compuviper.mx\/tienda\/wp-json\/wp\/v2\/product_tag?post=223029"}],"curies":[{"name":"wp","href":"https:\/\/api.w.org\/{rel}","templated":true}]}}