{"id":222981,"date":"2026-05-09T01:34:02","date_gmt":"2026-05-09T07:34:02","guid":{"rendered":"https:\/\/compuviper.mx\/tienda\/producto\/hewlett-packard-enterprise-hf385e-servicio-de-crdtos-de-form-hpe-para-servidores-de-ti-hbrida\/"},"modified":"2026-05-09T01:34:03","modified_gmt":"2026-05-09T07:34:03","slug":"hewlett-packard-enterprise-hf385e-servicio-de-crdtos-de-form-hpe-para-servidores-de-ti-hbrida","status":"publish","type":"product","link":"https:\/\/compuviper.mx\/tienda\/producto\/hewlett-packard-enterprise-hf385e-servicio-de-crdtos-de-form-hpe-para-servidores-de-ti-hbrida\/","title":{"rendered":"Hewlett Packard Enterprise Hf385e Servicio De Crdtos. De Form. Hpe Para Servidores De Ti H?brida"},"content":{"rendered":"<table class=\"descripcion\">\n<tr>\n<td>Servicios de credito  de formato para servidores de ti h\u00edbrida<\/td>\n<\/tr>\n<\/table>\n","protected":false},"excerpt":{"rendered":"<p>\u0095 una unidad equivale a un d\u00eda de formaci\u00f3n para un estudiante en un curso de formaci\u00f3n de inscripci\u00f3n abierta. \u0095 flexible: asiste a la formaci\u00f3n seg\u00fan tus necesidades. No necesitas conocer de antemano ni el nombre de los estudiantes, ni las fechas, ni las ubicaciones. \u0095 pr\u00e1ctico: bloquea el presupuesto adquiriendo previamente cr\u00e9ditos de formaci\u00f3n mientras dispongas de fondos. \u0095 c\u00f3modo: minimiza el tiempo y el esfuerzo requeridos en la compra y gesti\u00f3n de la formaci\u00f3n a lo largo del a\u00f1o. Una \u00fanica transacci\u00f3n de compra activa tus cr\u00e9ditos de formaci\u00f3n hpe. Una vez acceden, los estudiantes tan solo deben registrarse en las clases que requieran, sin necesidad de fondos adicionales, ni \u00f3rdenes de compra ni aprobaciones.<\/p>\n","protected":false},"featured_media":222982,"comment_status":"open","ping_status":"open","template":"","meta":[],"product_cat":[1984,1985],"product_tag":[1568],"acf":[],"yoast_head":"<!-- This site is optimized with the Yoast SEO plugin v21.7 - https:\/\/yoast.com\/wordpress\/plugins\/seo\/ -->\n<title>[ Hewlett Packard Enterprise ] &#129351; Hf385e Servicio De Crdtos. De Form. Hpe Para Servidores De Ti H\u00edbrida<\/title>\n<meta name=\"description\" content=\"Compra Hf385e Servicio De Crdtos. De Form. Hpe Para Servidores De Ti H\u00edbrida + Env\u00edo a domicilio + Pago seguro + Garant\u00eda\" \/>\n<meta name=\"robots\" content=\"index, follow, max-snippet:-1, max-image-preview:large, max-video-preview:-1\" \/>\n<link rel=\"canonical\" href=\"https:\/\/compuviper.mx\/tienda\/producto\/hewlett-packard-enterprise-hf385e-servicio-de-crdtos-de-form-hpe-para-servidores-de-ti-hbrida\/\" \/>\n<meta property=\"og:locale\" content=\"es_MX\" \/>\n<meta property=\"og:type\" content=\"article\" \/>\n<meta property=\"og:title\" content=\"[ Hewlett Packard Enterprise ] &#129351; Hf385e Servicio De Crdtos. De Form. Hpe Para Servidores De Ti H\u00edbrida\" \/>\n<meta property=\"og:description\" content=\"Compra Hf385e Servicio De Crdtos. De Form. Hpe Para Servidores De Ti H\u00edbrida + Env\u00edo a domicilio + Pago seguro + Garant\u00eda\" \/>\n<meta property=\"og:url\" content=\"https:\/\/compuviper.mx\/tienda\/producto\/hewlett-packard-enterprise-hf385e-servicio-de-crdtos-de-form-hpe-para-servidores-de-ti-hbrida\/\" \/>\n<meta property=\"og:site_name\" content=\"Compuviper\" \/>\n<meta property=\"article:publisher\" content=\"https:\/\/www.facebook.com\/compuviper\" \/>\n<meta property=\"article:modified_time\" content=\"2026-05-09T07:34:03+00:00\" \/>\n<meta property=\"og:image\" content=\"https:\/\/compuviper.mx\/tienda\/wp-content\/uploads\/2023\/12\/Servicio-de-crdtos.-de-form.-hpe-para-servidores-de-ti-hibrida.jpg\" \/>\n\t<meta property=\"og:image:width\" content=\"200\" \/>\n\t<meta property=\"og:image:height\" content=\"200\" \/>\n\t<meta property=\"og:image:type\" content=\"image\/jpeg\" \/>\n<meta name=\"twitter:card\" content=\"summary_large_image\" \/>\n<meta name=\"twitter:label1\" content=\"Precio\" \/>\n\t<meta name=\"twitter:data1\" content=\"&#36;61,585 con IVA\" \/>\n\t<meta name=\"twitter:label2\" content=\"Availability\" \/>\n\t<meta name=\"twitter:data2\" content=\"On backorder\" \/>\n<script type=\"application\/ld+json\" class=\"yoast-schema-graph\">{\"@context\":\"https:\/\/schema.org\",\"@graph\":[{\"@type\":\"WebPage\",\"@id\":\"https:\/\/compuviper.mx\/tienda\/producto\/hewlett-packard-enterprise-hf385e-servicio-de-crdtos-de-form-hpe-para-servidores-de-ti-hbrida\/\",\"url\":\"https:\/\/compuviper.mx\/tienda\/producto\/hewlett-packard-enterprise-hf385e-servicio-de-crdtos-de-form-hpe-para-servidores-de-ti-hbrida\/\",\"name\":\"[ Hewlett Packard Enterprise ] &#129351; Hf385e Servicio De Crdtos. De Form. Hpe Para Servidores De Ti H\u00edbrida\",\"isPartOf\":{\"@id\":\"https:\/\/compuviper.mx\/tienda\/#website\"},\"datePublished\":\"2026-05-09T07:34:02+00:00\",\"dateModified\":\"2026-05-09T07:34:03+00:00\",\"description\":\"Compra Hf385e Servicio De Crdtos. De Form. Hpe Para Servidores De Ti H\u00edbrida + Env\u00edo a domicilio + Pago seguro + Garant\u00eda\",\"breadcrumb\":{\"@id\":\"https:\/\/compuviper.mx\/tienda\/producto\/hewlett-packard-enterprise-hf385e-servicio-de-crdtos-de-form-hpe-para-servidores-de-ti-hbrida\/#breadcrumb\"},\"inLanguage\":\"es-MX\",\"potentialAction\":[{\"@type\":\"ReadAction\",\"target\":[\"https:\/\/compuviper.mx\/tienda\/producto\/hewlett-packard-enterprise-hf385e-servicio-de-crdtos-de-form-hpe-para-servidores-de-ti-hbrida\/\"]}]},{\"@type\":\"BreadcrumbList\",\"@id\":\"https:\/\/compuviper.mx\/tienda\/producto\/hewlett-packard-enterprise-hf385e-servicio-de-crdtos-de-form-hpe-para-servidores-de-ti-hbrida\/#breadcrumb\",\"itemListElement\":[{\"@type\":\"ListItem\",\"position\":1,\"name\":\"Inicio\",\"item\":\"https:\/\/compuviper.mx\/tienda\/\"},{\"@type\":\"ListItem\",\"position\":2,\"name\":\"Productos\",\"item\":\"https:\/\/compuviper.mx\/tienda\/productos\/\"},{\"@type\":\"ListItem\",\"position\":3,\"name\":\"Polizas De Garantia\",\"item\":\"https:\/\/compuviper.mx\/tienda\/categoria-producto\/polizas-de-garantia\/\"},{\"@type\":\"ListItem\",\"position\":4,\"name\":\"Sin Categor\u00eda\",\"item\":\"https:\/\/compuviper.mx\/tienda\/categoria-producto\/polizas-de-garantia\/sin-categoria-polizas-de-garantia\/\"},{\"@type\":\"ListItem\",\"position\":5,\"name\":\"Hewlett Packard Enterprise Hf385e Servicio De Crdtos. De Form. Hpe Para Servidores De Ti H?brida\"}]},{\"@type\":\"WebSite\",\"@id\":\"https:\/\/compuviper.mx\/tienda\/#website\",\"url\":\"https:\/\/compuviper.mx\/tienda\/\",\"name\":\"Compuviper\",\"description\":\"Proveedor de Computadoras, Laptops, Servidores, Monitores, Puntos de Venta, Teclados,   Impresoras, T\u00f3ner, C\u00e1maras de Seguridad y m\u00e1s en tu tienda en l\u00ednea\",\"publisher\":{\"@id\":\"https:\/\/compuviper.mx\/tienda\/#organization\"},\"potentialAction\":[{\"@type\":\"SearchAction\",\"target\":{\"@type\":\"EntryPoint\",\"urlTemplate\":\"https:\/\/compuviper.mx\/tienda\/?s={search_term_string}\"},\"query-input\":\"required name=search_term_string\"}],\"inLanguage\":\"es-MX\"},{\"@type\":\"Organization\",\"@id\":\"https:\/\/compuviper.mx\/tienda\/#organization\",\"name\":\"Compuviper\",\"url\":\"https:\/\/compuviper.mx\/tienda\/\",\"logo\":{\"@type\":\"ImageObject\",\"inLanguage\":\"es-MX\",\"@id\":\"https:\/\/compuviper.mx\/tienda\/#\/schema\/logo\/image\/\",\"url\":\"https:\/\/compuviper.mx\/tienda\/wp-content\/uploads\/2021\/08\/Logo-Compuviper-10.png\",\"contentUrl\":\"https:\/\/compuviper.mx\/tienda\/wp-content\/uploads\/2021\/08\/Logo-Compuviper-10.png\",\"width\":1000,\"height\":500,\"caption\":\"Compuviper\"},\"image\":{\"@id\":\"https:\/\/compuviper.mx\/tienda\/#\/schema\/logo\/image\/\"},\"sameAs\":[\"https:\/\/www.facebook.com\/compuviper\",\"https:\/\/www.youtube.com\/channel\/UCf73dERp9Y3cfOq7q8BhLjA?view_as=subscriber\"]}]}<\/script>\n<meta property=\"product:brand\" content=\"HEWLETT PACKARD ENTERPRISE\" \/>\n<meta property=\"product:price:amount\" content=\"61585\" \/>\n<meta property=\"product:price:currency\" content=\"MXN\" \/>\n<meta property=\"og:availability\" content=\"backorder\" \/>\n<meta property=\"product:availability\" content=\"available for order\" \/>\n<meta property=\"product:retailer_item_id\" content=\"HF385E\" \/>\n<meta property=\"product:condition\" content=\"new\" \/>\n<!-- \/ Yoast SEO plugin. -->","yoast_head_json":{"title":"[ Hewlett Packard Enterprise ] &#129351; Hf385e Servicio De Crdtos. De Form. Hpe Para Servidores De Ti H\u00edbrida","description":"Compra Hf385e Servicio De Crdtos. De Form. Hpe Para Servidores De Ti H\u00edbrida + Env\u00edo a domicilio + Pago seguro + Garant\u00eda","robots":{"index":"index","follow":"follow","max-snippet":"max-snippet:-1","max-image-preview":"max-image-preview:large","max-video-preview":"max-video-preview:-1"},"canonical":"https:\/\/compuviper.mx\/tienda\/producto\/hewlett-packard-enterprise-hf385e-servicio-de-crdtos-de-form-hpe-para-servidores-de-ti-hbrida\/","og_locale":"es_MX","og_type":"article","og_title":"[ Hewlett Packard Enterprise ] &#129351; Hf385e Servicio De Crdtos. De Form. Hpe Para Servidores De Ti H\u00edbrida","og_description":"Compra Hf385e Servicio De Crdtos. De Form. Hpe Para Servidores De Ti H\u00edbrida + Env\u00edo a domicilio + Pago seguro + Garant\u00eda","og_url":"https:\/\/compuviper.mx\/tienda\/producto\/hewlett-packard-enterprise-hf385e-servicio-de-crdtos-de-form-hpe-para-servidores-de-ti-hbrida\/","og_site_name":"Compuviper","article_publisher":"https:\/\/www.facebook.com\/compuviper","article_modified_time":"2026-05-09T07:34:03+00:00","og_image":[{"width":200,"height":200,"url":"https:\/\/compuviper.mx\/tienda\/wp-content\/uploads\/2023\/12\/Servicio-de-crdtos.-de-form.-hpe-para-servidores-de-ti-hibrida.jpg","type":"image\/jpeg"}],"twitter_card":"summary_large_image","twitter_misc":{"Precio":"&#36;61,585 con IVA","Availability":"On backorder"},"schema":{"@context":"https:\/\/schema.org","@graph":[{"@type":"WebPage","@id":"https:\/\/compuviper.mx\/tienda\/producto\/hewlett-packard-enterprise-hf385e-servicio-de-crdtos-de-form-hpe-para-servidores-de-ti-hbrida\/","url":"https:\/\/compuviper.mx\/tienda\/producto\/hewlett-packard-enterprise-hf385e-servicio-de-crdtos-de-form-hpe-para-servidores-de-ti-hbrida\/","name":"[ Hewlett Packard Enterprise ] &#129351; Hf385e Servicio De Crdtos. De Form. Hpe Para Servidores De Ti H\u00edbrida","isPartOf":{"@id":"https:\/\/compuviper.mx\/tienda\/#website"},"datePublished":"2026-05-09T07:34:02+00:00","dateModified":"2026-05-09T07:34:03+00:00","description":"Compra Hf385e Servicio De Crdtos. De Form. Hpe Para Servidores De Ti H\u00edbrida + Env\u00edo a domicilio + Pago seguro + Garant\u00eda","breadcrumb":{"@id":"https:\/\/compuviper.mx\/tienda\/producto\/hewlett-packard-enterprise-hf385e-servicio-de-crdtos-de-form-hpe-para-servidores-de-ti-hbrida\/#breadcrumb"},"inLanguage":"es-MX","potentialAction":[{"@type":"ReadAction","target":["https:\/\/compuviper.mx\/tienda\/producto\/hewlett-packard-enterprise-hf385e-servicio-de-crdtos-de-form-hpe-para-servidores-de-ti-hbrida\/"]}]},{"@type":"BreadcrumbList","@id":"https:\/\/compuviper.mx\/tienda\/producto\/hewlett-packard-enterprise-hf385e-servicio-de-crdtos-de-form-hpe-para-servidores-de-ti-hbrida\/#breadcrumb","itemListElement":[{"@type":"ListItem","position":1,"name":"Inicio","item":"https:\/\/compuviper.mx\/tienda\/"},{"@type":"ListItem","position":2,"name":"Productos","item":"https:\/\/compuviper.mx\/tienda\/productos\/"},{"@type":"ListItem","position":3,"name":"Polizas De Garantia","item":"https:\/\/compuviper.mx\/tienda\/categoria-producto\/polizas-de-garantia\/"},{"@type":"ListItem","position":4,"name":"Sin Categor\u00eda","item":"https:\/\/compuviper.mx\/tienda\/categoria-producto\/polizas-de-garantia\/sin-categoria-polizas-de-garantia\/"},{"@type":"ListItem","position":5,"name":"Hewlett Packard Enterprise Hf385e Servicio De Crdtos. De Form. Hpe Para Servidores De Ti H?brida"}]},{"@type":"WebSite","@id":"https:\/\/compuviper.mx\/tienda\/#website","url":"https:\/\/compuviper.mx\/tienda\/","name":"Compuviper","description":"Proveedor de Computadoras, Laptops, Servidores, Monitores, Puntos de Venta, Teclados,   Impresoras, T\u00f3ner, C\u00e1maras de Seguridad y m\u00e1s en tu tienda en l\u00ednea","publisher":{"@id":"https:\/\/compuviper.mx\/tienda\/#organization"},"potentialAction":[{"@type":"SearchAction","target":{"@type":"EntryPoint","urlTemplate":"https:\/\/compuviper.mx\/tienda\/?s={search_term_string}"},"query-input":"required name=search_term_string"}],"inLanguage":"es-MX"},{"@type":"Organization","@id":"https:\/\/compuviper.mx\/tienda\/#organization","name":"Compuviper","url":"https:\/\/compuviper.mx\/tienda\/","logo":{"@type":"ImageObject","inLanguage":"es-MX","@id":"https:\/\/compuviper.mx\/tienda\/#\/schema\/logo\/image\/","url":"https:\/\/compuviper.mx\/tienda\/wp-content\/uploads\/2021\/08\/Logo-Compuviper-10.png","contentUrl":"https:\/\/compuviper.mx\/tienda\/wp-content\/uploads\/2021\/08\/Logo-Compuviper-10.png","width":1000,"height":500,"caption":"Compuviper"},"image":{"@id":"https:\/\/compuviper.mx\/tienda\/#\/schema\/logo\/image\/"},"sameAs":["https:\/\/www.facebook.com\/compuviper","https:\/\/www.youtube.com\/channel\/UCf73dERp9Y3cfOq7q8BhLjA?view_as=subscriber"]}]},"product_brand":"HEWLETT PACKARD ENTERPRISE","product_price_amount":"61585","product_price_currency":"MXN","og_availability":"backorder","product_availability":"available for order","product_retailer_item_id":"HF385E","product_condition":"new"},"_links":{"self":[{"href":"https:\/\/compuviper.mx\/tienda\/wp-json\/wp\/v2\/product\/222981"}],"collection":[{"href":"https:\/\/compuviper.mx\/tienda\/wp-json\/wp\/v2\/product"}],"about":[{"href":"https:\/\/compuviper.mx\/tienda\/wp-json\/wp\/v2\/types\/product"}],"replies":[{"embeddable":true,"href":"https:\/\/compuviper.mx\/tienda\/wp-json\/wp\/v2\/comments?post=222981"}],"wp:featuredmedia":[{"embeddable":true,"href":"https:\/\/compuviper.mx\/tienda\/wp-json\/wp\/v2\/media\/222982"}],"wp:attachment":[{"href":"https:\/\/compuviper.mx\/tienda\/wp-json\/wp\/v2\/media?parent=222981"}],"wp:term":[{"taxonomy":"product_cat","embeddable":true,"href":"https:\/\/compuviper.mx\/tienda\/wp-json\/wp\/v2\/product_cat?post=222981"},{"taxonomy":"product_tag","embeddable":true,"href":"https:\/\/compuviper.mx\/tienda\/wp-json\/wp\/v2\/product_tag?post=222981"}],"curies":[{"name":"wp","href":"https:\/\/api.w.org\/{rel}","templated":true}]}}