{"id":222969,"date":"2026-04-15T01:40:00","date_gmt":"2026-04-15T07:40:00","guid":{"rendered":"https:\/\/compuviper.mx\/tienda\/producto\/dell-n_lxxx_k5-poliza-de-garantia-para-mantener-su-disco-duro-aplica-para-todos-los-modelos-latitude-notebooks-proteccion-por-5-aos\/"},"modified":"2026-04-15T01:40:00","modified_gmt":"2026-04-15T07:40:00","slug":"dell-n_lxxx_k5-poliza-de-garantia-para-mantener-su-disco-duro-aplica-para-todos-los-modelos-latitude-notebooks-proteccion-por-5-aos-importante-confirmar-compatibilidad-de-series-con-clave-de-gar","status":"publish","type":"product","link":"https:\/\/compuviper.mx\/tienda\/producto\/dell-n_lxxx_k5-poliza-de-garantia-para-mantener-su-disco-duro-aplica-para-todos-los-modelos-latitude-notebooks-proteccion-por-5-aos-importante-confirmar-compatibilidad-de-series-con-clave-de-gar\/","title":{"rendered":"Dell N_lxxx_k5 Poliza De Garantia  Para Mantener Su Disco Duro, Aplica Para Todos Los Modelos Latitude Notebooks, Proteccion Por 5 A?os \/ Importante Confirmar Compatibilidad De Series Con Clave De Garantia"},"content":{"rendered":"<table class=\"descripcion\">\n<tr>\n<td>Mantenga un control completo de la administraci\u00f3n de datos y hardware con el servicio keep your hard drive de dell (mantenga su disco duro dell). en caso de que falle una unidad, conservar\u00e1 la posesi\u00f3n de su disco duro en caso de que sea necesario reemplazarlo. este servicio le permite decidir c\u00f3mo y cu\u00e1ndo deshacerse de la unidad para mantener el control sobre sus datos sensibles y confidenciales.<\/td>\n<\/tr>\n<\/table>\n","protected":false},"excerpt":{"rendered":"<p>Mantenga un control completo de la administraci\u00f3n de datos y hardware con el servicio keep your hard drive de dell (mantenga su disco duro dell). en caso de que falle una unidad, conservar\u00e1 la posesi\u00f3n de su disco duro en caso de que sea necesario reemplazarlo. este servicio le permite decidir c\u00f3mo y cu\u00e1ndo deshacerse [&hellip;]<\/p>\n","protected":false},"featured_media":222970,"comment_status":"open","ping_status":"open","template":"","meta":[],"product_cat":[1984,1985],"product_tag":[1537],"acf":[],"yoast_head":"<!-- This site is optimized with the Yoast SEO plugin v21.7 - https:\/\/yoast.com\/wordpress\/plugins\/seo\/ -->\n<title>[ Dell ] &#129351; N_lxxx_k5 Poliza De Garantia Para Mantener Su Disco Duro, Aplica Para Todos Los Modelos Latitude Notebooks, Proteccion Por 5 A\u00f1os \/ Importante Confirmar Compatibilidad De Series Con Clave De Garantia<\/title>\n<meta name=\"description\" content=\"Compra N_lxxx_k5 Poliza De Garantia Para Mantener Su Disco Duro, Aplica Para Todos Los Modelos Latitude Notebooks, Proteccion Por 5 A\u00f1os \/ Importante Confirmar Compatibilidad De Series Con Clave De Garantia + Env\u00edo a domicilio + Pago seguro + Garant\u00eda\" \/>\n<meta name=\"robots\" content=\"index, follow, max-snippet:-1, max-image-preview:large, max-video-preview:-1\" \/>\n<link rel=\"canonical\" href=\"https:\/\/compuviper.mx\/tienda\/producto\/dell-n_lxxx_k5-poliza-de-garantia-para-mantener-su-disco-duro-aplica-para-todos-los-modelos-latitude-notebooks-proteccion-por-5-aos-importante-confirmar-compatibilidad-de-series-con-clave-de-gar\/\" \/>\n<meta property=\"og:locale\" content=\"es_MX\" \/>\n<meta property=\"og:type\" content=\"article\" \/>\n<meta property=\"og:title\" content=\"[ Dell ] &#129351; N_lxxx_k5 Poliza De Garantia Para Mantener Su Disco Duro, Aplica Para Todos Los Modelos Latitude Notebooks, Proteccion Por 5 A\u00f1os \/ Importante Confirmar Compatibilidad De Series Con Clave De Garantia\" \/>\n<meta property=\"og:description\" content=\"Compra N_lxxx_k5 Poliza De Garantia Para Mantener Su Disco Duro, Aplica Para Todos Los Modelos Latitude Notebooks, Proteccion Por 5 A\u00f1os \/ Importante Confirmar Compatibilidad De Series Con Clave De Garantia + Env\u00edo a domicilio + Pago seguro + Garant\u00eda\" \/>\n<meta property=\"og:url\" content=\"https:\/\/compuviper.mx\/tienda\/producto\/dell-n_lxxx_k5-poliza-de-garantia-para-mantener-su-disco-duro-aplica-para-todos-los-modelos-latitude-notebooks-proteccion-por-5-aos-importante-confirmar-compatibilidad-de-series-con-clave-de-gar\/\" \/>\n<meta property=\"og:site_name\" content=\"Compuviper\" \/>\n<meta property=\"article:publisher\" content=\"https:\/\/www.facebook.com\/compuviper\" \/>\n<meta property=\"og:image\" content=\"https:\/\/compuviper.mx\/tienda\/wp-content\/uploads\/2023\/12\/Poliza-de-garantia-dell-para-mantener-su-disco-duro-aplica-para-todos-los-modelos-latitude-notebooks-proteccion-por-5-anos.jpg\" \/>\n\t<meta property=\"og:image:width\" content=\"200\" \/>\n\t<meta property=\"og:image:height\" content=\"200\" \/>\n\t<meta property=\"og:image:type\" content=\"image\/jpeg\" \/>\n<meta name=\"twitter:card\" content=\"summary_large_image\" \/>\n<meta name=\"twitter:label1\" content=\"Precio\" \/>\n\t<meta name=\"twitter:data1\" content=\"&#36;588 con IVA\" \/>\n\t<meta name=\"twitter:label2\" content=\"Availability\" \/>\n\t<meta name=\"twitter:data2\" content=\"On backorder\" \/>\n<script type=\"application\/ld+json\" class=\"yoast-schema-graph\">{\"@context\":\"https:\/\/schema.org\",\"@graph\":[{\"@type\":\"WebPage\",\"@id\":\"https:\/\/compuviper.mx\/tienda\/producto\/dell-n_lxxx_k5-poliza-de-garantia-para-mantener-su-disco-duro-aplica-para-todos-los-modelos-latitude-notebooks-proteccion-por-5-aos-importante-confirmar-compatibilidad-de-series-con-clave-de-gar\/\",\"url\":\"https:\/\/compuviper.mx\/tienda\/producto\/dell-n_lxxx_k5-poliza-de-garantia-para-mantener-su-disco-duro-aplica-para-todos-los-modelos-latitude-notebooks-proteccion-por-5-aos-importante-confirmar-compatibilidad-de-series-con-clave-de-gar\/\",\"name\":\"[ Dell ] &#129351; N_lxxx_k5 Poliza De Garantia Para Mantener Su Disco Duro, Aplica Para Todos Los Modelos Latitude Notebooks, Proteccion Por 5 A\u00f1os \/ Importante Confirmar Compatibilidad De Series Con Clave De Garantia\",\"isPartOf\":{\"@id\":\"https:\/\/compuviper.mx\/tienda\/#website\"},\"datePublished\":\"2026-04-15T07:40:00+00:00\",\"dateModified\":\"2026-04-15T07:40:00+00:00\",\"description\":\"Compra N_lxxx_k5 Poliza De Garantia Para Mantener Su Disco Duro, Aplica Para Todos Los Modelos Latitude Notebooks, Proteccion Por 5 A\u00f1os \/ Importante Confirmar Compatibilidad De Series Con Clave De Garantia + Env\u00edo a domicilio + Pago seguro + Garant\u00eda\",\"breadcrumb\":{\"@id\":\"https:\/\/compuviper.mx\/tienda\/producto\/dell-n_lxxx_k5-poliza-de-garantia-para-mantener-su-disco-duro-aplica-para-todos-los-modelos-latitude-notebooks-proteccion-por-5-aos-importante-confirmar-compatibilidad-de-series-con-clave-de-gar\/#breadcrumb\"},\"inLanguage\":\"es-MX\",\"potentialAction\":[{\"@type\":\"ReadAction\",\"target\":[\"https:\/\/compuviper.mx\/tienda\/producto\/dell-n_lxxx_k5-poliza-de-garantia-para-mantener-su-disco-duro-aplica-para-todos-los-modelos-latitude-notebooks-proteccion-por-5-aos-importante-confirmar-compatibilidad-de-series-con-clave-de-gar\/\"]}]},{\"@type\":\"BreadcrumbList\",\"@id\":\"https:\/\/compuviper.mx\/tienda\/producto\/dell-n_lxxx_k5-poliza-de-garantia-para-mantener-su-disco-duro-aplica-para-todos-los-modelos-latitude-notebooks-proteccion-por-5-aos-importante-confirmar-compatibilidad-de-series-con-clave-de-gar\/#breadcrumb\",\"itemListElement\":[{\"@type\":\"ListItem\",\"position\":1,\"name\":\"Inicio\",\"item\":\"https:\/\/compuviper.mx\/tienda\/\"},{\"@type\":\"ListItem\",\"position\":2,\"name\":\"Productos\",\"item\":\"https:\/\/compuviper.mx\/tienda\/productos\/\"},{\"@type\":\"ListItem\",\"position\":3,\"name\":\"Polizas De Garantia\",\"item\":\"https:\/\/compuviper.mx\/tienda\/categoria-producto\/polizas-de-garantia\/\"},{\"@type\":\"ListItem\",\"position\":4,\"name\":\"Sin Categor\u00eda\",\"item\":\"https:\/\/compuviper.mx\/tienda\/categoria-producto\/polizas-de-garantia\/sin-categoria-polizas-de-garantia\/\"},{\"@type\":\"ListItem\",\"position\":5,\"name\":\"Dell N_lxxx_k5 Poliza De Garantia Para Mantener Su Disco Duro, Aplica Para Todos Los Modelos Latitude Notebooks, Proteccion Por 5 A?os \/ Importante Confirmar Compatibilidad De Series Con Clave De Garantia\"}]},{\"@type\":\"WebSite\",\"@id\":\"https:\/\/compuviper.mx\/tienda\/#website\",\"url\":\"https:\/\/compuviper.mx\/tienda\/\",\"name\":\"Compuviper\",\"description\":\"Proveedor de Computadoras, Laptops, Servidores, Monitores, Puntos de Venta, Teclados,   Impresoras, T\u00f3ner, C\u00e1maras de Seguridad y m\u00e1s en tu tienda en l\u00ednea\",\"publisher\":{\"@id\":\"https:\/\/compuviper.mx\/tienda\/#organization\"},\"potentialAction\":[{\"@type\":\"SearchAction\",\"target\":{\"@type\":\"EntryPoint\",\"urlTemplate\":\"https:\/\/compuviper.mx\/tienda\/?s={search_term_string}\"},\"query-input\":\"required name=search_term_string\"}],\"inLanguage\":\"es-MX\"},{\"@type\":\"Organization\",\"@id\":\"https:\/\/compuviper.mx\/tienda\/#organization\",\"name\":\"Compuviper\",\"url\":\"https:\/\/compuviper.mx\/tienda\/\",\"logo\":{\"@type\":\"ImageObject\",\"inLanguage\":\"es-MX\",\"@id\":\"https:\/\/compuviper.mx\/tienda\/#\/schema\/logo\/image\/\",\"url\":\"https:\/\/compuviper.mx\/tienda\/wp-content\/uploads\/2021\/08\/Logo-Compuviper-10.png\",\"contentUrl\":\"https:\/\/compuviper.mx\/tienda\/wp-content\/uploads\/2021\/08\/Logo-Compuviper-10.png\",\"width\":1000,\"height\":500,\"caption\":\"Compuviper\"},\"image\":{\"@id\":\"https:\/\/compuviper.mx\/tienda\/#\/schema\/logo\/image\/\"},\"sameAs\":[\"https:\/\/www.facebook.com\/compuviper\",\"https:\/\/www.youtube.com\/channel\/UCf73dERp9Y3cfOq7q8BhLjA?view_as=subscriber\"]}]}<\/script>\n<meta property=\"product:brand\" content=\"DELL\" \/>\n<meta property=\"product:price:amount\" content=\"588\" \/>\n<meta property=\"product:price:currency\" content=\"MXN\" \/>\n<meta property=\"og:availability\" content=\"backorder\" \/>\n<meta property=\"product:availability\" content=\"available for order\" \/>\n<meta property=\"product:retailer_item_id\" content=\"N_LXXX_K5\" \/>\n<meta property=\"product:condition\" content=\"new\" \/>\n<!-- \/ Yoast SEO plugin. -->","yoast_head_json":{"title":"[ Dell ] &#129351; N_lxxx_k5 Poliza De Garantia Para Mantener Su Disco Duro, Aplica Para Todos Los Modelos Latitude Notebooks, Proteccion Por 5 A\u00f1os \/ Importante Confirmar Compatibilidad De Series Con Clave De Garantia","description":"Compra N_lxxx_k5 Poliza De Garantia Para Mantener Su Disco Duro, Aplica Para Todos Los Modelos Latitude Notebooks, Proteccion Por 5 A\u00f1os \/ Importante Confirmar Compatibilidad De Series Con Clave De Garantia + Env\u00edo a domicilio + Pago seguro + Garant\u00eda","robots":{"index":"index","follow":"follow","max-snippet":"max-snippet:-1","max-image-preview":"max-image-preview:large","max-video-preview":"max-video-preview:-1"},"canonical":"https:\/\/compuviper.mx\/tienda\/producto\/dell-n_lxxx_k5-poliza-de-garantia-para-mantener-su-disco-duro-aplica-para-todos-los-modelos-latitude-notebooks-proteccion-por-5-aos-importante-confirmar-compatibilidad-de-series-con-clave-de-gar\/","og_locale":"es_MX","og_type":"article","og_title":"[ Dell ] &#129351; N_lxxx_k5 Poliza De Garantia Para Mantener Su Disco Duro, Aplica Para Todos Los Modelos Latitude Notebooks, Proteccion Por 5 A\u00f1os \/ Importante Confirmar Compatibilidad De Series Con Clave De Garantia","og_description":"Compra N_lxxx_k5 Poliza De Garantia Para Mantener Su Disco Duro, Aplica Para Todos Los Modelos Latitude Notebooks, Proteccion Por 5 A\u00f1os \/ Importante Confirmar Compatibilidad De Series Con Clave De Garantia + Env\u00edo a domicilio + Pago seguro + Garant\u00eda","og_url":"https:\/\/compuviper.mx\/tienda\/producto\/dell-n_lxxx_k5-poliza-de-garantia-para-mantener-su-disco-duro-aplica-para-todos-los-modelos-latitude-notebooks-proteccion-por-5-aos-importante-confirmar-compatibilidad-de-series-con-clave-de-gar\/","og_site_name":"Compuviper","article_publisher":"https:\/\/www.facebook.com\/compuviper","og_image":[{"width":200,"height":200,"url":"https:\/\/compuviper.mx\/tienda\/wp-content\/uploads\/2023\/12\/Poliza-de-garantia-dell-para-mantener-su-disco-duro-aplica-para-todos-los-modelos-latitude-notebooks-proteccion-por-5-anos.jpg","type":"image\/jpeg"}],"twitter_card":"summary_large_image","twitter_misc":{"Precio":"&#36;588 con IVA","Availability":"On backorder"},"schema":{"@context":"https:\/\/schema.org","@graph":[{"@type":"WebPage","@id":"https:\/\/compuviper.mx\/tienda\/producto\/dell-n_lxxx_k5-poliza-de-garantia-para-mantener-su-disco-duro-aplica-para-todos-los-modelos-latitude-notebooks-proteccion-por-5-aos-importante-confirmar-compatibilidad-de-series-con-clave-de-gar\/","url":"https:\/\/compuviper.mx\/tienda\/producto\/dell-n_lxxx_k5-poliza-de-garantia-para-mantener-su-disco-duro-aplica-para-todos-los-modelos-latitude-notebooks-proteccion-por-5-aos-importante-confirmar-compatibilidad-de-series-con-clave-de-gar\/","name":"[ Dell ] &#129351; N_lxxx_k5 Poliza De Garantia Para Mantener Su Disco Duro, Aplica Para Todos Los Modelos Latitude Notebooks, Proteccion Por 5 A\u00f1os \/ Importante Confirmar Compatibilidad De Series Con Clave De Garantia","isPartOf":{"@id":"https:\/\/compuviper.mx\/tienda\/#website"},"datePublished":"2026-04-15T07:40:00+00:00","dateModified":"2026-04-15T07:40:00+00:00","description":"Compra N_lxxx_k5 Poliza De Garantia Para Mantener Su Disco Duro, Aplica Para Todos Los Modelos Latitude Notebooks, Proteccion Por 5 A\u00f1os \/ Importante Confirmar Compatibilidad De Series Con Clave De Garantia + Env\u00edo a domicilio + Pago seguro + Garant\u00eda","breadcrumb":{"@id":"https:\/\/compuviper.mx\/tienda\/producto\/dell-n_lxxx_k5-poliza-de-garantia-para-mantener-su-disco-duro-aplica-para-todos-los-modelos-latitude-notebooks-proteccion-por-5-aos-importante-confirmar-compatibilidad-de-series-con-clave-de-gar\/#breadcrumb"},"inLanguage":"es-MX","potentialAction":[{"@type":"ReadAction","target":["https:\/\/compuviper.mx\/tienda\/producto\/dell-n_lxxx_k5-poliza-de-garantia-para-mantener-su-disco-duro-aplica-para-todos-los-modelos-latitude-notebooks-proteccion-por-5-aos-importante-confirmar-compatibilidad-de-series-con-clave-de-gar\/"]}]},{"@type":"BreadcrumbList","@id":"https:\/\/compuviper.mx\/tienda\/producto\/dell-n_lxxx_k5-poliza-de-garantia-para-mantener-su-disco-duro-aplica-para-todos-los-modelos-latitude-notebooks-proteccion-por-5-aos-importante-confirmar-compatibilidad-de-series-con-clave-de-gar\/#breadcrumb","itemListElement":[{"@type":"ListItem","position":1,"name":"Inicio","item":"https:\/\/compuviper.mx\/tienda\/"},{"@type":"ListItem","position":2,"name":"Productos","item":"https:\/\/compuviper.mx\/tienda\/productos\/"},{"@type":"ListItem","position":3,"name":"Polizas De Garantia","item":"https:\/\/compuviper.mx\/tienda\/categoria-producto\/polizas-de-garantia\/"},{"@type":"ListItem","position":4,"name":"Sin Categor\u00eda","item":"https:\/\/compuviper.mx\/tienda\/categoria-producto\/polizas-de-garantia\/sin-categoria-polizas-de-garantia\/"},{"@type":"ListItem","position":5,"name":"Dell N_lxxx_k5 Poliza De Garantia Para Mantener Su Disco Duro, Aplica Para Todos Los Modelos Latitude Notebooks, Proteccion Por 5 A?os \/ Importante Confirmar Compatibilidad De Series Con Clave De Garantia"}]},{"@type":"WebSite","@id":"https:\/\/compuviper.mx\/tienda\/#website","url":"https:\/\/compuviper.mx\/tienda\/","name":"Compuviper","description":"Proveedor de Computadoras, Laptops, Servidores, Monitores, Puntos de Venta, Teclados,   Impresoras, T\u00f3ner, C\u00e1maras de Seguridad y m\u00e1s en tu tienda en l\u00ednea","publisher":{"@id":"https:\/\/compuviper.mx\/tienda\/#organization"},"potentialAction":[{"@type":"SearchAction","target":{"@type":"EntryPoint","urlTemplate":"https:\/\/compuviper.mx\/tienda\/?s={search_term_string}"},"query-input":"required name=search_term_string"}],"inLanguage":"es-MX"},{"@type":"Organization","@id":"https:\/\/compuviper.mx\/tienda\/#organization","name":"Compuviper","url":"https:\/\/compuviper.mx\/tienda\/","logo":{"@type":"ImageObject","inLanguage":"es-MX","@id":"https:\/\/compuviper.mx\/tienda\/#\/schema\/logo\/image\/","url":"https:\/\/compuviper.mx\/tienda\/wp-content\/uploads\/2021\/08\/Logo-Compuviper-10.png","contentUrl":"https:\/\/compuviper.mx\/tienda\/wp-content\/uploads\/2021\/08\/Logo-Compuviper-10.png","width":1000,"height":500,"caption":"Compuviper"},"image":{"@id":"https:\/\/compuviper.mx\/tienda\/#\/schema\/logo\/image\/"},"sameAs":["https:\/\/www.facebook.com\/compuviper","https:\/\/www.youtube.com\/channel\/UCf73dERp9Y3cfOq7q8BhLjA?view_as=subscriber"]}]},"product_brand":"DELL","product_price_amount":"588","product_price_currency":"MXN","og_availability":"backorder","product_availability":"available for order","product_retailer_item_id":"N_LXXX_K5","product_condition":"new"},"_links":{"self":[{"href":"https:\/\/compuviper.mx\/tienda\/wp-json\/wp\/v2\/product\/222969"}],"collection":[{"href":"https:\/\/compuviper.mx\/tienda\/wp-json\/wp\/v2\/product"}],"about":[{"href":"https:\/\/compuviper.mx\/tienda\/wp-json\/wp\/v2\/types\/product"}],"replies":[{"embeddable":true,"href":"https:\/\/compuviper.mx\/tienda\/wp-json\/wp\/v2\/comments?post=222969"}],"wp:featuredmedia":[{"embeddable":true,"href":"https:\/\/compuviper.mx\/tienda\/wp-json\/wp\/v2\/media\/222970"}],"wp:attachment":[{"href":"https:\/\/compuviper.mx\/tienda\/wp-json\/wp\/v2\/media?parent=222969"}],"wp:term":[{"taxonomy":"product_cat","embeddable":true,"href":"https:\/\/compuviper.mx\/tienda\/wp-json\/wp\/v2\/product_cat?post=222969"},{"taxonomy":"product_tag","embeddable":true,"href":"https:\/\/compuviper.mx\/tienda\/wp-json\/wp\/v2\/product_tag?post=222969"}],"curies":[{"name":"wp","href":"https:\/\/api.w.org\/{rel}","templated":true}]}}