{"id":222741,"date":"2026-04-02T01:38:04","date_gmt":"2026-04-02T07:38:04","guid":{"rendered":"https:\/\/compuviper.mx\/tienda\/producto\/hewlett-packard-enterprise-hp9v9e-poliza-de-garantia-hpe-aruba-12-meses-fundation-care-nbd-exchange-no-en-sitio-para-access-point-ap-505\/"},"modified":"2026-04-02T01:38:04","modified_gmt":"2026-04-02T07:38:04","slug":"hewlett-packard-enterprise-hp9v9e-poliza-de-garantia-hpe-aruba-12-meses-fundation-care-nbd-exchange-no-en-sitio-para-access-point-ap-505","status":"publish","type":"product","link":"https:\/\/compuviper.mx\/tienda\/producto\/hewlett-packard-enterprise-hp9v9e-poliza-de-garantia-hpe-aruba-12-meses-fundation-care-nbd-exchange-no-en-sitio-para-access-point-ap-505\/","title":{"rendered":"Hewlett Packard Enterprise Hp9v9e Poliza De Garantia Hpe Aruba 12 Meses Fundation Care Nbd Exchange (no En Sitio) Para Access Point Ap-505"},"content":{"rendered":"<table class=\"descripcion\">\n<tr>\n<td>M\u00e9todo de servicio cambio de hardware<\/td>\n<\/tr>\n<tr>\n<td>Duraci\u00f3n 1 a\u00f1o<\/td>\n<\/tr>\n<tr>\n<td>Respuesta repuesta al siguiente d\u00eda laborable para hardware<\/td>\n<\/tr>\n<tr>\n<td>Periodo de cobertura horas y d\u00edas del horario laborable est\u00e1ndar<\/td>\n<\/tr>\n<tr>\n<td>Tipo de servicio foundation care<\/td>\n<\/tr>\n<\/table>\n","protected":false},"excerpt":{"rendered":"<p>Hpe foundation care exchange service se compone de servicios de software y hardware remoto populares que permiten aumentar la disponibilidad de la infraestructura ti. Los recursos t\u00e9cnicos de hewlett packard enterprise trabajan con tu equipo de ti para resolver los problemas de hardware y software de tus productos de hpe. La sustituci\u00f3n de hardware ofrece un servicio de intercambio de piezas r\u00e1pido y fiable para los productos elegibles de hewlett packard enterprise. Espec\u00edficamente dirigido a los productos que pueden ser f\u00e1cilmente enviados y en los que se pueden restaurar f\u00e1cilmente los datos de los archivos de copia de seguridad, hpe foundation care exchange es una alternativa rentable y conveniente al soporte. La sustituci\u00f3n de hardware proporciona un producto o pieza de sustituci\u00f3n que se entrega libre de cargos de transporte en tu ubicaci\u00f3n en un plazo determinado de tiempo. Los productos o piezas de sustituci\u00f3n son nuevos o equivalentes en cuanto a su rendimiento.<\/p>\n","protected":false},"featured_media":222742,"comment_status":"open","ping_status":"open","template":"","meta":[],"product_cat":[1984,1985],"product_tag":[1568],"acf":[],"yoast_head":"<!-- This site is optimized with the Yoast SEO plugin v21.7 - https:\/\/yoast.com\/wordpress\/plugins\/seo\/ -->\n<title>[ Hewlett Packard Enterprise ] &#129351; Hp9v9e Poliza De Garantia Hpe Aruba 12 Meses Fundation Care Nbd Exchange (no En Sitio) Para Access Point Ap-505<\/title>\n<meta name=\"description\" content=\"Compra Hp9v9e Poliza De Garantia Hpe Aruba 12 Meses Fundation Care Nbd Exchange (no En Sitio) Para Access Point Ap-505 + Env\u00edo a domicilio + Pago seguro + Garant\u00eda\" \/>\n<meta name=\"robots\" content=\"index, follow, max-snippet:-1, max-image-preview:large, max-video-preview:-1\" \/>\n<link rel=\"canonical\" href=\"https:\/\/compuviper.mx\/tienda\/producto\/hewlett-packard-enterprise-hp9v9e-poliza-de-garantia-hpe-aruba-12-meses-fundation-care-nbd-exchange-no-en-sitio-para-access-point-ap-505\/\" \/>\n<meta property=\"og:locale\" content=\"es_MX\" \/>\n<meta property=\"og:type\" content=\"article\" \/>\n<meta property=\"og:title\" content=\"[ Hewlett Packard Enterprise ] &#129351; Hp9v9e Poliza De Garantia Hpe Aruba 12 Meses Fundation Care Nbd Exchange (no En Sitio) Para Access Point Ap-505\" \/>\n<meta property=\"og:description\" content=\"Compra Hp9v9e Poliza De Garantia Hpe Aruba 12 Meses Fundation Care Nbd Exchange (no En Sitio) Para Access Point Ap-505 + Env\u00edo a domicilio + Pago seguro + Garant\u00eda\" \/>\n<meta property=\"og:url\" content=\"https:\/\/compuviper.mx\/tienda\/producto\/hewlett-packard-enterprise-hp9v9e-poliza-de-garantia-hpe-aruba-12-meses-fundation-care-nbd-exchange-no-en-sitio-para-access-point-ap-505\/\" \/>\n<meta property=\"og:site_name\" content=\"Compuviper\" \/>\n<meta property=\"article:publisher\" content=\"https:\/\/www.facebook.com\/compuviper\" \/>\n<meta property=\"og:image\" content=\"https:\/\/compuviper.mx\/tienda\/wp-content\/uploads\/2023\/12\/Poliza-de-garantia-hpe-aruba-hp9v9e12-meses-fundation-care-nbd-exchange-no-en-sitio-para-access-point-ap-505.jpg\" \/>\n\t<meta property=\"og:image:width\" content=\"200\" \/>\n\t<meta property=\"og:image:height\" content=\"200\" \/>\n\t<meta property=\"og:image:type\" content=\"image\/jpeg\" \/>\n<meta name=\"twitter:card\" content=\"summary_large_image\" \/>\n<meta name=\"twitter:label1\" content=\"Precio\" \/>\n\t<meta name=\"twitter:data1\" content=\"&#36;771 con IVA\" \/>\n\t<meta name=\"twitter:label2\" content=\"Availability\" \/>\n\t<meta name=\"twitter:data2\" content=\"On backorder\" \/>\n<script type=\"application\/ld+json\" class=\"yoast-schema-graph\">{\"@context\":\"https:\/\/schema.org\",\"@graph\":[{\"@type\":\"WebPage\",\"@id\":\"https:\/\/compuviper.mx\/tienda\/producto\/hewlett-packard-enterprise-hp9v9e-poliza-de-garantia-hpe-aruba-12-meses-fundation-care-nbd-exchange-no-en-sitio-para-access-point-ap-505\/\",\"url\":\"https:\/\/compuviper.mx\/tienda\/producto\/hewlett-packard-enterprise-hp9v9e-poliza-de-garantia-hpe-aruba-12-meses-fundation-care-nbd-exchange-no-en-sitio-para-access-point-ap-505\/\",\"name\":\"[ Hewlett Packard Enterprise ] &#129351; Hp9v9e Poliza De Garantia Hpe Aruba 12 Meses Fundation Care Nbd Exchange (no En Sitio) Para Access Point Ap-505\",\"isPartOf\":{\"@id\":\"https:\/\/compuviper.mx\/tienda\/#website\"},\"datePublished\":\"2026-04-02T07:38:04+00:00\",\"dateModified\":\"2026-04-02T07:38:04+00:00\",\"description\":\"Compra Hp9v9e Poliza De Garantia Hpe Aruba 12 Meses Fundation Care Nbd Exchange (no En Sitio) Para Access Point Ap-505 + Env\u00edo a domicilio + Pago seguro + Garant\u00eda\",\"breadcrumb\":{\"@id\":\"https:\/\/compuviper.mx\/tienda\/producto\/hewlett-packard-enterprise-hp9v9e-poliza-de-garantia-hpe-aruba-12-meses-fundation-care-nbd-exchange-no-en-sitio-para-access-point-ap-505\/#breadcrumb\"},\"inLanguage\":\"es-MX\",\"potentialAction\":[{\"@type\":\"ReadAction\",\"target\":[\"https:\/\/compuviper.mx\/tienda\/producto\/hewlett-packard-enterprise-hp9v9e-poliza-de-garantia-hpe-aruba-12-meses-fundation-care-nbd-exchange-no-en-sitio-para-access-point-ap-505\/\"]}]},{\"@type\":\"BreadcrumbList\",\"@id\":\"https:\/\/compuviper.mx\/tienda\/producto\/hewlett-packard-enterprise-hp9v9e-poliza-de-garantia-hpe-aruba-12-meses-fundation-care-nbd-exchange-no-en-sitio-para-access-point-ap-505\/#breadcrumb\",\"itemListElement\":[{\"@type\":\"ListItem\",\"position\":1,\"name\":\"Inicio\",\"item\":\"https:\/\/compuviper.mx\/tienda\/\"},{\"@type\":\"ListItem\",\"position\":2,\"name\":\"Productos\",\"item\":\"https:\/\/compuviper.mx\/tienda\/productos\/\"},{\"@type\":\"ListItem\",\"position\":3,\"name\":\"Polizas De Garantia\",\"item\":\"https:\/\/compuviper.mx\/tienda\/categoria-producto\/polizas-de-garantia\/\"},{\"@type\":\"ListItem\",\"position\":4,\"name\":\"Sin Categor\u00eda\",\"item\":\"https:\/\/compuviper.mx\/tienda\/categoria-producto\/polizas-de-garantia\/sin-categoria-polizas-de-garantia\/\"},{\"@type\":\"ListItem\",\"position\":5,\"name\":\"Hewlett Packard Enterprise Hp9v9e Poliza De Garantia Hpe Aruba 12 Meses Fundation Care Nbd Exchange (no En Sitio) Para Access Point Ap-505\"}]},{\"@type\":\"WebSite\",\"@id\":\"https:\/\/compuviper.mx\/tienda\/#website\",\"url\":\"https:\/\/compuviper.mx\/tienda\/\",\"name\":\"Compuviper\",\"description\":\"Proveedor de Computadoras, Laptops, Servidores, Monitores, Puntos de Venta, Teclados,   Impresoras, T\u00f3ner, C\u00e1maras de Seguridad y m\u00e1s en tu tienda en l\u00ednea\",\"publisher\":{\"@id\":\"https:\/\/compuviper.mx\/tienda\/#organization\"},\"potentialAction\":[{\"@type\":\"SearchAction\",\"target\":{\"@type\":\"EntryPoint\",\"urlTemplate\":\"https:\/\/compuviper.mx\/tienda\/?s={search_term_string}\"},\"query-input\":\"required name=search_term_string\"}],\"inLanguage\":\"es-MX\"},{\"@type\":\"Organization\",\"@id\":\"https:\/\/compuviper.mx\/tienda\/#organization\",\"name\":\"Compuviper\",\"url\":\"https:\/\/compuviper.mx\/tienda\/\",\"logo\":{\"@type\":\"ImageObject\",\"inLanguage\":\"es-MX\",\"@id\":\"https:\/\/compuviper.mx\/tienda\/#\/schema\/logo\/image\/\",\"url\":\"https:\/\/compuviper.mx\/tienda\/wp-content\/uploads\/2021\/08\/Logo-Compuviper-10.png\",\"contentUrl\":\"https:\/\/compuviper.mx\/tienda\/wp-content\/uploads\/2021\/08\/Logo-Compuviper-10.png\",\"width\":1000,\"height\":500,\"caption\":\"Compuviper\"},\"image\":{\"@id\":\"https:\/\/compuviper.mx\/tienda\/#\/schema\/logo\/image\/\"},\"sameAs\":[\"https:\/\/www.facebook.com\/compuviper\",\"https:\/\/www.youtube.com\/channel\/UCf73dERp9Y3cfOq7q8BhLjA?view_as=subscriber\"]}]}<\/script>\n<meta property=\"product:brand\" content=\"HEWLETT PACKARD ENTERPRISE\" \/>\n<meta property=\"product:price:amount\" content=\"771\" \/>\n<meta property=\"product:price:currency\" content=\"MXN\" \/>\n<meta property=\"og:availability\" content=\"backorder\" \/>\n<meta property=\"product:availability\" content=\"available for order\" \/>\n<meta property=\"product:retailer_item_id\" content=\"HP9V9E\" \/>\n<meta property=\"product:condition\" content=\"new\" \/>\n<!-- \/ Yoast SEO plugin. -->","yoast_head_json":{"title":"[ Hewlett Packard Enterprise ] &#129351; Hp9v9e Poliza De Garantia Hpe Aruba 12 Meses Fundation Care Nbd Exchange (no En Sitio) Para Access Point Ap-505","description":"Compra Hp9v9e Poliza De Garantia Hpe Aruba 12 Meses Fundation Care Nbd Exchange (no En Sitio) Para Access Point Ap-505 + Env\u00edo a domicilio + Pago seguro + Garant\u00eda","robots":{"index":"index","follow":"follow","max-snippet":"max-snippet:-1","max-image-preview":"max-image-preview:large","max-video-preview":"max-video-preview:-1"},"canonical":"https:\/\/compuviper.mx\/tienda\/producto\/hewlett-packard-enterprise-hp9v9e-poliza-de-garantia-hpe-aruba-12-meses-fundation-care-nbd-exchange-no-en-sitio-para-access-point-ap-505\/","og_locale":"es_MX","og_type":"article","og_title":"[ Hewlett Packard Enterprise ] &#129351; Hp9v9e Poliza De Garantia Hpe Aruba 12 Meses Fundation Care Nbd Exchange (no En Sitio) Para Access Point Ap-505","og_description":"Compra Hp9v9e Poliza De Garantia Hpe Aruba 12 Meses Fundation Care Nbd Exchange (no En Sitio) Para Access Point Ap-505 + Env\u00edo a domicilio + Pago seguro + Garant\u00eda","og_url":"https:\/\/compuviper.mx\/tienda\/producto\/hewlett-packard-enterprise-hp9v9e-poliza-de-garantia-hpe-aruba-12-meses-fundation-care-nbd-exchange-no-en-sitio-para-access-point-ap-505\/","og_site_name":"Compuviper","article_publisher":"https:\/\/www.facebook.com\/compuviper","og_image":[{"width":200,"height":200,"url":"https:\/\/compuviper.mx\/tienda\/wp-content\/uploads\/2023\/12\/Poliza-de-garantia-hpe-aruba-hp9v9e12-meses-fundation-care-nbd-exchange-no-en-sitio-para-access-point-ap-505.jpg","type":"image\/jpeg"}],"twitter_card":"summary_large_image","twitter_misc":{"Precio":"&#36;771 con IVA","Availability":"On backorder"},"schema":{"@context":"https:\/\/schema.org","@graph":[{"@type":"WebPage","@id":"https:\/\/compuviper.mx\/tienda\/producto\/hewlett-packard-enterprise-hp9v9e-poliza-de-garantia-hpe-aruba-12-meses-fundation-care-nbd-exchange-no-en-sitio-para-access-point-ap-505\/","url":"https:\/\/compuviper.mx\/tienda\/producto\/hewlett-packard-enterprise-hp9v9e-poliza-de-garantia-hpe-aruba-12-meses-fundation-care-nbd-exchange-no-en-sitio-para-access-point-ap-505\/","name":"[ Hewlett Packard Enterprise ] &#129351; Hp9v9e Poliza De Garantia Hpe Aruba 12 Meses Fundation Care Nbd Exchange (no En Sitio) Para Access Point Ap-505","isPartOf":{"@id":"https:\/\/compuviper.mx\/tienda\/#website"},"datePublished":"2026-04-02T07:38:04+00:00","dateModified":"2026-04-02T07:38:04+00:00","description":"Compra Hp9v9e Poliza De Garantia Hpe Aruba 12 Meses Fundation Care Nbd Exchange (no En Sitio) Para Access Point Ap-505 + Env\u00edo a domicilio + Pago seguro + Garant\u00eda","breadcrumb":{"@id":"https:\/\/compuviper.mx\/tienda\/producto\/hewlett-packard-enterprise-hp9v9e-poliza-de-garantia-hpe-aruba-12-meses-fundation-care-nbd-exchange-no-en-sitio-para-access-point-ap-505\/#breadcrumb"},"inLanguage":"es-MX","potentialAction":[{"@type":"ReadAction","target":["https:\/\/compuviper.mx\/tienda\/producto\/hewlett-packard-enterprise-hp9v9e-poliza-de-garantia-hpe-aruba-12-meses-fundation-care-nbd-exchange-no-en-sitio-para-access-point-ap-505\/"]}]},{"@type":"BreadcrumbList","@id":"https:\/\/compuviper.mx\/tienda\/producto\/hewlett-packard-enterprise-hp9v9e-poliza-de-garantia-hpe-aruba-12-meses-fundation-care-nbd-exchange-no-en-sitio-para-access-point-ap-505\/#breadcrumb","itemListElement":[{"@type":"ListItem","position":1,"name":"Inicio","item":"https:\/\/compuviper.mx\/tienda\/"},{"@type":"ListItem","position":2,"name":"Productos","item":"https:\/\/compuviper.mx\/tienda\/productos\/"},{"@type":"ListItem","position":3,"name":"Polizas De Garantia","item":"https:\/\/compuviper.mx\/tienda\/categoria-producto\/polizas-de-garantia\/"},{"@type":"ListItem","position":4,"name":"Sin Categor\u00eda","item":"https:\/\/compuviper.mx\/tienda\/categoria-producto\/polizas-de-garantia\/sin-categoria-polizas-de-garantia\/"},{"@type":"ListItem","position":5,"name":"Hewlett Packard Enterprise Hp9v9e Poliza De Garantia Hpe Aruba 12 Meses Fundation Care Nbd Exchange (no En Sitio) Para Access Point Ap-505"}]},{"@type":"WebSite","@id":"https:\/\/compuviper.mx\/tienda\/#website","url":"https:\/\/compuviper.mx\/tienda\/","name":"Compuviper","description":"Proveedor de Computadoras, Laptops, Servidores, Monitores, Puntos de Venta, Teclados,   Impresoras, T\u00f3ner, C\u00e1maras de Seguridad y m\u00e1s en tu tienda en l\u00ednea","publisher":{"@id":"https:\/\/compuviper.mx\/tienda\/#organization"},"potentialAction":[{"@type":"SearchAction","target":{"@type":"EntryPoint","urlTemplate":"https:\/\/compuviper.mx\/tienda\/?s={search_term_string}"},"query-input":"required name=search_term_string"}],"inLanguage":"es-MX"},{"@type":"Organization","@id":"https:\/\/compuviper.mx\/tienda\/#organization","name":"Compuviper","url":"https:\/\/compuviper.mx\/tienda\/","logo":{"@type":"ImageObject","inLanguage":"es-MX","@id":"https:\/\/compuviper.mx\/tienda\/#\/schema\/logo\/image\/","url":"https:\/\/compuviper.mx\/tienda\/wp-content\/uploads\/2021\/08\/Logo-Compuviper-10.png","contentUrl":"https:\/\/compuviper.mx\/tienda\/wp-content\/uploads\/2021\/08\/Logo-Compuviper-10.png","width":1000,"height":500,"caption":"Compuviper"},"image":{"@id":"https:\/\/compuviper.mx\/tienda\/#\/schema\/logo\/image\/"},"sameAs":["https:\/\/www.facebook.com\/compuviper","https:\/\/www.youtube.com\/channel\/UCf73dERp9Y3cfOq7q8BhLjA?view_as=subscriber"]}]},"product_brand":"HEWLETT PACKARD ENTERPRISE","product_price_amount":"771","product_price_currency":"MXN","og_availability":"backorder","product_availability":"available for order","product_retailer_item_id":"HP9V9E","product_condition":"new"},"_links":{"self":[{"href":"https:\/\/compuviper.mx\/tienda\/wp-json\/wp\/v2\/product\/222741"}],"collection":[{"href":"https:\/\/compuviper.mx\/tienda\/wp-json\/wp\/v2\/product"}],"about":[{"href":"https:\/\/compuviper.mx\/tienda\/wp-json\/wp\/v2\/types\/product"}],"replies":[{"embeddable":true,"href":"https:\/\/compuviper.mx\/tienda\/wp-json\/wp\/v2\/comments?post=222741"}],"wp:featuredmedia":[{"embeddable":true,"href":"https:\/\/compuviper.mx\/tienda\/wp-json\/wp\/v2\/media\/222742"}],"wp:attachment":[{"href":"https:\/\/compuviper.mx\/tienda\/wp-json\/wp\/v2\/media?parent=222741"}],"wp:term":[{"taxonomy":"product_cat","embeddable":true,"href":"https:\/\/compuviper.mx\/tienda\/wp-json\/wp\/v2\/product_cat?post=222741"},{"taxonomy":"product_tag","embeddable":true,"href":"https:\/\/compuviper.mx\/tienda\/wp-json\/wp\/v2\/product_tag?post=222741"}],"curies":[{"name":"wp","href":"https:\/\/api.w.org\/{rel}","templated":true}]}}