{"id":222627,"date":"2026-04-02T01:35:42","date_gmt":"2026-04-02T07:35:42","guid":{"rendered":"https:\/\/compuviper.mx\/tienda\/producto\/hewlett-packard-enterprise-h7le8e-poliza-de-soporte-foundation-care-24x7-para-mm-va-50-vm-master\/"},"modified":"2026-04-02T01:35:42","modified_gmt":"2026-04-02T07:35:42","slug":"hewlett-packard-enterprise-h7le8e-poliza-de-soporte-foundation-care-24x7-para-mm-va-50-vm-master","status":"publish","type":"product","link":"https:\/\/compuviper.mx\/tienda\/producto\/hewlett-packard-enterprise-h7le8e-poliza-de-soporte-foundation-care-24x7-para-mm-va-50-vm-master\/","title":{"rendered":"Hewlett Packard Enterprise H7le8e Poliza De Soporte Foundation Care 24&#215;7 Para Mm-va-50 Vm Master"},"content":{"rendered":"<table class=\"descripcion\">\n<tr>\n<td>M\u00e9todo de servicio: sw support<\/td>\n<\/tr>\n<tr>\n<td>Duraci\u00f3n: 1 a\u00f1o<\/td>\n<\/tr>\n<tr>\n<td>Respuesta:2 hour sw response<\/td>\n<\/tr>\n<tr>\n<td>Periodo de cobertura: las 24 horas, los 7 d\u00edas de la semana<\/td>\n<\/tr>\n<tr>\n<td>Tipo de servicio: foundation care<\/td>\n<\/tr>\n<\/table>\n","protected":false},"excerpt":{"rendered":"<p>Hpe foundation care service se compone de servicios integrales de hardware y software destinados a ayudar a aumentar la disponibilidad de su infraestructura de ti. Los recursos t\u00e9cnicos de hewlett packard enterprise trabajan con su equipo de ti para ayudarlo a resolver problemas de hardware y software con hpe y productos de terceros seleccionados. Para los productos de hardware cubiertos por hpe foundation care, el servicio incluye diagn\u00f3stico y soporte remotos, as\u00ed como reparaci\u00f3n de hardware en el sitio si es necesario para resolver un problema. Para los productos de hardware de hpe elegibles, este servicio tambi\u00e9n puede incluir soporte de software b\u00e1sico y gesti\u00f3n colaborativa de llamadas para software seleccionado que no sea de hpe. P\u00f3ngase en contacto con hpe para obtener m\u00e1s informaci\u00f3n y determinaci\u00f3n sobre qu\u00e9 productos de software elegibles pueden incluirse como parte de la cobertura de su producto de hardware. Para productos de software cubiertos por hpe foundation care, hpe brinda soporte t\u00e9cnico remoto y acceso a actualizaciones y parches de software. Hpe lanza actualizaciones de software y manuales de referencia tan pronto como est\u00e9n disponibles para productos de software compatibles con hpe seleccionados para cada sistema, procesador, n\u00facleo de procesador y usuario final, seg\u00fan lo permitido por hpe o la licencia de software original del fabricante. Las actualizaciones para productos de software de terceros compatibles con hpe seleccionados se incluyen a medida que est\u00e1n disponibles del fabricante del software original. Adem\u00e1s, hpe foundation care proporciona acceso electr\u00f3nico a productos relacionados e informaci\u00f3n de soporte, lo que permite a cualquier miembro de su personal de ti ubicar esta informaci\u00f3n esencial disponible comercialmente. Para productos de terceros, el acceso est\u00e1 sujeto a la disponibilidad de informaci\u00f3n del fabricante original.<\/p>\n","protected":false},"featured_media":222628,"comment_status":"open","ping_status":"open","template":"","meta":[],"product_cat":[1982,1983],"product_tag":[1568],"acf":[],"yoast_head":"<!-- This site is optimized with the Yoast SEO plugin v21.7 - https:\/\/yoast.com\/wordpress\/plugins\/seo\/ -->\n<title>[ Hewlett Packard Enterprise ] &#129351; H7le8e Poliza De Soporte Foundation Care 24x7 Para Mm-va-50 Vm Master<\/title>\n<meta name=\"description\" content=\"Compra H7le8e Poliza De Soporte Foundation Care 24x7 Para Mm-va-50 Vm Master + Env\u00edo a domicilio + Pago seguro + Garant\u00eda\" \/>\n<meta name=\"robots\" content=\"index, follow, max-snippet:-1, max-image-preview:large, max-video-preview:-1\" \/>\n<link rel=\"canonical\" href=\"https:\/\/compuviper.mx\/tienda\/producto\/hewlett-packard-enterprise-h7le8e-poliza-de-soporte-foundation-care-24x7-para-mm-va-50-vm-master\/\" \/>\n<meta property=\"og:locale\" content=\"es_MX\" \/>\n<meta property=\"og:type\" content=\"article\" \/>\n<meta property=\"og:title\" content=\"[ Hewlett Packard Enterprise ] &#129351; H7le8e Poliza De Soporte Foundation Care 24x7 Para Mm-va-50 Vm Master\" \/>\n<meta property=\"og:description\" content=\"Compra H7le8e Poliza De Soporte Foundation Care 24x7 Para Mm-va-50 Vm Master + Env\u00edo a domicilio + Pago seguro + Garant\u00eda\" \/>\n<meta property=\"og:url\" content=\"https:\/\/compuviper.mx\/tienda\/producto\/hewlett-packard-enterprise-h7le8e-poliza-de-soporte-foundation-care-24x7-para-mm-va-50-vm-master\/\" \/>\n<meta property=\"og:site_name\" content=\"Compuviper\" \/>\n<meta property=\"article:publisher\" content=\"https:\/\/www.facebook.com\/compuviper\" \/>\n<meta property=\"og:image\" content=\"https:\/\/compuviper.mx\/tienda\/wp-content\/uploads\/2023\/12\/Poliza-de-soporte-foundation-care-24x7-para-mm-va-50-vm-master.jpg\" \/>\n\t<meta property=\"og:image:width\" content=\"200\" \/>\n\t<meta property=\"og:image:height\" content=\"200\" \/>\n\t<meta property=\"og:image:type\" content=\"image\/jpeg\" \/>\n<meta name=\"twitter:card\" content=\"summary_large_image\" \/>\n<meta name=\"twitter:label1\" content=\"Precio\" \/>\n\t<meta name=\"twitter:data1\" content=\"&#36;5,660 con IVA\" \/>\n\t<meta name=\"twitter:label2\" content=\"Availability\" \/>\n\t<meta name=\"twitter:data2\" content=\"On backorder\" \/>\n<script type=\"application\/ld+json\" class=\"yoast-schema-graph\">{\"@context\":\"https:\/\/schema.org\",\"@graph\":[{\"@type\":\"WebPage\",\"@id\":\"https:\/\/compuviper.mx\/tienda\/producto\/hewlett-packard-enterprise-h7le8e-poliza-de-soporte-foundation-care-24x7-para-mm-va-50-vm-master\/\",\"url\":\"https:\/\/compuviper.mx\/tienda\/producto\/hewlett-packard-enterprise-h7le8e-poliza-de-soporte-foundation-care-24x7-para-mm-va-50-vm-master\/\",\"name\":\"[ Hewlett Packard Enterprise ] &#129351; H7le8e Poliza De Soporte Foundation Care 24x7 Para Mm-va-50 Vm Master\",\"isPartOf\":{\"@id\":\"https:\/\/compuviper.mx\/tienda\/#website\"},\"datePublished\":\"2026-04-02T07:35:42+00:00\",\"dateModified\":\"2026-04-02T07:35:42+00:00\",\"description\":\"Compra H7le8e Poliza De Soporte Foundation Care 24x7 Para Mm-va-50 Vm Master + Env\u00edo a domicilio + Pago seguro + Garant\u00eda\",\"breadcrumb\":{\"@id\":\"https:\/\/compuviper.mx\/tienda\/producto\/hewlett-packard-enterprise-h7le8e-poliza-de-soporte-foundation-care-24x7-para-mm-va-50-vm-master\/#breadcrumb\"},\"inLanguage\":\"es-MX\",\"potentialAction\":[{\"@type\":\"ReadAction\",\"target\":[\"https:\/\/compuviper.mx\/tienda\/producto\/hewlett-packard-enterprise-h7le8e-poliza-de-soporte-foundation-care-24x7-para-mm-va-50-vm-master\/\"]}]},{\"@type\":\"BreadcrumbList\",\"@id\":\"https:\/\/compuviper.mx\/tienda\/producto\/hewlett-packard-enterprise-h7le8e-poliza-de-soporte-foundation-care-24x7-para-mm-va-50-vm-master\/#breadcrumb\",\"itemListElement\":[{\"@type\":\"ListItem\",\"position\":1,\"name\":\"Inicio\",\"item\":\"https:\/\/compuviper.mx\/tienda\/\"},{\"@type\":\"ListItem\",\"position\":2,\"name\":\"Productos\",\"item\":\"https:\/\/compuviper.mx\/tienda\/productos\/\"},{\"@type\":\"ListItem\",\"position\":3,\"name\":\"Poliza De Servicio\",\"item\":\"https:\/\/compuviper.mx\/tienda\/categoria-producto\/poliza-de-servicio\/\"},{\"@type\":\"ListItem\",\"position\":4,\"name\":\"Sin Categor\u00eda\",\"item\":\"https:\/\/compuviper.mx\/tienda\/categoria-producto\/poliza-de-servicio\/sin-categoria-poliza-de-servicio\/\"},{\"@type\":\"ListItem\",\"position\":5,\"name\":\"Hewlett Packard Enterprise H7le8e Poliza De Soporte Foundation Care 24&#215;7 Para Mm-va-50 Vm Master\"}]},{\"@type\":\"WebSite\",\"@id\":\"https:\/\/compuviper.mx\/tienda\/#website\",\"url\":\"https:\/\/compuviper.mx\/tienda\/\",\"name\":\"Compuviper\",\"description\":\"Proveedor de Computadoras, Laptops, Servidores, Monitores, Puntos de Venta, Teclados,   Impresoras, T\u00f3ner, C\u00e1maras de Seguridad y m\u00e1s en tu tienda en l\u00ednea\",\"publisher\":{\"@id\":\"https:\/\/compuviper.mx\/tienda\/#organization\"},\"potentialAction\":[{\"@type\":\"SearchAction\",\"target\":{\"@type\":\"EntryPoint\",\"urlTemplate\":\"https:\/\/compuviper.mx\/tienda\/?s={search_term_string}\"},\"query-input\":\"required name=search_term_string\"}],\"inLanguage\":\"es-MX\"},{\"@type\":\"Organization\",\"@id\":\"https:\/\/compuviper.mx\/tienda\/#organization\",\"name\":\"Compuviper\",\"url\":\"https:\/\/compuviper.mx\/tienda\/\",\"logo\":{\"@type\":\"ImageObject\",\"inLanguage\":\"es-MX\",\"@id\":\"https:\/\/compuviper.mx\/tienda\/#\/schema\/logo\/image\/\",\"url\":\"https:\/\/compuviper.mx\/tienda\/wp-content\/uploads\/2021\/08\/Logo-Compuviper-10.png\",\"contentUrl\":\"https:\/\/compuviper.mx\/tienda\/wp-content\/uploads\/2021\/08\/Logo-Compuviper-10.png\",\"width\":1000,\"height\":500,\"caption\":\"Compuviper\"},\"image\":{\"@id\":\"https:\/\/compuviper.mx\/tienda\/#\/schema\/logo\/image\/\"},\"sameAs\":[\"https:\/\/www.facebook.com\/compuviper\",\"https:\/\/www.youtube.com\/channel\/UCf73dERp9Y3cfOq7q8BhLjA?view_as=subscriber\"]}]}<\/script>\n<meta property=\"product:brand\" content=\"HEWLETT PACKARD ENTERPRISE\" \/>\n<meta property=\"product:price:amount\" content=\"5660\" \/>\n<meta property=\"product:price:currency\" content=\"MXN\" \/>\n<meta property=\"og:availability\" content=\"backorder\" \/>\n<meta property=\"product:availability\" content=\"available for order\" \/>\n<meta property=\"product:retailer_item_id\" content=\"H7LE8E\" \/>\n<meta property=\"product:condition\" content=\"new\" \/>\n<!-- \/ Yoast SEO plugin. -->","yoast_head_json":{"title":"[ Hewlett Packard Enterprise ] &#129351; H7le8e Poliza De Soporte Foundation Care 24x7 Para Mm-va-50 Vm Master","description":"Compra H7le8e Poliza De Soporte Foundation Care 24x7 Para Mm-va-50 Vm Master + Env\u00edo a domicilio + Pago seguro + Garant\u00eda","robots":{"index":"index","follow":"follow","max-snippet":"max-snippet:-1","max-image-preview":"max-image-preview:large","max-video-preview":"max-video-preview:-1"},"canonical":"https:\/\/compuviper.mx\/tienda\/producto\/hewlett-packard-enterprise-h7le8e-poliza-de-soporte-foundation-care-24x7-para-mm-va-50-vm-master\/","og_locale":"es_MX","og_type":"article","og_title":"[ Hewlett Packard Enterprise ] &#129351; H7le8e Poliza De Soporte Foundation Care 24x7 Para Mm-va-50 Vm Master","og_description":"Compra H7le8e Poliza De Soporte Foundation Care 24x7 Para Mm-va-50 Vm Master + Env\u00edo a domicilio + Pago seguro + Garant\u00eda","og_url":"https:\/\/compuviper.mx\/tienda\/producto\/hewlett-packard-enterprise-h7le8e-poliza-de-soporte-foundation-care-24x7-para-mm-va-50-vm-master\/","og_site_name":"Compuviper","article_publisher":"https:\/\/www.facebook.com\/compuviper","og_image":[{"width":200,"height":200,"url":"https:\/\/compuviper.mx\/tienda\/wp-content\/uploads\/2023\/12\/Poliza-de-soporte-foundation-care-24x7-para-mm-va-50-vm-master.jpg","type":"image\/jpeg"}],"twitter_card":"summary_large_image","twitter_misc":{"Precio":"&#36;5,660 con IVA","Availability":"On backorder"},"schema":{"@context":"https:\/\/schema.org","@graph":[{"@type":"WebPage","@id":"https:\/\/compuviper.mx\/tienda\/producto\/hewlett-packard-enterprise-h7le8e-poliza-de-soporte-foundation-care-24x7-para-mm-va-50-vm-master\/","url":"https:\/\/compuviper.mx\/tienda\/producto\/hewlett-packard-enterprise-h7le8e-poliza-de-soporte-foundation-care-24x7-para-mm-va-50-vm-master\/","name":"[ Hewlett Packard Enterprise ] &#129351; H7le8e Poliza De Soporte Foundation Care 24x7 Para Mm-va-50 Vm Master","isPartOf":{"@id":"https:\/\/compuviper.mx\/tienda\/#website"},"datePublished":"2026-04-02T07:35:42+00:00","dateModified":"2026-04-02T07:35:42+00:00","description":"Compra H7le8e Poliza De Soporte Foundation Care 24x7 Para Mm-va-50 Vm Master + Env\u00edo a domicilio + Pago seguro + Garant\u00eda","breadcrumb":{"@id":"https:\/\/compuviper.mx\/tienda\/producto\/hewlett-packard-enterprise-h7le8e-poliza-de-soporte-foundation-care-24x7-para-mm-va-50-vm-master\/#breadcrumb"},"inLanguage":"es-MX","potentialAction":[{"@type":"ReadAction","target":["https:\/\/compuviper.mx\/tienda\/producto\/hewlett-packard-enterprise-h7le8e-poliza-de-soporte-foundation-care-24x7-para-mm-va-50-vm-master\/"]}]},{"@type":"BreadcrumbList","@id":"https:\/\/compuviper.mx\/tienda\/producto\/hewlett-packard-enterprise-h7le8e-poliza-de-soporte-foundation-care-24x7-para-mm-va-50-vm-master\/#breadcrumb","itemListElement":[{"@type":"ListItem","position":1,"name":"Inicio","item":"https:\/\/compuviper.mx\/tienda\/"},{"@type":"ListItem","position":2,"name":"Productos","item":"https:\/\/compuviper.mx\/tienda\/productos\/"},{"@type":"ListItem","position":3,"name":"Poliza De Servicio","item":"https:\/\/compuviper.mx\/tienda\/categoria-producto\/poliza-de-servicio\/"},{"@type":"ListItem","position":4,"name":"Sin Categor\u00eda","item":"https:\/\/compuviper.mx\/tienda\/categoria-producto\/poliza-de-servicio\/sin-categoria-poliza-de-servicio\/"},{"@type":"ListItem","position":5,"name":"Hewlett Packard Enterprise H7le8e Poliza De Soporte Foundation Care 24&#215;7 Para Mm-va-50 Vm Master"}]},{"@type":"WebSite","@id":"https:\/\/compuviper.mx\/tienda\/#website","url":"https:\/\/compuviper.mx\/tienda\/","name":"Compuviper","description":"Proveedor de Computadoras, Laptops, Servidores, Monitores, Puntos de Venta, Teclados,   Impresoras, T\u00f3ner, C\u00e1maras de Seguridad y m\u00e1s en tu tienda en l\u00ednea","publisher":{"@id":"https:\/\/compuviper.mx\/tienda\/#organization"},"potentialAction":[{"@type":"SearchAction","target":{"@type":"EntryPoint","urlTemplate":"https:\/\/compuviper.mx\/tienda\/?s={search_term_string}"},"query-input":"required name=search_term_string"}],"inLanguage":"es-MX"},{"@type":"Organization","@id":"https:\/\/compuviper.mx\/tienda\/#organization","name":"Compuviper","url":"https:\/\/compuviper.mx\/tienda\/","logo":{"@type":"ImageObject","inLanguage":"es-MX","@id":"https:\/\/compuviper.mx\/tienda\/#\/schema\/logo\/image\/","url":"https:\/\/compuviper.mx\/tienda\/wp-content\/uploads\/2021\/08\/Logo-Compuviper-10.png","contentUrl":"https:\/\/compuviper.mx\/tienda\/wp-content\/uploads\/2021\/08\/Logo-Compuviper-10.png","width":1000,"height":500,"caption":"Compuviper"},"image":{"@id":"https:\/\/compuviper.mx\/tienda\/#\/schema\/logo\/image\/"},"sameAs":["https:\/\/www.facebook.com\/compuviper","https:\/\/www.youtube.com\/channel\/UCf73dERp9Y3cfOq7q8BhLjA?view_as=subscriber"]}]},"product_brand":"HEWLETT PACKARD ENTERPRISE","product_price_amount":"5660","product_price_currency":"MXN","og_availability":"backorder","product_availability":"available for order","product_retailer_item_id":"H7LE8E","product_condition":"new"},"_links":{"self":[{"href":"https:\/\/compuviper.mx\/tienda\/wp-json\/wp\/v2\/product\/222627"}],"collection":[{"href":"https:\/\/compuviper.mx\/tienda\/wp-json\/wp\/v2\/product"}],"about":[{"href":"https:\/\/compuviper.mx\/tienda\/wp-json\/wp\/v2\/types\/product"}],"replies":[{"embeddable":true,"href":"https:\/\/compuviper.mx\/tienda\/wp-json\/wp\/v2\/comments?post=222627"}],"wp:featuredmedia":[{"embeddable":true,"href":"https:\/\/compuviper.mx\/tienda\/wp-json\/wp\/v2\/media\/222628"}],"wp:attachment":[{"href":"https:\/\/compuviper.mx\/tienda\/wp-json\/wp\/v2\/media?parent=222627"}],"wp:term":[{"taxonomy":"product_cat","embeddable":true,"href":"https:\/\/compuviper.mx\/tienda\/wp-json\/wp\/v2\/product_cat?post=222627"},{"taxonomy":"product_tag","embeddable":true,"href":"https:\/\/compuviper.mx\/tienda\/wp-json\/wp\/v2\/product_tag?post=222627"}],"curies":[{"name":"wp","href":"https:\/\/api.w.org\/{rel}","templated":true}]}}