{"id":222562,"date":"2026-04-07T01:30:38","date_gmt":"2026-04-07T07:30:38","guid":{"rendered":"https:\/\/compuviper.mx\/tienda\/producto\/hewlett-packard-enterprise-h2xw3e-poliza-de-garantia-hpe-aruba-1y-fc-24x7-license-cn-bundle-svc-para-jw471aae\/"},"modified":"2026-04-07T01:30:38","modified_gmt":"2026-04-07T07:30:38","slug":"hewlett-packard-enterprise-h2xw3e-poliza-de-garantia-hpe-aruba-1y-fc-24x7-license-cn-bundle-svc-para-jw471aae","status":"publish","type":"product","link":"https:\/\/compuviper.mx\/tienda\/producto\/hewlett-packard-enterprise-h2xw3e-poliza-de-garantia-hpe-aruba-1y-fc-24x7-license-cn-bundle-svc-para-jw471aae\/","title":{"rendered":"Hewlett Packard Enterprise H2xw3e Poliza De Garantia Hpe Aruba  1y Fc 24&#215;7 License Cn Bundle Svc &#8211; Para Jw471aae"},"content":{"rendered":"<table class=\"descripcion\">\n<tr>\n<td>M\u00e9todo de servicio sw support<\/td>\n<\/tr>\n<tr>\n<td>Duraci\u00f3n 1 a\u00f1o<\/td>\n<\/tr>\n<tr>\n<td>Respuesta 2 hour sw response<\/td>\n<\/tr>\n<tr>\n<td>Periodo de cobertura las 24 horas, los 7 d\u00edas de la semana<\/td>\n<\/tr>\n<tr>\n<td>Tipo de servicio foundation care<\/td>\n<\/tr>\n<\/table>\n","protected":false},"excerpt":{"rendered":"<p>Hpe foundation care service se compone de servicios integrales de hardware y software destinados a ayudar a aumentar la disponibilidad de su infraestructura de ti. Los recursos t\u00e9cnicos de hewlett packard enterprise trabajan con su equipo de ti para ayudarlo a resolver problemas de hardware y software con hpe y productos de terceros seleccionados. Para los productos de hardware cubiertos por hpe foundation care, el servicio incluye diagn\u00f3stico y soporte remotos, as\u00ed como reparaci\u00f3n de hardware en el sitio si es necesario para resolver un problema. Para los productos de hardware hpe elegibles, este servicio tambi\u00e9n puede incluir soporte de software b\u00e1sico y gesti\u00f3n de llamadas colaborativas para software seleccionado que no sea hpe. P\u00f3ngase en contacto con hpe para obtener m\u00e1s informaci\u00f3n y determinar qu\u00e9 productos de software elegibles pueden incluirse como parte de su cobertura de productos de hardware. Para los productos de software cubiertos por hpe foundation care, hpe proporciona soporte t\u00e9cnico remoto y acceso a actualizaciones de software y parches.<\/p>\n","protected":false},"featured_media":222563,"comment_status":"open","ping_status":"open","template":"","meta":[],"product_cat":[1984,1985],"product_tag":[1568],"acf":[],"yoast_head":"<!-- This site is optimized with the Yoast SEO plugin v21.7 - https:\/\/yoast.com\/wordpress\/plugins\/seo\/ -->\n<title>[ Hewlett Packard Enterprise ] &#129351; H2xw3e Poliza De Garantia Hpe Aruba 1y Fc 24x7 License Cn Bundle Svc - Para Jw471aae<\/title>\n<meta name=\"description\" content=\"Compra H2xw3e Poliza De Garantia Hpe Aruba 1y Fc 24x7 License Cn Bundle Svc - Para Jw471aae + Env\u00edo a domicilio + Pago seguro + Garant\u00eda\" \/>\n<meta name=\"robots\" content=\"index, follow, max-snippet:-1, max-image-preview:large, max-video-preview:-1\" \/>\n<link rel=\"canonical\" href=\"https:\/\/compuviper.mx\/tienda\/producto\/hewlett-packard-enterprise-h2xw3e-poliza-de-garantia-hpe-aruba-1y-fc-24x7-license-cn-bundle-svc-para-jw471aae\/\" \/>\n<meta property=\"og:locale\" content=\"es_MX\" \/>\n<meta property=\"og:type\" content=\"article\" \/>\n<meta property=\"og:title\" content=\"[ Hewlett Packard Enterprise ] &#129351; H2xw3e Poliza De Garantia Hpe Aruba 1y Fc 24x7 License Cn Bundle Svc - Para Jw471aae\" \/>\n<meta property=\"og:description\" content=\"Compra H2xw3e Poliza De Garantia Hpe Aruba 1y Fc 24x7 License Cn Bundle Svc - Para Jw471aae + Env\u00edo a domicilio + Pago seguro + Garant\u00eda\" \/>\n<meta property=\"og:url\" content=\"https:\/\/compuviper.mx\/tienda\/producto\/hewlett-packard-enterprise-h2xw3e-poliza-de-garantia-hpe-aruba-1y-fc-24x7-license-cn-bundle-svc-para-jw471aae\/\" \/>\n<meta property=\"og:site_name\" content=\"Compuviper\" \/>\n<meta property=\"article:publisher\" content=\"https:\/\/www.facebook.com\/compuviper\" \/>\n<meta property=\"og:image\" content=\"https:\/\/compuviper.mx\/tienda\/wp-content\/uploads\/2023\/12\/Poliza-de-garantia-hpe-aruba-h2xw3e-1y-fc-24x7-license-cn-bundle-svc-para-jw471aae.jpg\" \/>\n\t<meta property=\"og:image:width\" content=\"200\" \/>\n\t<meta property=\"og:image:height\" content=\"200\" \/>\n\t<meta property=\"og:image:type\" content=\"image\/jpeg\" \/>\n<meta name=\"twitter:card\" content=\"summary_large_image\" \/>\n<meta name=\"twitter:label1\" content=\"Precio\" \/>\n\t<meta name=\"twitter:data1\" content=\"&#36;1,254 con IVA\" \/>\n\t<meta name=\"twitter:label2\" content=\"Availability\" \/>\n\t<meta name=\"twitter:data2\" content=\"On backorder\" \/>\n<script type=\"application\/ld+json\" class=\"yoast-schema-graph\">{\"@context\":\"https:\/\/schema.org\",\"@graph\":[{\"@type\":\"WebPage\",\"@id\":\"https:\/\/compuviper.mx\/tienda\/producto\/hewlett-packard-enterprise-h2xw3e-poliza-de-garantia-hpe-aruba-1y-fc-24x7-license-cn-bundle-svc-para-jw471aae\/\",\"url\":\"https:\/\/compuviper.mx\/tienda\/producto\/hewlett-packard-enterprise-h2xw3e-poliza-de-garantia-hpe-aruba-1y-fc-24x7-license-cn-bundle-svc-para-jw471aae\/\",\"name\":\"[ Hewlett Packard Enterprise ] &#129351; H2xw3e Poliza De Garantia Hpe Aruba 1y Fc 24x7 License Cn Bundle Svc - Para Jw471aae\",\"isPartOf\":{\"@id\":\"https:\/\/compuviper.mx\/tienda\/#website\"},\"datePublished\":\"2026-04-07T07:30:38+00:00\",\"dateModified\":\"2026-04-07T07:30:38+00:00\",\"description\":\"Compra H2xw3e Poliza De Garantia Hpe Aruba 1y Fc 24x7 License Cn Bundle Svc - Para Jw471aae + Env\u00edo a domicilio + Pago seguro + Garant\u00eda\",\"breadcrumb\":{\"@id\":\"https:\/\/compuviper.mx\/tienda\/producto\/hewlett-packard-enterprise-h2xw3e-poliza-de-garantia-hpe-aruba-1y-fc-24x7-license-cn-bundle-svc-para-jw471aae\/#breadcrumb\"},\"inLanguage\":\"es-MX\",\"potentialAction\":[{\"@type\":\"ReadAction\",\"target\":[\"https:\/\/compuviper.mx\/tienda\/producto\/hewlett-packard-enterprise-h2xw3e-poliza-de-garantia-hpe-aruba-1y-fc-24x7-license-cn-bundle-svc-para-jw471aae\/\"]}]},{\"@type\":\"BreadcrumbList\",\"@id\":\"https:\/\/compuviper.mx\/tienda\/producto\/hewlett-packard-enterprise-h2xw3e-poliza-de-garantia-hpe-aruba-1y-fc-24x7-license-cn-bundle-svc-para-jw471aae\/#breadcrumb\",\"itemListElement\":[{\"@type\":\"ListItem\",\"position\":1,\"name\":\"Inicio\",\"item\":\"https:\/\/compuviper.mx\/tienda\/\"},{\"@type\":\"ListItem\",\"position\":2,\"name\":\"Productos\",\"item\":\"https:\/\/compuviper.mx\/tienda\/productos\/\"},{\"@type\":\"ListItem\",\"position\":3,\"name\":\"Polizas De Garantia\",\"item\":\"https:\/\/compuviper.mx\/tienda\/categoria-producto\/polizas-de-garantia\/\"},{\"@type\":\"ListItem\",\"position\":4,\"name\":\"Sin Categor\u00eda\",\"item\":\"https:\/\/compuviper.mx\/tienda\/categoria-producto\/polizas-de-garantia\/sin-categoria-polizas-de-garantia\/\"},{\"@type\":\"ListItem\",\"position\":5,\"name\":\"Hewlett Packard Enterprise H2xw3e Poliza De Garantia Hpe Aruba 1y Fc 24&#215;7 License Cn Bundle Svc &#8211; Para Jw471aae\"}]},{\"@type\":\"WebSite\",\"@id\":\"https:\/\/compuviper.mx\/tienda\/#website\",\"url\":\"https:\/\/compuviper.mx\/tienda\/\",\"name\":\"Compuviper\",\"description\":\"Proveedor de Computadoras, Laptops, Servidores, Monitores, Puntos de Venta, Teclados,   Impresoras, T\u00f3ner, C\u00e1maras de Seguridad y m\u00e1s en tu tienda en l\u00ednea\",\"publisher\":{\"@id\":\"https:\/\/compuviper.mx\/tienda\/#organization\"},\"potentialAction\":[{\"@type\":\"SearchAction\",\"target\":{\"@type\":\"EntryPoint\",\"urlTemplate\":\"https:\/\/compuviper.mx\/tienda\/?s={search_term_string}\"},\"query-input\":\"required name=search_term_string\"}],\"inLanguage\":\"es-MX\"},{\"@type\":\"Organization\",\"@id\":\"https:\/\/compuviper.mx\/tienda\/#organization\",\"name\":\"Compuviper\",\"url\":\"https:\/\/compuviper.mx\/tienda\/\",\"logo\":{\"@type\":\"ImageObject\",\"inLanguage\":\"es-MX\",\"@id\":\"https:\/\/compuviper.mx\/tienda\/#\/schema\/logo\/image\/\",\"url\":\"https:\/\/compuviper.mx\/tienda\/wp-content\/uploads\/2021\/08\/Logo-Compuviper-10.png\",\"contentUrl\":\"https:\/\/compuviper.mx\/tienda\/wp-content\/uploads\/2021\/08\/Logo-Compuviper-10.png\",\"width\":1000,\"height\":500,\"caption\":\"Compuviper\"},\"image\":{\"@id\":\"https:\/\/compuviper.mx\/tienda\/#\/schema\/logo\/image\/\"},\"sameAs\":[\"https:\/\/www.facebook.com\/compuviper\",\"https:\/\/www.youtube.com\/channel\/UCf73dERp9Y3cfOq7q8BhLjA?view_as=subscriber\"]}]}<\/script>\n<meta property=\"product:brand\" content=\"HEWLETT PACKARD ENTERPRISE\" \/>\n<meta property=\"product:price:amount\" content=\"1254\" \/>\n<meta property=\"product:price:currency\" content=\"MXN\" \/>\n<meta property=\"og:availability\" content=\"backorder\" \/>\n<meta property=\"product:availability\" content=\"available for order\" \/>\n<meta property=\"product:retailer_item_id\" content=\"H2XW3E\" \/>\n<meta property=\"product:condition\" content=\"new\" \/>\n<!-- \/ Yoast SEO plugin. -->","yoast_head_json":{"title":"[ Hewlett Packard Enterprise ] &#129351; H2xw3e Poliza De Garantia Hpe Aruba 1y Fc 24x7 License Cn Bundle Svc - Para Jw471aae","description":"Compra H2xw3e Poliza De Garantia Hpe Aruba 1y Fc 24x7 License Cn Bundle Svc - Para Jw471aae + Env\u00edo a domicilio + Pago seguro + Garant\u00eda","robots":{"index":"index","follow":"follow","max-snippet":"max-snippet:-1","max-image-preview":"max-image-preview:large","max-video-preview":"max-video-preview:-1"},"canonical":"https:\/\/compuviper.mx\/tienda\/producto\/hewlett-packard-enterprise-h2xw3e-poliza-de-garantia-hpe-aruba-1y-fc-24x7-license-cn-bundle-svc-para-jw471aae\/","og_locale":"es_MX","og_type":"article","og_title":"[ Hewlett Packard Enterprise ] &#129351; H2xw3e Poliza De Garantia Hpe Aruba 1y Fc 24x7 License Cn Bundle Svc - Para Jw471aae","og_description":"Compra H2xw3e Poliza De Garantia Hpe Aruba 1y Fc 24x7 License Cn Bundle Svc - Para Jw471aae + Env\u00edo a domicilio + Pago seguro + Garant\u00eda","og_url":"https:\/\/compuviper.mx\/tienda\/producto\/hewlett-packard-enterprise-h2xw3e-poliza-de-garantia-hpe-aruba-1y-fc-24x7-license-cn-bundle-svc-para-jw471aae\/","og_site_name":"Compuviper","article_publisher":"https:\/\/www.facebook.com\/compuviper","og_image":[{"width":200,"height":200,"url":"https:\/\/compuviper.mx\/tienda\/wp-content\/uploads\/2023\/12\/Poliza-de-garantia-hpe-aruba-h2xw3e-1y-fc-24x7-license-cn-bundle-svc-para-jw471aae.jpg","type":"image\/jpeg"}],"twitter_card":"summary_large_image","twitter_misc":{"Precio":"&#36;1,254 con IVA","Availability":"On backorder"},"schema":{"@context":"https:\/\/schema.org","@graph":[{"@type":"WebPage","@id":"https:\/\/compuviper.mx\/tienda\/producto\/hewlett-packard-enterprise-h2xw3e-poliza-de-garantia-hpe-aruba-1y-fc-24x7-license-cn-bundle-svc-para-jw471aae\/","url":"https:\/\/compuviper.mx\/tienda\/producto\/hewlett-packard-enterprise-h2xw3e-poliza-de-garantia-hpe-aruba-1y-fc-24x7-license-cn-bundle-svc-para-jw471aae\/","name":"[ Hewlett Packard Enterprise ] &#129351; H2xw3e Poliza De Garantia Hpe Aruba 1y Fc 24x7 License Cn Bundle Svc - Para Jw471aae","isPartOf":{"@id":"https:\/\/compuviper.mx\/tienda\/#website"},"datePublished":"2026-04-07T07:30:38+00:00","dateModified":"2026-04-07T07:30:38+00:00","description":"Compra H2xw3e Poliza De Garantia Hpe Aruba 1y Fc 24x7 License Cn Bundle Svc - Para Jw471aae + Env\u00edo a domicilio + Pago seguro + Garant\u00eda","breadcrumb":{"@id":"https:\/\/compuviper.mx\/tienda\/producto\/hewlett-packard-enterprise-h2xw3e-poliza-de-garantia-hpe-aruba-1y-fc-24x7-license-cn-bundle-svc-para-jw471aae\/#breadcrumb"},"inLanguage":"es-MX","potentialAction":[{"@type":"ReadAction","target":["https:\/\/compuviper.mx\/tienda\/producto\/hewlett-packard-enterprise-h2xw3e-poliza-de-garantia-hpe-aruba-1y-fc-24x7-license-cn-bundle-svc-para-jw471aae\/"]}]},{"@type":"BreadcrumbList","@id":"https:\/\/compuviper.mx\/tienda\/producto\/hewlett-packard-enterprise-h2xw3e-poliza-de-garantia-hpe-aruba-1y-fc-24x7-license-cn-bundle-svc-para-jw471aae\/#breadcrumb","itemListElement":[{"@type":"ListItem","position":1,"name":"Inicio","item":"https:\/\/compuviper.mx\/tienda\/"},{"@type":"ListItem","position":2,"name":"Productos","item":"https:\/\/compuviper.mx\/tienda\/productos\/"},{"@type":"ListItem","position":3,"name":"Polizas De Garantia","item":"https:\/\/compuviper.mx\/tienda\/categoria-producto\/polizas-de-garantia\/"},{"@type":"ListItem","position":4,"name":"Sin Categor\u00eda","item":"https:\/\/compuviper.mx\/tienda\/categoria-producto\/polizas-de-garantia\/sin-categoria-polizas-de-garantia\/"},{"@type":"ListItem","position":5,"name":"Hewlett Packard Enterprise H2xw3e Poliza De Garantia Hpe Aruba 1y Fc 24&#215;7 License Cn Bundle Svc &#8211; Para Jw471aae"}]},{"@type":"WebSite","@id":"https:\/\/compuviper.mx\/tienda\/#website","url":"https:\/\/compuviper.mx\/tienda\/","name":"Compuviper","description":"Proveedor de Computadoras, Laptops, Servidores, Monitores, Puntos de Venta, Teclados,   Impresoras, T\u00f3ner, C\u00e1maras de Seguridad y m\u00e1s en tu tienda en l\u00ednea","publisher":{"@id":"https:\/\/compuviper.mx\/tienda\/#organization"},"potentialAction":[{"@type":"SearchAction","target":{"@type":"EntryPoint","urlTemplate":"https:\/\/compuviper.mx\/tienda\/?s={search_term_string}"},"query-input":"required name=search_term_string"}],"inLanguage":"es-MX"},{"@type":"Organization","@id":"https:\/\/compuviper.mx\/tienda\/#organization","name":"Compuviper","url":"https:\/\/compuviper.mx\/tienda\/","logo":{"@type":"ImageObject","inLanguage":"es-MX","@id":"https:\/\/compuviper.mx\/tienda\/#\/schema\/logo\/image\/","url":"https:\/\/compuviper.mx\/tienda\/wp-content\/uploads\/2021\/08\/Logo-Compuviper-10.png","contentUrl":"https:\/\/compuviper.mx\/tienda\/wp-content\/uploads\/2021\/08\/Logo-Compuviper-10.png","width":1000,"height":500,"caption":"Compuviper"},"image":{"@id":"https:\/\/compuviper.mx\/tienda\/#\/schema\/logo\/image\/"},"sameAs":["https:\/\/www.facebook.com\/compuviper","https:\/\/www.youtube.com\/channel\/UCf73dERp9Y3cfOq7q8BhLjA?view_as=subscriber"]}]},"product_brand":"HEWLETT PACKARD ENTERPRISE","product_price_amount":"1254","product_price_currency":"MXN","og_availability":"backorder","product_availability":"available for order","product_retailer_item_id":"H2XW3E","product_condition":"new"},"_links":{"self":[{"href":"https:\/\/compuviper.mx\/tienda\/wp-json\/wp\/v2\/product\/222562"}],"collection":[{"href":"https:\/\/compuviper.mx\/tienda\/wp-json\/wp\/v2\/product"}],"about":[{"href":"https:\/\/compuviper.mx\/tienda\/wp-json\/wp\/v2\/types\/product"}],"replies":[{"embeddable":true,"href":"https:\/\/compuviper.mx\/tienda\/wp-json\/wp\/v2\/comments?post=222562"}],"wp:featuredmedia":[{"embeddable":true,"href":"https:\/\/compuviper.mx\/tienda\/wp-json\/wp\/v2\/media\/222563"}],"wp:attachment":[{"href":"https:\/\/compuviper.mx\/tienda\/wp-json\/wp\/v2\/media?parent=222562"}],"wp:term":[{"taxonomy":"product_cat","embeddable":true,"href":"https:\/\/compuviper.mx\/tienda\/wp-json\/wp\/v2\/product_cat?post=222562"},{"taxonomy":"product_tag","embeddable":true,"href":"https:\/\/compuviper.mx\/tienda\/wp-json\/wp\/v2\/product_tag?post=222562"}],"curies":[{"name":"wp","href":"https:\/\/api.w.org\/{rel}","templated":true}]}}