{"id":222500,"date":"2026-04-18T01:38:17","date_gmt":"2026-04-18T07:38:17","guid":{"rendered":"https:\/\/compuviper.mx\/tienda\/producto\/multimedia-screens-pm-87ir-pizarron-interactivo-touch-infrarroja-20-toques-4-usuarios-resolucion-32768-x-32768-87-en-diagonal\/"},"modified":"2026-04-18T01:38:18","modified_gmt":"2026-04-18T07:38:18","slug":"multimedia-screens-pm-87ir-pizarron-interactivo-touch-infrarroja-20-toques-4-usuarios-resolucion-32768-x-32768-87-en-diagonal","status":"publish","type":"product","link":"https:\/\/compuviper.mx\/tienda\/producto\/multimedia-screens-pm-87ir-pizarron-interactivo-touch-infrarroja-20-toques-4-usuarios-resolucion-32768-x-32768-87-en-diagonal\/","title":{"rendered":"Multimedia Screens Pm-87ir Pizarron Interactivo , , Touch Infrarroja 20 Toques,  4 Usuarios, Resolucion 32768 X 32768, 87? En Diagonal"},"content":{"rendered":"<table class=\"descripcion\">\n<tr>\n<td>-tecnologia touch, con imagen infrarroja<\/td>\n<\/tr>\n<tr>\n<td>-modo de escritura reconocido: pluma, dedos, punteros o cualquier otro objeto opaco<\/td>\n<\/tr>\n<tr>\n<td>-modo de comunicacion y energizacion: estandar a traves de cable usb 2.0<\/td>\n<\/tr>\n<tr>\n<td>-material de la superficie: porcelanizada, alta resistencia, baja reflexion revestido duro, material ecologico, compuesto, anti deslumbrante, resistente al desgaste, &#8212;resistente al agua.<\/td>\n<\/tr>\n<tr>\n<td>-resolucion: 32768 x 32768<\/td>\n<\/tr>\n<tr>\n<td>-precision: 0.1mm<\/td>\n<\/tr>\n<tr>\n<td>-maxima desviacion: 1 mm<\/td>\n<\/tr>\n<tr>\n<td>-minimo diametro de escritura 5 mm<\/td>\n<\/tr>\n<tr>\n<td>-velocidad de respuesta: 10 ms<\/td>\n<\/tr>\n<tr>\n<td>-velocidad de muestreo: 180 puntos \/ metro<\/td>\n<\/tr>\n<tr>\n<td>-energia requerida: menos de 1 watt a traves de cable usb<\/td>\n<\/tr>\n<tr>\n<td>-llaves de acceso directo: 16 llaves en los extremos horizontales del pizarron<\/td>\n<\/tr>\n<tr>\n<td>-hardware: estandar equipo hid, software gratis soporta windows mac y linux<\/td>\n<\/tr>\n<tr>\n<td>-reconocimiento de gestos: con un solo toque puedes activar la funcion de escrituras con dos toques puedes activar las funciones de mover cualquier pagina adelanto y atraso de pagina, rotacion, zoom in, zoom out, con la palma de la mano tu puedes activar la funcion de borrado.<\/td>\n<\/tr>\n<tr>\n<td>-modo de instalacion: montaje pared (material incluido)<\/td>\n<\/tr>\n<tr>\n<td>-area activa: mm 1720&#215;1220<\/td>\n<\/tr>\n<tr>\n<td>-peso exclusivo del pizarron: kg 16<\/td>\n<\/tr>\n<tr>\n<td>-peso del pizarron con empaque en kg: 22<\/td>\n<\/tr>\n<tr>\n<td>-accesorios para montaje a pared: estandar incluido<\/td>\n<\/tr>\n<tr>\n<td>-cable usb: 5 metros incluido<\/td>\n<\/tr>\n<tr>\n<td>-pluma optica para pizarron: 2 plumas incluidas<\/td>\n<\/tr>\n<tr>\n<td>-soporte movible: opcional<\/td>\n<\/tr>\n<tr>\n<td>-soporte movible para proyector tiro corto: opcional<\/td>\n<\/tr>\n<tr>\n<td>-contraste radio: 4:3<\/td>\n<\/tr>\n<tr>\n<td>-temperatura de operacion: (-) 15\u00b0c hasta 40\u00b0c<\/td>\n<\/tr>\n<tr>\n<td>Factor de humedad soportado: 20 a 90 %<\/td>\n<\/tr>\n<tr>\n<td>Temperatura de almacenaje: (-) 40\u00b0c hasta 50\u00b0c<\/td>\n<\/tr>\n<tr>\n<td>Humedad soportada para almacenaje: 10 a 95%<\/td>\n<\/tr>\n<\/table>\n","protected":false},"excerpt":{"rendered":"<p>Ventajas. Funciona con cualquier objeto. Durabilidad y resistencia a largo plazo. No afecta la superficie y su uso aun teniendo da\u00f1os leves. Soporta sistemas operativos windows 7 y windows 8. Multi touch soporta 4 usuarios a la vez. Pizarron interactivo con avanzada tecnologia touch infrarroja, superficie porcelanizada usa lo m\u00e1s nuevo a traves de transmisor y receptor de leds, por medio de la intensidad de la se\u00f1al calcula la posicion de contacto de las plumillas, dedos o cualquier objeto opaco para comenzar a trabajar<\/p>\n","protected":false},"featured_media":222501,"comment_status":"open","ping_status":"open","template":"","meta":[],"product_cat":[1980,1981],"product_tag":[1545],"acf":[],"yoast_head":"<!-- This site is optimized with the Yoast SEO plugin v21.7 - https:\/\/yoast.com\/wordpress\/plugins\/seo\/ -->\n<title>[ Multimedia Screens ] &#129351; Pm-87ir Pizarron Interactivo , , Touch Infrarroja 20 Toques, 4 Usuarios, Resolucion 32768 X 32768, 87\u0094 En Diagonal<\/title>\n<meta name=\"description\" content=\"Compra Pm-87ir Pizarron Interactivo , , Touch Infrarroja 20 Toques, 4 Usuarios, Resolucion 32768 X 32768, 87\u0094 En Diagonal + Env\u00edo a domicilio + Pago seguro + Garant\u00eda\" \/>\n<meta name=\"robots\" content=\"index, follow, max-snippet:-1, max-image-preview:large, max-video-preview:-1\" \/>\n<link rel=\"canonical\" href=\"https:\/\/compuviper.mx\/tienda\/producto\/multimedia-screens-pm-87ir-pizarron-interactivo-touch-infrarroja-20-toques-4-usuarios-resolucion-32768-x-32768-87-en-diagonal\/\" \/>\n<meta property=\"og:locale\" content=\"es_MX\" \/>\n<meta property=\"og:type\" content=\"article\" \/>\n<meta property=\"og:title\" content=\"[ Multimedia Screens ] &#129351; Pm-87ir Pizarron Interactivo , , Touch Infrarroja 20 Toques, 4 Usuarios, Resolucion 32768 X 32768, 87\u0094 En Diagonal\" \/>\n<meta property=\"og:description\" content=\"Compra Pm-87ir Pizarron Interactivo , , Touch Infrarroja 20 Toques, 4 Usuarios, Resolucion 32768 X 32768, 87\u0094 En Diagonal + Env\u00edo a domicilio + Pago seguro + Garant\u00eda\" \/>\n<meta property=\"og:url\" content=\"https:\/\/compuviper.mx\/tienda\/producto\/multimedia-screens-pm-87ir-pizarron-interactivo-touch-infrarroja-20-toques-4-usuarios-resolucion-32768-x-32768-87-en-diagonal\/\" \/>\n<meta property=\"og:site_name\" content=\"Compuviper\" \/>\n<meta property=\"article:publisher\" content=\"https:\/\/www.facebook.com\/compuviper\" \/>\n<meta property=\"article:modified_time\" content=\"2026-04-18T07:38:18+00:00\" \/>\n<meta property=\"og:image\" content=\"https:\/\/compuviper.mx\/tienda\/wp-content\/uploads\/2023\/12\/Pizarron-interactivo-multimedia-screens-pm-87ir-touch-infrarroja-20-toques-4-usuarios-resolucion-32768-x-32768-87\u0094-en-diagonal.jpg\" \/>\n\t<meta property=\"og:image:width\" content=\"200\" \/>\n\t<meta property=\"og:image:height\" content=\"200\" \/>\n\t<meta property=\"og:image:type\" content=\"image\/jpeg\" \/>\n<meta name=\"twitter:card\" content=\"summary_large_image\" \/>\n<meta name=\"twitter:label1\" content=\"Precio\" \/>\n\t<meta name=\"twitter:data1\" content=\"&#36;10,115 con IVA\" \/>\n\t<meta name=\"twitter:label2\" content=\"Availability\" \/>\n\t<meta name=\"twitter:data2\" content=\"On backorder\" \/>\n<script type=\"application\/ld+json\" class=\"yoast-schema-graph\">{\"@context\":\"https:\/\/schema.org\",\"@graph\":[{\"@type\":\"WebPage\",\"@id\":\"https:\/\/compuviper.mx\/tienda\/producto\/multimedia-screens-pm-87ir-pizarron-interactivo-touch-infrarroja-20-toques-4-usuarios-resolucion-32768-x-32768-87-en-diagonal\/\",\"url\":\"https:\/\/compuviper.mx\/tienda\/producto\/multimedia-screens-pm-87ir-pizarron-interactivo-touch-infrarroja-20-toques-4-usuarios-resolucion-32768-x-32768-87-en-diagonal\/\",\"name\":\"[ Multimedia Screens ] &#129351; Pm-87ir Pizarron Interactivo , , Touch Infrarroja 20 Toques, 4 Usuarios, Resolucion 32768 X 32768, 87\u0094 En Diagonal\",\"isPartOf\":{\"@id\":\"https:\/\/compuviper.mx\/tienda\/#website\"},\"datePublished\":\"2026-04-18T07:38:17+00:00\",\"dateModified\":\"2026-04-18T07:38:18+00:00\",\"description\":\"Compra Pm-87ir Pizarron Interactivo , , Touch Infrarroja 20 Toques, 4 Usuarios, Resolucion 32768 X 32768, 87\u0094 En Diagonal + Env\u00edo a domicilio + Pago seguro + Garant\u00eda\",\"breadcrumb\":{\"@id\":\"https:\/\/compuviper.mx\/tienda\/producto\/multimedia-screens-pm-87ir-pizarron-interactivo-touch-infrarroja-20-toques-4-usuarios-resolucion-32768-x-32768-87-en-diagonal\/#breadcrumb\"},\"inLanguage\":\"es-MX\",\"potentialAction\":[{\"@type\":\"ReadAction\",\"target\":[\"https:\/\/compuviper.mx\/tienda\/producto\/multimedia-screens-pm-87ir-pizarron-interactivo-touch-infrarroja-20-toques-4-usuarios-resolucion-32768-x-32768-87-en-diagonal\/\"]}]},{\"@type\":\"BreadcrumbList\",\"@id\":\"https:\/\/compuviper.mx\/tienda\/producto\/multimedia-screens-pm-87ir-pizarron-interactivo-touch-infrarroja-20-toques-4-usuarios-resolucion-32768-x-32768-87-en-diagonal\/#breadcrumb\",\"itemListElement\":[{\"@type\":\"ListItem\",\"position\":1,\"name\":\"Inicio\",\"item\":\"https:\/\/compuviper.mx\/tienda\/\"},{\"@type\":\"ListItem\",\"position\":2,\"name\":\"Productos\",\"item\":\"https:\/\/compuviper.mx\/tienda\/productos\/\"},{\"@type\":\"ListItem\",\"position\":3,\"name\":\"Pizarron\",\"item\":\"https:\/\/compuviper.mx\/tienda\/categoria-producto\/pizarron\/\"},{\"@type\":\"ListItem\",\"position\":4,\"name\":\"Interactivo\",\"item\":\"https:\/\/compuviper.mx\/tienda\/categoria-producto\/pizarron\/interactivo\/\"},{\"@type\":\"ListItem\",\"position\":5,\"name\":\"Multimedia Screens Pm-87ir Pizarron Interactivo , , Touch Infrarroja 20 Toques, 4 Usuarios, Resolucion 32768 X 32768, 87? En Diagonal\"}]},{\"@type\":\"WebSite\",\"@id\":\"https:\/\/compuviper.mx\/tienda\/#website\",\"url\":\"https:\/\/compuviper.mx\/tienda\/\",\"name\":\"Compuviper\",\"description\":\"Proveedor de Computadoras, Laptops, Servidores, Monitores, Puntos de Venta, Teclados,   Impresoras, T\u00f3ner, C\u00e1maras de Seguridad y m\u00e1s en tu tienda en l\u00ednea\",\"publisher\":{\"@id\":\"https:\/\/compuviper.mx\/tienda\/#organization\"},\"potentialAction\":[{\"@type\":\"SearchAction\",\"target\":{\"@type\":\"EntryPoint\",\"urlTemplate\":\"https:\/\/compuviper.mx\/tienda\/?s={search_term_string}\"},\"query-input\":\"required name=search_term_string\"}],\"inLanguage\":\"es-MX\"},{\"@type\":\"Organization\",\"@id\":\"https:\/\/compuviper.mx\/tienda\/#organization\",\"name\":\"Compuviper\",\"url\":\"https:\/\/compuviper.mx\/tienda\/\",\"logo\":{\"@type\":\"ImageObject\",\"inLanguage\":\"es-MX\",\"@id\":\"https:\/\/compuviper.mx\/tienda\/#\/schema\/logo\/image\/\",\"url\":\"https:\/\/compuviper.mx\/tienda\/wp-content\/uploads\/2021\/08\/Logo-Compuviper-10.png\",\"contentUrl\":\"https:\/\/compuviper.mx\/tienda\/wp-content\/uploads\/2021\/08\/Logo-Compuviper-10.png\",\"width\":1000,\"height\":500,\"caption\":\"Compuviper\"},\"image\":{\"@id\":\"https:\/\/compuviper.mx\/tienda\/#\/schema\/logo\/image\/\"},\"sameAs\":[\"https:\/\/www.facebook.com\/compuviper\",\"https:\/\/www.youtube.com\/channel\/UCf73dERp9Y3cfOq7q8BhLjA?view_as=subscriber\"]}]}<\/script>\n<meta property=\"product:brand\" content=\"MULTIMEDIA SCREENS\" \/>\n<meta property=\"product:price:amount\" content=\"10115\" \/>\n<meta property=\"product:price:currency\" content=\"MXN\" \/>\n<meta property=\"og:availability\" content=\"backorder\" \/>\n<meta property=\"product:availability\" content=\"available for order\" \/>\n<meta property=\"product:retailer_item_id\" content=\"PM-87IR\" \/>\n<meta property=\"product:condition\" content=\"new\" \/>\n<!-- \/ Yoast SEO plugin. -->","yoast_head_json":{"title":"[ Multimedia Screens ] &#129351; Pm-87ir Pizarron Interactivo , , Touch Infrarroja 20 Toques, 4 Usuarios, Resolucion 32768 X 32768, 87\u0094 En Diagonal","description":"Compra Pm-87ir Pizarron Interactivo , , Touch Infrarroja 20 Toques, 4 Usuarios, Resolucion 32768 X 32768, 87\u0094 En Diagonal + Env\u00edo a domicilio + Pago seguro + Garant\u00eda","robots":{"index":"index","follow":"follow","max-snippet":"max-snippet:-1","max-image-preview":"max-image-preview:large","max-video-preview":"max-video-preview:-1"},"canonical":"https:\/\/compuviper.mx\/tienda\/producto\/multimedia-screens-pm-87ir-pizarron-interactivo-touch-infrarroja-20-toques-4-usuarios-resolucion-32768-x-32768-87-en-diagonal\/","og_locale":"es_MX","og_type":"article","og_title":"[ Multimedia Screens ] &#129351; Pm-87ir Pizarron Interactivo , , Touch Infrarroja 20 Toques, 4 Usuarios, Resolucion 32768 X 32768, 87\u0094 En Diagonal","og_description":"Compra Pm-87ir Pizarron Interactivo , , Touch Infrarroja 20 Toques, 4 Usuarios, Resolucion 32768 X 32768, 87\u0094 En Diagonal + Env\u00edo a domicilio + Pago seguro + Garant\u00eda","og_url":"https:\/\/compuviper.mx\/tienda\/producto\/multimedia-screens-pm-87ir-pizarron-interactivo-touch-infrarroja-20-toques-4-usuarios-resolucion-32768-x-32768-87-en-diagonal\/","og_site_name":"Compuviper","article_publisher":"https:\/\/www.facebook.com\/compuviper","article_modified_time":"2026-04-18T07:38:18+00:00","og_image":[{"width":200,"height":200,"url":"https:\/\/compuviper.mx\/tienda\/wp-content\/uploads\/2023\/12\/Pizarron-interactivo-multimedia-screens-pm-87ir-touch-infrarroja-20-toques-4-usuarios-resolucion-32768-x-32768-87\u0094-en-diagonal.jpg","type":"image\/jpeg"}],"twitter_card":"summary_large_image","twitter_misc":{"Precio":"&#36;10,115 con IVA","Availability":"On backorder"},"schema":{"@context":"https:\/\/schema.org","@graph":[{"@type":"WebPage","@id":"https:\/\/compuviper.mx\/tienda\/producto\/multimedia-screens-pm-87ir-pizarron-interactivo-touch-infrarroja-20-toques-4-usuarios-resolucion-32768-x-32768-87-en-diagonal\/","url":"https:\/\/compuviper.mx\/tienda\/producto\/multimedia-screens-pm-87ir-pizarron-interactivo-touch-infrarroja-20-toques-4-usuarios-resolucion-32768-x-32768-87-en-diagonal\/","name":"[ Multimedia Screens ] &#129351; Pm-87ir Pizarron Interactivo , , Touch Infrarroja 20 Toques, 4 Usuarios, Resolucion 32768 X 32768, 87\u0094 En Diagonal","isPartOf":{"@id":"https:\/\/compuviper.mx\/tienda\/#website"},"datePublished":"2026-04-18T07:38:17+00:00","dateModified":"2026-04-18T07:38:18+00:00","description":"Compra Pm-87ir Pizarron Interactivo , , Touch Infrarroja 20 Toques, 4 Usuarios, Resolucion 32768 X 32768, 87\u0094 En Diagonal + Env\u00edo a domicilio + Pago seguro + Garant\u00eda","breadcrumb":{"@id":"https:\/\/compuviper.mx\/tienda\/producto\/multimedia-screens-pm-87ir-pizarron-interactivo-touch-infrarroja-20-toques-4-usuarios-resolucion-32768-x-32768-87-en-diagonal\/#breadcrumb"},"inLanguage":"es-MX","potentialAction":[{"@type":"ReadAction","target":["https:\/\/compuviper.mx\/tienda\/producto\/multimedia-screens-pm-87ir-pizarron-interactivo-touch-infrarroja-20-toques-4-usuarios-resolucion-32768-x-32768-87-en-diagonal\/"]}]},{"@type":"BreadcrumbList","@id":"https:\/\/compuviper.mx\/tienda\/producto\/multimedia-screens-pm-87ir-pizarron-interactivo-touch-infrarroja-20-toques-4-usuarios-resolucion-32768-x-32768-87-en-diagonal\/#breadcrumb","itemListElement":[{"@type":"ListItem","position":1,"name":"Inicio","item":"https:\/\/compuviper.mx\/tienda\/"},{"@type":"ListItem","position":2,"name":"Productos","item":"https:\/\/compuviper.mx\/tienda\/productos\/"},{"@type":"ListItem","position":3,"name":"Pizarron","item":"https:\/\/compuviper.mx\/tienda\/categoria-producto\/pizarron\/"},{"@type":"ListItem","position":4,"name":"Interactivo","item":"https:\/\/compuviper.mx\/tienda\/categoria-producto\/pizarron\/interactivo\/"},{"@type":"ListItem","position":5,"name":"Multimedia Screens Pm-87ir Pizarron Interactivo , , Touch Infrarroja 20 Toques, 4 Usuarios, Resolucion 32768 X 32768, 87? En Diagonal"}]},{"@type":"WebSite","@id":"https:\/\/compuviper.mx\/tienda\/#website","url":"https:\/\/compuviper.mx\/tienda\/","name":"Compuviper","description":"Proveedor de Computadoras, Laptops, Servidores, Monitores, Puntos de Venta, Teclados,   Impresoras, T\u00f3ner, C\u00e1maras de Seguridad y m\u00e1s en tu tienda en l\u00ednea","publisher":{"@id":"https:\/\/compuviper.mx\/tienda\/#organization"},"potentialAction":[{"@type":"SearchAction","target":{"@type":"EntryPoint","urlTemplate":"https:\/\/compuviper.mx\/tienda\/?s={search_term_string}"},"query-input":"required name=search_term_string"}],"inLanguage":"es-MX"},{"@type":"Organization","@id":"https:\/\/compuviper.mx\/tienda\/#organization","name":"Compuviper","url":"https:\/\/compuviper.mx\/tienda\/","logo":{"@type":"ImageObject","inLanguage":"es-MX","@id":"https:\/\/compuviper.mx\/tienda\/#\/schema\/logo\/image\/","url":"https:\/\/compuviper.mx\/tienda\/wp-content\/uploads\/2021\/08\/Logo-Compuviper-10.png","contentUrl":"https:\/\/compuviper.mx\/tienda\/wp-content\/uploads\/2021\/08\/Logo-Compuviper-10.png","width":1000,"height":500,"caption":"Compuviper"},"image":{"@id":"https:\/\/compuviper.mx\/tienda\/#\/schema\/logo\/image\/"},"sameAs":["https:\/\/www.facebook.com\/compuviper","https:\/\/www.youtube.com\/channel\/UCf73dERp9Y3cfOq7q8BhLjA?view_as=subscriber"]}]},"product_brand":"MULTIMEDIA SCREENS","product_price_amount":"10115","product_price_currency":"MXN","og_availability":"backorder","product_availability":"available for order","product_retailer_item_id":"PM-87IR","product_condition":"new"},"_links":{"self":[{"href":"https:\/\/compuviper.mx\/tienda\/wp-json\/wp\/v2\/product\/222500"}],"collection":[{"href":"https:\/\/compuviper.mx\/tienda\/wp-json\/wp\/v2\/product"}],"about":[{"href":"https:\/\/compuviper.mx\/tienda\/wp-json\/wp\/v2\/types\/product"}],"replies":[{"embeddable":true,"href":"https:\/\/compuviper.mx\/tienda\/wp-json\/wp\/v2\/comments?post=222500"}],"wp:featuredmedia":[{"embeddable":true,"href":"https:\/\/compuviper.mx\/tienda\/wp-json\/wp\/v2\/media\/222501"}],"wp:attachment":[{"href":"https:\/\/compuviper.mx\/tienda\/wp-json\/wp\/v2\/media?parent=222500"}],"wp:term":[{"taxonomy":"product_cat","embeddable":true,"href":"https:\/\/compuviper.mx\/tienda\/wp-json\/wp\/v2\/product_cat?post=222500"},{"taxonomy":"product_tag","embeddable":true,"href":"https:\/\/compuviper.mx\/tienda\/wp-json\/wp\/v2\/product_tag?post=222500"}],"curies":[{"name":"wp","href":"https:\/\/api.w.org\/{rel}","templated":true}]}}