{"id":222250,"date":"2026-04-16T01:25:25","date_gmt":"2026-04-16T07:25:25","guid":{"rendered":"https:\/\/compuviper.mx\/tienda\/producto\/tomi-pt0013-mini-pc-v7-samsung-5-octa-2-0-ghz-ubuntu-mate-16-04-2-gb-ram-32-gb-sd-hdmi-usb-3-0-x2-ethernet-open-office-router-30-dispositivos\/"},"modified":"2026-04-16T01:25:25","modified_gmt":"2026-04-16T07:25:25","slug":"tomi-pt0013-mini-pc-v7-samsung-5-octa-2-0-ghz-ubuntu-mate-16-04-2-gb-ram-32-gb-sd-hdmi-usb-3-0-x2-ethernet-open-office-router-30-dispositivos","status":"publish","type":"product","link":"https:\/\/compuviper.mx\/tienda\/producto\/tomi-pt0013-mini-pc-v7-samsung-5-octa-2-0-ghz-ubuntu-mate-16-04-2-gb-ram-32-gb-sd-hdmi-usb-3-0-x2-ethernet-open-office-router-30-dispositivos\/","title":{"rendered":"Tomi Pt0013 Mini Pc,  V7, Samsung 5 Octa 2.0 Ghz \/ Ubuntu Mate 16.04 \/ 2 Gb Ram \/ 32 Gb Sd \/ Hdmi \/ Usb 3.0 X2 \/ Ethernet \/ Open Office \/ Router 30 Dispositivos"},"content":{"rendered":"<table class=\"descripcion\">\n<tr>\n<td>Procesador exynus 5 octa 2.0 ghz \/<\/td>\n<\/tr>\n<tr>\n<td>Memoria interna 32gb \/<\/td>\n<\/tr>\n<tr>\n<td>Ram 2gb \/<\/td>\n<\/tr>\n<tr>\n<td>Sistema operativo ubuntu mate 16.04 (linux) \/<\/td>\n<\/tr>\n<tr>\n<td>Wlan 2.4 ghz \/<\/td>\n<\/tr>\n<tr>\n<td>Lan 10\/100 \/<\/td>\n<\/tr>\n<tr>\n<td>2 puertos usb 3.0 \/<\/td>\n<\/tr>\n<tr>\n<td>1 hdmi 1.49 \/<\/td>\n<\/tr>\n<tr>\n<td>Router conecta hasta 30 dispositivos \/<\/td>\n<\/tr>\n<tr>\n<td>Punto de acceso para cualquier dispositivo \/<\/td>\n<\/tr>\n<tr>\n<td>Repetidor \/<\/td>\n<\/tr>\n<tr>\n<td>Antena dual \/<\/td>\n<\/tr>\n<tr>\n<td>Lapiz optico recargable hasta 30 horas de uso<\/td>\n<\/tr>\n<\/table>\n","protected":false},"excerpt":{"rendered":"<p>Primera computadora para maestros con la que el docente podr\u00e1 optimizar muchas de las funciones a las que le invierte tiempo como son: convertir cualquier proyeccion en un pizarron interactivo, calificar examenes en segundos, pasar asistencia con codigos qr, dinamizar las clases con el sistema de realidad aumentada, involucrar al alumno con la participaci\u00f3n aleatoria, guardar y crear archivos en excel, word, power point. Almacenar documentos dentro de la memoria interna. Compartir y sincronizar hasta 30 dispositivos al mismo tiempo. Sincronizar actividades creadas por el maestro con los dispositivos.<\/p>\n","protected":false},"featured_media":222251,"comment_status":"open","ping_status":"open","template":"","meta":[],"product_cat":[1971,1972],"product_tag":[2068],"acf":[],"yoast_head":"<!-- This site is optimized with the Yoast SEO plugin v21.7 - https:\/\/yoast.com\/wordpress\/plugins\/seo\/ -->\n<title>[ Tomi ] &#129351; Pt0013 Mini Pc, V7, Samsung 5 Octa 2.0 Ghz \/ Ubuntu Mate 16.04 \/ 2 Gb Ram \/ 32 Gb Sd \/ Hdmi \/ Usb 3.0 X2 \/ Ethernet \/ Open Office \/ Router 30 Dispositivos<\/title>\n<meta name=\"description\" content=\"Compra Pt0013 Mini Pc, V7, Samsung 5 Octa 2.0 Ghz \/ Ubuntu Mate 16.04 \/ 2 Gb Ram \/ 32 Gb Sd \/ Hdmi \/ Usb 3.0 X2 \/ Ethernet \/ Open Office \/ Router 30 Dispositivos + Env\u00edo a domicilio + Pago seguro + Garant\u00eda\" \/>\n<meta name=\"robots\" content=\"index, follow, max-snippet:-1, max-image-preview:large, max-video-preview:-1\" \/>\n<link rel=\"canonical\" href=\"https:\/\/compuviper.mx\/tienda\/producto\/tomi-pt0013-mini-pc-v7-samsung-5-octa-2-0-ghz-ubuntu-mate-16-04-2-gb-ram-32-gb-sd-hdmi-usb-3-0-x2-ethernet-open-office-router-30-dispositivos\/\" \/>\n<meta property=\"og:locale\" content=\"es_MX\" \/>\n<meta property=\"og:type\" content=\"article\" \/>\n<meta property=\"og:title\" content=\"[ Tomi ] &#129351; Pt0013 Mini Pc, V7, Samsung 5 Octa 2.0 Ghz \/ Ubuntu Mate 16.04 \/ 2 Gb Ram \/ 32 Gb Sd \/ Hdmi \/ Usb 3.0 X2 \/ Ethernet \/ Open Office \/ Router 30 Dispositivos\" \/>\n<meta property=\"og:description\" content=\"Compra Pt0013 Mini Pc, V7, Samsung 5 Octa 2.0 Ghz \/ Ubuntu Mate 16.04 \/ 2 Gb Ram \/ 32 Gb Sd \/ Hdmi \/ Usb 3.0 X2 \/ Ethernet \/ Open Office \/ Router 30 Dispositivos + Env\u00edo a domicilio + Pago seguro + Garant\u00eda\" \/>\n<meta property=\"og:url\" content=\"https:\/\/compuviper.mx\/tienda\/producto\/tomi-pt0013-mini-pc-v7-samsung-5-octa-2-0-ghz-ubuntu-mate-16-04-2-gb-ram-32-gb-sd-hdmi-usb-3-0-x2-ethernet-open-office-router-30-dispositivos\/\" \/>\n<meta property=\"og:site_name\" content=\"Compuviper\" \/>\n<meta property=\"article:publisher\" content=\"https:\/\/www.facebook.com\/compuviper\" \/>\n<meta property=\"og:image\" content=\"https:\/\/compuviper.mx\/tienda\/wp-content\/uploads\/2023\/12\/Mini-pc-tomi-v7-samsung-5-octa-2.0-ghz-ubuntu-mate-16.04-2-gb-ram-32-gb-sd-hdmi-usb-3.0-x2-ethernet-open-office-router-30-dispositivos.jpg\" \/>\n\t<meta property=\"og:image:width\" content=\"200\" \/>\n\t<meta property=\"og:image:height\" content=\"200\" \/>\n\t<meta property=\"og:image:type\" content=\"image\/jpeg\" \/>\n<meta name=\"twitter:card\" content=\"summary_large_image\" \/>\n<meta name=\"twitter:label1\" content=\"Precio\" \/>\n\t<meta name=\"twitter:data1\" content=\"&#36;9,377 &#36;3,751 con IVA\" \/>\n\t<meta name=\"twitter:label2\" content=\"Availability\" \/>\n\t<meta name=\"twitter:data2\" content=\"In stock\" \/>\n<script type=\"application\/ld+json\" class=\"yoast-schema-graph\">{\"@context\":\"https:\/\/schema.org\",\"@graph\":[{\"@type\":\"WebPage\",\"@id\":\"https:\/\/compuviper.mx\/tienda\/producto\/tomi-pt0013-mini-pc-v7-samsung-5-octa-2-0-ghz-ubuntu-mate-16-04-2-gb-ram-32-gb-sd-hdmi-usb-3-0-x2-ethernet-open-office-router-30-dispositivos\/\",\"url\":\"https:\/\/compuviper.mx\/tienda\/producto\/tomi-pt0013-mini-pc-v7-samsung-5-octa-2-0-ghz-ubuntu-mate-16-04-2-gb-ram-32-gb-sd-hdmi-usb-3-0-x2-ethernet-open-office-router-30-dispositivos\/\",\"name\":\"[ Tomi ] &#129351; Pt0013 Mini Pc, V7, Samsung 5 Octa 2.0 Ghz \/ Ubuntu Mate 16.04 \/ 2 Gb Ram \/ 32 Gb Sd \/ Hdmi \/ Usb 3.0 X2 \/ Ethernet \/ Open Office \/ Router 30 Dispositivos\",\"isPartOf\":{\"@id\":\"https:\/\/compuviper.mx\/tienda\/#website\"},\"datePublished\":\"2026-04-16T07:25:25+00:00\",\"dateModified\":\"2026-04-16T07:25:25+00:00\",\"description\":\"Compra Pt0013 Mini Pc, V7, Samsung 5 Octa 2.0 Ghz \/ Ubuntu Mate 16.04 \/ 2 Gb Ram \/ 32 Gb Sd \/ Hdmi \/ Usb 3.0 X2 \/ Ethernet \/ Open Office \/ Router 30 Dispositivos + Env\u00edo a domicilio + Pago seguro + Garant\u00eda\",\"breadcrumb\":{\"@id\":\"https:\/\/compuviper.mx\/tienda\/producto\/tomi-pt0013-mini-pc-v7-samsung-5-octa-2-0-ghz-ubuntu-mate-16-04-2-gb-ram-32-gb-sd-hdmi-usb-3-0-x2-ethernet-open-office-router-30-dispositivos\/#breadcrumb\"},\"inLanguage\":\"es-MX\",\"potentialAction\":[{\"@type\":\"ReadAction\",\"target\":[\"https:\/\/compuviper.mx\/tienda\/producto\/tomi-pt0013-mini-pc-v7-samsung-5-octa-2-0-ghz-ubuntu-mate-16-04-2-gb-ram-32-gb-sd-hdmi-usb-3-0-x2-ethernet-open-office-router-30-dispositivos\/\"]}]},{\"@type\":\"BreadcrumbList\",\"@id\":\"https:\/\/compuviper.mx\/tienda\/producto\/tomi-pt0013-mini-pc-v7-samsung-5-octa-2-0-ghz-ubuntu-mate-16-04-2-gb-ram-32-gb-sd-hdmi-usb-3-0-x2-ethernet-open-office-router-30-dispositivos\/#breadcrumb\",\"itemListElement\":[{\"@type\":\"ListItem\",\"position\":1,\"name\":\"Inicio\",\"item\":\"https:\/\/compuviper.mx\/tienda\/\"},{\"@type\":\"ListItem\",\"position\":2,\"name\":\"Productos\",\"item\":\"https:\/\/compuviper.mx\/tienda\/productos\/\"},{\"@type\":\"ListItem\",\"position\":3,\"name\":\"Computadoras\",\"item\":\"https:\/\/compuviper.mx\/tienda\/categoria-producto\/computadoras\/\"},{\"@type\":\"ListItem\",\"position\":4,\"name\":\"Desktop\",\"item\":\"https:\/\/compuviper.mx\/tienda\/categoria-producto\/computadoras\/desktop-computadoras\/\"},{\"@type\":\"ListItem\",\"position\":5,\"name\":\"Tomi Pt0013 Mini Pc, V7, Samsung 5 Octa 2.0 Ghz \/ Ubuntu Mate 16.04 \/ 2 Gb Ram \/ 32 Gb Sd \/ Hdmi \/ Usb 3.0 X2 \/ Ethernet \/ Open Office \/ Router 30 Dispositivos\"}]},{\"@type\":\"WebSite\",\"@id\":\"https:\/\/compuviper.mx\/tienda\/#website\",\"url\":\"https:\/\/compuviper.mx\/tienda\/\",\"name\":\"Compuviper\",\"description\":\"Proveedor de Computadoras, Laptops, Servidores, Monitores, Puntos de Venta, Teclados,   Impresoras, T\u00f3ner, C\u00e1maras de Seguridad y m\u00e1s en tu tienda en l\u00ednea\",\"publisher\":{\"@id\":\"https:\/\/compuviper.mx\/tienda\/#organization\"},\"potentialAction\":[{\"@type\":\"SearchAction\",\"target\":{\"@type\":\"EntryPoint\",\"urlTemplate\":\"https:\/\/compuviper.mx\/tienda\/?s={search_term_string}\"},\"query-input\":\"required name=search_term_string\"}],\"inLanguage\":\"es-MX\"},{\"@type\":\"Organization\",\"@id\":\"https:\/\/compuviper.mx\/tienda\/#organization\",\"name\":\"Compuviper\",\"url\":\"https:\/\/compuviper.mx\/tienda\/\",\"logo\":{\"@type\":\"ImageObject\",\"inLanguage\":\"es-MX\",\"@id\":\"https:\/\/compuviper.mx\/tienda\/#\/schema\/logo\/image\/\",\"url\":\"https:\/\/compuviper.mx\/tienda\/wp-content\/uploads\/2021\/08\/Logo-Compuviper-10.png\",\"contentUrl\":\"https:\/\/compuviper.mx\/tienda\/wp-content\/uploads\/2021\/08\/Logo-Compuviper-10.png\",\"width\":1000,\"height\":500,\"caption\":\"Compuviper\"},\"image\":{\"@id\":\"https:\/\/compuviper.mx\/tienda\/#\/schema\/logo\/image\/\"},\"sameAs\":[\"https:\/\/www.facebook.com\/compuviper\",\"https:\/\/www.youtube.com\/channel\/UCf73dERp9Y3cfOq7q8BhLjA?view_as=subscriber\"]}]}<\/script>\n<meta property=\"product:brand\" content=\"Tomi\" \/>\n<meta property=\"product:price:amount\" content=\"3751\" \/>\n<meta property=\"product:price:currency\" content=\"MXN\" \/>\n<meta property=\"og:availability\" content=\"instock\" \/>\n<meta property=\"product:availability\" content=\"instock\" \/>\n<meta property=\"product:retailer_item_id\" content=\"PT0013\" \/>\n<meta property=\"product:condition\" content=\"new\" \/>\n<!-- \/ Yoast SEO plugin. -->","yoast_head_json":{"title":"[ Tomi ] &#129351; Pt0013 Mini Pc, V7, Samsung 5 Octa 2.0 Ghz \/ Ubuntu Mate 16.04 \/ 2 Gb Ram \/ 32 Gb Sd \/ Hdmi \/ Usb 3.0 X2 \/ Ethernet \/ Open Office \/ Router 30 Dispositivos","description":"Compra Pt0013 Mini Pc, V7, Samsung 5 Octa 2.0 Ghz \/ Ubuntu Mate 16.04 \/ 2 Gb Ram \/ 32 Gb Sd \/ Hdmi \/ Usb 3.0 X2 \/ Ethernet \/ Open Office \/ Router 30 Dispositivos + Env\u00edo a domicilio + Pago seguro + Garant\u00eda","robots":{"index":"index","follow":"follow","max-snippet":"max-snippet:-1","max-image-preview":"max-image-preview:large","max-video-preview":"max-video-preview:-1"},"canonical":"https:\/\/compuviper.mx\/tienda\/producto\/tomi-pt0013-mini-pc-v7-samsung-5-octa-2-0-ghz-ubuntu-mate-16-04-2-gb-ram-32-gb-sd-hdmi-usb-3-0-x2-ethernet-open-office-router-30-dispositivos\/","og_locale":"es_MX","og_type":"article","og_title":"[ Tomi ] &#129351; Pt0013 Mini Pc, V7, Samsung 5 Octa 2.0 Ghz \/ Ubuntu Mate 16.04 \/ 2 Gb Ram \/ 32 Gb Sd \/ Hdmi \/ Usb 3.0 X2 \/ Ethernet \/ Open Office \/ Router 30 Dispositivos","og_description":"Compra Pt0013 Mini Pc, V7, Samsung 5 Octa 2.0 Ghz \/ Ubuntu Mate 16.04 \/ 2 Gb Ram \/ 32 Gb Sd \/ Hdmi \/ Usb 3.0 X2 \/ Ethernet \/ Open Office \/ Router 30 Dispositivos + Env\u00edo a domicilio + Pago seguro + Garant\u00eda","og_url":"https:\/\/compuviper.mx\/tienda\/producto\/tomi-pt0013-mini-pc-v7-samsung-5-octa-2-0-ghz-ubuntu-mate-16-04-2-gb-ram-32-gb-sd-hdmi-usb-3-0-x2-ethernet-open-office-router-30-dispositivos\/","og_site_name":"Compuviper","article_publisher":"https:\/\/www.facebook.com\/compuviper","og_image":[{"width":200,"height":200,"url":"https:\/\/compuviper.mx\/tienda\/wp-content\/uploads\/2023\/12\/Mini-pc-tomi-v7-samsung-5-octa-2.0-ghz-ubuntu-mate-16.04-2-gb-ram-32-gb-sd-hdmi-usb-3.0-x2-ethernet-open-office-router-30-dispositivos.jpg","type":"image\/jpeg"}],"twitter_card":"summary_large_image","twitter_misc":{"Precio":"&#36;9,377 &#36;3,751 con IVA","Availability":"In stock"},"schema":{"@context":"https:\/\/schema.org","@graph":[{"@type":"WebPage","@id":"https:\/\/compuviper.mx\/tienda\/producto\/tomi-pt0013-mini-pc-v7-samsung-5-octa-2-0-ghz-ubuntu-mate-16-04-2-gb-ram-32-gb-sd-hdmi-usb-3-0-x2-ethernet-open-office-router-30-dispositivos\/","url":"https:\/\/compuviper.mx\/tienda\/producto\/tomi-pt0013-mini-pc-v7-samsung-5-octa-2-0-ghz-ubuntu-mate-16-04-2-gb-ram-32-gb-sd-hdmi-usb-3-0-x2-ethernet-open-office-router-30-dispositivos\/","name":"[ Tomi ] &#129351; Pt0013 Mini Pc, V7, Samsung 5 Octa 2.0 Ghz \/ Ubuntu Mate 16.04 \/ 2 Gb Ram \/ 32 Gb Sd \/ Hdmi \/ Usb 3.0 X2 \/ Ethernet \/ Open Office \/ Router 30 Dispositivos","isPartOf":{"@id":"https:\/\/compuviper.mx\/tienda\/#website"},"datePublished":"2026-04-16T07:25:25+00:00","dateModified":"2026-04-16T07:25:25+00:00","description":"Compra Pt0013 Mini Pc, V7, Samsung 5 Octa 2.0 Ghz \/ Ubuntu Mate 16.04 \/ 2 Gb Ram \/ 32 Gb Sd \/ Hdmi \/ Usb 3.0 X2 \/ Ethernet \/ Open Office \/ Router 30 Dispositivos + Env\u00edo a domicilio + Pago seguro + Garant\u00eda","breadcrumb":{"@id":"https:\/\/compuviper.mx\/tienda\/producto\/tomi-pt0013-mini-pc-v7-samsung-5-octa-2-0-ghz-ubuntu-mate-16-04-2-gb-ram-32-gb-sd-hdmi-usb-3-0-x2-ethernet-open-office-router-30-dispositivos\/#breadcrumb"},"inLanguage":"es-MX","potentialAction":[{"@type":"ReadAction","target":["https:\/\/compuviper.mx\/tienda\/producto\/tomi-pt0013-mini-pc-v7-samsung-5-octa-2-0-ghz-ubuntu-mate-16-04-2-gb-ram-32-gb-sd-hdmi-usb-3-0-x2-ethernet-open-office-router-30-dispositivos\/"]}]},{"@type":"BreadcrumbList","@id":"https:\/\/compuviper.mx\/tienda\/producto\/tomi-pt0013-mini-pc-v7-samsung-5-octa-2-0-ghz-ubuntu-mate-16-04-2-gb-ram-32-gb-sd-hdmi-usb-3-0-x2-ethernet-open-office-router-30-dispositivos\/#breadcrumb","itemListElement":[{"@type":"ListItem","position":1,"name":"Inicio","item":"https:\/\/compuviper.mx\/tienda\/"},{"@type":"ListItem","position":2,"name":"Productos","item":"https:\/\/compuviper.mx\/tienda\/productos\/"},{"@type":"ListItem","position":3,"name":"Computadoras","item":"https:\/\/compuviper.mx\/tienda\/categoria-producto\/computadoras\/"},{"@type":"ListItem","position":4,"name":"Desktop","item":"https:\/\/compuviper.mx\/tienda\/categoria-producto\/computadoras\/desktop-computadoras\/"},{"@type":"ListItem","position":5,"name":"Tomi Pt0013 Mini Pc, V7, Samsung 5 Octa 2.0 Ghz \/ Ubuntu Mate 16.04 \/ 2 Gb Ram \/ 32 Gb Sd \/ Hdmi \/ Usb 3.0 X2 \/ Ethernet \/ Open Office \/ Router 30 Dispositivos"}]},{"@type":"WebSite","@id":"https:\/\/compuviper.mx\/tienda\/#website","url":"https:\/\/compuviper.mx\/tienda\/","name":"Compuviper","description":"Proveedor de Computadoras, Laptops, Servidores, Monitores, Puntos de Venta, Teclados,   Impresoras, T\u00f3ner, C\u00e1maras de Seguridad y m\u00e1s en tu tienda en l\u00ednea","publisher":{"@id":"https:\/\/compuviper.mx\/tienda\/#organization"},"potentialAction":[{"@type":"SearchAction","target":{"@type":"EntryPoint","urlTemplate":"https:\/\/compuviper.mx\/tienda\/?s={search_term_string}"},"query-input":"required name=search_term_string"}],"inLanguage":"es-MX"},{"@type":"Organization","@id":"https:\/\/compuviper.mx\/tienda\/#organization","name":"Compuviper","url":"https:\/\/compuviper.mx\/tienda\/","logo":{"@type":"ImageObject","inLanguage":"es-MX","@id":"https:\/\/compuviper.mx\/tienda\/#\/schema\/logo\/image\/","url":"https:\/\/compuviper.mx\/tienda\/wp-content\/uploads\/2021\/08\/Logo-Compuviper-10.png","contentUrl":"https:\/\/compuviper.mx\/tienda\/wp-content\/uploads\/2021\/08\/Logo-Compuviper-10.png","width":1000,"height":500,"caption":"Compuviper"},"image":{"@id":"https:\/\/compuviper.mx\/tienda\/#\/schema\/logo\/image\/"},"sameAs":["https:\/\/www.facebook.com\/compuviper","https:\/\/www.youtube.com\/channel\/UCf73dERp9Y3cfOq7q8BhLjA?view_as=subscriber"]}]},"product_brand":"Tomi","product_price_amount":"3751","product_price_currency":"MXN","og_availability":"instock","product_availability":"instock","product_retailer_item_id":"PT0013","product_condition":"new"},"_links":{"self":[{"href":"https:\/\/compuviper.mx\/tienda\/wp-json\/wp\/v2\/product\/222250"}],"collection":[{"href":"https:\/\/compuviper.mx\/tienda\/wp-json\/wp\/v2\/product"}],"about":[{"href":"https:\/\/compuviper.mx\/tienda\/wp-json\/wp\/v2\/types\/product"}],"replies":[{"embeddable":true,"href":"https:\/\/compuviper.mx\/tienda\/wp-json\/wp\/v2\/comments?post=222250"}],"wp:featuredmedia":[{"embeddable":true,"href":"https:\/\/compuviper.mx\/tienda\/wp-json\/wp\/v2\/media\/222251"}],"wp:attachment":[{"href":"https:\/\/compuviper.mx\/tienda\/wp-json\/wp\/v2\/media?parent=222250"}],"wp:term":[{"taxonomy":"product_cat","embeddable":true,"href":"https:\/\/compuviper.mx\/tienda\/wp-json\/wp\/v2\/product_cat?post=222250"},{"taxonomy":"product_tag","embeddable":true,"href":"https:\/\/compuviper.mx\/tienda\/wp-json\/wp\/v2\/product_tag?post=222250"}],"curies":[{"name":"wp","href":"https:\/\/api.w.org\/{rel}","templated":true}]}}