{"id":222079,"date":"2026-04-11T01:22:29","date_gmt":"2026-04-11T07:22:29","guid":{"rendered":"https:\/\/compuviper.mx\/tienda\/producto\/hikvision-ds-7616ni-q2-16pd-nvr-8-megapixeles-4k\/"},"modified":"2026-04-11T01:22:30","modified_gmt":"2026-04-11T07:22:30","slug":"hikvision-ds-7616ni-q2-16pd6931847179038-nvr-8-megapixeles-4k-ds-7616ni-q2-16pd-ds-7616ni-q2-16pd","status":"publish","type":"product","link":"https:\/\/compuviper.mx\/tienda\/producto\/hikvision-ds-7616ni-q2-16pd6931847179038-nvr-8-megapixeles-4k-ds-7616ni-q2-16pd-ds-7616ni-q2-16pd\/","title":{"rendered":"Hikvision Ds-7616ni-q2\/16p(d),6931847179038 Nvr 8 Megapixeles (4k)  Ds-7616ni-q2\/16p(d) Ds-7616ni-q2\/16p(d)"},"content":{"rendered":"<table class=\"descripcion\">\n<tr>\n<td>Caracter\u00edsticas principales:<\/td>\n<\/tr>\n<tr>\n<td>    compresi\u00f3n de v\u00eddeo: h.265+ \/ h.265 \/ h.264+ \/ h.264<\/td>\n<\/tr>\n<tr>\n<td>    soporta 2 disco duro de hasta 8 tb (no incluido).<\/td>\n<\/tr>\n<tr>\n<td>    compatible con hik-connect p2p \/ dyndns \/ no-ip<\/td>\n<\/tr>\n<tr>\n<td>    acceso remota v\u00eda tel\u00e9fono: android \/ iphone \/ ipad.<\/td>\n<\/tr>\n<tr>\n<td>    compatible con el software ivms-4200 (gratuito).<\/td>\n<\/tr>\n<tr>\n<td>    compatible con hik-connect p2p (https:\/\/appstore.hikvision.com\/).<\/td>\n<\/tr>\n<tr>\n<td>Caracter\u00edsticas f\u00edsicas y el\u00e9ctricas:<\/td>\n<\/tr>\n<tr>\n<td>    dimensiones 385 \u00d7 315 \u00d7 52 mm<\/td>\n<\/tr>\n<tr>\n<td>    peso: 2.6 kg.<\/td>\n<\/tr>\n<tr>\n<td>    garantia: 2 a\u00f1os.<\/td>\n<\/tr>\n<tr>\n<td>    alimentacion 15 w.<\/td>\n<\/tr>\n<tr>\n<td>Capacidad de procesamiento y funciones de red:<\/td>\n<\/tr>\n<tr>\n<td>    procesamiento entrada (throughput entrada): 160 mbps.<\/td>\n<\/tr>\n<tr>\n<td>    procesamiento salida (throughput salida): 80 mbps.<\/td>\n<\/tr>\n<tr>\n<td>    1 puerto red lan 100 mbps.<\/td>\n<\/tr>\n<tr>\n<td>    16 puertos poe ieee 802.3 af\/at (150 w totales).<\/td>\n<\/tr>\n<\/table>\n","protected":false},"excerpt":{"rendered":"<p>Caracter\u00edsticas destacadas. Soporta c\u00e1maras con acusense (filtro de falsas alarmas).     Con tecnolog\u00eda acusense podemos evitar falsas alarmas como movimiento de arboles, animales, etc.     Al activar la tecnolog\u00eda acusense en las c\u00e1maras solo detectar\u00e1 cuerpo humano y veh\u00edculos para identificar eventos realmente importantes y as\u00ed eliminar falsas alarmas.     Soporta hasta 16 canales con la tecnolog\u00eda acusense utilizando camaras:  ds-2cd3xx \/ ds-2cd2xx3g2 \/ ds-2cd2xx7g2 (que soporte acusense).<\/p>\n","protected":false},"featured_media":243030,"comment_status":"open","ping_status":"open","template":"","meta":[],"product_cat":[1689,1768],"product_tag":[1595],"acf":[],"yoast_head":"<!-- This site is optimized with the Yoast SEO plugin v21.7 - https:\/\/yoast.com\/wordpress\/plugins\/seo\/ -->\n<title>[ Hikvision ] &#129351; Ds-7616ni-q2\/16p(d),6931847179038 Nvr 8 Megapixeles (4k) Ds-7616ni-q2\/16p(d) Ds-7616ni-q2\/16p(d)<\/title>\n<meta name=\"description\" content=\"Compra Ds-7616ni-q2\/16p(d),6931847179038 Nvr 8 Megapixeles (4k) Ds-7616ni-q2\/16p(d) Ds-7616ni-q2\/16p(d) + Env\u00edo a domicilio + Pago seguro + Garant\u00eda\" \/>\n<meta name=\"robots\" content=\"index, follow, max-snippet:-1, max-image-preview:large, max-video-preview:-1\" \/>\n<link rel=\"canonical\" href=\"https:\/\/compuviper.mx\/tienda\/producto\/hikvision-ds-7616ni-q2-16pd6931847179038-nvr-8-megapixeles-4k-ds-7616ni-q2-16pd-ds-7616ni-q2-16pd\/\" \/>\n<meta property=\"og:locale\" content=\"es_MX\" \/>\n<meta property=\"og:type\" content=\"article\" \/>\n<meta property=\"og:title\" content=\"[ Hikvision ] &#129351; Ds-7616ni-q2\/16p(d),6931847179038 Nvr 8 Megapixeles (4k) Ds-7616ni-q2\/16p(d) Ds-7616ni-q2\/16p(d)\" \/>\n<meta property=\"og:description\" content=\"Compra Ds-7616ni-q2\/16p(d),6931847179038 Nvr 8 Megapixeles (4k) Ds-7616ni-q2\/16p(d) Ds-7616ni-q2\/16p(d) + Env\u00edo a domicilio + Pago seguro + Garant\u00eda\" \/>\n<meta property=\"og:url\" content=\"https:\/\/compuviper.mx\/tienda\/producto\/hikvision-ds-7616ni-q2-16pd6931847179038-nvr-8-megapixeles-4k-ds-7616ni-q2-16pd-ds-7616ni-q2-16pd\/\" \/>\n<meta property=\"og:site_name\" content=\"Compuviper\" \/>\n<meta property=\"article:publisher\" content=\"https:\/\/www.facebook.com\/compuviper\" \/>\n<meta property=\"article:modified_time\" content=\"2026-04-11T07:22:30+00:00\" \/>\n<meta property=\"og:image\" content=\"https:\/\/compuviper.mx\/tienda\/wp-content\/uploads\/2024\/09\/Nvr-8-megapixeles-4k-hikvision-ds-7616ni-q216pd-ds-7616ni-q216pd.jpg\" \/>\n\t<meta property=\"og:image:width\" content=\"200\" \/>\n\t<meta property=\"og:image:height\" content=\"200\" \/>\n\t<meta property=\"og:image:type\" content=\"image\/jpeg\" \/>\n<meta name=\"twitter:card\" content=\"summary_large_image\" \/>\n<meta name=\"twitter:label1\" content=\"Precio\" \/>\n\t<meta name=\"twitter:data1\" content=\"&#36;4,503 con IVA\" \/>\n\t<meta name=\"twitter:label2\" content=\"Availability\" \/>\n\t<meta name=\"twitter:data2\" content=\"In stock\" \/>\n<script type=\"application\/ld+json\" class=\"yoast-schema-graph\">{\"@context\":\"https:\/\/schema.org\",\"@graph\":[{\"@type\":\"WebPage\",\"@id\":\"https:\/\/compuviper.mx\/tienda\/producto\/hikvision-ds-7616ni-q2-16pd6931847179038-nvr-8-megapixeles-4k-ds-7616ni-q2-16pd-ds-7616ni-q2-16pd\/\",\"url\":\"https:\/\/compuviper.mx\/tienda\/producto\/hikvision-ds-7616ni-q2-16pd6931847179038-nvr-8-megapixeles-4k-ds-7616ni-q2-16pd-ds-7616ni-q2-16pd\/\",\"name\":\"[ Hikvision ] &#129351; Ds-7616ni-q2\/16p(d),6931847179038 Nvr 8 Megapixeles (4k) Ds-7616ni-q2\/16p(d) Ds-7616ni-q2\/16p(d)\",\"isPartOf\":{\"@id\":\"https:\/\/compuviper.mx\/tienda\/#website\"},\"datePublished\":\"2026-04-11T07:22:29+00:00\",\"dateModified\":\"2026-04-11T07:22:30+00:00\",\"description\":\"Compra Ds-7616ni-q2\/16p(d),6931847179038 Nvr 8 Megapixeles (4k) Ds-7616ni-q2\/16p(d) Ds-7616ni-q2\/16p(d) + Env\u00edo a domicilio + Pago seguro + Garant\u00eda\",\"breadcrumb\":{\"@id\":\"https:\/\/compuviper.mx\/tienda\/producto\/hikvision-ds-7616ni-q2-16pd6931847179038-nvr-8-megapixeles-4k-ds-7616ni-q2-16pd-ds-7616ni-q2-16pd\/#breadcrumb\"},\"inLanguage\":\"es-MX\",\"potentialAction\":[{\"@type\":\"ReadAction\",\"target\":[\"https:\/\/compuviper.mx\/tienda\/producto\/hikvision-ds-7616ni-q2-16pd6931847179038-nvr-8-megapixeles-4k-ds-7616ni-q2-16pd-ds-7616ni-q2-16pd\/\"]}]},{\"@type\":\"BreadcrumbList\",\"@id\":\"https:\/\/compuviper.mx\/tienda\/producto\/hikvision-ds-7616ni-q2-16pd6931847179038-nvr-8-megapixeles-4k-ds-7616ni-q2-16pd-ds-7616ni-q2-16pd\/#breadcrumb\",\"itemListElement\":[{\"@type\":\"ListItem\",\"position\":1,\"name\":\"Inicio\",\"item\":\"https:\/\/compuviper.mx\/tienda\/\"},{\"@type\":\"ListItem\",\"position\":2,\"name\":\"Productos\",\"item\":\"https:\/\/compuviper.mx\/tienda\/productos\/\"},{\"@type\":\"ListItem\",\"position\":3,\"name\":\"Videograbadores\",\"item\":\"https:\/\/compuviper.mx\/tienda\/categoria-producto\/videograbadores\/\"},{\"@type\":\"ListItem\",\"position\":4,\"name\":\"Nvr\",\"item\":\"https:\/\/compuviper.mx\/tienda\/categoria-producto\/videograbadores\/nvr\/\"},{\"@type\":\"ListItem\",\"position\":5,\"name\":\"Hikvision Ds-7616ni-q2\/16p(d),6931847179038 Nvr 8 Megapixeles (4k) Ds-7616ni-q2\/16p(d) Ds-7616ni-q2\/16p(d)\"}]},{\"@type\":\"WebSite\",\"@id\":\"https:\/\/compuviper.mx\/tienda\/#website\",\"url\":\"https:\/\/compuviper.mx\/tienda\/\",\"name\":\"Compuviper\",\"description\":\"Proveedor de Computadoras, Laptops, Servidores, Monitores, Puntos de Venta, Teclados,   Impresoras, T\u00f3ner, C\u00e1maras de Seguridad y m\u00e1s en tu tienda en l\u00ednea\",\"publisher\":{\"@id\":\"https:\/\/compuviper.mx\/tienda\/#organization\"},\"potentialAction\":[{\"@type\":\"SearchAction\",\"target\":{\"@type\":\"EntryPoint\",\"urlTemplate\":\"https:\/\/compuviper.mx\/tienda\/?s={search_term_string}\"},\"query-input\":\"required name=search_term_string\"}],\"inLanguage\":\"es-MX\"},{\"@type\":\"Organization\",\"@id\":\"https:\/\/compuviper.mx\/tienda\/#organization\",\"name\":\"Compuviper\",\"url\":\"https:\/\/compuviper.mx\/tienda\/\",\"logo\":{\"@type\":\"ImageObject\",\"inLanguage\":\"es-MX\",\"@id\":\"https:\/\/compuviper.mx\/tienda\/#\/schema\/logo\/image\/\",\"url\":\"https:\/\/compuviper.mx\/tienda\/wp-content\/uploads\/2021\/08\/Logo-Compuviper-10.png\",\"contentUrl\":\"https:\/\/compuviper.mx\/tienda\/wp-content\/uploads\/2021\/08\/Logo-Compuviper-10.png\",\"width\":1000,\"height\":500,\"caption\":\"Compuviper\"},\"image\":{\"@id\":\"https:\/\/compuviper.mx\/tienda\/#\/schema\/logo\/image\/\"},\"sameAs\":[\"https:\/\/www.facebook.com\/compuviper\",\"https:\/\/www.youtube.com\/channel\/UCf73dERp9Y3cfOq7q8BhLjA?view_as=subscriber\"]}]}<\/script>\n<meta property=\"product:brand\" content=\"HIKVISION\" \/>\n<meta property=\"product:price:amount\" content=\"4503\" \/>\n<meta property=\"product:price:currency\" content=\"MXN\" \/>\n<meta property=\"og:availability\" content=\"instock\" \/>\n<meta property=\"product:availability\" content=\"instock\" \/>\n<meta property=\"product:retailer_item_id\" content=\"DS-7616NI-Q2\/16P(D),6931847179038\" \/>\n<meta property=\"product:condition\" content=\"new\" \/>\n<!-- \/ Yoast SEO plugin. -->","yoast_head_json":{"title":"[ Hikvision ] &#129351; Ds-7616ni-q2\/16p(d),6931847179038 Nvr 8 Megapixeles (4k) Ds-7616ni-q2\/16p(d) Ds-7616ni-q2\/16p(d)","description":"Compra Ds-7616ni-q2\/16p(d),6931847179038 Nvr 8 Megapixeles (4k) Ds-7616ni-q2\/16p(d) Ds-7616ni-q2\/16p(d) + Env\u00edo a domicilio + Pago seguro + Garant\u00eda","robots":{"index":"index","follow":"follow","max-snippet":"max-snippet:-1","max-image-preview":"max-image-preview:large","max-video-preview":"max-video-preview:-1"},"canonical":"https:\/\/compuviper.mx\/tienda\/producto\/hikvision-ds-7616ni-q2-16pd6931847179038-nvr-8-megapixeles-4k-ds-7616ni-q2-16pd-ds-7616ni-q2-16pd\/","og_locale":"es_MX","og_type":"article","og_title":"[ Hikvision ] &#129351; Ds-7616ni-q2\/16p(d),6931847179038 Nvr 8 Megapixeles (4k) Ds-7616ni-q2\/16p(d) Ds-7616ni-q2\/16p(d)","og_description":"Compra Ds-7616ni-q2\/16p(d),6931847179038 Nvr 8 Megapixeles (4k) Ds-7616ni-q2\/16p(d) Ds-7616ni-q2\/16p(d) + Env\u00edo a domicilio + Pago seguro + Garant\u00eda","og_url":"https:\/\/compuviper.mx\/tienda\/producto\/hikvision-ds-7616ni-q2-16pd6931847179038-nvr-8-megapixeles-4k-ds-7616ni-q2-16pd-ds-7616ni-q2-16pd\/","og_site_name":"Compuviper","article_publisher":"https:\/\/www.facebook.com\/compuviper","article_modified_time":"2026-04-11T07:22:30+00:00","og_image":[{"width":200,"height":200,"url":"https:\/\/compuviper.mx\/tienda\/wp-content\/uploads\/2024\/09\/Nvr-8-megapixeles-4k-hikvision-ds-7616ni-q216pd-ds-7616ni-q216pd.jpg","type":"image\/jpeg"}],"twitter_card":"summary_large_image","twitter_misc":{"Precio":"&#36;4,503 con IVA","Availability":"In stock"},"schema":{"@context":"https:\/\/schema.org","@graph":[{"@type":"WebPage","@id":"https:\/\/compuviper.mx\/tienda\/producto\/hikvision-ds-7616ni-q2-16pd6931847179038-nvr-8-megapixeles-4k-ds-7616ni-q2-16pd-ds-7616ni-q2-16pd\/","url":"https:\/\/compuviper.mx\/tienda\/producto\/hikvision-ds-7616ni-q2-16pd6931847179038-nvr-8-megapixeles-4k-ds-7616ni-q2-16pd-ds-7616ni-q2-16pd\/","name":"[ Hikvision ] &#129351; Ds-7616ni-q2\/16p(d),6931847179038 Nvr 8 Megapixeles (4k) Ds-7616ni-q2\/16p(d) Ds-7616ni-q2\/16p(d)","isPartOf":{"@id":"https:\/\/compuviper.mx\/tienda\/#website"},"datePublished":"2026-04-11T07:22:29+00:00","dateModified":"2026-04-11T07:22:30+00:00","description":"Compra Ds-7616ni-q2\/16p(d),6931847179038 Nvr 8 Megapixeles (4k) Ds-7616ni-q2\/16p(d) Ds-7616ni-q2\/16p(d) + Env\u00edo a domicilio + Pago seguro + Garant\u00eda","breadcrumb":{"@id":"https:\/\/compuviper.mx\/tienda\/producto\/hikvision-ds-7616ni-q2-16pd6931847179038-nvr-8-megapixeles-4k-ds-7616ni-q2-16pd-ds-7616ni-q2-16pd\/#breadcrumb"},"inLanguage":"es-MX","potentialAction":[{"@type":"ReadAction","target":["https:\/\/compuviper.mx\/tienda\/producto\/hikvision-ds-7616ni-q2-16pd6931847179038-nvr-8-megapixeles-4k-ds-7616ni-q2-16pd-ds-7616ni-q2-16pd\/"]}]},{"@type":"BreadcrumbList","@id":"https:\/\/compuviper.mx\/tienda\/producto\/hikvision-ds-7616ni-q2-16pd6931847179038-nvr-8-megapixeles-4k-ds-7616ni-q2-16pd-ds-7616ni-q2-16pd\/#breadcrumb","itemListElement":[{"@type":"ListItem","position":1,"name":"Inicio","item":"https:\/\/compuviper.mx\/tienda\/"},{"@type":"ListItem","position":2,"name":"Productos","item":"https:\/\/compuviper.mx\/tienda\/productos\/"},{"@type":"ListItem","position":3,"name":"Videograbadores","item":"https:\/\/compuviper.mx\/tienda\/categoria-producto\/videograbadores\/"},{"@type":"ListItem","position":4,"name":"Nvr","item":"https:\/\/compuviper.mx\/tienda\/categoria-producto\/videograbadores\/nvr\/"},{"@type":"ListItem","position":5,"name":"Hikvision Ds-7616ni-q2\/16p(d),6931847179038 Nvr 8 Megapixeles (4k) Ds-7616ni-q2\/16p(d) Ds-7616ni-q2\/16p(d)"}]},{"@type":"WebSite","@id":"https:\/\/compuviper.mx\/tienda\/#website","url":"https:\/\/compuviper.mx\/tienda\/","name":"Compuviper","description":"Proveedor de Computadoras, Laptops, Servidores, Monitores, Puntos de Venta, Teclados,   Impresoras, T\u00f3ner, C\u00e1maras de Seguridad y m\u00e1s en tu tienda en l\u00ednea","publisher":{"@id":"https:\/\/compuviper.mx\/tienda\/#organization"},"potentialAction":[{"@type":"SearchAction","target":{"@type":"EntryPoint","urlTemplate":"https:\/\/compuviper.mx\/tienda\/?s={search_term_string}"},"query-input":"required name=search_term_string"}],"inLanguage":"es-MX"},{"@type":"Organization","@id":"https:\/\/compuviper.mx\/tienda\/#organization","name":"Compuviper","url":"https:\/\/compuviper.mx\/tienda\/","logo":{"@type":"ImageObject","inLanguage":"es-MX","@id":"https:\/\/compuviper.mx\/tienda\/#\/schema\/logo\/image\/","url":"https:\/\/compuviper.mx\/tienda\/wp-content\/uploads\/2021\/08\/Logo-Compuviper-10.png","contentUrl":"https:\/\/compuviper.mx\/tienda\/wp-content\/uploads\/2021\/08\/Logo-Compuviper-10.png","width":1000,"height":500,"caption":"Compuviper"},"image":{"@id":"https:\/\/compuviper.mx\/tienda\/#\/schema\/logo\/image\/"},"sameAs":["https:\/\/www.facebook.com\/compuviper","https:\/\/www.youtube.com\/channel\/UCf73dERp9Y3cfOq7q8BhLjA?view_as=subscriber"]}]},"product_brand":"HIKVISION","product_price_amount":"4503","product_price_currency":"MXN","og_availability":"instock","product_availability":"instock","product_retailer_item_id":"DS-7616NI-Q2\/16P(D),6931847179038","product_condition":"new"},"_links":{"self":[{"href":"https:\/\/compuviper.mx\/tienda\/wp-json\/wp\/v2\/product\/222079"}],"collection":[{"href":"https:\/\/compuviper.mx\/tienda\/wp-json\/wp\/v2\/product"}],"about":[{"href":"https:\/\/compuviper.mx\/tienda\/wp-json\/wp\/v2\/types\/product"}],"replies":[{"embeddable":true,"href":"https:\/\/compuviper.mx\/tienda\/wp-json\/wp\/v2\/comments?post=222079"}],"wp:featuredmedia":[{"embeddable":true,"href":"https:\/\/compuviper.mx\/tienda\/wp-json\/wp\/v2\/media\/243030"}],"wp:attachment":[{"href":"https:\/\/compuviper.mx\/tienda\/wp-json\/wp\/v2\/media?parent=222079"}],"wp:term":[{"taxonomy":"product_cat","embeddable":true,"href":"https:\/\/compuviper.mx\/tienda\/wp-json\/wp\/v2\/product_cat?post=222079"},{"taxonomy":"product_tag","embeddable":true,"href":"https:\/\/compuviper.mx\/tienda\/wp-json\/wp\/v2\/product_tag?post=222079"}],"curies":[{"name":"wp","href":"https:\/\/api.w.org\/{rel}","templated":true}]}}