{"id":222075,"date":"2026-04-11T01:22:29","date_gmt":"2026-04-11T07:22:29","guid":{"rendered":"https:\/\/compuviper.mx\/tienda\/producto\/dahua-dhi-nvr2116hs-i2-nvr-8-megapixeles-4k-16-canales-ip-wizsense-con-ia-rendimiento-de-144-mbps-smart-h-265-1-ch-de-reconocimiento-facial-o-1-canal-de-proteccin-perimetral-o-4-canales-de\/"},"modified":"2026-04-11T01:22:29","modified_gmt":"2026-04-11T07:22:29","slug":"dahua-dhi-nvr2116hs-i26923172504944dhi-nvr2116hs-i2-nvr-dhi-nvr2116hs-i2-8-megapixeles-4k-16-canales-ip-wizsense-con-ia-rendimiento-de-144-mbps-smart-h-265-1-ch-de-reconocimiento-facial-o","status":"publish","type":"product","link":"https:\/\/compuviper.mx\/tienda\/producto\/dahua-dhi-nvr2116hs-i26923172504944dhi-nvr2116hs-i2-nvr-dhi-nvr2116hs-i2-8-megapixeles-4k-16-canales-ip-wizsense-con-ia-rendimiento-de-144-mbps-smart-h-265-1-ch-de-reconocimiento-facial-o\/","title":{"rendered":"Dahua Dhi-nvr2116hs-i2,6923172504944,dhi-nvr2116hs-i2 Nvr  Dhi-nvr2116hs-i2 \/ 8 Megapixeles\/ 4k\/ 16 Canales Ip\/ Wizsense\/ Con Ia\/ Rendimiento De 144 Mbps\/ Smart H.265\/ 1 Ch De Reconocimiento Facial O 1 Canal De Proteccin Perimetral O 4 Canales De"},"content":{"rendered":"<table class=\"descripcion\">\n<tr>\n<td>16 canales<\/td>\n<\/tr>\n<tr>\n<td>\u0095ancho de banda de la red: ia desactivada: acceso: 144 mbps; almacenamiento: 144 mbps; reenvio: 72 mbps ia activada: acceso: 72 mbps; almacenamiento: 72 mbps; reenviar: 36 mbps<\/td>\n<\/tr>\n<tr>\n<td>\u0095salida de video simult\u00e1nea 1 vga \/ 1 hdmi por defecto<\/td>\n<\/tr>\n<tr>\n<td>\u0095compresin: inteligente h.265; h.265; inteligente h.264; h.264; mjpeg<\/td>\n<\/tr>\n<tr>\n<td>\u0095smd plus por dispositivo 4 canales<\/td>\n<\/tr>\n<tr>\n<td>\u0095rendimiento de reconocimiento facial de ia: 1 canal<\/td>\n<\/tr>\n<tr>\n<td>\u0095desempeo proteccin perimetral ai: 1 canal<\/td>\n<\/tr>\n<tr>\n<td>\u0095capacidad de la base de datos de rostros: hasta 10 bases de datos de rostros con 5,000 im\u00e1genes de rostros en total<\/td>\n<\/tr>\n<tr>\n<td>\u0095alarma inteligente: deteccin de rostro; reconocimiento facial; proteccin perimetral intrusin y tripwire; ivs; smd plus.<\/td>\n<\/tr>\n<tr>\n<td>\u00951 puerto sata, hasta 10 tb<\/td>\n<\/tr>\n<tr>\n<td>\u00951 puerto usb 2.0 frontal, 1 puerto usb 2.0 trasero<\/td>\n<\/tr>\n<tr>\n<td>\u0095fuente de alimentacin: dc12v, 1.5a<\/td>\n<\/tr>\n<tr>\n<td>\u0095el consumo de energa: la salida total de nvr es  and 8804; 10 w sin hdd<\/td>\n<\/tr>\n<tr>\n<td>\u0095peso neto: 0,81 kg 1,79 libras<\/td>\n<\/tr>\n<tr>\n<td>\u0095temperatura de funcionamiento: \u009610 \u00b0c a 55 \u00b0c 14 \u00b0f a 131 \u00b0f<\/td>\n<\/tr>\n<\/table>\n","protected":false},"excerpt":{"rendered":"<p>Grabador de video en red compacto, wizsense de 16 canales, en formato de decodificacin smart h.265, de deteccin y reconocimiento de rostros para 1 canal; proteccin perimetral para 1 canal; hasta 10 bases de datos faciales y 5000 im\u00e1genes de rostros; smd plus para 4 canales. La codificacin inteligente de dahua h.265  es la implementacin optimizada del cdec h.265 que utiliza un algoritmo de control de velocidad de cdigo adaptable a la escena, lo que proporciona m\u00e1s eficiencia en el proceso de codificacin y un video superior calidad y reduciendo significativamente el costo de almacenamiento y transmisin. Este nvr admite la decodificacin correspondiente. El reconocimiento facial consiste en descubrir el rostro capturado con las caractersticas objetivo y compararlas con la base de datos de rostros para identificar al personal.<\/p>\n","protected":false},"featured_media":222076,"comment_status":"open","ping_status":"open","template":"","meta":[],"product_cat":[1689,1768],"product_tag":[1555],"acf":[],"yoast_head":"<!-- This site is optimized with the Yoast SEO plugin v21.7 - https:\/\/yoast.com\/wordpress\/plugins\/seo\/ -->\n<title>[ Dahua ] &#129351; Dhi-nvr2116hs-i2,6923172504944,dhi-nvr2116hs-i2 Nvr Dhi-nvr2116hs-i2 \/ 8 Megapixeles\/ 4k\/ 16 Canales Ip\/ Wizsense\/ Con Ia\/ Rendimiento De 144 Mbps\/ Smart H.265\/ 1 Ch De Reconocimiento Facial O 1 Canal De Proteccin Perimetral O 4 Canales De<\/title>\n<meta name=\"description\" content=\"Compra Dhi-nvr2116hs-i2,6923172504944,dhi-nvr2116hs-i2 Nvr Dhi-nvr2116hs-i2 \/ 8 Megapixeles\/ 4k\/ 16 Canales Ip\/ Wizsense\/ Con Ia\/ Rendimiento De 144 Mbps\/ Smart H.265\/ 1 Ch De Reconocimiento Facial O 1 Canal De Proteccin Perimetral O 4 Canales De + Env\u00edo a domicilio + Pago seguro + Garant\u00eda\" \/>\n<meta name=\"robots\" content=\"index, follow, max-snippet:-1, max-image-preview:large, max-video-preview:-1\" \/>\n<link rel=\"canonical\" href=\"https:\/\/compuviper.mx\/tienda\/producto\/dahua-dhi-nvr2116hs-i26923172504944dhi-nvr2116hs-i2-nvr-dhi-nvr2116hs-i2-8-megapixeles-4k-16-canales-ip-wizsense-con-ia-rendimiento-de-144-mbps-smart-h-265-1-ch-de-reconocimiento-facial-o\/\" \/>\n<meta property=\"og:locale\" content=\"es_MX\" \/>\n<meta property=\"og:type\" content=\"article\" \/>\n<meta property=\"og:title\" content=\"[ Dahua ] &#129351; Dhi-nvr2116hs-i2,6923172504944,dhi-nvr2116hs-i2 Nvr Dhi-nvr2116hs-i2 \/ 8 Megapixeles\/ 4k\/ 16 Canales Ip\/ Wizsense\/ Con Ia\/ Rendimiento De 144 Mbps\/ Smart H.265\/ 1 Ch De Reconocimiento Facial O 1 Canal De Proteccin Perimetral O 4 Canales De\" \/>\n<meta property=\"og:description\" content=\"Compra Dhi-nvr2116hs-i2,6923172504944,dhi-nvr2116hs-i2 Nvr Dhi-nvr2116hs-i2 \/ 8 Megapixeles\/ 4k\/ 16 Canales Ip\/ Wizsense\/ Con Ia\/ Rendimiento De 144 Mbps\/ Smart H.265\/ 1 Ch De Reconocimiento Facial O 1 Canal De Proteccin Perimetral O 4 Canales De + Env\u00edo a domicilio + Pago seguro + Garant\u00eda\" \/>\n<meta property=\"og:url\" content=\"https:\/\/compuviper.mx\/tienda\/producto\/dahua-dhi-nvr2116hs-i26923172504944dhi-nvr2116hs-i2-nvr-dhi-nvr2116hs-i2-8-megapixeles-4k-16-canales-ip-wizsense-con-ia-rendimiento-de-144-mbps-smart-h-265-1-ch-de-reconocimiento-facial-o\/\" \/>\n<meta property=\"og:site_name\" content=\"Compuviper\" \/>\n<meta property=\"article:publisher\" content=\"https:\/\/www.facebook.com\/compuviper\" \/>\n<meta property=\"og:image\" content=\"https:\/\/compuviper.mx\/tienda\/wp-content\/uploads\/2023\/12\/Nvr-dahua-dhi-nvr2116hs-i2-8-megapixeles-4k-16-canales-ip-wizsense-con-ia-rendimiento-de-144-mbps-smart-h.265-1-ch-de-reconocimiento-facial-o-1-canal-de-proteccin-perimetral-o-4-canales-de.jpg\" \/>\n\t<meta property=\"og:image:width\" content=\"200\" \/>\n\t<meta property=\"og:image:height\" content=\"200\" \/>\n\t<meta property=\"og:image:type\" content=\"image\/jpeg\" \/>\n<meta name=\"twitter:card\" content=\"summary_large_image\" \/>\n<meta name=\"twitter:label1\" content=\"Precio\" \/>\n\t<meta name=\"twitter:data1\" content=\"&#36;2,128 &#36;2,022 con IVA\" \/>\n\t<meta name=\"twitter:label2\" content=\"Availability\" \/>\n\t<meta name=\"twitter:data2\" content=\"In stock\" \/>\n<script type=\"application\/ld+json\" class=\"yoast-schema-graph\">{\"@context\":\"https:\/\/schema.org\",\"@graph\":[{\"@type\":\"WebPage\",\"@id\":\"https:\/\/compuviper.mx\/tienda\/producto\/dahua-dhi-nvr2116hs-i26923172504944dhi-nvr2116hs-i2-nvr-dhi-nvr2116hs-i2-8-megapixeles-4k-16-canales-ip-wizsense-con-ia-rendimiento-de-144-mbps-smart-h-265-1-ch-de-reconocimiento-facial-o\/\",\"url\":\"https:\/\/compuviper.mx\/tienda\/producto\/dahua-dhi-nvr2116hs-i26923172504944dhi-nvr2116hs-i2-nvr-dhi-nvr2116hs-i2-8-megapixeles-4k-16-canales-ip-wizsense-con-ia-rendimiento-de-144-mbps-smart-h-265-1-ch-de-reconocimiento-facial-o\/\",\"name\":\"[ Dahua ] &#129351; Dhi-nvr2116hs-i2,6923172504944,dhi-nvr2116hs-i2 Nvr Dhi-nvr2116hs-i2 \/ 8 Megapixeles\/ 4k\/ 16 Canales Ip\/ Wizsense\/ Con Ia\/ Rendimiento De 144 Mbps\/ Smart H.265\/ 1 Ch De Reconocimiento Facial O 1 Canal De Proteccin Perimetral O 4 Canales De\",\"isPartOf\":{\"@id\":\"https:\/\/compuviper.mx\/tienda\/#website\"},\"datePublished\":\"2026-04-11T07:22:29+00:00\",\"dateModified\":\"2026-04-11T07:22:29+00:00\",\"description\":\"Compra Dhi-nvr2116hs-i2,6923172504944,dhi-nvr2116hs-i2 Nvr Dhi-nvr2116hs-i2 \/ 8 Megapixeles\/ 4k\/ 16 Canales Ip\/ Wizsense\/ Con Ia\/ Rendimiento De 144 Mbps\/ Smart H.265\/ 1 Ch De Reconocimiento Facial O 1 Canal De Proteccin Perimetral O 4 Canales De + Env\u00edo a domicilio + Pago seguro + Garant\u00eda\",\"breadcrumb\":{\"@id\":\"https:\/\/compuviper.mx\/tienda\/producto\/dahua-dhi-nvr2116hs-i26923172504944dhi-nvr2116hs-i2-nvr-dhi-nvr2116hs-i2-8-megapixeles-4k-16-canales-ip-wizsense-con-ia-rendimiento-de-144-mbps-smart-h-265-1-ch-de-reconocimiento-facial-o\/#breadcrumb\"},\"inLanguage\":\"es-MX\",\"potentialAction\":[{\"@type\":\"ReadAction\",\"target\":[\"https:\/\/compuviper.mx\/tienda\/producto\/dahua-dhi-nvr2116hs-i26923172504944dhi-nvr2116hs-i2-nvr-dhi-nvr2116hs-i2-8-megapixeles-4k-16-canales-ip-wizsense-con-ia-rendimiento-de-144-mbps-smart-h-265-1-ch-de-reconocimiento-facial-o\/\"]}]},{\"@type\":\"BreadcrumbList\",\"@id\":\"https:\/\/compuviper.mx\/tienda\/producto\/dahua-dhi-nvr2116hs-i26923172504944dhi-nvr2116hs-i2-nvr-dhi-nvr2116hs-i2-8-megapixeles-4k-16-canales-ip-wizsense-con-ia-rendimiento-de-144-mbps-smart-h-265-1-ch-de-reconocimiento-facial-o\/#breadcrumb\",\"itemListElement\":[{\"@type\":\"ListItem\",\"position\":1,\"name\":\"Inicio\",\"item\":\"https:\/\/compuviper.mx\/tienda\/\"},{\"@type\":\"ListItem\",\"position\":2,\"name\":\"Productos\",\"item\":\"https:\/\/compuviper.mx\/tienda\/productos\/\"},{\"@type\":\"ListItem\",\"position\":3,\"name\":\"Videograbadores\",\"item\":\"https:\/\/compuviper.mx\/tienda\/categoria-producto\/videograbadores\/\"},{\"@type\":\"ListItem\",\"position\":4,\"name\":\"Nvr\",\"item\":\"https:\/\/compuviper.mx\/tienda\/categoria-producto\/videograbadores\/nvr\/\"},{\"@type\":\"ListItem\",\"position\":5,\"name\":\"Dahua Dhi-nvr2116hs-i2,6923172504944,dhi-nvr2116hs-i2 Nvr Dhi-nvr2116hs-i2 \/ 8 Megapixeles\/ 4k\/ 16 Canales Ip\/ Wizsense\/ Con Ia\/ Rendimiento De 144 Mbps\/ Smart H.265\/ 1 Ch De Reconocimiento Facial O 1 Canal De Proteccin Perimetral O 4 Canales De\"}]},{\"@type\":\"WebSite\",\"@id\":\"https:\/\/compuviper.mx\/tienda\/#website\",\"url\":\"https:\/\/compuviper.mx\/tienda\/\",\"name\":\"Compuviper\",\"description\":\"Proveedor de Computadoras, Laptops, Servidores, Monitores, Puntos de Venta, Teclados,   Impresoras, T\u00f3ner, C\u00e1maras de Seguridad y m\u00e1s en tu tienda en l\u00ednea\",\"publisher\":{\"@id\":\"https:\/\/compuviper.mx\/tienda\/#organization\"},\"potentialAction\":[{\"@type\":\"SearchAction\",\"target\":{\"@type\":\"EntryPoint\",\"urlTemplate\":\"https:\/\/compuviper.mx\/tienda\/?s={search_term_string}\"},\"query-input\":\"required name=search_term_string\"}],\"inLanguage\":\"es-MX\"},{\"@type\":\"Organization\",\"@id\":\"https:\/\/compuviper.mx\/tienda\/#organization\",\"name\":\"Compuviper\",\"url\":\"https:\/\/compuviper.mx\/tienda\/\",\"logo\":{\"@type\":\"ImageObject\",\"inLanguage\":\"es-MX\",\"@id\":\"https:\/\/compuviper.mx\/tienda\/#\/schema\/logo\/image\/\",\"url\":\"https:\/\/compuviper.mx\/tienda\/wp-content\/uploads\/2021\/08\/Logo-Compuviper-10.png\",\"contentUrl\":\"https:\/\/compuviper.mx\/tienda\/wp-content\/uploads\/2021\/08\/Logo-Compuviper-10.png\",\"width\":1000,\"height\":500,\"caption\":\"Compuviper\"},\"image\":{\"@id\":\"https:\/\/compuviper.mx\/tienda\/#\/schema\/logo\/image\/\"},\"sameAs\":[\"https:\/\/www.facebook.com\/compuviper\",\"https:\/\/www.youtube.com\/channel\/UCf73dERp9Y3cfOq7q8BhLjA?view_as=subscriber\"]}]}<\/script>\n<meta property=\"product:brand\" content=\"DAHUA\" \/>\n<meta property=\"product:price:amount\" content=\"2022\" \/>\n<meta property=\"product:price:currency\" content=\"MXN\" \/>\n<meta property=\"og:availability\" content=\"instock\" \/>\n<meta property=\"product:availability\" content=\"instock\" \/>\n<meta property=\"product:retailer_item_id\" content=\"DHI-NVR2116HS-I2,6923172504944,DHI-NVR2116HS-I2\" \/>\n<meta property=\"product:condition\" content=\"new\" \/>\n<!-- \/ Yoast SEO plugin. -->","yoast_head_json":{"title":"[ Dahua ] &#129351; Dhi-nvr2116hs-i2,6923172504944,dhi-nvr2116hs-i2 Nvr Dhi-nvr2116hs-i2 \/ 8 Megapixeles\/ 4k\/ 16 Canales Ip\/ Wizsense\/ Con Ia\/ Rendimiento De 144 Mbps\/ Smart H.265\/ 1 Ch De Reconocimiento Facial O 1 Canal De Proteccin Perimetral O 4 Canales De","description":"Compra Dhi-nvr2116hs-i2,6923172504944,dhi-nvr2116hs-i2 Nvr Dhi-nvr2116hs-i2 \/ 8 Megapixeles\/ 4k\/ 16 Canales Ip\/ Wizsense\/ Con Ia\/ Rendimiento De 144 Mbps\/ Smart H.265\/ 1 Ch De Reconocimiento Facial O 1 Canal De Proteccin Perimetral O 4 Canales De + Env\u00edo a domicilio + Pago seguro + Garant\u00eda","robots":{"index":"index","follow":"follow","max-snippet":"max-snippet:-1","max-image-preview":"max-image-preview:large","max-video-preview":"max-video-preview:-1"},"canonical":"https:\/\/compuviper.mx\/tienda\/producto\/dahua-dhi-nvr2116hs-i26923172504944dhi-nvr2116hs-i2-nvr-dhi-nvr2116hs-i2-8-megapixeles-4k-16-canales-ip-wizsense-con-ia-rendimiento-de-144-mbps-smart-h-265-1-ch-de-reconocimiento-facial-o\/","og_locale":"es_MX","og_type":"article","og_title":"[ Dahua ] &#129351; Dhi-nvr2116hs-i2,6923172504944,dhi-nvr2116hs-i2 Nvr Dhi-nvr2116hs-i2 \/ 8 Megapixeles\/ 4k\/ 16 Canales Ip\/ Wizsense\/ Con Ia\/ Rendimiento De 144 Mbps\/ Smart H.265\/ 1 Ch De Reconocimiento Facial O 1 Canal De Proteccin Perimetral O 4 Canales De","og_description":"Compra Dhi-nvr2116hs-i2,6923172504944,dhi-nvr2116hs-i2 Nvr Dhi-nvr2116hs-i2 \/ 8 Megapixeles\/ 4k\/ 16 Canales Ip\/ Wizsense\/ Con Ia\/ Rendimiento De 144 Mbps\/ Smart H.265\/ 1 Ch De Reconocimiento Facial O 1 Canal De Proteccin Perimetral O 4 Canales De + Env\u00edo a domicilio + Pago seguro + Garant\u00eda","og_url":"https:\/\/compuviper.mx\/tienda\/producto\/dahua-dhi-nvr2116hs-i26923172504944dhi-nvr2116hs-i2-nvr-dhi-nvr2116hs-i2-8-megapixeles-4k-16-canales-ip-wizsense-con-ia-rendimiento-de-144-mbps-smart-h-265-1-ch-de-reconocimiento-facial-o\/","og_site_name":"Compuviper","article_publisher":"https:\/\/www.facebook.com\/compuviper","og_image":[{"width":200,"height":200,"url":"https:\/\/compuviper.mx\/tienda\/wp-content\/uploads\/2023\/12\/Nvr-dahua-dhi-nvr2116hs-i2-8-megapixeles-4k-16-canales-ip-wizsense-con-ia-rendimiento-de-144-mbps-smart-h.265-1-ch-de-reconocimiento-facial-o-1-canal-de-proteccin-perimetral-o-4-canales-de.jpg","type":"image\/jpeg"}],"twitter_card":"summary_large_image","twitter_misc":{"Precio":"&#36;2,128 &#36;2,022 con IVA","Availability":"In stock"},"schema":{"@context":"https:\/\/schema.org","@graph":[{"@type":"WebPage","@id":"https:\/\/compuviper.mx\/tienda\/producto\/dahua-dhi-nvr2116hs-i26923172504944dhi-nvr2116hs-i2-nvr-dhi-nvr2116hs-i2-8-megapixeles-4k-16-canales-ip-wizsense-con-ia-rendimiento-de-144-mbps-smart-h-265-1-ch-de-reconocimiento-facial-o\/","url":"https:\/\/compuviper.mx\/tienda\/producto\/dahua-dhi-nvr2116hs-i26923172504944dhi-nvr2116hs-i2-nvr-dhi-nvr2116hs-i2-8-megapixeles-4k-16-canales-ip-wizsense-con-ia-rendimiento-de-144-mbps-smart-h-265-1-ch-de-reconocimiento-facial-o\/","name":"[ Dahua ] &#129351; Dhi-nvr2116hs-i2,6923172504944,dhi-nvr2116hs-i2 Nvr Dhi-nvr2116hs-i2 \/ 8 Megapixeles\/ 4k\/ 16 Canales Ip\/ Wizsense\/ Con Ia\/ Rendimiento De 144 Mbps\/ Smart H.265\/ 1 Ch De Reconocimiento Facial O 1 Canal De Proteccin Perimetral O 4 Canales De","isPartOf":{"@id":"https:\/\/compuviper.mx\/tienda\/#website"},"datePublished":"2026-04-11T07:22:29+00:00","dateModified":"2026-04-11T07:22:29+00:00","description":"Compra Dhi-nvr2116hs-i2,6923172504944,dhi-nvr2116hs-i2 Nvr Dhi-nvr2116hs-i2 \/ 8 Megapixeles\/ 4k\/ 16 Canales Ip\/ Wizsense\/ Con Ia\/ Rendimiento De 144 Mbps\/ Smart H.265\/ 1 Ch De Reconocimiento Facial O 1 Canal De Proteccin Perimetral O 4 Canales De + Env\u00edo a domicilio + Pago seguro + Garant\u00eda","breadcrumb":{"@id":"https:\/\/compuviper.mx\/tienda\/producto\/dahua-dhi-nvr2116hs-i26923172504944dhi-nvr2116hs-i2-nvr-dhi-nvr2116hs-i2-8-megapixeles-4k-16-canales-ip-wizsense-con-ia-rendimiento-de-144-mbps-smart-h-265-1-ch-de-reconocimiento-facial-o\/#breadcrumb"},"inLanguage":"es-MX","potentialAction":[{"@type":"ReadAction","target":["https:\/\/compuviper.mx\/tienda\/producto\/dahua-dhi-nvr2116hs-i26923172504944dhi-nvr2116hs-i2-nvr-dhi-nvr2116hs-i2-8-megapixeles-4k-16-canales-ip-wizsense-con-ia-rendimiento-de-144-mbps-smart-h-265-1-ch-de-reconocimiento-facial-o\/"]}]},{"@type":"BreadcrumbList","@id":"https:\/\/compuviper.mx\/tienda\/producto\/dahua-dhi-nvr2116hs-i26923172504944dhi-nvr2116hs-i2-nvr-dhi-nvr2116hs-i2-8-megapixeles-4k-16-canales-ip-wizsense-con-ia-rendimiento-de-144-mbps-smart-h-265-1-ch-de-reconocimiento-facial-o\/#breadcrumb","itemListElement":[{"@type":"ListItem","position":1,"name":"Inicio","item":"https:\/\/compuviper.mx\/tienda\/"},{"@type":"ListItem","position":2,"name":"Productos","item":"https:\/\/compuviper.mx\/tienda\/productos\/"},{"@type":"ListItem","position":3,"name":"Videograbadores","item":"https:\/\/compuviper.mx\/tienda\/categoria-producto\/videograbadores\/"},{"@type":"ListItem","position":4,"name":"Nvr","item":"https:\/\/compuviper.mx\/tienda\/categoria-producto\/videograbadores\/nvr\/"},{"@type":"ListItem","position":5,"name":"Dahua Dhi-nvr2116hs-i2,6923172504944,dhi-nvr2116hs-i2 Nvr Dhi-nvr2116hs-i2 \/ 8 Megapixeles\/ 4k\/ 16 Canales Ip\/ Wizsense\/ Con Ia\/ Rendimiento De 144 Mbps\/ Smart H.265\/ 1 Ch De Reconocimiento Facial O 1 Canal De Proteccin Perimetral O 4 Canales De"}]},{"@type":"WebSite","@id":"https:\/\/compuviper.mx\/tienda\/#website","url":"https:\/\/compuviper.mx\/tienda\/","name":"Compuviper","description":"Proveedor de Computadoras, Laptops, Servidores, Monitores, Puntos de Venta, Teclados,   Impresoras, T\u00f3ner, C\u00e1maras de Seguridad y m\u00e1s en tu tienda en l\u00ednea","publisher":{"@id":"https:\/\/compuviper.mx\/tienda\/#organization"},"potentialAction":[{"@type":"SearchAction","target":{"@type":"EntryPoint","urlTemplate":"https:\/\/compuviper.mx\/tienda\/?s={search_term_string}"},"query-input":"required name=search_term_string"}],"inLanguage":"es-MX"},{"@type":"Organization","@id":"https:\/\/compuviper.mx\/tienda\/#organization","name":"Compuviper","url":"https:\/\/compuviper.mx\/tienda\/","logo":{"@type":"ImageObject","inLanguage":"es-MX","@id":"https:\/\/compuviper.mx\/tienda\/#\/schema\/logo\/image\/","url":"https:\/\/compuviper.mx\/tienda\/wp-content\/uploads\/2021\/08\/Logo-Compuviper-10.png","contentUrl":"https:\/\/compuviper.mx\/tienda\/wp-content\/uploads\/2021\/08\/Logo-Compuviper-10.png","width":1000,"height":500,"caption":"Compuviper"},"image":{"@id":"https:\/\/compuviper.mx\/tienda\/#\/schema\/logo\/image\/"},"sameAs":["https:\/\/www.facebook.com\/compuviper","https:\/\/www.youtube.com\/channel\/UCf73dERp9Y3cfOq7q8BhLjA?view_as=subscriber"]}]},"product_brand":"DAHUA","product_price_amount":"2022","product_price_currency":"MXN","og_availability":"instock","product_availability":"instock","product_retailer_item_id":"DHI-NVR2116HS-I2,6923172504944,DHI-NVR2116HS-I2","product_condition":"new"},"_links":{"self":[{"href":"https:\/\/compuviper.mx\/tienda\/wp-json\/wp\/v2\/product\/222075"}],"collection":[{"href":"https:\/\/compuviper.mx\/tienda\/wp-json\/wp\/v2\/product"}],"about":[{"href":"https:\/\/compuviper.mx\/tienda\/wp-json\/wp\/v2\/types\/product"}],"replies":[{"embeddable":true,"href":"https:\/\/compuviper.mx\/tienda\/wp-json\/wp\/v2\/comments?post=222075"}],"wp:featuredmedia":[{"embeddable":true,"href":"https:\/\/compuviper.mx\/tienda\/wp-json\/wp\/v2\/media\/222076"}],"wp:attachment":[{"href":"https:\/\/compuviper.mx\/tienda\/wp-json\/wp\/v2\/media?parent=222075"}],"wp:term":[{"taxonomy":"product_cat","embeddable":true,"href":"https:\/\/compuviper.mx\/tienda\/wp-json\/wp\/v2\/product_cat?post=222075"},{"taxonomy":"product_tag","embeddable":true,"href":"https:\/\/compuviper.mx\/tienda\/wp-json\/wp\/v2\/product_tag?post=222075"}],"curies":[{"name":"wp","href":"https:\/\/api.w.org\/{rel}","templated":true}]}}