{"id":222073,"date":"2026-04-02T01:23:29","date_gmt":"2026-04-02T07:23:29","guid":{"rendered":"https:\/\/compuviper.mx\/tienda\/producto\/hikvision-nvr-216mh-c-16pc-nvr-8-megapixeles-4k-nvr-216mh-c-16pc-compatible-con-cmaras-acusense-16-canales-ip-16-puertos-poe-2-bahas-de-disco-duro-hdmi-en-4k\/"},"modified":"2026-04-02T01:23:29","modified_gmt":"2026-04-02T07:23:29","slug":"hikvision-nvr-216mh-c-16pc-nvr-8-megapixeles-4k-nvr-216mh-c-16pc-compatible-con-cmaras-acusense-16-canales-ip-16-puertos-poe-2-bahas-de-disco-duro-hdmi-en-4k","status":"publish","type":"product","link":"https:\/\/compuviper.mx\/tienda\/producto\/hikvision-nvr-216mh-c-16pc-nvr-8-megapixeles-4k-nvr-216mh-c-16pc-compatible-con-cmaras-acusense-16-canales-ip-16-puertos-poe-2-bahas-de-disco-duro-hdmi-en-4k\/","title":{"rendered":"Hikvision Nvr-216mh-c\/16p(c) Nvr 8 Megapixeles 4k  Nvr-216mh-c\/16pc Compatible Con Cmaras Acusense \/ 16 Canales Ip \/ 16 Puertos Poe \/ 2 Bahas De Disco Duro \/ Hdmi En 4k"},"content":{"rendered":"<table class=\"descripcion\">\n<tr>\n<td>Caracter\u00edsticas principales:<\/td>\n<\/tr>\n<tr>\n<td>    compresi\u00f3n: h.265+ \/ h.265 \/ h.264+ \/ h.264.<\/td>\n<\/tr>\n<tr>\n<td>    soporta c\u00e1maras ip de hasta 8 megapixel (4k).<\/td>\n<\/tr>\n<tr>\n<td>    16 puertos poe+ (soporta est\u00e1ndar af \/ at).<\/td>\n<\/tr>\n<tr>\n<td>    150 watts total en sus puertos poe+.<\/td>\n<\/tr>\n<tr>\n<td>    puerto lan base gigabit.<\/td>\n<\/tr>\n<tr>\n<td>    salida de v\u00eddeo en hdmi en resolucion 4k.<\/td>\n<\/tr>\n<tr>\n<td>    soporta 2 hdd de hasta 8 tb (no incluido).<\/td>\n<\/tr>\n<tr>\n<td>    procesamiento de entrada: 160 mbps.<\/td>\n<\/tr>\n<tr>\n<td>    procesamiento de salida: 80 mbps.<\/td>\n<\/tr>\n<tr>\n<td>    compatible con hik-connect p2p.<\/td>\n<\/tr>\n<tr>\n<td>    aplicaci\u00f3n m\u00f3vil compatible con ios y android.<\/td>\n<\/tr>\n<tr>\n<td>    compatible con el software ivms-4200 (gratuito).<\/td>\n<\/tr>\n<tr>\n<td>    soporta host virtual.<\/td>\n<\/tr>\n<tr>\n<td>    compatible con gabinete met\u00e1lico gab-vid2-r2.<\/td>\n<\/tr>\n<tr>\n<td>Caracter\u00edsticas f\u00edsicas y el\u00e9ctricas:<\/td>\n<\/tr>\n<tr>\n<td>    alimentaci\u00f3n y consumo: 100 a 240 vca \/ 15 watts (sin discos duros o poe activo) .<\/td>\n<\/tr>\n<tr>\n<td>    dimensiones: 385 x 315 x 52 mm.<\/td>\n<\/tr>\n<tr>\n<td>    consume 1 unidad de rack.<\/td>\n<\/tr>\n<tr>\n<td>    peso: 2.6 kg (sin hdd).<\/td>\n<\/tr>\n<tr>\n<td>    no aplica a control remoto.<\/td>\n<\/tr>\n<tr>\n<td>    garant\u00eda: 1 a\u00f1o.<\/td>\n<\/tr>\n<\/table>\n","protected":false},"excerpt":{"rendered":"<p>Caracter\u00edsticas destacadas. Soporta c\u00e1maras con acusense (filtro de falsas alarmas).     Con tecnolog\u00eda acusense podemos evitar falsas alarmas como movimiento de arboles, animales, etc.     Al activar la tecnolog\u00eda acusense en las c\u00e1maras solo detectar\u00e1 cuerpo humano y veh\u00edculos para identificar eventos realmente importantes y as\u00ed eliminar falsas alarmas.     Soporta hasta 16 canales con la tecnolog\u00eda acusense utilizando camaras:  ds-2cd3xx \/ ds-2cd2xx3g2 \/ ds-2cd2xx7g2 (que soporte acusense).<\/p>\n","protected":false},"featured_media":222074,"comment_status":"open","ping_status":"open","template":"","meta":[],"product_cat":[1689,1768],"product_tag":[1595],"acf":[],"yoast_head":"<!-- This site is optimized with the Yoast SEO plugin v21.7 - https:\/\/yoast.com\/wordpress\/plugins\/seo\/ -->\n<title>[ Hikvision ] &#129351; Nvr-216mh-c\/16p(c) Nvr 8 Megapixeles 4k Nvr-216mh-c\/16pc Compatible Con Cmaras Acusense \/ 16 Canales Ip \/ 16 Puertos Poe \/ 2 Bahas De Disco Duro \/ Hdmi En 4k<\/title>\n<meta name=\"description\" content=\"Compra Nvr-216mh-c\/16p(c) Nvr 8 Megapixeles 4k Nvr-216mh-c\/16pc Compatible Con Cmaras Acusense \/ 16 Canales Ip \/ 16 Puertos Poe \/ 2 Bahas De Disco Duro \/ Hdmi En 4k + Env\u00edo a domicilio + Pago seguro + Garant\u00eda\" \/>\n<meta name=\"robots\" content=\"index, follow, max-snippet:-1, max-image-preview:large, max-video-preview:-1\" \/>\n<link rel=\"canonical\" href=\"https:\/\/compuviper.mx\/tienda\/producto\/hikvision-nvr-216mh-c-16pc-nvr-8-megapixeles-4k-nvr-216mh-c-16pc-compatible-con-cmaras-acusense-16-canales-ip-16-puertos-poe-2-bahas-de-disco-duro-hdmi-en-4k\/\" \/>\n<meta property=\"og:locale\" content=\"es_MX\" \/>\n<meta property=\"og:type\" content=\"article\" \/>\n<meta property=\"og:title\" content=\"[ Hikvision ] &#129351; Nvr-216mh-c\/16p(c) Nvr 8 Megapixeles 4k Nvr-216mh-c\/16pc Compatible Con Cmaras Acusense \/ 16 Canales Ip \/ 16 Puertos Poe \/ 2 Bahas De Disco Duro \/ Hdmi En 4k\" \/>\n<meta property=\"og:description\" content=\"Compra Nvr-216mh-c\/16p(c) Nvr 8 Megapixeles 4k Nvr-216mh-c\/16pc Compatible Con Cmaras Acusense \/ 16 Canales Ip \/ 16 Puertos Poe \/ 2 Bahas De Disco Duro \/ Hdmi En 4k + Env\u00edo a domicilio + Pago seguro + Garant\u00eda\" \/>\n<meta property=\"og:url\" content=\"https:\/\/compuviper.mx\/tienda\/producto\/hikvision-nvr-216mh-c-16pc-nvr-8-megapixeles-4k-nvr-216mh-c-16pc-compatible-con-cmaras-acusense-16-canales-ip-16-puertos-poe-2-bahas-de-disco-duro-hdmi-en-4k\/\" \/>\n<meta property=\"og:site_name\" content=\"Compuviper\" \/>\n<meta property=\"article:publisher\" content=\"https:\/\/www.facebook.com\/compuviper\" \/>\n<meta property=\"og:image\" content=\"https:\/\/compuviper.mx\/tienda\/wp-content\/uploads\/2023\/12\/Nvr-8-megapixeles-4k-hikvision-nvr-216mh-c16pc-compatible-con-cmaras-acusense-16-canales-ip-16-puertos-poe-2-bahas-de-disco-duro-hdmi-en-4k.jpg\" \/>\n\t<meta property=\"og:image:width\" content=\"200\" \/>\n\t<meta property=\"og:image:height\" content=\"200\" \/>\n\t<meta property=\"og:image:type\" content=\"image\/jpeg\" \/>\n<meta name=\"twitter:card\" content=\"summary_large_image\" \/>\n<meta name=\"twitter:label1\" content=\"Precio\" \/>\n\t<meta name=\"twitter:data1\" content=\"&#36;4,639 con IVA\" \/>\n\t<meta name=\"twitter:label2\" content=\"Availability\" \/>\n\t<meta name=\"twitter:data2\" content=\"On backorder\" \/>\n<script type=\"application\/ld+json\" class=\"yoast-schema-graph\">{\"@context\":\"https:\/\/schema.org\",\"@graph\":[{\"@type\":\"WebPage\",\"@id\":\"https:\/\/compuviper.mx\/tienda\/producto\/hikvision-nvr-216mh-c-16pc-nvr-8-megapixeles-4k-nvr-216mh-c-16pc-compatible-con-cmaras-acusense-16-canales-ip-16-puertos-poe-2-bahas-de-disco-duro-hdmi-en-4k\/\",\"url\":\"https:\/\/compuviper.mx\/tienda\/producto\/hikvision-nvr-216mh-c-16pc-nvr-8-megapixeles-4k-nvr-216mh-c-16pc-compatible-con-cmaras-acusense-16-canales-ip-16-puertos-poe-2-bahas-de-disco-duro-hdmi-en-4k\/\",\"name\":\"[ Hikvision ] &#129351; Nvr-216mh-c\/16p(c) Nvr 8 Megapixeles 4k Nvr-216mh-c\/16pc Compatible Con Cmaras Acusense \/ 16 Canales Ip \/ 16 Puertos Poe \/ 2 Bahas De Disco Duro \/ Hdmi En 4k\",\"isPartOf\":{\"@id\":\"https:\/\/compuviper.mx\/tienda\/#website\"},\"datePublished\":\"2026-04-02T07:23:29+00:00\",\"dateModified\":\"2026-04-02T07:23:29+00:00\",\"description\":\"Compra Nvr-216mh-c\/16p(c) Nvr 8 Megapixeles 4k Nvr-216mh-c\/16pc Compatible Con Cmaras Acusense \/ 16 Canales Ip \/ 16 Puertos Poe \/ 2 Bahas De Disco Duro \/ Hdmi En 4k + Env\u00edo a domicilio + Pago seguro + Garant\u00eda\",\"breadcrumb\":{\"@id\":\"https:\/\/compuviper.mx\/tienda\/producto\/hikvision-nvr-216mh-c-16pc-nvr-8-megapixeles-4k-nvr-216mh-c-16pc-compatible-con-cmaras-acusense-16-canales-ip-16-puertos-poe-2-bahas-de-disco-duro-hdmi-en-4k\/#breadcrumb\"},\"inLanguage\":\"es-MX\",\"potentialAction\":[{\"@type\":\"ReadAction\",\"target\":[\"https:\/\/compuviper.mx\/tienda\/producto\/hikvision-nvr-216mh-c-16pc-nvr-8-megapixeles-4k-nvr-216mh-c-16pc-compatible-con-cmaras-acusense-16-canales-ip-16-puertos-poe-2-bahas-de-disco-duro-hdmi-en-4k\/\"]}]},{\"@type\":\"BreadcrumbList\",\"@id\":\"https:\/\/compuviper.mx\/tienda\/producto\/hikvision-nvr-216mh-c-16pc-nvr-8-megapixeles-4k-nvr-216mh-c-16pc-compatible-con-cmaras-acusense-16-canales-ip-16-puertos-poe-2-bahas-de-disco-duro-hdmi-en-4k\/#breadcrumb\",\"itemListElement\":[{\"@type\":\"ListItem\",\"position\":1,\"name\":\"Inicio\",\"item\":\"https:\/\/compuviper.mx\/tienda\/\"},{\"@type\":\"ListItem\",\"position\":2,\"name\":\"Productos\",\"item\":\"https:\/\/compuviper.mx\/tienda\/productos\/\"},{\"@type\":\"ListItem\",\"position\":3,\"name\":\"Videograbadores\",\"item\":\"https:\/\/compuviper.mx\/tienda\/categoria-producto\/videograbadores\/\"},{\"@type\":\"ListItem\",\"position\":4,\"name\":\"Nvr\",\"item\":\"https:\/\/compuviper.mx\/tienda\/categoria-producto\/videograbadores\/nvr\/\"},{\"@type\":\"ListItem\",\"position\":5,\"name\":\"Hikvision Nvr-216mh-c\/16p(c) Nvr 8 Megapixeles 4k Nvr-216mh-c\/16pc Compatible Con Cmaras Acusense \/ 16 Canales Ip \/ 16 Puertos Poe \/ 2 Bahas De Disco Duro \/ Hdmi En 4k\"}]},{\"@type\":\"WebSite\",\"@id\":\"https:\/\/compuviper.mx\/tienda\/#website\",\"url\":\"https:\/\/compuviper.mx\/tienda\/\",\"name\":\"Compuviper\",\"description\":\"Proveedor de Computadoras, Laptops, Servidores, Monitores, Puntos de Venta, Teclados,   Impresoras, T\u00f3ner, C\u00e1maras de Seguridad y m\u00e1s en tu tienda en l\u00ednea\",\"publisher\":{\"@id\":\"https:\/\/compuviper.mx\/tienda\/#organization\"},\"potentialAction\":[{\"@type\":\"SearchAction\",\"target\":{\"@type\":\"EntryPoint\",\"urlTemplate\":\"https:\/\/compuviper.mx\/tienda\/?s={search_term_string}\"},\"query-input\":\"required name=search_term_string\"}],\"inLanguage\":\"es-MX\"},{\"@type\":\"Organization\",\"@id\":\"https:\/\/compuviper.mx\/tienda\/#organization\",\"name\":\"Compuviper\",\"url\":\"https:\/\/compuviper.mx\/tienda\/\",\"logo\":{\"@type\":\"ImageObject\",\"inLanguage\":\"es-MX\",\"@id\":\"https:\/\/compuviper.mx\/tienda\/#\/schema\/logo\/image\/\",\"url\":\"https:\/\/compuviper.mx\/tienda\/wp-content\/uploads\/2021\/08\/Logo-Compuviper-10.png\",\"contentUrl\":\"https:\/\/compuviper.mx\/tienda\/wp-content\/uploads\/2021\/08\/Logo-Compuviper-10.png\",\"width\":1000,\"height\":500,\"caption\":\"Compuviper\"},\"image\":{\"@id\":\"https:\/\/compuviper.mx\/tienda\/#\/schema\/logo\/image\/\"},\"sameAs\":[\"https:\/\/www.facebook.com\/compuviper\",\"https:\/\/www.youtube.com\/channel\/UCf73dERp9Y3cfOq7q8BhLjA?view_as=subscriber\"]}]}<\/script>\n<meta property=\"product:brand\" content=\"HIKVISION\" \/>\n<meta property=\"product:price:amount\" content=\"4639\" \/>\n<meta property=\"product:price:currency\" content=\"MXN\" \/>\n<meta property=\"og:availability\" content=\"backorder\" \/>\n<meta property=\"product:availability\" content=\"available for order\" \/>\n<meta property=\"product:retailer_item_id\" content=\"NVR-216MH-C\/16P(C)\" \/>\n<meta property=\"product:condition\" content=\"new\" \/>\n<!-- \/ Yoast SEO plugin. -->","yoast_head_json":{"title":"[ Hikvision ] &#129351; Nvr-216mh-c\/16p(c) Nvr 8 Megapixeles 4k Nvr-216mh-c\/16pc Compatible Con Cmaras Acusense \/ 16 Canales Ip \/ 16 Puertos Poe \/ 2 Bahas De Disco Duro \/ Hdmi En 4k","description":"Compra Nvr-216mh-c\/16p(c) Nvr 8 Megapixeles 4k Nvr-216mh-c\/16pc Compatible Con Cmaras Acusense \/ 16 Canales Ip \/ 16 Puertos Poe \/ 2 Bahas De Disco Duro \/ Hdmi En 4k + Env\u00edo a domicilio + Pago seguro + Garant\u00eda","robots":{"index":"index","follow":"follow","max-snippet":"max-snippet:-1","max-image-preview":"max-image-preview:large","max-video-preview":"max-video-preview:-1"},"canonical":"https:\/\/compuviper.mx\/tienda\/producto\/hikvision-nvr-216mh-c-16pc-nvr-8-megapixeles-4k-nvr-216mh-c-16pc-compatible-con-cmaras-acusense-16-canales-ip-16-puertos-poe-2-bahas-de-disco-duro-hdmi-en-4k\/","og_locale":"es_MX","og_type":"article","og_title":"[ Hikvision ] &#129351; Nvr-216mh-c\/16p(c) Nvr 8 Megapixeles 4k Nvr-216mh-c\/16pc Compatible Con Cmaras Acusense \/ 16 Canales Ip \/ 16 Puertos Poe \/ 2 Bahas De Disco Duro \/ Hdmi En 4k","og_description":"Compra Nvr-216mh-c\/16p(c) Nvr 8 Megapixeles 4k Nvr-216mh-c\/16pc Compatible Con Cmaras Acusense \/ 16 Canales Ip \/ 16 Puertos Poe \/ 2 Bahas De Disco Duro \/ Hdmi En 4k + Env\u00edo a domicilio + Pago seguro + Garant\u00eda","og_url":"https:\/\/compuviper.mx\/tienda\/producto\/hikvision-nvr-216mh-c-16pc-nvr-8-megapixeles-4k-nvr-216mh-c-16pc-compatible-con-cmaras-acusense-16-canales-ip-16-puertos-poe-2-bahas-de-disco-duro-hdmi-en-4k\/","og_site_name":"Compuviper","article_publisher":"https:\/\/www.facebook.com\/compuviper","og_image":[{"width":200,"height":200,"url":"https:\/\/compuviper.mx\/tienda\/wp-content\/uploads\/2023\/12\/Nvr-8-megapixeles-4k-hikvision-nvr-216mh-c16pc-compatible-con-cmaras-acusense-16-canales-ip-16-puertos-poe-2-bahas-de-disco-duro-hdmi-en-4k.jpg","type":"image\/jpeg"}],"twitter_card":"summary_large_image","twitter_misc":{"Precio":"&#36;4,639 con IVA","Availability":"On backorder"},"schema":{"@context":"https:\/\/schema.org","@graph":[{"@type":"WebPage","@id":"https:\/\/compuviper.mx\/tienda\/producto\/hikvision-nvr-216mh-c-16pc-nvr-8-megapixeles-4k-nvr-216mh-c-16pc-compatible-con-cmaras-acusense-16-canales-ip-16-puertos-poe-2-bahas-de-disco-duro-hdmi-en-4k\/","url":"https:\/\/compuviper.mx\/tienda\/producto\/hikvision-nvr-216mh-c-16pc-nvr-8-megapixeles-4k-nvr-216mh-c-16pc-compatible-con-cmaras-acusense-16-canales-ip-16-puertos-poe-2-bahas-de-disco-duro-hdmi-en-4k\/","name":"[ Hikvision ] &#129351; Nvr-216mh-c\/16p(c) Nvr 8 Megapixeles 4k Nvr-216mh-c\/16pc Compatible Con Cmaras Acusense \/ 16 Canales Ip \/ 16 Puertos Poe \/ 2 Bahas De Disco Duro \/ Hdmi En 4k","isPartOf":{"@id":"https:\/\/compuviper.mx\/tienda\/#website"},"datePublished":"2026-04-02T07:23:29+00:00","dateModified":"2026-04-02T07:23:29+00:00","description":"Compra Nvr-216mh-c\/16p(c) Nvr 8 Megapixeles 4k Nvr-216mh-c\/16pc Compatible Con Cmaras Acusense \/ 16 Canales Ip \/ 16 Puertos Poe \/ 2 Bahas De Disco Duro \/ Hdmi En 4k + Env\u00edo a domicilio + Pago seguro + Garant\u00eda","breadcrumb":{"@id":"https:\/\/compuviper.mx\/tienda\/producto\/hikvision-nvr-216mh-c-16pc-nvr-8-megapixeles-4k-nvr-216mh-c-16pc-compatible-con-cmaras-acusense-16-canales-ip-16-puertos-poe-2-bahas-de-disco-duro-hdmi-en-4k\/#breadcrumb"},"inLanguage":"es-MX","potentialAction":[{"@type":"ReadAction","target":["https:\/\/compuviper.mx\/tienda\/producto\/hikvision-nvr-216mh-c-16pc-nvr-8-megapixeles-4k-nvr-216mh-c-16pc-compatible-con-cmaras-acusense-16-canales-ip-16-puertos-poe-2-bahas-de-disco-duro-hdmi-en-4k\/"]}]},{"@type":"BreadcrumbList","@id":"https:\/\/compuviper.mx\/tienda\/producto\/hikvision-nvr-216mh-c-16pc-nvr-8-megapixeles-4k-nvr-216mh-c-16pc-compatible-con-cmaras-acusense-16-canales-ip-16-puertos-poe-2-bahas-de-disco-duro-hdmi-en-4k\/#breadcrumb","itemListElement":[{"@type":"ListItem","position":1,"name":"Inicio","item":"https:\/\/compuviper.mx\/tienda\/"},{"@type":"ListItem","position":2,"name":"Productos","item":"https:\/\/compuviper.mx\/tienda\/productos\/"},{"@type":"ListItem","position":3,"name":"Videograbadores","item":"https:\/\/compuviper.mx\/tienda\/categoria-producto\/videograbadores\/"},{"@type":"ListItem","position":4,"name":"Nvr","item":"https:\/\/compuviper.mx\/tienda\/categoria-producto\/videograbadores\/nvr\/"},{"@type":"ListItem","position":5,"name":"Hikvision Nvr-216mh-c\/16p(c) Nvr 8 Megapixeles 4k Nvr-216mh-c\/16pc Compatible Con Cmaras Acusense \/ 16 Canales Ip \/ 16 Puertos Poe \/ 2 Bahas De Disco Duro \/ Hdmi En 4k"}]},{"@type":"WebSite","@id":"https:\/\/compuviper.mx\/tienda\/#website","url":"https:\/\/compuviper.mx\/tienda\/","name":"Compuviper","description":"Proveedor de Computadoras, Laptops, Servidores, Monitores, Puntos de Venta, Teclados,   Impresoras, T\u00f3ner, C\u00e1maras de Seguridad y m\u00e1s en tu tienda en l\u00ednea","publisher":{"@id":"https:\/\/compuviper.mx\/tienda\/#organization"},"potentialAction":[{"@type":"SearchAction","target":{"@type":"EntryPoint","urlTemplate":"https:\/\/compuviper.mx\/tienda\/?s={search_term_string}"},"query-input":"required name=search_term_string"}],"inLanguage":"es-MX"},{"@type":"Organization","@id":"https:\/\/compuviper.mx\/tienda\/#organization","name":"Compuviper","url":"https:\/\/compuviper.mx\/tienda\/","logo":{"@type":"ImageObject","inLanguage":"es-MX","@id":"https:\/\/compuviper.mx\/tienda\/#\/schema\/logo\/image\/","url":"https:\/\/compuviper.mx\/tienda\/wp-content\/uploads\/2021\/08\/Logo-Compuviper-10.png","contentUrl":"https:\/\/compuviper.mx\/tienda\/wp-content\/uploads\/2021\/08\/Logo-Compuviper-10.png","width":1000,"height":500,"caption":"Compuviper"},"image":{"@id":"https:\/\/compuviper.mx\/tienda\/#\/schema\/logo\/image\/"},"sameAs":["https:\/\/www.facebook.com\/compuviper","https:\/\/www.youtube.com\/channel\/UCf73dERp9Y3cfOq7q8BhLjA?view_as=subscriber"]}]},"product_brand":"HIKVISION","product_price_amount":"4639","product_price_currency":"MXN","og_availability":"backorder","product_availability":"available for order","product_retailer_item_id":"NVR-216MH-C\/16P(C)","product_condition":"new"},"_links":{"self":[{"href":"https:\/\/compuviper.mx\/tienda\/wp-json\/wp\/v2\/product\/222073"}],"collection":[{"href":"https:\/\/compuviper.mx\/tienda\/wp-json\/wp\/v2\/product"}],"about":[{"href":"https:\/\/compuviper.mx\/tienda\/wp-json\/wp\/v2\/types\/product"}],"replies":[{"embeddable":true,"href":"https:\/\/compuviper.mx\/tienda\/wp-json\/wp\/v2\/comments?post=222073"}],"wp:featuredmedia":[{"embeddable":true,"href":"https:\/\/compuviper.mx\/tienda\/wp-json\/wp\/v2\/media\/222074"}],"wp:attachment":[{"href":"https:\/\/compuviper.mx\/tienda\/wp-json\/wp\/v2\/media?parent=222073"}],"wp:term":[{"taxonomy":"product_cat","embeddable":true,"href":"https:\/\/compuviper.mx\/tienda\/wp-json\/wp\/v2\/product_cat?post=222073"},{"taxonomy":"product_tag","embeddable":true,"href":"https:\/\/compuviper.mx\/tienda\/wp-json\/wp\/v2\/product_tag?post=222073"}],"curies":[{"name":"wp","href":"https:\/\/api.w.org\/{rel}","templated":true}]}}