{"id":222065,"date":"2026-04-11T01:22:27","date_gmt":"2026-04-11T07:22:27","guid":{"rendered":"https:\/\/compuviper.mx\/tienda\/producto\/dahua-dhi-nvr1108hs-w-s2-ce-nvr-wifi-de-4-megapixeles-8-canales-ip-h-265-salidas-hdmi-vga-1-baha-de-disco-duro-1-es-de-audio-onvif-emparejamiento-automtico-con-ipc-wifi-de-cmaras-en-cascada-p\/"},"modified":"2026-04-12T00:00:17","modified_gmt":"2026-04-12T06:00:17","slug":"dahua-dhi-nvr1108hs-w-s2-ce6923172543004-nvr-wifi-de-4-megapixeles-8-canales-ip-h-265-salidas-hdmi-vga-1-baha-de-disco-duro-1-es-de-audio-onvif-emparejamiento-automtico-con-ipc-wifi-de-cmara","status":"publish","type":"product","link":"https:\/\/compuviper.mx\/tienda\/producto\/dahua-dhi-nvr1108hs-w-s2-ce6923172543004-nvr-wifi-de-4-megapixeles-8-canales-ip-h-265-salidas-hdmi-vga-1-baha-de-disco-duro-1-es-de-audio-onvif-emparejamiento-automtico-con-ipc-wifi-de-cmara\/","title":{"rendered":"Dahua Dhi-nvr1108hs-w-s2-ce,6923172543004 Nvr Wifi De 4 Megapixeles\/ 8 Canales Ip\/ H.265\/ Salidas Hdmi Vga\/ 1 Baha De Disco Duro\/ 1 Es De Audio\/ Onvif\/ Emparejamiento Automtico Con Ipc Wifi De \/ Cmaras En Cascada Para Larga Distanc"},"content":{"rendered":"<table class=\"descripcion\">\n<tr>\n<td>Canal de acceso 8 canales<\/td>\n<\/tr>\n<tr>\n<td>Salida de v\u00eddeo 1 \u00d7 vga, 1 \u00d7 hdmi (simult\u00e1neo)<\/td>\n<\/tr>\n<tr>\n<td>Acceso a c\u00e1maras de terceros onvif<\/td>\n<\/tr>\n<tr>\n<td>Compresi\u00f3n de video inteligente h.265; h.265; inteligente h.264; h.264; mjpeg<\/td>\n<\/tr>\n<tr>\n<td>Registro manual; registro de alarma; registro de detecci\u00f3n de movimiento; registro de horario<\/td>\n<\/tr>\n<tr>\n<td>1 puerto sata, hasta 16 tb. la capacidad m\u00e1xima del hdd var\u00eda con la temperatura ambiente<\/td>\n<\/tr>\n<tr>\n<td>1 puerto usb 2.0 frontal, 1 puerto usb 2.0 trasero<\/td>\n<\/tr>\n<tr>\n<td>Fuente de alimentaci\u00f3n 12 v cc, 1,5 a<\/td>\n<\/tr>\n<\/table>\n","protected":false},"excerpt":{"rendered":"<p>Este nvr tambi\u00e9n admite el acceso de c\u00e1maras ip, lo que hace que la instalaci\u00f3n sea m\u00e1s conveniente. Sin la limitaci\u00f3n de los cables de red, la grabadora inal\u00e1mbrica combinada con la c\u00e1mara inal\u00e1mbrica dahua brinda una excelente soluci\u00f3n para los sistemas de vigilancia de las pymes, lo que hace que este nvr sea ideal para una amplia gama de aplicaciones. Incluyendo seguridad en el hogar, caf\u00e9s, supermercados, comercio minorista, educaci\u00f3n y m\u00e1s industrias. Modulo wifi. Con un m\u00f3dulo de wi-fi incorporado, este nvr puede suministrar un punto de acceso wi-fi para dispositivos inal\u00e1mbricos. Al configurar el ssid y la contrase\u00f1a para construir una red inal\u00e1mbrica dedicada, har\u00e1 que la transmisi\u00f3n inal\u00e1mbrica sea m\u00e1s confiable y segura. Adem\u00e1s, el wi-fi ieee802.11b \/ g \/ n (2.4g hz) cubre \u00e1reas m\u00e1s amplias y amplias. Nueva interfaz de usuario 4.0. Emparejamiento inal\u00e1mbrico con un clic a ipc. Emparejamiento autom\u00e1tico con ipc en 120 s despu\u00e9s del arranque en condiciones sin perturbaciones. Cascada autom\u00e1tica de ipc para vigilancia a larga distancia. Admite c\u00e1maras principales del protocolo onvif. H.265 inteligente\/h.264 inteligente. Configuraci\u00f3n y gesti\u00f3n remota de ipc, como configuraci\u00f3n de par\u00e1metros, adquisici\u00f3n de informaci\u00f3n y actualizaci\u00f3n de ipc del mismo modelo en lotes. Dhcp (protocolo de configuraci\u00f3n din\u00e1mica de host), http (protocolo de transferencia de hipertexto), ntp (protocolo de tiempo de red) y ddns (sistema de nombre de dominio din\u00e1mico)<\/p>\n","protected":false},"featured_media":222066,"comment_status":"open","ping_status":"open","template":"","meta":[],"product_cat":[1768,1689],"product_tag":[1555],"acf":[],"yoast_head":"<!-- This site is optimized with the Yoast SEO plugin v21.7 - https:\/\/yoast.com\/wordpress\/plugins\/seo\/ -->\n<title>[ Dahua ] &#129351; Dhi-nvr1108hs-w-s2-ce,6923172543004 Nvr Wifi De 4 Megapixeles\/ 8 Canales Ip\/ H.265\/ Salidas Hdmi Vga\/ 1 Baha De Disco Duro\/ 1 Es De Audio\/ Onvif\/ Emparejamiento Automtico Con Ipc Wifi De \/ Cmaras En Cascada Para Larga Distanc<\/title>\n<meta name=\"description\" content=\"Compra Dhi-nvr1108hs-w-s2-ce,6923172543004 Nvr Wifi De 4 Megapixeles\/ 8 Canales Ip\/ H.265\/ Salidas Hdmi Vga\/ 1 Baha De Disco Duro\/ 1 Es De Audio\/ Onvif\/ Emparejamiento Automtico Con Ipc Wifi De \/ Cmaras En Cascada Para Larga Distanc + Env\u00edo a domicilio + Pago seguro + Garant\u00eda\" \/>\n<meta name=\"robots\" content=\"index, follow, max-snippet:-1, max-image-preview:large, max-video-preview:-1\" \/>\n<link rel=\"canonical\" href=\"https:\/\/compuviper.mx\/tienda\/producto\/dahua-dhi-nvr1108hs-w-s2-ce6923172543004-nvr-wifi-de-4-megapixeles-8-canales-ip-h-265-salidas-hdmi-vga-1-baha-de-disco-duro-1-es-de-audio-onvif-emparejamiento-automtico-con-ipc-wifi-de-cmara\/\" \/>\n<meta property=\"og:locale\" content=\"es_MX\" \/>\n<meta property=\"og:type\" content=\"article\" \/>\n<meta property=\"og:title\" content=\"[ Dahua ] &#129351; Dhi-nvr1108hs-w-s2-ce,6923172543004 Nvr Wifi De 4 Megapixeles\/ 8 Canales Ip\/ H.265\/ Salidas Hdmi Vga\/ 1 Baha De Disco Duro\/ 1 Es De Audio\/ Onvif\/ Emparejamiento Automtico Con Ipc Wifi De \/ Cmaras En Cascada Para Larga Distanc\" \/>\n<meta property=\"og:description\" content=\"Compra Dhi-nvr1108hs-w-s2-ce,6923172543004 Nvr Wifi De 4 Megapixeles\/ 8 Canales Ip\/ H.265\/ Salidas Hdmi Vga\/ 1 Baha De Disco Duro\/ 1 Es De Audio\/ Onvif\/ Emparejamiento Automtico Con Ipc Wifi De \/ Cmaras En Cascada Para Larga Distanc + Env\u00edo a domicilio + Pago seguro + Garant\u00eda\" \/>\n<meta property=\"og:url\" content=\"https:\/\/compuviper.mx\/tienda\/producto\/dahua-dhi-nvr1108hs-w-s2-ce6923172543004-nvr-wifi-de-4-megapixeles-8-canales-ip-h-265-salidas-hdmi-vga-1-baha-de-disco-duro-1-es-de-audio-onvif-emparejamiento-automtico-con-ipc-wifi-de-cmara\/\" \/>\n<meta property=\"og:site_name\" content=\"Compuviper\" \/>\n<meta property=\"article:publisher\" content=\"https:\/\/www.facebook.com\/compuviper\" \/>\n<meta property=\"article:modified_time\" content=\"2026-04-12T06:00:17+00:00\" \/>\n<meta property=\"og:image\" content=\"https:\/\/compuviper.mx\/tienda\/wp-content\/uploads\/2023\/12\/Nvr-wifi-de-4-megapixeles-8-canales-ip-h.265-salidas-hdmi-vga-1-baha-de-disco-duro-1-es-de-audio-onvif-emparejamiento-automtico-con-ipc-wifi-de-dahua-cmaras-en-cascada-para-larga-distanc.jpg\" \/>\n\t<meta property=\"og:image:width\" content=\"200\" \/>\n\t<meta property=\"og:image:height\" content=\"200\" \/>\n\t<meta property=\"og:image:type\" content=\"image\/jpeg\" \/>\n<meta name=\"twitter:card\" content=\"summary_large_image\" \/>\n<meta name=\"twitter:label1\" content=\"Precio\" \/>\n\t<meta name=\"twitter:data1\" content=\"&#36;1,371 con IVA\" \/>\n\t<meta name=\"twitter:label2\" content=\"Availability\" \/>\n\t<meta name=\"twitter:data2\" content=\"On backorder\" \/>\n<script type=\"application\/ld+json\" class=\"yoast-schema-graph\">{\"@context\":\"https:\/\/schema.org\",\"@graph\":[{\"@type\":\"WebPage\",\"@id\":\"https:\/\/compuviper.mx\/tienda\/producto\/dahua-dhi-nvr1108hs-w-s2-ce6923172543004-nvr-wifi-de-4-megapixeles-8-canales-ip-h-265-salidas-hdmi-vga-1-baha-de-disco-duro-1-es-de-audio-onvif-emparejamiento-automtico-con-ipc-wifi-de-cmara\/\",\"url\":\"https:\/\/compuviper.mx\/tienda\/producto\/dahua-dhi-nvr1108hs-w-s2-ce6923172543004-nvr-wifi-de-4-megapixeles-8-canales-ip-h-265-salidas-hdmi-vga-1-baha-de-disco-duro-1-es-de-audio-onvif-emparejamiento-automtico-con-ipc-wifi-de-cmara\/\",\"name\":\"[ Dahua ] &#129351; Dhi-nvr1108hs-w-s2-ce,6923172543004 Nvr Wifi De 4 Megapixeles\/ 8 Canales Ip\/ H.265\/ Salidas Hdmi Vga\/ 1 Baha De Disco Duro\/ 1 Es De Audio\/ Onvif\/ Emparejamiento Automtico Con Ipc Wifi De \/ Cmaras En Cascada Para Larga Distanc\",\"isPartOf\":{\"@id\":\"https:\/\/compuviper.mx\/tienda\/#website\"},\"datePublished\":\"2026-04-11T07:22:27+00:00\",\"dateModified\":\"2026-04-12T06:00:17+00:00\",\"description\":\"Compra Dhi-nvr1108hs-w-s2-ce,6923172543004 Nvr Wifi De 4 Megapixeles\/ 8 Canales Ip\/ H.265\/ Salidas Hdmi Vga\/ 1 Baha De Disco Duro\/ 1 Es De Audio\/ Onvif\/ Emparejamiento Automtico Con Ipc Wifi De \/ Cmaras En Cascada Para Larga Distanc + Env\u00edo a domicilio + Pago seguro + Garant\u00eda\",\"breadcrumb\":{\"@id\":\"https:\/\/compuviper.mx\/tienda\/producto\/dahua-dhi-nvr1108hs-w-s2-ce6923172543004-nvr-wifi-de-4-megapixeles-8-canales-ip-h-265-salidas-hdmi-vga-1-baha-de-disco-duro-1-es-de-audio-onvif-emparejamiento-automtico-con-ipc-wifi-de-cmara\/#breadcrumb\"},\"inLanguage\":\"es-MX\",\"potentialAction\":[{\"@type\":\"ReadAction\",\"target\":[\"https:\/\/compuviper.mx\/tienda\/producto\/dahua-dhi-nvr1108hs-w-s2-ce6923172543004-nvr-wifi-de-4-megapixeles-8-canales-ip-h-265-salidas-hdmi-vga-1-baha-de-disco-duro-1-es-de-audio-onvif-emparejamiento-automtico-con-ipc-wifi-de-cmara\/\"]}]},{\"@type\":\"BreadcrumbList\",\"@id\":\"https:\/\/compuviper.mx\/tienda\/producto\/dahua-dhi-nvr1108hs-w-s2-ce6923172543004-nvr-wifi-de-4-megapixeles-8-canales-ip-h-265-salidas-hdmi-vga-1-baha-de-disco-duro-1-es-de-audio-onvif-emparejamiento-automtico-con-ipc-wifi-de-cmara\/#breadcrumb\",\"itemListElement\":[{\"@type\":\"ListItem\",\"position\":1,\"name\":\"Inicio\",\"item\":\"https:\/\/compuviper.mx\/tienda\/\"},{\"@type\":\"ListItem\",\"position\":2,\"name\":\"Productos\",\"item\":\"https:\/\/compuviper.mx\/tienda\/productos\/\"},{\"@type\":\"ListItem\",\"position\":3,\"name\":\"Videograbadores\",\"item\":\"https:\/\/compuviper.mx\/tienda\/categoria-producto\/videograbadores\/\"},{\"@type\":\"ListItem\",\"position\":4,\"name\":\"Nvr\",\"item\":\"https:\/\/compuviper.mx\/tienda\/categoria-producto\/videograbadores\/nvr\/\"},{\"@type\":\"ListItem\",\"position\":5,\"name\":\"Dahua Dhi-nvr1108hs-w-s2-ce,6923172543004 Nvr Wifi De 4 Megapixeles\/ 8 Canales Ip\/ H.265\/ Salidas Hdmi Vga\/ 1 Baha De Disco Duro\/ 1 Es De Audio\/ Onvif\/ Emparejamiento Automtico Con Ipc Wifi De \/ Cmaras En Cascada Para Larga Distanc\"}]},{\"@type\":\"WebSite\",\"@id\":\"https:\/\/compuviper.mx\/tienda\/#website\",\"url\":\"https:\/\/compuviper.mx\/tienda\/\",\"name\":\"Compuviper\",\"description\":\"Proveedor de Computadoras, Laptops, Servidores, Monitores, Puntos de Venta, Teclados,   Impresoras, T\u00f3ner, C\u00e1maras de Seguridad y m\u00e1s en tu tienda en l\u00ednea\",\"publisher\":{\"@id\":\"https:\/\/compuviper.mx\/tienda\/#organization\"},\"potentialAction\":[{\"@type\":\"SearchAction\",\"target\":{\"@type\":\"EntryPoint\",\"urlTemplate\":\"https:\/\/compuviper.mx\/tienda\/?s={search_term_string}\"},\"query-input\":\"required name=search_term_string\"}],\"inLanguage\":\"es-MX\"},{\"@type\":\"Organization\",\"@id\":\"https:\/\/compuviper.mx\/tienda\/#organization\",\"name\":\"Compuviper\",\"url\":\"https:\/\/compuviper.mx\/tienda\/\",\"logo\":{\"@type\":\"ImageObject\",\"inLanguage\":\"es-MX\",\"@id\":\"https:\/\/compuviper.mx\/tienda\/#\/schema\/logo\/image\/\",\"url\":\"https:\/\/compuviper.mx\/tienda\/wp-content\/uploads\/2021\/08\/Logo-Compuviper-10.png\",\"contentUrl\":\"https:\/\/compuviper.mx\/tienda\/wp-content\/uploads\/2021\/08\/Logo-Compuviper-10.png\",\"width\":1000,\"height\":500,\"caption\":\"Compuviper\"},\"image\":{\"@id\":\"https:\/\/compuviper.mx\/tienda\/#\/schema\/logo\/image\/\"},\"sameAs\":[\"https:\/\/www.facebook.com\/compuviper\",\"https:\/\/www.youtube.com\/channel\/UCf73dERp9Y3cfOq7q8BhLjA?view_as=subscriber\"]}]}<\/script>\n<meta property=\"product:brand\" content=\"DAHUA\" \/>\n<meta property=\"product:price:amount\" content=\"1371\" \/>\n<meta property=\"product:price:currency\" content=\"MXN\" \/>\n<meta property=\"og:availability\" content=\"backorder\" \/>\n<meta property=\"product:availability\" content=\"available for order\" \/>\n<meta property=\"product:retailer_item_id\" content=\"DHI-NVR1108HS-W-S2-CE,6923172543004\" \/>\n<meta property=\"product:condition\" content=\"new\" \/>\n<!-- \/ Yoast SEO plugin. -->","yoast_head_json":{"title":"[ Dahua ] &#129351; Dhi-nvr1108hs-w-s2-ce,6923172543004 Nvr Wifi De 4 Megapixeles\/ 8 Canales Ip\/ H.265\/ Salidas Hdmi Vga\/ 1 Baha De Disco Duro\/ 1 Es De Audio\/ Onvif\/ Emparejamiento Automtico Con Ipc Wifi De \/ Cmaras En Cascada Para Larga Distanc","description":"Compra Dhi-nvr1108hs-w-s2-ce,6923172543004 Nvr Wifi De 4 Megapixeles\/ 8 Canales Ip\/ H.265\/ Salidas Hdmi Vga\/ 1 Baha De Disco Duro\/ 1 Es De Audio\/ Onvif\/ Emparejamiento Automtico Con Ipc Wifi De \/ Cmaras En Cascada Para Larga Distanc + Env\u00edo a domicilio + Pago seguro + Garant\u00eda","robots":{"index":"index","follow":"follow","max-snippet":"max-snippet:-1","max-image-preview":"max-image-preview:large","max-video-preview":"max-video-preview:-1"},"canonical":"https:\/\/compuviper.mx\/tienda\/producto\/dahua-dhi-nvr1108hs-w-s2-ce6923172543004-nvr-wifi-de-4-megapixeles-8-canales-ip-h-265-salidas-hdmi-vga-1-baha-de-disco-duro-1-es-de-audio-onvif-emparejamiento-automtico-con-ipc-wifi-de-cmara\/","og_locale":"es_MX","og_type":"article","og_title":"[ Dahua ] &#129351; Dhi-nvr1108hs-w-s2-ce,6923172543004 Nvr Wifi De 4 Megapixeles\/ 8 Canales Ip\/ H.265\/ Salidas Hdmi Vga\/ 1 Baha De Disco Duro\/ 1 Es De Audio\/ Onvif\/ Emparejamiento Automtico Con Ipc Wifi De \/ Cmaras En Cascada Para Larga Distanc","og_description":"Compra Dhi-nvr1108hs-w-s2-ce,6923172543004 Nvr Wifi De 4 Megapixeles\/ 8 Canales Ip\/ H.265\/ Salidas Hdmi Vga\/ 1 Baha De Disco Duro\/ 1 Es De Audio\/ Onvif\/ Emparejamiento Automtico Con Ipc Wifi De \/ Cmaras En Cascada Para Larga Distanc + Env\u00edo a domicilio + Pago seguro + Garant\u00eda","og_url":"https:\/\/compuviper.mx\/tienda\/producto\/dahua-dhi-nvr1108hs-w-s2-ce6923172543004-nvr-wifi-de-4-megapixeles-8-canales-ip-h-265-salidas-hdmi-vga-1-baha-de-disco-duro-1-es-de-audio-onvif-emparejamiento-automtico-con-ipc-wifi-de-cmara\/","og_site_name":"Compuviper","article_publisher":"https:\/\/www.facebook.com\/compuviper","article_modified_time":"2026-04-12T06:00:17+00:00","og_image":[{"width":200,"height":200,"url":"https:\/\/compuviper.mx\/tienda\/wp-content\/uploads\/2023\/12\/Nvr-wifi-de-4-megapixeles-8-canales-ip-h.265-salidas-hdmi-vga-1-baha-de-disco-duro-1-es-de-audio-onvif-emparejamiento-automtico-con-ipc-wifi-de-dahua-cmaras-en-cascada-para-larga-distanc.jpg","type":"image\/jpeg"}],"twitter_card":"summary_large_image","twitter_misc":{"Precio":"&#36;1,371 con IVA","Availability":"On backorder"},"schema":{"@context":"https:\/\/schema.org","@graph":[{"@type":"WebPage","@id":"https:\/\/compuviper.mx\/tienda\/producto\/dahua-dhi-nvr1108hs-w-s2-ce6923172543004-nvr-wifi-de-4-megapixeles-8-canales-ip-h-265-salidas-hdmi-vga-1-baha-de-disco-duro-1-es-de-audio-onvif-emparejamiento-automtico-con-ipc-wifi-de-cmara\/","url":"https:\/\/compuviper.mx\/tienda\/producto\/dahua-dhi-nvr1108hs-w-s2-ce6923172543004-nvr-wifi-de-4-megapixeles-8-canales-ip-h-265-salidas-hdmi-vga-1-baha-de-disco-duro-1-es-de-audio-onvif-emparejamiento-automtico-con-ipc-wifi-de-cmara\/","name":"[ Dahua ] &#129351; Dhi-nvr1108hs-w-s2-ce,6923172543004 Nvr Wifi De 4 Megapixeles\/ 8 Canales Ip\/ H.265\/ Salidas Hdmi Vga\/ 1 Baha De Disco Duro\/ 1 Es De Audio\/ Onvif\/ Emparejamiento Automtico Con Ipc Wifi De \/ Cmaras En Cascada Para Larga Distanc","isPartOf":{"@id":"https:\/\/compuviper.mx\/tienda\/#website"},"datePublished":"2026-04-11T07:22:27+00:00","dateModified":"2026-04-12T06:00:17+00:00","description":"Compra Dhi-nvr1108hs-w-s2-ce,6923172543004 Nvr Wifi De 4 Megapixeles\/ 8 Canales Ip\/ H.265\/ Salidas Hdmi Vga\/ 1 Baha De Disco Duro\/ 1 Es De Audio\/ Onvif\/ Emparejamiento Automtico Con Ipc Wifi De \/ Cmaras En Cascada Para Larga Distanc + Env\u00edo a domicilio + Pago seguro + Garant\u00eda","breadcrumb":{"@id":"https:\/\/compuviper.mx\/tienda\/producto\/dahua-dhi-nvr1108hs-w-s2-ce6923172543004-nvr-wifi-de-4-megapixeles-8-canales-ip-h-265-salidas-hdmi-vga-1-baha-de-disco-duro-1-es-de-audio-onvif-emparejamiento-automtico-con-ipc-wifi-de-cmara\/#breadcrumb"},"inLanguage":"es-MX","potentialAction":[{"@type":"ReadAction","target":["https:\/\/compuviper.mx\/tienda\/producto\/dahua-dhi-nvr1108hs-w-s2-ce6923172543004-nvr-wifi-de-4-megapixeles-8-canales-ip-h-265-salidas-hdmi-vga-1-baha-de-disco-duro-1-es-de-audio-onvif-emparejamiento-automtico-con-ipc-wifi-de-cmara\/"]}]},{"@type":"BreadcrumbList","@id":"https:\/\/compuviper.mx\/tienda\/producto\/dahua-dhi-nvr1108hs-w-s2-ce6923172543004-nvr-wifi-de-4-megapixeles-8-canales-ip-h-265-salidas-hdmi-vga-1-baha-de-disco-duro-1-es-de-audio-onvif-emparejamiento-automtico-con-ipc-wifi-de-cmara\/#breadcrumb","itemListElement":[{"@type":"ListItem","position":1,"name":"Inicio","item":"https:\/\/compuviper.mx\/tienda\/"},{"@type":"ListItem","position":2,"name":"Productos","item":"https:\/\/compuviper.mx\/tienda\/productos\/"},{"@type":"ListItem","position":3,"name":"Videograbadores","item":"https:\/\/compuviper.mx\/tienda\/categoria-producto\/videograbadores\/"},{"@type":"ListItem","position":4,"name":"Nvr","item":"https:\/\/compuviper.mx\/tienda\/categoria-producto\/videograbadores\/nvr\/"},{"@type":"ListItem","position":5,"name":"Dahua Dhi-nvr1108hs-w-s2-ce,6923172543004 Nvr Wifi De 4 Megapixeles\/ 8 Canales Ip\/ H.265\/ Salidas Hdmi Vga\/ 1 Baha De Disco Duro\/ 1 Es De Audio\/ Onvif\/ Emparejamiento Automtico Con Ipc Wifi De \/ Cmaras En Cascada Para Larga Distanc"}]},{"@type":"WebSite","@id":"https:\/\/compuviper.mx\/tienda\/#website","url":"https:\/\/compuviper.mx\/tienda\/","name":"Compuviper","description":"Proveedor de Computadoras, Laptops, Servidores, Monitores, Puntos de Venta, Teclados,   Impresoras, T\u00f3ner, C\u00e1maras de Seguridad y m\u00e1s en tu tienda en l\u00ednea","publisher":{"@id":"https:\/\/compuviper.mx\/tienda\/#organization"},"potentialAction":[{"@type":"SearchAction","target":{"@type":"EntryPoint","urlTemplate":"https:\/\/compuviper.mx\/tienda\/?s={search_term_string}"},"query-input":"required name=search_term_string"}],"inLanguage":"es-MX"},{"@type":"Organization","@id":"https:\/\/compuviper.mx\/tienda\/#organization","name":"Compuviper","url":"https:\/\/compuviper.mx\/tienda\/","logo":{"@type":"ImageObject","inLanguage":"es-MX","@id":"https:\/\/compuviper.mx\/tienda\/#\/schema\/logo\/image\/","url":"https:\/\/compuviper.mx\/tienda\/wp-content\/uploads\/2021\/08\/Logo-Compuviper-10.png","contentUrl":"https:\/\/compuviper.mx\/tienda\/wp-content\/uploads\/2021\/08\/Logo-Compuviper-10.png","width":1000,"height":500,"caption":"Compuviper"},"image":{"@id":"https:\/\/compuviper.mx\/tienda\/#\/schema\/logo\/image\/"},"sameAs":["https:\/\/www.facebook.com\/compuviper","https:\/\/www.youtube.com\/channel\/UCf73dERp9Y3cfOq7q8BhLjA?view_as=subscriber"]}]},"product_brand":"DAHUA","product_price_amount":"1371","product_price_currency":"MXN","og_availability":"backorder","product_availability":"available for order","product_retailer_item_id":"DHI-NVR1108HS-W-S2-CE,6923172543004","product_condition":"new"},"_links":{"self":[{"href":"https:\/\/compuviper.mx\/tienda\/wp-json\/wp\/v2\/product\/222065"}],"collection":[{"href":"https:\/\/compuviper.mx\/tienda\/wp-json\/wp\/v2\/product"}],"about":[{"href":"https:\/\/compuviper.mx\/tienda\/wp-json\/wp\/v2\/types\/product"}],"replies":[{"embeddable":true,"href":"https:\/\/compuviper.mx\/tienda\/wp-json\/wp\/v2\/comments?post=222065"}],"wp:featuredmedia":[{"embeddable":true,"href":"https:\/\/compuviper.mx\/tienda\/wp-json\/wp\/v2\/media\/222066"}],"wp:attachment":[{"href":"https:\/\/compuviper.mx\/tienda\/wp-json\/wp\/v2\/media?parent=222065"}],"wp:term":[{"taxonomy":"product_cat","embeddable":true,"href":"https:\/\/compuviper.mx\/tienda\/wp-json\/wp\/v2\/product_cat?post=222065"},{"taxonomy":"product_tag","embeddable":true,"href":"https:\/\/compuviper.mx\/tienda\/wp-json\/wp\/v2\/product_tag?post=222065"}],"curies":[{"name":"wp","href":"https:\/\/api.w.org\/{rel}","templated":true}]}}