{"id":221670,"date":"2026-04-21T01:31:04","date_gmt":"2026-04-21T07:31:04","guid":{"rendered":"https:\/\/compuviper.mx\/tienda\/producto\/lenovo-za8r0005mx-tablet-k10-media-tek-helio-p22t-2-3-ghz-4gb-64gb-103-fhd-4g-lte-color-abismo-azul-puerto-micro-sd-wifi-bt-gps-android-11-micro-usb-camara-5-mp-f-8-mp-t-1yr-cs\/"},"modified":"2026-04-21T01:31:04","modified_gmt":"2026-04-21T07:31:04","slug":"lenovo-za8r0005mx-tablet-k10-media-tek-helio-p22t-2-3-ghz-4gb-64gb-103-fhd-4g-lte-color-abismo-azul-puerto-micro-sd-wifi-bt-gps-android-11-micro-usb-camara-5-mp-f-8-mp-t-1yr-cs","status":"publish","type":"product","link":"https:\/\/compuviper.mx\/tienda\/producto\/lenovo-za8r0005mx-tablet-k10-media-tek-helio-p22t-2-3-ghz-4gb-64gb-103-fhd-4g-lte-color-abismo-azul-puerto-micro-sd-wifi-bt-gps-android-11-micro-usb-camara-5-mp-f-8-mp-t-1yr-cs\/","title":{"rendered":"Lenovo Za8r0005mx  Tablet K10 \/media Tek Helio P22t 2.3 Ghz \/4gb\/64gb\/10,3 Fhd \/4g Lte \/color Abismo Azul \/puerto Micro Sd\/wifi\/bt\/gps\/android 11\/micro Usb\/camara 5 Mp F\/ 8 Mp T\/1yr Cs"},"content":{"rendered":"<table class=\"descripcion\">\n<tr>\n<td>Pestaa k10pdfsobresalir<\/td>\n<\/tr>\n<tr>\n<td>Nmero de parte: za8r0005mx<\/td>\n<\/tr>\n<tr>\n<td>Rendimiento<\/td>\n<\/tr>\n<tr>\n<td>Procesador<\/td>\n<\/tr>\n<tr>\n<td>Mediatek helio p22t 8c, 4x a53 a 2,3 ghz  4x a53 a 1,8 ghz<\/td>\n<\/tr>\n<tr>\n<td>Grficos<\/td>\n<\/tr>\n<tr>\n<td>Gpu img powervr ge8320 integrada<\/td>\n<\/tr>\n<tr>\n<td>Conjunto de chips<\/td>\n<\/tr>\n<tr>\n<td>Plataforma mediatek soc<\/td>\n<\/tr>\n<tr>\n<td>Memoria<\/td>\n<\/tr>\n<tr>\n<td>4gb soldado lpddr4x<\/td>\n<\/tr>\n<tr>\n<td>Almacenamiento<\/td>\n<\/tr>\n<tr>\n<td>64 gb emcp4x, emmc<\/td>\n<\/tr>\n<tr>\n<td>Memoria ampliable<\/td>\n<\/tr>\n<tr>\n<td>Tarjeta microsd hasta 128 gb, fat32; 2 tb, exfat<\/td>\n<\/tr>\n<tr>\n<td>Lector de tarjetas<\/td>\n<\/tr>\n<tr>\n<td>Ranura nica para tarjetas nano-sim y microsd<\/td>\n<\/tr>\n<tr>\n<td>Soporte de almacenamiento<\/td>\n<\/tr>\n<tr>\n<td>Emcp4x de 64 gb en la placa del sistema<\/td>\n<\/tr>\n<tr>\n<td>Tarjeta microsd, admite archivos fat32 de hasta 128 gb, archivos exfat de hasta 2 tb<\/td>\n<\/tr>\n<tr>\n<td>Cmara<\/td>\n<\/tr>\n<tr>\n<td>Delantero 5.0mp \/ trasero 8.0mp<\/td>\n<\/tr>\n<tr>\n<td>Micrfono<\/td>\n<\/tr>\n<tr>\n<td>2x, matriz<\/td>\n<\/tr>\n<tr>\n<td>Altavoces<\/td>\n<\/tr>\n<tr>\n<td>Altavoces estreo, dolby audio<\/td>\n<\/tr>\n<tr>\n<td>Sensores<\/td>\n<\/tr>\n<tr>\n<td>Sensor de acelermetro g<\/td>\n<\/tr>\n<tr>\n<td>Sensor de proximidad p<\/td>\n<\/tr>\n<tr>\n<td>Sensor de luz ambiental als<\/td>\n<\/tr>\n<tr>\n<td>E-brjula<\/td>\n<\/tr>\n<tr>\n<td>Sensor de giroscopio<\/td>\n<\/tr>\n<tr>\n<td>Sensor de pasillo<\/td>\n<\/tr>\n<tr>\n<td>Motor de vibracin<\/td>\n<\/tr>\n<tr>\n<td>Masa giratoria excntrica erm<\/td>\n<\/tr>\n<tr>\n<td>Batera<\/td>\n<\/tr>\n<tr>\n<td>Integrado 7500 mah mn. \/ 7700 mah tp.<\/td>\n<\/tr>\n<tr>\n<td>Duracin mxima de la batera<\/td>\n<\/tr>\n<tr>\n<td>Tiempo en espera: 2 semanas tiempo de reproduccin de video en lnea: 12 h tiempo de conversacin: 30 h modelo wwan tiempo de navegacin: 15 h tiempo de reproduccin de msica: 22 h<\/td>\n<\/tr>\n<tr>\n<td>Tiempo de carga<\/td>\n<\/tr>\n<tr>\n<td>Ms de 5,5 h para cargarse por completo<\/td>\n<\/tr>\n<tr>\n<td>Adaptador de corriente<\/td>\n<\/tr>\n<tr>\n<td>5v \/ 2.0a<\/td>\n<\/tr>\n<tr>\n<td>Diseo<\/td>\n<\/tr>\n<tr>\n<td>Monitor<\/td>\n<\/tr>\n<tr>\n<td>10,3 fhd 1920 x 1200 tddi 400 nits, tctil<\/td>\n<\/tr>\n<tr>\n<td>Pantalla tctil<\/td>\n<\/tr>\n<tr>\n<td>Multitctil de 10 puntos<\/td>\n<\/tr>\n<tr>\n<td>Material de la caja<\/td>\n<\/tr>\n<tr>\n<td>Policarbonato  abs, metal<\/td>\n<\/tr>\n<tr>\n<td>Lpiz<\/td>\n<\/tr>\n<tr>\n<td>Pluma actualizable<\/td>\n<\/tr>\n<tr>\n<td>Impermeabilizacin<\/td>\n<\/tr>\n<tr>\n<td>Ip52<\/td>\n<\/tr>\n<tr>\n<td>Dimensiones an. x pr. x al.<\/td>\n<\/tr>\n<tr>\n<td>244,8 x 153,9 x 8,15 mm 9,63 x 6,05 x 0,32 pulgadas<\/td>\n<\/tr>\n<tr>\n<td>Peso<\/td>\n<\/tr>\n<tr>\n<td>460 g 1,01 libras<\/td>\n<\/tr>\n<tr>\n<td>Color de la caja<\/td>\n<\/tr>\n<tr>\n<td>Abismo azul<\/td>\n<\/tr>\n<tr>\n<td>Software<\/td>\n<\/tr>\n<tr>\n<td>Sistema operativo<\/td>\n<\/tr>\n<tr>\n<td>Android 11 o posterior<\/td>\n<\/tr>\n<tr>\n<td>Software preinstalado<\/td>\n<\/tr>\n<tr>\n<td>Google<\/td>\n<\/tr>\n<tr>\n<td>Conectividad<\/td>\n<\/tr>\n<tr>\n<td>Wifi  bluetooth<\/td>\n<\/tr>\n<tr>\n<td>11a\/b\/g\/n\/ca, 1&#215;1  bt5.0<\/td>\n<\/tr>\n<tr>\n<td>Wwan<\/td>\n<\/tr>\n<tr>\n<td>4g lte<\/td>\n<\/tr>\n<tr>\n<td>Llamada de voz<\/td>\n<\/tr>\n<tr>\n<td>Llamada lte<\/td>\n<\/tr>\n<tr>\n<td>Puertos estndar<\/td>\n<\/tr>\n<tr>\n<td>1x usb-c 2.0 admite transferencia de datos, otg y power delivery<\/td>\n<\/tr>\n<tr>\n<td>1 conector combinado de auriculares\/micrfono 3,5 mm<\/td>\n<\/tr>\n<tr>\n<td>Puertos opcionales configurados<\/td>\n<\/tr>\n<tr>\n<td>1 ranura para tarjeta nano-sim y microsd modelo wwan<\/td>\n<\/tr>\n<tr>\n<td>Servicio<\/td>\n<\/tr>\n<tr>\n<td>Garanta bsica<\/td>\n<\/tr>\n<tr>\n<td>1 ao, carry-in con batera de 1 ao<\/td>\n<\/tr>\n<tr>\n<td>Accesorios<\/td>\n<\/tr>\n<tr>\n<td>Accesorios incluidos<\/td>\n<\/tr>\n<tr>\n<td>Ninguna<\/td>\n<\/tr>\n<tr>\n<td>Certificaciones<\/td>\n<\/tr>\n<tr>\n<td>Certificaciones verdes<\/td>\n<\/tr>\n<tr>\n<td>Energa estrella 8.0<\/td>\n<\/tr>\n<tr>\n<td>Rohs<\/td>\n<\/tr>\n<tr>\n<td>Otras certificaciones<\/td>\n<\/tr>\n<tr>\n<td>Tv rheinland low blue light solucin de hardware<\/td>\n<\/tr>\n<\/table>\n","protected":false},"excerpt":{"rendered":"<p>Total movilidad a tu alcance<\/p>\n","protected":false},"featured_media":221671,"comment_status":"open","ping_status":"open","template":"","meta":[],"product_cat":[1758,2099],"product_tag":[1578],"acf":[],"yoast_head":"<!-- This site is optimized with the Yoast SEO plugin v21.7 - https:\/\/yoast.com\/wordpress\/plugins\/seo\/ -->\n<title>[ Lenovo ] &#129351; Za8r0005mx Tablet K10 \/media Tek Helio P22t 2.3 Ghz \/4gb\/64gb\/10,3 Fhd \/4g Lte \/color Abismo Azul \/puerto Micro Sd\/wifi\/bt\/gps\/android 11\/micro Usb\/camara 5 Mp F\/ 8 Mp T\/1yr Cs<\/title>\n<meta name=\"description\" content=\"Compra Za8r0005mx Tablet K10 \/media Tek Helio P22t 2.3 Ghz \/4gb\/64gb\/10,3 Fhd \/4g Lte \/color Abismo Azul \/puerto Micro Sd\/wifi\/bt\/gps\/android 11\/micro Usb\/camara 5 Mp F\/ 8 Mp T\/1yr Cs + Env\u00edo a domicilio + Pago seguro + Garant\u00eda\" \/>\n<meta name=\"robots\" content=\"index, follow, max-snippet:-1, max-image-preview:large, max-video-preview:-1\" \/>\n<link rel=\"canonical\" href=\"https:\/\/compuviper.mx\/tienda\/producto\/lenovo-za8r0005mx-tablet-k10-media-tek-helio-p22t-2-3-ghz-4gb-64gb-103-fhd-4g-lte-color-abismo-azul-puerto-micro-sd-wifi-bt-gps-android-11-micro-usb-camara-5-mp-f-8-mp-t-1yr-cs\/\" \/>\n<meta property=\"og:locale\" content=\"es_MX\" \/>\n<meta property=\"og:type\" content=\"article\" \/>\n<meta property=\"og:title\" content=\"[ Lenovo ] &#129351; Za8r0005mx Tablet K10 \/media Tek Helio P22t 2.3 Ghz \/4gb\/64gb\/10,3 Fhd \/4g Lte \/color Abismo Azul \/puerto Micro Sd\/wifi\/bt\/gps\/android 11\/micro Usb\/camara 5 Mp F\/ 8 Mp T\/1yr Cs\" \/>\n<meta property=\"og:description\" content=\"Compra Za8r0005mx Tablet K10 \/media Tek Helio P22t 2.3 Ghz \/4gb\/64gb\/10,3 Fhd \/4g Lte \/color Abismo Azul \/puerto Micro Sd\/wifi\/bt\/gps\/android 11\/micro Usb\/camara 5 Mp F\/ 8 Mp T\/1yr Cs + Env\u00edo a domicilio + Pago seguro + Garant\u00eda\" \/>\n<meta property=\"og:url\" content=\"https:\/\/compuviper.mx\/tienda\/producto\/lenovo-za8r0005mx-tablet-k10-media-tek-helio-p22t-2-3-ghz-4gb-64gb-103-fhd-4g-lte-color-abismo-azul-puerto-micro-sd-wifi-bt-gps-android-11-micro-usb-camara-5-mp-f-8-mp-t-1yr-cs\/\" \/>\n<meta property=\"og:site_name\" content=\"Compuviper\" \/>\n<meta property=\"article:publisher\" content=\"https:\/\/www.facebook.com\/compuviper\" \/>\n<meta property=\"og:image\" content=\"https:\/\/compuviper.mx\/tienda\/wp-content\/uploads\/2023\/12\/Lenovo-tablet-k10-media-tek-helio-p22t-2.3-ghz-4gb64gb103-fhd-4g-lte-color-abismo-azul-puerto-micro-sdwifibtgpsandroid-11micro-usbcamara-5-mp-f-8-mp-t1yr-cs.jpg\" \/>\n\t<meta property=\"og:image:width\" content=\"200\" \/>\n\t<meta property=\"og:image:height\" content=\"200\" \/>\n\t<meta property=\"og:image:type\" content=\"image\/jpeg\" \/>\n<meta name=\"twitter:card\" content=\"summary_large_image\" \/>\n<meta name=\"twitter:label1\" content=\"Precio\" \/>\n\t<meta name=\"twitter:data1\" content=\"&#36;4,113 con IVA\" \/>\n\t<meta name=\"twitter:label2\" content=\"Availability\" \/>\n\t<meta name=\"twitter:data2\" content=\"Out of stock\" \/>\n<script type=\"application\/ld+json\" class=\"yoast-schema-graph\">{\"@context\":\"https:\/\/schema.org\",\"@graph\":[{\"@type\":\"WebPage\",\"@id\":\"https:\/\/compuviper.mx\/tienda\/producto\/lenovo-za8r0005mx-tablet-k10-media-tek-helio-p22t-2-3-ghz-4gb-64gb-103-fhd-4g-lte-color-abismo-azul-puerto-micro-sd-wifi-bt-gps-android-11-micro-usb-camara-5-mp-f-8-mp-t-1yr-cs\/\",\"url\":\"https:\/\/compuviper.mx\/tienda\/producto\/lenovo-za8r0005mx-tablet-k10-media-tek-helio-p22t-2-3-ghz-4gb-64gb-103-fhd-4g-lte-color-abismo-azul-puerto-micro-sd-wifi-bt-gps-android-11-micro-usb-camara-5-mp-f-8-mp-t-1yr-cs\/\",\"name\":\"[ Lenovo ] &#129351; Za8r0005mx Tablet K10 \/media Tek Helio P22t 2.3 Ghz \/4gb\/64gb\/10,3 Fhd \/4g Lte \/color Abismo Azul \/puerto Micro Sd\/wifi\/bt\/gps\/android 11\/micro Usb\/camara 5 Mp F\/ 8 Mp T\/1yr Cs\",\"isPartOf\":{\"@id\":\"https:\/\/compuviper.mx\/tienda\/#website\"},\"datePublished\":\"2026-04-21T07:31:04+00:00\",\"dateModified\":\"2026-04-21T07:31:04+00:00\",\"description\":\"Compra Za8r0005mx Tablet K10 \/media Tek Helio P22t 2.3 Ghz \/4gb\/64gb\/10,3 Fhd \/4g Lte \/color Abismo Azul \/puerto Micro Sd\/wifi\/bt\/gps\/android 11\/micro Usb\/camara 5 Mp F\/ 8 Mp T\/1yr Cs + Env\u00edo a domicilio + Pago seguro + Garant\u00eda\",\"breadcrumb\":{\"@id\":\"https:\/\/compuviper.mx\/tienda\/producto\/lenovo-za8r0005mx-tablet-k10-media-tek-helio-p22t-2-3-ghz-4gb-64gb-103-fhd-4g-lte-color-abismo-azul-puerto-micro-sd-wifi-bt-gps-android-11-micro-usb-camara-5-mp-f-8-mp-t-1yr-cs\/#breadcrumb\"},\"inLanguage\":\"es-MX\",\"potentialAction\":[{\"@type\":\"ReadAction\",\"target\":[\"https:\/\/compuviper.mx\/tienda\/producto\/lenovo-za8r0005mx-tablet-k10-media-tek-helio-p22t-2-3-ghz-4gb-64gb-103-fhd-4g-lte-color-abismo-azul-puerto-micro-sd-wifi-bt-gps-android-11-micro-usb-camara-5-mp-f-8-mp-t-1yr-cs\/\"]}]},{\"@type\":\"BreadcrumbList\",\"@id\":\"https:\/\/compuviper.mx\/tienda\/producto\/lenovo-za8r0005mx-tablet-k10-media-tek-helio-p22t-2-3-ghz-4gb-64gb-103-fhd-4g-lte-color-abismo-azul-puerto-micro-sd-wifi-bt-gps-android-11-micro-usb-camara-5-mp-f-8-mp-t-1yr-cs\/#breadcrumb\",\"itemListElement\":[{\"@type\":\"ListItem\",\"position\":1,\"name\":\"Inicio\",\"item\":\"https:\/\/compuviper.mx\/tienda\/\"},{\"@type\":\"ListItem\",\"position\":2,\"name\":\"Productos\",\"item\":\"https:\/\/compuviper.mx\/tienda\/productos\/\"},{\"@type\":\"ListItem\",\"position\":3,\"name\":\"Tabletas\",\"item\":\"https:\/\/compuviper.mx\/tienda\/categoria-producto\/tabletas\/\"},{\"@type\":\"ListItem\",\"position\":4,\"name\":\"Mediatek\",\"item\":\"https:\/\/compuviper.mx\/tienda\/categoria-producto\/tabletas\/mediatek\/\"},{\"@type\":\"ListItem\",\"position\":5,\"name\":\"Lenovo Za8r0005mx Tablet K10 \/media Tek Helio P22t 2.3 Ghz \/4gb\/64gb\/10,3 Fhd \/4g Lte \/color Abismo Azul \/puerto Micro Sd\/wifi\/bt\/gps\/android 11\/micro Usb\/camara 5 Mp F\/ 8 Mp T\/1yr Cs\"}]},{\"@type\":\"WebSite\",\"@id\":\"https:\/\/compuviper.mx\/tienda\/#website\",\"url\":\"https:\/\/compuviper.mx\/tienda\/\",\"name\":\"Compuviper\",\"description\":\"Proveedor de Computadoras, Laptops, Servidores, Monitores, Puntos de Venta, Teclados,   Impresoras, T\u00f3ner, C\u00e1maras de Seguridad y m\u00e1s en tu tienda en l\u00ednea\",\"publisher\":{\"@id\":\"https:\/\/compuviper.mx\/tienda\/#organization\"},\"potentialAction\":[{\"@type\":\"SearchAction\",\"target\":{\"@type\":\"EntryPoint\",\"urlTemplate\":\"https:\/\/compuviper.mx\/tienda\/?s={search_term_string}\"},\"query-input\":\"required name=search_term_string\"}],\"inLanguage\":\"es-MX\"},{\"@type\":\"Organization\",\"@id\":\"https:\/\/compuviper.mx\/tienda\/#organization\",\"name\":\"Compuviper\",\"url\":\"https:\/\/compuviper.mx\/tienda\/\",\"logo\":{\"@type\":\"ImageObject\",\"inLanguage\":\"es-MX\",\"@id\":\"https:\/\/compuviper.mx\/tienda\/#\/schema\/logo\/image\/\",\"url\":\"https:\/\/compuviper.mx\/tienda\/wp-content\/uploads\/2021\/08\/Logo-Compuviper-10.png\",\"contentUrl\":\"https:\/\/compuviper.mx\/tienda\/wp-content\/uploads\/2021\/08\/Logo-Compuviper-10.png\",\"width\":1000,\"height\":500,\"caption\":\"Compuviper\"},\"image\":{\"@id\":\"https:\/\/compuviper.mx\/tienda\/#\/schema\/logo\/image\/\"},\"sameAs\":[\"https:\/\/www.facebook.com\/compuviper\",\"https:\/\/www.youtube.com\/channel\/UCf73dERp9Y3cfOq7q8BhLjA?view_as=subscriber\"]}]}<\/script>\n<meta property=\"product:brand\" content=\"LENOVO\" \/>\n<meta property=\"product:price:amount\" content=\"4113\" \/>\n<meta property=\"product:price:currency\" content=\"MXN\" \/>\n<meta property=\"og:availability\" content=\"out of stock\" \/>\n<meta property=\"product:availability\" content=\"out of stock\" \/>\n<meta property=\"product:retailer_item_id\" content=\"ZA8R0005MX\" \/>\n<meta property=\"product:condition\" content=\"new\" \/>\n<!-- \/ Yoast SEO plugin. -->","yoast_head_json":{"title":"[ Lenovo ] &#129351; Za8r0005mx Tablet K10 \/media Tek Helio P22t 2.3 Ghz \/4gb\/64gb\/10,3 Fhd \/4g Lte \/color Abismo Azul \/puerto Micro Sd\/wifi\/bt\/gps\/android 11\/micro Usb\/camara 5 Mp F\/ 8 Mp T\/1yr Cs","description":"Compra Za8r0005mx Tablet K10 \/media Tek Helio P22t 2.3 Ghz \/4gb\/64gb\/10,3 Fhd \/4g Lte \/color Abismo Azul \/puerto Micro Sd\/wifi\/bt\/gps\/android 11\/micro Usb\/camara 5 Mp F\/ 8 Mp T\/1yr Cs + Env\u00edo a domicilio + Pago seguro + Garant\u00eda","robots":{"index":"index","follow":"follow","max-snippet":"max-snippet:-1","max-image-preview":"max-image-preview:large","max-video-preview":"max-video-preview:-1"},"canonical":"https:\/\/compuviper.mx\/tienda\/producto\/lenovo-za8r0005mx-tablet-k10-media-tek-helio-p22t-2-3-ghz-4gb-64gb-103-fhd-4g-lte-color-abismo-azul-puerto-micro-sd-wifi-bt-gps-android-11-micro-usb-camara-5-mp-f-8-mp-t-1yr-cs\/","og_locale":"es_MX","og_type":"article","og_title":"[ Lenovo ] &#129351; Za8r0005mx Tablet K10 \/media Tek Helio P22t 2.3 Ghz \/4gb\/64gb\/10,3 Fhd \/4g Lte \/color Abismo Azul \/puerto Micro Sd\/wifi\/bt\/gps\/android 11\/micro Usb\/camara 5 Mp F\/ 8 Mp T\/1yr Cs","og_description":"Compra Za8r0005mx Tablet K10 \/media Tek Helio P22t 2.3 Ghz \/4gb\/64gb\/10,3 Fhd \/4g Lte \/color Abismo Azul \/puerto Micro Sd\/wifi\/bt\/gps\/android 11\/micro Usb\/camara 5 Mp F\/ 8 Mp T\/1yr Cs + Env\u00edo a domicilio + Pago seguro + Garant\u00eda","og_url":"https:\/\/compuviper.mx\/tienda\/producto\/lenovo-za8r0005mx-tablet-k10-media-tek-helio-p22t-2-3-ghz-4gb-64gb-103-fhd-4g-lte-color-abismo-azul-puerto-micro-sd-wifi-bt-gps-android-11-micro-usb-camara-5-mp-f-8-mp-t-1yr-cs\/","og_site_name":"Compuviper","article_publisher":"https:\/\/www.facebook.com\/compuviper","og_image":[{"width":200,"height":200,"url":"https:\/\/compuviper.mx\/tienda\/wp-content\/uploads\/2023\/12\/Lenovo-tablet-k10-media-tek-helio-p22t-2.3-ghz-4gb64gb103-fhd-4g-lte-color-abismo-azul-puerto-micro-sdwifibtgpsandroid-11micro-usbcamara-5-mp-f-8-mp-t1yr-cs.jpg","type":"image\/jpeg"}],"twitter_card":"summary_large_image","twitter_misc":{"Precio":"&#36;4,113 con IVA","Availability":"Out of stock"},"schema":{"@context":"https:\/\/schema.org","@graph":[{"@type":"WebPage","@id":"https:\/\/compuviper.mx\/tienda\/producto\/lenovo-za8r0005mx-tablet-k10-media-tek-helio-p22t-2-3-ghz-4gb-64gb-103-fhd-4g-lte-color-abismo-azul-puerto-micro-sd-wifi-bt-gps-android-11-micro-usb-camara-5-mp-f-8-mp-t-1yr-cs\/","url":"https:\/\/compuviper.mx\/tienda\/producto\/lenovo-za8r0005mx-tablet-k10-media-tek-helio-p22t-2-3-ghz-4gb-64gb-103-fhd-4g-lte-color-abismo-azul-puerto-micro-sd-wifi-bt-gps-android-11-micro-usb-camara-5-mp-f-8-mp-t-1yr-cs\/","name":"[ Lenovo ] &#129351; Za8r0005mx Tablet K10 \/media Tek Helio P22t 2.3 Ghz \/4gb\/64gb\/10,3 Fhd \/4g Lte \/color Abismo Azul \/puerto Micro Sd\/wifi\/bt\/gps\/android 11\/micro Usb\/camara 5 Mp F\/ 8 Mp T\/1yr Cs","isPartOf":{"@id":"https:\/\/compuviper.mx\/tienda\/#website"},"datePublished":"2026-04-21T07:31:04+00:00","dateModified":"2026-04-21T07:31:04+00:00","description":"Compra Za8r0005mx Tablet K10 \/media Tek Helio P22t 2.3 Ghz \/4gb\/64gb\/10,3 Fhd \/4g Lte \/color Abismo Azul \/puerto Micro Sd\/wifi\/bt\/gps\/android 11\/micro Usb\/camara 5 Mp F\/ 8 Mp T\/1yr Cs + Env\u00edo a domicilio + Pago seguro + Garant\u00eda","breadcrumb":{"@id":"https:\/\/compuviper.mx\/tienda\/producto\/lenovo-za8r0005mx-tablet-k10-media-tek-helio-p22t-2-3-ghz-4gb-64gb-103-fhd-4g-lte-color-abismo-azul-puerto-micro-sd-wifi-bt-gps-android-11-micro-usb-camara-5-mp-f-8-mp-t-1yr-cs\/#breadcrumb"},"inLanguage":"es-MX","potentialAction":[{"@type":"ReadAction","target":["https:\/\/compuviper.mx\/tienda\/producto\/lenovo-za8r0005mx-tablet-k10-media-tek-helio-p22t-2-3-ghz-4gb-64gb-103-fhd-4g-lte-color-abismo-azul-puerto-micro-sd-wifi-bt-gps-android-11-micro-usb-camara-5-mp-f-8-mp-t-1yr-cs\/"]}]},{"@type":"BreadcrumbList","@id":"https:\/\/compuviper.mx\/tienda\/producto\/lenovo-za8r0005mx-tablet-k10-media-tek-helio-p22t-2-3-ghz-4gb-64gb-103-fhd-4g-lte-color-abismo-azul-puerto-micro-sd-wifi-bt-gps-android-11-micro-usb-camara-5-mp-f-8-mp-t-1yr-cs\/#breadcrumb","itemListElement":[{"@type":"ListItem","position":1,"name":"Inicio","item":"https:\/\/compuviper.mx\/tienda\/"},{"@type":"ListItem","position":2,"name":"Productos","item":"https:\/\/compuviper.mx\/tienda\/productos\/"},{"@type":"ListItem","position":3,"name":"Tabletas","item":"https:\/\/compuviper.mx\/tienda\/categoria-producto\/tabletas\/"},{"@type":"ListItem","position":4,"name":"Mediatek","item":"https:\/\/compuviper.mx\/tienda\/categoria-producto\/tabletas\/mediatek\/"},{"@type":"ListItem","position":5,"name":"Lenovo Za8r0005mx Tablet K10 \/media Tek Helio P22t 2.3 Ghz \/4gb\/64gb\/10,3 Fhd \/4g Lte \/color Abismo Azul \/puerto Micro Sd\/wifi\/bt\/gps\/android 11\/micro Usb\/camara 5 Mp F\/ 8 Mp T\/1yr Cs"}]},{"@type":"WebSite","@id":"https:\/\/compuviper.mx\/tienda\/#website","url":"https:\/\/compuviper.mx\/tienda\/","name":"Compuviper","description":"Proveedor de Computadoras, Laptops, Servidores, Monitores, Puntos de Venta, Teclados,   Impresoras, T\u00f3ner, C\u00e1maras de Seguridad y m\u00e1s en tu tienda en l\u00ednea","publisher":{"@id":"https:\/\/compuviper.mx\/tienda\/#organization"},"potentialAction":[{"@type":"SearchAction","target":{"@type":"EntryPoint","urlTemplate":"https:\/\/compuviper.mx\/tienda\/?s={search_term_string}"},"query-input":"required name=search_term_string"}],"inLanguage":"es-MX"},{"@type":"Organization","@id":"https:\/\/compuviper.mx\/tienda\/#organization","name":"Compuviper","url":"https:\/\/compuviper.mx\/tienda\/","logo":{"@type":"ImageObject","inLanguage":"es-MX","@id":"https:\/\/compuviper.mx\/tienda\/#\/schema\/logo\/image\/","url":"https:\/\/compuviper.mx\/tienda\/wp-content\/uploads\/2021\/08\/Logo-Compuviper-10.png","contentUrl":"https:\/\/compuviper.mx\/tienda\/wp-content\/uploads\/2021\/08\/Logo-Compuviper-10.png","width":1000,"height":500,"caption":"Compuviper"},"image":{"@id":"https:\/\/compuviper.mx\/tienda\/#\/schema\/logo\/image\/"},"sameAs":["https:\/\/www.facebook.com\/compuviper","https:\/\/www.youtube.com\/channel\/UCf73dERp9Y3cfOq7q8BhLjA?view_as=subscriber"]}]},"product_brand":"LENOVO","product_price_amount":"4113","product_price_currency":"MXN","og_availability":"out of stock","product_availability":"out of stock","product_retailer_item_id":"ZA8R0005MX","product_condition":"new"},"_links":{"self":[{"href":"https:\/\/compuviper.mx\/tienda\/wp-json\/wp\/v2\/product\/221670"}],"collection":[{"href":"https:\/\/compuviper.mx\/tienda\/wp-json\/wp\/v2\/product"}],"about":[{"href":"https:\/\/compuviper.mx\/tienda\/wp-json\/wp\/v2\/types\/product"}],"replies":[{"embeddable":true,"href":"https:\/\/compuviper.mx\/tienda\/wp-json\/wp\/v2\/comments?post=221670"}],"wp:featuredmedia":[{"embeddable":true,"href":"https:\/\/compuviper.mx\/tienda\/wp-json\/wp\/v2\/media\/221671"}],"wp:attachment":[{"href":"https:\/\/compuviper.mx\/tienda\/wp-json\/wp\/v2\/media?parent=221670"}],"wp:term":[{"taxonomy":"product_cat","embeddable":true,"href":"https:\/\/compuviper.mx\/tienda\/wp-json\/wp\/v2\/product_cat?post=221670"},{"taxonomy":"product_tag","embeddable":true,"href":"https:\/\/compuviper.mx\/tienda\/wp-json\/wp\/v2\/product_tag?post=221670"}],"curies":[{"name":"wp","href":"https:\/\/api.w.org\/{rel}","templated":true}]}}