{"id":221563,"date":"2026-04-21T01:24:41","date_gmt":"2026-04-21T07:24:41","guid":{"rendered":"https:\/\/compuviper.mx\/tienda\/producto\/ghia-gtkids7ca-tablet-7-kids-a50-quadcore-1gb-ram-16gb-2cam-wifi-bluetooth-2500mah-android-9-azul\/"},"modified":"2026-04-21T01:24:42","modified_gmt":"2026-04-21T07:24:42","slug":"ghia-gtkids7ca-tablet-7-kids-a50-quadcore-1gb-ram-16gb-2cam-wifi-bluetooth-2500mah-android-9-azul","status":"publish","type":"product","link":"https:\/\/compuviper.mx\/tienda\/producto\/ghia-gtkids7ca-tablet-7-kids-a50-quadcore-1gb-ram-16gb-2cam-wifi-bluetooth-2500mah-android-9-azul\/","title":{"rendered":"Ghia Gtkids7ca Tablet  7 Kids\/a50 Quadcore\/1gb Ram\/16gb \/2cam\/wifi\/bluetooth\/2500mah\/android 9 \/azul"},"content":{"rendered":"<table class=\"descripcion\">\n<tr>\n<td>Unidad de procesamiento  quad core rk3126 1.2 ghz\/\/<\/td>\n<\/tr>\n<tr>\n<td>Display lcd 7 tn\u00a0\/\/<\/td>\n<\/tr>\n<tr>\n<td>Multitouch\/\/<\/td>\n<\/tr>\n<tr>\n<td>Resoluci\u00f3n 1024 x 600\u00a0\/\/<\/td>\n<\/tr>\n<tr>\n<td>1gb memoria ram\u00a0\/\/<\/td>\n<\/tr>\n<tr>\n<td>Almacenamiento 16 gb\u00a0\/\/<\/td>\n<\/tr>\n<tr>\n<td>Memoria exp por tf hasta 32 gb\u00a0\/\/<\/td>\n<\/tr>\n<tr>\n<td>C\u00e1mara frontal 0.3 megapixeles\u00a0\/\/<\/td>\n<\/tr>\n<tr>\n<td>C\u00e1mara trasera 2.0 megapixeles\u00a0\/\/<\/td>\n<\/tr>\n<tr>\n<td>G sensor\u00a0\/\/<\/td>\n<\/tr>\n<tr>\n<td>Wifi b\/g\/n\u00a0\/\/<\/td>\n<\/tr>\n<tr>\n<td>1 micro usb\u00a0\/\/<\/td>\n<\/tr>\n<tr>\n<td>1 audio jack\u00a0\/\/<\/td>\n<\/tr>\n<tr>\n<td>Aud\u00edfonos incluidos\u00a0\/\/<\/td>\n<\/tr>\n<tr>\n<td>Bater\u00eda de 3.7v 2500ma\u00a0\/\/<\/td>\n<\/tr>\n<tr>\n<td>Android 9<\/td>\n<\/tr>\n<\/table>\n","protected":false},"excerpt":{"rendered":"<p>Este dispositivo cuenta con certificaci\u00f3n gms, google mobile services otorgada por google para sistemas operativos android 9, que acredita su total compatibilidad con las aplicaciones del ecosistema google: google play, youtube, gmail, hangouts, google fotos y mas.<\/p>\n","protected":false},"featured_media":221564,"comment_status":"open","ping_status":"open","template":"","meta":[],"product_cat":[1763,1758],"product_tag":[1548],"acf":[],"yoast_head":"<!-- This site is optimized with the Yoast SEO plugin v21.7 - https:\/\/yoast.com\/wordpress\/plugins\/seo\/ -->\n<title>[ Ghia ] &#129351; Gtkids7ca Tablet 7 Kids\/a50 Quadcore\/1gb Ram\/16gb \/2cam\/wifi\/bluetooth\/2500mah\/android 9 \/azul<\/title>\n<meta name=\"description\" content=\"Compra Gtkids7ca Tablet 7 Kids\/a50 Quadcore\/1gb Ram\/16gb \/2cam\/wifi\/bluetooth\/2500mah\/android 9 \/azul + Env\u00edo a domicilio + Pago seguro + Garant\u00eda\" \/>\n<meta name=\"robots\" content=\"index, follow, max-snippet:-1, max-image-preview:large, max-video-preview:-1\" \/>\n<link rel=\"canonical\" href=\"https:\/\/compuviper.mx\/tienda\/producto\/ghia-gtkids7ca-tablet-7-kids-a50-quadcore-1gb-ram-16gb-2cam-wifi-bluetooth-2500mah-android-9-azul\/\" \/>\n<meta property=\"og:locale\" content=\"es_MX\" \/>\n<meta property=\"og:type\" content=\"article\" \/>\n<meta property=\"og:title\" content=\"[ Ghia ] &#129351; Gtkids7ca Tablet 7 Kids\/a50 Quadcore\/1gb Ram\/16gb \/2cam\/wifi\/bluetooth\/2500mah\/android 9 \/azul\" \/>\n<meta property=\"og:description\" content=\"Compra Gtkids7ca Tablet 7 Kids\/a50 Quadcore\/1gb Ram\/16gb \/2cam\/wifi\/bluetooth\/2500mah\/android 9 \/azul + Env\u00edo a domicilio + Pago seguro + Garant\u00eda\" \/>\n<meta property=\"og:url\" content=\"https:\/\/compuviper.mx\/tienda\/producto\/ghia-gtkids7ca-tablet-7-kids-a50-quadcore-1gb-ram-16gb-2cam-wifi-bluetooth-2500mah-android-9-azul\/\" \/>\n<meta property=\"og:site_name\" content=\"Compuviper\" \/>\n<meta property=\"article:publisher\" content=\"https:\/\/www.facebook.com\/compuviper\" \/>\n<meta property=\"article:modified_time\" content=\"2026-04-21T07:24:42+00:00\" \/>\n<meta property=\"og:image\" content=\"https:\/\/compuviper.mx\/tienda\/wp-content\/uploads\/2023\/12\/Tablet-ghia-7-kidsa50-quadcore1gb-ram16gb-2camwifibluetooth2500mahandroid-9-azul.jpg\" \/>\n\t<meta property=\"og:image:width\" content=\"200\" \/>\n\t<meta property=\"og:image:height\" content=\"200\" \/>\n\t<meta property=\"og:image:type\" content=\"image\/jpeg\" \/>\n<meta name=\"twitter:card\" content=\"summary_large_image\" \/>\n<meta name=\"twitter:label1\" content=\"Precio\" \/>\n\t<meta name=\"twitter:data1\" content=\"&#36;879 &#36;471 con IVA\" \/>\n\t<meta name=\"twitter:label2\" content=\"Availability\" \/>\n\t<meta name=\"twitter:data2\" content=\"In stock\" \/>\n<script type=\"application\/ld+json\" class=\"yoast-schema-graph\">{\"@context\":\"https:\/\/schema.org\",\"@graph\":[{\"@type\":\"WebPage\",\"@id\":\"https:\/\/compuviper.mx\/tienda\/producto\/ghia-gtkids7ca-tablet-7-kids-a50-quadcore-1gb-ram-16gb-2cam-wifi-bluetooth-2500mah-android-9-azul\/\",\"url\":\"https:\/\/compuviper.mx\/tienda\/producto\/ghia-gtkids7ca-tablet-7-kids-a50-quadcore-1gb-ram-16gb-2cam-wifi-bluetooth-2500mah-android-9-azul\/\",\"name\":\"[ Ghia ] &#129351; Gtkids7ca Tablet 7 Kids\/a50 Quadcore\/1gb Ram\/16gb \/2cam\/wifi\/bluetooth\/2500mah\/android 9 \/azul\",\"isPartOf\":{\"@id\":\"https:\/\/compuviper.mx\/tienda\/#website\"},\"datePublished\":\"2026-04-21T07:24:41+00:00\",\"dateModified\":\"2026-04-21T07:24:42+00:00\",\"description\":\"Compra Gtkids7ca Tablet 7 Kids\/a50 Quadcore\/1gb Ram\/16gb \/2cam\/wifi\/bluetooth\/2500mah\/android 9 \/azul + Env\u00edo a domicilio + Pago seguro + Garant\u00eda\",\"breadcrumb\":{\"@id\":\"https:\/\/compuviper.mx\/tienda\/producto\/ghia-gtkids7ca-tablet-7-kids-a50-quadcore-1gb-ram-16gb-2cam-wifi-bluetooth-2500mah-android-9-azul\/#breadcrumb\"},\"inLanguage\":\"es-MX\",\"potentialAction\":[{\"@type\":\"ReadAction\",\"target\":[\"https:\/\/compuviper.mx\/tienda\/producto\/ghia-gtkids7ca-tablet-7-kids-a50-quadcore-1gb-ram-16gb-2cam-wifi-bluetooth-2500mah-android-9-azul\/\"]}]},{\"@type\":\"BreadcrumbList\",\"@id\":\"https:\/\/compuviper.mx\/tienda\/producto\/ghia-gtkids7ca-tablet-7-kids-a50-quadcore-1gb-ram-16gb-2cam-wifi-bluetooth-2500mah-android-9-azul\/#breadcrumb\",\"itemListElement\":[{\"@type\":\"ListItem\",\"position\":1,\"name\":\"Inicio\",\"item\":\"https:\/\/compuviper.mx\/tienda\/\"},{\"@type\":\"ListItem\",\"position\":2,\"name\":\"Productos\",\"item\":\"https:\/\/compuviper.mx\/tienda\/productos\/\"},{\"@type\":\"ListItem\",\"position\":3,\"name\":\"Tabletas\",\"item\":\"https:\/\/compuviper.mx\/tienda\/categoria-producto\/tabletas\/\"},{\"@type\":\"ListItem\",\"position\":4,\"name\":\"Sin Categor\u00eda\",\"item\":\"https:\/\/compuviper.mx\/tienda\/categoria-producto\/tabletas\/sin-categoria-tabletas\/\"},{\"@type\":\"ListItem\",\"position\":5,\"name\":\"Ghia Gtkids7ca Tablet 7 Kids\/a50 Quadcore\/1gb Ram\/16gb \/2cam\/wifi\/bluetooth\/2500mah\/android 9 \/azul\"}]},{\"@type\":\"WebSite\",\"@id\":\"https:\/\/compuviper.mx\/tienda\/#website\",\"url\":\"https:\/\/compuviper.mx\/tienda\/\",\"name\":\"Compuviper\",\"description\":\"Proveedor de Computadoras, Laptops, Servidores, Monitores, Puntos de Venta, Teclados,   Impresoras, T\u00f3ner, C\u00e1maras de Seguridad y m\u00e1s en tu tienda en l\u00ednea\",\"publisher\":{\"@id\":\"https:\/\/compuviper.mx\/tienda\/#organization\"},\"potentialAction\":[{\"@type\":\"SearchAction\",\"target\":{\"@type\":\"EntryPoint\",\"urlTemplate\":\"https:\/\/compuviper.mx\/tienda\/?s={search_term_string}\"},\"query-input\":\"required name=search_term_string\"}],\"inLanguage\":\"es-MX\"},{\"@type\":\"Organization\",\"@id\":\"https:\/\/compuviper.mx\/tienda\/#organization\",\"name\":\"Compuviper\",\"url\":\"https:\/\/compuviper.mx\/tienda\/\",\"logo\":{\"@type\":\"ImageObject\",\"inLanguage\":\"es-MX\",\"@id\":\"https:\/\/compuviper.mx\/tienda\/#\/schema\/logo\/image\/\",\"url\":\"https:\/\/compuviper.mx\/tienda\/wp-content\/uploads\/2021\/08\/Logo-Compuviper-10.png\",\"contentUrl\":\"https:\/\/compuviper.mx\/tienda\/wp-content\/uploads\/2021\/08\/Logo-Compuviper-10.png\",\"width\":1000,\"height\":500,\"caption\":\"Compuviper\"},\"image\":{\"@id\":\"https:\/\/compuviper.mx\/tienda\/#\/schema\/logo\/image\/\"},\"sameAs\":[\"https:\/\/www.facebook.com\/compuviper\",\"https:\/\/www.youtube.com\/channel\/UCf73dERp9Y3cfOq7q8BhLjA?view_as=subscriber\"]}]}<\/script>\n<meta property=\"product:brand\" content=\"GHIA\" \/>\n<meta property=\"product:price:amount\" content=\"471\" \/>\n<meta property=\"product:price:currency\" content=\"MXN\" \/>\n<meta property=\"og:availability\" content=\"instock\" \/>\n<meta property=\"product:availability\" content=\"instock\" \/>\n<meta property=\"product:retailer_item_id\" content=\"GTKIDS7CA\" \/>\n<meta property=\"product:condition\" content=\"new\" \/>\n<!-- \/ Yoast SEO plugin. -->","yoast_head_json":{"title":"[ Ghia ] &#129351; Gtkids7ca Tablet 7 Kids\/a50 Quadcore\/1gb Ram\/16gb \/2cam\/wifi\/bluetooth\/2500mah\/android 9 \/azul","description":"Compra Gtkids7ca Tablet 7 Kids\/a50 Quadcore\/1gb Ram\/16gb \/2cam\/wifi\/bluetooth\/2500mah\/android 9 \/azul + Env\u00edo a domicilio + Pago seguro + Garant\u00eda","robots":{"index":"index","follow":"follow","max-snippet":"max-snippet:-1","max-image-preview":"max-image-preview:large","max-video-preview":"max-video-preview:-1"},"canonical":"https:\/\/compuviper.mx\/tienda\/producto\/ghia-gtkids7ca-tablet-7-kids-a50-quadcore-1gb-ram-16gb-2cam-wifi-bluetooth-2500mah-android-9-azul\/","og_locale":"es_MX","og_type":"article","og_title":"[ Ghia ] &#129351; Gtkids7ca Tablet 7 Kids\/a50 Quadcore\/1gb Ram\/16gb \/2cam\/wifi\/bluetooth\/2500mah\/android 9 \/azul","og_description":"Compra Gtkids7ca Tablet 7 Kids\/a50 Quadcore\/1gb Ram\/16gb \/2cam\/wifi\/bluetooth\/2500mah\/android 9 \/azul + Env\u00edo a domicilio + Pago seguro + Garant\u00eda","og_url":"https:\/\/compuviper.mx\/tienda\/producto\/ghia-gtkids7ca-tablet-7-kids-a50-quadcore-1gb-ram-16gb-2cam-wifi-bluetooth-2500mah-android-9-azul\/","og_site_name":"Compuviper","article_publisher":"https:\/\/www.facebook.com\/compuviper","article_modified_time":"2026-04-21T07:24:42+00:00","og_image":[{"width":200,"height":200,"url":"https:\/\/compuviper.mx\/tienda\/wp-content\/uploads\/2023\/12\/Tablet-ghia-7-kidsa50-quadcore1gb-ram16gb-2camwifibluetooth2500mahandroid-9-azul.jpg","type":"image\/jpeg"}],"twitter_card":"summary_large_image","twitter_misc":{"Precio":"&#36;879 &#36;471 con IVA","Availability":"In stock"},"schema":{"@context":"https:\/\/schema.org","@graph":[{"@type":"WebPage","@id":"https:\/\/compuviper.mx\/tienda\/producto\/ghia-gtkids7ca-tablet-7-kids-a50-quadcore-1gb-ram-16gb-2cam-wifi-bluetooth-2500mah-android-9-azul\/","url":"https:\/\/compuviper.mx\/tienda\/producto\/ghia-gtkids7ca-tablet-7-kids-a50-quadcore-1gb-ram-16gb-2cam-wifi-bluetooth-2500mah-android-9-azul\/","name":"[ Ghia ] &#129351; Gtkids7ca Tablet 7 Kids\/a50 Quadcore\/1gb Ram\/16gb \/2cam\/wifi\/bluetooth\/2500mah\/android 9 \/azul","isPartOf":{"@id":"https:\/\/compuviper.mx\/tienda\/#website"},"datePublished":"2026-04-21T07:24:41+00:00","dateModified":"2026-04-21T07:24:42+00:00","description":"Compra Gtkids7ca Tablet 7 Kids\/a50 Quadcore\/1gb Ram\/16gb \/2cam\/wifi\/bluetooth\/2500mah\/android 9 \/azul + Env\u00edo a domicilio + Pago seguro + Garant\u00eda","breadcrumb":{"@id":"https:\/\/compuviper.mx\/tienda\/producto\/ghia-gtkids7ca-tablet-7-kids-a50-quadcore-1gb-ram-16gb-2cam-wifi-bluetooth-2500mah-android-9-azul\/#breadcrumb"},"inLanguage":"es-MX","potentialAction":[{"@type":"ReadAction","target":["https:\/\/compuviper.mx\/tienda\/producto\/ghia-gtkids7ca-tablet-7-kids-a50-quadcore-1gb-ram-16gb-2cam-wifi-bluetooth-2500mah-android-9-azul\/"]}]},{"@type":"BreadcrumbList","@id":"https:\/\/compuviper.mx\/tienda\/producto\/ghia-gtkids7ca-tablet-7-kids-a50-quadcore-1gb-ram-16gb-2cam-wifi-bluetooth-2500mah-android-9-azul\/#breadcrumb","itemListElement":[{"@type":"ListItem","position":1,"name":"Inicio","item":"https:\/\/compuviper.mx\/tienda\/"},{"@type":"ListItem","position":2,"name":"Productos","item":"https:\/\/compuviper.mx\/tienda\/productos\/"},{"@type":"ListItem","position":3,"name":"Tabletas","item":"https:\/\/compuviper.mx\/tienda\/categoria-producto\/tabletas\/"},{"@type":"ListItem","position":4,"name":"Sin Categor\u00eda","item":"https:\/\/compuviper.mx\/tienda\/categoria-producto\/tabletas\/sin-categoria-tabletas\/"},{"@type":"ListItem","position":5,"name":"Ghia Gtkids7ca Tablet 7 Kids\/a50 Quadcore\/1gb Ram\/16gb \/2cam\/wifi\/bluetooth\/2500mah\/android 9 \/azul"}]},{"@type":"WebSite","@id":"https:\/\/compuviper.mx\/tienda\/#website","url":"https:\/\/compuviper.mx\/tienda\/","name":"Compuviper","description":"Proveedor de Computadoras, Laptops, Servidores, Monitores, Puntos de Venta, Teclados,   Impresoras, T\u00f3ner, C\u00e1maras de Seguridad y m\u00e1s en tu tienda en l\u00ednea","publisher":{"@id":"https:\/\/compuviper.mx\/tienda\/#organization"},"potentialAction":[{"@type":"SearchAction","target":{"@type":"EntryPoint","urlTemplate":"https:\/\/compuviper.mx\/tienda\/?s={search_term_string}"},"query-input":"required name=search_term_string"}],"inLanguage":"es-MX"},{"@type":"Organization","@id":"https:\/\/compuviper.mx\/tienda\/#organization","name":"Compuviper","url":"https:\/\/compuviper.mx\/tienda\/","logo":{"@type":"ImageObject","inLanguage":"es-MX","@id":"https:\/\/compuviper.mx\/tienda\/#\/schema\/logo\/image\/","url":"https:\/\/compuviper.mx\/tienda\/wp-content\/uploads\/2021\/08\/Logo-Compuviper-10.png","contentUrl":"https:\/\/compuviper.mx\/tienda\/wp-content\/uploads\/2021\/08\/Logo-Compuviper-10.png","width":1000,"height":500,"caption":"Compuviper"},"image":{"@id":"https:\/\/compuviper.mx\/tienda\/#\/schema\/logo\/image\/"},"sameAs":["https:\/\/www.facebook.com\/compuviper","https:\/\/www.youtube.com\/channel\/UCf73dERp9Y3cfOq7q8BhLjA?view_as=subscriber"]}]},"product_brand":"GHIA","product_price_amount":"471","product_price_currency":"MXN","og_availability":"instock","product_availability":"instock","product_retailer_item_id":"GTKIDS7CA","product_condition":"new"},"_links":{"self":[{"href":"https:\/\/compuviper.mx\/tienda\/wp-json\/wp\/v2\/product\/221563"}],"collection":[{"href":"https:\/\/compuviper.mx\/tienda\/wp-json\/wp\/v2\/product"}],"about":[{"href":"https:\/\/compuviper.mx\/tienda\/wp-json\/wp\/v2\/types\/product"}],"replies":[{"embeddable":true,"href":"https:\/\/compuviper.mx\/tienda\/wp-json\/wp\/v2\/comments?post=221563"}],"wp:featuredmedia":[{"embeddable":true,"href":"https:\/\/compuviper.mx\/tienda\/wp-json\/wp\/v2\/media\/221564"}],"wp:attachment":[{"href":"https:\/\/compuviper.mx\/tienda\/wp-json\/wp\/v2\/media?parent=221563"}],"wp:term":[{"taxonomy":"product_cat","embeddable":true,"href":"https:\/\/compuviper.mx\/tienda\/wp-json\/wp\/v2\/product_cat?post=221563"},{"taxonomy":"product_tag","embeddable":true,"href":"https:\/\/compuviper.mx\/tienda\/wp-json\/wp\/v2\/product_tag?post=221563"}],"curies":[{"name":"wp","href":"https:\/\/api.w.org\/{rel}","templated":true}]}}