{"id":221559,"date":"2026-04-18T01:18:53","date_gmt":"2026-04-18T07:18:53","guid":{"rendered":"https:\/\/compuviper.mx\/tienda\/producto\/tp-link-tl-r470t-router-tp-link-tl-r470t-balanceador-de-carga-banda-ancha-1-wan-1-lan-3-wan-lan-10-100-mbps-100banda-ancha-1-wan-1-lan-3-wan-lan-10-100-mbps-10000-sesiones-concurrentes\/"},"modified":"2026-04-18T01:18:53","modified_gmt":"2026-04-18T07:18:53","slug":"tp-link-tl-r470t-router-tp-link-tl-r470t-balanceador-de-carga-banda-ancha-1-wan-1-lan-3-wan-lan-10-100-mbps-100banda-ancha-1-wan-1-lan-3-wan-lan-10-100-mbps-10000-sesiones-concurrentes","status":"publish","type":"product","link":"https:\/\/compuviper.mx\/tienda\/producto\/tp-link-tl-r470t-router-tp-link-tl-r470t-balanceador-de-carga-banda-ancha-1-wan-1-lan-3-wan-lan-10-100-mbps-100banda-ancha-1-wan-1-lan-3-wan-lan-10-100-mbps-10000-sesiones-concurrentes\/","title":{"rendered":"Tp Link Tl-r470t+ Router | Tp-link | Tl-r470t | Balanceador De Carga | Banda Ancha | 1 Wan 1 Lan 3 Wan\/lan 10\/100 Mbps 10,0banda Ancha 1 Wan 1 Lan 3 Wan\/lan 10\/100 Mbps 10,000 Sesiones Concurrentes"},"content":{"rendered":"<table class=\"descripcion\">\n<tr>\n<td>Caracter\u00edsticas de hardware<\/td>\n<\/tr>\n<tr>\n<td>Est\u00e1ndares y protocolos:  ieee 802.3, 802.3u, 802.3x, tcp \/ ip, dhcp, icmp, nat, pppoe, sntp, http, ddns<\/td>\n<\/tr>\n<tr>\n<td>Interfaz: 1 puerto wan ethernet fijo 1 puerto lan ethernet fijo 3 puertos wan \/ lan ethernet intercambiables<\/td>\n<\/tr>\n<tr>\n<td>Medios de red: 10base-t: utp categor\u00eda 3, 4, 5 cable (m\u00e1x. 100 m), 100base-tx: utp categor\u00eda 5, 5e cable (m\u00e1x. 100 m)<\/td>\n<\/tr>\n<tr>\n<td>Bot\u00f3n: bot\u00f3n de reinicio<\/td>\n<\/tr>\n<tr>\n<td>Fuente de alimentaci\u00f3n: entrada de alimentaci\u00f3n universal interna ac100-240v ~ 50 \/ 60hz de entrada<\/td>\n<\/tr>\n<tr>\n<td>Destello: 4mb<\/td>\n<\/tr>\n<tr>\n<td>Dram: 64mb<\/td>\n<\/tr>\n<tr>\n<td>Led: pwr, sys, wan, lan, wan \/ lan<\/td>\n<\/tr>\n<tr>\n<td>Dimensiones (w x d x h): 8.2 * 5.0 * 1.0in. (209 * 126 * 26 mm)<\/td>\n<\/tr>\n<tr>\n<td>Rendimiento<\/td>\n<\/tr>\n<tr>\n<td>Sesiones concurrentes: 10,000<\/td>\n<\/tr>\n<tr>\n<td>Funciones b\u00e1sicas<\/td>\n<\/tr>\n<tr>\n<td>Tipo de conexi\u00f3n wan: ip est\u00e1tico \/ din\u00e1mico, pppoe, pptp, l2tp, acceso doble, cable bigpond<\/td>\n<\/tr>\n<tr>\n<td>Dhcp: servidor \/ cliente dhcp, reserva de direcci\u00f3n dhcp<\/td>\n<\/tr>\n<tr>\n<td>Clon de mac: modificar la direcci\u00f3n mac de wan \/ lan<\/td>\n<\/tr>\n<tr>\n<td>Ajuste del interruptor: puerto espejo, control de frecuencia, configuraci\u00f3n de puerto, puerto vlan<\/td>\n<\/tr>\n<tr>\n<td>Funciones avanzadas<\/td>\n<\/tr>\n<tr>\n<td>Acl: filtrado ip \/ mac \/ url \/ web<\/td>\n<\/tr>\n<tr>\n<td>Igmp: proxy igmp \/ inspecci\u00f3n igmp<\/td>\n<\/tr>\n<tr>\n<td>Reenv\u00edo: servidor virtual, activaci\u00f3n de puertos, dmz<\/td>\n<\/tr>\n<tr>\n<td>Equilibrio de carga: ruteo de pol\u00edticas, enlace de respaldo<\/td>\n<\/tr>\n<tr>\n<td>Enrutamiento: enrutamiento estatico<\/td>\n<\/tr>\n<tr>\n<td>Seguridad: ftp \/ sip \/ pptp \/ ipsec \/ h.323 alg, dos defence, ping of death, ip \/ mac binding<\/td>\n<\/tr>\n<tr>\n<td>Traffic control: control de ancho de banda, l\u00edmite de sesi\u00f3n<\/td>\n<\/tr>\n<tr>\n<td>Administraci\u00f3n<\/td>\n<\/tr>\n<tr>\n<td>Servicio: servidor pppoe, e-bulletin, dns din\u00e1mico, upnp<\/td>\n<\/tr>\n<tr>\n<td>Mantenimiento: configuraci\u00f3n de la hora, horario de verano, snmp, diagn\u00f3stico, actualizaci\u00f3n de firmware, configuraci\u00f3n predeterminada de f\u00e1brica \/ reinicio, copia de seguridad \/ restauraci\u00f3n, registro del sistema, gesti\u00f3n remota, estad\u00edsticas<\/td>\n<\/tr>\n<tr>\n<td>Otros<\/td>\n<\/tr>\n<tr>\n<td>Certificaciones: ce, fcc, rohs<\/td>\n<\/tr>\n<tr>\n<td>Contenidos del paquete: tl-r470t+  \/  adaptador de corriente cable  \/  ethernet rj-45  \/  gu\u00eda de instalaci\u00f3n r\u00e1pida<\/td>\n<\/tr>\n<tr>\n<td>Requisitos del sistema: microsoft\u00ae windows\u00ae 8, 7, vista \u00bf, xp o mac\u00ae os, netware\u00ae, unix\u00ae o linux<\/td>\n<\/tr>\n<tr>\n<td>Ambiente: temperatura de funcionamiento: 0 \u00bf ~ 40 (32 \u00bf ~ 104 \u00bf)  \/  temperatura de almacenamiento: -40 \u00bf ~ 70 \u00bf (-40 \u00bf ~ 158 \u00bf)  \/  humedad de funcionamiento: 10% ~ 90% sin condensaci\u00f3n  \/  humedad de almacenamiento: 5% ~ 90 % sin condensaci\u00f3n<\/td>\n<\/tr>\n<\/table>\n","protected":false},"excerpt":{"rendered":"<p>Router de banda ancha de balance de carga. Tl-r470t. *  hasta 4 puertos wan equipados con balanceador de carga avanzado para garantizar capacidades m\u00e1ximas de respaldo y banda ancha. * proporciona una administraci\u00f3n extensa de cuentas de usuarios y manejo de red para administradores con servidor pppoe soportado. * recurso de banda ancha marshals para usuarios espec\u00edficos basados en sus \u00fanicos entornos de aplicaci\u00f3n. * con un dise\u00f1o m\u00e1s peque\u00f1o para una soluci\u00f3n econ\u00f3mica en redes de peque\u00f1as oficinas o caf\u00e9s internet. El router balanceador de carga de banda ancha, el tl-r470t+ es una sabia elecci\u00f3n para negocios peque\u00f1os. Ofrece un alto rendimiento con respecto a las inversiones con pocos gastos adicionales. Cuenta con tres puertos wan\/lan intercambiables, el tl-r470t+ soporta hasta 4 puertos wan, que pueden satisfacer diferentes requisitos de acceso a internet a trav\u00e9s de un dispositivo. El tl-r470t+ integra m\u00faltiples estrategias de balanceo de carga, qos avanzado y un potente firewall (cortafuegos) para ofrecerle un tiempo de actividad en la red consistente y una conectividad a ethernet confiable. Sin embargo, es f\u00e1cil manejar el tl-r470t+ mediante una utilidad basada en la web, que hace que sea m\u00e1s conveniente crear y administrar su red. Tres puertos wan\/lan intercambiables. El tl-r470t+ cuenta con tres puertos intercambiables que pueden ser establecidos ya sea para lan o wan, permitiendo que router soporte hasta cuatro puertos wan para satisfacer diferentes requisitos de acceso a internet por medio de un dispositivo. El router tambi\u00e9n cuenta con una funci\u00f3n integrada de balanceo de carga inteligente que selecciona autom\u00e1ticamente la l\u00ednea m\u00e1s eficiente de acuerdo a los requisitos de carga y de banda ancha, ofreci\u00e9ndoles a los usuarios un tiempo de actividad en la red consistente y una conectividad a ethernet confiable. Gran variedad de caracter\u00edsticas de seguridad. Para la defensa contra amenazas externas, el tl-r470t+ puede detectar y bloquear autom\u00e1ticamente ataques de dos (denial of service &#8211; denegaci\u00f3n de servicio) como tcp\/udp\/icmp flooding, ping of death y otras amenazas relacionadas. Sin embargo, este router proporciona funciones de filtrado de ip\/mac\/url\/web, que previenen ataques en\u00e9rgicamente de intrusos y virus. Para aplicaciones como ftp, h.323, sip, ipsec y pptp que no son compatibles adecuadamente con nat, tl-r470t+ ofrece a los administradores mediante un clic la activaci\u00f3n de opciones de alg que corresponden a las cinco aplicaciones antes mencionadas. Administraci\u00f3n de acceso eficiente. Al configurar un servidor pppoe para distribuir las cuentas pppoe para usuarios de red privada, el router s\u00f3lo permite usuarios con cuentas legales que hayan pasado la autentificaci\u00f3n para acceder a internet. Al cooperar con el control de banda ancha basado en ip, es capaz de limitar el uso de banda ancha de ciertas cuentas pppoe. Sin embargo, la funci\u00f3n de bolet\u00edn electr\u00f3nico (e-bulletin) es capaz de liberar una hoja informativa en forma de p\u00e1gina web a ciertos grupos de usuarios peri\u00f3dicamente, que notifica a los usuarios acerca de la fecha de expiraci\u00f3n de la cuenta pppoe. Con las caracter\u00edsticas antes mencionadas, el router establecer\u00e1 prioridades para los diferentes usuarios en las jurisdicciones de navegador de internet para un manejo m\u00e1s eficiente. Inversiones de la compa\u00f1\u00eda que prestan atenci\u00f3n en la seguridad. La tecnolog\u00eda profesional de protecci\u00f3n contra descargas el\u00e9ctricas est\u00e1 dise\u00f1ada para prevenir descargas el\u00e9ctricas que penetran el interior del dispositivo, para que sean descargadas sin causar da\u00f1o en la tierra. Este router est\u00e1 dise\u00f1ado para prevenir da\u00f1o contra descargas el\u00e9ctricas de hasta 4kv en condiciones de conexi\u00f3n de puesta a tierra adecuada. Esta caracter\u00edstica asegura que las inversiones en infraestructura de conexi\u00f3n a red permanezcan tan seguras como sea posible de elementos m\u00e1s violentos de la madre naturaleza. Nota: la informaci\u00f3n antes mencionada aplica al tl-r470t+ versi\u00f3n 2.0 y 3.0 \u00fanicamente.<\/p>\n","protected":false},"featured_media":221560,"comment_status":"open","ping_status":"open","template":"","meta":[],"product_cat":[1563,1753],"product_tag":[1562],"acf":[],"yoast_head":"<!-- This site is optimized with the Yoast SEO plugin v21.7 - https:\/\/yoast.com\/wordpress\/plugins\/seo\/ -->\n<title>[ Tp Link ] &#129351; Tl-r470t+ Router | Tp-link | Tl-r470t | Balanceador De Carga | Banda Ancha | 1 Wan 1 Lan 3 Wan\/lan 10\/100 Mbps 10,0banda Ancha 1 Wan 1 Lan 3 Wan\/lan 10\/100 Mbps 10,000 Sesiones Concurrentes<\/title>\n<meta name=\"description\" content=\"Compra Tl-r470t+ Router | Tp-link | Tl-r470t | Balanceador De Carga | Banda Ancha | 1 Wan 1 Lan 3 Wan\/lan 10\/100 Mbps 10,0banda Ancha 1 Wan 1 Lan 3 Wan\/lan 10\/100 Mbps 10,000 Sesiones Concurrentes + Env\u00edo a domicilio + Pago seguro + Garant\u00eda\" \/>\n<meta name=\"robots\" content=\"index, follow, max-snippet:-1, max-image-preview:large, max-video-preview:-1\" \/>\n<link rel=\"canonical\" href=\"https:\/\/compuviper.mx\/tienda\/producto\/tp-link-tl-r470t-router-tp-link-tl-r470t-balanceador-de-carga-banda-ancha-1-wan-1-lan-3-wan-lan-10-100-mbps-100banda-ancha-1-wan-1-lan-3-wan-lan-10-100-mbps-10000-sesiones-concurrentes\/\" \/>\n<meta property=\"og:locale\" content=\"es_MX\" \/>\n<meta property=\"og:type\" content=\"article\" \/>\n<meta property=\"og:title\" content=\"[ Tp Link ] &#129351; Tl-r470t+ Router | Tp-link | Tl-r470t | Balanceador De Carga | Banda Ancha | 1 Wan 1 Lan 3 Wan\/lan 10\/100 Mbps 10,0banda Ancha 1 Wan 1 Lan 3 Wan\/lan 10\/100 Mbps 10,000 Sesiones Concurrentes\" \/>\n<meta property=\"og:description\" content=\"Compra Tl-r470t+ Router | Tp-link | Tl-r470t | Balanceador De Carga | Banda Ancha | 1 Wan 1 Lan 3 Wan\/lan 10\/100 Mbps 10,0banda Ancha 1 Wan 1 Lan 3 Wan\/lan 10\/100 Mbps 10,000 Sesiones Concurrentes + Env\u00edo a domicilio + Pago seguro + Garant\u00eda\" \/>\n<meta property=\"og:url\" content=\"https:\/\/compuviper.mx\/tienda\/producto\/tp-link-tl-r470t-router-tp-link-tl-r470t-balanceador-de-carga-banda-ancha-1-wan-1-lan-3-wan-lan-10-100-mbps-100banda-ancha-1-wan-1-lan-3-wan-lan-10-100-mbps-10000-sesiones-concurrentes\/\" \/>\n<meta property=\"og:site_name\" content=\"Compuviper\" \/>\n<meta property=\"article:publisher\" content=\"https:\/\/www.facebook.com\/compuviper\" \/>\n<meta property=\"og:image\" content=\"https:\/\/compuviper.mx\/tienda\/wp-content\/uploads\/2023\/12\/Router-tp-link-tl-r470t-balanceador-de-carga-banda-ancha-1-wan-1-lan-3-wanlan-10100-mbps-100banda-ancha-1-wan-1-lan-3-wanlan-10100-mbps-10000-sesiones-concurrentes.jpg\" \/>\n\t<meta property=\"og:image:width\" content=\"200\" \/>\n\t<meta property=\"og:image:height\" content=\"200\" \/>\n\t<meta property=\"og:image:type\" content=\"image\/jpeg\" \/>\n<meta name=\"twitter:card\" content=\"summary_large_image\" \/>\n<meta name=\"twitter:label1\" content=\"Precio\" \/>\n\t<meta name=\"twitter:data1\" content=\"&#36;612 con IVA\" \/>\n\t<meta name=\"twitter:label2\" content=\"Availability\" \/>\n\t<meta name=\"twitter:data2\" content=\"Out of stock\" \/>\n<script type=\"application\/ld+json\" class=\"yoast-schema-graph\">{\"@context\":\"https:\/\/schema.org\",\"@graph\":[{\"@type\":\"WebPage\",\"@id\":\"https:\/\/compuviper.mx\/tienda\/producto\/tp-link-tl-r470t-router-tp-link-tl-r470t-balanceador-de-carga-banda-ancha-1-wan-1-lan-3-wan-lan-10-100-mbps-100banda-ancha-1-wan-1-lan-3-wan-lan-10-100-mbps-10000-sesiones-concurrentes\/\",\"url\":\"https:\/\/compuviper.mx\/tienda\/producto\/tp-link-tl-r470t-router-tp-link-tl-r470t-balanceador-de-carga-banda-ancha-1-wan-1-lan-3-wan-lan-10-100-mbps-100banda-ancha-1-wan-1-lan-3-wan-lan-10-100-mbps-10000-sesiones-concurrentes\/\",\"name\":\"[ Tp Link ] &#129351; Tl-r470t+ Router | Tp-link | Tl-r470t | Balanceador De Carga | Banda Ancha | 1 Wan 1 Lan 3 Wan\/lan 10\/100 Mbps 10,0banda Ancha 1 Wan 1 Lan 3 Wan\/lan 10\/100 Mbps 10,000 Sesiones Concurrentes\",\"isPartOf\":{\"@id\":\"https:\/\/compuviper.mx\/tienda\/#website\"},\"datePublished\":\"2026-04-18T07:18:53+00:00\",\"dateModified\":\"2026-04-18T07:18:53+00:00\",\"description\":\"Compra Tl-r470t+ Router | Tp-link | Tl-r470t | Balanceador De Carga | Banda Ancha | 1 Wan 1 Lan 3 Wan\/lan 10\/100 Mbps 10,0banda Ancha 1 Wan 1 Lan 3 Wan\/lan 10\/100 Mbps 10,000 Sesiones Concurrentes + Env\u00edo a domicilio + Pago seguro + Garant\u00eda\",\"breadcrumb\":{\"@id\":\"https:\/\/compuviper.mx\/tienda\/producto\/tp-link-tl-r470t-router-tp-link-tl-r470t-balanceador-de-carga-banda-ancha-1-wan-1-lan-3-wan-lan-10-100-mbps-100banda-ancha-1-wan-1-lan-3-wan-lan-10-100-mbps-10000-sesiones-concurrentes\/#breadcrumb\"},\"inLanguage\":\"es-MX\",\"potentialAction\":[{\"@type\":\"ReadAction\",\"target\":[\"https:\/\/compuviper.mx\/tienda\/producto\/tp-link-tl-r470t-router-tp-link-tl-r470t-balanceador-de-carga-banda-ancha-1-wan-1-lan-3-wan-lan-10-100-mbps-100banda-ancha-1-wan-1-lan-3-wan-lan-10-100-mbps-10000-sesiones-concurrentes\/\"]}]},{\"@type\":\"BreadcrumbList\",\"@id\":\"https:\/\/compuviper.mx\/tienda\/producto\/tp-link-tl-r470t-router-tp-link-tl-r470t-balanceador-de-carga-banda-ancha-1-wan-1-lan-3-wan-lan-10-100-mbps-100banda-ancha-1-wan-1-lan-3-wan-lan-10-100-mbps-10000-sesiones-concurrentes\/#breadcrumb\",\"itemListElement\":[{\"@type\":\"ListItem\",\"position\":1,\"name\":\"Inicio\",\"item\":\"https:\/\/compuviper.mx\/tienda\/\"},{\"@type\":\"ListItem\",\"position\":2,\"name\":\"Productos\",\"item\":\"https:\/\/compuviper.mx\/tienda\/productos\/\"},{\"@type\":\"ListItem\",\"position\":3,\"name\":\"Redes\",\"item\":\"https:\/\/compuviper.mx\/tienda\/categoria-producto\/redes\/\"},{\"@type\":\"ListItem\",\"position\":4,\"name\":\"Router\",\"item\":\"https:\/\/compuviper.mx\/tienda\/categoria-producto\/redes\/router\/\"},{\"@type\":\"ListItem\",\"position\":5,\"name\":\"Tp Link Tl-r470t+ Router | Tp-link | Tl-r470t | Balanceador De Carga | Banda Ancha | 1 Wan 1 Lan 3 Wan\/lan 10\/100 Mbps 10,0banda Ancha 1 Wan 1 Lan 3 Wan\/lan 10\/100 Mbps 10,000 Sesiones Concurrentes\"}]},{\"@type\":\"WebSite\",\"@id\":\"https:\/\/compuviper.mx\/tienda\/#website\",\"url\":\"https:\/\/compuviper.mx\/tienda\/\",\"name\":\"Compuviper\",\"description\":\"Proveedor de Computadoras, Laptops, Servidores, Monitores, Puntos de Venta, Teclados,   Impresoras, T\u00f3ner, C\u00e1maras de Seguridad y m\u00e1s en tu tienda en l\u00ednea\",\"publisher\":{\"@id\":\"https:\/\/compuviper.mx\/tienda\/#organization\"},\"potentialAction\":[{\"@type\":\"SearchAction\",\"target\":{\"@type\":\"EntryPoint\",\"urlTemplate\":\"https:\/\/compuviper.mx\/tienda\/?s={search_term_string}\"},\"query-input\":\"required name=search_term_string\"}],\"inLanguage\":\"es-MX\"},{\"@type\":\"Organization\",\"@id\":\"https:\/\/compuviper.mx\/tienda\/#organization\",\"name\":\"Compuviper\",\"url\":\"https:\/\/compuviper.mx\/tienda\/\",\"logo\":{\"@type\":\"ImageObject\",\"inLanguage\":\"es-MX\",\"@id\":\"https:\/\/compuviper.mx\/tienda\/#\/schema\/logo\/image\/\",\"url\":\"https:\/\/compuviper.mx\/tienda\/wp-content\/uploads\/2021\/08\/Logo-Compuviper-10.png\",\"contentUrl\":\"https:\/\/compuviper.mx\/tienda\/wp-content\/uploads\/2021\/08\/Logo-Compuviper-10.png\",\"width\":1000,\"height\":500,\"caption\":\"Compuviper\"},\"image\":{\"@id\":\"https:\/\/compuviper.mx\/tienda\/#\/schema\/logo\/image\/\"},\"sameAs\":[\"https:\/\/www.facebook.com\/compuviper\",\"https:\/\/www.youtube.com\/channel\/UCf73dERp9Y3cfOq7q8BhLjA?view_as=subscriber\"]}]}<\/script>\n<meta property=\"product:brand\" content=\"TP LINK\" \/>\n<meta property=\"product:price:amount\" content=\"612\" \/>\n<meta property=\"product:price:currency\" content=\"MXN\" \/>\n<meta property=\"og:availability\" content=\"out of stock\" \/>\n<meta property=\"product:availability\" content=\"out of stock\" \/>\n<meta property=\"product:retailer_item_id\" content=\"TL-R470T+\" \/>\n<meta property=\"product:condition\" content=\"new\" \/>\n<!-- \/ Yoast SEO plugin. -->","yoast_head_json":{"title":"[ Tp Link ] &#129351; Tl-r470t+ Router | Tp-link | Tl-r470t | Balanceador De Carga | Banda Ancha | 1 Wan 1 Lan 3 Wan\/lan 10\/100 Mbps 10,0banda Ancha 1 Wan 1 Lan 3 Wan\/lan 10\/100 Mbps 10,000 Sesiones Concurrentes","description":"Compra Tl-r470t+ Router | Tp-link | Tl-r470t | Balanceador De Carga | Banda Ancha | 1 Wan 1 Lan 3 Wan\/lan 10\/100 Mbps 10,0banda Ancha 1 Wan 1 Lan 3 Wan\/lan 10\/100 Mbps 10,000 Sesiones Concurrentes + Env\u00edo a domicilio + Pago seguro + Garant\u00eda","robots":{"index":"index","follow":"follow","max-snippet":"max-snippet:-1","max-image-preview":"max-image-preview:large","max-video-preview":"max-video-preview:-1"},"canonical":"https:\/\/compuviper.mx\/tienda\/producto\/tp-link-tl-r470t-router-tp-link-tl-r470t-balanceador-de-carga-banda-ancha-1-wan-1-lan-3-wan-lan-10-100-mbps-100banda-ancha-1-wan-1-lan-3-wan-lan-10-100-mbps-10000-sesiones-concurrentes\/","og_locale":"es_MX","og_type":"article","og_title":"[ Tp Link ] &#129351; Tl-r470t+ Router | Tp-link | Tl-r470t | Balanceador De Carga | Banda Ancha | 1 Wan 1 Lan 3 Wan\/lan 10\/100 Mbps 10,0banda Ancha 1 Wan 1 Lan 3 Wan\/lan 10\/100 Mbps 10,000 Sesiones Concurrentes","og_description":"Compra Tl-r470t+ Router | Tp-link | Tl-r470t | Balanceador De Carga | Banda Ancha | 1 Wan 1 Lan 3 Wan\/lan 10\/100 Mbps 10,0banda Ancha 1 Wan 1 Lan 3 Wan\/lan 10\/100 Mbps 10,000 Sesiones Concurrentes + Env\u00edo a domicilio + Pago seguro + Garant\u00eda","og_url":"https:\/\/compuviper.mx\/tienda\/producto\/tp-link-tl-r470t-router-tp-link-tl-r470t-balanceador-de-carga-banda-ancha-1-wan-1-lan-3-wan-lan-10-100-mbps-100banda-ancha-1-wan-1-lan-3-wan-lan-10-100-mbps-10000-sesiones-concurrentes\/","og_site_name":"Compuviper","article_publisher":"https:\/\/www.facebook.com\/compuviper","og_image":[{"width":200,"height":200,"url":"https:\/\/compuviper.mx\/tienda\/wp-content\/uploads\/2023\/12\/Router-tp-link-tl-r470t-balanceador-de-carga-banda-ancha-1-wan-1-lan-3-wanlan-10100-mbps-100banda-ancha-1-wan-1-lan-3-wanlan-10100-mbps-10000-sesiones-concurrentes.jpg","type":"image\/jpeg"}],"twitter_card":"summary_large_image","twitter_misc":{"Precio":"&#36;612 con IVA","Availability":"Out of stock"},"schema":{"@context":"https:\/\/schema.org","@graph":[{"@type":"WebPage","@id":"https:\/\/compuviper.mx\/tienda\/producto\/tp-link-tl-r470t-router-tp-link-tl-r470t-balanceador-de-carga-banda-ancha-1-wan-1-lan-3-wan-lan-10-100-mbps-100banda-ancha-1-wan-1-lan-3-wan-lan-10-100-mbps-10000-sesiones-concurrentes\/","url":"https:\/\/compuviper.mx\/tienda\/producto\/tp-link-tl-r470t-router-tp-link-tl-r470t-balanceador-de-carga-banda-ancha-1-wan-1-lan-3-wan-lan-10-100-mbps-100banda-ancha-1-wan-1-lan-3-wan-lan-10-100-mbps-10000-sesiones-concurrentes\/","name":"[ Tp Link ] &#129351; Tl-r470t+ Router | Tp-link | Tl-r470t | Balanceador De Carga | Banda Ancha | 1 Wan 1 Lan 3 Wan\/lan 10\/100 Mbps 10,0banda Ancha 1 Wan 1 Lan 3 Wan\/lan 10\/100 Mbps 10,000 Sesiones Concurrentes","isPartOf":{"@id":"https:\/\/compuviper.mx\/tienda\/#website"},"datePublished":"2026-04-18T07:18:53+00:00","dateModified":"2026-04-18T07:18:53+00:00","description":"Compra Tl-r470t+ Router | Tp-link | Tl-r470t | Balanceador De Carga | Banda Ancha | 1 Wan 1 Lan 3 Wan\/lan 10\/100 Mbps 10,0banda Ancha 1 Wan 1 Lan 3 Wan\/lan 10\/100 Mbps 10,000 Sesiones Concurrentes + Env\u00edo a domicilio + Pago seguro + Garant\u00eda","breadcrumb":{"@id":"https:\/\/compuviper.mx\/tienda\/producto\/tp-link-tl-r470t-router-tp-link-tl-r470t-balanceador-de-carga-banda-ancha-1-wan-1-lan-3-wan-lan-10-100-mbps-100banda-ancha-1-wan-1-lan-3-wan-lan-10-100-mbps-10000-sesiones-concurrentes\/#breadcrumb"},"inLanguage":"es-MX","potentialAction":[{"@type":"ReadAction","target":["https:\/\/compuviper.mx\/tienda\/producto\/tp-link-tl-r470t-router-tp-link-tl-r470t-balanceador-de-carga-banda-ancha-1-wan-1-lan-3-wan-lan-10-100-mbps-100banda-ancha-1-wan-1-lan-3-wan-lan-10-100-mbps-10000-sesiones-concurrentes\/"]}]},{"@type":"BreadcrumbList","@id":"https:\/\/compuviper.mx\/tienda\/producto\/tp-link-tl-r470t-router-tp-link-tl-r470t-balanceador-de-carga-banda-ancha-1-wan-1-lan-3-wan-lan-10-100-mbps-100banda-ancha-1-wan-1-lan-3-wan-lan-10-100-mbps-10000-sesiones-concurrentes\/#breadcrumb","itemListElement":[{"@type":"ListItem","position":1,"name":"Inicio","item":"https:\/\/compuviper.mx\/tienda\/"},{"@type":"ListItem","position":2,"name":"Productos","item":"https:\/\/compuviper.mx\/tienda\/productos\/"},{"@type":"ListItem","position":3,"name":"Redes","item":"https:\/\/compuviper.mx\/tienda\/categoria-producto\/redes\/"},{"@type":"ListItem","position":4,"name":"Router","item":"https:\/\/compuviper.mx\/tienda\/categoria-producto\/redes\/router\/"},{"@type":"ListItem","position":5,"name":"Tp Link Tl-r470t+ Router | Tp-link | Tl-r470t | Balanceador De Carga | Banda Ancha | 1 Wan 1 Lan 3 Wan\/lan 10\/100 Mbps 10,0banda Ancha 1 Wan 1 Lan 3 Wan\/lan 10\/100 Mbps 10,000 Sesiones Concurrentes"}]},{"@type":"WebSite","@id":"https:\/\/compuviper.mx\/tienda\/#website","url":"https:\/\/compuviper.mx\/tienda\/","name":"Compuviper","description":"Proveedor de Computadoras, Laptops, Servidores, Monitores, Puntos de Venta, Teclados,   Impresoras, T\u00f3ner, C\u00e1maras de Seguridad y m\u00e1s en tu tienda en l\u00ednea","publisher":{"@id":"https:\/\/compuviper.mx\/tienda\/#organization"},"potentialAction":[{"@type":"SearchAction","target":{"@type":"EntryPoint","urlTemplate":"https:\/\/compuviper.mx\/tienda\/?s={search_term_string}"},"query-input":"required name=search_term_string"}],"inLanguage":"es-MX"},{"@type":"Organization","@id":"https:\/\/compuviper.mx\/tienda\/#organization","name":"Compuviper","url":"https:\/\/compuviper.mx\/tienda\/","logo":{"@type":"ImageObject","inLanguage":"es-MX","@id":"https:\/\/compuviper.mx\/tienda\/#\/schema\/logo\/image\/","url":"https:\/\/compuviper.mx\/tienda\/wp-content\/uploads\/2021\/08\/Logo-Compuviper-10.png","contentUrl":"https:\/\/compuviper.mx\/tienda\/wp-content\/uploads\/2021\/08\/Logo-Compuviper-10.png","width":1000,"height":500,"caption":"Compuviper"},"image":{"@id":"https:\/\/compuviper.mx\/tienda\/#\/schema\/logo\/image\/"},"sameAs":["https:\/\/www.facebook.com\/compuviper","https:\/\/www.youtube.com\/channel\/UCf73dERp9Y3cfOq7q8BhLjA?view_as=subscriber"]}]},"product_brand":"TP LINK","product_price_amount":"612","product_price_currency":"MXN","og_availability":"out of stock","product_availability":"out of stock","product_retailer_item_id":"TL-R470T+","product_condition":"new"},"_links":{"self":[{"href":"https:\/\/compuviper.mx\/tienda\/wp-json\/wp\/v2\/product\/221559"}],"collection":[{"href":"https:\/\/compuviper.mx\/tienda\/wp-json\/wp\/v2\/product"}],"about":[{"href":"https:\/\/compuviper.mx\/tienda\/wp-json\/wp\/v2\/types\/product"}],"replies":[{"embeddable":true,"href":"https:\/\/compuviper.mx\/tienda\/wp-json\/wp\/v2\/comments?post=221559"}],"wp:featuredmedia":[{"embeddable":true,"href":"https:\/\/compuviper.mx\/tienda\/wp-json\/wp\/v2\/media\/221560"}],"wp:attachment":[{"href":"https:\/\/compuviper.mx\/tienda\/wp-json\/wp\/v2\/media?parent=221559"}],"wp:term":[{"taxonomy":"product_cat","embeddable":true,"href":"https:\/\/compuviper.mx\/tienda\/wp-json\/wp\/v2\/product_cat?post=221559"},{"taxonomy":"product_tag","embeddable":true,"href":"https:\/\/compuviper.mx\/tienda\/wp-json\/wp\/v2\/product_tag?post=221559"}],"curies":[{"name":"wp","href":"https:\/\/api.w.org\/{rel}","templated":true}]}}