{"id":221557,"date":"2026-04-14T01:11:59","date_gmt":"2026-04-14T07:11:59","guid":{"rendered":"https:\/\/compuviper.mx\/tienda\/producto\/tp-link-tg-3468-tarjeta-de-red-tp-link-pci-express-alambrica-1-rj45-gigabit-10-100-1000-mbps-bracket-bajo-perfil\/"},"modified":"2026-04-14T01:12:00","modified_gmt":"2026-04-14T07:12:00","slug":"tp-link-tg-3468-tarjeta-de-red-tp-link-pci-express-alambrica-1-rj45-gigabit-10-100-1000-mbps-bracket-bajo-perfil","status":"publish","type":"product","link":"https:\/\/compuviper.mx\/tienda\/producto\/tp-link-tg-3468-tarjeta-de-red-tp-link-pci-express-alambrica-1-rj45-gigabit-10-100-1000-mbps-bracket-bajo-perfil\/","title":{"rendered":"Tp Link Tg-3468 Tarjeta De Red | Tp-link |  | Pci Express Alambrica |  1 Rj45 Gigabit 10\/100\/1000 Mbps Bracket Bajo Perfil"},"content":{"rendered":"<table class=\"descripcion\">\n<tr>\n<td>*estandares y protocolos: ieee 802.3, 802.3u, 802.3ab, 802.3x, 802.1q, 802.1p csma \/ cd, tcp \/ ip<\/td>\n<\/tr>\n<tr>\n<td>*interface: pci de 32-bit; 1 puerto rj45 10\/100\/1000mbps<\/td>\n<\/tr>\n<tr>\n<td>*medios de red: 10base-t: utp categoria 3, 4, 5 cable (maximo 100m), eia\/tia-568 100 stp (maximo 100m), 100base-tx: cable 5, 5e categoria utp (maximo 100m), eia\/tia-568 100\u00bf stp (maximo 100m), 1000base-t: cable 5, 5e categoria utp (maximo 100m)<\/td>\n<\/tr>\n<tr>\n<td>*velocidad de transferencia datos: 10\/100\/1000mbps para modo medio-duplex, 20\/200\/2000mbps para modo full-duplex<\/td>\n<\/tr>\n<tr>\n<td>*indicador led: 1000mbps link\/act, 100mbps link\/act, 10mbps link\/act, duplex<\/td>\n<\/tr>\n<tr>\n<td>*control de flujo: ieee 802.3x flow control (full-duplex).<\/td>\n<\/tr>\n<tr>\n<td>*certificacion: ce, fcc, rohs<\/td>\n<\/tr>\n<tr>\n<td>Contenido del paquete: adaptador de red tg-3468, cd de recursos, guia de instalacion rapida<\/td>\n<\/tr>\n<tr>\n<td>*requisitos del sistema: win 98se\/me\/nt\/2000\/xp\/vista\/7, linux\/novell netware, windows 8 (32\/64bit).<\/td>\n<\/tr>\n<tr>\n<td>*ambiente: temperatura de funcionamiento: 0 grados c \/ 40 grados c (32 grados f \/ 104 grados f); temperatura de almacenamiento: -40 grados c \/-70 grados c (-40 grados f \/ 158 grados f); humedad de funcionamiento: 10% \/ 90% sin condensaci\u00f3n; humedad de almacenamiento: 5% \/ 90% sin condensaci\u00f3n.<\/td>\n<\/tr>\n<\/table>\n","protected":false},"excerpt":{"rendered":"<p>Adaptador de red pci express gigabit. Tg-3468. * adaptador pci 10\/100\/1000mbps pci. * interfaz pci de 32-bit, ahorrando el espacio finito del chasis. * wake-on-lan, c\u00f3modo de manejar a trav\u00e9s de lan. El tg-3468 10\/100 \/ adaptador de red pcie 1000mbps gigabit es un adaptador ethernet altamente integrado y rentable de 32 bits pcie gigabit que es totalmente compatible con los est\u00e1ndares ieee 802.3, ieee 802.3u y las especificaciones ieee 802.3ab. El adaptador de red gigabit pcie tg-3468 es un adaptador de alto rendimiento dise\u00f1ado para la alta velocidad pci express arquitectura autob\u00fas. Dise\u00f1ado para apoyar a 10\/100\/1000 mbps de velocidad de red auto-negociaci\u00f3n, control de flujo 802.3x y tecnolog\u00eda wake-on-lan. Tg-3468 adaptador de red gigabit pcie es un adaptador gigabit ethernet altamente integrado y rentable que es una buena selecci\u00f3n para actualizar su red.<\/p>\n","protected":false},"featured_media":221558,"comment_status":"open","ping_status":"open","template":"","meta":[],"product_cat":[1563,1572],"product_tag":[1562],"acf":[],"yoast_head":"<!-- This site is optimized with the Yoast SEO plugin v21.7 - https:\/\/yoast.com\/wordpress\/plugins\/seo\/ -->\n<title>[ Tp Link ] &#129351; Tg-3468 Tarjeta De Red | Tp-link | | Pci Express Alambrica | 1 Rj45 Gigabit 10\/100\/1000 Mbps Bracket Bajo Perfil<\/title>\n<meta name=\"description\" content=\"Compra Tg-3468 Tarjeta De Red | Tp-link | | Pci Express Alambrica | 1 Rj45 Gigabit 10\/100\/1000 Mbps Bracket Bajo Perfil + Env\u00edo a domicilio + Pago seguro + Garant\u00eda\" \/>\n<meta name=\"robots\" content=\"index, follow, max-snippet:-1, max-image-preview:large, max-video-preview:-1\" \/>\n<link rel=\"canonical\" href=\"https:\/\/compuviper.mx\/tienda\/producto\/tp-link-tg-3468-tarjeta-de-red-tp-link-pci-express-alambrica-1-rj45-gigabit-10-100-1000-mbps-bracket-bajo-perfil\/\" \/>\n<meta property=\"og:locale\" content=\"es_MX\" \/>\n<meta property=\"og:type\" content=\"article\" \/>\n<meta property=\"og:title\" content=\"[ Tp Link ] &#129351; Tg-3468 Tarjeta De Red | Tp-link | | Pci Express Alambrica | 1 Rj45 Gigabit 10\/100\/1000 Mbps Bracket Bajo Perfil\" \/>\n<meta property=\"og:description\" content=\"Compra Tg-3468 Tarjeta De Red | Tp-link | | Pci Express Alambrica | 1 Rj45 Gigabit 10\/100\/1000 Mbps Bracket Bajo Perfil + Env\u00edo a domicilio + Pago seguro + Garant\u00eda\" \/>\n<meta property=\"og:url\" content=\"https:\/\/compuviper.mx\/tienda\/producto\/tp-link-tg-3468-tarjeta-de-red-tp-link-pci-express-alambrica-1-rj45-gigabit-10-100-1000-mbps-bracket-bajo-perfil\/\" \/>\n<meta property=\"og:site_name\" content=\"Compuviper\" \/>\n<meta property=\"article:publisher\" content=\"https:\/\/www.facebook.com\/compuviper\" \/>\n<meta property=\"article:modified_time\" content=\"2026-04-14T07:12:00+00:00\" \/>\n<meta property=\"og:image\" content=\"https:\/\/compuviper.mx\/tienda\/wp-content\/uploads\/2023\/12\/Tarjeta-de-red-tp-link-tg-3468-pci-express-alambrica-1-rj45-gigabit-101001000-mbps-bracket-bajo-perfil.jpg\" \/>\n\t<meta property=\"og:image:width\" content=\"200\" \/>\n\t<meta property=\"og:image:height\" content=\"200\" \/>\n\t<meta property=\"og:image:type\" content=\"image\/jpeg\" \/>\n<meta name=\"twitter:card\" content=\"summary_large_image\" \/>\n<meta name=\"twitter:label1\" content=\"Precio\" \/>\n\t<meta name=\"twitter:data1\" content=\"&#36;157 con IVA\" \/>\n\t<meta name=\"twitter:label2\" content=\"Availability\" \/>\n\t<meta name=\"twitter:data2\" content=\"In stock\" \/>\n<script type=\"application\/ld+json\" class=\"yoast-schema-graph\">{\"@context\":\"https:\/\/schema.org\",\"@graph\":[{\"@type\":\"WebPage\",\"@id\":\"https:\/\/compuviper.mx\/tienda\/producto\/tp-link-tg-3468-tarjeta-de-red-tp-link-pci-express-alambrica-1-rj45-gigabit-10-100-1000-mbps-bracket-bajo-perfil\/\",\"url\":\"https:\/\/compuviper.mx\/tienda\/producto\/tp-link-tg-3468-tarjeta-de-red-tp-link-pci-express-alambrica-1-rj45-gigabit-10-100-1000-mbps-bracket-bajo-perfil\/\",\"name\":\"[ Tp Link ] &#129351; Tg-3468 Tarjeta De Red | Tp-link | | Pci Express Alambrica | 1 Rj45 Gigabit 10\/100\/1000 Mbps Bracket Bajo Perfil\",\"isPartOf\":{\"@id\":\"https:\/\/compuviper.mx\/tienda\/#website\"},\"datePublished\":\"2026-04-14T07:11:59+00:00\",\"dateModified\":\"2026-04-14T07:12:00+00:00\",\"description\":\"Compra Tg-3468 Tarjeta De Red | Tp-link | | Pci Express Alambrica | 1 Rj45 Gigabit 10\/100\/1000 Mbps Bracket Bajo Perfil + Env\u00edo a domicilio + Pago seguro + Garant\u00eda\",\"breadcrumb\":{\"@id\":\"https:\/\/compuviper.mx\/tienda\/producto\/tp-link-tg-3468-tarjeta-de-red-tp-link-pci-express-alambrica-1-rj45-gigabit-10-100-1000-mbps-bracket-bajo-perfil\/#breadcrumb\"},\"inLanguage\":\"es-MX\",\"potentialAction\":[{\"@type\":\"ReadAction\",\"target\":[\"https:\/\/compuviper.mx\/tienda\/producto\/tp-link-tg-3468-tarjeta-de-red-tp-link-pci-express-alambrica-1-rj45-gigabit-10-100-1000-mbps-bracket-bajo-perfil\/\"]}]},{\"@type\":\"BreadcrumbList\",\"@id\":\"https:\/\/compuviper.mx\/tienda\/producto\/tp-link-tg-3468-tarjeta-de-red-tp-link-pci-express-alambrica-1-rj45-gigabit-10-100-1000-mbps-bracket-bajo-perfil\/#breadcrumb\",\"itemListElement\":[{\"@type\":\"ListItem\",\"position\":1,\"name\":\"Inicio\",\"item\":\"https:\/\/compuviper.mx\/tienda\/\"},{\"@type\":\"ListItem\",\"position\":2,\"name\":\"Productos\",\"item\":\"https:\/\/compuviper.mx\/tienda\/productos\/\"},{\"@type\":\"ListItem\",\"position\":3,\"name\":\"Redes\",\"item\":\"https:\/\/compuviper.mx\/tienda\/categoria-producto\/redes\/\"},{\"@type\":\"ListItem\",\"position\":4,\"name\":\"Tarjetas De Red\",\"item\":\"https:\/\/compuviper.mx\/tienda\/categoria-producto\/redes\/tarjetas-de-red\/\"},{\"@type\":\"ListItem\",\"position\":5,\"name\":\"Tp Link Tg-3468 Tarjeta De Red | Tp-link | | Pci Express Alambrica | 1 Rj45 Gigabit 10\/100\/1000 Mbps Bracket Bajo Perfil\"}]},{\"@type\":\"WebSite\",\"@id\":\"https:\/\/compuviper.mx\/tienda\/#website\",\"url\":\"https:\/\/compuviper.mx\/tienda\/\",\"name\":\"Compuviper\",\"description\":\"Proveedor de Computadoras, Laptops, Servidores, Monitores, Puntos de Venta, Teclados,   Impresoras, T\u00f3ner, C\u00e1maras de Seguridad y m\u00e1s en tu tienda en l\u00ednea\",\"publisher\":{\"@id\":\"https:\/\/compuviper.mx\/tienda\/#organization\"},\"potentialAction\":[{\"@type\":\"SearchAction\",\"target\":{\"@type\":\"EntryPoint\",\"urlTemplate\":\"https:\/\/compuviper.mx\/tienda\/?s={search_term_string}\"},\"query-input\":\"required name=search_term_string\"}],\"inLanguage\":\"es-MX\"},{\"@type\":\"Organization\",\"@id\":\"https:\/\/compuviper.mx\/tienda\/#organization\",\"name\":\"Compuviper\",\"url\":\"https:\/\/compuviper.mx\/tienda\/\",\"logo\":{\"@type\":\"ImageObject\",\"inLanguage\":\"es-MX\",\"@id\":\"https:\/\/compuviper.mx\/tienda\/#\/schema\/logo\/image\/\",\"url\":\"https:\/\/compuviper.mx\/tienda\/wp-content\/uploads\/2021\/08\/Logo-Compuviper-10.png\",\"contentUrl\":\"https:\/\/compuviper.mx\/tienda\/wp-content\/uploads\/2021\/08\/Logo-Compuviper-10.png\",\"width\":1000,\"height\":500,\"caption\":\"Compuviper\"},\"image\":{\"@id\":\"https:\/\/compuviper.mx\/tienda\/#\/schema\/logo\/image\/\"},\"sameAs\":[\"https:\/\/www.facebook.com\/compuviper\",\"https:\/\/www.youtube.com\/channel\/UCf73dERp9Y3cfOq7q8BhLjA?view_as=subscriber\"]}]}<\/script>\n<meta property=\"product:brand\" content=\"TP LINK\" \/>\n<meta property=\"product:price:amount\" content=\"157\" \/>\n<meta property=\"product:price:currency\" content=\"MXN\" \/>\n<meta property=\"og:availability\" content=\"instock\" \/>\n<meta property=\"product:availability\" content=\"instock\" \/>\n<meta property=\"product:retailer_item_id\" content=\"TG-3468\" \/>\n<meta property=\"product:condition\" content=\"new\" \/>\n<!-- \/ Yoast SEO plugin. -->","yoast_head_json":{"title":"[ Tp Link ] &#129351; Tg-3468 Tarjeta De Red | Tp-link | | Pci Express Alambrica | 1 Rj45 Gigabit 10\/100\/1000 Mbps Bracket Bajo Perfil","description":"Compra Tg-3468 Tarjeta De Red | Tp-link | | Pci Express Alambrica | 1 Rj45 Gigabit 10\/100\/1000 Mbps Bracket Bajo Perfil + Env\u00edo a domicilio + Pago seguro + Garant\u00eda","robots":{"index":"index","follow":"follow","max-snippet":"max-snippet:-1","max-image-preview":"max-image-preview:large","max-video-preview":"max-video-preview:-1"},"canonical":"https:\/\/compuviper.mx\/tienda\/producto\/tp-link-tg-3468-tarjeta-de-red-tp-link-pci-express-alambrica-1-rj45-gigabit-10-100-1000-mbps-bracket-bajo-perfil\/","og_locale":"es_MX","og_type":"article","og_title":"[ Tp Link ] &#129351; Tg-3468 Tarjeta De Red | Tp-link | | Pci Express Alambrica | 1 Rj45 Gigabit 10\/100\/1000 Mbps Bracket Bajo Perfil","og_description":"Compra Tg-3468 Tarjeta De Red | Tp-link | | Pci Express Alambrica | 1 Rj45 Gigabit 10\/100\/1000 Mbps Bracket Bajo Perfil + Env\u00edo a domicilio + Pago seguro + Garant\u00eda","og_url":"https:\/\/compuviper.mx\/tienda\/producto\/tp-link-tg-3468-tarjeta-de-red-tp-link-pci-express-alambrica-1-rj45-gigabit-10-100-1000-mbps-bracket-bajo-perfil\/","og_site_name":"Compuviper","article_publisher":"https:\/\/www.facebook.com\/compuviper","article_modified_time":"2026-04-14T07:12:00+00:00","og_image":[{"width":200,"height":200,"url":"https:\/\/compuviper.mx\/tienda\/wp-content\/uploads\/2023\/12\/Tarjeta-de-red-tp-link-tg-3468-pci-express-alambrica-1-rj45-gigabit-101001000-mbps-bracket-bajo-perfil.jpg","type":"image\/jpeg"}],"twitter_card":"summary_large_image","twitter_misc":{"Precio":"&#36;157 con IVA","Availability":"In stock"},"schema":{"@context":"https:\/\/schema.org","@graph":[{"@type":"WebPage","@id":"https:\/\/compuviper.mx\/tienda\/producto\/tp-link-tg-3468-tarjeta-de-red-tp-link-pci-express-alambrica-1-rj45-gigabit-10-100-1000-mbps-bracket-bajo-perfil\/","url":"https:\/\/compuviper.mx\/tienda\/producto\/tp-link-tg-3468-tarjeta-de-red-tp-link-pci-express-alambrica-1-rj45-gigabit-10-100-1000-mbps-bracket-bajo-perfil\/","name":"[ Tp Link ] &#129351; Tg-3468 Tarjeta De Red | Tp-link | | Pci Express Alambrica | 1 Rj45 Gigabit 10\/100\/1000 Mbps Bracket Bajo Perfil","isPartOf":{"@id":"https:\/\/compuviper.mx\/tienda\/#website"},"datePublished":"2026-04-14T07:11:59+00:00","dateModified":"2026-04-14T07:12:00+00:00","description":"Compra Tg-3468 Tarjeta De Red | Tp-link | | Pci Express Alambrica | 1 Rj45 Gigabit 10\/100\/1000 Mbps Bracket Bajo Perfil + Env\u00edo a domicilio + Pago seguro + Garant\u00eda","breadcrumb":{"@id":"https:\/\/compuviper.mx\/tienda\/producto\/tp-link-tg-3468-tarjeta-de-red-tp-link-pci-express-alambrica-1-rj45-gigabit-10-100-1000-mbps-bracket-bajo-perfil\/#breadcrumb"},"inLanguage":"es-MX","potentialAction":[{"@type":"ReadAction","target":["https:\/\/compuviper.mx\/tienda\/producto\/tp-link-tg-3468-tarjeta-de-red-tp-link-pci-express-alambrica-1-rj45-gigabit-10-100-1000-mbps-bracket-bajo-perfil\/"]}]},{"@type":"BreadcrumbList","@id":"https:\/\/compuviper.mx\/tienda\/producto\/tp-link-tg-3468-tarjeta-de-red-tp-link-pci-express-alambrica-1-rj45-gigabit-10-100-1000-mbps-bracket-bajo-perfil\/#breadcrumb","itemListElement":[{"@type":"ListItem","position":1,"name":"Inicio","item":"https:\/\/compuviper.mx\/tienda\/"},{"@type":"ListItem","position":2,"name":"Productos","item":"https:\/\/compuviper.mx\/tienda\/productos\/"},{"@type":"ListItem","position":3,"name":"Redes","item":"https:\/\/compuviper.mx\/tienda\/categoria-producto\/redes\/"},{"@type":"ListItem","position":4,"name":"Tarjetas De Red","item":"https:\/\/compuviper.mx\/tienda\/categoria-producto\/redes\/tarjetas-de-red\/"},{"@type":"ListItem","position":5,"name":"Tp Link Tg-3468 Tarjeta De Red | Tp-link | | Pci Express Alambrica | 1 Rj45 Gigabit 10\/100\/1000 Mbps Bracket Bajo Perfil"}]},{"@type":"WebSite","@id":"https:\/\/compuviper.mx\/tienda\/#website","url":"https:\/\/compuviper.mx\/tienda\/","name":"Compuviper","description":"Proveedor de Computadoras, Laptops, Servidores, Monitores, Puntos de Venta, Teclados,   Impresoras, T\u00f3ner, C\u00e1maras de Seguridad y m\u00e1s en tu tienda en l\u00ednea","publisher":{"@id":"https:\/\/compuviper.mx\/tienda\/#organization"},"potentialAction":[{"@type":"SearchAction","target":{"@type":"EntryPoint","urlTemplate":"https:\/\/compuviper.mx\/tienda\/?s={search_term_string}"},"query-input":"required name=search_term_string"}],"inLanguage":"es-MX"},{"@type":"Organization","@id":"https:\/\/compuviper.mx\/tienda\/#organization","name":"Compuviper","url":"https:\/\/compuviper.mx\/tienda\/","logo":{"@type":"ImageObject","inLanguage":"es-MX","@id":"https:\/\/compuviper.mx\/tienda\/#\/schema\/logo\/image\/","url":"https:\/\/compuviper.mx\/tienda\/wp-content\/uploads\/2021\/08\/Logo-Compuviper-10.png","contentUrl":"https:\/\/compuviper.mx\/tienda\/wp-content\/uploads\/2021\/08\/Logo-Compuviper-10.png","width":1000,"height":500,"caption":"Compuviper"},"image":{"@id":"https:\/\/compuviper.mx\/tienda\/#\/schema\/logo\/image\/"},"sameAs":["https:\/\/www.facebook.com\/compuviper","https:\/\/www.youtube.com\/channel\/UCf73dERp9Y3cfOq7q8BhLjA?view_as=subscriber"]}]},"product_brand":"TP LINK","product_price_amount":"157","product_price_currency":"MXN","og_availability":"instock","product_availability":"instock","product_retailer_item_id":"TG-3468","product_condition":"new"},"_links":{"self":[{"href":"https:\/\/compuviper.mx\/tienda\/wp-json\/wp\/v2\/product\/221557"}],"collection":[{"href":"https:\/\/compuviper.mx\/tienda\/wp-json\/wp\/v2\/product"}],"about":[{"href":"https:\/\/compuviper.mx\/tienda\/wp-json\/wp\/v2\/types\/product"}],"replies":[{"embeddable":true,"href":"https:\/\/compuviper.mx\/tienda\/wp-json\/wp\/v2\/comments?post=221557"}],"wp:featuredmedia":[{"embeddable":true,"href":"https:\/\/compuviper.mx\/tienda\/wp-json\/wp\/v2\/media\/221558"}],"wp:attachment":[{"href":"https:\/\/compuviper.mx\/tienda\/wp-json\/wp\/v2\/media?parent=221557"}],"wp:term":[{"taxonomy":"product_cat","embeddable":true,"href":"https:\/\/compuviper.mx\/tienda\/wp-json\/wp\/v2\/product_cat?post=221557"},{"taxonomy":"product_tag","embeddable":true,"href":"https:\/\/compuviper.mx\/tienda\/wp-json\/wp\/v2\/product_tag?post=221557"}],"curies":[{"name":"wp","href":"https:\/\/api.w.org\/{rel}","templated":true}]}}