{"id":221549,"date":"2026-04-18T01:18:50","date_gmt":"2026-04-18T07:18:50","guid":{"rendered":"https:\/\/compuviper.mx\/tienda\/producto\/tp-link-tl-sf1048-switch-tp-link-48-puertos-rj45-10-100-mbps-no-administrable-para-rack-de-19-pulgadas\/"},"modified":"2026-04-18T01:18:50","modified_gmt":"2026-04-18T07:18:50","slug":"tp-link-tl-sf1048-switch-tp-link-48-puertos-rj45-10-100-mbps-no-administrable-para-rack-de-19-pulgadas","status":"publish","type":"product","link":"https:\/\/compuviper.mx\/tienda\/producto\/tp-link-tl-sf1048-switch-tp-link-48-puertos-rj45-10-100-mbps-no-administrable-para-rack-de-19-pulgadas\/","title":{"rendered":"Tp Link Tl-sf1048 Switch | Tp-link |  | 48 Puertos | Rj45 10\/100 Mbps | No Administrable | Para Rack De 19 Pulgadas"},"content":{"rendered":"<table class=\"descripcion\">\n<tr>\n<td>Caracter\u00edsticas de hardware<\/td>\n<\/tr>\n<tr>\n<td>Est\u00e1ndares y protocolos: ieee 802.3i, ieee 802.3u, ieee 802.3x<\/td>\n<\/tr>\n<tr>\n<td>Interfaz: 48 puertos rj45 de 10 \/ 100mbps (negociaci\u00f3n autom\u00e1tica \/ mdi \/ mdix autom\u00e1tico)<\/td>\n<\/tr>\n<tr>\n<td>Medios de red: cable 3, 4 5, 10base-t: categor\u00eda utp (m\u00e1ximo 100m)<\/td>\n<\/tr>\n<tr>\n<td>100base-tx\/1000base-t: category 5 utp, 5e o sobre cable (m\u00e1ximo 100m)<\/td>\n<\/tr>\n<tr>\n<td>Cantidad de ventiladores: sin ventilador<\/td>\n<\/tr>\n<tr>\n<td>Fuente de alimentaci\u00f3n: 100-240vac, 50 \/ 60hz<\/td>\n<\/tr>\n<tr>\n<td>Consumo de energ\u00eda: m\u00e1ximo: 9.9w (220v\/50hz)<\/td>\n<\/tr>\n<tr>\n<td>Dimensiones (w x d x h): 17.3*7.1*1.7 pulgadas (440*180*44 mm)<\/td>\n<\/tr>\n<tr>\n<td>Montaje: montable en rack<\/td>\n<\/tr>\n<tr>\n<td>Consumo m\u00e1ximo de energ\u00eda: 9.9w (220v \/ 50hz)<\/td>\n<\/tr>\n<tr>\n<td>Disipaci\u00f3n m\u00e1xima de calor: 33.78btu \/ h<\/td>\n<\/tr>\n<tr>\n<td>Rendimiento<\/td>\n<\/tr>\n<tr>\n<td>Capacidad de switcheo: 9.6gbps<\/td>\n<\/tr>\n<tr>\n<td>Tasa de reenv\u00edo de paquetes: 7.14mpps<\/td>\n<\/tr>\n<tr>\n<td>Tabla de mac address: 8k<\/td>\n<\/tr>\n<tr>\n<td>Tecnolog\u00eda verde: tecnolog\u00eda de eficiencia energ\u00e9tica innovadora ahorra energ\u00eda hasta un 50%<\/td>\n<\/tr>\n<tr>\n<td>M\u00e9todo de transferencia: almacenamiento y env\u00edo<\/td>\n<\/tr>\n<tr>\n<td>Otros<\/td>\n<\/tr>\n<tr>\n<td>Certificaci\u00f3n: fcc, ce, rohs<\/td>\n<\/tr>\n<tr>\n<td>Contenidos del paquete: switch con montaje en rack con 48 puertos 10\/100mbps  \/  cable de alimentaci\u00f3n  \/  gu\u00eda de instalaci\u00f3n  \/  kits de montaje   \/  patas de goma<\/td>\n<\/tr>\n<tr>\n<td>Requisitos del sistema: microsoft\u00ae windows\u00ae xp, vista \u00bf, windows 7 o windows 8, mac\u00ae os, netware\u00ae, unix\u00ae o linux.<\/td>\n<\/tr>\n<tr>\n<td>Ambiente: temperatura de funcionamiento: 0\u00bf~40\u00bf (32\u00bf~104\u00bf)  \/  temperatura de almacenamiento: -40\u00bf~70\u00bf (-40\u00bf~158\u00bf)  \/  humedad de funcionamiento: 10%~90% sin condensaci\u00f3n  \/  humedad de almacenamiento: 5%~90% sin condensaci\u00f3n<\/td>\n<\/tr>\n<\/table>\n","protected":false},"excerpt":{"rendered":"<p>Switch de 48 puertos 10\/100 para racks. Tl-sf1048. * 48 puertos rj45 10\/100 mbps. * innovadora tecnolog\u00eda de eficiencia energ\u00e9tica para ahorrar energ\u00eda hasta un 50. * es compatible con direcci\u00f3n mac auto-aprendizaje y auto mdi \/ mdix. * est\u00e1ndar de montaje en rack caja de acero de 19 pulgadas. El switch para montaje en rack de 48 puertos 10 \/ 100mbps tl-sf1048 le proporciona un alto rendimiento, con bajo costo, f\u00e1cil de usar, sin fisuras y actualizado seg\u00fan el est\u00e1ndar para mejorar su antigua red a 100mbps. Los 48 puertos soportan auto mdi \/ mdix, no hay necesidad de preocuparse por el tipo de cable, simplemente conectar y listo. Por otra parte, con la innovadora tecnolog\u00eda de eficiencia energ\u00e9tica, el tl-sf1048 puede ahorrar hasta un 75%* del consumo de energ\u00eda y el 80% del material de embalaje puede ser reciclado, por lo que es una soluci\u00f3n ecol\u00f3gica para su red de negocios. Tecnolog\u00eda ecol\u00f3gica de tp-link. La nueva generaci\u00f3n del switch de 48 puertos 10 \/ 100mbps tl-sf1048 cuenta con las \u00faltimas tecnolog\u00edas de eficiencia energ\u00e9tica innovadoras que pueden ampliar en gran medida su capacidad de red con mucho menos consumo. Se ajusta autom\u00e1ticamente el consumo de energ\u00eda de acuerdo con el estado del enlace y la longitud del cable para limitar la huella de carbono de su red. Tambi\u00e9n cumple con la normativa de rohs de la ue, que proh\u00edbe el uso de ciertos materiales peligrosos. Adem\u00e1s, el 80% del material de embalaje puede ser reciclado. Alto rendimiento. Con una arquitectura de conmutaci\u00f3n sin bloqueos, el tl-sf1048 funciona y filtra paquetes a una alta velocidad por cable para un m\u00e1ximo rendimiento. El control de flujo ieee 802.3x para el modo full duplex y la contrapresi\u00f3n para el modo half duplex ayudan a aliviar la congesti\u00f3n del tr\u00e1fico y a que el tl sf1048 haga un trabajo fiable. F\u00e1cil de usar. Las caracter\u00edsticas autom\u00e1ticas de este switch fast ethernet hacer la instalaci\u00f3n plug and play y sin problemas. No se requiere ninguna configuraci\u00f3n. El auto mdi \/ mdix elimina la necesidad de utilizar cables cruzados. La auto-negociaci\u00f3n en cada puerto detecta la velocidad de enlace de un dispositivo de red (10, 100 mbps) y se ajusta de forma inteligente para asegurar la compatibilidad y un rendimiento \u00f3ptimo.<\/p>\n","protected":false},"featured_media":221550,"comment_status":"open","ping_status":"open","template":"","meta":[],"product_cat":[1563,1564],"product_tag":[1562],"acf":[],"yoast_head":"<!-- This site is optimized with the Yoast SEO plugin v21.7 - https:\/\/yoast.com\/wordpress\/plugins\/seo\/ -->\n<title>[ Tp Link ] &#129351; Tl-sf1048 Switch | Tp-link | | 48 Puertos | Rj45 10\/100 Mbps | No Administrable | Para Rack De 19 Pulgadas<\/title>\n<meta name=\"description\" content=\"Compra Tl-sf1048 Switch | Tp-link | | 48 Puertos | Rj45 10\/100 Mbps | No Administrable | Para Rack De 19 Pulgadas + Env\u00edo a domicilio + Pago seguro + Garant\u00eda\" \/>\n<meta name=\"robots\" content=\"index, follow, max-snippet:-1, max-image-preview:large, max-video-preview:-1\" \/>\n<link rel=\"canonical\" href=\"https:\/\/compuviper.mx\/tienda\/producto\/tp-link-tl-sf1048-switch-tp-link-48-puertos-rj45-10-100-mbps-no-administrable-para-rack-de-19-pulgadas\/\" \/>\n<meta property=\"og:locale\" content=\"es_MX\" \/>\n<meta property=\"og:type\" content=\"article\" \/>\n<meta property=\"og:title\" content=\"[ Tp Link ] &#129351; Tl-sf1048 Switch | Tp-link | | 48 Puertos | Rj45 10\/100 Mbps | No Administrable | Para Rack De 19 Pulgadas\" \/>\n<meta property=\"og:description\" content=\"Compra Tl-sf1048 Switch | Tp-link | | 48 Puertos | Rj45 10\/100 Mbps | No Administrable | Para Rack De 19 Pulgadas + Env\u00edo a domicilio + Pago seguro + Garant\u00eda\" \/>\n<meta property=\"og:url\" content=\"https:\/\/compuviper.mx\/tienda\/producto\/tp-link-tl-sf1048-switch-tp-link-48-puertos-rj45-10-100-mbps-no-administrable-para-rack-de-19-pulgadas\/\" \/>\n<meta property=\"og:site_name\" content=\"Compuviper\" \/>\n<meta property=\"article:publisher\" content=\"https:\/\/www.facebook.com\/compuviper\" \/>\n<meta property=\"og:image\" content=\"https:\/\/compuviper.mx\/tienda\/wp-content\/uploads\/2023\/12\/Switch-tp-link-tl-sf1048-48-puertos-rj45-10100-mbps-no-administrable-para-rack-de-19-pulgadas.jpg\" \/>\n\t<meta property=\"og:image:width\" content=\"200\" \/>\n\t<meta property=\"og:image:height\" content=\"200\" \/>\n\t<meta property=\"og:image:type\" content=\"image\/jpeg\" \/>\n<meta name=\"twitter:card\" content=\"summary_large_image\" \/>\n<meta name=\"twitter:label1\" content=\"Precio\" \/>\n\t<meta name=\"twitter:data1\" content=\"&#36;2,117 con IVA\" \/>\n\t<meta name=\"twitter:label2\" content=\"Availability\" \/>\n\t<meta name=\"twitter:data2\" content=\"On backorder\" \/>\n<script type=\"application\/ld+json\" class=\"yoast-schema-graph\">{\"@context\":\"https:\/\/schema.org\",\"@graph\":[{\"@type\":\"WebPage\",\"@id\":\"https:\/\/compuviper.mx\/tienda\/producto\/tp-link-tl-sf1048-switch-tp-link-48-puertos-rj45-10-100-mbps-no-administrable-para-rack-de-19-pulgadas\/\",\"url\":\"https:\/\/compuviper.mx\/tienda\/producto\/tp-link-tl-sf1048-switch-tp-link-48-puertos-rj45-10-100-mbps-no-administrable-para-rack-de-19-pulgadas\/\",\"name\":\"[ Tp Link ] &#129351; Tl-sf1048 Switch | Tp-link | | 48 Puertos | Rj45 10\/100 Mbps | No Administrable | Para Rack De 19 Pulgadas\",\"isPartOf\":{\"@id\":\"https:\/\/compuviper.mx\/tienda\/#website\"},\"datePublished\":\"2026-04-18T07:18:50+00:00\",\"dateModified\":\"2026-04-18T07:18:50+00:00\",\"description\":\"Compra Tl-sf1048 Switch | Tp-link | | 48 Puertos | Rj45 10\/100 Mbps | No Administrable | Para Rack De 19 Pulgadas + Env\u00edo a domicilio + Pago seguro + Garant\u00eda\",\"breadcrumb\":{\"@id\":\"https:\/\/compuviper.mx\/tienda\/producto\/tp-link-tl-sf1048-switch-tp-link-48-puertos-rj45-10-100-mbps-no-administrable-para-rack-de-19-pulgadas\/#breadcrumb\"},\"inLanguage\":\"es-MX\",\"potentialAction\":[{\"@type\":\"ReadAction\",\"target\":[\"https:\/\/compuviper.mx\/tienda\/producto\/tp-link-tl-sf1048-switch-tp-link-48-puertos-rj45-10-100-mbps-no-administrable-para-rack-de-19-pulgadas\/\"]}]},{\"@type\":\"BreadcrumbList\",\"@id\":\"https:\/\/compuviper.mx\/tienda\/producto\/tp-link-tl-sf1048-switch-tp-link-48-puertos-rj45-10-100-mbps-no-administrable-para-rack-de-19-pulgadas\/#breadcrumb\",\"itemListElement\":[{\"@type\":\"ListItem\",\"position\":1,\"name\":\"Inicio\",\"item\":\"https:\/\/compuviper.mx\/tienda\/\"},{\"@type\":\"ListItem\",\"position\":2,\"name\":\"Productos\",\"item\":\"https:\/\/compuviper.mx\/tienda\/productos\/\"},{\"@type\":\"ListItem\",\"position\":3,\"name\":\"Redes\",\"item\":\"https:\/\/compuviper.mx\/tienda\/categoria-producto\/redes\/\"},{\"@type\":\"ListItem\",\"position\":4,\"name\":\"Switch\",\"item\":\"https:\/\/compuviper.mx\/tienda\/categoria-producto\/redes\/switch\/\"},{\"@type\":\"ListItem\",\"position\":5,\"name\":\"Tp Link Tl-sf1048 Switch | Tp-link | | 48 Puertos | Rj45 10\/100 Mbps | No Administrable | Para Rack De 19 Pulgadas\"}]},{\"@type\":\"WebSite\",\"@id\":\"https:\/\/compuviper.mx\/tienda\/#website\",\"url\":\"https:\/\/compuviper.mx\/tienda\/\",\"name\":\"Compuviper\",\"description\":\"Proveedor de Computadoras, Laptops, Servidores, Monitores, Puntos de Venta, Teclados,   Impresoras, T\u00f3ner, C\u00e1maras de Seguridad y m\u00e1s en tu tienda en l\u00ednea\",\"publisher\":{\"@id\":\"https:\/\/compuviper.mx\/tienda\/#organization\"},\"potentialAction\":[{\"@type\":\"SearchAction\",\"target\":{\"@type\":\"EntryPoint\",\"urlTemplate\":\"https:\/\/compuviper.mx\/tienda\/?s={search_term_string}\"},\"query-input\":\"required name=search_term_string\"}],\"inLanguage\":\"es-MX\"},{\"@type\":\"Organization\",\"@id\":\"https:\/\/compuviper.mx\/tienda\/#organization\",\"name\":\"Compuviper\",\"url\":\"https:\/\/compuviper.mx\/tienda\/\",\"logo\":{\"@type\":\"ImageObject\",\"inLanguage\":\"es-MX\",\"@id\":\"https:\/\/compuviper.mx\/tienda\/#\/schema\/logo\/image\/\",\"url\":\"https:\/\/compuviper.mx\/tienda\/wp-content\/uploads\/2021\/08\/Logo-Compuviper-10.png\",\"contentUrl\":\"https:\/\/compuviper.mx\/tienda\/wp-content\/uploads\/2021\/08\/Logo-Compuviper-10.png\",\"width\":1000,\"height\":500,\"caption\":\"Compuviper\"},\"image\":{\"@id\":\"https:\/\/compuviper.mx\/tienda\/#\/schema\/logo\/image\/\"},\"sameAs\":[\"https:\/\/www.facebook.com\/compuviper\",\"https:\/\/www.youtube.com\/channel\/UCf73dERp9Y3cfOq7q8BhLjA?view_as=subscriber\"]}]}<\/script>\n<meta property=\"product:brand\" content=\"TP LINK\" \/>\n<meta property=\"product:price:amount\" content=\"2117\" \/>\n<meta property=\"product:price:currency\" content=\"MXN\" \/>\n<meta property=\"og:availability\" content=\"backorder\" \/>\n<meta property=\"product:availability\" content=\"available for order\" \/>\n<meta property=\"product:retailer_item_id\" content=\"TL-SF1048\" \/>\n<meta property=\"product:condition\" content=\"new\" \/>\n<!-- \/ Yoast SEO plugin. -->","yoast_head_json":{"title":"[ Tp Link ] &#129351; Tl-sf1048 Switch | Tp-link | | 48 Puertos | Rj45 10\/100 Mbps | No Administrable | Para Rack De 19 Pulgadas","description":"Compra Tl-sf1048 Switch | Tp-link | | 48 Puertos | Rj45 10\/100 Mbps | No Administrable | Para Rack De 19 Pulgadas + Env\u00edo a domicilio + Pago seguro + Garant\u00eda","robots":{"index":"index","follow":"follow","max-snippet":"max-snippet:-1","max-image-preview":"max-image-preview:large","max-video-preview":"max-video-preview:-1"},"canonical":"https:\/\/compuviper.mx\/tienda\/producto\/tp-link-tl-sf1048-switch-tp-link-48-puertos-rj45-10-100-mbps-no-administrable-para-rack-de-19-pulgadas\/","og_locale":"es_MX","og_type":"article","og_title":"[ Tp Link ] &#129351; Tl-sf1048 Switch | Tp-link | | 48 Puertos | Rj45 10\/100 Mbps | No Administrable | Para Rack De 19 Pulgadas","og_description":"Compra Tl-sf1048 Switch | Tp-link | | 48 Puertos | Rj45 10\/100 Mbps | No Administrable | Para Rack De 19 Pulgadas + Env\u00edo a domicilio + Pago seguro + Garant\u00eda","og_url":"https:\/\/compuviper.mx\/tienda\/producto\/tp-link-tl-sf1048-switch-tp-link-48-puertos-rj45-10-100-mbps-no-administrable-para-rack-de-19-pulgadas\/","og_site_name":"Compuviper","article_publisher":"https:\/\/www.facebook.com\/compuviper","og_image":[{"width":200,"height":200,"url":"https:\/\/compuviper.mx\/tienda\/wp-content\/uploads\/2023\/12\/Switch-tp-link-tl-sf1048-48-puertos-rj45-10100-mbps-no-administrable-para-rack-de-19-pulgadas.jpg","type":"image\/jpeg"}],"twitter_card":"summary_large_image","twitter_misc":{"Precio":"&#36;2,117 con IVA","Availability":"On backorder"},"schema":{"@context":"https:\/\/schema.org","@graph":[{"@type":"WebPage","@id":"https:\/\/compuviper.mx\/tienda\/producto\/tp-link-tl-sf1048-switch-tp-link-48-puertos-rj45-10-100-mbps-no-administrable-para-rack-de-19-pulgadas\/","url":"https:\/\/compuviper.mx\/tienda\/producto\/tp-link-tl-sf1048-switch-tp-link-48-puertos-rj45-10-100-mbps-no-administrable-para-rack-de-19-pulgadas\/","name":"[ Tp Link ] &#129351; Tl-sf1048 Switch | Tp-link | | 48 Puertos | Rj45 10\/100 Mbps | No Administrable | Para Rack De 19 Pulgadas","isPartOf":{"@id":"https:\/\/compuviper.mx\/tienda\/#website"},"datePublished":"2026-04-18T07:18:50+00:00","dateModified":"2026-04-18T07:18:50+00:00","description":"Compra Tl-sf1048 Switch | Tp-link | | 48 Puertos | Rj45 10\/100 Mbps | No Administrable | Para Rack De 19 Pulgadas + Env\u00edo a domicilio + Pago seguro + Garant\u00eda","breadcrumb":{"@id":"https:\/\/compuviper.mx\/tienda\/producto\/tp-link-tl-sf1048-switch-tp-link-48-puertos-rj45-10-100-mbps-no-administrable-para-rack-de-19-pulgadas\/#breadcrumb"},"inLanguage":"es-MX","potentialAction":[{"@type":"ReadAction","target":["https:\/\/compuviper.mx\/tienda\/producto\/tp-link-tl-sf1048-switch-tp-link-48-puertos-rj45-10-100-mbps-no-administrable-para-rack-de-19-pulgadas\/"]}]},{"@type":"BreadcrumbList","@id":"https:\/\/compuviper.mx\/tienda\/producto\/tp-link-tl-sf1048-switch-tp-link-48-puertos-rj45-10-100-mbps-no-administrable-para-rack-de-19-pulgadas\/#breadcrumb","itemListElement":[{"@type":"ListItem","position":1,"name":"Inicio","item":"https:\/\/compuviper.mx\/tienda\/"},{"@type":"ListItem","position":2,"name":"Productos","item":"https:\/\/compuviper.mx\/tienda\/productos\/"},{"@type":"ListItem","position":3,"name":"Redes","item":"https:\/\/compuviper.mx\/tienda\/categoria-producto\/redes\/"},{"@type":"ListItem","position":4,"name":"Switch","item":"https:\/\/compuviper.mx\/tienda\/categoria-producto\/redes\/switch\/"},{"@type":"ListItem","position":5,"name":"Tp Link Tl-sf1048 Switch | Tp-link | | 48 Puertos | Rj45 10\/100 Mbps | No Administrable | Para Rack De 19 Pulgadas"}]},{"@type":"WebSite","@id":"https:\/\/compuviper.mx\/tienda\/#website","url":"https:\/\/compuviper.mx\/tienda\/","name":"Compuviper","description":"Proveedor de Computadoras, Laptops, Servidores, Monitores, Puntos de Venta, Teclados,   Impresoras, T\u00f3ner, C\u00e1maras de Seguridad y m\u00e1s en tu tienda en l\u00ednea","publisher":{"@id":"https:\/\/compuviper.mx\/tienda\/#organization"},"potentialAction":[{"@type":"SearchAction","target":{"@type":"EntryPoint","urlTemplate":"https:\/\/compuviper.mx\/tienda\/?s={search_term_string}"},"query-input":"required name=search_term_string"}],"inLanguage":"es-MX"},{"@type":"Organization","@id":"https:\/\/compuviper.mx\/tienda\/#organization","name":"Compuviper","url":"https:\/\/compuviper.mx\/tienda\/","logo":{"@type":"ImageObject","inLanguage":"es-MX","@id":"https:\/\/compuviper.mx\/tienda\/#\/schema\/logo\/image\/","url":"https:\/\/compuviper.mx\/tienda\/wp-content\/uploads\/2021\/08\/Logo-Compuviper-10.png","contentUrl":"https:\/\/compuviper.mx\/tienda\/wp-content\/uploads\/2021\/08\/Logo-Compuviper-10.png","width":1000,"height":500,"caption":"Compuviper"},"image":{"@id":"https:\/\/compuviper.mx\/tienda\/#\/schema\/logo\/image\/"},"sameAs":["https:\/\/www.facebook.com\/compuviper","https:\/\/www.youtube.com\/channel\/UCf73dERp9Y3cfOq7q8BhLjA?view_as=subscriber"]}]},"product_brand":"TP LINK","product_price_amount":"2117","product_price_currency":"MXN","og_availability":"backorder","product_availability":"available for order","product_retailer_item_id":"TL-SF1048","product_condition":"new"},"_links":{"self":[{"href":"https:\/\/compuviper.mx\/tienda\/wp-json\/wp\/v2\/product\/221549"}],"collection":[{"href":"https:\/\/compuviper.mx\/tienda\/wp-json\/wp\/v2\/product"}],"about":[{"href":"https:\/\/compuviper.mx\/tienda\/wp-json\/wp\/v2\/types\/product"}],"replies":[{"embeddable":true,"href":"https:\/\/compuviper.mx\/tienda\/wp-json\/wp\/v2\/comments?post=221549"}],"wp:featuredmedia":[{"embeddable":true,"href":"https:\/\/compuviper.mx\/tienda\/wp-json\/wp\/v2\/media\/221550"}],"wp:attachment":[{"href":"https:\/\/compuviper.mx\/tienda\/wp-json\/wp\/v2\/media?parent=221549"}],"wp:term":[{"taxonomy":"product_cat","embeddable":true,"href":"https:\/\/compuviper.mx\/tienda\/wp-json\/wp\/v2\/product_cat?post=221549"},{"taxonomy":"product_tag","embeddable":true,"href":"https:\/\/compuviper.mx\/tienda\/wp-json\/wp\/v2\/product_tag?post=221549"}],"curies":[{"name":"wp","href":"https:\/\/api.w.org\/{rel}","templated":true}]}}