{"id":221545,"date":"2026-04-18T01:18:49","date_gmt":"2026-04-18T07:18:49","guid":{"rendered":"https:\/\/compuviper.mx\/tienda\/producto\/tp-link-tl-sg1008d-switch-tp-link-8-puertos-gigabit-no-administrable-para-escritorio\/"},"modified":"2026-04-18T01:18:49","modified_gmt":"2026-04-18T07:18:49","slug":"tp-link-tl-sg1008d-switch-tp-link-omada-8ge-desktop-unmanagement","status":"publish","type":"product","link":"https:\/\/compuviper.mx\/tienda\/producto\/tp-link-tl-sg1008d-switch-tp-link-omada-8ge-desktop-unmanagement\/","title":{"rendered":"Tp Link Tl-sg1008d Switch Tp-link  Omada 8ge Desktop Unmanagement"},"content":{"rendered":"<table class=\"descripcion\">\n<tr>\n<td>Caracter\u00edsticas de hardware<\/td>\n<\/tr>\n<tr>\n<td>Est\u00e1ndares y protocolos: ieee 802.3  \/  ieee 802.3u  \/  ieee 802.3ab  \/  ieee 802.3x<\/td>\n<\/tr>\n<tr>\n<td>Interfaz: 8 puertos rj45 de 10\/100 \/ 1000mbps  \/  auto negociaci\u00f3n \/ auto mdi \/ mdix<\/td>\n<\/tr>\n<tr>\n<td>Cantidad de ventiladores: sin ventilador<\/td>\n<\/tr>\n<tr>\n<td>Consumo de energ\u00eda: m\u00e1ximo: 4.63w (220v\/50hz)<\/td>\n<\/tr>\n<tr>\n<td>Fuente de alimentaci\u00f3n externa: 100-240vac, 50 \/ 60hz<\/td>\n<\/tr>\n<tr>\n<td>Tama\u00f1o de b\u00fafer: 2 mbit<\/td>\n<\/tr>\n<tr>\n<td>Marco jumbo: 15 kb<\/td>\n<\/tr>\n<tr>\n<td>Capacidad de switcheo: 16 gbps<\/td>\n<\/tr>\n<tr>\n<td>Dimensiones (w x d x h): 7.1 * 3.5 * 1.0 pulgadas (180 * 90 * 25.5 mm)<\/td>\n<\/tr>\n<tr>\n<td>Consumo m\u00e1ximo de energ\u00eda: 4.63w (220v \/ 50hz)<\/td>\n<\/tr>\n<tr>\n<td>Disipaci\u00f3n m\u00e1xima de calor: 15.80btu \/ h<\/td>\n<\/tr>\n<tr>\n<td>Caracter\u00edsticas de software<\/td>\n<\/tr>\n<tr>\n<td>M\u00e9todo de transferencia: almacenamiento de env\u00edo<\/td>\n<\/tr>\n<tr>\n<td>Tabla de direcciones mac: 8k<\/td>\n<\/tr>\n<tr>\n<td>Funciones avanzadas: tecnolog\u00eda ecol\u00f3gica, ahorro de energ\u00eda de hasta un 80%<\/td>\n<\/tr>\n<tr>\n<td>802.3x control de flujo, presi\u00f3n trasera<\/td>\n<\/tr>\n<tr>\n<td>Otros<\/td>\n<\/tr>\n<tr>\n<td>Certificaci\u00f3n: fcc, ce, rohs<\/td>\n<\/tr>\n<tr>\n<td>Contenidos del paquete: switch de 8 puertos gigabit  \/  adaptador de poder  \/  gu\u00eda de instalaci\u00f3n<\/td>\n<\/tr>\n<tr>\n<td>Ambiente: temperatura de funcionamiento: 0\u00bf~40\u00bf (32\u00bf~104\u00bf)  \/  temperatura de almacenamiento: -40\u00bf~70\u00bf (-40\u00bf~158\u00bf)  \/  humedad de funcionamiento: 10%~90% sin condensaci\u00f3n  \/  humedad de almacenamiento: 5%~90% sin condensaci\u00f3n<\/td>\n<\/tr>\n<\/table>\n","protected":false},"excerpt":{"rendered":"<p>Gigabit switch de 8 puertos de escritorio. Tl-sg1008d. * 8 puertos rj45gigabit con auto-negociaci\u00f3n, compatible con auto mdi \/ mdix. * tecnolog\u00eda green ethernet ahorra la energ\u00eda hasta un 80. * caja de pl\u00e1stico, dise\u00f1o de montaje de escritorio o en pared. * plug and play, sin necesidad de configuraci\u00f3n. El tl-sg1008d de tp-link es un switch de sobremesa con 8 puertos gigabit que le permite migrar f\u00e1cilmente su red a la tecnolog\u00eda gigabit ethernet. Aumente tanto la velocidad de su servidor de red como la de las conexiones troncales o lleve la experiencia gigabit a su escritorio. Adicionalmente, el dise\u00f1o del tl-sg1008d le permite reducir su consumo el\u00e9ctrico. Gracias a su innovadora tecnolog\u00eda de eficiencia energ\u00e9tica, el tl-sg1008d ahorra hasta un 80%* de energ\u00eda el\u00e9ctrica, lo que lo convierte en una soluci\u00f3n ecol\u00f3gica para la red de su hogar o lugar de trabajo. Switch gigabit. El tl-sg1008d dispone de 8 puertos a 10\/100\/1000 mbps que le permiten ampliar significativamente la capacidad de su red y disfrutar de unas velocidades de transferencia instant\u00e1neas cuando se manejan archivos de gran tama\u00f1o. De este modo, los usuarios m\u00e1s avanzados disponen del ancho de banda suficiente para transferir archivos de grandes dimensiones, ya sea en un entorno dom\u00e9stico, oficina, grupo de trabajo o de producci\u00f3n creativa. Transfiera archivos gr\u00e1ficos, cgi, cad o multimedia en un instante a trav\u00e9s de la red. Convierta su red ethernet en ecol\u00f3gica. Ahora tiene la oportunidad de convertir su red en ecol\u00f3gica al mismo tiempo que la actualiza a la tecnolog\u00eda gigabit. El switch de nueva generaci\u00f3n equipado con 8 puertos gigabit tl-sg1008d incorpora la m\u00e1s innovadora y reciente tecnolog\u00eda de eficiencia energ\u00e9tica. Ello le permite ampliar la capacidad de su red empleando mucha menos energ\u00eda el\u00e9ctrica. Ajusta autom\u00e1ticamente el consumo de energ\u00eda de acuerdo con el estado del enlace y la longitud del cable, limitando as\u00ed la huella de carbono de su red. Apagado de puertos no activos. En un switch tradicional, cuando se apaga un ordenador u otro dispositivo de red, el puerto correspondiente contin\u00faa consumiendo una considerable cantidad de energ\u00eda. El tl-sg1008d detecta autom\u00e1ticamente el estado de la conexi\u00f3n de cada uno de los puertos y reduce el consumo el\u00e9ctrico de aquellos que no est\u00e1n activos, lo que permite disminuir el consumo el\u00e9ctrico hasta en un 80%. Consumo acorde con la longitud del cable. Idealmente, un cable de menor longitud deber\u00eda consumir menos energ\u00eda debido a que la p\u00e9rdida de \u00e9sta es menor. Sin embargo, esto no es as\u00ed en la mayor\u00eda de los dispositivos ya que \u00e9stos emplean la misma energ\u00eda independientemente de la longitud de cable. F\u00e1cil de usar. Las funcionalidades autom\u00e1ticas de este switch gigabit posibilitan una instalaci\u00f3n plug and play sin complicaciones. No es necesaria ninguna configuraci\u00f3n. Auto mdi\/mdix eliminate the need for crossover cables. La funci\u00f3n de detecci\u00f3n autom\u00e1tica de los puertos identifica la velocidad de enlace del dispositivo de red (10, 100 o 1000 mbps) y la ajusta de forma inteligente a fin de garantizar la compatibilidad y el mejor rendimiento. * ahorro m\u00e1ximo de energ\u00eda comparado con un switch tradicional de tp-link. El porcentaje de ahorro final puede variar dependiendo de las condiciones de uso.<\/p>\n","protected":false},"featured_media":221546,"comment_status":"open","ping_status":"open","template":"","meta":[],"product_cat":[1563,1564],"product_tag":[1562],"acf":[],"yoast_head":"<!-- This site is optimized with the Yoast SEO plugin v21.7 - https:\/\/yoast.com\/wordpress\/plugins\/seo\/ -->\n<title>[ Tp Link ] &#129351; Tl-sg1008d Switch Tp-link Omada 8ge Desktop Unmanagement<\/title>\n<meta name=\"description\" content=\"Compra Tl-sg1008d Switch Tp-link Omada 8ge Desktop Unmanagement + Env\u00edo a domicilio + Pago seguro + Garant\u00eda\" \/>\n<meta name=\"robots\" content=\"index, follow, max-snippet:-1, max-image-preview:large, max-video-preview:-1\" \/>\n<link rel=\"canonical\" href=\"https:\/\/compuviper.mx\/tienda\/producto\/tp-link-tl-sg1008d-switch-tp-link-omada-8ge-desktop-unmanagement\/\" \/>\n<meta property=\"og:locale\" content=\"es_MX\" \/>\n<meta property=\"og:type\" content=\"article\" \/>\n<meta property=\"og:title\" content=\"[ Tp Link ] &#129351; Tl-sg1008d Switch Tp-link Omada 8ge Desktop Unmanagement\" \/>\n<meta property=\"og:description\" content=\"Compra Tl-sg1008d Switch Tp-link Omada 8ge Desktop Unmanagement + Env\u00edo a domicilio + Pago seguro + Garant\u00eda\" \/>\n<meta property=\"og:url\" content=\"https:\/\/compuviper.mx\/tienda\/producto\/tp-link-tl-sg1008d-switch-tp-link-omada-8ge-desktop-unmanagement\/\" \/>\n<meta property=\"og:site_name\" content=\"Compuviper\" \/>\n<meta property=\"article:publisher\" content=\"https:\/\/www.facebook.com\/compuviper\" \/>\n<meta property=\"og:image\" content=\"https:\/\/compuviper.mx\/tienda\/wp-content\/uploads\/2023\/12\/Switch-tp-link-tl-sg1008d-8-puertos-gigabit-no-administrable-para-escritorio.jpg\" \/>\n\t<meta property=\"og:image:width\" content=\"200\" \/>\n\t<meta property=\"og:image:height\" content=\"200\" \/>\n\t<meta property=\"og:image:type\" content=\"image\/jpeg\" \/>\n<meta name=\"twitter:card\" content=\"summary_large_image\" \/>\n<meta name=\"twitter:label1\" content=\"Precio\" \/>\n\t<meta name=\"twitter:data1\" content=\"&#36;367 con IVA\" \/>\n\t<meta name=\"twitter:label2\" content=\"Availability\" \/>\n\t<meta name=\"twitter:data2\" content=\"In stock\" \/>\n<script type=\"application\/ld+json\" class=\"yoast-schema-graph\">{\"@context\":\"https:\/\/schema.org\",\"@graph\":[{\"@type\":\"WebPage\",\"@id\":\"https:\/\/compuviper.mx\/tienda\/producto\/tp-link-tl-sg1008d-switch-tp-link-omada-8ge-desktop-unmanagement\/\",\"url\":\"https:\/\/compuviper.mx\/tienda\/producto\/tp-link-tl-sg1008d-switch-tp-link-omada-8ge-desktop-unmanagement\/\",\"name\":\"[ Tp Link ] &#129351; Tl-sg1008d Switch Tp-link Omada 8ge Desktop Unmanagement\",\"isPartOf\":{\"@id\":\"https:\/\/compuviper.mx\/tienda\/#website\"},\"datePublished\":\"2026-04-18T07:18:49+00:00\",\"dateModified\":\"2026-04-18T07:18:49+00:00\",\"description\":\"Compra Tl-sg1008d Switch Tp-link Omada 8ge Desktop Unmanagement + Env\u00edo a domicilio + Pago seguro + Garant\u00eda\",\"breadcrumb\":{\"@id\":\"https:\/\/compuviper.mx\/tienda\/producto\/tp-link-tl-sg1008d-switch-tp-link-omada-8ge-desktop-unmanagement\/#breadcrumb\"},\"inLanguage\":\"es-MX\",\"potentialAction\":[{\"@type\":\"ReadAction\",\"target\":[\"https:\/\/compuviper.mx\/tienda\/producto\/tp-link-tl-sg1008d-switch-tp-link-omada-8ge-desktop-unmanagement\/\"]}]},{\"@type\":\"BreadcrumbList\",\"@id\":\"https:\/\/compuviper.mx\/tienda\/producto\/tp-link-tl-sg1008d-switch-tp-link-omada-8ge-desktop-unmanagement\/#breadcrumb\",\"itemListElement\":[{\"@type\":\"ListItem\",\"position\":1,\"name\":\"Inicio\",\"item\":\"https:\/\/compuviper.mx\/tienda\/\"},{\"@type\":\"ListItem\",\"position\":2,\"name\":\"Productos\",\"item\":\"https:\/\/compuviper.mx\/tienda\/productos\/\"},{\"@type\":\"ListItem\",\"position\":3,\"name\":\"Redes\",\"item\":\"https:\/\/compuviper.mx\/tienda\/categoria-producto\/redes\/\"},{\"@type\":\"ListItem\",\"position\":4,\"name\":\"Switch\",\"item\":\"https:\/\/compuviper.mx\/tienda\/categoria-producto\/redes\/switch\/\"},{\"@type\":\"ListItem\",\"position\":5,\"name\":\"Tp Link Tl-sg1008d Switch Tp-link Omada 8ge Desktop Unmanagement\"}]},{\"@type\":\"WebSite\",\"@id\":\"https:\/\/compuviper.mx\/tienda\/#website\",\"url\":\"https:\/\/compuviper.mx\/tienda\/\",\"name\":\"Compuviper\",\"description\":\"Proveedor de Computadoras, Laptops, Servidores, Monitores, Puntos de Venta, Teclados,   Impresoras, T\u00f3ner, C\u00e1maras de Seguridad y m\u00e1s en tu tienda en l\u00ednea\",\"publisher\":{\"@id\":\"https:\/\/compuviper.mx\/tienda\/#organization\"},\"potentialAction\":[{\"@type\":\"SearchAction\",\"target\":{\"@type\":\"EntryPoint\",\"urlTemplate\":\"https:\/\/compuviper.mx\/tienda\/?s={search_term_string}\"},\"query-input\":\"required name=search_term_string\"}],\"inLanguage\":\"es-MX\"},{\"@type\":\"Organization\",\"@id\":\"https:\/\/compuviper.mx\/tienda\/#organization\",\"name\":\"Compuviper\",\"url\":\"https:\/\/compuviper.mx\/tienda\/\",\"logo\":{\"@type\":\"ImageObject\",\"inLanguage\":\"es-MX\",\"@id\":\"https:\/\/compuviper.mx\/tienda\/#\/schema\/logo\/image\/\",\"url\":\"https:\/\/compuviper.mx\/tienda\/wp-content\/uploads\/2021\/08\/Logo-Compuviper-10.png\",\"contentUrl\":\"https:\/\/compuviper.mx\/tienda\/wp-content\/uploads\/2021\/08\/Logo-Compuviper-10.png\",\"width\":1000,\"height\":500,\"caption\":\"Compuviper\"},\"image\":{\"@id\":\"https:\/\/compuviper.mx\/tienda\/#\/schema\/logo\/image\/\"},\"sameAs\":[\"https:\/\/www.facebook.com\/compuviper\",\"https:\/\/www.youtube.com\/channel\/UCf73dERp9Y3cfOq7q8BhLjA?view_as=subscriber\"]}]}<\/script>\n<meta property=\"product:brand\" content=\"TP LINK\" \/>\n<meta property=\"product:price:amount\" content=\"367\" \/>\n<meta property=\"product:price:currency\" content=\"MXN\" \/>\n<meta property=\"og:availability\" content=\"instock\" \/>\n<meta property=\"product:availability\" content=\"instock\" \/>\n<meta property=\"product:retailer_item_id\" content=\"TL-SG1008D\" \/>\n<meta property=\"product:condition\" content=\"new\" \/>\n<!-- \/ Yoast SEO plugin. -->","yoast_head_json":{"title":"[ Tp Link ] &#129351; Tl-sg1008d Switch Tp-link Omada 8ge Desktop Unmanagement","description":"Compra Tl-sg1008d Switch Tp-link Omada 8ge Desktop Unmanagement + Env\u00edo a domicilio + Pago seguro + Garant\u00eda","robots":{"index":"index","follow":"follow","max-snippet":"max-snippet:-1","max-image-preview":"max-image-preview:large","max-video-preview":"max-video-preview:-1"},"canonical":"https:\/\/compuviper.mx\/tienda\/producto\/tp-link-tl-sg1008d-switch-tp-link-omada-8ge-desktop-unmanagement\/","og_locale":"es_MX","og_type":"article","og_title":"[ Tp Link ] &#129351; Tl-sg1008d Switch Tp-link Omada 8ge Desktop Unmanagement","og_description":"Compra Tl-sg1008d Switch Tp-link Omada 8ge Desktop Unmanagement + Env\u00edo a domicilio + Pago seguro + Garant\u00eda","og_url":"https:\/\/compuviper.mx\/tienda\/producto\/tp-link-tl-sg1008d-switch-tp-link-omada-8ge-desktop-unmanagement\/","og_site_name":"Compuviper","article_publisher":"https:\/\/www.facebook.com\/compuviper","og_image":[{"width":200,"height":200,"url":"https:\/\/compuviper.mx\/tienda\/wp-content\/uploads\/2023\/12\/Switch-tp-link-tl-sg1008d-8-puertos-gigabit-no-administrable-para-escritorio.jpg","type":"image\/jpeg"}],"twitter_card":"summary_large_image","twitter_misc":{"Precio":"&#36;367 con IVA","Availability":"In stock"},"schema":{"@context":"https:\/\/schema.org","@graph":[{"@type":"WebPage","@id":"https:\/\/compuviper.mx\/tienda\/producto\/tp-link-tl-sg1008d-switch-tp-link-omada-8ge-desktop-unmanagement\/","url":"https:\/\/compuviper.mx\/tienda\/producto\/tp-link-tl-sg1008d-switch-tp-link-omada-8ge-desktop-unmanagement\/","name":"[ Tp Link ] &#129351; Tl-sg1008d Switch Tp-link Omada 8ge Desktop Unmanagement","isPartOf":{"@id":"https:\/\/compuviper.mx\/tienda\/#website"},"datePublished":"2026-04-18T07:18:49+00:00","dateModified":"2026-04-18T07:18:49+00:00","description":"Compra Tl-sg1008d Switch Tp-link Omada 8ge Desktop Unmanagement + Env\u00edo a domicilio + Pago seguro + Garant\u00eda","breadcrumb":{"@id":"https:\/\/compuviper.mx\/tienda\/producto\/tp-link-tl-sg1008d-switch-tp-link-omada-8ge-desktop-unmanagement\/#breadcrumb"},"inLanguage":"es-MX","potentialAction":[{"@type":"ReadAction","target":["https:\/\/compuviper.mx\/tienda\/producto\/tp-link-tl-sg1008d-switch-tp-link-omada-8ge-desktop-unmanagement\/"]}]},{"@type":"BreadcrumbList","@id":"https:\/\/compuviper.mx\/tienda\/producto\/tp-link-tl-sg1008d-switch-tp-link-omada-8ge-desktop-unmanagement\/#breadcrumb","itemListElement":[{"@type":"ListItem","position":1,"name":"Inicio","item":"https:\/\/compuviper.mx\/tienda\/"},{"@type":"ListItem","position":2,"name":"Productos","item":"https:\/\/compuviper.mx\/tienda\/productos\/"},{"@type":"ListItem","position":3,"name":"Redes","item":"https:\/\/compuviper.mx\/tienda\/categoria-producto\/redes\/"},{"@type":"ListItem","position":4,"name":"Switch","item":"https:\/\/compuviper.mx\/tienda\/categoria-producto\/redes\/switch\/"},{"@type":"ListItem","position":5,"name":"Tp Link Tl-sg1008d Switch Tp-link Omada 8ge Desktop Unmanagement"}]},{"@type":"WebSite","@id":"https:\/\/compuviper.mx\/tienda\/#website","url":"https:\/\/compuviper.mx\/tienda\/","name":"Compuviper","description":"Proveedor de Computadoras, Laptops, Servidores, Monitores, Puntos de Venta, Teclados,   Impresoras, T\u00f3ner, C\u00e1maras de Seguridad y m\u00e1s en tu tienda en l\u00ednea","publisher":{"@id":"https:\/\/compuviper.mx\/tienda\/#organization"},"potentialAction":[{"@type":"SearchAction","target":{"@type":"EntryPoint","urlTemplate":"https:\/\/compuviper.mx\/tienda\/?s={search_term_string}"},"query-input":"required name=search_term_string"}],"inLanguage":"es-MX"},{"@type":"Organization","@id":"https:\/\/compuviper.mx\/tienda\/#organization","name":"Compuviper","url":"https:\/\/compuviper.mx\/tienda\/","logo":{"@type":"ImageObject","inLanguage":"es-MX","@id":"https:\/\/compuviper.mx\/tienda\/#\/schema\/logo\/image\/","url":"https:\/\/compuviper.mx\/tienda\/wp-content\/uploads\/2021\/08\/Logo-Compuviper-10.png","contentUrl":"https:\/\/compuviper.mx\/tienda\/wp-content\/uploads\/2021\/08\/Logo-Compuviper-10.png","width":1000,"height":500,"caption":"Compuviper"},"image":{"@id":"https:\/\/compuviper.mx\/tienda\/#\/schema\/logo\/image\/"},"sameAs":["https:\/\/www.facebook.com\/compuviper","https:\/\/www.youtube.com\/channel\/UCf73dERp9Y3cfOq7q8BhLjA?view_as=subscriber"]}]},"product_brand":"TP LINK","product_price_amount":"367","product_price_currency":"MXN","og_availability":"instock","product_availability":"instock","product_retailer_item_id":"TL-SG1008D","product_condition":"new"},"_links":{"self":[{"href":"https:\/\/compuviper.mx\/tienda\/wp-json\/wp\/v2\/product\/221545"}],"collection":[{"href":"https:\/\/compuviper.mx\/tienda\/wp-json\/wp\/v2\/product"}],"about":[{"href":"https:\/\/compuviper.mx\/tienda\/wp-json\/wp\/v2\/types\/product"}],"replies":[{"embeddable":true,"href":"https:\/\/compuviper.mx\/tienda\/wp-json\/wp\/v2\/comments?post=221545"}],"wp:featuredmedia":[{"embeddable":true,"href":"https:\/\/compuviper.mx\/tienda\/wp-json\/wp\/v2\/media\/221546"}],"wp:attachment":[{"href":"https:\/\/compuviper.mx\/tienda\/wp-json\/wp\/v2\/media?parent=221545"}],"wp:term":[{"taxonomy":"product_cat","embeddable":true,"href":"https:\/\/compuviper.mx\/tienda\/wp-json\/wp\/v2\/product_cat?post=221545"},{"taxonomy":"product_tag","embeddable":true,"href":"https:\/\/compuviper.mx\/tienda\/wp-json\/wp\/v2\/product_tag?post=221545"}],"curies":[{"name":"wp","href":"https:\/\/api.w.org\/{rel}","templated":true}]}}