{"id":221543,"date":"2026-04-10T01:10:14","date_gmt":"2026-04-10T07:10:14","guid":{"rendered":"https:\/\/compuviper.mx\/tienda\/producto\/tp-link-tl-wn821n-tarjeta-de-red-tp-link-usb-inalambrica-300-mbps\/"},"modified":"2026-04-10T01:10:14","modified_gmt":"2026-04-10T07:10:14","slug":"tp-link-tl-wn821n-tarjeta-de-red-tp-link-usb-inalambrica-300-mbps","status":"publish","type":"product","link":"https:\/\/compuviper.mx\/tienda\/producto\/tp-link-tl-wn821n-tarjeta-de-red-tp-link-usb-inalambrica-300-mbps\/","title":{"rendered":"Tp Link Tl-wn821n Tarjeta De Red| Tp-link |  | Usb Inalambrica | 300 Mbps"},"content":{"rendered":"<table class=\"descripcion\">\n<tr>\n<td>Caracter\u00edsticas de hardware<\/td>\n<\/tr>\n<tr>\n<td>Interfaz usb 2.0<\/td>\n<\/tr>\n<tr>\n<td>Bot\u00f3n bot\u00f3n wps<\/td>\n<\/tr>\n<tr>\n<td>Dimensiones (w x d x h) 2.7x 0.8 x 0.4 pulgadas. (69 x 21 x 9.5mm)<\/td>\n<\/tr>\n<tr>\n<td>Tipo de antena interna<\/td>\n<\/tr>\n<tr>\n<td>Caracter\u00edsticas inal\u00e1mbricas<\/td>\n<\/tr>\n<tr>\n<td>Est\u00e1ndares inal\u00e1mbricos ieee 802.11n, ieee 802.11g, ieee 802.11b<\/td>\n<\/tr>\n<tr>\n<td>Frecuencia 2.400-2.4835ghz<\/td>\n<\/tr>\n<tr>\n<td>Tasa de se\u00f1al 11n: hasta 300mbps(din\u00e1mica)<\/td>\n<\/tr>\n<tr>\n<td>11g: hasta 54mbps(din\u00e1mica)<\/td>\n<\/tr>\n<tr>\n<td>11b: hasta 11mbps(din\u00e1mica)<\/td>\n<\/tr>\n<tr>\n<td>Sensibilidad de recepci\u00f3n 270m: -62dbm @ 10% para  \/  130m: -65dbm @ 10% para<\/td>\n<\/tr>\n<tr>\n<td>108m: -68dbm @ 10% para  \/  54m: -68dbm @ 10% para  \/  11m: -85dbm @ 8% para<\/td>\n<\/tr>\n<tr>\n<td>6m: -88dbm @ 10% para  \/  1m: -90dbm @ 8% per<\/td>\n<\/tr>\n<tr>\n<td>Potencia de transmision  20dbm (eirp)<\/td>\n<\/tr>\n<tr>\n<td>Modos inal\u00e1mbricos modo ad-hoc \/ infraestructura<\/td>\n<\/tr>\n<tr>\n<td>Seguridad inal\u00e1mbrica soporta 64\/128 bit wep, wpa-psk\/wpa2-psk<\/td>\n<\/tr>\n<tr>\n<td>Tecnolog\u00eda de modulaci\u00f3n dbpsk, dqpsk, cck, ofdm, 16-qam, 64-qam<\/td>\n<\/tr>\n<tr>\n<td>Otros<\/td>\n<\/tr>\n<tr>\n<td>Certificaci\u00f3n: ce, fcc, rohs<\/td>\n<\/tr>\n<tr>\n<td>Contenidos del paquete: adaptador inal\u00e1mbrico  \/  extensi\u00f3n de cable usb  \/  cd de instalaci\u00f3n  \/  gu\u00eda de instalaci\u00f3n r\u00e1pida<\/td>\n<\/tr>\n<tr>\n<td>Requisitos del sistema: windows 8 (32 \/ 64bits), windows 7 (32 \/ 64bits), windows vista (32 \/ 64bits), windows xp (32 \/ 64bits)<\/td>\n<\/tr>\n<tr>\n<td>Ambiente: temperatura de funcionamiento: 0\u00bf~40 \u00bf (32 \u00bf~104\u00bf)  \/  temperatura de almacenamiento: -40\u00bf~70 \u00bf (-40 \u00bf~158\u00bf)  \/  humedad de funcionamiento: 10%~90% sin condensaci\u00f3n  \/  humedad de almacenamiento: 5%~90% sin condensaci\u00f3n<\/td>\n<\/tr>\n<\/table>\n","protected":false},"excerpt":{"rendered":"<p>El adaptador n usb inal\u00e1mbrico tl- wn821n es compatible con los est\u00e1ndares ieee 802.11n (versi\u00f3n 2.0), ieee 802.11g, y ieee 802.11b. La transmisi\u00f3n inal\u00e1mbrica puede alcanzar hasta 300mbps. El adaptador utiliza tecnolog\u00eda mimo y tiene antenas inteligentes internas que proporcionan el mejor funcionamiento inal\u00e1mbrico, as\u00ed como las mejores tasas de transmisi\u00f3n, estabilidad y cobertura. Al mismo tiempo, la tecnolog\u00eda cca evita autom\u00e1ticamente conflictos de canal mediante su capacidad de selecci\u00f3n de canales. Este producto soporta encriptaciones wep a 64\/128-bit, as\u00ed como encriptaciones y autenticaci\u00f3n wpa\/wpa2 y wpa-psk\/wpa2-psk adem\u00e1s del sistema qss (quick secure setup) del adaptador, que permite a los usuarios establecer una red inal\u00e1mbrica segura de forma r\u00e1pida y sencilla. Este producto puede manejar simult\u00e1neamente aplicaciones que requieren mucho ancho de banda, como voz y video. Para asegurar la calidad, se concede prioridad a las aplicaciones que requieren amplio ancho de banda y son sensibles a las interrupciones, tales como las aplicaciones de voz y video. Tambi\u00e9n funciona correctamente con otros productos inal\u00e1mbricos 11g y 11n.<\/p>\n","protected":false},"featured_media":221544,"comment_status":"open","ping_status":"open","template":"","meta":[],"product_cat":[1563,1572],"product_tag":[1562],"acf":[],"yoast_head":"<!-- This site is optimized with the Yoast SEO plugin v21.7 - https:\/\/yoast.com\/wordpress\/plugins\/seo\/ -->\n<title>[ Tp Link ] &#129351; Tl-wn821n Tarjeta De Red| Tp-link | | Usb Inalambrica | 300 Mbps<\/title>\n<meta name=\"description\" content=\"Compra Tl-wn821n Tarjeta De Red| Tp-link | | Usb Inalambrica | 300 Mbps + Env\u00edo a domicilio + Pago seguro + Garant\u00eda\" \/>\n<meta name=\"robots\" content=\"index, follow, max-snippet:-1, max-image-preview:large, max-video-preview:-1\" \/>\n<link rel=\"canonical\" href=\"https:\/\/compuviper.mx\/tienda\/producto\/tp-link-tl-wn821n-tarjeta-de-red-tp-link-usb-inalambrica-300-mbps\/\" \/>\n<meta property=\"og:locale\" content=\"es_MX\" \/>\n<meta property=\"og:type\" content=\"article\" \/>\n<meta property=\"og:title\" content=\"[ Tp Link ] &#129351; Tl-wn821n Tarjeta De Red| Tp-link | | Usb Inalambrica | 300 Mbps\" \/>\n<meta property=\"og:description\" content=\"Compra Tl-wn821n Tarjeta De Red| Tp-link | | Usb Inalambrica | 300 Mbps + Env\u00edo a domicilio + Pago seguro + Garant\u00eda\" \/>\n<meta property=\"og:url\" content=\"https:\/\/compuviper.mx\/tienda\/producto\/tp-link-tl-wn821n-tarjeta-de-red-tp-link-usb-inalambrica-300-mbps\/\" \/>\n<meta property=\"og:site_name\" content=\"Compuviper\" \/>\n<meta property=\"article:publisher\" content=\"https:\/\/www.facebook.com\/compuviper\" \/>\n<meta property=\"og:image\" content=\"https:\/\/compuviper.mx\/tienda\/wp-content\/uploads\/2023\/12\/Tarjeta-de-red-tp-link-tl-wn821n-usb-inalambrica-300-mbps.jpg\" \/>\n\t<meta property=\"og:image:width\" content=\"200\" \/>\n\t<meta property=\"og:image:height\" content=\"200\" \/>\n\t<meta property=\"og:image:type\" content=\"image\/jpeg\" \/>\n<meta name=\"twitter:card\" content=\"summary_large_image\" \/>\n<meta name=\"twitter:label1\" content=\"Precio\" \/>\n\t<meta name=\"twitter:data1\" content=\"&#36;140 con IVA\" \/>\n\t<meta name=\"twitter:label2\" content=\"Availability\" \/>\n\t<meta name=\"twitter:data2\" content=\"In stock\" \/>\n<script type=\"application\/ld+json\" class=\"yoast-schema-graph\">{\"@context\":\"https:\/\/schema.org\",\"@graph\":[{\"@type\":\"WebPage\",\"@id\":\"https:\/\/compuviper.mx\/tienda\/producto\/tp-link-tl-wn821n-tarjeta-de-red-tp-link-usb-inalambrica-300-mbps\/\",\"url\":\"https:\/\/compuviper.mx\/tienda\/producto\/tp-link-tl-wn821n-tarjeta-de-red-tp-link-usb-inalambrica-300-mbps\/\",\"name\":\"[ Tp Link ] &#129351; Tl-wn821n Tarjeta De Red| Tp-link | | Usb Inalambrica | 300 Mbps\",\"isPartOf\":{\"@id\":\"https:\/\/compuviper.mx\/tienda\/#website\"},\"datePublished\":\"2026-04-10T07:10:14+00:00\",\"dateModified\":\"2026-04-10T07:10:14+00:00\",\"description\":\"Compra Tl-wn821n Tarjeta De Red| Tp-link | | Usb Inalambrica | 300 Mbps + Env\u00edo a domicilio + Pago seguro + Garant\u00eda\",\"breadcrumb\":{\"@id\":\"https:\/\/compuviper.mx\/tienda\/producto\/tp-link-tl-wn821n-tarjeta-de-red-tp-link-usb-inalambrica-300-mbps\/#breadcrumb\"},\"inLanguage\":\"es-MX\",\"potentialAction\":[{\"@type\":\"ReadAction\",\"target\":[\"https:\/\/compuviper.mx\/tienda\/producto\/tp-link-tl-wn821n-tarjeta-de-red-tp-link-usb-inalambrica-300-mbps\/\"]}]},{\"@type\":\"BreadcrumbList\",\"@id\":\"https:\/\/compuviper.mx\/tienda\/producto\/tp-link-tl-wn821n-tarjeta-de-red-tp-link-usb-inalambrica-300-mbps\/#breadcrumb\",\"itemListElement\":[{\"@type\":\"ListItem\",\"position\":1,\"name\":\"Inicio\",\"item\":\"https:\/\/compuviper.mx\/tienda\/\"},{\"@type\":\"ListItem\",\"position\":2,\"name\":\"Productos\",\"item\":\"https:\/\/compuviper.mx\/tienda\/productos\/\"},{\"@type\":\"ListItem\",\"position\":3,\"name\":\"Redes\",\"item\":\"https:\/\/compuviper.mx\/tienda\/categoria-producto\/redes\/\"},{\"@type\":\"ListItem\",\"position\":4,\"name\":\"Tarjetas De Red\",\"item\":\"https:\/\/compuviper.mx\/tienda\/categoria-producto\/redes\/tarjetas-de-red\/\"},{\"@type\":\"ListItem\",\"position\":5,\"name\":\"Tp Link Tl-wn821n Tarjeta De Red| Tp-link | | Usb Inalambrica | 300 Mbps\"}]},{\"@type\":\"WebSite\",\"@id\":\"https:\/\/compuviper.mx\/tienda\/#website\",\"url\":\"https:\/\/compuviper.mx\/tienda\/\",\"name\":\"Compuviper\",\"description\":\"Proveedor de Computadoras, Laptops, Servidores, Monitores, Puntos de Venta, Teclados,   Impresoras, T\u00f3ner, C\u00e1maras de Seguridad y m\u00e1s en tu tienda en l\u00ednea\",\"publisher\":{\"@id\":\"https:\/\/compuviper.mx\/tienda\/#organization\"},\"potentialAction\":[{\"@type\":\"SearchAction\",\"target\":{\"@type\":\"EntryPoint\",\"urlTemplate\":\"https:\/\/compuviper.mx\/tienda\/?s={search_term_string}\"},\"query-input\":\"required name=search_term_string\"}],\"inLanguage\":\"es-MX\"},{\"@type\":\"Organization\",\"@id\":\"https:\/\/compuviper.mx\/tienda\/#organization\",\"name\":\"Compuviper\",\"url\":\"https:\/\/compuviper.mx\/tienda\/\",\"logo\":{\"@type\":\"ImageObject\",\"inLanguage\":\"es-MX\",\"@id\":\"https:\/\/compuviper.mx\/tienda\/#\/schema\/logo\/image\/\",\"url\":\"https:\/\/compuviper.mx\/tienda\/wp-content\/uploads\/2021\/08\/Logo-Compuviper-10.png\",\"contentUrl\":\"https:\/\/compuviper.mx\/tienda\/wp-content\/uploads\/2021\/08\/Logo-Compuviper-10.png\",\"width\":1000,\"height\":500,\"caption\":\"Compuviper\"},\"image\":{\"@id\":\"https:\/\/compuviper.mx\/tienda\/#\/schema\/logo\/image\/\"},\"sameAs\":[\"https:\/\/www.facebook.com\/compuviper\",\"https:\/\/www.youtube.com\/channel\/UCf73dERp9Y3cfOq7q8BhLjA?view_as=subscriber\"]}]}<\/script>\n<meta property=\"product:brand\" content=\"TP LINK\" \/>\n<meta property=\"product:price:amount\" content=\"140\" \/>\n<meta property=\"product:price:currency\" content=\"MXN\" \/>\n<meta property=\"og:availability\" content=\"instock\" \/>\n<meta property=\"product:availability\" content=\"instock\" \/>\n<meta property=\"product:retailer_item_id\" content=\"TL-WN821N\" \/>\n<meta property=\"product:condition\" content=\"new\" \/>\n<!-- \/ Yoast SEO plugin. -->","yoast_head_json":{"title":"[ Tp Link ] &#129351; Tl-wn821n Tarjeta De Red| Tp-link | | Usb Inalambrica | 300 Mbps","description":"Compra Tl-wn821n Tarjeta De Red| Tp-link | | Usb Inalambrica | 300 Mbps + Env\u00edo a domicilio + Pago seguro + Garant\u00eda","robots":{"index":"index","follow":"follow","max-snippet":"max-snippet:-1","max-image-preview":"max-image-preview:large","max-video-preview":"max-video-preview:-1"},"canonical":"https:\/\/compuviper.mx\/tienda\/producto\/tp-link-tl-wn821n-tarjeta-de-red-tp-link-usb-inalambrica-300-mbps\/","og_locale":"es_MX","og_type":"article","og_title":"[ Tp Link ] &#129351; Tl-wn821n Tarjeta De Red| Tp-link | | Usb Inalambrica | 300 Mbps","og_description":"Compra Tl-wn821n Tarjeta De Red| Tp-link | | Usb Inalambrica | 300 Mbps + Env\u00edo a domicilio + Pago seguro + Garant\u00eda","og_url":"https:\/\/compuviper.mx\/tienda\/producto\/tp-link-tl-wn821n-tarjeta-de-red-tp-link-usb-inalambrica-300-mbps\/","og_site_name":"Compuviper","article_publisher":"https:\/\/www.facebook.com\/compuviper","og_image":[{"width":200,"height":200,"url":"https:\/\/compuviper.mx\/tienda\/wp-content\/uploads\/2023\/12\/Tarjeta-de-red-tp-link-tl-wn821n-usb-inalambrica-300-mbps.jpg","type":"image\/jpeg"}],"twitter_card":"summary_large_image","twitter_misc":{"Precio":"&#36;140 con IVA","Availability":"In stock"},"schema":{"@context":"https:\/\/schema.org","@graph":[{"@type":"WebPage","@id":"https:\/\/compuviper.mx\/tienda\/producto\/tp-link-tl-wn821n-tarjeta-de-red-tp-link-usb-inalambrica-300-mbps\/","url":"https:\/\/compuviper.mx\/tienda\/producto\/tp-link-tl-wn821n-tarjeta-de-red-tp-link-usb-inalambrica-300-mbps\/","name":"[ Tp Link ] &#129351; Tl-wn821n Tarjeta De Red| Tp-link | | Usb Inalambrica | 300 Mbps","isPartOf":{"@id":"https:\/\/compuviper.mx\/tienda\/#website"},"datePublished":"2026-04-10T07:10:14+00:00","dateModified":"2026-04-10T07:10:14+00:00","description":"Compra Tl-wn821n Tarjeta De Red| Tp-link | | Usb Inalambrica | 300 Mbps + Env\u00edo a domicilio + Pago seguro + Garant\u00eda","breadcrumb":{"@id":"https:\/\/compuviper.mx\/tienda\/producto\/tp-link-tl-wn821n-tarjeta-de-red-tp-link-usb-inalambrica-300-mbps\/#breadcrumb"},"inLanguage":"es-MX","potentialAction":[{"@type":"ReadAction","target":["https:\/\/compuviper.mx\/tienda\/producto\/tp-link-tl-wn821n-tarjeta-de-red-tp-link-usb-inalambrica-300-mbps\/"]}]},{"@type":"BreadcrumbList","@id":"https:\/\/compuviper.mx\/tienda\/producto\/tp-link-tl-wn821n-tarjeta-de-red-tp-link-usb-inalambrica-300-mbps\/#breadcrumb","itemListElement":[{"@type":"ListItem","position":1,"name":"Inicio","item":"https:\/\/compuviper.mx\/tienda\/"},{"@type":"ListItem","position":2,"name":"Productos","item":"https:\/\/compuviper.mx\/tienda\/productos\/"},{"@type":"ListItem","position":3,"name":"Redes","item":"https:\/\/compuviper.mx\/tienda\/categoria-producto\/redes\/"},{"@type":"ListItem","position":4,"name":"Tarjetas De Red","item":"https:\/\/compuviper.mx\/tienda\/categoria-producto\/redes\/tarjetas-de-red\/"},{"@type":"ListItem","position":5,"name":"Tp Link Tl-wn821n Tarjeta De Red| Tp-link | | Usb Inalambrica | 300 Mbps"}]},{"@type":"WebSite","@id":"https:\/\/compuviper.mx\/tienda\/#website","url":"https:\/\/compuviper.mx\/tienda\/","name":"Compuviper","description":"Proveedor de Computadoras, Laptops, Servidores, Monitores, Puntos de Venta, Teclados,   Impresoras, T\u00f3ner, C\u00e1maras de Seguridad y m\u00e1s en tu tienda en l\u00ednea","publisher":{"@id":"https:\/\/compuviper.mx\/tienda\/#organization"},"potentialAction":[{"@type":"SearchAction","target":{"@type":"EntryPoint","urlTemplate":"https:\/\/compuviper.mx\/tienda\/?s={search_term_string}"},"query-input":"required name=search_term_string"}],"inLanguage":"es-MX"},{"@type":"Organization","@id":"https:\/\/compuviper.mx\/tienda\/#organization","name":"Compuviper","url":"https:\/\/compuviper.mx\/tienda\/","logo":{"@type":"ImageObject","inLanguage":"es-MX","@id":"https:\/\/compuviper.mx\/tienda\/#\/schema\/logo\/image\/","url":"https:\/\/compuviper.mx\/tienda\/wp-content\/uploads\/2021\/08\/Logo-Compuviper-10.png","contentUrl":"https:\/\/compuviper.mx\/tienda\/wp-content\/uploads\/2021\/08\/Logo-Compuviper-10.png","width":1000,"height":500,"caption":"Compuviper"},"image":{"@id":"https:\/\/compuviper.mx\/tienda\/#\/schema\/logo\/image\/"},"sameAs":["https:\/\/www.facebook.com\/compuviper","https:\/\/www.youtube.com\/channel\/UCf73dERp9Y3cfOq7q8BhLjA?view_as=subscriber"]}]},"product_brand":"TP LINK","product_price_amount":"140","product_price_currency":"MXN","og_availability":"instock","product_availability":"instock","product_retailer_item_id":"TL-WN821N","product_condition":"new"},"_links":{"self":[{"href":"https:\/\/compuviper.mx\/tienda\/wp-json\/wp\/v2\/product\/221543"}],"collection":[{"href":"https:\/\/compuviper.mx\/tienda\/wp-json\/wp\/v2\/product"}],"about":[{"href":"https:\/\/compuviper.mx\/tienda\/wp-json\/wp\/v2\/types\/product"}],"replies":[{"embeddable":true,"href":"https:\/\/compuviper.mx\/tienda\/wp-json\/wp\/v2\/comments?post=221543"}],"wp:featuredmedia":[{"embeddable":true,"href":"https:\/\/compuviper.mx\/tienda\/wp-json\/wp\/v2\/media\/221544"}],"wp:attachment":[{"href":"https:\/\/compuviper.mx\/tienda\/wp-json\/wp\/v2\/media?parent=221543"}],"wp:term":[{"taxonomy":"product_cat","embeddable":true,"href":"https:\/\/compuviper.mx\/tienda\/wp-json\/wp\/v2\/product_cat?post=221543"},{"taxonomy":"product_tag","embeddable":true,"href":"https:\/\/compuviper.mx\/tienda\/wp-json\/wp\/v2\/product_tag?post=221543"}],"curies":[{"name":"wp","href":"https:\/\/api.w.org\/{rel}","templated":true}]}}