{"id":221541,"date":"2026-04-10T01:10:13","date_gmt":"2026-04-10T07:10:13","guid":{"rendered":"https:\/\/compuviper.mx\/tienda\/producto\/tp-link-tl-wn722n-tarjeta-de-red-usb-tp-link-inalambrica-antena-desmontable-4dbi\/"},"modified":"2026-04-10T01:10:13","modified_gmt":"2026-04-10T07:10:13","slug":"tp-link-tl-wn722n-tarjeta-de-red-usb-tp-link-inalambrica-antena-desmontable-4dbi","status":"publish","type":"product","link":"https:\/\/compuviper.mx\/tienda\/producto\/tp-link-tl-wn722n-tarjeta-de-red-usb-tp-link-inalambrica-antena-desmontable-4dbi\/","title":{"rendered":"Tp Link Tl-wn722n Tarjeta De Red Usb Tp-link  Inalambrica Antena Desmontable 4dbi"},"content":{"rendered":"<table class=\"descripcion\">\n<tr>\n<td>Caracter\u00edsticas de hardware<\/td>\n<\/tr>\n<tr>\n<td>Interfaz usb 2.0<\/td>\n<\/tr>\n<tr>\n<td>Bot\u00f3n bot\u00f3n wps<\/td>\n<\/tr>\n<tr>\n<td>Dimensiones (w x d x h) 3.7 x 1.0 x 0.4 pulgadas. (93.5 x 26 x 11mm)<\/td>\n<\/tr>\n<tr>\n<td>Tipo de antena desmontable omnidireccional (rp-sma)<\/td>\n<\/tr>\n<tr>\n<td>Ganancia de antena 4dbi<\/td>\n<\/tr>\n<tr>\n<td>Caracter\u00edsticas inal\u00e1mbricas<\/td>\n<\/tr>\n<tr>\n<td>Est\u00e1ndares inal\u00e1mbricos ieee 802.11n, ieee 802.11g, ieee 802.11b<\/td>\n<\/tr>\n<tr>\n<td>Frecuencia 2.400-2.4835ghz<\/td>\n<\/tr>\n<tr>\n<td>Tasa de se\u00f1al 11n: hasta 150mbps(din\u00e1mica)  \/  11g: hasta 54mbps(din\u00e1mica)  \/  11b: hasta 11mbps(din\u00e1mica)<\/td>\n<\/tr>\n<tr>\n<td>Sensibilidad de recepci\u00f3n 130m: -68dbm @ 10% para  \/  108m: -68dbm @ 10% para<\/td>\n<\/tr>\n<tr>\n<td>54m: -68dbm @ 10% para  \/  11m: -85dbm @ 8% para  \/  6m: -88dbm @ 10% para<\/td>\n<\/tr>\n<tr>\n<td>1m: -90dbm @ 8% para<\/td>\n<\/tr>\n<tr>\n<td>Potencia de transmision  20dbm<\/td>\n<\/tr>\n<tr>\n<td>Modos inal\u00e1mbricos modo ad-hoc \/ infraestructura<\/td>\n<\/tr>\n<tr>\n<td>Seguridad inal\u00e1mbrica soporta 64\/128 bit wep, wpa-psk\/wpa2-psk<\/td>\n<\/tr>\n<tr>\n<td>Tecnolog\u00eda de modulaci\u00f3n dbpsk, dqpsk, cck, ofdm, 16-qam, 64-qam<\/td>\n<\/tr>\n<tr>\n<td>Funciones avanzadas wmm, psp x-link (para windows xp), roaming<\/td>\n<\/tr>\n<tr>\n<td>Otros<\/td>\n<\/tr>\n<tr>\n<td>Certificaci\u00f3n: ce, fcc, rohs<\/td>\n<\/tr>\n<tr>\n<td>Contenidos del paquete: adaptador inal\u00e1mbrico  \/  4dbi antena desmontable omnidireccional  \/  cd de instalaci\u00f3n  \/  gu\u00eda de instalaci\u00f3n r\u00e1pida  \/  extensi\u00f3n de cable usb<\/td>\n<\/tr>\n<tr>\n<td>Requisitos del sistema windows 10 \/ 8.1 \/ 8\/7 \/ xp mac os x 10.8-10.14  \/  so linux<\/td>\n<\/tr>\n<tr>\n<td>Ambiente: temperatura de funcionamiento: 0\u00bf~40 \u00bf (32 \u00bf~104\u00bf)  \/  temperatura de almacenamiento: -40\u00bf~70 \u00bf (-40 \u00bf~158\u00bf)  \/  humedad de funcionamiento: 10%~90% sin condensaci\u00f3n  \/  humedad de almacenamiento: 5%~90% sin condensaci\u00f3n<\/td>\n<\/tr>\n<\/table>\n","protected":false},"excerpt":{"rendered":"<p>Adaptador usb inal\u00e1mbrico de alta ganancia 150mbps. Tl-wn722n. * velocidad inal\u00e1mbrica excepcional de hasta 150 mbps re\u00fane la mejor experiencia para la difusi\u00f3n de videos o las llamadas por internet. * encriptado f\u00e1cil de la seguridad inal\u00e1mbrica con s\u00f3lo presione el bot\u00f3n de qss. * 4dbi antena desmontable, para fortalecer la potencia de la se\u00f1al del adaptador usb. El adaptador usb inal\u00e1mbrico n tl-wn722n te permite conectar una computadora de escritorio o port\u00e1til a una red inal\u00e1mbrica y acceso de alta velocidad de conexi\u00f3n a internet. Compatible con el est\u00e1ndar ieee 802.11n, que proporciona velocidades inal\u00e1mbricas de hasta 150mbps, lo cual es beneficioso para los juegos en l\u00ednea o incluso streaming de v\u00eddeo. Adem\u00e1s, el encriptado de seguridad inal\u00e1mbrica puede establecerse simplemente en un empuje de qss (seguridad de configuraci\u00f3n r\u00e1pida) el bot\u00f3n, la prevenci\u00f3n de la red de amenazas externas. Inal\u00e1mbrico n -velocidad y rango. \u00bfbasado en la tecnolog\u00eda ieee 802.11n, el tl-wn722n muestra las habilidades m\u00e1s relevantes de la mitigaci\u00f3n de la p\u00e9rdida de datos a largas distancias y los obst\u00e1culos a trav\u00e9s de una oficina peque\u00f1a o un apartamento grande, incluso en un edificio de acero y hormig\u00f3n. En comparaci\u00f3n con el legado de los productos de 54 mbps, tl-wn722n proporciona mejoras de rendimiento, lo que le permite tener una experiencia m\u00e1s placentera de navegaci\u00f3n, incluyendo compartir archivos, difusi\u00f3n de medios.<\/p>\n","protected":false},"featured_media":221542,"comment_status":"open","ping_status":"open","template":"","meta":[],"product_cat":[1563,1572],"product_tag":[1562],"acf":[],"yoast_head":"<!-- This site is optimized with the Yoast SEO plugin v21.7 - https:\/\/yoast.com\/wordpress\/plugins\/seo\/ -->\n<title>[ Tp Link ] &#129351; Tl-wn722n Tarjeta De Red Usb Tp-link Inalambrica Antena Desmontable 4dbi<\/title>\n<meta name=\"description\" content=\"Compra Tl-wn722n Tarjeta De Red Usb Tp-link Inalambrica Antena Desmontable 4dbi + Env\u00edo a domicilio + Pago seguro + Garant\u00eda\" \/>\n<meta name=\"robots\" content=\"index, follow, max-snippet:-1, max-image-preview:large, max-video-preview:-1\" \/>\n<link rel=\"canonical\" href=\"https:\/\/compuviper.mx\/tienda\/producto\/tp-link-tl-wn722n-tarjeta-de-red-usb-tp-link-inalambrica-antena-desmontable-4dbi\/\" \/>\n<meta property=\"og:locale\" content=\"es_MX\" \/>\n<meta property=\"og:type\" content=\"article\" \/>\n<meta property=\"og:title\" content=\"[ Tp Link ] &#129351; Tl-wn722n Tarjeta De Red Usb Tp-link Inalambrica Antena Desmontable 4dbi\" \/>\n<meta property=\"og:description\" content=\"Compra Tl-wn722n Tarjeta De Red Usb Tp-link Inalambrica Antena Desmontable 4dbi + Env\u00edo a domicilio + Pago seguro + Garant\u00eda\" \/>\n<meta property=\"og:url\" content=\"https:\/\/compuviper.mx\/tienda\/producto\/tp-link-tl-wn722n-tarjeta-de-red-usb-tp-link-inalambrica-antena-desmontable-4dbi\/\" \/>\n<meta property=\"og:site_name\" content=\"Compuviper\" \/>\n<meta property=\"article:publisher\" content=\"https:\/\/www.facebook.com\/compuviper\" \/>\n<meta property=\"og:image\" content=\"https:\/\/compuviper.mx\/tienda\/wp-content\/uploads\/2023\/12\/Tarjeta-de-red-usb-tp-link-tl-wn722n-inalambrica-antena-desmontable-4dbi.jpg\" \/>\n\t<meta property=\"og:image:width\" content=\"200\" \/>\n\t<meta property=\"og:image:height\" content=\"200\" \/>\n\t<meta property=\"og:image:type\" content=\"image\/jpeg\" \/>\n<meta name=\"twitter:card\" content=\"summary_large_image\" \/>\n<meta name=\"twitter:label1\" content=\"Precio\" \/>\n\t<meta name=\"twitter:data1\" content=\"&#36;155 con IVA\" \/>\n\t<meta name=\"twitter:label2\" content=\"Availability\" \/>\n\t<meta name=\"twitter:data2\" content=\"In stock\" \/>\n<script type=\"application\/ld+json\" class=\"yoast-schema-graph\">{\"@context\":\"https:\/\/schema.org\",\"@graph\":[{\"@type\":\"WebPage\",\"@id\":\"https:\/\/compuviper.mx\/tienda\/producto\/tp-link-tl-wn722n-tarjeta-de-red-usb-tp-link-inalambrica-antena-desmontable-4dbi\/\",\"url\":\"https:\/\/compuviper.mx\/tienda\/producto\/tp-link-tl-wn722n-tarjeta-de-red-usb-tp-link-inalambrica-antena-desmontable-4dbi\/\",\"name\":\"[ Tp Link ] &#129351; Tl-wn722n Tarjeta De Red Usb Tp-link Inalambrica Antena Desmontable 4dbi\",\"isPartOf\":{\"@id\":\"https:\/\/compuviper.mx\/tienda\/#website\"},\"datePublished\":\"2026-04-10T07:10:13+00:00\",\"dateModified\":\"2026-04-10T07:10:13+00:00\",\"description\":\"Compra Tl-wn722n Tarjeta De Red Usb Tp-link Inalambrica Antena Desmontable 4dbi + Env\u00edo a domicilio + Pago seguro + Garant\u00eda\",\"breadcrumb\":{\"@id\":\"https:\/\/compuviper.mx\/tienda\/producto\/tp-link-tl-wn722n-tarjeta-de-red-usb-tp-link-inalambrica-antena-desmontable-4dbi\/#breadcrumb\"},\"inLanguage\":\"es-MX\",\"potentialAction\":[{\"@type\":\"ReadAction\",\"target\":[\"https:\/\/compuviper.mx\/tienda\/producto\/tp-link-tl-wn722n-tarjeta-de-red-usb-tp-link-inalambrica-antena-desmontable-4dbi\/\"]}]},{\"@type\":\"BreadcrumbList\",\"@id\":\"https:\/\/compuviper.mx\/tienda\/producto\/tp-link-tl-wn722n-tarjeta-de-red-usb-tp-link-inalambrica-antena-desmontable-4dbi\/#breadcrumb\",\"itemListElement\":[{\"@type\":\"ListItem\",\"position\":1,\"name\":\"Inicio\",\"item\":\"https:\/\/compuviper.mx\/tienda\/\"},{\"@type\":\"ListItem\",\"position\":2,\"name\":\"Productos\",\"item\":\"https:\/\/compuviper.mx\/tienda\/productos\/\"},{\"@type\":\"ListItem\",\"position\":3,\"name\":\"Redes\",\"item\":\"https:\/\/compuviper.mx\/tienda\/categoria-producto\/redes\/\"},{\"@type\":\"ListItem\",\"position\":4,\"name\":\"Tarjetas De Red\",\"item\":\"https:\/\/compuviper.mx\/tienda\/categoria-producto\/redes\/tarjetas-de-red\/\"},{\"@type\":\"ListItem\",\"position\":5,\"name\":\"Tp Link Tl-wn722n Tarjeta De Red Usb Tp-link Inalambrica Antena Desmontable 4dbi\"}]},{\"@type\":\"WebSite\",\"@id\":\"https:\/\/compuviper.mx\/tienda\/#website\",\"url\":\"https:\/\/compuviper.mx\/tienda\/\",\"name\":\"Compuviper\",\"description\":\"Proveedor de Computadoras, Laptops, Servidores, Monitores, Puntos de Venta, Teclados,   Impresoras, T\u00f3ner, C\u00e1maras de Seguridad y m\u00e1s en tu tienda en l\u00ednea\",\"publisher\":{\"@id\":\"https:\/\/compuviper.mx\/tienda\/#organization\"},\"potentialAction\":[{\"@type\":\"SearchAction\",\"target\":{\"@type\":\"EntryPoint\",\"urlTemplate\":\"https:\/\/compuviper.mx\/tienda\/?s={search_term_string}\"},\"query-input\":\"required name=search_term_string\"}],\"inLanguage\":\"es-MX\"},{\"@type\":\"Organization\",\"@id\":\"https:\/\/compuviper.mx\/tienda\/#organization\",\"name\":\"Compuviper\",\"url\":\"https:\/\/compuviper.mx\/tienda\/\",\"logo\":{\"@type\":\"ImageObject\",\"inLanguage\":\"es-MX\",\"@id\":\"https:\/\/compuviper.mx\/tienda\/#\/schema\/logo\/image\/\",\"url\":\"https:\/\/compuviper.mx\/tienda\/wp-content\/uploads\/2021\/08\/Logo-Compuviper-10.png\",\"contentUrl\":\"https:\/\/compuviper.mx\/tienda\/wp-content\/uploads\/2021\/08\/Logo-Compuviper-10.png\",\"width\":1000,\"height\":500,\"caption\":\"Compuviper\"},\"image\":{\"@id\":\"https:\/\/compuviper.mx\/tienda\/#\/schema\/logo\/image\/\"},\"sameAs\":[\"https:\/\/www.facebook.com\/compuviper\",\"https:\/\/www.youtube.com\/channel\/UCf73dERp9Y3cfOq7q8BhLjA?view_as=subscriber\"]}]}<\/script>\n<meta property=\"product:brand\" content=\"TP LINK\" \/>\n<meta property=\"product:price:amount\" content=\"155\" \/>\n<meta property=\"product:price:currency\" content=\"MXN\" \/>\n<meta property=\"og:availability\" content=\"instock\" \/>\n<meta property=\"product:availability\" content=\"instock\" \/>\n<meta property=\"product:retailer_item_id\" content=\"TL-WN722N\" \/>\n<meta property=\"product:condition\" content=\"new\" \/>\n<!-- \/ Yoast SEO plugin. -->","yoast_head_json":{"title":"[ Tp Link ] &#129351; Tl-wn722n Tarjeta De Red Usb Tp-link Inalambrica Antena Desmontable 4dbi","description":"Compra Tl-wn722n Tarjeta De Red Usb Tp-link Inalambrica Antena Desmontable 4dbi + Env\u00edo a domicilio + Pago seguro + Garant\u00eda","robots":{"index":"index","follow":"follow","max-snippet":"max-snippet:-1","max-image-preview":"max-image-preview:large","max-video-preview":"max-video-preview:-1"},"canonical":"https:\/\/compuviper.mx\/tienda\/producto\/tp-link-tl-wn722n-tarjeta-de-red-usb-tp-link-inalambrica-antena-desmontable-4dbi\/","og_locale":"es_MX","og_type":"article","og_title":"[ Tp Link ] &#129351; Tl-wn722n Tarjeta De Red Usb Tp-link Inalambrica Antena Desmontable 4dbi","og_description":"Compra Tl-wn722n Tarjeta De Red Usb Tp-link Inalambrica Antena Desmontable 4dbi + Env\u00edo a domicilio + Pago seguro + Garant\u00eda","og_url":"https:\/\/compuviper.mx\/tienda\/producto\/tp-link-tl-wn722n-tarjeta-de-red-usb-tp-link-inalambrica-antena-desmontable-4dbi\/","og_site_name":"Compuviper","article_publisher":"https:\/\/www.facebook.com\/compuviper","og_image":[{"width":200,"height":200,"url":"https:\/\/compuviper.mx\/tienda\/wp-content\/uploads\/2023\/12\/Tarjeta-de-red-usb-tp-link-tl-wn722n-inalambrica-antena-desmontable-4dbi.jpg","type":"image\/jpeg"}],"twitter_card":"summary_large_image","twitter_misc":{"Precio":"&#36;155 con IVA","Availability":"In stock"},"schema":{"@context":"https:\/\/schema.org","@graph":[{"@type":"WebPage","@id":"https:\/\/compuviper.mx\/tienda\/producto\/tp-link-tl-wn722n-tarjeta-de-red-usb-tp-link-inalambrica-antena-desmontable-4dbi\/","url":"https:\/\/compuviper.mx\/tienda\/producto\/tp-link-tl-wn722n-tarjeta-de-red-usb-tp-link-inalambrica-antena-desmontable-4dbi\/","name":"[ Tp Link ] &#129351; Tl-wn722n Tarjeta De Red Usb Tp-link Inalambrica Antena Desmontable 4dbi","isPartOf":{"@id":"https:\/\/compuviper.mx\/tienda\/#website"},"datePublished":"2026-04-10T07:10:13+00:00","dateModified":"2026-04-10T07:10:13+00:00","description":"Compra Tl-wn722n Tarjeta De Red Usb Tp-link Inalambrica Antena Desmontable 4dbi + Env\u00edo a domicilio + Pago seguro + Garant\u00eda","breadcrumb":{"@id":"https:\/\/compuviper.mx\/tienda\/producto\/tp-link-tl-wn722n-tarjeta-de-red-usb-tp-link-inalambrica-antena-desmontable-4dbi\/#breadcrumb"},"inLanguage":"es-MX","potentialAction":[{"@type":"ReadAction","target":["https:\/\/compuviper.mx\/tienda\/producto\/tp-link-tl-wn722n-tarjeta-de-red-usb-tp-link-inalambrica-antena-desmontable-4dbi\/"]}]},{"@type":"BreadcrumbList","@id":"https:\/\/compuviper.mx\/tienda\/producto\/tp-link-tl-wn722n-tarjeta-de-red-usb-tp-link-inalambrica-antena-desmontable-4dbi\/#breadcrumb","itemListElement":[{"@type":"ListItem","position":1,"name":"Inicio","item":"https:\/\/compuviper.mx\/tienda\/"},{"@type":"ListItem","position":2,"name":"Productos","item":"https:\/\/compuviper.mx\/tienda\/productos\/"},{"@type":"ListItem","position":3,"name":"Redes","item":"https:\/\/compuviper.mx\/tienda\/categoria-producto\/redes\/"},{"@type":"ListItem","position":4,"name":"Tarjetas De Red","item":"https:\/\/compuviper.mx\/tienda\/categoria-producto\/redes\/tarjetas-de-red\/"},{"@type":"ListItem","position":5,"name":"Tp Link Tl-wn722n Tarjeta De Red Usb Tp-link Inalambrica Antena Desmontable 4dbi"}]},{"@type":"WebSite","@id":"https:\/\/compuviper.mx\/tienda\/#website","url":"https:\/\/compuviper.mx\/tienda\/","name":"Compuviper","description":"Proveedor de Computadoras, Laptops, Servidores, Monitores, Puntos de Venta, Teclados,   Impresoras, T\u00f3ner, C\u00e1maras de Seguridad y m\u00e1s en tu tienda en l\u00ednea","publisher":{"@id":"https:\/\/compuviper.mx\/tienda\/#organization"},"potentialAction":[{"@type":"SearchAction","target":{"@type":"EntryPoint","urlTemplate":"https:\/\/compuviper.mx\/tienda\/?s={search_term_string}"},"query-input":"required name=search_term_string"}],"inLanguage":"es-MX"},{"@type":"Organization","@id":"https:\/\/compuviper.mx\/tienda\/#organization","name":"Compuviper","url":"https:\/\/compuviper.mx\/tienda\/","logo":{"@type":"ImageObject","inLanguage":"es-MX","@id":"https:\/\/compuviper.mx\/tienda\/#\/schema\/logo\/image\/","url":"https:\/\/compuviper.mx\/tienda\/wp-content\/uploads\/2021\/08\/Logo-Compuviper-10.png","contentUrl":"https:\/\/compuviper.mx\/tienda\/wp-content\/uploads\/2021\/08\/Logo-Compuviper-10.png","width":1000,"height":500,"caption":"Compuviper"},"image":{"@id":"https:\/\/compuviper.mx\/tienda\/#\/schema\/logo\/image\/"},"sameAs":["https:\/\/www.facebook.com\/compuviper","https:\/\/www.youtube.com\/channel\/UCf73dERp9Y3cfOq7q8BhLjA?view_as=subscriber"]}]},"product_brand":"TP LINK","product_price_amount":"155","product_price_currency":"MXN","og_availability":"instock","product_availability":"instock","product_retailer_item_id":"TL-WN722N","product_condition":"new"},"_links":{"self":[{"href":"https:\/\/compuviper.mx\/tienda\/wp-json\/wp\/v2\/product\/221541"}],"collection":[{"href":"https:\/\/compuviper.mx\/tienda\/wp-json\/wp\/v2\/product"}],"about":[{"href":"https:\/\/compuviper.mx\/tienda\/wp-json\/wp\/v2\/types\/product"}],"replies":[{"embeddable":true,"href":"https:\/\/compuviper.mx\/tienda\/wp-json\/wp\/v2\/comments?post=221541"}],"wp:featuredmedia":[{"embeddable":true,"href":"https:\/\/compuviper.mx\/tienda\/wp-json\/wp\/v2\/media\/221542"}],"wp:attachment":[{"href":"https:\/\/compuviper.mx\/tienda\/wp-json\/wp\/v2\/media?parent=221541"}],"wp:term":[{"taxonomy":"product_cat","embeddable":true,"href":"https:\/\/compuviper.mx\/tienda\/wp-json\/wp\/v2\/product_cat?post=221541"},{"taxonomy":"product_tag","embeddable":true,"href":"https:\/\/compuviper.mx\/tienda\/wp-json\/wp\/v2\/product_tag?post=221541"}],"curies":[{"name":"wp","href":"https:\/\/api.w.org\/{rel}","templated":true}]}}