{"id":221537,"date":"2026-04-25T01:08:20","date_gmt":"2026-04-25T07:08:20","guid":{"rendered":"https:\/\/compuviper.mx\/tienda\/producto\/tp-link-tl-sf1008d-switch-tp-link-8-puertos-rj45-10-100-mbps-no-administrable-para-escritorio\/"},"modified":"2026-04-25T01:08:21","modified_gmt":"2026-04-25T07:08:21","slug":"tp-link-tl-sf1008d-switch-tp-link-8-puertos-rj45-10-100-mbps-no-administrable-para-escritorio","status":"publish","type":"product","link":"https:\/\/compuviper.mx\/tienda\/producto\/tp-link-tl-sf1008d-switch-tp-link-8-puertos-rj45-10-100-mbps-no-administrable-para-escritorio\/","title":{"rendered":"Tp Link Tl-sf1008d Switch | Tp-link |  |  8 Puertos Rj45 10\/100 Mbps  | No Administrable  | Para Escritorio"},"content":{"rendered":"<table class=\"descripcion\">\n<tr>\n<td>Recuerda validar la version del producto ya que cada version tiene diferentes caracteristicas, revisa con tu sucursal que version tienen fisicamente<\/td>\n<\/tr>\n<tr>\n<td>Accede al siguiente link para que revises las versiones existentes:<\/td>\n<\/tr>\n<tr>\n<td>Https:\/\/www.tp-link.com\/mx\/business-networking\/unmanaged-switch\/tl-sf1008d\/#overview<\/td>\n<\/tr>\n<tr>\n<td>Caracter\u00edsticas de hardware<\/td>\n<\/tr>\n<tr>\n<td>Est\u00e1ndares y protocolos ieee 802.3, ieee 802.3u, ieee 802.3x  csma \/ cd<\/td>\n<\/tr>\n<tr>\n<td>Interfaz 8 puertos 10\/100mbps, negociaci\u00f3n autom\u00e1tica, auto-mdi\/mdix<\/td>\n<\/tr>\n<tr>\n<td>Cantidad de ventiladores sin ventilador<\/td>\n<\/tr>\n<tr>\n<td>Fuente de alimentaci\u00f3n adaptador de corriente externo<\/td>\n<\/tr>\n<tr>\n<td>Consumo de energ\u00eda m\u00e1ximo: 2.05w (220v\/50hz)<\/td>\n<\/tr>\n<tr>\n<td>Fuente de alimentaci\u00f3n externa 100-240vac, 50 \/ 60hz<\/td>\n<\/tr>\n<tr>\n<td>Tama\u00f1o de b\u00fafer 768kb<\/td>\n<\/tr>\n<tr>\n<td>Velocidad de datos 10\/100mbps en half duplex;<\/td>\n<\/tr>\n<tr>\n<td>20\/200mbps en full duplex<\/td>\n<\/tr>\n<tr>\n<td>Indicador led potencia, 1, 2, 3, 4, 5, 6, 7, 8<\/td>\n<\/tr>\n<tr>\n<td>Dimensiones (w x d x h) 5.3*3.1*0.9 pulg. (134.5*79*22.5mm)<\/td>\n<\/tr>\n<tr>\n<td>Consumo m\u00e1ximo de energ\u00eda 2.05w (220v \/ 50hz)<\/td>\n<\/tr>\n<tr>\n<td>Disipaci\u00f3n m\u00e1xima de calor 6.99btu \/ h<\/td>\n<\/tr>\n<tr>\n<td>Caracter\u00edsticas de software<\/td>\n<\/tr>\n<tr>\n<td>M\u00e9todo de transferencia almacenamiento y env\u00edo<\/td>\n<\/tr>\n<tr>\n<td>Funciones avanzadas tecnolog\u00eda ecol\u00f3gica, ahorro de energ\u00eda hasta un 60%<\/td>\n<\/tr>\n<tr>\n<td>802.3x control de flujo<\/td>\n<\/tr>\n<tr>\n<td>Otros<\/td>\n<\/tr>\n<tr>\n<td>Certificaci\u00f3n: fcc, ce, rohs<\/td>\n<\/tr>\n<tr>\n<td>Contenidos del paquete: 8 puertos 10\/100mbps de escritorio  \/  adaptador de poder  \/  gu\u00eda de usuario<\/td>\n<\/tr>\n<tr>\n<td>Ambiente temperatura de funcionamiento: 0\u00bf~40\u00bf (32\u00bf~104\u00bf)<\/td>\n<\/tr>\n<tr>\n<td>Temperatura de almacenamiento: -40\u00bf~70\u00bf (-40\u00bf~158\u00bf)<\/td>\n<\/tr>\n<tr>\n<td>Humedad de funcionamiento: 10%~90% sin condensaci\u00f3n<\/td>\n<\/tr>\n<tr>\n<td>Humedad de almacenamiento: 5%~90% sin condensaci\u00f3n<\/td>\n<\/tr>\n<\/table>\n","protected":false},"excerpt":{"rendered":"<p>Switch de escritorio de 8 puertos de 10\/100mbps. Tl-sf1008d. * 8 puertos rj45 de auto-negociaci\u00f3n de10\/100mbps, soporta auto mdi\/mdix. * la tecnolog\u00eda green ethernet ahora energ\u00eda hasta del 60. * el control de flujo de ieee 802.3x proporciona una transferencia de datos confiable. * cubierta de pl\u00e1stico, dise\u00f1o de escritorio. * plug and play (conecte y use), no se requiere configuraci\u00f3n. El switch fast ethernet tl-sf1008d est\u00e1 dise\u00f1ado para las oficinas peque\u00f1as y reducidos grupos de trabajo. Los 8 puertos soportan mdi\/mdix autom\u00e1tico, lo que le evita tener que preocuparse de qu\u00e9 cable debe utilizar: s\u00f3lo tiene que enchufarlo y listo. Adem\u00e1s, gracias a su innovadora tecnolog\u00eda de eficiencia energ\u00e9tica, el tl-sf1008d ahorra hasta un 60%* de energ\u00eda el\u00e9ctrica, lo que lo convierte en una soluci\u00f3n ecol\u00f3gica para la red de su negocio. Alto rendimiento. El switch fast ethernet tl-sf1008d incorpora 8 puertos rj45 a 10\/100 mbps con negociaci\u00f3n autom\u00e1tica de velocidad. Todos los puertos soportan la funci\u00f3n auto mdi\/mdix, lo que elimina la necesidad de emplear un cable cruzado o puertos tipo uplink. El tl-sf1008d dispone de arquitectura de switching sin bloqueos de reenv\u00edo y filtrado de paquetes a la m\u00e1xima velocidad del cable para obtener un rendimiento \u00f3ptimo. Soporta 10 k de jumbo frame, lo que mejora significativamente el rendimiento de las transferencias de archivos de gran tama\u00f1o. Adem\u00e1s, su soporte para el control de flujo ieee 802.3x en modo full duplex y back-pressure en modo half duplex, permite al tl-sf1008d aliviar la congesti\u00f3n del tr\u00e1fico as\u00ed como aumentar la fiabilidad de funcionamiento. Tecnolog\u00eda ecol\u00f3gica de tp-link. El switch fast ethernet de nueva generaci\u00f3n tl-sf1008d incorpora la m\u00e1s innovadora y reciente tecnolog\u00eda de eficiencia energ\u00e9tica. Ello le permite ampliar la capacidad de su red empleando mucha menos energ\u00eda el\u00e9ctrica. Ajusta autom\u00e1ticamente el consumo de energ\u00eda de acuerdo con el estado del enlace y la longitud del cable, limitando as\u00ed la huella de carbono de su red. As\u00ed mismo, cumple con el est\u00e1ndar rohs de la uni\u00f3n europea que proh\u00edbe el uso de ciertos materiales considerados como peligrosos. Adem\u00e1s, puede reciclarse hasta el 70% del material que compone su embalaje.<\/p>\n","protected":false},"featured_media":221538,"comment_status":"open","ping_status":"open","template":"","meta":[],"product_cat":[1563,1564],"product_tag":[1562],"acf":[],"yoast_head":"<!-- This site is optimized with the Yoast SEO plugin v21.7 - https:\/\/yoast.com\/wordpress\/plugins\/seo\/ -->\n<title>[ Tp Link ] &#129351; Tl-sf1008d Switch | Tp-link | | 8 Puertos Rj45 10\/100 Mbps | No Administrable | Para Escritorio<\/title>\n<meta name=\"description\" content=\"Compra Tl-sf1008d Switch | Tp-link | | 8 Puertos Rj45 10\/100 Mbps | No Administrable | Para Escritorio + Env\u00edo a domicilio + Pago seguro + Garant\u00eda\" \/>\n<meta name=\"robots\" content=\"index, follow, max-snippet:-1, max-image-preview:large, max-video-preview:-1\" \/>\n<link rel=\"canonical\" href=\"https:\/\/compuviper.mx\/tienda\/producto\/tp-link-tl-sf1008d-switch-tp-link-8-puertos-rj45-10-100-mbps-no-administrable-para-escritorio\/\" \/>\n<meta property=\"og:locale\" content=\"es_MX\" \/>\n<meta property=\"og:type\" content=\"article\" \/>\n<meta property=\"og:title\" content=\"[ Tp Link ] &#129351; Tl-sf1008d Switch | Tp-link | | 8 Puertos Rj45 10\/100 Mbps | No Administrable | Para Escritorio\" \/>\n<meta property=\"og:description\" content=\"Compra Tl-sf1008d Switch | Tp-link | | 8 Puertos Rj45 10\/100 Mbps | No Administrable | Para Escritorio + Env\u00edo a domicilio + Pago seguro + Garant\u00eda\" \/>\n<meta property=\"og:url\" content=\"https:\/\/compuviper.mx\/tienda\/producto\/tp-link-tl-sf1008d-switch-tp-link-8-puertos-rj45-10-100-mbps-no-administrable-para-escritorio\/\" \/>\n<meta property=\"og:site_name\" content=\"Compuviper\" \/>\n<meta property=\"article:publisher\" content=\"https:\/\/www.facebook.com\/compuviper\" \/>\n<meta property=\"article:modified_time\" content=\"2026-04-25T07:08:21+00:00\" \/>\n<meta property=\"og:image\" content=\"https:\/\/compuviper.mx\/tienda\/wp-content\/uploads\/2023\/12\/Switch-tp-link-tl-sf1008d-8-puertos-rj45-10100-mbps-no-administrable-para-escritorio.jpg\" \/>\n\t<meta property=\"og:image:width\" content=\"200\" \/>\n\t<meta property=\"og:image:height\" content=\"200\" \/>\n\t<meta property=\"og:image:type\" content=\"image\/jpeg\" \/>\n<meta name=\"twitter:card\" content=\"summary_large_image\" \/>\n<meta name=\"twitter:label1\" content=\"Precio\" \/>\n\t<meta name=\"twitter:data1\" content=\"&#36;154 con IVA\" \/>\n\t<meta name=\"twitter:label2\" content=\"Availability\" \/>\n\t<meta name=\"twitter:data2\" content=\"In stock\" \/>\n<script type=\"application\/ld+json\" class=\"yoast-schema-graph\">{\"@context\":\"https:\/\/schema.org\",\"@graph\":[{\"@type\":\"WebPage\",\"@id\":\"https:\/\/compuviper.mx\/tienda\/producto\/tp-link-tl-sf1008d-switch-tp-link-8-puertos-rj45-10-100-mbps-no-administrable-para-escritorio\/\",\"url\":\"https:\/\/compuviper.mx\/tienda\/producto\/tp-link-tl-sf1008d-switch-tp-link-8-puertos-rj45-10-100-mbps-no-administrable-para-escritorio\/\",\"name\":\"[ Tp Link ] &#129351; Tl-sf1008d Switch | Tp-link | | 8 Puertos Rj45 10\/100 Mbps | No Administrable | Para Escritorio\",\"isPartOf\":{\"@id\":\"https:\/\/compuviper.mx\/tienda\/#website\"},\"datePublished\":\"2026-04-25T07:08:20+00:00\",\"dateModified\":\"2026-04-25T07:08:21+00:00\",\"description\":\"Compra Tl-sf1008d Switch | Tp-link | | 8 Puertos Rj45 10\/100 Mbps | No Administrable | Para Escritorio + Env\u00edo a domicilio + Pago seguro + Garant\u00eda\",\"breadcrumb\":{\"@id\":\"https:\/\/compuviper.mx\/tienda\/producto\/tp-link-tl-sf1008d-switch-tp-link-8-puertos-rj45-10-100-mbps-no-administrable-para-escritorio\/#breadcrumb\"},\"inLanguage\":\"es-MX\",\"potentialAction\":[{\"@type\":\"ReadAction\",\"target\":[\"https:\/\/compuviper.mx\/tienda\/producto\/tp-link-tl-sf1008d-switch-tp-link-8-puertos-rj45-10-100-mbps-no-administrable-para-escritorio\/\"]}]},{\"@type\":\"BreadcrumbList\",\"@id\":\"https:\/\/compuviper.mx\/tienda\/producto\/tp-link-tl-sf1008d-switch-tp-link-8-puertos-rj45-10-100-mbps-no-administrable-para-escritorio\/#breadcrumb\",\"itemListElement\":[{\"@type\":\"ListItem\",\"position\":1,\"name\":\"Inicio\",\"item\":\"https:\/\/compuviper.mx\/tienda\/\"},{\"@type\":\"ListItem\",\"position\":2,\"name\":\"Productos\",\"item\":\"https:\/\/compuviper.mx\/tienda\/productos\/\"},{\"@type\":\"ListItem\",\"position\":3,\"name\":\"Redes\",\"item\":\"https:\/\/compuviper.mx\/tienda\/categoria-producto\/redes\/\"},{\"@type\":\"ListItem\",\"position\":4,\"name\":\"Switch\",\"item\":\"https:\/\/compuviper.mx\/tienda\/categoria-producto\/redes\/switch\/\"},{\"@type\":\"ListItem\",\"position\":5,\"name\":\"Tp Link Tl-sf1008d Switch | Tp-link | | 8 Puertos Rj45 10\/100 Mbps | No Administrable | Para Escritorio\"}]},{\"@type\":\"WebSite\",\"@id\":\"https:\/\/compuviper.mx\/tienda\/#website\",\"url\":\"https:\/\/compuviper.mx\/tienda\/\",\"name\":\"Compuviper\",\"description\":\"Proveedor de Computadoras, Laptops, Servidores, Monitores, Puntos de Venta, Teclados,   Impresoras, T\u00f3ner, C\u00e1maras de Seguridad y m\u00e1s en tu tienda en l\u00ednea\",\"publisher\":{\"@id\":\"https:\/\/compuviper.mx\/tienda\/#organization\"},\"potentialAction\":[{\"@type\":\"SearchAction\",\"target\":{\"@type\":\"EntryPoint\",\"urlTemplate\":\"https:\/\/compuviper.mx\/tienda\/?s={search_term_string}\"},\"query-input\":\"required name=search_term_string\"}],\"inLanguage\":\"es-MX\"},{\"@type\":\"Organization\",\"@id\":\"https:\/\/compuviper.mx\/tienda\/#organization\",\"name\":\"Compuviper\",\"url\":\"https:\/\/compuviper.mx\/tienda\/\",\"logo\":{\"@type\":\"ImageObject\",\"inLanguage\":\"es-MX\",\"@id\":\"https:\/\/compuviper.mx\/tienda\/#\/schema\/logo\/image\/\",\"url\":\"https:\/\/compuviper.mx\/tienda\/wp-content\/uploads\/2021\/08\/Logo-Compuviper-10.png\",\"contentUrl\":\"https:\/\/compuviper.mx\/tienda\/wp-content\/uploads\/2021\/08\/Logo-Compuviper-10.png\",\"width\":1000,\"height\":500,\"caption\":\"Compuviper\"},\"image\":{\"@id\":\"https:\/\/compuviper.mx\/tienda\/#\/schema\/logo\/image\/\"},\"sameAs\":[\"https:\/\/www.facebook.com\/compuviper\",\"https:\/\/www.youtube.com\/channel\/UCf73dERp9Y3cfOq7q8BhLjA?view_as=subscriber\"]}]}<\/script>\n<meta property=\"product:brand\" content=\"TP LINK\" \/>\n<meta property=\"product:price:amount\" content=\"154\" \/>\n<meta property=\"product:price:currency\" content=\"MXN\" \/>\n<meta property=\"og:availability\" content=\"instock\" \/>\n<meta property=\"product:availability\" content=\"instock\" \/>\n<meta property=\"product:retailer_item_id\" content=\"TL-SF1008D\" \/>\n<meta property=\"product:condition\" content=\"new\" \/>\n<!-- \/ Yoast SEO plugin. -->","yoast_head_json":{"title":"[ Tp Link ] &#129351; Tl-sf1008d Switch | Tp-link | | 8 Puertos Rj45 10\/100 Mbps | No Administrable | Para Escritorio","description":"Compra Tl-sf1008d Switch | Tp-link | | 8 Puertos Rj45 10\/100 Mbps | No Administrable | Para Escritorio + Env\u00edo a domicilio + Pago seguro + Garant\u00eda","robots":{"index":"index","follow":"follow","max-snippet":"max-snippet:-1","max-image-preview":"max-image-preview:large","max-video-preview":"max-video-preview:-1"},"canonical":"https:\/\/compuviper.mx\/tienda\/producto\/tp-link-tl-sf1008d-switch-tp-link-8-puertos-rj45-10-100-mbps-no-administrable-para-escritorio\/","og_locale":"es_MX","og_type":"article","og_title":"[ Tp Link ] &#129351; Tl-sf1008d Switch | Tp-link | | 8 Puertos Rj45 10\/100 Mbps | No Administrable | Para Escritorio","og_description":"Compra Tl-sf1008d Switch | Tp-link | | 8 Puertos Rj45 10\/100 Mbps | No Administrable | Para Escritorio + Env\u00edo a domicilio + Pago seguro + Garant\u00eda","og_url":"https:\/\/compuviper.mx\/tienda\/producto\/tp-link-tl-sf1008d-switch-tp-link-8-puertos-rj45-10-100-mbps-no-administrable-para-escritorio\/","og_site_name":"Compuviper","article_publisher":"https:\/\/www.facebook.com\/compuviper","article_modified_time":"2026-04-25T07:08:21+00:00","og_image":[{"width":200,"height":200,"url":"https:\/\/compuviper.mx\/tienda\/wp-content\/uploads\/2023\/12\/Switch-tp-link-tl-sf1008d-8-puertos-rj45-10100-mbps-no-administrable-para-escritorio.jpg","type":"image\/jpeg"}],"twitter_card":"summary_large_image","twitter_misc":{"Precio":"&#36;154 con IVA","Availability":"In stock"},"schema":{"@context":"https:\/\/schema.org","@graph":[{"@type":"WebPage","@id":"https:\/\/compuviper.mx\/tienda\/producto\/tp-link-tl-sf1008d-switch-tp-link-8-puertos-rj45-10-100-mbps-no-administrable-para-escritorio\/","url":"https:\/\/compuviper.mx\/tienda\/producto\/tp-link-tl-sf1008d-switch-tp-link-8-puertos-rj45-10-100-mbps-no-administrable-para-escritorio\/","name":"[ Tp Link ] &#129351; Tl-sf1008d Switch | Tp-link | | 8 Puertos Rj45 10\/100 Mbps | No Administrable | Para Escritorio","isPartOf":{"@id":"https:\/\/compuviper.mx\/tienda\/#website"},"datePublished":"2026-04-25T07:08:20+00:00","dateModified":"2026-04-25T07:08:21+00:00","description":"Compra Tl-sf1008d Switch | Tp-link | | 8 Puertos Rj45 10\/100 Mbps | No Administrable | Para Escritorio + Env\u00edo a domicilio + Pago seguro + Garant\u00eda","breadcrumb":{"@id":"https:\/\/compuviper.mx\/tienda\/producto\/tp-link-tl-sf1008d-switch-tp-link-8-puertos-rj45-10-100-mbps-no-administrable-para-escritorio\/#breadcrumb"},"inLanguage":"es-MX","potentialAction":[{"@type":"ReadAction","target":["https:\/\/compuviper.mx\/tienda\/producto\/tp-link-tl-sf1008d-switch-tp-link-8-puertos-rj45-10-100-mbps-no-administrable-para-escritorio\/"]}]},{"@type":"BreadcrumbList","@id":"https:\/\/compuviper.mx\/tienda\/producto\/tp-link-tl-sf1008d-switch-tp-link-8-puertos-rj45-10-100-mbps-no-administrable-para-escritorio\/#breadcrumb","itemListElement":[{"@type":"ListItem","position":1,"name":"Inicio","item":"https:\/\/compuviper.mx\/tienda\/"},{"@type":"ListItem","position":2,"name":"Productos","item":"https:\/\/compuviper.mx\/tienda\/productos\/"},{"@type":"ListItem","position":3,"name":"Redes","item":"https:\/\/compuviper.mx\/tienda\/categoria-producto\/redes\/"},{"@type":"ListItem","position":4,"name":"Switch","item":"https:\/\/compuviper.mx\/tienda\/categoria-producto\/redes\/switch\/"},{"@type":"ListItem","position":5,"name":"Tp Link Tl-sf1008d Switch | Tp-link | | 8 Puertos Rj45 10\/100 Mbps | No Administrable | Para Escritorio"}]},{"@type":"WebSite","@id":"https:\/\/compuviper.mx\/tienda\/#website","url":"https:\/\/compuviper.mx\/tienda\/","name":"Compuviper","description":"Proveedor de Computadoras, Laptops, Servidores, Monitores, Puntos de Venta, Teclados,   Impresoras, T\u00f3ner, C\u00e1maras de Seguridad y m\u00e1s en tu tienda en l\u00ednea","publisher":{"@id":"https:\/\/compuviper.mx\/tienda\/#organization"},"potentialAction":[{"@type":"SearchAction","target":{"@type":"EntryPoint","urlTemplate":"https:\/\/compuviper.mx\/tienda\/?s={search_term_string}"},"query-input":"required name=search_term_string"}],"inLanguage":"es-MX"},{"@type":"Organization","@id":"https:\/\/compuviper.mx\/tienda\/#organization","name":"Compuviper","url":"https:\/\/compuviper.mx\/tienda\/","logo":{"@type":"ImageObject","inLanguage":"es-MX","@id":"https:\/\/compuviper.mx\/tienda\/#\/schema\/logo\/image\/","url":"https:\/\/compuviper.mx\/tienda\/wp-content\/uploads\/2021\/08\/Logo-Compuviper-10.png","contentUrl":"https:\/\/compuviper.mx\/tienda\/wp-content\/uploads\/2021\/08\/Logo-Compuviper-10.png","width":1000,"height":500,"caption":"Compuviper"},"image":{"@id":"https:\/\/compuviper.mx\/tienda\/#\/schema\/logo\/image\/"},"sameAs":["https:\/\/www.facebook.com\/compuviper","https:\/\/www.youtube.com\/channel\/UCf73dERp9Y3cfOq7q8BhLjA?view_as=subscriber"]}]},"product_brand":"TP LINK","product_price_amount":"154","product_price_currency":"MXN","og_availability":"instock","product_availability":"instock","product_retailer_item_id":"TL-SF1008D","product_condition":"new"},"_links":{"self":[{"href":"https:\/\/compuviper.mx\/tienda\/wp-json\/wp\/v2\/product\/221537"}],"collection":[{"href":"https:\/\/compuviper.mx\/tienda\/wp-json\/wp\/v2\/product"}],"about":[{"href":"https:\/\/compuviper.mx\/tienda\/wp-json\/wp\/v2\/types\/product"}],"replies":[{"embeddable":true,"href":"https:\/\/compuviper.mx\/tienda\/wp-json\/wp\/v2\/comments?post=221537"}],"wp:featuredmedia":[{"embeddable":true,"href":"https:\/\/compuviper.mx\/tienda\/wp-json\/wp\/v2\/media\/221538"}],"wp:attachment":[{"href":"https:\/\/compuviper.mx\/tienda\/wp-json\/wp\/v2\/media?parent=221537"}],"wp:term":[{"taxonomy":"product_cat","embeddable":true,"href":"https:\/\/compuviper.mx\/tienda\/wp-json\/wp\/v2\/product_cat?post=221537"},{"taxonomy":"product_tag","embeddable":true,"href":"https:\/\/compuviper.mx\/tienda\/wp-json\/wp\/v2\/product_tag?post=221537"}],"curies":[{"name":"wp","href":"https:\/\/api.w.org\/{rel}","templated":true}]}}