{"id":221530,"date":"2026-04-18T01:11:29","date_gmt":"2026-04-18T07:11:29","guid":{"rendered":"https:\/\/compuviper.mx\/tienda\/producto\/vertiv-rdu101-tarjeta-de-comunicacion-liebert-intellislot-para-equipos-linea-gxt5-1-ao-de-garantia\/"},"modified":"2026-04-18T01:11:29","modified_gmt":"2026-04-18T07:11:29","slug":"vertiv-rdu101-tarjeta-de-comunicacin-liebert-intellislot-para-equipos-de-la-lnea-gxt5","status":"publish","type":"product","link":"https:\/\/compuviper.mx\/tienda\/producto\/vertiv-rdu101-tarjeta-de-comunicacin-liebert-intellislot-para-equipos-de-la-lnea-gxt5\/","title":{"rendered":"Vertiv Rdu101 Tarjeta De Comunicacin  Liebert  Intellislot Para Equipos De La Lnea Gxt5"},"content":{"rendered":"<table class=\"descripcion\">\n<tr>\n<td>Tarjeta de comunicacion vertiv liebert rdu101 intellislot para equipos vertiv linea gxt5, 1 a\u00f1o de garantia.<\/td>\n<\/tr>\n<tr>\n<td>Dimensiones, ancho x profundidad x altura:75,5 x 15 x 37 mm (2,97 x 5,2 x 1,45 pulg.)<\/td>\n<\/tr>\n<tr>\n<td>Peso (montado)<\/td>\n<\/tr>\n<tr>\n<td>Neto: 0,2 kg (7 onzas)<\/td>\n<\/tr>\n<tr>\n<td>Env\u00edo: 0,6 kg (1,3 libras)<\/td>\n<\/tr>\n<tr>\n<td>Entorno operativo ambiental: 32 a 104 \u00b0f (0 a 40 \u00b0c), 10 % a 90 % hr (sin condensaci\u00f3n)<\/td>\n<\/tr>\n<tr>\n<td>Temperatura ambiente de almacenamiento: -4 a 140 \u00b0f (-20 a 60 \u00b0c)<\/td>\n<\/tr>\n<tr>\n<td>Puertos de comunicaci\u00f3n: comunicaci\u00f3n ethernet \/ rj-45<\/td>\n<\/tr>\n<tr>\n<td>Conector ethernet 10\/100 mb\/s rj-45 &#8211; conector de un cable 328 pies (100 m)<\/td>\n<\/tr>\n<tr>\n<td>Cable est\u00e1ndar de categor\u00eda 5e sensor de un cable integrado liebert\u00ae, cable o cat 5e de 2 m a modular 1-wire 65,6 pies (20 m)<\/td>\n<\/tr>\n<\/table>\n","protected":false},"excerpt":{"rendered":"<p>Tarjeta de comunicacion vertiv liebert rdu101 intellislot para equipos vertiv linea gxt5, 1 a\u00f1o de garantia. El rdu101 emplea redes ethernet para monitorear y. Administrar una amplia gama de par\u00e1metros. Operativos, alarmas y notificaciones.<\/p>\n","protected":false},"featured_media":234197,"comment_status":"open","ping_status":"open","template":"","meta":[],"product_cat":[1563,1572],"product_tag":[2173],"acf":[],"yoast_head":"<!-- This site is optimized with the Yoast SEO plugin v21.7 - https:\/\/yoast.com\/wordpress\/plugins\/seo\/ -->\n<title>[ Vertiv ] &#129351; Rdu101 Tarjeta De Comunicacin Liebert Intellislot Para Equipos De La Lnea Gxt5<\/title>\n<meta name=\"description\" content=\"Compra Rdu101 Tarjeta De Comunicacin Liebert Intellislot Para Equipos De La Lnea Gxt5 + Env\u00edo a domicilio + Pago seguro + Garant\u00eda\" \/>\n<meta name=\"robots\" content=\"index, follow, max-snippet:-1, max-image-preview:large, max-video-preview:-1\" \/>\n<link rel=\"canonical\" href=\"https:\/\/compuviper.mx\/tienda\/producto\/vertiv-rdu101-tarjeta-de-comunicacin-liebert-intellislot-para-equipos-de-la-lnea-gxt5\/\" \/>\n<meta property=\"og:locale\" content=\"es_MX\" \/>\n<meta property=\"og:type\" content=\"article\" \/>\n<meta property=\"og:title\" content=\"[ Vertiv ] &#129351; Rdu101 Tarjeta De Comunicacin Liebert Intellislot Para Equipos De La Lnea Gxt5\" \/>\n<meta property=\"og:description\" content=\"Compra Rdu101 Tarjeta De Comunicacin Liebert Intellislot Para Equipos De La Lnea Gxt5 + Env\u00edo a domicilio + Pago seguro + Garant\u00eda\" \/>\n<meta property=\"og:url\" content=\"https:\/\/compuviper.mx\/tienda\/producto\/vertiv-rdu101-tarjeta-de-comunicacin-liebert-intellislot-para-equipos-de-la-lnea-gxt5\/\" \/>\n<meta property=\"og:site_name\" content=\"Compuviper\" \/>\n<meta property=\"article:publisher\" content=\"https:\/\/www.facebook.com\/compuviper\" \/>\n<meta property=\"og:image\" content=\"https:\/\/compuviper.mx\/tienda\/wp-content\/uploads\/2024\/05\/Rdu101-tarjeta-de-comunicacion-vertiv-liebert-rdu101-intellislot-para-equipos-vertiv-linea-gxt5-1-ano-de-garantia.jpg\" \/>\n\t<meta property=\"og:image:width\" content=\"200\" \/>\n\t<meta property=\"og:image:height\" content=\"200\" \/>\n\t<meta property=\"og:image:type\" content=\"image\/jpeg\" \/>\n<meta name=\"twitter:card\" content=\"summary_large_image\" \/>\n<meta name=\"twitter:label1\" content=\"Precio\" \/>\n\t<meta name=\"twitter:data1\" content=\"&#36;3,185 con IVA\" \/>\n\t<meta name=\"twitter:label2\" content=\"Availability\" \/>\n\t<meta name=\"twitter:data2\" content=\"On backorder\" \/>\n<script type=\"application\/ld+json\" class=\"yoast-schema-graph\">{\"@context\":\"https:\/\/schema.org\",\"@graph\":[{\"@type\":\"WebPage\",\"@id\":\"https:\/\/compuviper.mx\/tienda\/producto\/vertiv-rdu101-tarjeta-de-comunicacin-liebert-intellislot-para-equipos-de-la-lnea-gxt5\/\",\"url\":\"https:\/\/compuviper.mx\/tienda\/producto\/vertiv-rdu101-tarjeta-de-comunicacin-liebert-intellislot-para-equipos-de-la-lnea-gxt5\/\",\"name\":\"[ Vertiv ] &#129351; Rdu101 Tarjeta De Comunicacin Liebert Intellislot Para Equipos De La Lnea Gxt5\",\"isPartOf\":{\"@id\":\"https:\/\/compuviper.mx\/tienda\/#website\"},\"datePublished\":\"2026-04-18T07:11:29+00:00\",\"dateModified\":\"2026-04-18T07:11:29+00:00\",\"description\":\"Compra Rdu101 Tarjeta De Comunicacin Liebert Intellislot Para Equipos De La Lnea Gxt5 + Env\u00edo a domicilio + Pago seguro + Garant\u00eda\",\"breadcrumb\":{\"@id\":\"https:\/\/compuviper.mx\/tienda\/producto\/vertiv-rdu101-tarjeta-de-comunicacin-liebert-intellislot-para-equipos-de-la-lnea-gxt5\/#breadcrumb\"},\"inLanguage\":\"es-MX\",\"potentialAction\":[{\"@type\":\"ReadAction\",\"target\":[\"https:\/\/compuviper.mx\/tienda\/producto\/vertiv-rdu101-tarjeta-de-comunicacin-liebert-intellislot-para-equipos-de-la-lnea-gxt5\/\"]}]},{\"@type\":\"BreadcrumbList\",\"@id\":\"https:\/\/compuviper.mx\/tienda\/producto\/vertiv-rdu101-tarjeta-de-comunicacin-liebert-intellislot-para-equipos-de-la-lnea-gxt5\/#breadcrumb\",\"itemListElement\":[{\"@type\":\"ListItem\",\"position\":1,\"name\":\"Inicio\",\"item\":\"https:\/\/compuviper.mx\/tienda\/\"},{\"@type\":\"ListItem\",\"position\":2,\"name\":\"Productos\",\"item\":\"https:\/\/compuviper.mx\/tienda\/productos\/\"},{\"@type\":\"ListItem\",\"position\":3,\"name\":\"Redes\",\"item\":\"https:\/\/compuviper.mx\/tienda\/categoria-producto\/redes\/\"},{\"@type\":\"ListItem\",\"position\":4,\"name\":\"Tarjetas De Red\",\"item\":\"https:\/\/compuviper.mx\/tienda\/categoria-producto\/redes\/tarjetas-de-red\/\"},{\"@type\":\"ListItem\",\"position\":5,\"name\":\"Vertiv Rdu101 Tarjeta De Comunicacin Liebert Intellislot Para Equipos De La Lnea Gxt5\"}]},{\"@type\":\"WebSite\",\"@id\":\"https:\/\/compuviper.mx\/tienda\/#website\",\"url\":\"https:\/\/compuviper.mx\/tienda\/\",\"name\":\"Compuviper\",\"description\":\"Proveedor de Computadoras, Laptops, Servidores, Monitores, Puntos de Venta, Teclados,   Impresoras, T\u00f3ner, C\u00e1maras de Seguridad y m\u00e1s en tu tienda en l\u00ednea\",\"publisher\":{\"@id\":\"https:\/\/compuviper.mx\/tienda\/#organization\"},\"potentialAction\":[{\"@type\":\"SearchAction\",\"target\":{\"@type\":\"EntryPoint\",\"urlTemplate\":\"https:\/\/compuviper.mx\/tienda\/?s={search_term_string}\"},\"query-input\":\"required name=search_term_string\"}],\"inLanguage\":\"es-MX\"},{\"@type\":\"Organization\",\"@id\":\"https:\/\/compuviper.mx\/tienda\/#organization\",\"name\":\"Compuviper\",\"url\":\"https:\/\/compuviper.mx\/tienda\/\",\"logo\":{\"@type\":\"ImageObject\",\"inLanguage\":\"es-MX\",\"@id\":\"https:\/\/compuviper.mx\/tienda\/#\/schema\/logo\/image\/\",\"url\":\"https:\/\/compuviper.mx\/tienda\/wp-content\/uploads\/2021\/08\/Logo-Compuviper-10.png\",\"contentUrl\":\"https:\/\/compuviper.mx\/tienda\/wp-content\/uploads\/2021\/08\/Logo-Compuviper-10.png\",\"width\":1000,\"height\":500,\"caption\":\"Compuviper\"},\"image\":{\"@id\":\"https:\/\/compuviper.mx\/tienda\/#\/schema\/logo\/image\/\"},\"sameAs\":[\"https:\/\/www.facebook.com\/compuviper\",\"https:\/\/www.youtube.com\/channel\/UCf73dERp9Y3cfOq7q8BhLjA?view_as=subscriber\"]}]}<\/script>\n<meta property=\"product:brand\" content=\"Vertiv\" \/>\n<meta property=\"product:price:amount\" content=\"3185\" \/>\n<meta property=\"product:price:currency\" content=\"MXN\" \/>\n<meta property=\"og:availability\" content=\"backorder\" \/>\n<meta property=\"product:availability\" content=\"available for order\" \/>\n<meta property=\"product:retailer_item_id\" content=\"RDU101\" \/>\n<meta property=\"product:condition\" content=\"new\" \/>\n<!-- \/ Yoast SEO plugin. -->","yoast_head_json":{"title":"[ Vertiv ] &#129351; Rdu101 Tarjeta De Comunicacin Liebert Intellislot Para Equipos De La Lnea Gxt5","description":"Compra Rdu101 Tarjeta De Comunicacin Liebert Intellislot Para Equipos De La Lnea Gxt5 + Env\u00edo a domicilio + Pago seguro + Garant\u00eda","robots":{"index":"index","follow":"follow","max-snippet":"max-snippet:-1","max-image-preview":"max-image-preview:large","max-video-preview":"max-video-preview:-1"},"canonical":"https:\/\/compuviper.mx\/tienda\/producto\/vertiv-rdu101-tarjeta-de-comunicacin-liebert-intellislot-para-equipos-de-la-lnea-gxt5\/","og_locale":"es_MX","og_type":"article","og_title":"[ Vertiv ] &#129351; Rdu101 Tarjeta De Comunicacin Liebert Intellislot Para Equipos De La Lnea Gxt5","og_description":"Compra Rdu101 Tarjeta De Comunicacin Liebert Intellislot Para Equipos De La Lnea Gxt5 + Env\u00edo a domicilio + Pago seguro + Garant\u00eda","og_url":"https:\/\/compuviper.mx\/tienda\/producto\/vertiv-rdu101-tarjeta-de-comunicacin-liebert-intellislot-para-equipos-de-la-lnea-gxt5\/","og_site_name":"Compuviper","article_publisher":"https:\/\/www.facebook.com\/compuviper","og_image":[{"width":200,"height":200,"url":"https:\/\/compuviper.mx\/tienda\/wp-content\/uploads\/2024\/05\/Rdu101-tarjeta-de-comunicacion-vertiv-liebert-rdu101-intellislot-para-equipos-vertiv-linea-gxt5-1-ano-de-garantia.jpg","type":"image\/jpeg"}],"twitter_card":"summary_large_image","twitter_misc":{"Precio":"&#36;3,185 con IVA","Availability":"On backorder"},"schema":{"@context":"https:\/\/schema.org","@graph":[{"@type":"WebPage","@id":"https:\/\/compuviper.mx\/tienda\/producto\/vertiv-rdu101-tarjeta-de-comunicacin-liebert-intellislot-para-equipos-de-la-lnea-gxt5\/","url":"https:\/\/compuviper.mx\/tienda\/producto\/vertiv-rdu101-tarjeta-de-comunicacin-liebert-intellislot-para-equipos-de-la-lnea-gxt5\/","name":"[ Vertiv ] &#129351; Rdu101 Tarjeta De Comunicacin Liebert Intellislot Para Equipos De La Lnea Gxt5","isPartOf":{"@id":"https:\/\/compuviper.mx\/tienda\/#website"},"datePublished":"2026-04-18T07:11:29+00:00","dateModified":"2026-04-18T07:11:29+00:00","description":"Compra Rdu101 Tarjeta De Comunicacin Liebert Intellislot Para Equipos De La Lnea Gxt5 + Env\u00edo a domicilio + Pago seguro + Garant\u00eda","breadcrumb":{"@id":"https:\/\/compuviper.mx\/tienda\/producto\/vertiv-rdu101-tarjeta-de-comunicacin-liebert-intellislot-para-equipos-de-la-lnea-gxt5\/#breadcrumb"},"inLanguage":"es-MX","potentialAction":[{"@type":"ReadAction","target":["https:\/\/compuviper.mx\/tienda\/producto\/vertiv-rdu101-tarjeta-de-comunicacin-liebert-intellislot-para-equipos-de-la-lnea-gxt5\/"]}]},{"@type":"BreadcrumbList","@id":"https:\/\/compuviper.mx\/tienda\/producto\/vertiv-rdu101-tarjeta-de-comunicacin-liebert-intellislot-para-equipos-de-la-lnea-gxt5\/#breadcrumb","itemListElement":[{"@type":"ListItem","position":1,"name":"Inicio","item":"https:\/\/compuviper.mx\/tienda\/"},{"@type":"ListItem","position":2,"name":"Productos","item":"https:\/\/compuviper.mx\/tienda\/productos\/"},{"@type":"ListItem","position":3,"name":"Redes","item":"https:\/\/compuviper.mx\/tienda\/categoria-producto\/redes\/"},{"@type":"ListItem","position":4,"name":"Tarjetas De Red","item":"https:\/\/compuviper.mx\/tienda\/categoria-producto\/redes\/tarjetas-de-red\/"},{"@type":"ListItem","position":5,"name":"Vertiv Rdu101 Tarjeta De Comunicacin Liebert Intellislot Para Equipos De La Lnea Gxt5"}]},{"@type":"WebSite","@id":"https:\/\/compuviper.mx\/tienda\/#website","url":"https:\/\/compuviper.mx\/tienda\/","name":"Compuviper","description":"Proveedor de Computadoras, Laptops, Servidores, Monitores, Puntos de Venta, Teclados,   Impresoras, T\u00f3ner, C\u00e1maras de Seguridad y m\u00e1s en tu tienda en l\u00ednea","publisher":{"@id":"https:\/\/compuviper.mx\/tienda\/#organization"},"potentialAction":[{"@type":"SearchAction","target":{"@type":"EntryPoint","urlTemplate":"https:\/\/compuviper.mx\/tienda\/?s={search_term_string}"},"query-input":"required name=search_term_string"}],"inLanguage":"es-MX"},{"@type":"Organization","@id":"https:\/\/compuviper.mx\/tienda\/#organization","name":"Compuviper","url":"https:\/\/compuviper.mx\/tienda\/","logo":{"@type":"ImageObject","inLanguage":"es-MX","@id":"https:\/\/compuviper.mx\/tienda\/#\/schema\/logo\/image\/","url":"https:\/\/compuviper.mx\/tienda\/wp-content\/uploads\/2021\/08\/Logo-Compuviper-10.png","contentUrl":"https:\/\/compuviper.mx\/tienda\/wp-content\/uploads\/2021\/08\/Logo-Compuviper-10.png","width":1000,"height":500,"caption":"Compuviper"},"image":{"@id":"https:\/\/compuviper.mx\/tienda\/#\/schema\/logo\/image\/"},"sameAs":["https:\/\/www.facebook.com\/compuviper","https:\/\/www.youtube.com\/channel\/UCf73dERp9Y3cfOq7q8BhLjA?view_as=subscriber"]}]},"product_brand":"Vertiv","product_price_amount":"3185","product_price_currency":"MXN","og_availability":"backorder","product_availability":"available for order","product_retailer_item_id":"RDU101","product_condition":"new"},"_links":{"self":[{"href":"https:\/\/compuviper.mx\/tienda\/wp-json\/wp\/v2\/product\/221530"}],"collection":[{"href":"https:\/\/compuviper.mx\/tienda\/wp-json\/wp\/v2\/product"}],"about":[{"href":"https:\/\/compuviper.mx\/tienda\/wp-json\/wp\/v2\/types\/product"}],"replies":[{"embeddable":true,"href":"https:\/\/compuviper.mx\/tienda\/wp-json\/wp\/v2\/comments?post=221530"}],"wp:featuredmedia":[{"embeddable":true,"href":"https:\/\/compuviper.mx\/tienda\/wp-json\/wp\/v2\/media\/234197"}],"wp:attachment":[{"href":"https:\/\/compuviper.mx\/tienda\/wp-json\/wp\/v2\/media?parent=221530"}],"wp:term":[{"taxonomy":"product_cat","embeddable":true,"href":"https:\/\/compuviper.mx\/tienda\/wp-json\/wp\/v2\/product_cat?post=221530"},{"taxonomy":"product_tag","embeddable":true,"href":"https:\/\/compuviper.mx\/tienda\/wp-json\/wp\/v2\/product_tag?post=221530"}],"curies":[{"name":"wp","href":"https:\/\/api.w.org\/{rel}","templated":true}]}}