{"id":221511,"date":"2026-04-18T01:11:21","date_gmt":"2026-04-18T07:11:21","guid":{"rendered":"https:\/\/compuviper.mx\/tienda\/producto\/tp-link-tl-sg105e-switch-tp-link-5-puertos-gigabit-plug-and-play\/"},"modified":"2026-04-18T01:11:22","modified_gmt":"2026-04-18T07:11:22","slug":"tp-link-tl-sg105e-switch-tp-link-5-puertos-gigabit-plug-and-play","status":"publish","type":"product","link":"https:\/\/compuviper.mx\/tienda\/producto\/tp-link-tl-sg105e-switch-tp-link-5-puertos-gigabit-plug-and-play\/","title":{"rendered":"Tp Link Tl-sg105e Switch | Tp-link |  | 5 Puertos | Gigabit | Plug  And  Play"},"content":{"rendered":"<table class=\"descripcion\">\n<tr>\n<td>Caracter\u00edsticas de hardware<\/td>\n<\/tr>\n<tr>\n<td>Est\u00e1ndares y protocolos ieee 802.3, ieee 802.3u, ieee 802.3ab, ieee 802.3x, ieee 802.1q, ieee 802.1p<\/td>\n<\/tr>\n<tr>\n<td>Interface 5 puertos rj45 10\/100\/1000mbps<\/td>\n<\/tr>\n<tr>\n<td>Auto negociaci\u00f3n\/auto mdi\/mdix<\/td>\n<\/tr>\n<tr>\n<td>Medios de red 10base-t: utp category 3, 4, 5 cable (maximum 100m)<\/td>\n<\/tr>\n<tr>\n<td>Eia\/tia-568 100 and #937; stp (maximum 100m)<\/td>\n<\/tr>\n<tr>\n<td>100base-tx: utp category 5, 5e cable (maximum 100m)<\/td>\n<\/tr>\n<tr>\n<td>Eia\/tia-568 100 and #937; stp (maximum 100m)<\/td>\n<\/tr>\n<tr>\n<td>1000base-t: utp category 5, 5e, 6 or above cable (maximum 100m)<\/td>\n<\/tr>\n<tr>\n<td>Eia\/tia-568 100 and #937; stp (maximum 100m)<\/td>\n<\/tr>\n<tr>\n<td>Cantidad de ventiladores sin ventilador<\/td>\n<\/tr>\n<tr>\n<td>Fuente de alimentaci\u00f3n 100-240vac, 50\/60hz<\/td>\n<\/tr>\n<tr>\n<td>Dimensiones (w x d x h) 3.9 * 3.9 *1.0 pulg. (100 * 98 *25 mm)<\/td>\n<\/tr>\n<tr>\n<td>Consumo m\u00e1ximo de energ\u00eda 2.82 w (220 v\/ 50 hz)<\/td>\n<\/tr>\n<tr>\n<td>Disipaci\u00f3n m\u00e1xima de calor 9.62 btu\/h<\/td>\n<\/tr>\n<tr>\n<td>Rendimiento<\/td>\n<\/tr>\n<tr>\n<td>Tasa de reenv\u00edo de paquetes 7.4mpps<\/td>\n<\/tr>\n<tr>\n<td>Tabla de mac address 8k<\/td>\n<\/tr>\n<tr>\n<td>Paquetes de memoria de b\u00fafer 16kb<\/td>\n<\/tr>\n<tr>\n<td>Jumbo frame 16kb<\/td>\n<\/tr>\n<tr>\n<td>Caracter\u00edsticas de software<\/td>\n<\/tr>\n<tr>\n<td>Calidad de servicio soporte basado en puerto \/ prioridad basado 802.1p<\/td>\n<\/tr>\n<tr>\n<td>Soporta 4 colas de prioridad<\/td>\n<\/tr>\n<tr>\n<td>L\u00edmite de la velocidad<\/td>\n<\/tr>\n<tr>\n<td>Control de tormentas<\/td>\n<\/tr>\n<tr>\n<td>L2 features igmp snooping<\/td>\n<\/tr>\n<tr>\n<td>Agregado de enlaces<\/td>\n<\/tr>\n<tr>\n<td>Duplicaci\u00f3n de puertos<\/td>\n<\/tr>\n<tr>\n<td>Diagn\u00f3stico de cable<\/td>\n<\/tr>\n<tr>\n<td>Prevenci\u00f3n loop<\/td>\n<\/tr>\n<tr>\n<td>Vlan soporta hasta 32 vlans simult\u00e1neamente (fuera de 4k vlan ids)<\/td>\n<\/tr>\n<tr>\n<td>Mtu\/port\/tag vlan<\/td>\n<\/tr>\n<tr>\n<td>M\u00e9todo de transmisi\u00f3n almacenar y enviar<\/td>\n<\/tr>\n<tr>\n<td>Otros<\/td>\n<\/tr>\n<tr>\n<td>Certificacion fcc, ce, rohs<\/td>\n<\/tr>\n<tr>\n<td>Contenidos del paquete tl-sg105e<\/td>\n<\/tr>\n<tr>\n<td>Cable de alimentaci\u00f3n<\/td>\n<\/tr>\n<tr>\n<td>Gu\u00eda de insatalaci\u00f3n<\/td>\n<\/tr>\n<tr>\n<td>Cd instalaci\u00f3n<\/td>\n<\/tr>\n<tr>\n<td>Patas de goma<\/td>\n<\/tr>\n<tr>\n<td>Requisitos del sistema microsoft\u00ae windows\u00ae xp, vista\u0099 windows 7 o windows 8, mac\u00ae os, netware\u00ae, unix\u00ae o linux.<\/td>\n<\/tr>\n<tr>\n<td>Ambiente temperatura de funcionamiento: 0 and #8451;~40 and #8451; (32 and #8457;~104 and #8457;)<\/td>\n<\/tr>\n<tr>\n<td>Temperatura de almacenamiento: -40 and #8451;~70 and #8451; (-40 and #8457;~158 and #8457;)<\/td>\n<\/tr>\n<tr>\n<td>Humedad de almacenamiento 10%~90% sin condensaci\u00f3n<\/td>\n<\/tr>\n<tr>\n<td>Humedad de almacenamiento: 5%~90% sin condensaci\u00f3n<\/td>\n<\/tr>\n<\/table>\n","protected":false},"excerpt":{"rendered":"<p>Tl-sg105e. Switch inteligente sencillo gigabit de 5 puertos. \u0095 5 puertos rj45 10\/100\/1000mbps. \u0095 proporciona monitoreo de red, priorizaci\u00f3n de tr\u00e1fico y caracter\u00edsticas vlan. \u0095 la tecnolog\u00eda innovadora  de ahorro de energ\u00eda reduce la salida de energ\u00eda hasta en un 75. \u0095 configuraci\u00f3n simple de red con la conexi\u00f3n plug  and  play conecta y usa. \u0095 administraci\u00f3n central de todos los switches inteligentes sencillos  con la utilidad de configuraci\u00f3n inteligente sencilla.<\/p>\n","protected":false},"featured_media":221512,"comment_status":"open","ping_status":"open","template":"","meta":[],"product_cat":[1563,1564],"product_tag":[1562],"acf":[],"yoast_head":"<!-- This site is optimized with the Yoast SEO plugin v21.7 - https:\/\/yoast.com\/wordpress\/plugins\/seo\/ -->\n<title>[ Tp Link ] &#129351; Tl-sg105e Switch | Tp-link | | 5 Puertos | Gigabit | Plug And Play<\/title>\n<meta name=\"description\" content=\"Compra Tl-sg105e Switch | Tp-link | | 5 Puertos | Gigabit | Plug And Play + Env\u00edo a domicilio + Pago seguro + Garant\u00eda\" \/>\n<meta name=\"robots\" content=\"index, follow, max-snippet:-1, max-image-preview:large, max-video-preview:-1\" \/>\n<link rel=\"canonical\" href=\"https:\/\/compuviper.mx\/tienda\/producto\/tp-link-tl-sg105e-switch-tp-link-5-puertos-gigabit-plug-and-play\/\" \/>\n<meta property=\"og:locale\" content=\"es_MX\" \/>\n<meta property=\"og:type\" content=\"article\" \/>\n<meta property=\"og:title\" content=\"[ Tp Link ] &#129351; Tl-sg105e Switch | Tp-link | | 5 Puertos | Gigabit | Plug And Play\" \/>\n<meta property=\"og:description\" content=\"Compra Tl-sg105e Switch | Tp-link | | 5 Puertos | Gigabit | Plug And Play + Env\u00edo a domicilio + Pago seguro + Garant\u00eda\" \/>\n<meta property=\"og:url\" content=\"https:\/\/compuviper.mx\/tienda\/producto\/tp-link-tl-sg105e-switch-tp-link-5-puertos-gigabit-plug-and-play\/\" \/>\n<meta property=\"og:site_name\" content=\"Compuviper\" \/>\n<meta property=\"article:publisher\" content=\"https:\/\/www.facebook.com\/compuviper\" \/>\n<meta property=\"article:modified_time\" content=\"2026-04-18T07:11:22+00:00\" \/>\n<meta property=\"og:image\" content=\"https:\/\/compuviper.mx\/tienda\/wp-content\/uploads\/2023\/12\/Switch-tp-link-tl-sg105e-5-puertos-gigabit-plug-and-play.jpg\" \/>\n\t<meta property=\"og:image:width\" content=\"200\" \/>\n\t<meta property=\"og:image:height\" content=\"200\" \/>\n\t<meta property=\"og:image:type\" content=\"image\/jpeg\" \/>\n<meta name=\"twitter:card\" content=\"summary_large_image\" \/>\n<meta name=\"twitter:label1\" content=\"Precio\" \/>\n\t<meta name=\"twitter:data1\" content=\"&#36;326 con IVA\" \/>\n\t<meta name=\"twitter:label2\" content=\"Availability\" \/>\n\t<meta name=\"twitter:data2\" content=\"Out of stock\" \/>\n<script type=\"application\/ld+json\" class=\"yoast-schema-graph\">{\"@context\":\"https:\/\/schema.org\",\"@graph\":[{\"@type\":\"WebPage\",\"@id\":\"https:\/\/compuviper.mx\/tienda\/producto\/tp-link-tl-sg105e-switch-tp-link-5-puertos-gigabit-plug-and-play\/\",\"url\":\"https:\/\/compuviper.mx\/tienda\/producto\/tp-link-tl-sg105e-switch-tp-link-5-puertos-gigabit-plug-and-play\/\",\"name\":\"[ Tp Link ] &#129351; Tl-sg105e Switch | Tp-link | | 5 Puertos | Gigabit | Plug And Play\",\"isPartOf\":{\"@id\":\"https:\/\/compuviper.mx\/tienda\/#website\"},\"datePublished\":\"2026-04-18T07:11:21+00:00\",\"dateModified\":\"2026-04-18T07:11:22+00:00\",\"description\":\"Compra Tl-sg105e Switch | Tp-link | | 5 Puertos | Gigabit | Plug And Play + Env\u00edo a domicilio + Pago seguro + Garant\u00eda\",\"breadcrumb\":{\"@id\":\"https:\/\/compuviper.mx\/tienda\/producto\/tp-link-tl-sg105e-switch-tp-link-5-puertos-gigabit-plug-and-play\/#breadcrumb\"},\"inLanguage\":\"es-MX\",\"potentialAction\":[{\"@type\":\"ReadAction\",\"target\":[\"https:\/\/compuviper.mx\/tienda\/producto\/tp-link-tl-sg105e-switch-tp-link-5-puertos-gigabit-plug-and-play\/\"]}]},{\"@type\":\"BreadcrumbList\",\"@id\":\"https:\/\/compuviper.mx\/tienda\/producto\/tp-link-tl-sg105e-switch-tp-link-5-puertos-gigabit-plug-and-play\/#breadcrumb\",\"itemListElement\":[{\"@type\":\"ListItem\",\"position\":1,\"name\":\"Inicio\",\"item\":\"https:\/\/compuviper.mx\/tienda\/\"},{\"@type\":\"ListItem\",\"position\":2,\"name\":\"Productos\",\"item\":\"https:\/\/compuviper.mx\/tienda\/productos\/\"},{\"@type\":\"ListItem\",\"position\":3,\"name\":\"Redes\",\"item\":\"https:\/\/compuviper.mx\/tienda\/categoria-producto\/redes\/\"},{\"@type\":\"ListItem\",\"position\":4,\"name\":\"Switch\",\"item\":\"https:\/\/compuviper.mx\/tienda\/categoria-producto\/redes\/switch\/\"},{\"@type\":\"ListItem\",\"position\":5,\"name\":\"Tp Link Tl-sg105e Switch | Tp-link | | 5 Puertos | Gigabit | Plug And Play\"}]},{\"@type\":\"WebSite\",\"@id\":\"https:\/\/compuviper.mx\/tienda\/#website\",\"url\":\"https:\/\/compuviper.mx\/tienda\/\",\"name\":\"Compuviper\",\"description\":\"Proveedor de Computadoras, Laptops, Servidores, Monitores, Puntos de Venta, Teclados,   Impresoras, T\u00f3ner, C\u00e1maras de Seguridad y m\u00e1s en tu tienda en l\u00ednea\",\"publisher\":{\"@id\":\"https:\/\/compuviper.mx\/tienda\/#organization\"},\"potentialAction\":[{\"@type\":\"SearchAction\",\"target\":{\"@type\":\"EntryPoint\",\"urlTemplate\":\"https:\/\/compuviper.mx\/tienda\/?s={search_term_string}\"},\"query-input\":\"required name=search_term_string\"}],\"inLanguage\":\"es-MX\"},{\"@type\":\"Organization\",\"@id\":\"https:\/\/compuviper.mx\/tienda\/#organization\",\"name\":\"Compuviper\",\"url\":\"https:\/\/compuviper.mx\/tienda\/\",\"logo\":{\"@type\":\"ImageObject\",\"inLanguage\":\"es-MX\",\"@id\":\"https:\/\/compuviper.mx\/tienda\/#\/schema\/logo\/image\/\",\"url\":\"https:\/\/compuviper.mx\/tienda\/wp-content\/uploads\/2021\/08\/Logo-Compuviper-10.png\",\"contentUrl\":\"https:\/\/compuviper.mx\/tienda\/wp-content\/uploads\/2021\/08\/Logo-Compuviper-10.png\",\"width\":1000,\"height\":500,\"caption\":\"Compuviper\"},\"image\":{\"@id\":\"https:\/\/compuviper.mx\/tienda\/#\/schema\/logo\/image\/\"},\"sameAs\":[\"https:\/\/www.facebook.com\/compuviper\",\"https:\/\/www.youtube.com\/channel\/UCf73dERp9Y3cfOq7q8BhLjA?view_as=subscriber\"]}]}<\/script>\n<meta property=\"product:brand\" content=\"TP LINK\" \/>\n<meta property=\"product:price:amount\" content=\"326\" \/>\n<meta property=\"product:price:currency\" content=\"MXN\" \/>\n<meta property=\"og:availability\" content=\"out of stock\" \/>\n<meta property=\"product:availability\" content=\"out of stock\" \/>\n<meta property=\"product:retailer_item_id\" content=\"TL-SG105E\" \/>\n<meta property=\"product:condition\" content=\"new\" \/>\n<!-- \/ Yoast SEO plugin. -->","yoast_head_json":{"title":"[ Tp Link ] &#129351; Tl-sg105e Switch | Tp-link | | 5 Puertos | Gigabit | Plug And Play","description":"Compra Tl-sg105e Switch | Tp-link | | 5 Puertos | Gigabit | Plug And Play + Env\u00edo a domicilio + Pago seguro + Garant\u00eda","robots":{"index":"index","follow":"follow","max-snippet":"max-snippet:-1","max-image-preview":"max-image-preview:large","max-video-preview":"max-video-preview:-1"},"canonical":"https:\/\/compuviper.mx\/tienda\/producto\/tp-link-tl-sg105e-switch-tp-link-5-puertos-gigabit-plug-and-play\/","og_locale":"es_MX","og_type":"article","og_title":"[ Tp Link ] &#129351; Tl-sg105e Switch | Tp-link | | 5 Puertos | Gigabit | Plug And Play","og_description":"Compra Tl-sg105e Switch | Tp-link | | 5 Puertos | Gigabit | Plug And Play + Env\u00edo a domicilio + Pago seguro + Garant\u00eda","og_url":"https:\/\/compuviper.mx\/tienda\/producto\/tp-link-tl-sg105e-switch-tp-link-5-puertos-gigabit-plug-and-play\/","og_site_name":"Compuviper","article_publisher":"https:\/\/www.facebook.com\/compuviper","article_modified_time":"2026-04-18T07:11:22+00:00","og_image":[{"width":200,"height":200,"url":"https:\/\/compuviper.mx\/tienda\/wp-content\/uploads\/2023\/12\/Switch-tp-link-tl-sg105e-5-puertos-gigabit-plug-and-play.jpg","type":"image\/jpeg"}],"twitter_card":"summary_large_image","twitter_misc":{"Precio":"&#36;326 con IVA","Availability":"Out of stock"},"schema":{"@context":"https:\/\/schema.org","@graph":[{"@type":"WebPage","@id":"https:\/\/compuviper.mx\/tienda\/producto\/tp-link-tl-sg105e-switch-tp-link-5-puertos-gigabit-plug-and-play\/","url":"https:\/\/compuviper.mx\/tienda\/producto\/tp-link-tl-sg105e-switch-tp-link-5-puertos-gigabit-plug-and-play\/","name":"[ Tp Link ] &#129351; Tl-sg105e Switch | Tp-link | | 5 Puertos | Gigabit | Plug And Play","isPartOf":{"@id":"https:\/\/compuviper.mx\/tienda\/#website"},"datePublished":"2026-04-18T07:11:21+00:00","dateModified":"2026-04-18T07:11:22+00:00","description":"Compra Tl-sg105e Switch | Tp-link | | 5 Puertos | Gigabit | Plug And Play + Env\u00edo a domicilio + Pago seguro + Garant\u00eda","breadcrumb":{"@id":"https:\/\/compuviper.mx\/tienda\/producto\/tp-link-tl-sg105e-switch-tp-link-5-puertos-gigabit-plug-and-play\/#breadcrumb"},"inLanguage":"es-MX","potentialAction":[{"@type":"ReadAction","target":["https:\/\/compuviper.mx\/tienda\/producto\/tp-link-tl-sg105e-switch-tp-link-5-puertos-gigabit-plug-and-play\/"]}]},{"@type":"BreadcrumbList","@id":"https:\/\/compuviper.mx\/tienda\/producto\/tp-link-tl-sg105e-switch-tp-link-5-puertos-gigabit-plug-and-play\/#breadcrumb","itemListElement":[{"@type":"ListItem","position":1,"name":"Inicio","item":"https:\/\/compuviper.mx\/tienda\/"},{"@type":"ListItem","position":2,"name":"Productos","item":"https:\/\/compuviper.mx\/tienda\/productos\/"},{"@type":"ListItem","position":3,"name":"Redes","item":"https:\/\/compuviper.mx\/tienda\/categoria-producto\/redes\/"},{"@type":"ListItem","position":4,"name":"Switch","item":"https:\/\/compuviper.mx\/tienda\/categoria-producto\/redes\/switch\/"},{"@type":"ListItem","position":5,"name":"Tp Link Tl-sg105e Switch | Tp-link | | 5 Puertos | Gigabit | Plug And Play"}]},{"@type":"WebSite","@id":"https:\/\/compuviper.mx\/tienda\/#website","url":"https:\/\/compuviper.mx\/tienda\/","name":"Compuviper","description":"Proveedor de Computadoras, Laptops, Servidores, Monitores, Puntos de Venta, Teclados,   Impresoras, T\u00f3ner, C\u00e1maras de Seguridad y m\u00e1s en tu tienda en l\u00ednea","publisher":{"@id":"https:\/\/compuviper.mx\/tienda\/#organization"},"potentialAction":[{"@type":"SearchAction","target":{"@type":"EntryPoint","urlTemplate":"https:\/\/compuviper.mx\/tienda\/?s={search_term_string}"},"query-input":"required name=search_term_string"}],"inLanguage":"es-MX"},{"@type":"Organization","@id":"https:\/\/compuviper.mx\/tienda\/#organization","name":"Compuviper","url":"https:\/\/compuviper.mx\/tienda\/","logo":{"@type":"ImageObject","inLanguage":"es-MX","@id":"https:\/\/compuviper.mx\/tienda\/#\/schema\/logo\/image\/","url":"https:\/\/compuviper.mx\/tienda\/wp-content\/uploads\/2021\/08\/Logo-Compuviper-10.png","contentUrl":"https:\/\/compuviper.mx\/tienda\/wp-content\/uploads\/2021\/08\/Logo-Compuviper-10.png","width":1000,"height":500,"caption":"Compuviper"},"image":{"@id":"https:\/\/compuviper.mx\/tienda\/#\/schema\/logo\/image\/"},"sameAs":["https:\/\/www.facebook.com\/compuviper","https:\/\/www.youtube.com\/channel\/UCf73dERp9Y3cfOq7q8BhLjA?view_as=subscriber"]}]},"product_brand":"TP LINK","product_price_amount":"326","product_price_currency":"MXN","og_availability":"out of stock","product_availability":"out of stock","product_retailer_item_id":"TL-SG105E","product_condition":"new"},"_links":{"self":[{"href":"https:\/\/compuviper.mx\/tienda\/wp-json\/wp\/v2\/product\/221511"}],"collection":[{"href":"https:\/\/compuviper.mx\/tienda\/wp-json\/wp\/v2\/product"}],"about":[{"href":"https:\/\/compuviper.mx\/tienda\/wp-json\/wp\/v2\/types\/product"}],"replies":[{"embeddable":true,"href":"https:\/\/compuviper.mx\/tienda\/wp-json\/wp\/v2\/comments?post=221511"}],"wp:featuredmedia":[{"embeddable":true,"href":"https:\/\/compuviper.mx\/tienda\/wp-json\/wp\/v2\/media\/221512"}],"wp:attachment":[{"href":"https:\/\/compuviper.mx\/tienda\/wp-json\/wp\/v2\/media?parent=221511"}],"wp:term":[{"taxonomy":"product_cat","embeddable":true,"href":"https:\/\/compuviper.mx\/tienda\/wp-json\/wp\/v2\/product_cat?post=221511"},{"taxonomy":"product_tag","embeddable":true,"href":"https:\/\/compuviper.mx\/tienda\/wp-json\/wp\/v2\/product_tag?post=221511"}],"curies":[{"name":"wp","href":"https:\/\/api.w.org\/{rel}","templated":true}]}}