{"id":221507,"date":"2026-04-18T01:11:20","date_gmt":"2026-04-18T07:11:20","guid":{"rendered":"https:\/\/compuviper.mx\/tienda\/producto\/tp-link-tl-sg3452xp-switch-tp-link-48-puertos-gigabit-administrable-jetstream-4-puertos-10ge-sfp-l2-con-48-puertos-poe\/"},"modified":"2026-04-18T01:11:21","modified_gmt":"2026-04-18T07:11:21","slug":"tp-link-sg3452xptl-sg3452xp-switch-tp-link-sg3452xp-omada-48p-poe-ge-administrable-4sfp-10ge-l2","status":"publish","type":"product","link":"https:\/\/compuviper.mx\/tienda\/producto\/tp-link-sg3452xptl-sg3452xp-switch-tp-link-sg3452xp-omada-48p-poe-ge-administrable-4sfp-10ge-l2\/","title":{"rendered":"Tp Link Sg3452xp,tl-sg3452xp Switch Tp-link Sg3452xp Omada 48p Poe Ge Administrable 4sfp+ 10ge L2"},"content":{"rendered":"<table class=\"descripcion\">\n<tr>\n<td>Caracter\u00edsticas de hardware<\/td>\n<\/tr>\n<tr>\n<td>Interface \u0095 48\u00d7 10\/100\/1000 mbps rj45 poe+ ports<\/td>\n<\/tr>\n<tr>\n<td>\u0095 4\u00d7 10g sfp+ slots<\/td>\n<\/tr>\n<tr>\n<td>\u0095 1\u00d7 rj45 console port<\/td>\n<\/tr>\n<tr>\n<td>\u0095 1\u00d7 micro-usb console port<\/td>\n<\/tr>\n<tr>\n<td>Cantidad de ventiladores 3<\/td>\n<\/tr>\n<tr>\n<td>Fuente de alimentaci\u00f3n 100-240 v ac~50\/60 hz<\/td>\n<\/tr>\n<tr>\n<td>Puertos poe+ (rj45) \u0095 standard: 802.3at\/af compliant<\/td>\n<\/tr>\n<tr>\n<td>\u0095 poe+ ports: 48 ports, up to 30 w per port<\/td>\n<\/tr>\n<tr>\n<td>\u0095 power budget: 500 w*<\/td>\n<\/tr>\n<tr>\n<td>Dimensiones (w x d x h) 17.3 \u00d7 13.0 \u00d7 1.7 in (440 \u00d7 330 \u00d7 44 mm)<\/td>\n<\/tr>\n<tr>\n<td>Montaje rack mountable<\/td>\n<\/tr>\n<tr>\n<td>Consumo m\u00e1ximo de energ\u00eda \u0095 49.19 w (110v\/60hz) ( no pd device connected)<\/td>\n<\/tr>\n<tr>\n<td>\u0095 635.7 w (110v\/60hz) ( with 500 w pd device connected)<\/td>\n<\/tr>\n<tr>\n<td>Disipaci\u00f3n m\u00e1xima de calor \u0095 167.85 btu\/hr (110 v\/60 hz) (no pd connected)<\/td>\n<\/tr>\n<tr>\n<td>\u0095 2169.2 btu\/hr (110 v\/60 hz) (with 500 w pd connected)<\/td>\n<\/tr>\n<tr>\n<td>Rendimiento<\/td>\n<\/tr>\n<tr>\n<td>Capacidad de switcheo 176 gbps<\/td>\n<\/tr>\n<tr>\n<td>Tasa de reenv\u00edo de paquetes 130.9 mpps<\/td>\n<\/tr>\n<tr>\n<td>Tabla de mac address 16 k<\/td>\n<\/tr>\n<tr>\n<td>Paquetes de memoria de b\u00fafer 12 mbit<\/td>\n<\/tr>\n<tr>\n<td>Jumbo frame 9 kb<\/td>\n<\/tr>\n<tr>\n<td>Caracter\u00edsticas de software<\/td>\n<\/tr>\n<tr>\n<td>Calidad de servicio \u0095 8 priority queues<\/td>\n<\/tr>\n<tr>\n<td>\u0095 802.1p cos\/dscp priority<\/td>\n<\/tr>\n<tr>\n<td>\u0095 queue scheduling<\/td>\n<\/tr>\n<tr>\n<td>&#8211; sp (strict priority)<\/td>\n<\/tr>\n<tr>\n<td>&#8211; wrr (weighted round robin)<\/td>\n<\/tr>\n<tr>\n<td>&#8211; sp+wrr<\/td>\n<\/tr>\n<tr>\n<td>\u0095 bandwidth control<\/td>\n<\/tr>\n<tr>\n<td>&#8211; port\/flow based rating limiting<\/td>\n<\/tr>\n<tr>\n<td>\u0095 smoother performance<\/td>\n<\/tr>\n<tr>\n<td>\u0095 action for flows<\/td>\n<\/tr>\n<tr>\n<td>&#8211; mirror (to supported interface)<\/td>\n<\/tr>\n<tr>\n<td>&#8211; redirect (to supported interface)<\/td>\n<\/tr>\n<tr>\n<td>&#8211; rate limit<\/td>\n<\/tr>\n<tr>\n<td>&#8211; qos remark<\/td>\n<\/tr>\n<tr>\n<td>Caracter\u00edsticas de l2 y l2 + \u0095 link aggregation<\/td>\n<\/tr>\n<tr>\n<td>&#8211; static link aggregation<\/td>\n<\/tr>\n<tr>\n<td>&#8211; 802.3ad lacp<\/td>\n<\/tr>\n<tr>\n<td>&#8211; up to 8 aggregation groups, containing 8 ports per group<\/td>\n<\/tr>\n<tr>\n<td>\u0095 spanning tree protocol<\/td>\n<\/tr>\n<tr>\n<td>&#8211; 802.1d stp<\/td>\n<\/tr>\n<tr>\n<td>&#8211; 802.1w rstp<\/td>\n<\/tr>\n<tr>\n<td>&#8211; 802.1s mstp<\/td>\n<\/tr>\n<tr>\n<td>&#8211; stp security: tc protect, bpdu filter, root protect<\/td>\n<\/tr>\n<tr>\n<td>\u0095 loopback detection<\/td>\n<\/tr>\n<tr>\n<td>&#8211; port based<\/td>\n<\/tr>\n<tr>\n<td>&#8211; vlan based<\/td>\n<\/tr>\n<tr>\n<td>\u0095 flow control<\/td>\n<\/tr>\n<tr>\n<td>&#8211; 802.3x flow control<\/td>\n<\/tr>\n<tr>\n<td>&#8211; hol blocking prevention<\/td>\n<\/tr>\n<tr>\n<td>\u0095 mirroring<\/td>\n<\/tr>\n<tr>\n<td>&#8211; port mirroring<\/td>\n<\/tr>\n<tr>\n<td>&#8211; cpu mirroring<\/td>\n<\/tr>\n<tr>\n<td>&#8211; one-to-one<\/td>\n<\/tr>\n<tr>\n<td>&#8211; many-to-one<\/td>\n<\/tr>\n<tr>\n<td>&#8211; tx\/rx\/both<\/td>\n<\/tr>\n<tr>\n<td>L2 multicast \u0095 igmp snooping<\/td>\n<\/tr>\n<tr>\n<td>&#8211; igmp v1\/v2\/v3 snooping<\/td>\n<\/tr>\n<tr>\n<td>&#8211; fast leave<\/td>\n<\/tr>\n<tr>\n<td>&#8211; igmp snooping querier<\/td>\n<\/tr>\n<tr>\n<td>&#8211; igmp authentication<\/td>\n<\/tr>\n<tr>\n<td>\u0095 igmp authentication<\/td>\n<\/tr>\n<tr>\n<td>\u0095 mld snooping<\/td>\n<\/tr>\n<tr>\n<td>&#8211; mld v1\/v2 snooping<\/td>\n<\/tr>\n<tr>\n<td>&#8211; fast leave<\/td>\n<\/tr>\n<tr>\n<td>&#8211; mld snooping querier<\/td>\n<\/tr>\n<tr>\n<td>&#8211; static group config<\/td>\n<\/tr>\n<tr>\n<td>&#8211; limited ip multicast<\/td>\n<\/tr>\n<tr>\n<td>\u0095 mvr<\/td>\n<\/tr>\n<tr>\n<td>\u0095 multicast filtering: 256 profiles and 16 entries per profile<\/td>\n<\/tr>\n<tr>\n<td>Vlan \u0095 vlan group<\/td>\n<\/tr>\n<tr>\n<td>&#8211; max 4k vlan groups<\/td>\n<\/tr>\n<tr>\n<td>\u0095 802.1q tagged vlan<\/td>\n<\/tr>\n<tr>\n<td>\u0095 mac vlan: 30 entries<\/td>\n<\/tr>\n<tr>\n<td>\u0095 protocol vlan: protocol template 16, protocol vlan 16<\/td>\n<\/tr>\n<tr>\n<td>\u0095 private vlan<\/td>\n<\/tr>\n<tr>\n<td>\u0095 gvrp<\/td>\n<\/tr>\n<tr>\n<td>\u0095 vlan vpn (qinq)<\/td>\n<\/tr>\n<tr>\n<td>&#8211; port-based qinq<\/td>\n<\/tr>\n<tr>\n<td>&#8211; selective qinq<\/td>\n<\/tr>\n<tr>\n<td>\u0095 voice vlan<\/td>\n<\/tr>\n<tr>\n<td>Lista de control de acceso \u0095 time-based acl<\/td>\n<\/tr>\n<tr>\n<td>\u0095 mac acl<\/td>\n<\/tr>\n<tr>\n<td>&#8211; source mac<\/td>\n<\/tr>\n<tr>\n<td>&#8211; destination mac<\/td>\n<\/tr>\n<tr>\n<td>&#8211; vlan id<\/td>\n<\/tr>\n<tr>\n<td>&#8211; user priority<\/td>\n<\/tr>\n<tr>\n<td>&#8211; ether type<\/td>\n<\/tr>\n<tr>\n<td>\u0095 ip acl<\/td>\n<\/tr>\n<tr>\n<td>-source ip<\/td>\n<\/tr>\n<tr>\n<td>&#8211; destination ip<\/td>\n<\/tr>\n<tr>\n<td>&#8211; fragment<\/td>\n<\/tr>\n<tr>\n<td>&#8211; ip protocol<\/td>\n<\/tr>\n<tr>\n<td>&#8211; tcp flag<\/td>\n<\/tr>\n<tr>\n<td>&#8211; tcp\/udp port<\/td>\n<\/tr>\n<tr>\n<td>&#8211; dscp\/ip tos<\/td>\n<\/tr>\n<tr>\n<td>&#8211; user priority<\/td>\n<\/tr>\n<tr>\n<td>\u0095 combined acl<\/td>\n<\/tr>\n<tr>\n<td>\u0095 packet content acl<\/td>\n<\/tr>\n<tr>\n<td>\u0095 ipv6 acl<\/td>\n<\/tr>\n<tr>\n<td>\u0095 policy<\/td>\n<\/tr>\n<tr>\n<td>&#8211; mirroring<\/td>\n<\/tr>\n<tr>\n<td>&#8211; redirect<\/td>\n<\/tr>\n<tr>\n<td>&#8211; rate limit<\/td>\n<\/tr>\n<tr>\n<td>&#8211; qos remark<\/td>\n<\/tr>\n<tr>\n<td>\u0095 acl apply to port\/vlan<\/td>\n<\/tr>\n<tr>\n<td>Seguridad \u0095 ip-mac-port binding<\/td>\n<\/tr>\n<tr>\n<td>&#8211; 512 entries<\/td>\n<\/tr>\n<tr>\n<td>&#8211; dhcp snooping<\/td>\n<\/tr>\n<tr>\n<td>&#8211; arp inspection<\/td>\n<\/tr>\n<tr>\n<td>&#8211; ipv4 source guard: 100 entries<\/td>\n<\/tr>\n<tr>\n<td>\u0095 ipv6-mac-port binding<\/td>\n<\/tr>\n<tr>\n<td>&#8211; 512 entries<\/td>\n<\/tr>\n<tr>\n<td>&#8211; dhcpv6 snooping<\/td>\n<\/tr>\n<tr>\n<td>&#8211; nd detection<\/td>\n<\/tr>\n<tr>\n<td>&#8211; ipv6 source guard: 100 entries<\/td>\n<\/tr>\n<tr>\n<td>\u0095 dos defend<\/td>\n<\/tr>\n<tr>\n<td>\u0095 static\/dynamic port security<\/td>\n<\/tr>\n<tr>\n<td>&#8211; up to 64 mac addresses per port<\/td>\n<\/tr>\n<tr>\n<td>\u0095 broadcast\/multicast\/unicast storm control<\/td>\n<\/tr>\n<tr>\n<td>&#8211; kbps\/ratio control mode<\/td>\n<\/tr>\n<tr>\n<td>\u0095 802.1x<\/td>\n<\/tr>\n<tr>\n<td>&#8211; port base authentication<\/td>\n<\/tr>\n<tr>\n<td>&#8211; mac base authentication<\/td>\n<\/tr>\n<tr>\n<td>&#8211; vlan assignment<\/td>\n<\/tr>\n<tr>\n<td>&#8211; mab<\/td>\n<\/tr>\n<tr>\n<td>&#8211; guest vlan<\/td>\n<\/tr>\n<tr>\n<td>&#8211; support radius authentication andaccountability<\/td>\n<\/tr>\n<tr>\n<td>\u0095 aaa (including tacacs+)<\/td>\n<\/tr>\n<tr>\n<td>\u0095 port isolation<\/td>\n<\/tr>\n<tr>\n<td>\u0095 secure web management through https with sslv3\/tls 1.2<\/td>\n<\/tr>\n<tr>\n<td>\u0095 secure command line interface (cli) management with sshv1\/sshv2<\/td>\n<\/tr>\n<tr>\n<td>\u0095 ip\/port\/mac based access control<\/td>\n<\/tr>\n<tr>\n<td>Ipv6 \u0095 ipv6 dual ipv4\/ipv6<\/td>\n<\/tr>\n<tr>\n<td>\u0095 multicast listener discovery (mld) snooping<\/td>\n<\/tr>\n<tr>\n<td>\u0095 ipv6 acl<\/td>\n<\/tr>\n<tr>\n<td>\u0095 ipv6 interface<\/td>\n<\/tr>\n<tr>\n<td>\u0095 static ipv6 routing<\/td>\n<\/tr>\n<tr>\n<td>\u0095 ipv6 neighbor discovery (nd)<\/td>\n<\/tr>\n<tr>\n<td>\u0095 path maximum transmission unit (mtu) discovery<\/td>\n<\/tr>\n<tr>\n<td>\u0095 internet control message protocol (icmp) version 6<\/td>\n<\/tr>\n<tr>\n<td>\u0095 tcpv6\/udpv6<\/td>\n<\/tr>\n<tr>\n<td>\u0095 ipv6 applications<\/td>\n<\/tr>\n<tr>\n<td>&#8211; dhcpv6 client<\/td>\n<\/tr>\n<tr>\n<td>&#8211; ping6<\/td>\n<\/tr>\n<tr>\n<td>&#8211; tracert6<\/td>\n<\/tr>\n<tr>\n<td>&#8211; telnet (v6)<\/td>\n<\/tr>\n<tr>\n<td>&#8211; ipv6 snmp<\/td>\n<\/tr>\n<tr>\n<td>&#8211; ipv6 ssh<\/td>\n<\/tr>\n<tr>\n<td>&#8211; ipv6 ssl<\/td>\n<\/tr>\n<tr>\n<td>&#8211; http\/https<\/td>\n<\/tr>\n<tr>\n<td>&#8211; ipv6 tftp<\/td>\n<\/tr>\n<tr>\n<td>L3 features \u0095 16 ipv4\/ipv6 interfaces<\/td>\n<\/tr>\n<tr>\n<td>\u0095 static routing<\/td>\n<\/tr>\n<tr>\n<td>&#8211; 48 static routes<\/td>\n<\/tr>\n<tr>\n<td>\u0095 static arp<\/td>\n<\/tr>\n<tr>\n<td>&#8211; 128 static entries<\/td>\n<\/tr>\n<tr>\n<td>\u0095 proxy arp<\/td>\n<\/tr>\n<tr>\n<td>\u0095 gratuitous arp<\/td>\n<\/tr>\n<tr>\n<td>\u0095 dhcp server<\/td>\n<\/tr>\n<tr>\n<td>\u0095 dhcp relay<\/td>\n<\/tr>\n<tr>\n<td>&#8211; dhcp interface relay<\/td>\n<\/tr>\n<tr>\n<td>&#8211; dhcp vlan relay<\/td>\n<\/tr>\n<tr>\n<td>\u0095 dhcp l2 relay<\/td>\n<\/tr>\n<tr>\n<td>Caracter\u00edsticas avanzadas \u0095 automatic device discovery<\/td>\n<\/tr>\n<tr>\n<td>\u0095 batch configuration<\/td>\n<\/tr>\n<tr>\n<td>\u0095 batch firmware upgrading<\/td>\n<\/tr>\n<tr>\n<td>\u0095 intelligent network monitoring<\/td>\n<\/tr>\n<tr>\n<td>\u0095 abnormal event warnings<\/td>\n<\/tr>\n<tr>\n<td>\u0095 unified configuration<\/td>\n<\/tr>\n<tr>\n<td>\u0095 reboot schedule<\/td>\n<\/tr>\n<tr>\n<td>Mibs \u0095 mib ii (rfc1213)<\/td>\n<\/tr>\n<tr>\n<td>\u0095 interface mib (rfc2233)<\/td>\n<\/tr>\n<tr>\n<td>\u0095 ethernet interface mib (rfc1643)<\/td>\n<\/tr>\n<tr>\n<td>\u0095 bridge mib (rfc1493)<\/td>\n<\/tr>\n<tr>\n<td>\u0095 p\/q-bridge mib (rfc2674)<\/td>\n<\/tr>\n<tr>\n<td>\u0095 rmon mib (rfc2819)<\/td>\n<\/tr>\n<tr>\n<td>\u0095 rmon2 mib (rfc2021)<\/td>\n<\/tr>\n<tr>\n<td>\u0095 radius accounting client mib (rfc2620)<\/td>\n<\/tr>\n<tr>\n<td>\u0095 radius authentication client mib (rfc2618)<\/td>\n<\/tr>\n<tr>\n<td>\u0095 remote ping, traceroute mib (rfc2925)<\/td>\n<\/tr>\n<tr>\n<td>\u0095 support tp-link private mib<\/td>\n<\/tr>\n<tr>\n<td>Administraci\u00f3n<\/td>\n<\/tr>\n<tr>\n<td>Omada app yes. requiring the use of oc300, oc200, omada cloud-based controller, or omada software controller.<\/td>\n<\/tr>\n<tr>\n<td>Centralized management \u0095 omada cloud-based controller<\/td>\n<\/tr>\n<tr>\n<td>\u0095 omada hardware controller (oc300)<\/td>\n<\/tr>\n<tr>\n<td>\u0095 omada hardware controller (oc200)<\/td>\n<\/tr>\n<tr>\n<td>\u0095 omada software controller<\/td>\n<\/tr>\n<tr>\n<td>Cloud access yes. requiring the use of oc300, oc200, omada cloud-based controller, or omada software controller.<\/td>\n<\/tr>\n<tr>\n<td>Zero-touch provisioning yes. requiring the use of omada cloud-based controller.<\/td>\n<\/tr>\n<tr>\n<td>Management features \u0095 web-based gui<\/td>\n<\/tr>\n<tr>\n<td>\u0095 command line interface (cli) through the console port, telnet<\/td>\n<\/tr>\n<tr>\n<td>\u0095 snmp v1\/v2c\/v3<\/td>\n<\/tr>\n<tr>\n<td>&#8211; trap\/inform<\/td>\n<\/tr>\n<tr>\n<td>&#8211; rmon (1,2,3,9 groups)<\/td>\n<\/tr>\n<tr>\n<td>\u0095 sdm template<\/td>\n<\/tr>\n<tr>\n<td>\u0095 dhcp\/bootp client<\/td>\n<\/tr>\n<tr>\n<td>\u0095 802.1ab lldp\/lldp-med<\/td>\n<\/tr>\n<tr>\n<td>\u0095 dhcp autoinstall<\/td>\n<\/tr>\n<tr>\n<td>\u0095 dual image, dual configuration<\/td>\n<\/tr>\n<tr>\n<td>\u0095 cpu monitoring<\/td>\n<\/tr>\n<tr>\n<td>\u0095 cable diagnostics<\/td>\n<\/tr>\n<tr>\n<td>\u0095 eee<\/td>\n<\/tr>\n<tr>\n<td>\u0095 password recovery<\/td>\n<\/tr>\n<tr>\n<td>\u0095 sntp<\/td>\n<\/tr>\n<tr>\n<td>\u0095 system log<\/td>\n<\/tr>\n<tr>\n<td>Otros<\/td>\n<\/tr>\n<tr>\n<td>Certificacion ce, fcc, rohs<\/td>\n<\/tr>\n<tr>\n<td>Contenidos del paquete \u0095 tl-sg3452xp switch<\/td>\n<\/tr>\n<tr>\n<td>\u0095 power cord<\/td>\n<\/tr>\n<tr>\n<td>\u0095 quick installation guide<\/td>\n<\/tr>\n<tr>\n<td>\u0095 rackmount kit<\/td>\n<\/tr>\n<tr>\n<td>\u0095 rubber feet<\/td>\n<\/tr>\n<tr>\n<td>Requisitos del sistema microsoft\u00ae windows\u00ae 98se, nt, 2000, xp, vista\u0099 or windows 7\/8\/10\/11, mac\u00ae os, netware\u00ae, unix\u00ae or linux.<\/td>\n<\/tr>\n<tr>\n<td>Ambiente \u0095 operating temperature: 0\u009640  and #8451; (32\u0096104  and #8457;);<\/td>\n<\/tr>\n<tr>\n<td>\u0095 storage temperature: -40\u009670  and #8451; (-40\u0096158  and #8457;)<\/td>\n<\/tr>\n<tr>\n<td>\u0095 operating humidity: 10\u009690% rh non-condensing<\/td>\n<\/tr>\n<tr>\n<td>\u0095 storage humidity: 5\u009690% rh non-condensing<\/td>\n<\/tr>\n<\/table>\n","protected":false},"excerpt":{"rendered":"<p>Switch tl-sg3452xp. *enlace ascendente ultrarr\u00e1pido de 10g. *salida poe+ con presupuesto de energ\u00eda de 500 w. *gesti\u00f3n centralizada de la nube. *abundantes funciones l2 y l2. *estrategias de seguridad s\u00f3lidas. *gesti\u00f3n independiente<\/p>\n","protected":false},"featured_media":221508,"comment_status":"open","ping_status":"open","template":"","meta":[],"product_cat":[1563,1564],"product_tag":[1562],"acf":[],"yoast_head":"<!-- This site is optimized with the Yoast SEO plugin v21.7 - https:\/\/yoast.com\/wordpress\/plugins\/seo\/ -->\n<title>[ Tp Link ] &#129351; Sg3452xp,tl-sg3452xp Switch Tp-link Sg3452xp Omada 48p Poe Ge Administrable 4sfp+ 10ge L2<\/title>\n<meta name=\"description\" content=\"Compra Sg3452xp,tl-sg3452xp Switch Tp-link Sg3452xp Omada 48p Poe Ge Administrable 4sfp+ 10ge L2 + Env\u00edo a domicilio + Pago seguro + Garant\u00eda\" \/>\n<meta name=\"robots\" content=\"index, follow, max-snippet:-1, max-image-preview:large, max-video-preview:-1\" \/>\n<link rel=\"canonical\" href=\"https:\/\/compuviper.mx\/tienda\/producto\/tp-link-sg3452xptl-sg3452xp-switch-tp-link-sg3452xp-omada-48p-poe-ge-administrable-4sfp-10ge-l2\/\" \/>\n<meta property=\"og:locale\" content=\"es_MX\" \/>\n<meta property=\"og:type\" content=\"article\" \/>\n<meta property=\"og:title\" content=\"[ Tp Link ] &#129351; Sg3452xp,tl-sg3452xp Switch Tp-link Sg3452xp Omada 48p Poe Ge Administrable 4sfp+ 10ge L2\" \/>\n<meta property=\"og:description\" content=\"Compra Sg3452xp,tl-sg3452xp Switch Tp-link Sg3452xp Omada 48p Poe Ge Administrable 4sfp+ 10ge L2 + Env\u00edo a domicilio + Pago seguro + Garant\u00eda\" \/>\n<meta property=\"og:url\" content=\"https:\/\/compuviper.mx\/tienda\/producto\/tp-link-sg3452xptl-sg3452xp-switch-tp-link-sg3452xp-omada-48p-poe-ge-administrable-4sfp-10ge-l2\/\" \/>\n<meta property=\"og:site_name\" content=\"Compuviper\" \/>\n<meta property=\"article:publisher\" content=\"https:\/\/www.facebook.com\/compuviper\" \/>\n<meta property=\"article:modified_time\" content=\"2026-04-18T07:11:21+00:00\" \/>\n<meta property=\"og:image\" content=\"https:\/\/compuviper.mx\/tienda\/wp-content\/uploads\/2023\/12\/Switch-tp-link-tl-sg3452xp-48-puertos-gigabit-administrable-jetstream-4-puertos-10ge-sfp-l2-con-48-puertos-poe.jpg\" \/>\n\t<meta property=\"og:image:width\" content=\"200\" \/>\n\t<meta property=\"og:image:height\" content=\"200\" \/>\n\t<meta property=\"og:image:type\" content=\"image\/jpeg\" \/>\n<meta name=\"twitter:card\" content=\"summary_large_image\" \/>\n<meta name=\"twitter:label1\" content=\"Precio\" \/>\n\t<meta name=\"twitter:data1\" content=\"&#36;15,343 con IVA\" \/>\n\t<meta name=\"twitter:label2\" content=\"Availability\" \/>\n\t<meta name=\"twitter:data2\" content=\"On backorder\" \/>\n<script type=\"application\/ld+json\" class=\"yoast-schema-graph\">{\"@context\":\"https:\/\/schema.org\",\"@graph\":[{\"@type\":\"WebPage\",\"@id\":\"https:\/\/compuviper.mx\/tienda\/producto\/tp-link-sg3452xptl-sg3452xp-switch-tp-link-sg3452xp-omada-48p-poe-ge-administrable-4sfp-10ge-l2\/\",\"url\":\"https:\/\/compuviper.mx\/tienda\/producto\/tp-link-sg3452xptl-sg3452xp-switch-tp-link-sg3452xp-omada-48p-poe-ge-administrable-4sfp-10ge-l2\/\",\"name\":\"[ Tp Link ] &#129351; Sg3452xp,tl-sg3452xp Switch Tp-link Sg3452xp Omada 48p Poe Ge Administrable 4sfp+ 10ge L2\",\"isPartOf\":{\"@id\":\"https:\/\/compuviper.mx\/tienda\/#website\"},\"datePublished\":\"2026-04-18T07:11:20+00:00\",\"dateModified\":\"2026-04-18T07:11:21+00:00\",\"description\":\"Compra Sg3452xp,tl-sg3452xp Switch Tp-link Sg3452xp Omada 48p Poe Ge Administrable 4sfp+ 10ge L2 + Env\u00edo a domicilio + Pago seguro + Garant\u00eda\",\"breadcrumb\":{\"@id\":\"https:\/\/compuviper.mx\/tienda\/producto\/tp-link-sg3452xptl-sg3452xp-switch-tp-link-sg3452xp-omada-48p-poe-ge-administrable-4sfp-10ge-l2\/#breadcrumb\"},\"inLanguage\":\"es-MX\",\"potentialAction\":[{\"@type\":\"ReadAction\",\"target\":[\"https:\/\/compuviper.mx\/tienda\/producto\/tp-link-sg3452xptl-sg3452xp-switch-tp-link-sg3452xp-omada-48p-poe-ge-administrable-4sfp-10ge-l2\/\"]}]},{\"@type\":\"BreadcrumbList\",\"@id\":\"https:\/\/compuviper.mx\/tienda\/producto\/tp-link-sg3452xptl-sg3452xp-switch-tp-link-sg3452xp-omada-48p-poe-ge-administrable-4sfp-10ge-l2\/#breadcrumb\",\"itemListElement\":[{\"@type\":\"ListItem\",\"position\":1,\"name\":\"Inicio\",\"item\":\"https:\/\/compuviper.mx\/tienda\/\"},{\"@type\":\"ListItem\",\"position\":2,\"name\":\"Productos\",\"item\":\"https:\/\/compuviper.mx\/tienda\/productos\/\"},{\"@type\":\"ListItem\",\"position\":3,\"name\":\"Redes\",\"item\":\"https:\/\/compuviper.mx\/tienda\/categoria-producto\/redes\/\"},{\"@type\":\"ListItem\",\"position\":4,\"name\":\"Switch\",\"item\":\"https:\/\/compuviper.mx\/tienda\/categoria-producto\/redes\/switch\/\"},{\"@type\":\"ListItem\",\"position\":5,\"name\":\"Tp Link Sg3452xp,tl-sg3452xp Switch Tp-link Sg3452xp Omada 48p Poe Ge Administrable 4sfp+ 10ge L2\"}]},{\"@type\":\"WebSite\",\"@id\":\"https:\/\/compuviper.mx\/tienda\/#website\",\"url\":\"https:\/\/compuviper.mx\/tienda\/\",\"name\":\"Compuviper\",\"description\":\"Proveedor de Computadoras, Laptops, Servidores, Monitores, Puntos de Venta, Teclados,   Impresoras, T\u00f3ner, C\u00e1maras de Seguridad y m\u00e1s en tu tienda en l\u00ednea\",\"publisher\":{\"@id\":\"https:\/\/compuviper.mx\/tienda\/#organization\"},\"potentialAction\":[{\"@type\":\"SearchAction\",\"target\":{\"@type\":\"EntryPoint\",\"urlTemplate\":\"https:\/\/compuviper.mx\/tienda\/?s={search_term_string}\"},\"query-input\":\"required name=search_term_string\"}],\"inLanguage\":\"es-MX\"},{\"@type\":\"Organization\",\"@id\":\"https:\/\/compuviper.mx\/tienda\/#organization\",\"name\":\"Compuviper\",\"url\":\"https:\/\/compuviper.mx\/tienda\/\",\"logo\":{\"@type\":\"ImageObject\",\"inLanguage\":\"es-MX\",\"@id\":\"https:\/\/compuviper.mx\/tienda\/#\/schema\/logo\/image\/\",\"url\":\"https:\/\/compuviper.mx\/tienda\/wp-content\/uploads\/2021\/08\/Logo-Compuviper-10.png\",\"contentUrl\":\"https:\/\/compuviper.mx\/tienda\/wp-content\/uploads\/2021\/08\/Logo-Compuviper-10.png\",\"width\":1000,\"height\":500,\"caption\":\"Compuviper\"},\"image\":{\"@id\":\"https:\/\/compuviper.mx\/tienda\/#\/schema\/logo\/image\/\"},\"sameAs\":[\"https:\/\/www.facebook.com\/compuviper\",\"https:\/\/www.youtube.com\/channel\/UCf73dERp9Y3cfOq7q8BhLjA?view_as=subscriber\"]}]}<\/script>\n<meta property=\"product:brand\" content=\"TP LINK\" \/>\n<meta property=\"product:price:amount\" content=\"15343\" \/>\n<meta property=\"product:price:currency\" content=\"MXN\" \/>\n<meta property=\"og:availability\" content=\"backorder\" \/>\n<meta property=\"product:availability\" content=\"available for order\" \/>\n<meta property=\"product:retailer_item_id\" content=\"SG3452XP,TL-SG3452XP\" \/>\n<meta property=\"product:condition\" content=\"new\" \/>\n<!-- \/ Yoast SEO plugin. -->","yoast_head_json":{"title":"[ Tp Link ] &#129351; Sg3452xp,tl-sg3452xp Switch Tp-link Sg3452xp Omada 48p Poe Ge Administrable 4sfp+ 10ge L2","description":"Compra Sg3452xp,tl-sg3452xp Switch Tp-link Sg3452xp Omada 48p Poe Ge Administrable 4sfp+ 10ge L2 + Env\u00edo a domicilio + Pago seguro + Garant\u00eda","robots":{"index":"index","follow":"follow","max-snippet":"max-snippet:-1","max-image-preview":"max-image-preview:large","max-video-preview":"max-video-preview:-1"},"canonical":"https:\/\/compuviper.mx\/tienda\/producto\/tp-link-sg3452xptl-sg3452xp-switch-tp-link-sg3452xp-omada-48p-poe-ge-administrable-4sfp-10ge-l2\/","og_locale":"es_MX","og_type":"article","og_title":"[ Tp Link ] &#129351; Sg3452xp,tl-sg3452xp Switch Tp-link Sg3452xp Omada 48p Poe Ge Administrable 4sfp+ 10ge L2","og_description":"Compra Sg3452xp,tl-sg3452xp Switch Tp-link Sg3452xp Omada 48p Poe Ge Administrable 4sfp+ 10ge L2 + Env\u00edo a domicilio + Pago seguro + Garant\u00eda","og_url":"https:\/\/compuviper.mx\/tienda\/producto\/tp-link-sg3452xptl-sg3452xp-switch-tp-link-sg3452xp-omada-48p-poe-ge-administrable-4sfp-10ge-l2\/","og_site_name":"Compuviper","article_publisher":"https:\/\/www.facebook.com\/compuviper","article_modified_time":"2026-04-18T07:11:21+00:00","og_image":[{"width":200,"height":200,"url":"https:\/\/compuviper.mx\/tienda\/wp-content\/uploads\/2023\/12\/Switch-tp-link-tl-sg3452xp-48-puertos-gigabit-administrable-jetstream-4-puertos-10ge-sfp-l2-con-48-puertos-poe.jpg","type":"image\/jpeg"}],"twitter_card":"summary_large_image","twitter_misc":{"Precio":"&#36;15,343 con IVA","Availability":"On backorder"},"schema":{"@context":"https:\/\/schema.org","@graph":[{"@type":"WebPage","@id":"https:\/\/compuviper.mx\/tienda\/producto\/tp-link-sg3452xptl-sg3452xp-switch-tp-link-sg3452xp-omada-48p-poe-ge-administrable-4sfp-10ge-l2\/","url":"https:\/\/compuviper.mx\/tienda\/producto\/tp-link-sg3452xptl-sg3452xp-switch-tp-link-sg3452xp-omada-48p-poe-ge-administrable-4sfp-10ge-l2\/","name":"[ Tp Link ] &#129351; Sg3452xp,tl-sg3452xp Switch Tp-link Sg3452xp Omada 48p Poe Ge Administrable 4sfp+ 10ge L2","isPartOf":{"@id":"https:\/\/compuviper.mx\/tienda\/#website"},"datePublished":"2026-04-18T07:11:20+00:00","dateModified":"2026-04-18T07:11:21+00:00","description":"Compra Sg3452xp,tl-sg3452xp Switch Tp-link Sg3452xp Omada 48p Poe Ge Administrable 4sfp+ 10ge L2 + Env\u00edo a domicilio + Pago seguro + Garant\u00eda","breadcrumb":{"@id":"https:\/\/compuviper.mx\/tienda\/producto\/tp-link-sg3452xptl-sg3452xp-switch-tp-link-sg3452xp-omada-48p-poe-ge-administrable-4sfp-10ge-l2\/#breadcrumb"},"inLanguage":"es-MX","potentialAction":[{"@type":"ReadAction","target":["https:\/\/compuviper.mx\/tienda\/producto\/tp-link-sg3452xptl-sg3452xp-switch-tp-link-sg3452xp-omada-48p-poe-ge-administrable-4sfp-10ge-l2\/"]}]},{"@type":"BreadcrumbList","@id":"https:\/\/compuviper.mx\/tienda\/producto\/tp-link-sg3452xptl-sg3452xp-switch-tp-link-sg3452xp-omada-48p-poe-ge-administrable-4sfp-10ge-l2\/#breadcrumb","itemListElement":[{"@type":"ListItem","position":1,"name":"Inicio","item":"https:\/\/compuviper.mx\/tienda\/"},{"@type":"ListItem","position":2,"name":"Productos","item":"https:\/\/compuviper.mx\/tienda\/productos\/"},{"@type":"ListItem","position":3,"name":"Redes","item":"https:\/\/compuviper.mx\/tienda\/categoria-producto\/redes\/"},{"@type":"ListItem","position":4,"name":"Switch","item":"https:\/\/compuviper.mx\/tienda\/categoria-producto\/redes\/switch\/"},{"@type":"ListItem","position":5,"name":"Tp Link Sg3452xp,tl-sg3452xp Switch Tp-link Sg3452xp Omada 48p Poe Ge Administrable 4sfp+ 10ge L2"}]},{"@type":"WebSite","@id":"https:\/\/compuviper.mx\/tienda\/#website","url":"https:\/\/compuviper.mx\/tienda\/","name":"Compuviper","description":"Proveedor de Computadoras, Laptops, Servidores, Monitores, Puntos de Venta, Teclados,   Impresoras, T\u00f3ner, C\u00e1maras de Seguridad y m\u00e1s en tu tienda en l\u00ednea","publisher":{"@id":"https:\/\/compuviper.mx\/tienda\/#organization"},"potentialAction":[{"@type":"SearchAction","target":{"@type":"EntryPoint","urlTemplate":"https:\/\/compuviper.mx\/tienda\/?s={search_term_string}"},"query-input":"required name=search_term_string"}],"inLanguage":"es-MX"},{"@type":"Organization","@id":"https:\/\/compuviper.mx\/tienda\/#organization","name":"Compuviper","url":"https:\/\/compuviper.mx\/tienda\/","logo":{"@type":"ImageObject","inLanguage":"es-MX","@id":"https:\/\/compuviper.mx\/tienda\/#\/schema\/logo\/image\/","url":"https:\/\/compuviper.mx\/tienda\/wp-content\/uploads\/2021\/08\/Logo-Compuviper-10.png","contentUrl":"https:\/\/compuviper.mx\/tienda\/wp-content\/uploads\/2021\/08\/Logo-Compuviper-10.png","width":1000,"height":500,"caption":"Compuviper"},"image":{"@id":"https:\/\/compuviper.mx\/tienda\/#\/schema\/logo\/image\/"},"sameAs":["https:\/\/www.facebook.com\/compuviper","https:\/\/www.youtube.com\/channel\/UCf73dERp9Y3cfOq7q8BhLjA?view_as=subscriber"]}]},"product_brand":"TP LINK","product_price_amount":"15343","product_price_currency":"MXN","og_availability":"backorder","product_availability":"available for order","product_retailer_item_id":"SG3452XP,TL-SG3452XP","product_condition":"new"},"_links":{"self":[{"href":"https:\/\/compuviper.mx\/tienda\/wp-json\/wp\/v2\/product\/221507"}],"collection":[{"href":"https:\/\/compuviper.mx\/tienda\/wp-json\/wp\/v2\/product"}],"about":[{"href":"https:\/\/compuviper.mx\/tienda\/wp-json\/wp\/v2\/types\/product"}],"replies":[{"embeddable":true,"href":"https:\/\/compuviper.mx\/tienda\/wp-json\/wp\/v2\/comments?post=221507"}],"wp:featuredmedia":[{"embeddable":true,"href":"https:\/\/compuviper.mx\/tienda\/wp-json\/wp\/v2\/media\/221508"}],"wp:attachment":[{"href":"https:\/\/compuviper.mx\/tienda\/wp-json\/wp\/v2\/media?parent=221507"}],"wp:term":[{"taxonomy":"product_cat","embeddable":true,"href":"https:\/\/compuviper.mx\/tienda\/wp-json\/wp\/v2\/product_cat?post=221507"},{"taxonomy":"product_tag","embeddable":true,"href":"https:\/\/compuviper.mx\/tienda\/wp-json\/wp\/v2\/product_tag?post=221507"}],"curies":[{"name":"wp","href":"https:\/\/api.w.org\/{rel}","templated":true}]}}