{"id":221499,"date":"2026-04-11T01:06:26","date_gmt":"2026-04-11T07:06:26","guid":{"rendered":"https:\/\/compuviper.mx\/tienda\/producto\/x-fusion-0231y829-tarjeta-de-red-xfusion-intel-x710-2-port-10gb-sfp-optical-interface-incluye-2-transceiver\/"},"modified":"2026-04-11T01:06:27","modified_gmt":"2026-04-11T07:06:27","slug":"x-fusion-0231y829-tarjeta-de-red-xfusion-intel-x710-2-port-10gb-sfp-optical-interface-incluye-2-transceiver","status":"publish","type":"product","link":"https:\/\/compuviper.mx\/tienda\/producto\/x-fusion-0231y829-tarjeta-de-red-xfusion-intel-x710-2-port-10gb-sfp-optical-interface-incluye-2-transceiver\/","title":{"rendered":"X-fusion 0231y829 Tarjeta De Red Xfusion Intel X710 2 Port 10gb Sfp+ Optical Interface  Incluye 2 Transceiver"},"content":{"rendered":"<table class=\"descripcion\">\n<tr>\n<td>Modelo del producto: xp330<\/td>\n<\/tr>\n<tr>\n<td>Tipo de producto: tarjeta ten gigas optical interface<\/td>\n<\/tr>\n<tr>\n<td>Interfaces \/ puertos<\/td>\n<\/tr>\n<tr>\n<td>Interfaz de host: pcie 3.0 x8<\/td>\n<\/tr>\n<tr>\n<td>Numero total de puertos: 2<\/td>\n<\/tr>\n<tr>\n<td>Red de comunicacion<\/td>\n<\/tr>\n<tr>\n<td>Tecnologia de redes: 10gb sfp<\/td>\n<\/tr>\n<tr>\n<td>Incluye 2 transceiver<\/td>\n<\/tr>\n<tr>\n<td> la imagen presentada es ilustrativa puede variar<\/td>\n<\/tr>\n<\/table>\n","protected":false},"excerpt":{"rendered":"<p>Conctate a la velocidad del futuro con la tarjeta de interfaz ptica xp330, una potente solucin de 10 gigabit que llevar tus comunicaciones a una nueva dimensin. Esta tarjeta de interfaz ofrece una conexin de alta velocidad a travs de su interfaz pcie 3.0 x8, brindando un rendimiento ptimo para tus necesidades de red ms exigentes. El xp330 cuenta con un total de 2 puertos, lo que te permite manejar mltiples conexiones simultneamente y asegurar un flujo de datos sin interrupciones. Con tecnologa de redes 10gb sfp, podrs experimentar una velocidad de transferencia excepcional para aplicaciones y transferencias de datos ultra rpidas. Adems, la tarjeta incluye 2 transceivers para que puedas comenzar a utilizarla de inmediato y sacarle el mximo provecho a su potencial. Nuestra tarjeta xp330 es compatible con una amplia variedad de sistemas y entornos, lo que garantiza una integracin sencilla y una implementacin eficiente. La imagen presentada es ilustrativa y puede variar, pero la calidad y el rendimiento de la tarjeta xp330 se mantienen inalterables. \u00a1preprate para una conectividad sin precedentes con la tarjeta xp330! acelera tus comunicaciones y maximiza el potencial de tu red con esta solucin de 10 gigabit de primera clase. \u00a1descubre un mundo de posibilidades con xp330 ahora mismo!<\/p>\n","protected":false},"featured_media":221500,"comment_status":"open","ping_status":"open","template":"","meta":[],"product_cat":[1563,1572],"product_tag":[2205],"acf":[],"yoast_head":"<!-- This site is optimized with the Yoast SEO plugin v21.7 - https:\/\/yoast.com\/wordpress\/plugins\/seo\/ -->\n<title>[ X-fusion ] &#129351; 0231y829 Tarjeta De Red Xfusion Intel X710 2 Port 10gb Sfp+ Optical Interface Incluye 2 Transceiver<\/title>\n<meta name=\"description\" content=\"Compra 0231y829 Tarjeta De Red Xfusion Intel X710 2 Port 10gb Sfp+ Optical Interface Incluye 2 Transceiver + Env\u00edo a domicilio + Pago seguro + Garant\u00eda\" \/>\n<meta name=\"robots\" content=\"index, follow, max-snippet:-1, max-image-preview:large, max-video-preview:-1\" \/>\n<link rel=\"canonical\" href=\"https:\/\/compuviper.mx\/tienda\/producto\/x-fusion-0231y829-tarjeta-de-red-xfusion-intel-x710-2-port-10gb-sfp-optical-interface-incluye-2-transceiver\/\" \/>\n<meta property=\"og:locale\" content=\"es_MX\" \/>\n<meta property=\"og:type\" content=\"article\" \/>\n<meta property=\"og:title\" content=\"[ X-fusion ] &#129351; 0231y829 Tarjeta De Red Xfusion Intel X710 2 Port 10gb Sfp+ Optical Interface Incluye 2 Transceiver\" \/>\n<meta property=\"og:description\" content=\"Compra 0231y829 Tarjeta De Red Xfusion Intel X710 2 Port 10gb Sfp+ Optical Interface Incluye 2 Transceiver + Env\u00edo a domicilio + Pago seguro + Garant\u00eda\" \/>\n<meta property=\"og:url\" content=\"https:\/\/compuviper.mx\/tienda\/producto\/x-fusion-0231y829-tarjeta-de-red-xfusion-intel-x710-2-port-10gb-sfp-optical-interface-incluye-2-transceiver\/\" \/>\n<meta property=\"og:site_name\" content=\"Compuviper\" \/>\n<meta property=\"article:publisher\" content=\"https:\/\/www.facebook.com\/compuviper\" \/>\n<meta property=\"article:modified_time\" content=\"2026-04-11T07:06:27+00:00\" \/>\n<meta property=\"og:image\" content=\"https:\/\/compuviper.mx\/tienda\/wp-content\/uploads\/2023\/12\/Tarjeta-de-red-xfusion-intel-x710-2-port-10gb-sfp-optical-interface-incluye-2-transceiver.jpg\" \/>\n\t<meta property=\"og:image:width\" content=\"200\" \/>\n\t<meta property=\"og:image:height\" content=\"200\" \/>\n\t<meta property=\"og:image:type\" content=\"image\/jpeg\" \/>\n<meta name=\"twitter:card\" content=\"summary_large_image\" \/>\n<meta name=\"twitter:label1\" content=\"Precio\" \/>\n\t<meta name=\"twitter:data1\" content=\"&#36;4,899 con IVA\" \/>\n\t<meta name=\"twitter:label2\" content=\"Availability\" \/>\n\t<meta name=\"twitter:data2\" content=\"Out of stock\" \/>\n<script type=\"application\/ld+json\" class=\"yoast-schema-graph\">{\"@context\":\"https:\/\/schema.org\",\"@graph\":[{\"@type\":\"WebPage\",\"@id\":\"https:\/\/compuviper.mx\/tienda\/producto\/x-fusion-0231y829-tarjeta-de-red-xfusion-intel-x710-2-port-10gb-sfp-optical-interface-incluye-2-transceiver\/\",\"url\":\"https:\/\/compuviper.mx\/tienda\/producto\/x-fusion-0231y829-tarjeta-de-red-xfusion-intel-x710-2-port-10gb-sfp-optical-interface-incluye-2-transceiver\/\",\"name\":\"[ X-fusion ] &#129351; 0231y829 Tarjeta De Red Xfusion Intel X710 2 Port 10gb Sfp+ Optical Interface Incluye 2 Transceiver\",\"isPartOf\":{\"@id\":\"https:\/\/compuviper.mx\/tienda\/#website\"},\"datePublished\":\"2026-04-11T07:06:26+00:00\",\"dateModified\":\"2026-04-11T07:06:27+00:00\",\"description\":\"Compra 0231y829 Tarjeta De Red Xfusion Intel X710 2 Port 10gb Sfp+ Optical Interface Incluye 2 Transceiver + Env\u00edo a domicilio + Pago seguro + Garant\u00eda\",\"breadcrumb\":{\"@id\":\"https:\/\/compuviper.mx\/tienda\/producto\/x-fusion-0231y829-tarjeta-de-red-xfusion-intel-x710-2-port-10gb-sfp-optical-interface-incluye-2-transceiver\/#breadcrumb\"},\"inLanguage\":\"es-MX\",\"potentialAction\":[{\"@type\":\"ReadAction\",\"target\":[\"https:\/\/compuviper.mx\/tienda\/producto\/x-fusion-0231y829-tarjeta-de-red-xfusion-intel-x710-2-port-10gb-sfp-optical-interface-incluye-2-transceiver\/\"]}]},{\"@type\":\"BreadcrumbList\",\"@id\":\"https:\/\/compuviper.mx\/tienda\/producto\/x-fusion-0231y829-tarjeta-de-red-xfusion-intel-x710-2-port-10gb-sfp-optical-interface-incluye-2-transceiver\/#breadcrumb\",\"itemListElement\":[{\"@type\":\"ListItem\",\"position\":1,\"name\":\"Inicio\",\"item\":\"https:\/\/compuviper.mx\/tienda\/\"},{\"@type\":\"ListItem\",\"position\":2,\"name\":\"Productos\",\"item\":\"https:\/\/compuviper.mx\/tienda\/productos\/\"},{\"@type\":\"ListItem\",\"position\":3,\"name\":\"Redes\",\"item\":\"https:\/\/compuviper.mx\/tienda\/categoria-producto\/redes\/\"},{\"@type\":\"ListItem\",\"position\":4,\"name\":\"Tarjetas De Red\",\"item\":\"https:\/\/compuviper.mx\/tienda\/categoria-producto\/redes\/tarjetas-de-red\/\"},{\"@type\":\"ListItem\",\"position\":5,\"name\":\"X-fusion 0231y829 Tarjeta De Red Xfusion Intel X710 2 Port 10gb Sfp+ Optical Interface Incluye 2 Transceiver\"}]},{\"@type\":\"WebSite\",\"@id\":\"https:\/\/compuviper.mx\/tienda\/#website\",\"url\":\"https:\/\/compuviper.mx\/tienda\/\",\"name\":\"Compuviper\",\"description\":\"Proveedor de Computadoras, Laptops, Servidores, Monitores, Puntos de Venta, Teclados,   Impresoras, T\u00f3ner, C\u00e1maras de Seguridad y m\u00e1s en tu tienda en l\u00ednea\",\"publisher\":{\"@id\":\"https:\/\/compuviper.mx\/tienda\/#organization\"},\"potentialAction\":[{\"@type\":\"SearchAction\",\"target\":{\"@type\":\"EntryPoint\",\"urlTemplate\":\"https:\/\/compuviper.mx\/tienda\/?s={search_term_string}\"},\"query-input\":\"required name=search_term_string\"}],\"inLanguage\":\"es-MX\"},{\"@type\":\"Organization\",\"@id\":\"https:\/\/compuviper.mx\/tienda\/#organization\",\"name\":\"Compuviper\",\"url\":\"https:\/\/compuviper.mx\/tienda\/\",\"logo\":{\"@type\":\"ImageObject\",\"inLanguage\":\"es-MX\",\"@id\":\"https:\/\/compuviper.mx\/tienda\/#\/schema\/logo\/image\/\",\"url\":\"https:\/\/compuviper.mx\/tienda\/wp-content\/uploads\/2021\/08\/Logo-Compuviper-10.png\",\"contentUrl\":\"https:\/\/compuviper.mx\/tienda\/wp-content\/uploads\/2021\/08\/Logo-Compuviper-10.png\",\"width\":1000,\"height\":500,\"caption\":\"Compuviper\"},\"image\":{\"@id\":\"https:\/\/compuviper.mx\/tienda\/#\/schema\/logo\/image\/\"},\"sameAs\":[\"https:\/\/www.facebook.com\/compuviper\",\"https:\/\/www.youtube.com\/channel\/UCf73dERp9Y3cfOq7q8BhLjA?view_as=subscriber\"]}]}<\/script>\n<meta property=\"product:brand\" content=\"X-fusion\" \/>\n<meta property=\"product:price:amount\" content=\"4899\" \/>\n<meta property=\"product:price:currency\" content=\"MXN\" \/>\n<meta property=\"og:availability\" content=\"out of stock\" \/>\n<meta property=\"product:availability\" content=\"out of stock\" \/>\n<meta property=\"product:retailer_item_id\" content=\"0231Y829\" \/>\n<meta property=\"product:condition\" content=\"new\" \/>\n<!-- \/ Yoast SEO plugin. -->","yoast_head_json":{"title":"[ X-fusion ] &#129351; 0231y829 Tarjeta De Red Xfusion Intel X710 2 Port 10gb Sfp+ Optical Interface Incluye 2 Transceiver","description":"Compra 0231y829 Tarjeta De Red Xfusion Intel X710 2 Port 10gb Sfp+ Optical Interface Incluye 2 Transceiver + Env\u00edo a domicilio + Pago seguro + Garant\u00eda","robots":{"index":"index","follow":"follow","max-snippet":"max-snippet:-1","max-image-preview":"max-image-preview:large","max-video-preview":"max-video-preview:-1"},"canonical":"https:\/\/compuviper.mx\/tienda\/producto\/x-fusion-0231y829-tarjeta-de-red-xfusion-intel-x710-2-port-10gb-sfp-optical-interface-incluye-2-transceiver\/","og_locale":"es_MX","og_type":"article","og_title":"[ X-fusion ] &#129351; 0231y829 Tarjeta De Red Xfusion Intel X710 2 Port 10gb Sfp+ Optical Interface Incluye 2 Transceiver","og_description":"Compra 0231y829 Tarjeta De Red Xfusion Intel X710 2 Port 10gb Sfp+ Optical Interface Incluye 2 Transceiver + Env\u00edo a domicilio + Pago seguro + Garant\u00eda","og_url":"https:\/\/compuviper.mx\/tienda\/producto\/x-fusion-0231y829-tarjeta-de-red-xfusion-intel-x710-2-port-10gb-sfp-optical-interface-incluye-2-transceiver\/","og_site_name":"Compuviper","article_publisher":"https:\/\/www.facebook.com\/compuviper","article_modified_time":"2026-04-11T07:06:27+00:00","og_image":[{"width":200,"height":200,"url":"https:\/\/compuviper.mx\/tienda\/wp-content\/uploads\/2023\/12\/Tarjeta-de-red-xfusion-intel-x710-2-port-10gb-sfp-optical-interface-incluye-2-transceiver.jpg","type":"image\/jpeg"}],"twitter_card":"summary_large_image","twitter_misc":{"Precio":"&#36;4,899 con IVA","Availability":"Out of stock"},"schema":{"@context":"https:\/\/schema.org","@graph":[{"@type":"WebPage","@id":"https:\/\/compuviper.mx\/tienda\/producto\/x-fusion-0231y829-tarjeta-de-red-xfusion-intel-x710-2-port-10gb-sfp-optical-interface-incluye-2-transceiver\/","url":"https:\/\/compuviper.mx\/tienda\/producto\/x-fusion-0231y829-tarjeta-de-red-xfusion-intel-x710-2-port-10gb-sfp-optical-interface-incluye-2-transceiver\/","name":"[ X-fusion ] &#129351; 0231y829 Tarjeta De Red Xfusion Intel X710 2 Port 10gb Sfp+ Optical Interface Incluye 2 Transceiver","isPartOf":{"@id":"https:\/\/compuviper.mx\/tienda\/#website"},"datePublished":"2026-04-11T07:06:26+00:00","dateModified":"2026-04-11T07:06:27+00:00","description":"Compra 0231y829 Tarjeta De Red Xfusion Intel X710 2 Port 10gb Sfp+ Optical Interface Incluye 2 Transceiver + Env\u00edo a domicilio + Pago seguro + Garant\u00eda","breadcrumb":{"@id":"https:\/\/compuviper.mx\/tienda\/producto\/x-fusion-0231y829-tarjeta-de-red-xfusion-intel-x710-2-port-10gb-sfp-optical-interface-incluye-2-transceiver\/#breadcrumb"},"inLanguage":"es-MX","potentialAction":[{"@type":"ReadAction","target":["https:\/\/compuviper.mx\/tienda\/producto\/x-fusion-0231y829-tarjeta-de-red-xfusion-intel-x710-2-port-10gb-sfp-optical-interface-incluye-2-transceiver\/"]}]},{"@type":"BreadcrumbList","@id":"https:\/\/compuviper.mx\/tienda\/producto\/x-fusion-0231y829-tarjeta-de-red-xfusion-intel-x710-2-port-10gb-sfp-optical-interface-incluye-2-transceiver\/#breadcrumb","itemListElement":[{"@type":"ListItem","position":1,"name":"Inicio","item":"https:\/\/compuviper.mx\/tienda\/"},{"@type":"ListItem","position":2,"name":"Productos","item":"https:\/\/compuviper.mx\/tienda\/productos\/"},{"@type":"ListItem","position":3,"name":"Redes","item":"https:\/\/compuviper.mx\/tienda\/categoria-producto\/redes\/"},{"@type":"ListItem","position":4,"name":"Tarjetas De Red","item":"https:\/\/compuviper.mx\/tienda\/categoria-producto\/redes\/tarjetas-de-red\/"},{"@type":"ListItem","position":5,"name":"X-fusion 0231y829 Tarjeta De Red Xfusion Intel X710 2 Port 10gb Sfp+ Optical Interface Incluye 2 Transceiver"}]},{"@type":"WebSite","@id":"https:\/\/compuviper.mx\/tienda\/#website","url":"https:\/\/compuviper.mx\/tienda\/","name":"Compuviper","description":"Proveedor de Computadoras, Laptops, Servidores, Monitores, Puntos de Venta, Teclados,   Impresoras, T\u00f3ner, C\u00e1maras de Seguridad y m\u00e1s en tu tienda en l\u00ednea","publisher":{"@id":"https:\/\/compuviper.mx\/tienda\/#organization"},"potentialAction":[{"@type":"SearchAction","target":{"@type":"EntryPoint","urlTemplate":"https:\/\/compuviper.mx\/tienda\/?s={search_term_string}"},"query-input":"required name=search_term_string"}],"inLanguage":"es-MX"},{"@type":"Organization","@id":"https:\/\/compuviper.mx\/tienda\/#organization","name":"Compuviper","url":"https:\/\/compuviper.mx\/tienda\/","logo":{"@type":"ImageObject","inLanguage":"es-MX","@id":"https:\/\/compuviper.mx\/tienda\/#\/schema\/logo\/image\/","url":"https:\/\/compuviper.mx\/tienda\/wp-content\/uploads\/2021\/08\/Logo-Compuviper-10.png","contentUrl":"https:\/\/compuviper.mx\/tienda\/wp-content\/uploads\/2021\/08\/Logo-Compuviper-10.png","width":1000,"height":500,"caption":"Compuviper"},"image":{"@id":"https:\/\/compuviper.mx\/tienda\/#\/schema\/logo\/image\/"},"sameAs":["https:\/\/www.facebook.com\/compuviper","https:\/\/www.youtube.com\/channel\/UCf73dERp9Y3cfOq7q8BhLjA?view_as=subscriber"]}]},"product_brand":"X-fusion","product_price_amount":"4899","product_price_currency":"MXN","og_availability":"out of stock","product_availability":"out of stock","product_retailer_item_id":"0231Y829","product_condition":"new"},"_links":{"self":[{"href":"https:\/\/compuviper.mx\/tienda\/wp-json\/wp\/v2\/product\/221499"}],"collection":[{"href":"https:\/\/compuviper.mx\/tienda\/wp-json\/wp\/v2\/product"}],"about":[{"href":"https:\/\/compuviper.mx\/tienda\/wp-json\/wp\/v2\/types\/product"}],"replies":[{"embeddable":true,"href":"https:\/\/compuviper.mx\/tienda\/wp-json\/wp\/v2\/comments?post=221499"}],"wp:featuredmedia":[{"embeddable":true,"href":"https:\/\/compuviper.mx\/tienda\/wp-json\/wp\/v2\/media\/221500"}],"wp:attachment":[{"href":"https:\/\/compuviper.mx\/tienda\/wp-json\/wp\/v2\/media?parent=221499"}],"wp:term":[{"taxonomy":"product_cat","embeddable":true,"href":"https:\/\/compuviper.mx\/tienda\/wp-json\/wp\/v2\/product_cat?post=221499"},{"taxonomy":"product_tag","embeddable":true,"href":"https:\/\/compuviper.mx\/tienda\/wp-json\/wp\/v2\/product_tag?post=221499"}],"curies":[{"name":"wp","href":"https:\/\/api.w.org\/{rel}","templated":true}]}}