{"id":221491,"date":"2026-04-18T01:11:17","date_gmt":"2026-04-18T07:11:17","guid":{"rendered":"https:\/\/compuviper.mx\/tienda\/producto\/tp-link-eap655-wall-access-point-tp-link-ax3000-para-pared-wifi-6-multiples-puerto-gigabit\/"},"modified":"2026-04-18T01:11:17","modified_gmt":"2026-04-18T07:11:17","slug":"tp-link-eap655-wall-access-point-tp-link-omada-ax3000-wall-plate-wi-fi-6","status":"publish","type":"product","link":"https:\/\/compuviper.mx\/tienda\/producto\/tp-link-eap655-wall-access-point-tp-link-omada-ax3000-wall-plate-wi-fi-6\/","title":{"rendered":"Tp Link Eap655-wall Access Point Tp-link  Omada Ax3000 Wall Plate Wi-fi 6"},"content":{"rendered":"<table class=\"descripcion\">\n<tr>\n<td>Caracter\u00edsticas de hardware<\/td>\n<\/tr>\n<tr>\n<td>Interface \u0095 uplink: 1\u00d7 10\/100\/1000 mbps ethernet port<\/td>\n<\/tr>\n<tr>\n<td>\u0095 downlink: 3\u00d7 10\/100\/1000 mbps ethernet ports (one port supports poe out, and the poe out feature requires 802.3at poe+ input.)<\/td>\n<\/tr>\n<tr>\n<td>Cerradura de seguridad f\u00edsica no<\/td>\n<\/tr>\n<tr>\n<td>Bot\u00f3n reset, led<\/td>\n<\/tr>\n<tr>\n<td>Fuente de alimentaci\u00f3n 802.3af\/at poe<\/td>\n<\/tr>\n<tr>\n<td>Consumo de energ\u00eda \u0095 eu: 12w (802.3at poe, poe out off)<\/td>\n<\/tr>\n<tr>\n<td>\u0095 us: 12.6w (802.3at poe, poe out off)<\/td>\n<\/tr>\n<tr>\n<td>Dimensiones 143 \u00d7 86 \u00d7 42.6 mm (5.6 \u00d7 3.4 \u00d7 1.7 in)<\/td>\n<\/tr>\n<tr>\n<td>Antena 2 dual-band antennas<\/td>\n<\/tr>\n<tr>\n<td>\u0095 2.4 ghz: 2\u00d7 3 dbi<\/td>\n<\/tr>\n<tr>\n<td>\u0095 5 ghz: 2\u00d7 5 dbi<\/td>\n<\/tr>\n<tr>\n<td>Montaje wall plate mounting (kits included)<\/td>\n<\/tr>\n<tr>\n<td>Caracter\u00edsticas inal\u00e1mbricas<\/td>\n<\/tr>\n<tr>\n<td>Maximum number of wireless clients 100+ and #9651;<\/td>\n<\/tr>\n<tr>\n<td>Est\u00e1ndares inal\u00e1mbricos ieee 802.11ax\/ac\/n\/g\/b\/a<\/td>\n<\/tr>\n<tr>\n<td>Frecuencia 2.4 ghz and 5 ghz<\/td>\n<\/tr>\n<tr>\n<td>Tasa de se\u00f1al \u0095 5 ghz: up to 2402 mbps<\/td>\n<\/tr>\n<tr>\n<td>\u0095 2.4 ghz: up to 574 mbps<\/td>\n<\/tr>\n<tr>\n<td>Funciones inal\u00e1mbricas \u0095 16 ssids (up to 8 ssids on each band)<\/td>\n<\/tr>\n<tr>\n<td>\u0095 enable\/disable wireless radio<\/td>\n<\/tr>\n<tr>\n<td>\u0095 automatic channel assignment<\/td>\n<\/tr>\n<tr>\n<td>\u0095 transmit power control (adjust transmit power on dbm)<\/td>\n<\/tr>\n<tr>\n<td>\u0095 qos(wmm)<\/td>\n<\/tr>\n<tr>\n<td>\u0095 seamless roaming\u00a7<\/td>\n<\/tr>\n<tr>\n<td>\u0095 beamforming<\/td>\n<\/tr>\n<tr>\n<td>\u0095 rate limit<\/td>\n<\/tr>\n<tr>\n<td>\u0095 load balance<\/td>\n<\/tr>\n<tr>\n<td>\u0095 airtime fairness<\/td>\n<\/tr>\n<tr>\n<td>\u0095 band steering<\/td>\n<\/tr>\n<tr>\n<td>\u0095 reboot schedule<\/td>\n<\/tr>\n<tr>\n<td>\u0095 wireless schedule<\/td>\n<\/tr>\n<tr>\n<td>\u0095 radius accounting<\/td>\n<\/tr>\n<tr>\n<td>\u0095 mac authentication<\/td>\n<\/tr>\n<tr>\n<td>\u0095 wireless statistics<\/td>\n<\/tr>\n<tr>\n<td>\u0095 static ip\/dynamic ip<\/td>\n<\/tr>\n<tr>\n<td>Seguridad inal\u00e1mbrica \u0095 captive portal authentication\u00a7<\/td>\n<\/tr>\n<tr>\n<td>\u0095 access control<\/td>\n<\/tr>\n<tr>\n<td>\u0095 wireless mac address filtering<\/td>\n<\/tr>\n<tr>\n<td>\u0095 wireless isolation between clients<\/td>\n<\/tr>\n<tr>\n<td>\u0095 vlan<\/td>\n<\/tr>\n<tr>\n<td>\u0095 rogue ap detection<\/td>\n<\/tr>\n<tr>\n<td>\u0095 802.1x support<\/td>\n<\/tr>\n<tr>\n<td>\u0095 wpa-personal\/enterprise, wpa2-personal\/enterprise, wpa3-personal\/enterprise<\/td>\n<\/tr>\n<tr>\n<td>Potencia de transmisi\u00f3n \u0095 ce:<\/td>\n<\/tr>\n<tr>\n<td> 20 dbm (2.4ghz, eirp)<\/td>\n<\/tr>\n<tr>\n<td> 23 dbm (5ghz band1  and  2, eirp)<\/td>\n<\/tr>\n<tr>\n<td> 26 dbm (5ghz band3, eirp)<\/td>\n<\/tr>\n<tr>\n<td>\u0095 fcc:<\/td>\n<\/tr>\n<tr>\n<td>  21 dbm (2.4 ghz)<\/td>\n<\/tr>\n<tr>\n<td>  21 dbm (5 ghz)<\/td>\n<\/tr>\n<tr>\n<td>Administraci\u00f3n<\/td>\n<\/tr>\n<tr>\n<td>Omada app yes<\/td>\n<\/tr>\n<tr>\n<td>Centralized management \u0095 omada hardware controller (oc300)<\/td>\n<\/tr>\n<tr>\n<td>\u0095 omada hardware controller (oc200)<\/td>\n<\/tr>\n<tr>\n<td>\u0095 omada software controller<\/td>\n<\/tr>\n<tr>\n<td>\u0095 omada cloud-based controller<\/td>\n<\/tr>\n<tr>\n<td>Cloud access yes. requiring the use of oc300, oc200, omada cloud-based controller, or omada software controller.<\/td>\n<\/tr>\n<tr>\n<td>Alertas de correo electr\u00f3nico yes<\/td>\n<\/tr>\n<tr>\n<td>Led on\/off control yes<\/td>\n<\/tr>\n<tr>\n<td>Management mac access control yes<\/td>\n<\/tr>\n<tr>\n<td>Snmp v1, v2c, v3<\/td>\n<\/tr>\n<tr>\n<td>System logging local\/remote syslog local\/remote syslog<\/td>\n<\/tr>\n<tr>\n<td>Ssh yes<\/td>\n<\/tr>\n<tr>\n<td>Web-based management http\/https<\/td>\n<\/tr>\n<tr>\n<td>L3 management yes<\/td>\n<\/tr>\n<tr>\n<td>Multi-site management yes<\/td>\n<\/tr>\n<tr>\n<td>Management vlan yes<\/td>\n<\/tr>\n<tr>\n<td>Zero-touch provisioning yes. requiring the use of omada cloud-based controller.<\/td>\n<\/tr>\n<tr>\n<td>Otros<\/td>\n<\/tr>\n<tr>\n<td>Certificacion fcc, rohs<\/td>\n<\/tr>\n<tr>\n<td>Contenidos del paquete \u0095 ax3000 wall plate wifi 6 access point eap655-wall<\/td>\n<\/tr>\n<tr>\n<td>\u0095 installation guide<\/td>\n<\/tr>\n<tr>\n<td>\u0095 mounting kits<\/td>\n<\/tr>\n<tr>\n<td>Requisitos del sistema microsoft windows xp, vista, windows 7, windows 8, windows10, windows 11, linux<\/td>\n<\/tr>\n<tr>\n<td>Ambiente \u0095 operating temperature: 0\u009640  and #8451; (32\u0096104  and #8457;)<\/td>\n<\/tr>\n<tr>\n<td>\u0095 storage temperature: -40\u009670  and #8451; (-40\u0096158  and #8457;)<\/td>\n<\/tr>\n<tr>\n<td>\u0095 operating humidity: 10\u009690% rh non-condensing<\/td>\n<\/tr>\n<tr>\n<td>\u0095 storage humidity: 5\u009690% rh non-condensing<\/td>\n<\/tr>\n<\/table>\n","protected":false},"excerpt":{"rendered":"<p>Blazing fast ax3000 wifi 6. Mayor eficiencia de la red. Multiples puertos gigabit. Gestion centralizada en la nube. Red de invitados segura. Facil instalacion y compatibilidad con poe<\/p>\n","protected":false},"featured_media":221492,"comment_status":"open","ping_status":"open","template":"","meta":[],"product_cat":[1563,1754],"product_tag":[1562],"acf":[],"yoast_head":"<!-- This site is optimized with the Yoast SEO plugin v21.7 - https:\/\/yoast.com\/wordpress\/plugins\/seo\/ -->\n<title>[ Tp Link ] &#129351; Eap655-wall Access Point Tp-link Omada Ax3000 Wall Plate Wi-fi 6<\/title>\n<meta name=\"description\" content=\"Compra Eap655-wall Access Point Tp-link Omada Ax3000 Wall Plate Wi-fi 6 + Env\u00edo a domicilio + Pago seguro + Garant\u00eda\" \/>\n<meta name=\"robots\" content=\"index, follow, max-snippet:-1, max-image-preview:large, max-video-preview:-1\" \/>\n<link rel=\"canonical\" href=\"https:\/\/compuviper.mx\/tienda\/producto\/tp-link-eap655-wall-access-point-tp-link-omada-ax3000-wall-plate-wi-fi-6\/\" \/>\n<meta property=\"og:locale\" content=\"es_MX\" \/>\n<meta property=\"og:type\" content=\"article\" \/>\n<meta property=\"og:title\" content=\"[ Tp Link ] &#129351; Eap655-wall Access Point Tp-link Omada Ax3000 Wall Plate Wi-fi 6\" \/>\n<meta property=\"og:description\" content=\"Compra Eap655-wall Access Point Tp-link Omada Ax3000 Wall Plate Wi-fi 6 + Env\u00edo a domicilio + Pago seguro + Garant\u00eda\" \/>\n<meta property=\"og:url\" content=\"https:\/\/compuviper.mx\/tienda\/producto\/tp-link-eap655-wall-access-point-tp-link-omada-ax3000-wall-plate-wi-fi-6\/\" \/>\n<meta property=\"og:site_name\" content=\"Compuviper\" \/>\n<meta property=\"article:publisher\" content=\"https:\/\/www.facebook.com\/compuviper\" \/>\n<meta property=\"og:image\" content=\"https:\/\/compuviper.mx\/tienda\/wp-content\/uploads\/2023\/12\/Access-point-tp-link-eap655-wall-ax3000-para-pared-wifi-6-multiples-puerto-gigabit.jpg\" \/>\n\t<meta property=\"og:image:width\" content=\"200\" \/>\n\t<meta property=\"og:image:height\" content=\"200\" \/>\n\t<meta property=\"og:image:type\" content=\"image\/jpeg\" \/>\n<meta name=\"twitter:card\" content=\"summary_large_image\" \/>\n<meta name=\"twitter:label1\" content=\"Precio\" \/>\n\t<meta name=\"twitter:data1\" content=\"&#36;1,480 con IVA\" \/>\n\t<meta name=\"twitter:label2\" content=\"Availability\" \/>\n\t<meta name=\"twitter:data2\" content=\"In stock\" \/>\n<script type=\"application\/ld+json\" class=\"yoast-schema-graph\">{\"@context\":\"https:\/\/schema.org\",\"@graph\":[{\"@type\":\"WebPage\",\"@id\":\"https:\/\/compuviper.mx\/tienda\/producto\/tp-link-eap655-wall-access-point-tp-link-omada-ax3000-wall-plate-wi-fi-6\/\",\"url\":\"https:\/\/compuviper.mx\/tienda\/producto\/tp-link-eap655-wall-access-point-tp-link-omada-ax3000-wall-plate-wi-fi-6\/\",\"name\":\"[ Tp Link ] &#129351; Eap655-wall Access Point Tp-link Omada Ax3000 Wall Plate Wi-fi 6\",\"isPartOf\":{\"@id\":\"https:\/\/compuviper.mx\/tienda\/#website\"},\"datePublished\":\"2026-04-18T07:11:17+00:00\",\"dateModified\":\"2026-04-18T07:11:17+00:00\",\"description\":\"Compra Eap655-wall Access Point Tp-link Omada Ax3000 Wall Plate Wi-fi 6 + Env\u00edo a domicilio + Pago seguro + Garant\u00eda\",\"breadcrumb\":{\"@id\":\"https:\/\/compuviper.mx\/tienda\/producto\/tp-link-eap655-wall-access-point-tp-link-omada-ax3000-wall-plate-wi-fi-6\/#breadcrumb\"},\"inLanguage\":\"es-MX\",\"potentialAction\":[{\"@type\":\"ReadAction\",\"target\":[\"https:\/\/compuviper.mx\/tienda\/producto\/tp-link-eap655-wall-access-point-tp-link-omada-ax3000-wall-plate-wi-fi-6\/\"]}]},{\"@type\":\"BreadcrumbList\",\"@id\":\"https:\/\/compuviper.mx\/tienda\/producto\/tp-link-eap655-wall-access-point-tp-link-omada-ax3000-wall-plate-wi-fi-6\/#breadcrumb\",\"itemListElement\":[{\"@type\":\"ListItem\",\"position\":1,\"name\":\"Inicio\",\"item\":\"https:\/\/compuviper.mx\/tienda\/\"},{\"@type\":\"ListItem\",\"position\":2,\"name\":\"Productos\",\"item\":\"https:\/\/compuviper.mx\/tienda\/productos\/\"},{\"@type\":\"ListItem\",\"position\":3,\"name\":\"Redes\",\"item\":\"https:\/\/compuviper.mx\/tienda\/categoria-producto\/redes\/\"},{\"@type\":\"ListItem\",\"position\":4,\"name\":\"Access Point\",\"item\":\"https:\/\/compuviper.mx\/tienda\/categoria-producto\/redes\/access-point\/\"},{\"@type\":\"ListItem\",\"position\":5,\"name\":\"Tp Link Eap655-wall Access Point Tp-link Omada Ax3000 Wall Plate Wi-fi 6\"}]},{\"@type\":\"WebSite\",\"@id\":\"https:\/\/compuviper.mx\/tienda\/#website\",\"url\":\"https:\/\/compuviper.mx\/tienda\/\",\"name\":\"Compuviper\",\"description\":\"Proveedor de Computadoras, Laptops, Servidores, Monitores, Puntos de Venta, Teclados,   Impresoras, T\u00f3ner, C\u00e1maras de Seguridad y m\u00e1s en tu tienda en l\u00ednea\",\"publisher\":{\"@id\":\"https:\/\/compuviper.mx\/tienda\/#organization\"},\"potentialAction\":[{\"@type\":\"SearchAction\",\"target\":{\"@type\":\"EntryPoint\",\"urlTemplate\":\"https:\/\/compuviper.mx\/tienda\/?s={search_term_string}\"},\"query-input\":\"required name=search_term_string\"}],\"inLanguage\":\"es-MX\"},{\"@type\":\"Organization\",\"@id\":\"https:\/\/compuviper.mx\/tienda\/#organization\",\"name\":\"Compuviper\",\"url\":\"https:\/\/compuviper.mx\/tienda\/\",\"logo\":{\"@type\":\"ImageObject\",\"inLanguage\":\"es-MX\",\"@id\":\"https:\/\/compuviper.mx\/tienda\/#\/schema\/logo\/image\/\",\"url\":\"https:\/\/compuviper.mx\/tienda\/wp-content\/uploads\/2021\/08\/Logo-Compuviper-10.png\",\"contentUrl\":\"https:\/\/compuviper.mx\/tienda\/wp-content\/uploads\/2021\/08\/Logo-Compuviper-10.png\",\"width\":1000,\"height\":500,\"caption\":\"Compuviper\"},\"image\":{\"@id\":\"https:\/\/compuviper.mx\/tienda\/#\/schema\/logo\/image\/\"},\"sameAs\":[\"https:\/\/www.facebook.com\/compuviper\",\"https:\/\/www.youtube.com\/channel\/UCf73dERp9Y3cfOq7q8BhLjA?view_as=subscriber\"]}]}<\/script>\n<meta property=\"product:brand\" content=\"TP LINK\" \/>\n<meta property=\"product:price:amount\" content=\"1480\" \/>\n<meta property=\"product:price:currency\" content=\"MXN\" \/>\n<meta property=\"og:availability\" content=\"instock\" \/>\n<meta property=\"product:availability\" content=\"instock\" \/>\n<meta property=\"product:retailer_item_id\" content=\"EAP655-WALL\" \/>\n<meta property=\"product:condition\" content=\"new\" \/>\n<!-- \/ Yoast SEO plugin. -->","yoast_head_json":{"title":"[ Tp Link ] &#129351; Eap655-wall Access Point Tp-link Omada Ax3000 Wall Plate Wi-fi 6","description":"Compra Eap655-wall Access Point Tp-link Omada Ax3000 Wall Plate Wi-fi 6 + Env\u00edo a domicilio + Pago seguro + Garant\u00eda","robots":{"index":"index","follow":"follow","max-snippet":"max-snippet:-1","max-image-preview":"max-image-preview:large","max-video-preview":"max-video-preview:-1"},"canonical":"https:\/\/compuviper.mx\/tienda\/producto\/tp-link-eap655-wall-access-point-tp-link-omada-ax3000-wall-plate-wi-fi-6\/","og_locale":"es_MX","og_type":"article","og_title":"[ Tp Link ] &#129351; Eap655-wall Access Point Tp-link Omada Ax3000 Wall Plate Wi-fi 6","og_description":"Compra Eap655-wall Access Point Tp-link Omada Ax3000 Wall Plate Wi-fi 6 + Env\u00edo a domicilio + Pago seguro + Garant\u00eda","og_url":"https:\/\/compuviper.mx\/tienda\/producto\/tp-link-eap655-wall-access-point-tp-link-omada-ax3000-wall-plate-wi-fi-6\/","og_site_name":"Compuviper","article_publisher":"https:\/\/www.facebook.com\/compuviper","og_image":[{"width":200,"height":200,"url":"https:\/\/compuviper.mx\/tienda\/wp-content\/uploads\/2023\/12\/Access-point-tp-link-eap655-wall-ax3000-para-pared-wifi-6-multiples-puerto-gigabit.jpg","type":"image\/jpeg"}],"twitter_card":"summary_large_image","twitter_misc":{"Precio":"&#36;1,480 con IVA","Availability":"In stock"},"schema":{"@context":"https:\/\/schema.org","@graph":[{"@type":"WebPage","@id":"https:\/\/compuviper.mx\/tienda\/producto\/tp-link-eap655-wall-access-point-tp-link-omada-ax3000-wall-plate-wi-fi-6\/","url":"https:\/\/compuviper.mx\/tienda\/producto\/tp-link-eap655-wall-access-point-tp-link-omada-ax3000-wall-plate-wi-fi-6\/","name":"[ Tp Link ] &#129351; Eap655-wall Access Point Tp-link Omada Ax3000 Wall Plate Wi-fi 6","isPartOf":{"@id":"https:\/\/compuviper.mx\/tienda\/#website"},"datePublished":"2026-04-18T07:11:17+00:00","dateModified":"2026-04-18T07:11:17+00:00","description":"Compra Eap655-wall Access Point Tp-link Omada Ax3000 Wall Plate Wi-fi 6 + Env\u00edo a domicilio + Pago seguro + Garant\u00eda","breadcrumb":{"@id":"https:\/\/compuviper.mx\/tienda\/producto\/tp-link-eap655-wall-access-point-tp-link-omada-ax3000-wall-plate-wi-fi-6\/#breadcrumb"},"inLanguage":"es-MX","potentialAction":[{"@type":"ReadAction","target":["https:\/\/compuviper.mx\/tienda\/producto\/tp-link-eap655-wall-access-point-tp-link-omada-ax3000-wall-plate-wi-fi-6\/"]}]},{"@type":"BreadcrumbList","@id":"https:\/\/compuviper.mx\/tienda\/producto\/tp-link-eap655-wall-access-point-tp-link-omada-ax3000-wall-plate-wi-fi-6\/#breadcrumb","itemListElement":[{"@type":"ListItem","position":1,"name":"Inicio","item":"https:\/\/compuviper.mx\/tienda\/"},{"@type":"ListItem","position":2,"name":"Productos","item":"https:\/\/compuviper.mx\/tienda\/productos\/"},{"@type":"ListItem","position":3,"name":"Redes","item":"https:\/\/compuviper.mx\/tienda\/categoria-producto\/redes\/"},{"@type":"ListItem","position":4,"name":"Access Point","item":"https:\/\/compuviper.mx\/tienda\/categoria-producto\/redes\/access-point\/"},{"@type":"ListItem","position":5,"name":"Tp Link Eap655-wall Access Point Tp-link Omada Ax3000 Wall Plate Wi-fi 6"}]},{"@type":"WebSite","@id":"https:\/\/compuviper.mx\/tienda\/#website","url":"https:\/\/compuviper.mx\/tienda\/","name":"Compuviper","description":"Proveedor de Computadoras, Laptops, Servidores, Monitores, Puntos de Venta, Teclados,   Impresoras, T\u00f3ner, C\u00e1maras de Seguridad y m\u00e1s en tu tienda en l\u00ednea","publisher":{"@id":"https:\/\/compuviper.mx\/tienda\/#organization"},"potentialAction":[{"@type":"SearchAction","target":{"@type":"EntryPoint","urlTemplate":"https:\/\/compuviper.mx\/tienda\/?s={search_term_string}"},"query-input":"required name=search_term_string"}],"inLanguage":"es-MX"},{"@type":"Organization","@id":"https:\/\/compuviper.mx\/tienda\/#organization","name":"Compuviper","url":"https:\/\/compuviper.mx\/tienda\/","logo":{"@type":"ImageObject","inLanguage":"es-MX","@id":"https:\/\/compuviper.mx\/tienda\/#\/schema\/logo\/image\/","url":"https:\/\/compuviper.mx\/tienda\/wp-content\/uploads\/2021\/08\/Logo-Compuviper-10.png","contentUrl":"https:\/\/compuviper.mx\/tienda\/wp-content\/uploads\/2021\/08\/Logo-Compuviper-10.png","width":1000,"height":500,"caption":"Compuviper"},"image":{"@id":"https:\/\/compuviper.mx\/tienda\/#\/schema\/logo\/image\/"},"sameAs":["https:\/\/www.facebook.com\/compuviper","https:\/\/www.youtube.com\/channel\/UCf73dERp9Y3cfOq7q8BhLjA?view_as=subscriber"]}]},"product_brand":"TP LINK","product_price_amount":"1480","product_price_currency":"MXN","og_availability":"instock","product_availability":"instock","product_retailer_item_id":"EAP655-WALL","product_condition":"new"},"_links":{"self":[{"href":"https:\/\/compuviper.mx\/tienda\/wp-json\/wp\/v2\/product\/221491"}],"collection":[{"href":"https:\/\/compuviper.mx\/tienda\/wp-json\/wp\/v2\/product"}],"about":[{"href":"https:\/\/compuviper.mx\/tienda\/wp-json\/wp\/v2\/types\/product"}],"replies":[{"embeddable":true,"href":"https:\/\/compuviper.mx\/tienda\/wp-json\/wp\/v2\/comments?post=221491"}],"wp:featuredmedia":[{"embeddable":true,"href":"https:\/\/compuviper.mx\/tienda\/wp-json\/wp\/v2\/media\/221492"}],"wp:attachment":[{"href":"https:\/\/compuviper.mx\/tienda\/wp-json\/wp\/v2\/media?parent=221491"}],"wp:term":[{"taxonomy":"product_cat","embeddable":true,"href":"https:\/\/compuviper.mx\/tienda\/wp-json\/wp\/v2\/product_cat?post=221491"},{"taxonomy":"product_tag","embeddable":true,"href":"https:\/\/compuviper.mx\/tienda\/wp-json\/wp\/v2\/product_tag?post=221491"}],"curies":[{"name":"wp","href":"https:\/\/api.w.org\/{rel}","templated":true}]}}