{"id":221489,"date":"2026-04-18T01:11:16","date_gmt":"2026-04-18T07:11:16","guid":{"rendered":"https:\/\/compuviper.mx\/tienda\/producto\/tp-link-er8411-router-tp-link-vpn-omada-con-puertos-10g\/"},"modified":"2026-04-18T01:11:16","modified_gmt":"2026-04-18T07:11:16","slug":"tp-link-er8411-router-tp-link-vpn-omada-con-puertos-10g","status":"publish","type":"product","link":"https:\/\/compuviper.mx\/tienda\/producto\/tp-link-er8411-router-tp-link-vpn-omada-con-puertos-10g\/","title":{"rendered":"Tp Link Er8411 Router | Tp-link |  | Vpn | Omada Con Puertos 10g"},"content":{"rendered":"<table class=\"descripcion\">\n<tr>\n<td>Caracter\u00edsticas de hardware<\/td>\n<\/tr>\n<tr>\n<td>Est\u00e1ndares y protocolos \u0095 ieee 802.3, ieee802.3u, ieee802.3ab, ieee802.3z, ieee 802.3x, ieee 802.1q<\/td>\n<\/tr>\n<tr>\n<td>\u0095 tcp\/ip, dhcp, icmp, nat, pppoe, ntp, http, https, dns, ipsec, pptp, l2tp, openvpn, snmp<\/td>\n<\/tr>\n<tr>\n<td>Interface \u0095 2\u00d7 10ge sfp+ ports (1 wan, 1 wan\/lan)<\/td>\n<\/tr>\n<tr>\n<td>\u0095 1\u00d7 1ge sfp wan\/lan ports<\/td>\n<\/tr>\n<tr>\n<td>\u0095 8\u00d7 1ge rj45 wan\/lan ports<\/td>\n<\/tr>\n<tr>\n<td>\u0095 1\u00d7 rj45 console ports<\/td>\n<\/tr>\n<tr>\n<td>\u0095 2\u00d7 usb ports (connecting 4g\/3g modem as wan backup)<\/td>\n<\/tr>\n<tr>\n<td>Medios de red \u0095 10base-t: utp category 3, 4, 5 cable (max 100 m)<\/td>\n<\/tr>\n<tr>\n<td>Eia\/tia-568 100 and #937; stp (max 100 m)<\/td>\n<\/tr>\n<tr>\n<td>\u0095 100base-tx: utp category 5, 5e cable (max 100 m)<\/td>\n<\/tr>\n<tr>\n<td>Eia\/tia-568 100 and #937; stp (max 100 m)<\/td>\n<\/tr>\n<tr>\n<td>\u0095 1000base-t: utp category 5e, 6 cable (max 100 m)<\/td>\n<\/tr>\n<tr>\n<td>Cantidad de ventiladores 2<\/td>\n<\/tr>\n<tr>\n<td>Bot\u00f3n reset button<\/td>\n<\/tr>\n<tr>\n<td>Fuente de alimentaci\u00f3n redundant dual power supplies (100\u0096240 vac, 50\/60 hz)<\/td>\n<\/tr>\n<tr>\n<td>Poe budget &#8211;<\/td>\n<\/tr>\n<tr>\n<td>Flash 4mb spi nor + 256 mb nand<\/td>\n<\/tr>\n<tr>\n<td>Dram 4 gb ddr4<\/td>\n<\/tr>\n<tr>\n<td>Led pwr, sys, wan, lan, usb, fan<\/td>\n<\/tr>\n<tr>\n<td>Dimensiones (w x d x h) 17.3 \u00d7 8.7 \u00d7 1.7 in (440 \u00d7 220 \u00d7 44 mm)<\/td>\n<\/tr>\n<tr>\n<td>Protecci\u00f3n 4 kv surge protection<\/td>\n<\/tr>\n<tr>\n<td>Cercado steel<\/td>\n<\/tr>\n<tr>\n<td>Montaje rack mountable<\/td>\n<\/tr>\n<tr>\n<td>Consumo m\u00e1ximo de energ\u00eda \u0095 26.36 w (with usb 3.0 connected)<\/td>\n<\/tr>\n<tr>\n<td>\u0095 19.12 w (without usb 3.0 connected)<\/td>\n<\/tr>\n<tr>\n<td>Rendimiento<\/td>\n<\/tr>\n<tr>\n<td>Sesiones concurrentes 2,300,000<\/td>\n<\/tr>\n<tr>\n<td>New sessions \/second 20,000<\/td>\n<\/tr>\n<tr>\n<td>Nat (static ip) \u0095 upload: 9445.82 mbps<\/td>\n<\/tr>\n<tr>\n<td>\u0095 download: 9449.26 mbps<\/td>\n<\/tr>\n<tr>\n<td>Nat(dhcp) \u0095 upload: 9426.83 mbps<\/td>\n<\/tr>\n<tr>\n<td>\u0095 download: 9426.20 mbps<\/td>\n<\/tr>\n<tr>\n<td>Nat(pppoe) \u0095 upload: 9413.96 mbps<\/td>\n<\/tr>\n<tr>\n<td>\u0095 download: 9102.01 mbps<\/td>\n<\/tr>\n<tr>\n<td>Nat (l2tp) \u0095 upload: 4230.62 mbps<\/td>\n<\/tr>\n<tr>\n<td>\u0095 download: 4169.53 mbps<\/td>\n<\/tr>\n<tr>\n<td>Nat (pptp) \u0095 upload: 3933.86 mbps<\/td>\n<\/tr>\n<tr>\n<td>\u0095 download: 3821.97 mbps<\/td>\n<\/tr>\n<tr>\n<td>64 byte packet forwarding rate \u0095 upload: 1080 mbps<\/td>\n<\/tr>\n<tr>\n<td>\u0095 download: 1030 mbps<\/td>\n<\/tr>\n<tr>\n<td>Rendimiento vpn ipsec \u0095 sha1-aes256: 2140.45 mbps<\/td>\n<\/tr>\n<tr>\n<td>\u0095 sha2-aes256: 2080.20 mbps<\/td>\n<\/tr>\n<tr>\n<td>Openvpn 1665.64 mbps<\/td>\n<\/tr>\n<tr>\n<td>L2tp vpn throughput \u0095 unencrypted: 5013.50 mbps<\/td>\n<\/tr>\n<tr>\n<td>\u0095 encrypted: 2274.74 mbps<\/td>\n<\/tr>\n<tr>\n<td>Pptp vpn throughput \u0095 unencrypted: 3933.86 mbps<\/td>\n<\/tr>\n<tr>\n<td>\u0095 encrypted: 3821.97mbps<\/td>\n<\/tr>\n<tr>\n<td>Ssl vpn throughput 1511.10 mbps<\/td>\n<\/tr>\n<tr>\n<td>66 byte packet forwarding rate &#8211;<\/td>\n<\/tr>\n<tr>\n<td>1,518 byte packet forwarding rate \u0095 upload: 9970 mbps<\/td>\n<\/tr>\n<tr>\n<td>\u0095 download: 9970 mbps<\/td>\n<\/tr>\n<tr>\n<td>Funciones b\u00e1sicas<\/td>\n<\/tr>\n<tr>\n<td>Wan connection type \u0095 static\/dynamic ip<\/td>\n<\/tr>\n<tr>\n<td>\u0095 pppoe<\/td>\n<\/tr>\n<tr>\n<td>\u0095 pptp<\/td>\n<\/tr>\n<tr>\n<td>\u0095 l2tp<\/td>\n<\/tr>\n<tr>\n<td>\u0095 6to4 tunnel<\/td>\n<\/tr>\n<tr>\n<td>\u0095 pass-through<\/td>\n<\/tr>\n<tr>\n<td>\u0095 mobile broadband: 4g\/3g modem for backup via usb port<\/td>\n<\/tr>\n<tr>\n<td>Mac clone modify wan\/lan mac address*4<\/td>\n<\/tr>\n<tr>\n<td>Dhcp \u0095 dhcp server\/client<\/td>\n<\/tr>\n<tr>\n<td>\u0095 dhcp address reservation<\/td>\n<\/tr>\n<tr>\n<td>\u0095 multi-net dhcp<\/td>\n<\/tr>\n<tr>\n<td>\u0095 multi-ip interfaces<\/td>\n<\/tr>\n<tr>\n<td>Ipv6 wan connection<\/td>\n<\/tr>\n<tr>\n<td>Vlan 802.1q vlan<\/td>\n<\/tr>\n<tr>\n<td>Iptv igmp v2\/v3 proxy<\/td>\n<\/tr>\n<tr>\n<td>Funciones avanzadas<\/td>\n<\/tr>\n<tr>\n<td>Acl ip\/port\/protocol\/domain name filtering<\/td>\n<\/tr>\n<tr>\n<td>Advanced routing \u0095 static routing<\/td>\n<\/tr>\n<tr>\n<td>\u0095 policy routing<\/td>\n<\/tr>\n<tr>\n<td>Bandwidth control \u0095 ip\/port-based bandwidth control<\/td>\n<\/tr>\n<tr>\n<td>\u0095 guarantee  and  limited bandwidth<\/td>\n<\/tr>\n<tr>\n<td>Equilibrio de carga \u0095 intelligent load balance<\/td>\n<\/tr>\n<tr>\n<td>\u0095 application optimized routing<\/td>\n<\/tr>\n<tr>\n<td>\u0095 link backup (timing*5, failover)<\/td>\n<\/tr>\n<tr>\n<td>\u0095 online detection<\/td>\n<\/tr>\n<tr>\n<td>Nat \u0095 one-to-one nat*5<\/td>\n<\/tr>\n<tr>\n<td>\u0095 multi-net nat<\/td>\n<\/tr>\n<tr>\n<td>\u0095 virtual server<\/td>\n<\/tr>\n<tr>\n<td>\u0095 port triggering*5<\/td>\n<\/tr>\n<tr>\n<td>\u0095 nat-dmz<\/td>\n<\/tr>\n<tr>\n<td>\u0095 ftp\/h.323\/sip\/ipsec\/pptp alg<\/td>\n<\/tr>\n<tr>\n<td>\u0095 upnp<\/td>\n<\/tr>\n<tr>\n<td>L\u00edmite de sesi\u00f3n ip-based session limit<\/td>\n<\/tr>\n<tr>\n<td>Vpn<\/td>\n<\/tr>\n<tr>\n<td>Ssl vpn \u0095 ssl vpn server<\/td>\n<\/tr>\n<tr>\n<td>\u0095 ssl vpn client<\/td>\n<\/tr>\n<tr>\n<td>\u0095 500 ssl vpn tunnels<\/td>\n<\/tr>\n<tr>\n<td>Ipsec vpn \u0095 300 ipsec vpn tunnels<\/td>\n<\/tr>\n<tr>\n<td>\u0095 lan-to-lan, client-to-lan<\/td>\n<\/tr>\n<tr>\n<td>\u0095 main, aggressive negotiation mode<\/td>\n<\/tr>\n<tr>\n<td>\u0095 des, 3des, sha1, sha2, aes128, aes192, aes256 encryption algorithm<\/td>\n<\/tr>\n<tr>\n<td>\u0095 ike v1\/v2<\/td>\n<\/tr>\n<tr>\n<td>\u0095 md5, sha1 authentication algorithm<\/td>\n<\/tr>\n<tr>\n<td>\u0095 nat traversal (nat-t)<\/td>\n<\/tr>\n<tr>\n<td>\u0095 dead peer detection (dpd)<\/td>\n<\/tr>\n<tr>\n<td>\u0095 perfect forward secrecy (pfs)<\/td>\n<\/tr>\n<tr>\n<td>Pptp vpn \u0095 pptp vpn server<\/td>\n<\/tr>\n<tr>\n<td>\u0095 pptp vpn client (32)*6<\/td>\n<\/tr>\n<tr>\n<td>\u0095 300 tunnels (shared with l2tp)<\/td>\n<\/tr>\n<tr>\n<td>\u0095 pptp with mppe encryption<\/td>\n<\/tr>\n<tr>\n<td>L2tp vpn \u0095 l2tp vpn server<\/td>\n<\/tr>\n<tr>\n<td>\u0095 l2tp vpn client (32)*6<\/td>\n<\/tr>\n<tr>\n<td>\u0095 300 tunnels (shared with pptp)<\/td>\n<\/tr>\n<tr>\n<td>\u0095 l2tp over ipsec<\/td>\n<\/tr>\n<tr>\n<td>Openvpn \u0095 openvpn server<\/td>\n<\/tr>\n<tr>\n<td>\u0095 openvpn client (10)*6<\/td>\n<\/tr>\n<tr>\n<td>\u0095 110 openvpn tunnels<\/td>\n<\/tr>\n<tr>\n<td>Seguridad<\/td>\n<\/tr>\n<tr>\n<td>Filtering \u0095 web group filtering*5<\/td>\n<\/tr>\n<tr>\n<td>\u0095 url filtering<\/td>\n<\/tr>\n<tr>\n<td>\u0095 web security*5<\/td>\n<\/tr>\n<tr>\n<td>Arp inspection \u0095 sending garp packets*5<\/td>\n<\/tr>\n<tr>\n<td>\u0095 arp scanning*5<\/td>\n<\/tr>\n<tr>\n<td>\u0095 ip-mac binding*5<\/td>\n<\/tr>\n<tr>\n<td>Defensa de ataque \u0095 tcp\/udp\/icmp flood defense<\/td>\n<\/tr>\n<tr>\n<td>\u0095 block tcp scan (stealth fin\/xmas\/null)<\/td>\n<\/tr>\n<tr>\n<td>\u0095 block ping from wan<\/td>\n<\/tr>\n<tr>\n<td>Control de acceso source\/destination ip based access control<\/td>\n<\/tr>\n<tr>\n<td>Autenticaci\u00f3n<\/td>\n<\/tr>\n<tr>\n<td>Autenticaci\u00f3n web \u0095 no authentication<\/td>\n<\/tr>\n<tr>\n<td>\u0095 simple password*2<\/td>\n<\/tr>\n<tr>\n<td>\u0095 hotspot and #65288;local user \/ voucher*2 \/ sms*2 \/ radius*2 and #65289;<\/td>\n<\/tr>\n<tr>\n<td>\u0095 external radius sever<\/td>\n<\/tr>\n<tr>\n<td>\u0095 external portal sever*2<\/td>\n<\/tr>\n<tr>\n<td>\u0095 instagram follow*2<\/td>\n<\/tr>\n<tr>\n<td>Administraci\u00f3n<\/td>\n<\/tr>\n<tr>\n<td>Omada app yes. requiring the use of oc300, oc200, omada cloud-based controller, or omada software controller.<\/td>\n<\/tr>\n<tr>\n<td>Centralized management \u0095 omada hardware controller (oc300)<\/td>\n<\/tr>\n<tr>\n<td>\u0095 omada hardware controller (oc200)<\/td>\n<\/tr>\n<tr>\n<td>\u0095 omada software controller<\/td>\n<\/tr>\n<tr>\n<td>\u0095 omada cloud-based controller<\/td>\n<\/tr>\n<tr>\n<td>Cloud access yes. requiring the use of oc300, oc200, omada cloud-based controller, or omada software controller.<\/td>\n<\/tr>\n<tr>\n<td>Servicio dynamic dns (dyndns, no-ip, peanuthull, comexe)<\/td>\n<\/tr>\n<tr>\n<td>Mantenimiento \u0095 web management interface<\/td>\n<\/tr>\n<tr>\n<td>\u0095 remote management<\/td>\n<\/tr>\n<tr>\n<td>\u0095 export  and  import configuration<\/td>\n<\/tr>\n<tr>\n<td>\u0095 snmp v1\/v2c\/v3<\/td>\n<\/tr>\n<tr>\n<td>\u0095 diagnostics (ping  and  traceroute)*5<\/td>\n<\/tr>\n<tr>\n<td>\u0095 ntp synchronize*5<\/td>\n<\/tr>\n<tr>\n<td>\u0095 syslog support<\/td>\n<\/tr>\n<tr>\n<td>Zero-touch provisioning yes. requiring the use of omada cloud-based controller.<\/td>\n<\/tr>\n<tr>\n<td>Management features \u0095 automatic device discovery<\/td>\n<\/tr>\n<tr>\n<td>\u0095 intelligent network monitoring<\/td>\n<\/tr>\n<tr>\n<td>\u0095 abnormal event warnings<\/td>\n<\/tr>\n<tr>\n<td>\u0095 unified configuration<\/td>\n<\/tr>\n<tr>\n<td>\u0095 reboot schedule<\/td>\n<\/tr>\n<tr>\n<td>\u0095 captive portal configuration<\/td>\n<\/tr>\n<tr>\n<td>Otros<\/td>\n<\/tr>\n<tr>\n<td>Certificacion ce, fcc, rohs<\/td>\n<\/tr>\n<tr>\n<td>Contenidos del paquete \u0095 omada 10g multi-wan security gateway er8411<\/td>\n<\/tr>\n<tr>\n<td>\u0095 power cord<\/td>\n<\/tr>\n<tr>\n<td>\u0095 rack-mount kit<\/td>\n<\/tr>\n<tr>\n<td>\u0095 quick installation guide<\/td>\n<\/tr>\n<tr>\n<td>Requisitos del sistema microsoft windows 98se, nt, 2000, xp, vista\u0099 or windows 7\/8\/8.1\/10\/11, mac os, netware, unix or linux<\/td>\n<\/tr>\n<tr>\n<td>Ambiente \u0095 operating temperature: 0\u009640  and #8451; (32\u0096104  and #8457;);<\/td>\n<\/tr>\n<tr>\n<td>\u0095 storage temperature: -40\u009670  and #8451; (-40\u0096158  and #8457;)<\/td>\n<\/tr>\n<tr>\n<td>\u0095 operating humidity: 10\u009690% rh non-condensing<\/td>\n<\/tr>\n<tr>\n<td>\u0095 storage humidity: 5\u009690% rh non-condensing<\/td>\n<\/tr>\n<\/table>\n","protected":false},"excerpt":{"rendered":"<p>Router vpn er8411. Integrado en omada sdn. Gestion centralizada. 2 puertos 10ge sfp. Hasta 10 puertos wan. Vpn altamente segura. Abundantes funciones de seguridad. Https:\/\/www.Tp-link.Com\/mx\/business-networking\/omada-sdn-router\/er8411\/#overview<\/p>\n","protected":false},"featured_media":221490,"comment_status":"open","ping_status":"open","template":"","meta":[],"product_cat":[1563,1753],"product_tag":[1562],"acf":[],"yoast_head":"<!-- This site is optimized with the Yoast SEO plugin v21.7 - https:\/\/yoast.com\/wordpress\/plugins\/seo\/ -->\n<title>[ Tp Link ] &#129351; Er8411 Router | Tp-link | | Vpn | Omada Con Puertos 10g<\/title>\n<meta name=\"description\" content=\"Compra Er8411 Router | Tp-link | | Vpn | Omada Con Puertos 10g + Env\u00edo a domicilio + Pago seguro + Garant\u00eda\" \/>\n<meta name=\"robots\" content=\"index, follow, max-snippet:-1, max-image-preview:large, max-video-preview:-1\" \/>\n<link rel=\"canonical\" href=\"https:\/\/compuviper.mx\/tienda\/producto\/tp-link-er8411-router-tp-link-vpn-omada-con-puertos-10g\/\" \/>\n<meta property=\"og:locale\" content=\"es_MX\" \/>\n<meta property=\"og:type\" content=\"article\" \/>\n<meta property=\"og:title\" content=\"[ Tp Link ] &#129351; Er8411 Router | Tp-link | | Vpn | Omada Con Puertos 10g\" \/>\n<meta property=\"og:description\" content=\"Compra Er8411 Router | Tp-link | | Vpn | Omada Con Puertos 10g + Env\u00edo a domicilio + Pago seguro + Garant\u00eda\" \/>\n<meta property=\"og:url\" content=\"https:\/\/compuviper.mx\/tienda\/producto\/tp-link-er8411-router-tp-link-vpn-omada-con-puertos-10g\/\" \/>\n<meta property=\"og:site_name\" content=\"Compuviper\" \/>\n<meta property=\"article:publisher\" content=\"https:\/\/www.facebook.com\/compuviper\" \/>\n<meta property=\"og:image\" content=\"https:\/\/compuviper.mx\/tienda\/wp-content\/uploads\/2023\/12\/Router-tp-link-er8411-vpn-omada-con-puertos-10g.jpg\" \/>\n\t<meta property=\"og:image:width\" content=\"200\" \/>\n\t<meta property=\"og:image:height\" content=\"200\" \/>\n\t<meta property=\"og:image:type\" content=\"image\/jpeg\" \/>\n<meta name=\"twitter:card\" content=\"summary_large_image\" \/>\n<meta name=\"twitter:label1\" content=\"Precio\" \/>\n\t<meta name=\"twitter:data1\" content=\"&#36;6,755 con IVA\" \/>\n\t<meta name=\"twitter:label2\" content=\"Availability\" \/>\n\t<meta name=\"twitter:data2\" content=\"In stock\" \/>\n<script type=\"application\/ld+json\" class=\"yoast-schema-graph\">{\"@context\":\"https:\/\/schema.org\",\"@graph\":[{\"@type\":\"WebPage\",\"@id\":\"https:\/\/compuviper.mx\/tienda\/producto\/tp-link-er8411-router-tp-link-vpn-omada-con-puertos-10g\/\",\"url\":\"https:\/\/compuviper.mx\/tienda\/producto\/tp-link-er8411-router-tp-link-vpn-omada-con-puertos-10g\/\",\"name\":\"[ Tp Link ] &#129351; Er8411 Router | Tp-link | | Vpn | Omada Con Puertos 10g\",\"isPartOf\":{\"@id\":\"https:\/\/compuviper.mx\/tienda\/#website\"},\"datePublished\":\"2026-04-18T07:11:16+00:00\",\"dateModified\":\"2026-04-18T07:11:16+00:00\",\"description\":\"Compra Er8411 Router | Tp-link | | Vpn | Omada Con Puertos 10g + Env\u00edo a domicilio + Pago seguro + Garant\u00eda\",\"breadcrumb\":{\"@id\":\"https:\/\/compuviper.mx\/tienda\/producto\/tp-link-er8411-router-tp-link-vpn-omada-con-puertos-10g\/#breadcrumb\"},\"inLanguage\":\"es-MX\",\"potentialAction\":[{\"@type\":\"ReadAction\",\"target\":[\"https:\/\/compuviper.mx\/tienda\/producto\/tp-link-er8411-router-tp-link-vpn-omada-con-puertos-10g\/\"]}]},{\"@type\":\"BreadcrumbList\",\"@id\":\"https:\/\/compuviper.mx\/tienda\/producto\/tp-link-er8411-router-tp-link-vpn-omada-con-puertos-10g\/#breadcrumb\",\"itemListElement\":[{\"@type\":\"ListItem\",\"position\":1,\"name\":\"Inicio\",\"item\":\"https:\/\/compuviper.mx\/tienda\/\"},{\"@type\":\"ListItem\",\"position\":2,\"name\":\"Productos\",\"item\":\"https:\/\/compuviper.mx\/tienda\/productos\/\"},{\"@type\":\"ListItem\",\"position\":3,\"name\":\"Redes\",\"item\":\"https:\/\/compuviper.mx\/tienda\/categoria-producto\/redes\/\"},{\"@type\":\"ListItem\",\"position\":4,\"name\":\"Router\",\"item\":\"https:\/\/compuviper.mx\/tienda\/categoria-producto\/redes\/router\/\"},{\"@type\":\"ListItem\",\"position\":5,\"name\":\"Tp Link Er8411 Router | Tp-link | | Vpn | Omada Con Puertos 10g\"}]},{\"@type\":\"WebSite\",\"@id\":\"https:\/\/compuviper.mx\/tienda\/#website\",\"url\":\"https:\/\/compuviper.mx\/tienda\/\",\"name\":\"Compuviper\",\"description\":\"Proveedor de Computadoras, Laptops, Servidores, Monitores, Puntos de Venta, Teclados,   Impresoras, T\u00f3ner, C\u00e1maras de Seguridad y m\u00e1s en tu tienda en l\u00ednea\",\"publisher\":{\"@id\":\"https:\/\/compuviper.mx\/tienda\/#organization\"},\"potentialAction\":[{\"@type\":\"SearchAction\",\"target\":{\"@type\":\"EntryPoint\",\"urlTemplate\":\"https:\/\/compuviper.mx\/tienda\/?s={search_term_string}\"},\"query-input\":\"required name=search_term_string\"}],\"inLanguage\":\"es-MX\"},{\"@type\":\"Organization\",\"@id\":\"https:\/\/compuviper.mx\/tienda\/#organization\",\"name\":\"Compuviper\",\"url\":\"https:\/\/compuviper.mx\/tienda\/\",\"logo\":{\"@type\":\"ImageObject\",\"inLanguage\":\"es-MX\",\"@id\":\"https:\/\/compuviper.mx\/tienda\/#\/schema\/logo\/image\/\",\"url\":\"https:\/\/compuviper.mx\/tienda\/wp-content\/uploads\/2021\/08\/Logo-Compuviper-10.png\",\"contentUrl\":\"https:\/\/compuviper.mx\/tienda\/wp-content\/uploads\/2021\/08\/Logo-Compuviper-10.png\",\"width\":1000,\"height\":500,\"caption\":\"Compuviper\"},\"image\":{\"@id\":\"https:\/\/compuviper.mx\/tienda\/#\/schema\/logo\/image\/\"},\"sameAs\":[\"https:\/\/www.facebook.com\/compuviper\",\"https:\/\/www.youtube.com\/channel\/UCf73dERp9Y3cfOq7q8BhLjA?view_as=subscriber\"]}]}<\/script>\n<meta property=\"product:brand\" content=\"TP LINK\" \/>\n<meta property=\"product:price:amount\" content=\"6755\" \/>\n<meta property=\"product:price:currency\" content=\"MXN\" \/>\n<meta property=\"og:availability\" content=\"instock\" \/>\n<meta property=\"product:availability\" content=\"instock\" \/>\n<meta property=\"product:retailer_item_id\" content=\"ER8411\" \/>\n<meta property=\"product:condition\" content=\"new\" \/>\n<!-- \/ Yoast SEO plugin. -->","yoast_head_json":{"title":"[ Tp Link ] &#129351; Er8411 Router | Tp-link | | Vpn | Omada Con Puertos 10g","description":"Compra Er8411 Router | Tp-link | | Vpn | Omada Con Puertos 10g + Env\u00edo a domicilio + Pago seguro + Garant\u00eda","robots":{"index":"index","follow":"follow","max-snippet":"max-snippet:-1","max-image-preview":"max-image-preview:large","max-video-preview":"max-video-preview:-1"},"canonical":"https:\/\/compuviper.mx\/tienda\/producto\/tp-link-er8411-router-tp-link-vpn-omada-con-puertos-10g\/","og_locale":"es_MX","og_type":"article","og_title":"[ Tp Link ] &#129351; Er8411 Router | Tp-link | | Vpn | Omada Con Puertos 10g","og_description":"Compra Er8411 Router | Tp-link | | Vpn | Omada Con Puertos 10g + Env\u00edo a domicilio + Pago seguro + Garant\u00eda","og_url":"https:\/\/compuviper.mx\/tienda\/producto\/tp-link-er8411-router-tp-link-vpn-omada-con-puertos-10g\/","og_site_name":"Compuviper","article_publisher":"https:\/\/www.facebook.com\/compuviper","og_image":[{"width":200,"height":200,"url":"https:\/\/compuviper.mx\/tienda\/wp-content\/uploads\/2023\/12\/Router-tp-link-er8411-vpn-omada-con-puertos-10g.jpg","type":"image\/jpeg"}],"twitter_card":"summary_large_image","twitter_misc":{"Precio":"&#36;6,755 con IVA","Availability":"In stock"},"schema":{"@context":"https:\/\/schema.org","@graph":[{"@type":"WebPage","@id":"https:\/\/compuviper.mx\/tienda\/producto\/tp-link-er8411-router-tp-link-vpn-omada-con-puertos-10g\/","url":"https:\/\/compuviper.mx\/tienda\/producto\/tp-link-er8411-router-tp-link-vpn-omada-con-puertos-10g\/","name":"[ Tp Link ] &#129351; Er8411 Router | Tp-link | | Vpn | Omada Con Puertos 10g","isPartOf":{"@id":"https:\/\/compuviper.mx\/tienda\/#website"},"datePublished":"2026-04-18T07:11:16+00:00","dateModified":"2026-04-18T07:11:16+00:00","description":"Compra Er8411 Router | Tp-link | | Vpn | Omada Con Puertos 10g + Env\u00edo a domicilio + Pago seguro + Garant\u00eda","breadcrumb":{"@id":"https:\/\/compuviper.mx\/tienda\/producto\/tp-link-er8411-router-tp-link-vpn-omada-con-puertos-10g\/#breadcrumb"},"inLanguage":"es-MX","potentialAction":[{"@type":"ReadAction","target":["https:\/\/compuviper.mx\/tienda\/producto\/tp-link-er8411-router-tp-link-vpn-omada-con-puertos-10g\/"]}]},{"@type":"BreadcrumbList","@id":"https:\/\/compuviper.mx\/tienda\/producto\/tp-link-er8411-router-tp-link-vpn-omada-con-puertos-10g\/#breadcrumb","itemListElement":[{"@type":"ListItem","position":1,"name":"Inicio","item":"https:\/\/compuviper.mx\/tienda\/"},{"@type":"ListItem","position":2,"name":"Productos","item":"https:\/\/compuviper.mx\/tienda\/productos\/"},{"@type":"ListItem","position":3,"name":"Redes","item":"https:\/\/compuviper.mx\/tienda\/categoria-producto\/redes\/"},{"@type":"ListItem","position":4,"name":"Router","item":"https:\/\/compuviper.mx\/tienda\/categoria-producto\/redes\/router\/"},{"@type":"ListItem","position":5,"name":"Tp Link Er8411 Router | Tp-link | | Vpn | Omada Con Puertos 10g"}]},{"@type":"WebSite","@id":"https:\/\/compuviper.mx\/tienda\/#website","url":"https:\/\/compuviper.mx\/tienda\/","name":"Compuviper","description":"Proveedor de Computadoras, Laptops, Servidores, Monitores, Puntos de Venta, Teclados,   Impresoras, T\u00f3ner, C\u00e1maras de Seguridad y m\u00e1s en tu tienda en l\u00ednea","publisher":{"@id":"https:\/\/compuviper.mx\/tienda\/#organization"},"potentialAction":[{"@type":"SearchAction","target":{"@type":"EntryPoint","urlTemplate":"https:\/\/compuviper.mx\/tienda\/?s={search_term_string}"},"query-input":"required name=search_term_string"}],"inLanguage":"es-MX"},{"@type":"Organization","@id":"https:\/\/compuviper.mx\/tienda\/#organization","name":"Compuviper","url":"https:\/\/compuviper.mx\/tienda\/","logo":{"@type":"ImageObject","inLanguage":"es-MX","@id":"https:\/\/compuviper.mx\/tienda\/#\/schema\/logo\/image\/","url":"https:\/\/compuviper.mx\/tienda\/wp-content\/uploads\/2021\/08\/Logo-Compuviper-10.png","contentUrl":"https:\/\/compuviper.mx\/tienda\/wp-content\/uploads\/2021\/08\/Logo-Compuviper-10.png","width":1000,"height":500,"caption":"Compuviper"},"image":{"@id":"https:\/\/compuviper.mx\/tienda\/#\/schema\/logo\/image\/"},"sameAs":["https:\/\/www.facebook.com\/compuviper","https:\/\/www.youtube.com\/channel\/UCf73dERp9Y3cfOq7q8BhLjA?view_as=subscriber"]}]},"product_brand":"TP LINK","product_price_amount":"6755","product_price_currency":"MXN","og_availability":"instock","product_availability":"instock","product_retailer_item_id":"ER8411","product_condition":"new"},"_links":{"self":[{"href":"https:\/\/compuviper.mx\/tienda\/wp-json\/wp\/v2\/product\/221489"}],"collection":[{"href":"https:\/\/compuviper.mx\/tienda\/wp-json\/wp\/v2\/product"}],"about":[{"href":"https:\/\/compuviper.mx\/tienda\/wp-json\/wp\/v2\/types\/product"}],"replies":[{"embeddable":true,"href":"https:\/\/compuviper.mx\/tienda\/wp-json\/wp\/v2\/comments?post=221489"}],"wp:featuredmedia":[{"embeddable":true,"href":"https:\/\/compuviper.mx\/tienda\/wp-json\/wp\/v2\/media\/221490"}],"wp:attachment":[{"href":"https:\/\/compuviper.mx\/tienda\/wp-json\/wp\/v2\/media?parent=221489"}],"wp:term":[{"taxonomy":"product_cat","embeddable":true,"href":"https:\/\/compuviper.mx\/tienda\/wp-json\/wp\/v2\/product_cat?post=221489"},{"taxonomy":"product_tag","embeddable":true,"href":"https:\/\/compuviper.mx\/tienda\/wp-json\/wp\/v2\/product_tag?post=221489"}],"curies":[{"name":"wp","href":"https:\/\/api.w.org\/{rel}","templated":true}]}}