{"id":221485,"date":"2026-04-18T01:11:16","date_gmt":"2026-04-18T07:11:16","guid":{"rendered":"https:\/\/compuviper.mx\/tienda\/producto\/tp-link-deco-s72-pack-router-tp-link-wifi-mesh-ac1900-modo-router-y-ap\/"},"modified":"2026-04-18T01:11:16","modified_gmt":"2026-04-18T07:11:16","slug":"tp-link-deco-s72-pack-router-tp-link-wifi-mesh-ac1900-modo-router-y-ap","status":"publish","type":"product","link":"https:\/\/compuviper.mx\/tienda\/producto\/tp-link-deco-s72-pack-router-tp-link-wifi-mesh-ac1900-modo-router-y-ap\/","title":{"rendered":"Tp Link Deco S7(2-pack) Router | Tp-link |  | Wifi Mesh | Ac1900 | Modo Router Y Ap"},"content":{"rendered":"<table class=\"descripcion\">\n<tr>\n<td>Inal\u00e1mbrico<\/td>\n<\/tr>\n<tr>\n<td>Est\u00e1ndares wifi 5<\/td>\n<\/tr>\n<tr>\n<td>Ieee 802.11ac\/n\/a 5 ghz<\/td>\n<\/tr>\n<tr>\n<td>Ieee 802.11n\/b\/g 2,4 ghz<\/td>\n<\/tr>\n<tr>\n<td>Velocidades wifi ac1900<\/td>\n<\/tr>\n<tr>\n<td>5 ghz: 1300 mbps (802.11ac)<\/td>\n<\/tr>\n<tr>\n<td>2,4 ghz: 600 mbps (802.11n)<\/td>\n<\/tr>\n<tr>\n<td>Gama wifi casas de 1-2 dormitorios (paquete de 1)tecnolog\u00eda de malla tp-link<\/td>\n<\/tr>\n<tr>\n<td>El backhaul ethernet opcional funciona en conjunto para vincular las unidades deco y brindar una cobertura perfecta<\/td>\n<\/tr>\n<tr>\n<td>3 \u00d7 antenas (internas)<\/td>\n<\/tr>\n<tr>\n<td>M\u00faltiples antenas forman un conjunto de refuerzo de se\u00f1al para cubrir m\u00e1s direcciones y \u00e1reas grandes<\/td>\n<\/tr>\n<tr>\n<td>Formaci\u00f3n de haces<\/td>\n<\/tr>\n<tr>\n<td>Concentra la fuerza de la se\u00f1al inal\u00e1mbrica hacia los clientes para expandir el rango wifi<\/td>\n<\/tr>\n<tr>\n<td>Capacidad wi-fi mediana doble banda<\/td>\n<\/tr>\n<tr>\n<td>Distribuya dispositivos a diferentes bandas para un rendimiento \u00f3ptimo<\/td>\n<\/tr>\n<tr>\n<td>Mu-mimo<\/td>\n<\/tr>\n<tr>\n<td>Se comunica simult\u00e1neamente con m\u00faltiples clientes mu-mimo<\/td>\n<\/tr>\n<tr>\n<td>Modos de trabajo modo de enrutador<\/td>\n<\/tr>\n<tr>\n<td>Modo de punto de acceso<\/td>\n<\/tr>\n<tr>\n<td>Hardware<\/td>\n<\/tr>\n<tr>\n<td>Puertos ethernet 3 puertos gigabit<\/td>\n<\/tr>\n<tr>\n<td>*por unidad deco<\/td>\n<\/tr>\n<tr>\n<td>Admite detecci\u00f3n autom\u00e1tica de wan\/lan<\/td>\n<\/tr>\n<tr>\n<td>Bot\u00f3n de reinicio de botones<\/td>\n<\/tr>\n<tr>\n<td>Seguridad<\/td>\n<\/tr>\n<tr>\n<td>Cifrado wifi wpa-personal<\/td>\n<\/tr>\n<tr>\n<td>Wpa2-personal<\/td>\n<\/tr>\n<tr>\n<td>Cortafuegos spi de seguridad de red<\/td>\n<\/tr>\n<tr>\n<td>Control de acceso<\/td>\n<\/tr>\n<tr>\n<td>Red de invitados 1 \u00d7 red de invitados de 5 ghz<\/td>\n<\/tr>\n<tr>\n<td>1 \u00d7 red de invitados de 2,4 ghz<\/td>\n<\/tr>\n<tr>\n<td>Software<\/td>\n<\/tr>\n<tr>\n<td>Protocolo ipv4<\/td>\n<\/tr>\n<tr>\n<td>Ipv6<\/td>\n<\/tr>\n<tr>\n<td>Filtrado de url de controles parentales<\/td>\n<\/tr>\n<tr>\n<td>Controles de tiempo<\/td>\n<\/tr>\n<tr>\n<td>Tipo de wan ip din\u00e1mica<\/td>\n<\/tr>\n<tr>\n<td>Ip est\u00e1tica<\/td>\n<\/tr>\n<tr>\n<td>Pppoe<\/td>\n<\/tr>\n<tr>\n<td>Pptp<\/td>\n<\/tr>\n<tr>\n<td>L2tp<\/td>\n<\/tr>\n<tr>\n<td>Calidad de servicio qos por dispositivo<\/td>\n<\/tr>\n<tr>\n<td>Actualizaci\u00f3n de firmware ota del servicio en la nube<\/td>\n<\/tr>\n<tr>\n<td>Identificaci\u00f3n de tp-link<\/td>\n<\/tr>\n<tr>\n<td>Ddns<\/td>\n<\/tr>\n<tr>\n<td>Reenv\u00edo nat reenv\u00edo de puertos<\/td>\n<\/tr>\n<tr>\n<td>Upnp<\/td>\n<\/tr>\n<tr>\n<td>Proxy iptv igmp<\/td>\n<\/tr>\n<tr>\n<td>Indagaci\u00f3n igmp<\/td>\n<\/tr>\n<tr>\n<td>Puente<\/td>\n<\/tr>\n<tr>\n<td>Etiquetar vlan<\/td>\n<\/tr>\n<tr>\n<td>Reserva de direcciones dhcp<\/td>\n<\/tr>\n<tr>\n<td>Lista de clientes dhcp<\/td>\n<\/tr>\n<tr>\n<td>Servidor<\/td>\n<\/tr>\n<tr>\n<td>Tp-link de ddns<\/td>\n<\/tr>\n<tr>\n<td>Aplicaci\u00f3n de gesti\u00f3n deco<\/td>\n<\/tr>\n<tr>\n<td>Datos de prueba<\/td>\n<\/tr>\n<tr>\n<td>Potencia de transmisi\u00f3n wifi ce:<\/td>\n<\/tr>\n<tr>\n<td> 20 dbm (2,4 ghz)<\/td>\n<\/tr>\n<tr>\n<td> 23 dbm (5 ghz)<\/td>\n<\/tr>\n<tr>\n<td>Fcc:<\/td>\n<\/tr>\n<tr>\n<td> 30 dbm (2,4 ghz)<\/td>\n<\/tr>\n<tr>\n<td> 30 dbm (5 ghz)<\/td>\n<\/tr>\n<tr>\n<td>F\u00edsico<\/td>\n<\/tr>\n<tr>\n<td>Dimensiones (an. \u00d7 pr. \u00d7 al.) 6,4 \u00d7 3,6 \u00d7 3,6 pulgadas<\/td>\n<\/tr>\n<tr>\n<td>(162,3 \u00d7 90,7 \u00d7 90,7 mm)<\/td>\n<\/tr>\n<tr>\n<td>Contenido del paquete deco s7 (paquete de 3)<\/td>\n<\/tr>\n<tr>\n<td>3 unidades deco s7<\/td>\n<\/tr>\n<tr>\n<td>1 cable ethernet rj45<\/td>\n<\/tr>\n<tr>\n<td>3 adaptadores de corriente<\/td>\n<\/tr>\n<tr>\n<td>Gu\u00eda de instalaci\u00f3n r\u00e1pida<\/td>\n<\/tr>\n<tr>\n<td>Deco s7 (paquete de 2)<\/td>\n<\/tr>\n<tr>\n<td>2 unidades deco s7<\/td>\n<\/tr>\n<tr>\n<td>1 cable ethernet rj45<\/td>\n<\/tr>\n<tr>\n<td>2 adaptadores de corriente<\/td>\n<\/tr>\n<tr>\n<td>Gu\u00eda de instalaci\u00f3n r\u00e1pida<\/td>\n<\/tr>\n<tr>\n<td>Deco s7 (paquete de 1)<\/td>\n<\/tr>\n<tr>\n<td>1 unidad deco s7<\/td>\n<\/tr>\n<tr>\n<td>1 cable ethernet rj45<\/td>\n<\/tr>\n<tr>\n<td>1 adaptador de corriente<\/td>\n<\/tr>\n<tr>\n<td>Gu\u00eda de instalaci\u00f3n r\u00e1pida<\/td>\n<\/tr>\n<tr>\n<td>Otros<\/td>\n<\/tr>\n<tr>\n<td>Certificaci\u00f3n ce, fcc, rohs, ncc, bsmi, jrf, jpa, vcci<\/td>\n<\/tr>\n<tr>\n<td>Requisitos del sistema android 5.0 o posterior<\/td>\n<\/tr>\n<tr>\n<td>Ios 9.0 o posterior<\/td>\n<\/tr>\n<tr>\n<td>*nota: los requisitos m\u00ednimos del sistema se actualizar\u00e1n junto con las actualizaciones de la aplicaci\u00f3n, sujeto a la informaci\u00f3n del sitio web oficial.<\/td>\n<\/tr>\n<tr>\n<td>Ambiente temperatura de funcionamiento: 0  and #8451; ~ 40  and #8451; (32  and #8457; ~ 104  and #8457;)<\/td>\n<\/tr>\n<tr>\n<td>Temperatura de almacenamiento: -40  and #8451; ~ 60  and #8451; (-40  and #8457; ~ 140  and #8457;)<\/td>\n<\/tr>\n<tr>\n<td>Humedad de funcionamiento: 10 %~90 % sin condensaci\u00f3n<\/td>\n<\/tr>\n<tr>\n<td>Humedad de almacenamiento: 5 %~90 % sin condensaci\u00f3n<\/td>\n<\/tr>\n<\/table>\n","protected":false},"excerpt":{"rendered":"<p>Deco s7 (2-pack. Sistema wifi mesh para todo el hogar ac1900, conecte mas de 100 dispositivos, cobertura continua y mejorada, 3 puertos gigabit.<\/p>\n","protected":false},"featured_media":221486,"comment_status":"open","ping_status":"open","template":"","meta":[],"product_cat":[1563,1753],"product_tag":[1562],"acf":[],"yoast_head":"<!-- This site is optimized with the Yoast SEO plugin v21.7 - https:\/\/yoast.com\/wordpress\/plugins\/seo\/ -->\n<title>[ Tp Link ] &#129351; Deco S7(2-pack) Router | Tp-link | | Wifi Mesh | Ac1900 | Modo Router Y Ap<\/title>\n<meta name=\"description\" content=\"Compra Deco S7(2-pack) Router | Tp-link | | Wifi Mesh | Ac1900 | Modo Router Y Ap + Env\u00edo a domicilio + Pago seguro + Garant\u00eda\" \/>\n<meta name=\"robots\" content=\"index, follow, max-snippet:-1, max-image-preview:large, max-video-preview:-1\" \/>\n<link rel=\"canonical\" href=\"https:\/\/compuviper.mx\/tienda\/producto\/tp-link-deco-s72-pack-router-tp-link-wifi-mesh-ac1900-modo-router-y-ap\/\" \/>\n<meta property=\"og:locale\" content=\"es_MX\" \/>\n<meta property=\"og:type\" content=\"article\" \/>\n<meta property=\"og:title\" content=\"[ Tp Link ] &#129351; Deco S7(2-pack) Router | Tp-link | | Wifi Mesh | Ac1900 | Modo Router Y Ap\" \/>\n<meta property=\"og:description\" content=\"Compra Deco S7(2-pack) Router | Tp-link | | Wifi Mesh | Ac1900 | Modo Router Y Ap + Env\u00edo a domicilio + Pago seguro + Garant\u00eda\" \/>\n<meta property=\"og:url\" content=\"https:\/\/compuviper.mx\/tienda\/producto\/tp-link-deco-s72-pack-router-tp-link-wifi-mesh-ac1900-modo-router-y-ap\/\" \/>\n<meta property=\"og:site_name\" content=\"Compuviper\" \/>\n<meta property=\"article:publisher\" content=\"https:\/\/www.facebook.com\/compuviper\" \/>\n<meta property=\"og:image\" content=\"https:\/\/compuviper.mx\/tienda\/wp-content\/uploads\/2023\/12\/Router-tp-link-deco-s72-pack-wifi-mesh-ac1900-modo-router-y-ap.jpg\" \/>\n\t<meta property=\"og:image:width\" content=\"200\" \/>\n\t<meta property=\"og:image:height\" content=\"200\" \/>\n\t<meta property=\"og:image:type\" content=\"image\/jpeg\" \/>\n<meta name=\"twitter:card\" content=\"summary_large_image\" \/>\n<meta name=\"twitter:label1\" content=\"Precio\" \/>\n\t<meta name=\"twitter:data1\" content=\"&#36;1,519 con IVA\" \/>\n\t<meta name=\"twitter:label2\" content=\"Availability\" \/>\n\t<meta name=\"twitter:data2\" content=\"In stock\" \/>\n<script type=\"application\/ld+json\" class=\"yoast-schema-graph\">{\"@context\":\"https:\/\/schema.org\",\"@graph\":[{\"@type\":\"WebPage\",\"@id\":\"https:\/\/compuviper.mx\/tienda\/producto\/tp-link-deco-s72-pack-router-tp-link-wifi-mesh-ac1900-modo-router-y-ap\/\",\"url\":\"https:\/\/compuviper.mx\/tienda\/producto\/tp-link-deco-s72-pack-router-tp-link-wifi-mesh-ac1900-modo-router-y-ap\/\",\"name\":\"[ Tp Link ] &#129351; Deco S7(2-pack) Router | Tp-link | | Wifi Mesh | Ac1900 | Modo Router Y Ap\",\"isPartOf\":{\"@id\":\"https:\/\/compuviper.mx\/tienda\/#website\"},\"datePublished\":\"2026-04-18T07:11:16+00:00\",\"dateModified\":\"2026-04-18T07:11:16+00:00\",\"description\":\"Compra Deco S7(2-pack) Router | Tp-link | | Wifi Mesh | Ac1900 | Modo Router Y Ap + Env\u00edo a domicilio + Pago seguro + Garant\u00eda\",\"breadcrumb\":{\"@id\":\"https:\/\/compuviper.mx\/tienda\/producto\/tp-link-deco-s72-pack-router-tp-link-wifi-mesh-ac1900-modo-router-y-ap\/#breadcrumb\"},\"inLanguage\":\"es-MX\",\"potentialAction\":[{\"@type\":\"ReadAction\",\"target\":[\"https:\/\/compuviper.mx\/tienda\/producto\/tp-link-deco-s72-pack-router-tp-link-wifi-mesh-ac1900-modo-router-y-ap\/\"]}]},{\"@type\":\"BreadcrumbList\",\"@id\":\"https:\/\/compuviper.mx\/tienda\/producto\/tp-link-deco-s72-pack-router-tp-link-wifi-mesh-ac1900-modo-router-y-ap\/#breadcrumb\",\"itemListElement\":[{\"@type\":\"ListItem\",\"position\":1,\"name\":\"Inicio\",\"item\":\"https:\/\/compuviper.mx\/tienda\/\"},{\"@type\":\"ListItem\",\"position\":2,\"name\":\"Productos\",\"item\":\"https:\/\/compuviper.mx\/tienda\/productos\/\"},{\"@type\":\"ListItem\",\"position\":3,\"name\":\"Redes\",\"item\":\"https:\/\/compuviper.mx\/tienda\/categoria-producto\/redes\/\"},{\"@type\":\"ListItem\",\"position\":4,\"name\":\"Router\",\"item\":\"https:\/\/compuviper.mx\/tienda\/categoria-producto\/redes\/router\/\"},{\"@type\":\"ListItem\",\"position\":5,\"name\":\"Tp Link Deco S7(2-pack) Router | Tp-link | | Wifi Mesh | Ac1900 | Modo Router Y Ap\"}]},{\"@type\":\"WebSite\",\"@id\":\"https:\/\/compuviper.mx\/tienda\/#website\",\"url\":\"https:\/\/compuviper.mx\/tienda\/\",\"name\":\"Compuviper\",\"description\":\"Proveedor de Computadoras, Laptops, Servidores, Monitores, Puntos de Venta, Teclados,   Impresoras, T\u00f3ner, C\u00e1maras de Seguridad y m\u00e1s en tu tienda en l\u00ednea\",\"publisher\":{\"@id\":\"https:\/\/compuviper.mx\/tienda\/#organization\"},\"potentialAction\":[{\"@type\":\"SearchAction\",\"target\":{\"@type\":\"EntryPoint\",\"urlTemplate\":\"https:\/\/compuviper.mx\/tienda\/?s={search_term_string}\"},\"query-input\":\"required name=search_term_string\"}],\"inLanguage\":\"es-MX\"},{\"@type\":\"Organization\",\"@id\":\"https:\/\/compuviper.mx\/tienda\/#organization\",\"name\":\"Compuviper\",\"url\":\"https:\/\/compuviper.mx\/tienda\/\",\"logo\":{\"@type\":\"ImageObject\",\"inLanguage\":\"es-MX\",\"@id\":\"https:\/\/compuviper.mx\/tienda\/#\/schema\/logo\/image\/\",\"url\":\"https:\/\/compuviper.mx\/tienda\/wp-content\/uploads\/2021\/08\/Logo-Compuviper-10.png\",\"contentUrl\":\"https:\/\/compuviper.mx\/tienda\/wp-content\/uploads\/2021\/08\/Logo-Compuviper-10.png\",\"width\":1000,\"height\":500,\"caption\":\"Compuviper\"},\"image\":{\"@id\":\"https:\/\/compuviper.mx\/tienda\/#\/schema\/logo\/image\/\"},\"sameAs\":[\"https:\/\/www.facebook.com\/compuviper\",\"https:\/\/www.youtube.com\/channel\/UCf73dERp9Y3cfOq7q8BhLjA?view_as=subscriber\"]}]}<\/script>\n<meta property=\"product:brand\" content=\"TP LINK\" \/>\n<meta property=\"product:price:amount\" content=\"1519\" \/>\n<meta property=\"product:price:currency\" content=\"MXN\" \/>\n<meta property=\"og:availability\" content=\"instock\" \/>\n<meta property=\"product:availability\" content=\"instock\" \/>\n<meta property=\"product:retailer_item_id\" content=\"DECO S7(2-PACK)\" \/>\n<meta property=\"product:condition\" content=\"new\" \/>\n<!-- \/ Yoast SEO plugin. -->","yoast_head_json":{"title":"[ Tp Link ] &#129351; Deco S7(2-pack) Router | Tp-link | | Wifi Mesh | Ac1900 | Modo Router Y Ap","description":"Compra Deco S7(2-pack) Router | Tp-link | | Wifi Mesh | Ac1900 | Modo Router Y Ap + Env\u00edo a domicilio + Pago seguro + Garant\u00eda","robots":{"index":"index","follow":"follow","max-snippet":"max-snippet:-1","max-image-preview":"max-image-preview:large","max-video-preview":"max-video-preview:-1"},"canonical":"https:\/\/compuviper.mx\/tienda\/producto\/tp-link-deco-s72-pack-router-tp-link-wifi-mesh-ac1900-modo-router-y-ap\/","og_locale":"es_MX","og_type":"article","og_title":"[ Tp Link ] &#129351; Deco S7(2-pack) Router | Tp-link | | Wifi Mesh | Ac1900 | Modo Router Y Ap","og_description":"Compra Deco S7(2-pack) Router | Tp-link | | Wifi Mesh | Ac1900 | Modo Router Y Ap + Env\u00edo a domicilio + Pago seguro + Garant\u00eda","og_url":"https:\/\/compuviper.mx\/tienda\/producto\/tp-link-deco-s72-pack-router-tp-link-wifi-mesh-ac1900-modo-router-y-ap\/","og_site_name":"Compuviper","article_publisher":"https:\/\/www.facebook.com\/compuviper","og_image":[{"width":200,"height":200,"url":"https:\/\/compuviper.mx\/tienda\/wp-content\/uploads\/2023\/12\/Router-tp-link-deco-s72-pack-wifi-mesh-ac1900-modo-router-y-ap.jpg","type":"image\/jpeg"}],"twitter_card":"summary_large_image","twitter_misc":{"Precio":"&#36;1,519 con IVA","Availability":"In stock"},"schema":{"@context":"https:\/\/schema.org","@graph":[{"@type":"WebPage","@id":"https:\/\/compuviper.mx\/tienda\/producto\/tp-link-deco-s72-pack-router-tp-link-wifi-mesh-ac1900-modo-router-y-ap\/","url":"https:\/\/compuviper.mx\/tienda\/producto\/tp-link-deco-s72-pack-router-tp-link-wifi-mesh-ac1900-modo-router-y-ap\/","name":"[ Tp Link ] &#129351; Deco S7(2-pack) Router | Tp-link | | Wifi Mesh | Ac1900 | Modo Router Y Ap","isPartOf":{"@id":"https:\/\/compuviper.mx\/tienda\/#website"},"datePublished":"2026-04-18T07:11:16+00:00","dateModified":"2026-04-18T07:11:16+00:00","description":"Compra Deco S7(2-pack) Router | Tp-link | | Wifi Mesh | Ac1900 | Modo Router Y Ap + Env\u00edo a domicilio + Pago seguro + Garant\u00eda","breadcrumb":{"@id":"https:\/\/compuviper.mx\/tienda\/producto\/tp-link-deco-s72-pack-router-tp-link-wifi-mesh-ac1900-modo-router-y-ap\/#breadcrumb"},"inLanguage":"es-MX","potentialAction":[{"@type":"ReadAction","target":["https:\/\/compuviper.mx\/tienda\/producto\/tp-link-deco-s72-pack-router-tp-link-wifi-mesh-ac1900-modo-router-y-ap\/"]}]},{"@type":"BreadcrumbList","@id":"https:\/\/compuviper.mx\/tienda\/producto\/tp-link-deco-s72-pack-router-tp-link-wifi-mesh-ac1900-modo-router-y-ap\/#breadcrumb","itemListElement":[{"@type":"ListItem","position":1,"name":"Inicio","item":"https:\/\/compuviper.mx\/tienda\/"},{"@type":"ListItem","position":2,"name":"Productos","item":"https:\/\/compuviper.mx\/tienda\/productos\/"},{"@type":"ListItem","position":3,"name":"Redes","item":"https:\/\/compuviper.mx\/tienda\/categoria-producto\/redes\/"},{"@type":"ListItem","position":4,"name":"Router","item":"https:\/\/compuviper.mx\/tienda\/categoria-producto\/redes\/router\/"},{"@type":"ListItem","position":5,"name":"Tp Link Deco S7(2-pack) Router | Tp-link | | Wifi Mesh | Ac1900 | Modo Router Y Ap"}]},{"@type":"WebSite","@id":"https:\/\/compuviper.mx\/tienda\/#website","url":"https:\/\/compuviper.mx\/tienda\/","name":"Compuviper","description":"Proveedor de Computadoras, Laptops, Servidores, Monitores, Puntos de Venta, Teclados,   Impresoras, T\u00f3ner, C\u00e1maras de Seguridad y m\u00e1s en tu tienda en l\u00ednea","publisher":{"@id":"https:\/\/compuviper.mx\/tienda\/#organization"},"potentialAction":[{"@type":"SearchAction","target":{"@type":"EntryPoint","urlTemplate":"https:\/\/compuviper.mx\/tienda\/?s={search_term_string}"},"query-input":"required name=search_term_string"}],"inLanguage":"es-MX"},{"@type":"Organization","@id":"https:\/\/compuviper.mx\/tienda\/#organization","name":"Compuviper","url":"https:\/\/compuviper.mx\/tienda\/","logo":{"@type":"ImageObject","inLanguage":"es-MX","@id":"https:\/\/compuviper.mx\/tienda\/#\/schema\/logo\/image\/","url":"https:\/\/compuviper.mx\/tienda\/wp-content\/uploads\/2021\/08\/Logo-Compuviper-10.png","contentUrl":"https:\/\/compuviper.mx\/tienda\/wp-content\/uploads\/2021\/08\/Logo-Compuviper-10.png","width":1000,"height":500,"caption":"Compuviper"},"image":{"@id":"https:\/\/compuviper.mx\/tienda\/#\/schema\/logo\/image\/"},"sameAs":["https:\/\/www.facebook.com\/compuviper","https:\/\/www.youtube.com\/channel\/UCf73dERp9Y3cfOq7q8BhLjA?view_as=subscriber"]}]},"product_brand":"TP LINK","product_price_amount":"1519","product_price_currency":"MXN","og_availability":"instock","product_availability":"instock","product_retailer_item_id":"DECO S7(2-PACK)","product_condition":"new"},"_links":{"self":[{"href":"https:\/\/compuviper.mx\/tienda\/wp-json\/wp\/v2\/product\/221485"}],"collection":[{"href":"https:\/\/compuviper.mx\/tienda\/wp-json\/wp\/v2\/product"}],"about":[{"href":"https:\/\/compuviper.mx\/tienda\/wp-json\/wp\/v2\/types\/product"}],"replies":[{"embeddable":true,"href":"https:\/\/compuviper.mx\/tienda\/wp-json\/wp\/v2\/comments?post=221485"}],"wp:featuredmedia":[{"embeddable":true,"href":"https:\/\/compuviper.mx\/tienda\/wp-json\/wp\/v2\/media\/221486"}],"wp:attachment":[{"href":"https:\/\/compuviper.mx\/tienda\/wp-json\/wp\/v2\/media?parent=221485"}],"wp:term":[{"taxonomy":"product_cat","embeddable":true,"href":"https:\/\/compuviper.mx\/tienda\/wp-json\/wp\/v2\/product_cat?post=221485"},{"taxonomy":"product_tag","embeddable":true,"href":"https:\/\/compuviper.mx\/tienda\/wp-json\/wp\/v2\/product_tag?post=221485"}],"curies":[{"name":"wp","href":"https:\/\/api.w.org\/{rel}","templated":true}]}}