{"id":221465,"date":"2026-04-18T01:11:12","date_gmt":"2026-04-18T07:11:12","guid":{"rendered":"https:\/\/compuviper.mx\/tienda\/producto\/hewlett-packard-enterprise-r9l64a-switch-hpe-aruba-flexnetwork-5140-48g-poe-4sfp-con-1-ranura-hi\/"},"modified":"2026-04-18T01:11:12","modified_gmt":"2026-04-18T07:11:12","slug":"hewlett-packard-enterprise-r9l64a-switch-hpe-aruba-flexnetwork-5140-48g-poe-4sfp-con-1-ranura-hi","status":"publish","type":"product","link":"https:\/\/compuviper.mx\/tienda\/producto\/hewlett-packard-enterprise-r9l64a-switch-hpe-aruba-flexnetwork-5140-48g-poe-4sfp-con-1-ranura-hi\/","title":{"rendered":"Hewlett Packard Enterprise R9l64a Switch Hpe Aruba  Flexnetwork 5140 48g Poe+ 4sfp+ Con 1 Ranura Hi"},"content":{"rendered":"<table class=\"descripcion\">\n<tr>\n<td>Puertos<\/td>\n<\/tr>\n<tr>\n<td>48 puertos rj-45 10\/100\/1000 poe+ de detecci\u00f3n autom\u00e1tica (ieee 802.3 tipo 10base-t, ieee 802.3u tipo 100base-tx, ieee 802.3ab tipo 1000base-t, ieee 802.3af poe+) 4 puertos sfp+ 10 gbe 1 ranura de m\u00f3dulo expansi\u00f3n de puerto.<\/td>\n<\/tr>\n<tr>\n<td>Memoria y procesador<\/td>\n<\/tr>\n<tr>\n<td>Sdram de 2 gb<\/td>\n<\/tr>\n<tr>\n<td>Tama\u00f1o de paquetes del b\u00fafer: 4 mb, 512 mb de memoria flash<\/td>\n<\/tr>\n<tr>\n<td>Latencia<\/td>\n<\/tr>\n<tr>\n<td>  5 microsegundos (paquetes de 64 bytes)<\/td>\n<\/tr>\n<tr>\n<td>Velocidad<\/td>\n<\/tr>\n<tr>\n<td>180 mpps<\/td>\n<\/tr>\n<tr>\n<td>Capacidad de encaminamiento\/conmutaci\u00f3n<\/td>\n<\/tr>\n<tr>\n<td>336 gb\/s<\/td>\n<\/tr>\n<tr>\n<td>Capacidad de switching<\/td>\n<\/tr>\n<tr>\n<td>336 gb\/s<\/td>\n<\/tr>\n<tr>\n<td>Funci\u00f3n poe<\/td>\n<\/tr>\n<tr>\n<td>720 w (alimentaci\u00f3n poe), 1440 w (alimentaci\u00f3n poe) seg\u00fan el modelo<\/td>\n<\/tr>\n<tr>\n<td>Capacidad de apilado<\/td>\n<\/tr>\n<tr>\n<td>Irf 9 conmutadores<\/td>\n<\/tr>\n<tr>\n<td>Funciones de gesti\u00f3n<\/td>\n<\/tr>\n<tr>\n<td>Hpe imc<\/td>\n<\/tr>\n<tr>\n<td>Smart mc, interfaz de l\u00ednea de comando<\/td>\n<\/tr>\n<tr>\n<td>Navegador web<\/td>\n<\/tr>\n<tr>\n<td>Snmp manager<\/td>\n<\/tr>\n<tr>\n<td>Nombre de fuente de alimentaci\u00f3n<\/td>\n<\/tr>\n<tr>\n<td>2 ranuras para fuente requiere m\u00ednimo 1 fuente de alimentaci\u00f3n<\/td>\n<\/tr>\n<tr>\n<td>Voltaje de entrada<\/td>\n<\/tr>\n<tr>\n<td>100-240 vca, de 48 a -60 vcc m\u00e1ximo, seg\u00fan el modelo y configuraci\u00f3n<\/td>\n<\/tr>\n<tr>\n<td>Consumo de energ\u00eda<\/td>\n<\/tr>\n<tr>\n<td>1742 w (ca doble) 1440 w (alimentaci\u00f3n poe)<\/td>\n<\/tr>\n<tr>\n<td>Dimensiones m\u00ednimas (alto x ancho x fondo)<\/td>\n<\/tr>\n<tr>\n<td>4,37 x 44 x 46 cm<\/td>\n<\/tr>\n<tr>\n<td>1.72 x 17.32 x 18.11 in<\/td>\n<\/tr>\n<tr>\n<td>Peso<\/td>\n<\/tr>\n<tr>\n<td>5,8 kg<\/td>\n<\/tr>\n<tr>\n<td>12.79 lb<\/td>\n<\/tr>\n<\/table>\n","protected":false},"excerpt":{"rendered":"<p>La serie de conmutadores hpe flexnetwork 5140 hi brinda escalabilidad y alta disponibilidad en la capa de acceso a las redes de campus de medianas y grandes empresas. Estos conmutadores brindan conectividad de alta velocidad y flexibilidad con los enlaces ascendentes de 10 gbe y los puertos combinados. La compatibilidad con m\u00f3dulos complementarios incrementa la capacidad con caracter\u00edsticas adicionales. Se trata de un conmutador enormemente rentable con abundantes caracter\u00edsticas, como drni e irf, para mayor resiliencia, caracter\u00edsticas de calidad de servicio que mejoran la fiabilidad, inqa, que brinda visibilidad de capacidad y rendimiento del estado de la red en tiempo real, macsec basado en hardware, para seguridad cifrada global, y fuentes de alimentaci\u00f3n redundantes duales con energy efficient ethernet, para un mayor ahorro energ\u00e9tico. Esta serie de conmutadores tambi\u00e9n incluye smart mc sin coste adicional y, al combinarse con el centro de gesti\u00f3n inteligente (imc), proporciona tanto gesti\u00f3n de redes integrada como una mejor visibilidad de la red.<\/p>\n","protected":false},"featured_media":221466,"comment_status":"open","ping_status":"open","template":"","meta":[],"product_cat":[1563,1564],"product_tag":[1568],"acf":[],"yoast_head":"<!-- This site is optimized with the Yoast SEO plugin v21.7 - https:\/\/yoast.com\/wordpress\/plugins\/seo\/ -->\n<title>[ Hewlett Packard Enterprise ] &#129351; R9l64a Switch Hpe Aruba Flexnetwork 5140 48g Poe+ 4sfp+ Con 1 Ranura Hi<\/title>\n<meta name=\"description\" content=\"Compra R9l64a Switch Hpe Aruba Flexnetwork 5140 48g Poe+ 4sfp+ Con 1 Ranura Hi + Env\u00edo a domicilio + Pago seguro + Garant\u00eda\" \/>\n<meta name=\"robots\" content=\"index, follow, max-snippet:-1, max-image-preview:large, max-video-preview:-1\" \/>\n<link rel=\"canonical\" href=\"https:\/\/compuviper.mx\/tienda\/producto\/hewlett-packard-enterprise-r9l64a-switch-hpe-aruba-flexnetwork-5140-48g-poe-4sfp-con-1-ranura-hi\/\" \/>\n<meta property=\"og:locale\" content=\"es_MX\" \/>\n<meta property=\"og:type\" content=\"article\" \/>\n<meta property=\"og:title\" content=\"[ Hewlett Packard Enterprise ] &#129351; R9l64a Switch Hpe Aruba Flexnetwork 5140 48g Poe+ 4sfp+ Con 1 Ranura Hi\" \/>\n<meta property=\"og:description\" content=\"Compra R9l64a Switch Hpe Aruba Flexnetwork 5140 48g Poe+ 4sfp+ Con 1 Ranura Hi + Env\u00edo a domicilio + Pago seguro + Garant\u00eda\" \/>\n<meta property=\"og:url\" content=\"https:\/\/compuviper.mx\/tienda\/producto\/hewlett-packard-enterprise-r9l64a-switch-hpe-aruba-flexnetwork-5140-48g-poe-4sfp-con-1-ranura-hi\/\" \/>\n<meta property=\"og:site_name\" content=\"Compuviper\" \/>\n<meta property=\"article:publisher\" content=\"https:\/\/www.facebook.com\/compuviper\" \/>\n<meta property=\"og:image\" content=\"https:\/\/compuviper.mx\/tienda\/wp-content\/uploads\/2023\/12\/Switch-hpe-aruba-r9l64a-flexnetwork-5140-48g-poe-4sfp-con-1-ranura-hi.jpg\" \/>\n\t<meta property=\"og:image:width\" content=\"200\" \/>\n\t<meta property=\"og:image:height\" content=\"200\" \/>\n\t<meta property=\"og:image:type\" content=\"image\/jpeg\" \/>\n<meta name=\"twitter:card\" content=\"summary_large_image\" \/>\n<meta name=\"twitter:label1\" content=\"Precio\" \/>\n\t<meta name=\"twitter:data1\" content=\"&#36;164,112 con IVA\" \/>\n\t<meta name=\"twitter:label2\" content=\"Availability\" \/>\n\t<meta name=\"twitter:data2\" content=\"On backorder\" \/>\n<script type=\"application\/ld+json\" class=\"yoast-schema-graph\">{\"@context\":\"https:\/\/schema.org\",\"@graph\":[{\"@type\":\"WebPage\",\"@id\":\"https:\/\/compuviper.mx\/tienda\/producto\/hewlett-packard-enterprise-r9l64a-switch-hpe-aruba-flexnetwork-5140-48g-poe-4sfp-con-1-ranura-hi\/\",\"url\":\"https:\/\/compuviper.mx\/tienda\/producto\/hewlett-packard-enterprise-r9l64a-switch-hpe-aruba-flexnetwork-5140-48g-poe-4sfp-con-1-ranura-hi\/\",\"name\":\"[ Hewlett Packard Enterprise ] &#129351; R9l64a Switch Hpe Aruba Flexnetwork 5140 48g Poe+ 4sfp+ Con 1 Ranura Hi\",\"isPartOf\":{\"@id\":\"https:\/\/compuviper.mx\/tienda\/#website\"},\"datePublished\":\"2026-04-18T07:11:12+00:00\",\"dateModified\":\"2026-04-18T07:11:12+00:00\",\"description\":\"Compra R9l64a Switch Hpe Aruba Flexnetwork 5140 48g Poe+ 4sfp+ Con 1 Ranura Hi + Env\u00edo a domicilio + Pago seguro + Garant\u00eda\",\"breadcrumb\":{\"@id\":\"https:\/\/compuviper.mx\/tienda\/producto\/hewlett-packard-enterprise-r9l64a-switch-hpe-aruba-flexnetwork-5140-48g-poe-4sfp-con-1-ranura-hi\/#breadcrumb\"},\"inLanguage\":\"es-MX\",\"potentialAction\":[{\"@type\":\"ReadAction\",\"target\":[\"https:\/\/compuviper.mx\/tienda\/producto\/hewlett-packard-enterprise-r9l64a-switch-hpe-aruba-flexnetwork-5140-48g-poe-4sfp-con-1-ranura-hi\/\"]}]},{\"@type\":\"BreadcrumbList\",\"@id\":\"https:\/\/compuviper.mx\/tienda\/producto\/hewlett-packard-enterprise-r9l64a-switch-hpe-aruba-flexnetwork-5140-48g-poe-4sfp-con-1-ranura-hi\/#breadcrumb\",\"itemListElement\":[{\"@type\":\"ListItem\",\"position\":1,\"name\":\"Inicio\",\"item\":\"https:\/\/compuviper.mx\/tienda\/\"},{\"@type\":\"ListItem\",\"position\":2,\"name\":\"Productos\",\"item\":\"https:\/\/compuviper.mx\/tienda\/productos\/\"},{\"@type\":\"ListItem\",\"position\":3,\"name\":\"Redes\",\"item\":\"https:\/\/compuviper.mx\/tienda\/categoria-producto\/redes\/\"},{\"@type\":\"ListItem\",\"position\":4,\"name\":\"Switch\",\"item\":\"https:\/\/compuviper.mx\/tienda\/categoria-producto\/redes\/switch\/\"},{\"@type\":\"ListItem\",\"position\":5,\"name\":\"Hewlett Packard Enterprise R9l64a Switch Hpe Aruba Flexnetwork 5140 48g Poe+ 4sfp+ Con 1 Ranura Hi\"}]},{\"@type\":\"WebSite\",\"@id\":\"https:\/\/compuviper.mx\/tienda\/#website\",\"url\":\"https:\/\/compuviper.mx\/tienda\/\",\"name\":\"Compuviper\",\"description\":\"Proveedor de Computadoras, Laptops, Servidores, Monitores, Puntos de Venta, Teclados,   Impresoras, T\u00f3ner, C\u00e1maras de Seguridad y m\u00e1s en tu tienda en l\u00ednea\",\"publisher\":{\"@id\":\"https:\/\/compuviper.mx\/tienda\/#organization\"},\"potentialAction\":[{\"@type\":\"SearchAction\",\"target\":{\"@type\":\"EntryPoint\",\"urlTemplate\":\"https:\/\/compuviper.mx\/tienda\/?s={search_term_string}\"},\"query-input\":\"required name=search_term_string\"}],\"inLanguage\":\"es-MX\"},{\"@type\":\"Organization\",\"@id\":\"https:\/\/compuviper.mx\/tienda\/#organization\",\"name\":\"Compuviper\",\"url\":\"https:\/\/compuviper.mx\/tienda\/\",\"logo\":{\"@type\":\"ImageObject\",\"inLanguage\":\"es-MX\",\"@id\":\"https:\/\/compuviper.mx\/tienda\/#\/schema\/logo\/image\/\",\"url\":\"https:\/\/compuviper.mx\/tienda\/wp-content\/uploads\/2021\/08\/Logo-Compuviper-10.png\",\"contentUrl\":\"https:\/\/compuviper.mx\/tienda\/wp-content\/uploads\/2021\/08\/Logo-Compuviper-10.png\",\"width\":1000,\"height\":500,\"caption\":\"Compuviper\"},\"image\":{\"@id\":\"https:\/\/compuviper.mx\/tienda\/#\/schema\/logo\/image\/\"},\"sameAs\":[\"https:\/\/www.facebook.com\/compuviper\",\"https:\/\/www.youtube.com\/channel\/UCf73dERp9Y3cfOq7q8BhLjA?view_as=subscriber\"]}]}<\/script>\n<meta property=\"product:brand\" content=\"HEWLETT PACKARD ENTERPRISE\" \/>\n<meta property=\"product:price:amount\" content=\"164112\" \/>\n<meta property=\"product:price:currency\" content=\"MXN\" \/>\n<meta property=\"og:availability\" content=\"backorder\" \/>\n<meta property=\"product:availability\" content=\"available for order\" \/>\n<meta property=\"product:retailer_item_id\" content=\"R9L64A\" \/>\n<meta property=\"product:condition\" content=\"new\" \/>\n<!-- \/ Yoast SEO plugin. -->","yoast_head_json":{"title":"[ Hewlett Packard Enterprise ] &#129351; R9l64a Switch Hpe Aruba Flexnetwork 5140 48g Poe+ 4sfp+ Con 1 Ranura Hi","description":"Compra R9l64a Switch Hpe Aruba Flexnetwork 5140 48g Poe+ 4sfp+ Con 1 Ranura Hi + Env\u00edo a domicilio + Pago seguro + Garant\u00eda","robots":{"index":"index","follow":"follow","max-snippet":"max-snippet:-1","max-image-preview":"max-image-preview:large","max-video-preview":"max-video-preview:-1"},"canonical":"https:\/\/compuviper.mx\/tienda\/producto\/hewlett-packard-enterprise-r9l64a-switch-hpe-aruba-flexnetwork-5140-48g-poe-4sfp-con-1-ranura-hi\/","og_locale":"es_MX","og_type":"article","og_title":"[ Hewlett Packard Enterprise ] &#129351; R9l64a Switch Hpe Aruba Flexnetwork 5140 48g Poe+ 4sfp+ Con 1 Ranura Hi","og_description":"Compra R9l64a Switch Hpe Aruba Flexnetwork 5140 48g Poe+ 4sfp+ Con 1 Ranura Hi + Env\u00edo a domicilio + Pago seguro + Garant\u00eda","og_url":"https:\/\/compuviper.mx\/tienda\/producto\/hewlett-packard-enterprise-r9l64a-switch-hpe-aruba-flexnetwork-5140-48g-poe-4sfp-con-1-ranura-hi\/","og_site_name":"Compuviper","article_publisher":"https:\/\/www.facebook.com\/compuviper","og_image":[{"width":200,"height":200,"url":"https:\/\/compuviper.mx\/tienda\/wp-content\/uploads\/2023\/12\/Switch-hpe-aruba-r9l64a-flexnetwork-5140-48g-poe-4sfp-con-1-ranura-hi.jpg","type":"image\/jpeg"}],"twitter_card":"summary_large_image","twitter_misc":{"Precio":"&#36;164,112 con IVA","Availability":"On backorder"},"schema":{"@context":"https:\/\/schema.org","@graph":[{"@type":"WebPage","@id":"https:\/\/compuviper.mx\/tienda\/producto\/hewlett-packard-enterprise-r9l64a-switch-hpe-aruba-flexnetwork-5140-48g-poe-4sfp-con-1-ranura-hi\/","url":"https:\/\/compuviper.mx\/tienda\/producto\/hewlett-packard-enterprise-r9l64a-switch-hpe-aruba-flexnetwork-5140-48g-poe-4sfp-con-1-ranura-hi\/","name":"[ Hewlett Packard Enterprise ] &#129351; R9l64a Switch Hpe Aruba Flexnetwork 5140 48g Poe+ 4sfp+ Con 1 Ranura Hi","isPartOf":{"@id":"https:\/\/compuviper.mx\/tienda\/#website"},"datePublished":"2026-04-18T07:11:12+00:00","dateModified":"2026-04-18T07:11:12+00:00","description":"Compra R9l64a Switch Hpe Aruba Flexnetwork 5140 48g Poe+ 4sfp+ Con 1 Ranura Hi + Env\u00edo a domicilio + Pago seguro + Garant\u00eda","breadcrumb":{"@id":"https:\/\/compuviper.mx\/tienda\/producto\/hewlett-packard-enterprise-r9l64a-switch-hpe-aruba-flexnetwork-5140-48g-poe-4sfp-con-1-ranura-hi\/#breadcrumb"},"inLanguage":"es-MX","potentialAction":[{"@type":"ReadAction","target":["https:\/\/compuviper.mx\/tienda\/producto\/hewlett-packard-enterprise-r9l64a-switch-hpe-aruba-flexnetwork-5140-48g-poe-4sfp-con-1-ranura-hi\/"]}]},{"@type":"BreadcrumbList","@id":"https:\/\/compuviper.mx\/tienda\/producto\/hewlett-packard-enterprise-r9l64a-switch-hpe-aruba-flexnetwork-5140-48g-poe-4sfp-con-1-ranura-hi\/#breadcrumb","itemListElement":[{"@type":"ListItem","position":1,"name":"Inicio","item":"https:\/\/compuviper.mx\/tienda\/"},{"@type":"ListItem","position":2,"name":"Productos","item":"https:\/\/compuviper.mx\/tienda\/productos\/"},{"@type":"ListItem","position":3,"name":"Redes","item":"https:\/\/compuviper.mx\/tienda\/categoria-producto\/redes\/"},{"@type":"ListItem","position":4,"name":"Switch","item":"https:\/\/compuviper.mx\/tienda\/categoria-producto\/redes\/switch\/"},{"@type":"ListItem","position":5,"name":"Hewlett Packard Enterprise R9l64a Switch Hpe Aruba Flexnetwork 5140 48g Poe+ 4sfp+ Con 1 Ranura Hi"}]},{"@type":"WebSite","@id":"https:\/\/compuviper.mx\/tienda\/#website","url":"https:\/\/compuviper.mx\/tienda\/","name":"Compuviper","description":"Proveedor de Computadoras, Laptops, Servidores, Monitores, Puntos de Venta, Teclados,   Impresoras, T\u00f3ner, C\u00e1maras de Seguridad y m\u00e1s en tu tienda en l\u00ednea","publisher":{"@id":"https:\/\/compuviper.mx\/tienda\/#organization"},"potentialAction":[{"@type":"SearchAction","target":{"@type":"EntryPoint","urlTemplate":"https:\/\/compuviper.mx\/tienda\/?s={search_term_string}"},"query-input":"required name=search_term_string"}],"inLanguage":"es-MX"},{"@type":"Organization","@id":"https:\/\/compuviper.mx\/tienda\/#organization","name":"Compuviper","url":"https:\/\/compuviper.mx\/tienda\/","logo":{"@type":"ImageObject","inLanguage":"es-MX","@id":"https:\/\/compuviper.mx\/tienda\/#\/schema\/logo\/image\/","url":"https:\/\/compuviper.mx\/tienda\/wp-content\/uploads\/2021\/08\/Logo-Compuviper-10.png","contentUrl":"https:\/\/compuviper.mx\/tienda\/wp-content\/uploads\/2021\/08\/Logo-Compuviper-10.png","width":1000,"height":500,"caption":"Compuviper"},"image":{"@id":"https:\/\/compuviper.mx\/tienda\/#\/schema\/logo\/image\/"},"sameAs":["https:\/\/www.facebook.com\/compuviper","https:\/\/www.youtube.com\/channel\/UCf73dERp9Y3cfOq7q8BhLjA?view_as=subscriber"]}]},"product_brand":"HEWLETT PACKARD ENTERPRISE","product_price_amount":"164112","product_price_currency":"MXN","og_availability":"backorder","product_availability":"available for order","product_retailer_item_id":"R9L64A","product_condition":"new"},"_links":{"self":[{"href":"https:\/\/compuviper.mx\/tienda\/wp-json\/wp\/v2\/product\/221465"}],"collection":[{"href":"https:\/\/compuviper.mx\/tienda\/wp-json\/wp\/v2\/product"}],"about":[{"href":"https:\/\/compuviper.mx\/tienda\/wp-json\/wp\/v2\/types\/product"}],"replies":[{"embeddable":true,"href":"https:\/\/compuviper.mx\/tienda\/wp-json\/wp\/v2\/comments?post=221465"}],"wp:featuredmedia":[{"embeddable":true,"href":"https:\/\/compuviper.mx\/tienda\/wp-json\/wp\/v2\/media\/221466"}],"wp:attachment":[{"href":"https:\/\/compuviper.mx\/tienda\/wp-json\/wp\/v2\/media?parent=221465"}],"wp:term":[{"taxonomy":"product_cat","embeddable":true,"href":"https:\/\/compuviper.mx\/tienda\/wp-json\/wp\/v2\/product_cat?post=221465"},{"taxonomy":"product_tag","embeddable":true,"href":"https:\/\/compuviper.mx\/tienda\/wp-json\/wp\/v2\/product_tag?post=221465"}],"curies":[{"name":"wp","href":"https:\/\/api.w.org\/{rel}","templated":true}]}}