{"id":221456,"date":"2026-04-18T01:11:11","date_gmt":"2026-04-18T07:11:11","guid":{"rendered":"https:\/\/compuviper.mx\/tienda\/producto\/tp-link-mr70x-router-mercusys-wifi-6-ax1800-dual-band-1201-mbps-en-5ghz-y-574-mbps-en-2-4-ghz-1-puerto-wan-gigabit-3-puertos-lan-gigabit4-antenas-multidireccionales\/"},"modified":"2026-04-18T01:11:12","modified_gmt":"2026-04-18T07:11:12","slug":"tp-link-mr70x-router-mercusys-wifi-6-ax1800-dual-band-1201-mbps-en-5ghz-y-574-mbps-en-2-4-ghz-1-puerto-wan-gigabit-3-puertos-lan-gigabit4-antenas-multidireccionales","status":"publish","type":"product","link":"https:\/\/compuviper.mx\/tienda\/producto\/tp-link-mr70x-router-mercusys-wifi-6-ax1800-dual-band-1201-mbps-en-5ghz-y-574-mbps-en-2-4-ghz-1-puerto-wan-gigabit-3-puertos-lan-gigabit4-antenas-multidireccionales\/","title":{"rendered":"Tp Link Mr70x Router | Mercusys |  | Wifi 6 | Ax1800 Dual Band 1201 Mbps En 5ghz Y 574 Mbps En 2.4 Ghz, 1 Puerto Wan Gigabit + 3 Puertos Lan Gigabit,4 Antenas Multidireccionales"},"content":{"rendered":"<table class=\"descripcion\">\n<tr>\n<td>Inal\u00e1mbrico<\/td>\n<\/tr>\n<tr>\n<td>Est\u00e1ndares inal\u00e1mbricos<\/td>\n<\/tr>\n<tr>\n<td>    compatible con los est\u00e1ndares wi-fi 802.11ax\/ac\/a\/b\/g\/n<\/td>\n<\/tr>\n<tr>\n<td>Velocidades wifi<\/td>\n<\/tr>\n<tr>\n<td>    1201 mbps (5 ghz) + 574 mbps (2,4 ghz)<\/td>\n<\/tr>\n<tr>\n<td>Sensibilidad de recepci\u00f3n<\/td>\n<\/tr>\n<tr>\n<td>    11g 6mbps: -96dbm<\/td>\n<\/tr>\n<tr>\n<td>    11g 54mbps: -78dbm<\/td>\n<\/tr>\n<tr>\n<td>    11n ht40 mcs7:-74dbm<\/td>\n<\/tr>\n<tr>\n<td>    11n ht20 mcs7:-77dbm<\/td>\n<\/tr>\n<tr>\n<td>    11a 6mbps:-94dbm<\/td>\n<\/tr>\n<tr>\n<td>    11a 54mbps:-76dbm<\/td>\n<\/tr>\n<tr>\n<td>    11ac vht20 mcs8:-71dbm<\/td>\n<\/tr>\n<tr>\n<td>    11ac vht40 mcs8:-68dbm<\/td>\n<\/tr>\n<tr>\n<td>    11ac vht80 mcs8:-65dbm<\/td>\n<\/tr>\n<tr>\n<td>Poder de transmision<\/td>\n<\/tr>\n<tr>\n<td>    2,4 ghz  20dbm (pire)<\/td>\n<\/tr>\n<tr>\n<td>    5 ghz   23dbm (pire)<\/td>\n<\/tr>\n<tr>\n<td>Seguridad inal\u00e1mbrica<\/td>\n<\/tr>\n<tr>\n<td>    wep<\/td>\n<\/tr>\n<tr>\n<td>    wpa\/wpa2-personal<\/td>\n<\/tr>\n<tr>\n<td>    wpa2 \/ wpa3-personal<\/td>\n<\/tr>\n<tr>\n<td>Funciones inal\u00e1mbricas<\/td>\n<\/tr>\n<tr>\n<td>    activar\/desactivar radio inal\u00e1mbrica, wmm<\/td>\n<\/tr>\n<tr>\n<td>Software<\/td>\n<\/tr>\n<tr>\n<td>Modos de operaci\u00f3n<\/td>\n<\/tr>\n<tr>\n<td>    modo de enrutador<\/td>\n<\/tr>\n<tr>\n<td>    modo de punto de acceso<\/td>\n<\/tr>\n<tr>\n<td>Tipo de wan<\/td>\n<\/tr>\n<tr>\n<td>    ip din\u00e1mica\/ip est\u00e1tica\/pppoe\/l2tp\/pptp<\/td>\n<\/tr>\n<tr>\n<td>Gesti\u00f3n<\/td>\n<\/tr>\n<tr>\n<td>    control de acceso<\/td>\n<\/tr>\n<tr>\n<td>    administraci\u00f3n local<\/td>\n<\/tr>\n<tr>\n<td>    gesti\u00f3n remota<\/td>\n<\/tr>\n<tr>\n<td>Dhcp<\/td>\n<\/tr>\n<tr>\n<td>    servidor, lista de clientes dhcp<\/td>\n<\/tr>\n<tr>\n<td>Reenv\u00edo nat<\/td>\n<\/tr>\n<tr>\n<td>    reenv\u00edo de puertos, activaci\u00f3n de puertos, upnp, dmz<\/td>\n<\/tr>\n<tr>\n<td>Seguridad del cortafuegos<\/td>\n<\/tr>\n<tr>\n<td>    firewall spi, vinculaci\u00f3n de direcciones ip y mac<\/td>\n<\/tr>\n<tr>\n<td>Red de invitados<\/td>\n<\/tr>\n<tr>\n<td>    red de invitados de 2,4 ghz, red de invitados de 5 ghz<\/td>\n<\/tr>\n<tr>\n<td>Servidor vpn<\/td>\n<\/tr>\n<tr>\n<td>    openvpn, compatible con pptp<\/td>\n<\/tr>\n<tr>\n<td>Hardware<\/td>\n<\/tr>\n<tr>\n<td>Dimensiones<\/td>\n<\/tr>\n<tr>\n<td>    8,2 \u00d7 6,8 \u00d7 1,6 pulgadas (208,8 \u00d7 171,6 \u00d7 41,7 mm)<\/td>\n<\/tr>\n<tr>\n<td>Interfaces<\/td>\n<\/tr>\n<tr>\n<td>    1 puerto wan gigabit + 3 puertos lan gigabit<\/td>\n<\/tr>\n<tr>\n<td>Bot\u00f3n<\/td>\n<\/tr>\n<tr>\n<td>    bot\u00f3n restablecer\/wps<\/td>\n<\/tr>\n<tr>\n<td>Tipo de antena<\/td>\n<\/tr>\n<tr>\n<td>    4 antenas omnidireccionales fijas de 5 dbi<\/td>\n<\/tr>\n<tr>\n<td>Otros<\/td>\n<\/tr>\n<tr>\n<td>Contenidos del paquete<\/td>\n<\/tr>\n<tr>\n<td>    \u0095 enrutador wi-fi 6 ax1800 mr70x<\/td>\n<\/tr>\n<tr>\n<td>    \u0095 adaptador de corriente<\/td>\n<\/tr>\n<tr>\n<td>    \u0095 gu\u00eda de instalaci\u00f3n r\u00e1pida<\/td>\n<\/tr>\n<tr>\n<td>    \u0095 cable ethernet rj45<\/td>\n<\/tr>\n<tr>\n<td>Ambiente<\/td>\n<\/tr>\n<tr>\n<td>    \u0095 temperatura de funcionamiento: 0\u00b0c~40\u00b0c (32\u00b0f~104\u00b0f)<\/td>\n<\/tr>\n<tr>\n<td>    \u0095 humedad de funcionamiento: 10 %~90 % sin condensaci\u00f3n<\/td>\n<\/tr>\n<tr>\n<td>    \u0095 humedad de almacenamiento: 5 %~90 % sin condensaci\u00f3n<\/td>\n<\/tr>\n<\/table>\n","protected":false},"excerpt":{"rendered":"<p>Velocidades wifi 6 de \u00faltima generaci\u00f3n: velocidades \u00f3ptimas de wifi 6 que alcanzan hasta 1,8 gbps (1201 mbps en la banda de 5 ghz y 574 mbps en la banda de 2,4 ghz.     4 veces m\u00e1s capacidad: ofdma y mu-mimo permiten la transmisi\u00f3n simult\u00e1nea de datos hacia y desde varios dispositivos, lo que mejora la eficiencia general de la red.     Cobertura m\u00e1s amplia y s\u00f3lida: 4 antenas multidireccionales de alta ganancia con beamforming que impulsan las conexiones estables en toda la casa para obtener se\u00f1ales wi-fi potentes en todos los rincones.     Protecci\u00f3n de seguridad general: el \u00faltimo wpa3 proporciona una seguridad wi-fi mejorada.     Conexiones por cable gigabit: aproveche al m\u00e1ximo su acceso a internet y transfiera datos a velocidades vertiginosas para obtener el m\u00e1ximo rendimiento.     Ahorro de energ\u00eda ecol\u00f3gico: target wake time (twt) reduce el consumo de energ\u00eda de sus dispositivos m\u00f3viles y de iot durante las transmisiones de datos.     Menos interferencia wifi: minimiza la interferencia de las se\u00f1ales vecinas para mejorar la eficiencia de transmisi\u00f3n con el color bss.     Smart connect: elige de forma inteligente la mejor banda disponible para cada dispositivo.     Modo de punto de acceso: ampl\u00eda una red cableada y la convierte en inal\u00e1mbrica<\/p>\n","protected":false},"featured_media":221457,"comment_status":"open","ping_status":"open","template":"","meta":[],"product_cat":[1563,1753],"product_tag":[1562],"acf":[],"yoast_head":"<!-- This site is optimized with the Yoast SEO plugin v21.7 - https:\/\/yoast.com\/wordpress\/plugins\/seo\/ -->\n<title>[ Tp Link ] &#129351; Mr70x Router | Mercusys | | Wifi 6 | Ax1800 Dual Band 1201 Mbps En 5ghz Y 574 Mbps En 2.4 Ghz, 1 Puerto Wan Gigabit + 3 Puertos Lan Gigabit,4 Antenas Multidireccionales<\/title>\n<meta name=\"description\" content=\"Compra Mr70x Router | Mercusys | | Wifi 6 | Ax1800 Dual Band 1201 Mbps En 5ghz Y 574 Mbps En 2.4 Ghz, 1 Puerto Wan Gigabit + 3 Puertos Lan Gigabit,4 Antenas Multidireccionales + Env\u00edo a domicilio + Pago seguro + Garant\u00eda\" \/>\n<meta name=\"robots\" content=\"index, follow, max-snippet:-1, max-image-preview:large, max-video-preview:-1\" \/>\n<link rel=\"canonical\" href=\"https:\/\/compuviper.mx\/tienda\/producto\/tp-link-mr70x-router-mercusys-wifi-6-ax1800-dual-band-1201-mbps-en-5ghz-y-574-mbps-en-2-4-ghz-1-puerto-wan-gigabit-3-puertos-lan-gigabit4-antenas-multidireccionales\/\" \/>\n<meta property=\"og:locale\" content=\"es_MX\" \/>\n<meta property=\"og:type\" content=\"article\" \/>\n<meta property=\"og:title\" content=\"[ Tp Link ] &#129351; Mr70x Router | Mercusys | | Wifi 6 | Ax1800 Dual Band 1201 Mbps En 5ghz Y 574 Mbps En 2.4 Ghz, 1 Puerto Wan Gigabit + 3 Puertos Lan Gigabit,4 Antenas Multidireccionales\" \/>\n<meta property=\"og:description\" content=\"Compra Mr70x Router | Mercusys | | Wifi 6 | Ax1800 Dual Band 1201 Mbps En 5ghz Y 574 Mbps En 2.4 Ghz, 1 Puerto Wan Gigabit + 3 Puertos Lan Gigabit,4 Antenas Multidireccionales + Env\u00edo a domicilio + Pago seguro + Garant\u00eda\" \/>\n<meta property=\"og:url\" content=\"https:\/\/compuviper.mx\/tienda\/producto\/tp-link-mr70x-router-mercusys-wifi-6-ax1800-dual-band-1201-mbps-en-5ghz-y-574-mbps-en-2-4-ghz-1-puerto-wan-gigabit-3-puertos-lan-gigabit4-antenas-multidireccionales\/\" \/>\n<meta property=\"og:site_name\" content=\"Compuviper\" \/>\n<meta property=\"article:publisher\" content=\"https:\/\/www.facebook.com\/compuviper\" \/>\n<meta property=\"article:modified_time\" content=\"2026-04-18T07:11:12+00:00\" \/>\n<meta property=\"og:image\" content=\"https:\/\/compuviper.mx\/tienda\/wp-content\/uploads\/2023\/12\/Router-mercusys-mr70x-wifi-6-ax1800-dual-band-1201-mbps-en-5ghz-y-574-mbps-en-2.4-ghz-1-puerto-wan-gigabit-3-puertos-lan-gigabit4-antenas-multidireccionales.jpg\" \/>\n\t<meta property=\"og:image:width\" content=\"200\" \/>\n\t<meta property=\"og:image:height\" content=\"200\" \/>\n\t<meta property=\"og:image:type\" content=\"image\/jpeg\" \/>\n<meta name=\"twitter:card\" content=\"summary_large_image\" \/>\n<meta name=\"twitter:label1\" content=\"Precio\" \/>\n\t<meta name=\"twitter:data1\" content=\"&#36;757 con IVA\" \/>\n\t<meta name=\"twitter:label2\" content=\"Availability\" \/>\n\t<meta name=\"twitter:data2\" content=\"In stock\" \/>\n<script type=\"application\/ld+json\" class=\"yoast-schema-graph\">{\"@context\":\"https:\/\/schema.org\",\"@graph\":[{\"@type\":\"WebPage\",\"@id\":\"https:\/\/compuviper.mx\/tienda\/producto\/tp-link-mr70x-router-mercusys-wifi-6-ax1800-dual-band-1201-mbps-en-5ghz-y-574-mbps-en-2-4-ghz-1-puerto-wan-gigabit-3-puertos-lan-gigabit4-antenas-multidireccionales\/\",\"url\":\"https:\/\/compuviper.mx\/tienda\/producto\/tp-link-mr70x-router-mercusys-wifi-6-ax1800-dual-band-1201-mbps-en-5ghz-y-574-mbps-en-2-4-ghz-1-puerto-wan-gigabit-3-puertos-lan-gigabit4-antenas-multidireccionales\/\",\"name\":\"[ Tp Link ] &#129351; Mr70x Router | Mercusys | | Wifi 6 | Ax1800 Dual Band 1201 Mbps En 5ghz Y 574 Mbps En 2.4 Ghz, 1 Puerto Wan Gigabit + 3 Puertos Lan Gigabit,4 Antenas Multidireccionales\",\"isPartOf\":{\"@id\":\"https:\/\/compuviper.mx\/tienda\/#website\"},\"datePublished\":\"2026-04-18T07:11:11+00:00\",\"dateModified\":\"2026-04-18T07:11:12+00:00\",\"description\":\"Compra Mr70x Router | Mercusys | | Wifi 6 | Ax1800 Dual Band 1201 Mbps En 5ghz Y 574 Mbps En 2.4 Ghz, 1 Puerto Wan Gigabit + 3 Puertos Lan Gigabit,4 Antenas Multidireccionales + Env\u00edo a domicilio + Pago seguro + Garant\u00eda\",\"breadcrumb\":{\"@id\":\"https:\/\/compuviper.mx\/tienda\/producto\/tp-link-mr70x-router-mercusys-wifi-6-ax1800-dual-band-1201-mbps-en-5ghz-y-574-mbps-en-2-4-ghz-1-puerto-wan-gigabit-3-puertos-lan-gigabit4-antenas-multidireccionales\/#breadcrumb\"},\"inLanguage\":\"es-MX\",\"potentialAction\":[{\"@type\":\"ReadAction\",\"target\":[\"https:\/\/compuviper.mx\/tienda\/producto\/tp-link-mr70x-router-mercusys-wifi-6-ax1800-dual-band-1201-mbps-en-5ghz-y-574-mbps-en-2-4-ghz-1-puerto-wan-gigabit-3-puertos-lan-gigabit4-antenas-multidireccionales\/\"]}]},{\"@type\":\"BreadcrumbList\",\"@id\":\"https:\/\/compuviper.mx\/tienda\/producto\/tp-link-mr70x-router-mercusys-wifi-6-ax1800-dual-band-1201-mbps-en-5ghz-y-574-mbps-en-2-4-ghz-1-puerto-wan-gigabit-3-puertos-lan-gigabit4-antenas-multidireccionales\/#breadcrumb\",\"itemListElement\":[{\"@type\":\"ListItem\",\"position\":1,\"name\":\"Inicio\",\"item\":\"https:\/\/compuviper.mx\/tienda\/\"},{\"@type\":\"ListItem\",\"position\":2,\"name\":\"Productos\",\"item\":\"https:\/\/compuviper.mx\/tienda\/productos\/\"},{\"@type\":\"ListItem\",\"position\":3,\"name\":\"Redes\",\"item\":\"https:\/\/compuviper.mx\/tienda\/categoria-producto\/redes\/\"},{\"@type\":\"ListItem\",\"position\":4,\"name\":\"Router\",\"item\":\"https:\/\/compuviper.mx\/tienda\/categoria-producto\/redes\/router\/\"},{\"@type\":\"ListItem\",\"position\":5,\"name\":\"Tp Link Mr70x Router | Mercusys | | Wifi 6 | Ax1800 Dual Band 1201 Mbps En 5ghz Y 574 Mbps En 2.4 Ghz, 1 Puerto Wan Gigabit + 3 Puertos Lan Gigabit,4 Antenas Multidireccionales\"}]},{\"@type\":\"WebSite\",\"@id\":\"https:\/\/compuviper.mx\/tienda\/#website\",\"url\":\"https:\/\/compuviper.mx\/tienda\/\",\"name\":\"Compuviper\",\"description\":\"Proveedor de Computadoras, Laptops, Servidores, Monitores, Puntos de Venta, Teclados,   Impresoras, T\u00f3ner, C\u00e1maras de Seguridad y m\u00e1s en tu tienda en l\u00ednea\",\"publisher\":{\"@id\":\"https:\/\/compuviper.mx\/tienda\/#organization\"},\"potentialAction\":[{\"@type\":\"SearchAction\",\"target\":{\"@type\":\"EntryPoint\",\"urlTemplate\":\"https:\/\/compuviper.mx\/tienda\/?s={search_term_string}\"},\"query-input\":\"required name=search_term_string\"}],\"inLanguage\":\"es-MX\"},{\"@type\":\"Organization\",\"@id\":\"https:\/\/compuviper.mx\/tienda\/#organization\",\"name\":\"Compuviper\",\"url\":\"https:\/\/compuviper.mx\/tienda\/\",\"logo\":{\"@type\":\"ImageObject\",\"inLanguage\":\"es-MX\",\"@id\":\"https:\/\/compuviper.mx\/tienda\/#\/schema\/logo\/image\/\",\"url\":\"https:\/\/compuviper.mx\/tienda\/wp-content\/uploads\/2021\/08\/Logo-Compuviper-10.png\",\"contentUrl\":\"https:\/\/compuviper.mx\/tienda\/wp-content\/uploads\/2021\/08\/Logo-Compuviper-10.png\",\"width\":1000,\"height\":500,\"caption\":\"Compuviper\"},\"image\":{\"@id\":\"https:\/\/compuviper.mx\/tienda\/#\/schema\/logo\/image\/\"},\"sameAs\":[\"https:\/\/www.facebook.com\/compuviper\",\"https:\/\/www.youtube.com\/channel\/UCf73dERp9Y3cfOq7q8BhLjA?view_as=subscriber\"]}]}<\/script>\n<meta property=\"product:brand\" content=\"TP LINK\" \/>\n<meta property=\"product:price:amount\" content=\"757\" \/>\n<meta property=\"product:price:currency\" content=\"MXN\" \/>\n<meta property=\"og:availability\" content=\"instock\" \/>\n<meta property=\"product:availability\" content=\"instock\" \/>\n<meta property=\"product:retailer_item_id\" content=\"MR70X\" \/>\n<meta property=\"product:condition\" content=\"new\" \/>\n<!-- \/ Yoast SEO plugin. -->","yoast_head_json":{"title":"[ Tp Link ] &#129351; Mr70x Router | Mercusys | | Wifi 6 | Ax1800 Dual Band 1201 Mbps En 5ghz Y 574 Mbps En 2.4 Ghz, 1 Puerto Wan Gigabit + 3 Puertos Lan Gigabit,4 Antenas Multidireccionales","description":"Compra Mr70x Router | Mercusys | | Wifi 6 | Ax1800 Dual Band 1201 Mbps En 5ghz Y 574 Mbps En 2.4 Ghz, 1 Puerto Wan Gigabit + 3 Puertos Lan Gigabit,4 Antenas Multidireccionales + Env\u00edo a domicilio + Pago seguro + Garant\u00eda","robots":{"index":"index","follow":"follow","max-snippet":"max-snippet:-1","max-image-preview":"max-image-preview:large","max-video-preview":"max-video-preview:-1"},"canonical":"https:\/\/compuviper.mx\/tienda\/producto\/tp-link-mr70x-router-mercusys-wifi-6-ax1800-dual-band-1201-mbps-en-5ghz-y-574-mbps-en-2-4-ghz-1-puerto-wan-gigabit-3-puertos-lan-gigabit4-antenas-multidireccionales\/","og_locale":"es_MX","og_type":"article","og_title":"[ Tp Link ] &#129351; Mr70x Router | Mercusys | | Wifi 6 | Ax1800 Dual Band 1201 Mbps En 5ghz Y 574 Mbps En 2.4 Ghz, 1 Puerto Wan Gigabit + 3 Puertos Lan Gigabit,4 Antenas Multidireccionales","og_description":"Compra Mr70x Router | Mercusys | | Wifi 6 | Ax1800 Dual Band 1201 Mbps En 5ghz Y 574 Mbps En 2.4 Ghz, 1 Puerto Wan Gigabit + 3 Puertos Lan Gigabit,4 Antenas Multidireccionales + Env\u00edo a domicilio + Pago seguro + Garant\u00eda","og_url":"https:\/\/compuviper.mx\/tienda\/producto\/tp-link-mr70x-router-mercusys-wifi-6-ax1800-dual-band-1201-mbps-en-5ghz-y-574-mbps-en-2-4-ghz-1-puerto-wan-gigabit-3-puertos-lan-gigabit4-antenas-multidireccionales\/","og_site_name":"Compuviper","article_publisher":"https:\/\/www.facebook.com\/compuviper","article_modified_time":"2026-04-18T07:11:12+00:00","og_image":[{"width":200,"height":200,"url":"https:\/\/compuviper.mx\/tienda\/wp-content\/uploads\/2023\/12\/Router-mercusys-mr70x-wifi-6-ax1800-dual-band-1201-mbps-en-5ghz-y-574-mbps-en-2.4-ghz-1-puerto-wan-gigabit-3-puertos-lan-gigabit4-antenas-multidireccionales.jpg","type":"image\/jpeg"}],"twitter_card":"summary_large_image","twitter_misc":{"Precio":"&#36;757 con IVA","Availability":"In stock"},"schema":{"@context":"https:\/\/schema.org","@graph":[{"@type":"WebPage","@id":"https:\/\/compuviper.mx\/tienda\/producto\/tp-link-mr70x-router-mercusys-wifi-6-ax1800-dual-band-1201-mbps-en-5ghz-y-574-mbps-en-2-4-ghz-1-puerto-wan-gigabit-3-puertos-lan-gigabit4-antenas-multidireccionales\/","url":"https:\/\/compuviper.mx\/tienda\/producto\/tp-link-mr70x-router-mercusys-wifi-6-ax1800-dual-band-1201-mbps-en-5ghz-y-574-mbps-en-2-4-ghz-1-puerto-wan-gigabit-3-puertos-lan-gigabit4-antenas-multidireccionales\/","name":"[ Tp Link ] &#129351; Mr70x Router | Mercusys | | Wifi 6 | Ax1800 Dual Band 1201 Mbps En 5ghz Y 574 Mbps En 2.4 Ghz, 1 Puerto Wan Gigabit + 3 Puertos Lan Gigabit,4 Antenas Multidireccionales","isPartOf":{"@id":"https:\/\/compuviper.mx\/tienda\/#website"},"datePublished":"2026-04-18T07:11:11+00:00","dateModified":"2026-04-18T07:11:12+00:00","description":"Compra Mr70x Router | Mercusys | | Wifi 6 | Ax1800 Dual Band 1201 Mbps En 5ghz Y 574 Mbps En 2.4 Ghz, 1 Puerto Wan Gigabit + 3 Puertos Lan Gigabit,4 Antenas Multidireccionales + Env\u00edo a domicilio + Pago seguro + Garant\u00eda","breadcrumb":{"@id":"https:\/\/compuviper.mx\/tienda\/producto\/tp-link-mr70x-router-mercusys-wifi-6-ax1800-dual-band-1201-mbps-en-5ghz-y-574-mbps-en-2-4-ghz-1-puerto-wan-gigabit-3-puertos-lan-gigabit4-antenas-multidireccionales\/#breadcrumb"},"inLanguage":"es-MX","potentialAction":[{"@type":"ReadAction","target":["https:\/\/compuviper.mx\/tienda\/producto\/tp-link-mr70x-router-mercusys-wifi-6-ax1800-dual-band-1201-mbps-en-5ghz-y-574-mbps-en-2-4-ghz-1-puerto-wan-gigabit-3-puertos-lan-gigabit4-antenas-multidireccionales\/"]}]},{"@type":"BreadcrumbList","@id":"https:\/\/compuviper.mx\/tienda\/producto\/tp-link-mr70x-router-mercusys-wifi-6-ax1800-dual-band-1201-mbps-en-5ghz-y-574-mbps-en-2-4-ghz-1-puerto-wan-gigabit-3-puertos-lan-gigabit4-antenas-multidireccionales\/#breadcrumb","itemListElement":[{"@type":"ListItem","position":1,"name":"Inicio","item":"https:\/\/compuviper.mx\/tienda\/"},{"@type":"ListItem","position":2,"name":"Productos","item":"https:\/\/compuviper.mx\/tienda\/productos\/"},{"@type":"ListItem","position":3,"name":"Redes","item":"https:\/\/compuviper.mx\/tienda\/categoria-producto\/redes\/"},{"@type":"ListItem","position":4,"name":"Router","item":"https:\/\/compuviper.mx\/tienda\/categoria-producto\/redes\/router\/"},{"@type":"ListItem","position":5,"name":"Tp Link Mr70x Router | Mercusys | | Wifi 6 | Ax1800 Dual Band 1201 Mbps En 5ghz Y 574 Mbps En 2.4 Ghz, 1 Puerto Wan Gigabit + 3 Puertos Lan Gigabit,4 Antenas Multidireccionales"}]},{"@type":"WebSite","@id":"https:\/\/compuviper.mx\/tienda\/#website","url":"https:\/\/compuviper.mx\/tienda\/","name":"Compuviper","description":"Proveedor de Computadoras, Laptops, Servidores, Monitores, Puntos de Venta, Teclados,   Impresoras, T\u00f3ner, C\u00e1maras de Seguridad y m\u00e1s en tu tienda en l\u00ednea","publisher":{"@id":"https:\/\/compuviper.mx\/tienda\/#organization"},"potentialAction":[{"@type":"SearchAction","target":{"@type":"EntryPoint","urlTemplate":"https:\/\/compuviper.mx\/tienda\/?s={search_term_string}"},"query-input":"required name=search_term_string"}],"inLanguage":"es-MX"},{"@type":"Organization","@id":"https:\/\/compuviper.mx\/tienda\/#organization","name":"Compuviper","url":"https:\/\/compuviper.mx\/tienda\/","logo":{"@type":"ImageObject","inLanguage":"es-MX","@id":"https:\/\/compuviper.mx\/tienda\/#\/schema\/logo\/image\/","url":"https:\/\/compuviper.mx\/tienda\/wp-content\/uploads\/2021\/08\/Logo-Compuviper-10.png","contentUrl":"https:\/\/compuviper.mx\/tienda\/wp-content\/uploads\/2021\/08\/Logo-Compuviper-10.png","width":1000,"height":500,"caption":"Compuviper"},"image":{"@id":"https:\/\/compuviper.mx\/tienda\/#\/schema\/logo\/image\/"},"sameAs":["https:\/\/www.facebook.com\/compuviper","https:\/\/www.youtube.com\/channel\/UCf73dERp9Y3cfOq7q8BhLjA?view_as=subscriber"]}]},"product_brand":"TP LINK","product_price_amount":"757","product_price_currency":"MXN","og_availability":"instock","product_availability":"instock","product_retailer_item_id":"MR70X","product_condition":"new"},"_links":{"self":[{"href":"https:\/\/compuviper.mx\/tienda\/wp-json\/wp\/v2\/product\/221456"}],"collection":[{"href":"https:\/\/compuviper.mx\/tienda\/wp-json\/wp\/v2\/product"}],"about":[{"href":"https:\/\/compuviper.mx\/tienda\/wp-json\/wp\/v2\/types\/product"}],"replies":[{"embeddable":true,"href":"https:\/\/compuviper.mx\/tienda\/wp-json\/wp\/v2\/comments?post=221456"}],"wp:featuredmedia":[{"embeddable":true,"href":"https:\/\/compuviper.mx\/tienda\/wp-json\/wp\/v2\/media\/221457"}],"wp:attachment":[{"href":"https:\/\/compuviper.mx\/tienda\/wp-json\/wp\/v2\/media?parent=221456"}],"wp:term":[{"taxonomy":"product_cat","embeddable":true,"href":"https:\/\/compuviper.mx\/tienda\/wp-json\/wp\/v2\/product_cat?post=221456"},{"taxonomy":"product_tag","embeddable":true,"href":"https:\/\/compuviper.mx\/tienda\/wp-json\/wp\/v2\/product_tag?post=221456"}],"curies":[{"name":"wp","href":"https:\/\/api.w.org\/{rel}","templated":true}]}}