{"id":221454,"date":"2026-04-18T01:11:11","date_gmt":"2026-04-18T07:11:11","guid":{"rendered":"https:\/\/compuviper.mx\/tienda\/producto\/tp-link-mr50g-router-mercusys-gigabit-dual-band-ac1900-1300-mbps-en-5ghz-600-mbps-en-2-4-ghz-1-puerto-gigabit-wan-2-puerto-gigabit-lan\/"},"modified":"2026-04-18T01:11:11","modified_gmt":"2026-04-18T07:11:11","slug":"tp-link-mr50g-router-mercusys-gigabit-dual-band-ac1900-1300-mbps-en-5ghz-600-mbps-en-2-4-ghz-1-puerto-gigabit-wan-2-puerto-gigabit-lan","status":"publish","type":"product","link":"https:\/\/compuviper.mx\/tienda\/producto\/tp-link-mr50g-router-mercusys-gigabit-dual-band-ac1900-1300-mbps-en-5ghz-600-mbps-en-2-4-ghz-1-puerto-gigabit-wan-2-puerto-gigabit-lan\/","title":{"rendered":"Tp Link Mr50g Router | Mercusys |  | Gigabit |  Dual Band Ac1900 | 1300 Mbps En 5ghz  | 600 Mbps En 2.4 Ghz | 1 Puerto Gigabit Wan | 2 Puerto Gigabit Lan"},"content":{"rendered":"<table class=\"descripcion\">\n<tr>\n<td>Inal\u00e1mbrico<\/td>\n<\/tr>\n<tr>\n<td>Est\u00e1ndares inal\u00e1mbricos<\/td>\n<\/tr>\n<tr>\n<td>    ieee 802.11a\/n\/ac 5 ghz, ieee 802.11\/b\/g\/n 2,4 ghz<\/td>\n<\/tr>\n<tr>\n<td>Frecuencia<\/td>\n<\/tr>\n<tr>\n<td>    2,4 &#8211; 2,5 ghz, 5,15 &#8211; 5,25 ghz<\/td>\n<\/tr>\n<tr>\n<td>Velocidades wifi<\/td>\n<\/tr>\n<tr>\n<td>    600 mbps a 2,4 ghz, 1300 mbps a 5 ghz<\/td>\n<\/tr>\n<tr>\n<td>Sensibilidad de recepci\u00f3n<\/td>\n<\/tr>\n<tr>\n<td>    5ghz:<\/td>\n<\/tr>\n<tr>\n<td>    11a 6mbps: -98dbm, 11a 54m: -78dbm<\/td>\n<\/tr>\n<tr>\n<td>    11ac vht20_mcs0: -98dbm, 11ac vht20_mcs8: -72dbm<\/td>\n<\/tr>\n<tr>\n<td>    11ac vht40_mcs0: -92dbm, 11ac vht40_mcs9: -68dbm<\/td>\n<\/tr>\n<tr>\n<td>    11ac vht80_mcs0: -89dbm, 11ac vht80_mcs9: -64dbm<\/td>\n<\/tr>\n<tr>\n<td>    2,4 ghz:<\/td>\n<\/tr>\n<tr>\n<td>    11g 6mbps: -97dbm, 11a 54m: -77dbm<\/td>\n<\/tr>\n<tr>\n<td>    11n vht20_mcs0: -97dbm, 11n vht20_mcs8: -72dbm<\/td>\n<\/tr>\n<tr>\n<td>    11n vht40_mcs0: -92dbm, 11n vht40_mcs9: -67dbm<\/td>\n<\/tr>\n<tr>\n<td>Poder de transmision<\/td>\n<\/tr>\n<tr>\n<td>    ce:  20 dbm (2,4 ghz),  23 dbm (5,15 &#8211; 5,25 ghz)<\/td>\n<\/tr>\n<tr>\n<td>    fcc:  30dbm (2,4 ghz y 5 ghz)<\/td>\n<\/tr>\n<tr>\n<td>Seguridad inal\u00e1mbrica<\/td>\n<\/tr>\n<tr>\n<td>    wep<\/td>\n<\/tr>\n<tr>\n<td>    wpa\/wpa2-personal<\/td>\n<\/tr>\n<tr>\n<td>    wpa2 \/ wpa3-personal<\/td>\n<\/tr>\n<tr>\n<td>Funciones inal\u00e1mbricas<\/td>\n<\/tr>\n<tr>\n<td>    activar\/desactivar radio inal\u00e1mbrica, estad\u00edsticas inal\u00e1mbricas<\/td>\n<\/tr>\n<tr>\n<td>Software<\/td>\n<\/tr>\n<tr>\n<td>Tipo de wan<\/td>\n<\/tr>\n<tr>\n<td>    ip din\u00e1mica\/ip est\u00e1tica\/pppoe\/pptp\/l2tp<\/td>\n<\/tr>\n<tr>\n<td>Gesti\u00f3n<\/td>\n<\/tr>\n<tr>\n<td>    control de acceso<\/td>\n<\/tr>\n<tr>\n<td>    administraci\u00f3n local<\/td>\n<\/tr>\n<tr>\n<td>    gesti\u00f3n remota<\/td>\n<\/tr>\n<tr>\n<td>Dhcp<\/td>\n<\/tr>\n<tr>\n<td>    servidor<\/td>\n<\/tr>\n<tr>\n<td>Reenv\u00edo de puertos<\/td>\n<\/tr>\n<tr>\n<td>    servidor virtual, upnp, dmz<\/td>\n<\/tr>\n<tr>\n<td>Seguridad del cortafuegos<\/td>\n<\/tr>\n<tr>\n<td>    vinculaci\u00f3n de direcciones ip y mac<\/td>\n<\/tr>\n<tr>\n<td>Protocolos<\/td>\n<\/tr>\n<tr>\n<td>    ipv4, ipv6<\/td>\n<\/tr>\n<tr>\n<td>Red de invitados<\/td>\n<\/tr>\n<tr>\n<td>    red de invitados de 2,4 ghz, red de invitados de 5 ghz<\/td>\n<\/tr>\n<tr>\n<td>Hardware<\/td>\n<\/tr>\n<tr>\n<td>Dimensiones<\/td>\n<\/tr>\n<tr>\n<td>    175,6 x 157,2 x 45 mm<\/td>\n<\/tr>\n<tr>\n<td>Interfaces<\/td>\n<\/tr>\n<tr>\n<td>    1 puerto wan gigabit<\/td>\n<\/tr>\n<tr>\n<td>    2 puertos lan gigabit<\/td>\n<\/tr>\n<tr>\n<td>Bot\u00f3n<\/td>\n<\/tr>\n<tr>\n<td>    wps\/bot\u00f3n de reinicio<\/td>\n<\/tr>\n<tr>\n<td>Fuente de alimentaci\u00f3n externa<\/td>\n<\/tr>\n<tr>\n<td>    12v\/1a<\/td>\n<\/tr>\n<tr>\n<td>Tipo de antena<\/td>\n<\/tr>\n<tr>\n<td>    6 antenas omnidireccionales fijas<\/td>\n<\/tr>\n<tr>\n<td>Otros<\/td>\n<\/tr>\n<tr>\n<td>Contenidos del paquete<\/td>\n<\/tr>\n<tr>\n<td>    \u0095 router gigabit inal\u00e1mbrico de doble banda ac1900<\/td>\n<\/tr>\n<tr>\n<td>      (mr50g)<\/td>\n<\/tr>\n<tr>\n<td>    \u0095 adaptador de corriente<\/td>\n<\/tr>\n<tr>\n<td>    \u0095 cable de ethernet<\/td>\n<\/tr>\n<tr>\n<td>    \u0095 gu\u00eda de instalaci\u00f3n r\u00e1pida<\/td>\n<\/tr>\n<\/table>\n","protected":false},"excerpt":{"rendered":"<p>Router gigabit inal\u00e1mbrico de doble banda ac1900.     Velocidades de banda dual ac1900: disfrute del entretenimiento en el hogar sin retrasos, alcanzando velocidades de hasta 1900 mbps (1300 mbps en la banda de 5 ghz y 600 mbps en la banda de 2,4 ghz.     Cobertura de largo alcance: 6 antenas de alta ganancia con beamforming impulsan conexiones estables en toda su casa para obtener se\u00f1ales wifi potentes en todos los rincones.     Puertos gigabit completos: aproveche al m\u00e1ximo su acceso a internet y transfiera datos a velocidades vertiginosas para obtener el m\u00e1ximo rendimiento.     Mayor eficiencia de la red: la tecnolog\u00eda mu-mimo permite que el mr50g se comunique con varios dispositivos al mismo tiempo, lo que aumenta el rendimiento general de la red.     Smart connect: elige de forma inteligente la mejor banda disponible para cada dispositivo<\/p>\n","protected":false},"featured_media":221455,"comment_status":"open","ping_status":"open","template":"","meta":[],"product_cat":[1563,1753],"product_tag":[1562],"acf":[],"yoast_head":"<!-- This site is optimized with the Yoast SEO plugin v21.7 - https:\/\/yoast.com\/wordpress\/plugins\/seo\/ -->\n<title>[ Tp Link ] &#129351; Mr50g Router | Mercusys | | Gigabit | Dual Band Ac1900 | 1300 Mbps En 5ghz | 600 Mbps En 2.4 Ghz | 1 Puerto Gigabit Wan | 2 Puerto Gigabit Lan<\/title>\n<meta name=\"description\" content=\"Compra Mr50g Router | Mercusys | | Gigabit | Dual Band Ac1900 | 1300 Mbps En 5ghz | 600 Mbps En 2.4 Ghz | 1 Puerto Gigabit Wan | 2 Puerto Gigabit Lan + Env\u00edo a domicilio + Pago seguro + Garant\u00eda\" \/>\n<meta name=\"robots\" content=\"index, follow, max-snippet:-1, max-image-preview:large, max-video-preview:-1\" \/>\n<link rel=\"canonical\" href=\"https:\/\/compuviper.mx\/tienda\/producto\/tp-link-mr50g-router-mercusys-gigabit-dual-band-ac1900-1300-mbps-en-5ghz-600-mbps-en-2-4-ghz-1-puerto-gigabit-wan-2-puerto-gigabit-lan\/\" \/>\n<meta property=\"og:locale\" content=\"es_MX\" \/>\n<meta property=\"og:type\" content=\"article\" \/>\n<meta property=\"og:title\" content=\"[ Tp Link ] &#129351; Mr50g Router | Mercusys | | Gigabit | Dual Band Ac1900 | 1300 Mbps En 5ghz | 600 Mbps En 2.4 Ghz | 1 Puerto Gigabit Wan | 2 Puerto Gigabit Lan\" \/>\n<meta property=\"og:description\" content=\"Compra Mr50g Router | Mercusys | | Gigabit | Dual Band Ac1900 | 1300 Mbps En 5ghz | 600 Mbps En 2.4 Ghz | 1 Puerto Gigabit Wan | 2 Puerto Gigabit Lan + Env\u00edo a domicilio + Pago seguro + Garant\u00eda\" \/>\n<meta property=\"og:url\" content=\"https:\/\/compuviper.mx\/tienda\/producto\/tp-link-mr50g-router-mercusys-gigabit-dual-band-ac1900-1300-mbps-en-5ghz-600-mbps-en-2-4-ghz-1-puerto-gigabit-wan-2-puerto-gigabit-lan\/\" \/>\n<meta property=\"og:site_name\" content=\"Compuviper\" \/>\n<meta property=\"article:publisher\" content=\"https:\/\/www.facebook.com\/compuviper\" \/>\n<meta property=\"og:image\" content=\"https:\/\/compuviper.mx\/tienda\/wp-content\/uploads\/2023\/12\/Router-mercusys-mr50g-gigabit-dual-band-ac1900-1300-mbps-en-5ghz-600-mbps-en-2.4-ghz-1-puerto-gigabit-wan-2-puerto-gigabit-lan.jpg\" \/>\n\t<meta property=\"og:image:width\" content=\"200\" \/>\n\t<meta property=\"og:image:height\" content=\"200\" \/>\n\t<meta property=\"og:image:type\" content=\"image\/jpeg\" \/>\n<meta name=\"twitter:card\" content=\"summary_large_image\" \/>\n<meta name=\"twitter:label1\" content=\"Precio\" \/>\n\t<meta name=\"twitter:data1\" content=\"&#36;445 con IVA\" \/>\n\t<meta name=\"twitter:label2\" content=\"Availability\" \/>\n\t<meta name=\"twitter:data2\" content=\"Out of stock\" \/>\n<script type=\"application\/ld+json\" class=\"yoast-schema-graph\">{\"@context\":\"https:\/\/schema.org\",\"@graph\":[{\"@type\":\"WebPage\",\"@id\":\"https:\/\/compuviper.mx\/tienda\/producto\/tp-link-mr50g-router-mercusys-gigabit-dual-band-ac1900-1300-mbps-en-5ghz-600-mbps-en-2-4-ghz-1-puerto-gigabit-wan-2-puerto-gigabit-lan\/\",\"url\":\"https:\/\/compuviper.mx\/tienda\/producto\/tp-link-mr50g-router-mercusys-gigabit-dual-band-ac1900-1300-mbps-en-5ghz-600-mbps-en-2-4-ghz-1-puerto-gigabit-wan-2-puerto-gigabit-lan\/\",\"name\":\"[ Tp Link ] &#129351; Mr50g Router | Mercusys | | Gigabit | Dual Band Ac1900 | 1300 Mbps En 5ghz | 600 Mbps En 2.4 Ghz | 1 Puerto Gigabit Wan | 2 Puerto Gigabit Lan\",\"isPartOf\":{\"@id\":\"https:\/\/compuviper.mx\/tienda\/#website\"},\"datePublished\":\"2026-04-18T07:11:11+00:00\",\"dateModified\":\"2026-04-18T07:11:11+00:00\",\"description\":\"Compra Mr50g Router | Mercusys | | Gigabit | Dual Band Ac1900 | 1300 Mbps En 5ghz | 600 Mbps En 2.4 Ghz | 1 Puerto Gigabit Wan | 2 Puerto Gigabit Lan + Env\u00edo a domicilio + Pago seguro + Garant\u00eda\",\"breadcrumb\":{\"@id\":\"https:\/\/compuviper.mx\/tienda\/producto\/tp-link-mr50g-router-mercusys-gigabit-dual-band-ac1900-1300-mbps-en-5ghz-600-mbps-en-2-4-ghz-1-puerto-gigabit-wan-2-puerto-gigabit-lan\/#breadcrumb\"},\"inLanguage\":\"es-MX\",\"potentialAction\":[{\"@type\":\"ReadAction\",\"target\":[\"https:\/\/compuviper.mx\/tienda\/producto\/tp-link-mr50g-router-mercusys-gigabit-dual-band-ac1900-1300-mbps-en-5ghz-600-mbps-en-2-4-ghz-1-puerto-gigabit-wan-2-puerto-gigabit-lan\/\"]}]},{\"@type\":\"BreadcrumbList\",\"@id\":\"https:\/\/compuviper.mx\/tienda\/producto\/tp-link-mr50g-router-mercusys-gigabit-dual-band-ac1900-1300-mbps-en-5ghz-600-mbps-en-2-4-ghz-1-puerto-gigabit-wan-2-puerto-gigabit-lan\/#breadcrumb\",\"itemListElement\":[{\"@type\":\"ListItem\",\"position\":1,\"name\":\"Inicio\",\"item\":\"https:\/\/compuviper.mx\/tienda\/\"},{\"@type\":\"ListItem\",\"position\":2,\"name\":\"Productos\",\"item\":\"https:\/\/compuviper.mx\/tienda\/productos\/\"},{\"@type\":\"ListItem\",\"position\":3,\"name\":\"Redes\",\"item\":\"https:\/\/compuviper.mx\/tienda\/categoria-producto\/redes\/\"},{\"@type\":\"ListItem\",\"position\":4,\"name\":\"Router\",\"item\":\"https:\/\/compuviper.mx\/tienda\/categoria-producto\/redes\/router\/\"},{\"@type\":\"ListItem\",\"position\":5,\"name\":\"Tp Link Mr50g Router | Mercusys | | Gigabit | Dual Band Ac1900 | 1300 Mbps En 5ghz | 600 Mbps En 2.4 Ghz | 1 Puerto Gigabit Wan | 2 Puerto Gigabit Lan\"}]},{\"@type\":\"WebSite\",\"@id\":\"https:\/\/compuviper.mx\/tienda\/#website\",\"url\":\"https:\/\/compuviper.mx\/tienda\/\",\"name\":\"Compuviper\",\"description\":\"Proveedor de Computadoras, Laptops, Servidores, Monitores, Puntos de Venta, Teclados,   Impresoras, T\u00f3ner, C\u00e1maras de Seguridad y m\u00e1s en tu tienda en l\u00ednea\",\"publisher\":{\"@id\":\"https:\/\/compuviper.mx\/tienda\/#organization\"},\"potentialAction\":[{\"@type\":\"SearchAction\",\"target\":{\"@type\":\"EntryPoint\",\"urlTemplate\":\"https:\/\/compuviper.mx\/tienda\/?s={search_term_string}\"},\"query-input\":\"required name=search_term_string\"}],\"inLanguage\":\"es-MX\"},{\"@type\":\"Organization\",\"@id\":\"https:\/\/compuviper.mx\/tienda\/#organization\",\"name\":\"Compuviper\",\"url\":\"https:\/\/compuviper.mx\/tienda\/\",\"logo\":{\"@type\":\"ImageObject\",\"inLanguage\":\"es-MX\",\"@id\":\"https:\/\/compuviper.mx\/tienda\/#\/schema\/logo\/image\/\",\"url\":\"https:\/\/compuviper.mx\/tienda\/wp-content\/uploads\/2021\/08\/Logo-Compuviper-10.png\",\"contentUrl\":\"https:\/\/compuviper.mx\/tienda\/wp-content\/uploads\/2021\/08\/Logo-Compuviper-10.png\",\"width\":1000,\"height\":500,\"caption\":\"Compuviper\"},\"image\":{\"@id\":\"https:\/\/compuviper.mx\/tienda\/#\/schema\/logo\/image\/\"},\"sameAs\":[\"https:\/\/www.facebook.com\/compuviper\",\"https:\/\/www.youtube.com\/channel\/UCf73dERp9Y3cfOq7q8BhLjA?view_as=subscriber\"]}]}<\/script>\n<meta property=\"product:brand\" content=\"TP LINK\" \/>\n<meta property=\"product:price:amount\" content=\"445\" \/>\n<meta property=\"product:price:currency\" content=\"MXN\" \/>\n<meta property=\"og:availability\" content=\"out of stock\" \/>\n<meta property=\"product:availability\" content=\"out of stock\" \/>\n<meta property=\"product:retailer_item_id\" content=\"MR50G\" \/>\n<meta property=\"product:condition\" content=\"new\" \/>\n<!-- \/ Yoast SEO plugin. -->","yoast_head_json":{"title":"[ Tp Link ] &#129351; Mr50g Router | Mercusys | | Gigabit | Dual Band Ac1900 | 1300 Mbps En 5ghz | 600 Mbps En 2.4 Ghz | 1 Puerto Gigabit Wan | 2 Puerto Gigabit Lan","description":"Compra Mr50g Router | Mercusys | | Gigabit | Dual Band Ac1900 | 1300 Mbps En 5ghz | 600 Mbps En 2.4 Ghz | 1 Puerto Gigabit Wan | 2 Puerto Gigabit Lan + Env\u00edo a domicilio + Pago seguro + Garant\u00eda","robots":{"index":"index","follow":"follow","max-snippet":"max-snippet:-1","max-image-preview":"max-image-preview:large","max-video-preview":"max-video-preview:-1"},"canonical":"https:\/\/compuviper.mx\/tienda\/producto\/tp-link-mr50g-router-mercusys-gigabit-dual-band-ac1900-1300-mbps-en-5ghz-600-mbps-en-2-4-ghz-1-puerto-gigabit-wan-2-puerto-gigabit-lan\/","og_locale":"es_MX","og_type":"article","og_title":"[ Tp Link ] &#129351; Mr50g Router | Mercusys | | Gigabit | Dual Band Ac1900 | 1300 Mbps En 5ghz | 600 Mbps En 2.4 Ghz | 1 Puerto Gigabit Wan | 2 Puerto Gigabit Lan","og_description":"Compra Mr50g Router | Mercusys | | Gigabit | Dual Band Ac1900 | 1300 Mbps En 5ghz | 600 Mbps En 2.4 Ghz | 1 Puerto Gigabit Wan | 2 Puerto Gigabit Lan + Env\u00edo a domicilio + Pago seguro + Garant\u00eda","og_url":"https:\/\/compuviper.mx\/tienda\/producto\/tp-link-mr50g-router-mercusys-gigabit-dual-band-ac1900-1300-mbps-en-5ghz-600-mbps-en-2-4-ghz-1-puerto-gigabit-wan-2-puerto-gigabit-lan\/","og_site_name":"Compuviper","article_publisher":"https:\/\/www.facebook.com\/compuviper","og_image":[{"width":200,"height":200,"url":"https:\/\/compuviper.mx\/tienda\/wp-content\/uploads\/2023\/12\/Router-mercusys-mr50g-gigabit-dual-band-ac1900-1300-mbps-en-5ghz-600-mbps-en-2.4-ghz-1-puerto-gigabit-wan-2-puerto-gigabit-lan.jpg","type":"image\/jpeg"}],"twitter_card":"summary_large_image","twitter_misc":{"Precio":"&#36;445 con IVA","Availability":"Out of stock"},"schema":{"@context":"https:\/\/schema.org","@graph":[{"@type":"WebPage","@id":"https:\/\/compuviper.mx\/tienda\/producto\/tp-link-mr50g-router-mercusys-gigabit-dual-band-ac1900-1300-mbps-en-5ghz-600-mbps-en-2-4-ghz-1-puerto-gigabit-wan-2-puerto-gigabit-lan\/","url":"https:\/\/compuviper.mx\/tienda\/producto\/tp-link-mr50g-router-mercusys-gigabit-dual-band-ac1900-1300-mbps-en-5ghz-600-mbps-en-2-4-ghz-1-puerto-gigabit-wan-2-puerto-gigabit-lan\/","name":"[ Tp Link ] &#129351; Mr50g Router | Mercusys | | Gigabit | Dual Band Ac1900 | 1300 Mbps En 5ghz | 600 Mbps En 2.4 Ghz | 1 Puerto Gigabit Wan | 2 Puerto Gigabit Lan","isPartOf":{"@id":"https:\/\/compuviper.mx\/tienda\/#website"},"datePublished":"2026-04-18T07:11:11+00:00","dateModified":"2026-04-18T07:11:11+00:00","description":"Compra Mr50g Router | Mercusys | | Gigabit | Dual Band Ac1900 | 1300 Mbps En 5ghz | 600 Mbps En 2.4 Ghz | 1 Puerto Gigabit Wan | 2 Puerto Gigabit Lan + Env\u00edo a domicilio + Pago seguro + Garant\u00eda","breadcrumb":{"@id":"https:\/\/compuviper.mx\/tienda\/producto\/tp-link-mr50g-router-mercusys-gigabit-dual-band-ac1900-1300-mbps-en-5ghz-600-mbps-en-2-4-ghz-1-puerto-gigabit-wan-2-puerto-gigabit-lan\/#breadcrumb"},"inLanguage":"es-MX","potentialAction":[{"@type":"ReadAction","target":["https:\/\/compuviper.mx\/tienda\/producto\/tp-link-mr50g-router-mercusys-gigabit-dual-band-ac1900-1300-mbps-en-5ghz-600-mbps-en-2-4-ghz-1-puerto-gigabit-wan-2-puerto-gigabit-lan\/"]}]},{"@type":"BreadcrumbList","@id":"https:\/\/compuviper.mx\/tienda\/producto\/tp-link-mr50g-router-mercusys-gigabit-dual-band-ac1900-1300-mbps-en-5ghz-600-mbps-en-2-4-ghz-1-puerto-gigabit-wan-2-puerto-gigabit-lan\/#breadcrumb","itemListElement":[{"@type":"ListItem","position":1,"name":"Inicio","item":"https:\/\/compuviper.mx\/tienda\/"},{"@type":"ListItem","position":2,"name":"Productos","item":"https:\/\/compuviper.mx\/tienda\/productos\/"},{"@type":"ListItem","position":3,"name":"Redes","item":"https:\/\/compuviper.mx\/tienda\/categoria-producto\/redes\/"},{"@type":"ListItem","position":4,"name":"Router","item":"https:\/\/compuviper.mx\/tienda\/categoria-producto\/redes\/router\/"},{"@type":"ListItem","position":5,"name":"Tp Link Mr50g Router | Mercusys | | Gigabit | Dual Band Ac1900 | 1300 Mbps En 5ghz | 600 Mbps En 2.4 Ghz | 1 Puerto Gigabit Wan | 2 Puerto Gigabit Lan"}]},{"@type":"WebSite","@id":"https:\/\/compuviper.mx\/tienda\/#website","url":"https:\/\/compuviper.mx\/tienda\/","name":"Compuviper","description":"Proveedor de Computadoras, Laptops, Servidores, Monitores, Puntos de Venta, Teclados,   Impresoras, T\u00f3ner, C\u00e1maras de Seguridad y m\u00e1s en tu tienda en l\u00ednea","publisher":{"@id":"https:\/\/compuviper.mx\/tienda\/#organization"},"potentialAction":[{"@type":"SearchAction","target":{"@type":"EntryPoint","urlTemplate":"https:\/\/compuviper.mx\/tienda\/?s={search_term_string}"},"query-input":"required name=search_term_string"}],"inLanguage":"es-MX"},{"@type":"Organization","@id":"https:\/\/compuviper.mx\/tienda\/#organization","name":"Compuviper","url":"https:\/\/compuviper.mx\/tienda\/","logo":{"@type":"ImageObject","inLanguage":"es-MX","@id":"https:\/\/compuviper.mx\/tienda\/#\/schema\/logo\/image\/","url":"https:\/\/compuviper.mx\/tienda\/wp-content\/uploads\/2021\/08\/Logo-Compuviper-10.png","contentUrl":"https:\/\/compuviper.mx\/tienda\/wp-content\/uploads\/2021\/08\/Logo-Compuviper-10.png","width":1000,"height":500,"caption":"Compuviper"},"image":{"@id":"https:\/\/compuviper.mx\/tienda\/#\/schema\/logo\/image\/"},"sameAs":["https:\/\/www.facebook.com\/compuviper","https:\/\/www.youtube.com\/channel\/UCf73dERp9Y3cfOq7q8BhLjA?view_as=subscriber"]}]},"product_brand":"TP LINK","product_price_amount":"445","product_price_currency":"MXN","og_availability":"out of stock","product_availability":"out of stock","product_retailer_item_id":"MR50G","product_condition":"new"},"_links":{"self":[{"href":"https:\/\/compuviper.mx\/tienda\/wp-json\/wp\/v2\/product\/221454"}],"collection":[{"href":"https:\/\/compuviper.mx\/tienda\/wp-json\/wp\/v2\/product"}],"about":[{"href":"https:\/\/compuviper.mx\/tienda\/wp-json\/wp\/v2\/types\/product"}],"replies":[{"embeddable":true,"href":"https:\/\/compuviper.mx\/tienda\/wp-json\/wp\/v2\/comments?post=221454"}],"wp:featuredmedia":[{"embeddable":true,"href":"https:\/\/compuviper.mx\/tienda\/wp-json\/wp\/v2\/media\/221455"}],"wp:attachment":[{"href":"https:\/\/compuviper.mx\/tienda\/wp-json\/wp\/v2\/media?parent=221454"}],"wp:term":[{"taxonomy":"product_cat","embeddable":true,"href":"https:\/\/compuviper.mx\/tienda\/wp-json\/wp\/v2\/product_cat?post=221454"},{"taxonomy":"product_tag","embeddable":true,"href":"https:\/\/compuviper.mx\/tienda\/wp-json\/wp\/v2\/product_tag?post=221454"}],"curies":[{"name":"wp","href":"https:\/\/api.w.org\/{rel}","templated":true}]}}