{"id":221434,"date":"2026-04-18T01:11:06","date_gmt":"2026-04-18T07:11:06","guid":{"rendered":"https:\/\/compuviper.mx\/tienda\/producto\/tp-link-eap650-outdoor-acces-point-tp-link-wifi-6-para-interior-exterior-ax3000-2-4-ghz-y-5-ghz-incluye-adaptador-poe-pasivo\/"},"modified":"2026-04-18T01:11:07","modified_gmt":"2026-04-18T07:11:07","slug":"tp-link-eap650-outdoor-access-point-tp-link-omada-ax3000-indoor-outdoor-wi-fi-6","status":"publish","type":"product","link":"https:\/\/compuviper.mx\/tienda\/producto\/tp-link-eap650-outdoor-access-point-tp-link-omada-ax3000-indoor-outdoor-wi-fi-6\/","title":{"rendered":"Tp Link Eap650-outdoor Access Point Tp-link  Omada Ax3000 Indoor\/outdoor Wi-fi 6"},"content":{"rendered":"<table class=\"descripcion\">\n<tr>\n<td>Caracter\u00edsticas de hardware<\/td>\n<\/tr>\n<tr>\n<td>Interfaz 1 puerto gigabit ethernet (rj-45) (compatible con 802.3at poe y poe pasivo)<\/td>\n<\/tr>\n<tr>\n<td>Botones reset<\/td>\n<\/tr>\n<tr>\n<td>Fuente de alimentaci\u00f3n \u0095 poe 802.3at<\/td>\n<\/tr>\n<tr>\n<td>\u0095 poe pasivo de 48 v (adaptador poe incluido)<\/td>\n<\/tr>\n<tr>\n<td>Consumo de potencia \u0095 ue: 12,5 w (802.3at poe o poe pasivo)<\/td>\n<\/tr>\n<tr>\n<td>\u0095 ee. uu.: 14,7 w (802.3at poe o poe pasivo)<\/td>\n<\/tr>\n<tr>\n<td>Dimensiones \u0095 280,4\u00d7106,5\u00d756,8 mm (sin antena ni kit de montaje)<\/td>\n<\/tr>\n<tr>\n<td>Antenas \u0095 2.4 ghz: 2\u00d7 4 dbi<\/td>\n<\/tr>\n<tr>\n<td>\u0095 5 ghz: 2\u00d7 5 dbi<\/td>\n<\/tr>\n<tr>\n<td>Carcasa resistente a la intemperie ip67<\/td>\n<\/tr>\n<tr>\n<td>Montaje montaje en poste\/pared (kits incluidos)<\/td>\n<\/tr>\n<tr>\n<td>Caracter\u00edsticas inal\u00e1mbricas<\/td>\n<\/tr>\n<tr>\n<td>Est\u00e1ndares inal\u00e1mbricos ieee 802.11ax\/ac\/n\/g\/b\/a<\/td>\n<\/tr>\n<tr>\n<td>Frecuencia 2.4 ghz, 5 ghz<\/td>\n<\/tr>\n<tr>\n<td>Tasa de se\u00f1al \u0095 802.11ax: 8 mbps to 1201 mbps (mcs0-mcs11, nss = 1 to 2 he20\/40\/80)<\/td>\n<\/tr>\n<tr>\n<td>\u0095 802.11ac: 6.5 mbps to 1083.3 mbps (mcs0-mcs9, nss = 1 to<\/td>\n<\/tr>\n<tr>\n<td>2 vht20\/40\/80)<\/td>\n<\/tr>\n<tr>\n<td>\u0095 802.11n: 6.5 mbps to 300 mbps (mcs0-mcs15, ht20\/40)<\/td>\n<\/tr>\n<tr>\n<td>\u0095 802.11g: 6, 9, 12, 18, 24, 36, 48, 54 mbps<\/td>\n<\/tr>\n<tr>\n<td>\u0095 802.11b: 1, 2, 5.5, 11 mbps<\/td>\n<\/tr>\n<tr>\n<td>\u0095 802.11a: 6, 9, 12, 18, 24, 36, 48, 54 mbps<\/td>\n<\/tr>\n<tr>\n<td>Potencia de transmisi\u00f3n \u0095 ce:  20 dbm (2.4 ghz, eirp),  30 dbm(5 ghz, eirp)<\/td>\n<\/tr>\n<tr>\n<td>\u0095 fcc:  25 dbm (2.4 ghz),  25 dbm(5 ghz)<\/td>\n<\/tr>\n<tr>\n<td>Funciones inal\u00e1mbricas \u0095 1024-qam<\/td>\n<\/tr>\n<tr>\n<td>\u0095 s\u00edmbolo ofdm 4 veces m\u00e1s largo<\/td>\n<\/tr>\n<tr>\n<td>\u0095 ofdma<\/td>\n<\/tr>\n<tr>\n<td>\u0095 m\u00faltiples ssid (hasta 16 ssid, 8 para cada banda)<\/td>\n<\/tr>\n<tr>\n<td>\u0095 habilitar\/deshabilitar la radio inal\u00e1mbrica<\/td>\n<\/tr>\n<tr>\n<td>\u0095 asignaci\u00f3n autom\u00e1tica de canales<\/td>\n<\/tr>\n<tr>\n<td>\u0095 control de potencia de transmisi\u00f3n (ajuste de potencia de transmisi\u00f3n en dbm)<\/td>\n<\/tr>\n<tr>\n<td>\u0095 calidad de servicio (wmm)<\/td>\n<\/tr>\n<tr>\n<td>\u0095 mu-mimo<\/td>\n<\/tr>\n<tr>\n<td>\u0095 malla omada3<\/td>\n<\/tr>\n<tr>\n<td>\u0095 itinerancia continua3<\/td>\n<\/tr>\n<tr>\n<td>\u0095 direcci\u00f3n de banda<\/td>\n<\/tr>\n<tr>\n<td>\u0095 equilibrio de carga<\/td>\n<\/tr>\n<tr>\n<td>\u0095 equidad de tiempo aire<\/td>\n<\/tr>\n<tr>\n<td>\u0095 formaci\u00f3n de haces<\/td>\n<\/tr>\n<tr>\n<td>\u0095 l\u00edmite de tarifa<\/td>\n<\/tr>\n<tr>\n<td>\u0095 horario de reinicio<\/td>\n<\/tr>\n<tr>\n<td>\u0095 horario inal\u00e1mbrico<\/td>\n<\/tr>\n<tr>\n<td>\u0095 estad\u00edsticas inal\u00e1mbricas basadas en ssid\/ap\/cliente<\/td>\n<\/tr>\n<tr>\n<td>Seguridad inal\u00e1mbrica \u0095 autenticaci\u00f3n de portal cautivo3<\/td>\n<\/tr>\n<tr>\n<td>\u0095 control de acceso<\/td>\n<\/tr>\n<tr>\n<td>\u0095 filtrado de direcciones mac inal\u00e1mbricas<\/td>\n<\/tr>\n<tr>\n<td>\u0095 aislamiento inal\u00e1mbrico entre clientes<\/td>\n<\/tr>\n<tr>\n<td>\u0095 asignaci\u00f3n de ssid a vlan<\/td>\n<\/tr>\n<tr>\n<td>\u0095 detecci\u00f3n de puntos de acceso no autorizados<\/td>\n<\/tr>\n<tr>\n<td>\u0095 compatibilidad con 802.1x<\/td>\n<\/tr>\n<tr>\n<td>\u0095 wep, wpa-personal\/empresa, wpa2-personal\/empresa, wpa3-personal\/empresa<\/td>\n<\/tr>\n<tr>\n<td>Gesti\u00f3n<\/td>\n<\/tr>\n<tr>\n<td>Omada app s\u00ed<\/td>\n<\/tr>\n<tr>\n<td>Gesti\u00f3n centralizada \u0095 controlador basado en la nube omada<\/td>\n<\/tr>\n<tr>\n<td>\u0095 controlador de hardware omada (oc300)<\/td>\n<\/tr>\n<tr>\n<td>\u0095 controlador de hardware omada (oc200)<\/td>\n<\/tr>\n<tr>\n<td>\u0095 controlador de software omada<\/td>\n<\/tr>\n<tr>\n<td>Acceso a la nube s\u00ed, v\u00eda<\/td>\n<\/tr>\n<tr>\n<td>\u0095 controlador basado en la nube omada<\/td>\n<\/tr>\n<tr>\n<td>\u0095 oc300<\/td>\n<\/tr>\n<tr>\n<td>\u0095 oc200<\/td>\n<\/tr>\n<tr>\n<td>\u0095 controlador de software omada<\/td>\n<\/tr>\n<tr>\n<td>Alertas por correo electr\u00f3nico s\u00ed<\/td>\n<\/tr>\n<tr>\n<td>Control de gesti\u00f3n de acceso mac s\u00ed<\/td>\n<\/tr>\n<tr>\n<td>Snmp v1, v2c<\/td>\n<\/tr>\n<tr>\n<td>Acceso al registro de sistema local\/ registro del sistema remoto s\u00ed<\/td>\n<\/tr>\n<tr>\n<td>Ssh s\u00ed<\/td>\n<\/tr>\n<tr>\n<td>Gesti\u00f3n basada en web s\u00ed<\/td>\n<\/tr>\n<tr>\n<td>Gesti\u00f3n l3 s\u00ed<\/td>\n<\/tr>\n<tr>\n<td>Gesti\u00f3n multi-sitio s\u00ed<\/td>\n<\/tr>\n<tr>\n<td>Vlan de gesti\u00f3n s\u00ed<\/td>\n<\/tr>\n<tr>\n<td>Aprovisionamiento sin contacto s\u00ed. requiere el uso del controlador basado en la nube de omada<\/td>\n<\/tr>\n<tr>\n<td>Otros<\/td>\n<\/tr>\n<tr>\n<td>Certificaciones ce, fcc, rohs<\/td>\n<\/tr>\n<tr>\n<td>Contenido del paquete \u0095 punto de acceso eap650-exterior<\/td>\n<\/tr>\n<tr>\n<td>\u0095 adaptador poe pasivo<\/td>\n<\/tr>\n<tr>\n<td>\u0095 cable de alimentaci\u00f3n<\/td>\n<\/tr>\n<tr>\n<td>\u0095 juegos de montaje<\/td>\n<\/tr>\n<tr>\n<td>\u0095 gu\u00eda de instalaci\u00f3n<\/td>\n<\/tr>\n<tr>\n<td>Requisitos del sistema microsoft windows xp, vista, windows 7, windows 8, windows 10, windows 11, linux<\/td>\n<\/tr>\n<tr>\n<td>Factores ambientales \u0095 temperatura de funcionamiento: -30\u009670  and #8451; (-22\u0096158  and #8457;)<\/td>\n<\/tr>\n<tr>\n<td>\u0095 temperatura de almacenamiento: -40\u009670  and #8451; (-40\u0096158  and #8457;)<\/td>\n<\/tr>\n<tr>\n<td>\u0095 humedad de funcionamiento: 10\u009690 % de hr sin condensaci\u00f3n<\/td>\n<\/tr>\n<tr>\n<td>\u0095 humedad de almacenamiento: 5\u009690 % de hr sin condensaci\u00f3n<\/td>\n<\/tr>\n<\/table>\n","protected":false},"excerpt":{"rendered":"<p>Eap650-outdoor. \u0095 velocidades wifi 6 superiores: ofrece velocidades de doble banda de hasta 3 gbps con la tecnolog\u00eda wifi 6 m\u00e1s reciente. 1. \u0095 mayor eficiencia de la red: disfrute de velocidades m\u00e1s r\u00e1pidas en m\u00e1s dispositivos con menos retraso con ofdma y mu-mimo. \u0095 canal de ancho de banda de 160 mhz: duplique los datos en las horas pico de transmisi\u00f3n en un solo flujo con he160. 2. \u0095 cobertura de largo alcance: amplificador de alta potencia dedicado y antenas profesionales con una carcasa resistente a la intemperie ip67. \u0095 tecnolog\u00eda omada mesh: permite la conectividad inal\u00e1mbrica entre los puntos de acceso para un alcance extendido y una implementaci\u00f3n flexible. 3. \u0095 mant\u00e9ngase fluido con la itinerancia continua:  los usuarios pueden disfrutar de una transmisi\u00f3n continua en toda la propiedad con sus dispositivos cambiando sin esfuerzo entre los puntos de acceso. 3. \u0095 alimentado por poe: admite fuente de alimentaci\u00f3n 802.3at poe+ y poe pasivo (adaptador incluido) para una instalaci\u00f3n flexible. \u0095 gesti\u00f3n centralizada de la nube: la integraci\u00f3n de omada sdn gestiona toda la red localmente o desde la nube a trav\u00e9s de la interfaz de usuario web o la aplicaci\u00f3n omada. 3<\/p>\n","protected":false},"featured_media":221435,"comment_status":"open","ping_status":"open","template":"","meta":[],"product_cat":[1563,1754],"product_tag":[1562],"acf":[],"yoast_head":"<!-- This site is optimized with the Yoast SEO plugin v21.7 - https:\/\/yoast.com\/wordpress\/plugins\/seo\/ -->\n<title>[ Tp Link ] &#129351; Eap650-outdoor Access Point Tp-link Omada Ax3000 Indoor\/outdoor Wi-fi 6<\/title>\n<meta name=\"description\" content=\"Compra Eap650-outdoor Access Point Tp-link Omada Ax3000 Indoor\/outdoor Wi-fi 6 + Env\u00edo a domicilio + Pago seguro + Garant\u00eda\" \/>\n<meta name=\"robots\" content=\"index, follow, max-snippet:-1, max-image-preview:large, max-video-preview:-1\" \/>\n<link rel=\"canonical\" href=\"https:\/\/compuviper.mx\/tienda\/producto\/tp-link-eap650-outdoor-access-point-tp-link-omada-ax3000-indoor-outdoor-wi-fi-6\/\" \/>\n<meta property=\"og:locale\" content=\"es_MX\" \/>\n<meta property=\"og:type\" content=\"article\" \/>\n<meta property=\"og:title\" content=\"[ Tp Link ] &#129351; Eap650-outdoor Access Point Tp-link Omada Ax3000 Indoor\/outdoor Wi-fi 6\" \/>\n<meta property=\"og:description\" content=\"Compra Eap650-outdoor Access Point Tp-link Omada Ax3000 Indoor\/outdoor Wi-fi 6 + Env\u00edo a domicilio + Pago seguro + Garant\u00eda\" \/>\n<meta property=\"og:url\" content=\"https:\/\/compuviper.mx\/tienda\/producto\/tp-link-eap650-outdoor-access-point-tp-link-omada-ax3000-indoor-outdoor-wi-fi-6\/\" \/>\n<meta property=\"og:site_name\" content=\"Compuviper\" \/>\n<meta property=\"article:publisher\" content=\"https:\/\/www.facebook.com\/compuviper\" \/>\n<meta property=\"article:modified_time\" content=\"2026-04-18T07:11:07+00:00\" \/>\n<meta property=\"og:image\" content=\"https:\/\/compuviper.mx\/tienda\/wp-content\/uploads\/2023\/12\/Acces-point-tp-link-eap650-outdoor-wifi-6-para-interiorexterior-ax3000-2.4-ghz-y-5-ghz-incluye-adaptador-poe-pasivo.jpg\" \/>\n\t<meta property=\"og:image:width\" content=\"200\" \/>\n\t<meta property=\"og:image:height\" content=\"200\" \/>\n\t<meta property=\"og:image:type\" content=\"image\/jpeg\" \/>\n<meta name=\"twitter:card\" content=\"summary_large_image\" \/>\n<meta name=\"twitter:label1\" content=\"Precio\" \/>\n\t<meta name=\"twitter:data1\" content=\"&#36;2,397 con IVA\" \/>\n\t<meta name=\"twitter:label2\" content=\"Availability\" \/>\n\t<meta name=\"twitter:data2\" content=\"In stock\" \/>\n<script type=\"application\/ld+json\" class=\"yoast-schema-graph\">{\"@context\":\"https:\/\/schema.org\",\"@graph\":[{\"@type\":\"WebPage\",\"@id\":\"https:\/\/compuviper.mx\/tienda\/producto\/tp-link-eap650-outdoor-access-point-tp-link-omada-ax3000-indoor-outdoor-wi-fi-6\/\",\"url\":\"https:\/\/compuviper.mx\/tienda\/producto\/tp-link-eap650-outdoor-access-point-tp-link-omada-ax3000-indoor-outdoor-wi-fi-6\/\",\"name\":\"[ Tp Link ] &#129351; Eap650-outdoor Access Point Tp-link Omada Ax3000 Indoor\/outdoor Wi-fi 6\",\"isPartOf\":{\"@id\":\"https:\/\/compuviper.mx\/tienda\/#website\"},\"datePublished\":\"2026-04-18T07:11:06+00:00\",\"dateModified\":\"2026-04-18T07:11:07+00:00\",\"description\":\"Compra Eap650-outdoor Access Point Tp-link Omada Ax3000 Indoor\/outdoor Wi-fi 6 + Env\u00edo a domicilio + Pago seguro + Garant\u00eda\",\"breadcrumb\":{\"@id\":\"https:\/\/compuviper.mx\/tienda\/producto\/tp-link-eap650-outdoor-access-point-tp-link-omada-ax3000-indoor-outdoor-wi-fi-6\/#breadcrumb\"},\"inLanguage\":\"es-MX\",\"potentialAction\":[{\"@type\":\"ReadAction\",\"target\":[\"https:\/\/compuviper.mx\/tienda\/producto\/tp-link-eap650-outdoor-access-point-tp-link-omada-ax3000-indoor-outdoor-wi-fi-6\/\"]}]},{\"@type\":\"BreadcrumbList\",\"@id\":\"https:\/\/compuviper.mx\/tienda\/producto\/tp-link-eap650-outdoor-access-point-tp-link-omada-ax3000-indoor-outdoor-wi-fi-6\/#breadcrumb\",\"itemListElement\":[{\"@type\":\"ListItem\",\"position\":1,\"name\":\"Inicio\",\"item\":\"https:\/\/compuviper.mx\/tienda\/\"},{\"@type\":\"ListItem\",\"position\":2,\"name\":\"Productos\",\"item\":\"https:\/\/compuviper.mx\/tienda\/productos\/\"},{\"@type\":\"ListItem\",\"position\":3,\"name\":\"Redes\",\"item\":\"https:\/\/compuviper.mx\/tienda\/categoria-producto\/redes\/\"},{\"@type\":\"ListItem\",\"position\":4,\"name\":\"Access Point\",\"item\":\"https:\/\/compuviper.mx\/tienda\/categoria-producto\/redes\/access-point\/\"},{\"@type\":\"ListItem\",\"position\":5,\"name\":\"Tp Link Eap650-outdoor Access Point Tp-link Omada Ax3000 Indoor\/outdoor Wi-fi 6\"}]},{\"@type\":\"WebSite\",\"@id\":\"https:\/\/compuviper.mx\/tienda\/#website\",\"url\":\"https:\/\/compuviper.mx\/tienda\/\",\"name\":\"Compuviper\",\"description\":\"Proveedor de Computadoras, Laptops, Servidores, Monitores, Puntos de Venta, Teclados,   Impresoras, T\u00f3ner, C\u00e1maras de Seguridad y m\u00e1s en tu tienda en l\u00ednea\",\"publisher\":{\"@id\":\"https:\/\/compuviper.mx\/tienda\/#organization\"},\"potentialAction\":[{\"@type\":\"SearchAction\",\"target\":{\"@type\":\"EntryPoint\",\"urlTemplate\":\"https:\/\/compuviper.mx\/tienda\/?s={search_term_string}\"},\"query-input\":\"required name=search_term_string\"}],\"inLanguage\":\"es-MX\"},{\"@type\":\"Organization\",\"@id\":\"https:\/\/compuviper.mx\/tienda\/#organization\",\"name\":\"Compuviper\",\"url\":\"https:\/\/compuviper.mx\/tienda\/\",\"logo\":{\"@type\":\"ImageObject\",\"inLanguage\":\"es-MX\",\"@id\":\"https:\/\/compuviper.mx\/tienda\/#\/schema\/logo\/image\/\",\"url\":\"https:\/\/compuviper.mx\/tienda\/wp-content\/uploads\/2021\/08\/Logo-Compuviper-10.png\",\"contentUrl\":\"https:\/\/compuviper.mx\/tienda\/wp-content\/uploads\/2021\/08\/Logo-Compuviper-10.png\",\"width\":1000,\"height\":500,\"caption\":\"Compuviper\"},\"image\":{\"@id\":\"https:\/\/compuviper.mx\/tienda\/#\/schema\/logo\/image\/\"},\"sameAs\":[\"https:\/\/www.facebook.com\/compuviper\",\"https:\/\/www.youtube.com\/channel\/UCf73dERp9Y3cfOq7q8BhLjA?view_as=subscriber\"]}]}<\/script>\n<meta property=\"product:brand\" content=\"TP LINK\" \/>\n<meta property=\"product:price:amount\" content=\"2397\" \/>\n<meta property=\"product:price:currency\" content=\"MXN\" \/>\n<meta property=\"og:availability\" content=\"instock\" \/>\n<meta property=\"product:availability\" content=\"instock\" \/>\n<meta property=\"product:retailer_item_id\" content=\"EAP650-OUTDOOR\" \/>\n<meta property=\"product:condition\" content=\"new\" \/>\n<!-- \/ Yoast SEO plugin. -->","yoast_head_json":{"title":"[ Tp Link ] &#129351; Eap650-outdoor Access Point Tp-link Omada Ax3000 Indoor\/outdoor Wi-fi 6","description":"Compra Eap650-outdoor Access Point Tp-link Omada Ax3000 Indoor\/outdoor Wi-fi 6 + Env\u00edo a domicilio + Pago seguro + Garant\u00eda","robots":{"index":"index","follow":"follow","max-snippet":"max-snippet:-1","max-image-preview":"max-image-preview:large","max-video-preview":"max-video-preview:-1"},"canonical":"https:\/\/compuviper.mx\/tienda\/producto\/tp-link-eap650-outdoor-access-point-tp-link-omada-ax3000-indoor-outdoor-wi-fi-6\/","og_locale":"es_MX","og_type":"article","og_title":"[ Tp Link ] &#129351; Eap650-outdoor Access Point Tp-link Omada Ax3000 Indoor\/outdoor Wi-fi 6","og_description":"Compra Eap650-outdoor Access Point Tp-link Omada Ax3000 Indoor\/outdoor Wi-fi 6 + Env\u00edo a domicilio + Pago seguro + Garant\u00eda","og_url":"https:\/\/compuviper.mx\/tienda\/producto\/tp-link-eap650-outdoor-access-point-tp-link-omada-ax3000-indoor-outdoor-wi-fi-6\/","og_site_name":"Compuviper","article_publisher":"https:\/\/www.facebook.com\/compuviper","article_modified_time":"2026-04-18T07:11:07+00:00","og_image":[{"width":200,"height":200,"url":"https:\/\/compuviper.mx\/tienda\/wp-content\/uploads\/2023\/12\/Acces-point-tp-link-eap650-outdoor-wifi-6-para-interiorexterior-ax3000-2.4-ghz-y-5-ghz-incluye-adaptador-poe-pasivo.jpg","type":"image\/jpeg"}],"twitter_card":"summary_large_image","twitter_misc":{"Precio":"&#36;2,397 con IVA","Availability":"In stock"},"schema":{"@context":"https:\/\/schema.org","@graph":[{"@type":"WebPage","@id":"https:\/\/compuviper.mx\/tienda\/producto\/tp-link-eap650-outdoor-access-point-tp-link-omada-ax3000-indoor-outdoor-wi-fi-6\/","url":"https:\/\/compuviper.mx\/tienda\/producto\/tp-link-eap650-outdoor-access-point-tp-link-omada-ax3000-indoor-outdoor-wi-fi-6\/","name":"[ Tp Link ] &#129351; Eap650-outdoor Access Point Tp-link Omada Ax3000 Indoor\/outdoor Wi-fi 6","isPartOf":{"@id":"https:\/\/compuviper.mx\/tienda\/#website"},"datePublished":"2026-04-18T07:11:06+00:00","dateModified":"2026-04-18T07:11:07+00:00","description":"Compra Eap650-outdoor Access Point Tp-link Omada Ax3000 Indoor\/outdoor Wi-fi 6 + Env\u00edo a domicilio + Pago seguro + Garant\u00eda","breadcrumb":{"@id":"https:\/\/compuviper.mx\/tienda\/producto\/tp-link-eap650-outdoor-access-point-tp-link-omada-ax3000-indoor-outdoor-wi-fi-6\/#breadcrumb"},"inLanguage":"es-MX","potentialAction":[{"@type":"ReadAction","target":["https:\/\/compuviper.mx\/tienda\/producto\/tp-link-eap650-outdoor-access-point-tp-link-omada-ax3000-indoor-outdoor-wi-fi-6\/"]}]},{"@type":"BreadcrumbList","@id":"https:\/\/compuviper.mx\/tienda\/producto\/tp-link-eap650-outdoor-access-point-tp-link-omada-ax3000-indoor-outdoor-wi-fi-6\/#breadcrumb","itemListElement":[{"@type":"ListItem","position":1,"name":"Inicio","item":"https:\/\/compuviper.mx\/tienda\/"},{"@type":"ListItem","position":2,"name":"Productos","item":"https:\/\/compuviper.mx\/tienda\/productos\/"},{"@type":"ListItem","position":3,"name":"Redes","item":"https:\/\/compuviper.mx\/tienda\/categoria-producto\/redes\/"},{"@type":"ListItem","position":4,"name":"Access Point","item":"https:\/\/compuviper.mx\/tienda\/categoria-producto\/redes\/access-point\/"},{"@type":"ListItem","position":5,"name":"Tp Link Eap650-outdoor Access Point Tp-link Omada Ax3000 Indoor\/outdoor Wi-fi 6"}]},{"@type":"WebSite","@id":"https:\/\/compuviper.mx\/tienda\/#website","url":"https:\/\/compuviper.mx\/tienda\/","name":"Compuviper","description":"Proveedor de Computadoras, Laptops, Servidores, Monitores, Puntos de Venta, Teclados,   Impresoras, T\u00f3ner, C\u00e1maras de Seguridad y m\u00e1s en tu tienda en l\u00ednea","publisher":{"@id":"https:\/\/compuviper.mx\/tienda\/#organization"},"potentialAction":[{"@type":"SearchAction","target":{"@type":"EntryPoint","urlTemplate":"https:\/\/compuviper.mx\/tienda\/?s={search_term_string}"},"query-input":"required name=search_term_string"}],"inLanguage":"es-MX"},{"@type":"Organization","@id":"https:\/\/compuviper.mx\/tienda\/#organization","name":"Compuviper","url":"https:\/\/compuviper.mx\/tienda\/","logo":{"@type":"ImageObject","inLanguage":"es-MX","@id":"https:\/\/compuviper.mx\/tienda\/#\/schema\/logo\/image\/","url":"https:\/\/compuviper.mx\/tienda\/wp-content\/uploads\/2021\/08\/Logo-Compuviper-10.png","contentUrl":"https:\/\/compuviper.mx\/tienda\/wp-content\/uploads\/2021\/08\/Logo-Compuviper-10.png","width":1000,"height":500,"caption":"Compuviper"},"image":{"@id":"https:\/\/compuviper.mx\/tienda\/#\/schema\/logo\/image\/"},"sameAs":["https:\/\/www.facebook.com\/compuviper","https:\/\/www.youtube.com\/channel\/UCf73dERp9Y3cfOq7q8BhLjA?view_as=subscriber"]}]},"product_brand":"TP LINK","product_price_amount":"2397","product_price_currency":"MXN","og_availability":"instock","product_availability":"instock","product_retailer_item_id":"EAP650-OUTDOOR","product_condition":"new"},"_links":{"self":[{"href":"https:\/\/compuviper.mx\/tienda\/wp-json\/wp\/v2\/product\/221434"}],"collection":[{"href":"https:\/\/compuviper.mx\/tienda\/wp-json\/wp\/v2\/product"}],"about":[{"href":"https:\/\/compuviper.mx\/tienda\/wp-json\/wp\/v2\/types\/product"}],"replies":[{"embeddable":true,"href":"https:\/\/compuviper.mx\/tienda\/wp-json\/wp\/v2\/comments?post=221434"}],"wp:featuredmedia":[{"embeddable":true,"href":"https:\/\/compuviper.mx\/tienda\/wp-json\/wp\/v2\/media\/221435"}],"wp:attachment":[{"href":"https:\/\/compuviper.mx\/tienda\/wp-json\/wp\/v2\/media?parent=221434"}],"wp:term":[{"taxonomy":"product_cat","embeddable":true,"href":"https:\/\/compuviper.mx\/tienda\/wp-json\/wp\/v2\/product_cat?post=221434"},{"taxonomy":"product_tag","embeddable":true,"href":"https:\/\/compuviper.mx\/tienda\/wp-json\/wp\/v2\/product_tag?post=221434"}],"curies":[{"name":"wp","href":"https:\/\/api.w.org\/{rel}","templated":true}]}}