{"id":221428,"date":"2026-04-18T01:11:05","date_gmt":"2026-04-18T07:11:05","guid":{"rendered":"https:\/\/compuviper.mx\/tienda\/producto\/hewlett-packard-enterprise-r8r44a-switch-hpe-aruba-instant-on-1430-con-5-puertos-rj45-10-100-1000-mbps-no-administrable\/"},"modified":"2026-04-18T01:11:05","modified_gmt":"2026-04-18T07:11:05","slug":"hewlett-packard-enterprise-r8r44a-switch-hpe-aruba-instant-on-1430-con-5-puertos-rj45-10-100-1000-mbps-no-administrable","status":"publish","type":"product","link":"https:\/\/compuviper.mx\/tienda\/producto\/hewlett-packard-enterprise-r8r44a-switch-hpe-aruba-instant-on-1430-con-5-puertos-rj45-10-100-1000-mbps-no-administrable\/","title":{"rendered":"Hewlett Packard Enterprise R8r44a Switch Hpe Aruba  Instant On 1430 Con 5 Puertos Rj45 10\/100\/1000 Mbps No Administrable"},"content":{"rendered":"<table class=\"descripcion\">\n<tr>\n<td>Puertos y ranuras de e\/s<\/td>\n<\/tr>\n<tr>\n<td>     5 puertos rj-45 10\/100\/1000 con deteccin automtica ieee 802.3 tipo 10base-t, ieee 802.3u tipo 100base-tx e ieee 802.3ab tipo 1000base-t; dplex: 10baset\/100base-tx: medio o completo; 1000base-t: solo completo<\/td>\n<\/tr>\n<tr>\n<td>Dimensiones<\/td>\n<\/tr>\n<tr>\n<td>     93 mm prof. x 116 mm ancho x 26 mm alto.<\/td>\n<\/tr>\n<tr>\n<td>Peso<\/td>\n<\/tr>\n<tr>\n<td>     0,60 lb 0,27 kg.<\/td>\n<\/tr>\n<tr>\n<td>Procesador y memoria<\/td>\n<\/tr>\n<tr>\n<td>     eeprom de 2 kb; tamao del bfer de paquetes: 1.0 mb.<\/td>\n<\/tr>\n<tr>\n<td>Desempeo<\/td>\n<\/tr>\n<tr>\n<td>     rendimiento mpps: 7,44 mpps.<\/td>\n<\/tr>\n<tr>\n<td>     capacidad: 10 gbps.<\/td>\n<\/tr>\n<tr>\n<td>     tamao de la tabla de direcciones mac: 8192 entradas.<\/td>\n<\/tr>\n<tr>\n<td>Confiabilidad mtbf aos: 525,8.<\/td>\n<\/tr>\n<tr>\n<td>Temperatura de funcionamiento: 32 \u00b0f a 104 \u00b0f 0 \u00b0c a 40 \u00b0c.<\/td>\n<\/tr>\n<tr>\n<td>Humedad relativa de funcionamiento: 15  a 95  a 104 \u00b0f 40 \u00b0c sin condensacin.<\/td>\n<\/tr>\n<tr>\n<td>Temperatura en apagado\/de almacenamiento: -40 \u00b0f a 158 \u00b0f -40 \u00b0c a 70 \u00b0c, hasta 15 000 pies.<\/td>\n<\/tr>\n<tr>\n<td>Humedad relativa en apagado\/de almacenamiento: 15  a 95  a 149 \u00b0f 65 \u00b0c sin condensacin.<\/td>\n<\/tr>\n<tr>\n<td>Altitud: hasta 10.000 ft 3 km.<\/td>\n<\/tr>\n<tr>\n<td>Caractersticas acsticas: sin ventilador.<\/td>\n<\/tr>\n<tr>\n<td>Frecuencia: 50 hz\/60 hz.<\/td>\n<\/tr>\n<tr>\n<td>Voltaje de ca: 100-240vac.<\/td>\n<\/tr>\n<tr>\n<td>Corriente: 0.3a 12 vcc &#8211; 1a.<\/td>\n<\/tr>\n<tr>\n<td>Potencia nominal mxima: 12 w<\/td>\n<\/tr>\n<tr>\n<td>Consumo de energa inactivo: 1 w<\/td>\n<\/tr>\n<tr>\n<td>Suministro de energa: adaptador de alimentacin externo.<\/td>\n<\/tr>\n<tr>\n<td>Instalacin fsica y bastidores compatibles:<\/td>\n<\/tr>\n<tr>\n<td>     se instala en un bastidor de telecomunicaciones eia estndar de 19 pulgadas o gabinete equivalente. incluye kit de bastidor de 2 postes.<\/td>\n<\/tr>\n<tr>\n<td>     se puede instalar en un escritorio.<\/td>\n<\/tr>\n<tr>\n<td>     se puede instalar en un bastidor.<\/td>\n<\/tr>\n<tr>\n<td>     se puede instalar en una pared con los puertos hacia arriba o abajo.<\/td>\n<\/tr>\n<\/table>\n","protected":false},"excerpt":{"rendered":"<p>La tecnologa aporta nuevas oportunidades de ingresos, una comunicacin ms eficaz y una mayor productividad a las empresas de todos los tamaos. Sin embargo, tambin plantea retos diarios de configuracin y mantenimiento, especialmente para las pequeas empresas que carecen de soporte de ti. Las oficinas pequeas y las oficinas en el hogar necesitan una conectividad de red confiable que sea rpida, no requiera configuracin y sea asequible incluso para las empresas con menos presupuesto. La serie de switches 1430 de aruba instant on es una serie de switches plug-and-play no administrados para pequeas empresas que buscan una conectividad de red sencilla, fiable y de bajo costo. Estos switches fciles de usar ofrecen capacidades de switching gigabit ethernet de capa 2, a un precio asequible, para ayudar a conectar y compartir recursos comunes como impresoras y access points, sin ninguna configuracin de red complicada. Gracias a su funcionamiento plug-and-play, sus funciones totalmente automatizadas, su mantenimiento continuo sin intervencin y sus modelos, estos switches ofrecen una conectividad sencilla y fiable para las pymes ms pequeas y las oficinas en el hogar.<\/p>\n","protected":false},"featured_media":221429,"comment_status":"open","ping_status":"open","template":"","meta":[],"product_cat":[1563,1564],"product_tag":[1568],"acf":[],"yoast_head":"<!-- This site is optimized with the Yoast SEO plugin v21.7 - https:\/\/yoast.com\/wordpress\/plugins\/seo\/ -->\n<title>[ Hewlett Packard Enterprise ] &#129351; R8r44a Switch Hpe Aruba Instant On 1430 Con 5 Puertos Rj45 10\/100\/1000 Mbps No Administrable<\/title>\n<meta name=\"description\" content=\"Compra R8r44a Switch Hpe Aruba Instant On 1430 Con 5 Puertos Rj45 10\/100\/1000 Mbps No Administrable + Env\u00edo a domicilio + Pago seguro + Garant\u00eda\" \/>\n<meta name=\"robots\" content=\"index, follow, max-snippet:-1, max-image-preview:large, max-video-preview:-1\" \/>\n<link rel=\"canonical\" href=\"https:\/\/compuviper.mx\/tienda\/producto\/hewlett-packard-enterprise-r8r44a-switch-hpe-aruba-instant-on-1430-con-5-puertos-rj45-10-100-1000-mbps-no-administrable\/\" \/>\n<meta property=\"og:locale\" content=\"es_MX\" \/>\n<meta property=\"og:type\" content=\"article\" \/>\n<meta property=\"og:title\" content=\"[ Hewlett Packard Enterprise ] &#129351; R8r44a Switch Hpe Aruba Instant On 1430 Con 5 Puertos Rj45 10\/100\/1000 Mbps No Administrable\" \/>\n<meta property=\"og:description\" content=\"Compra R8r44a Switch Hpe Aruba Instant On 1430 Con 5 Puertos Rj45 10\/100\/1000 Mbps No Administrable + Env\u00edo a domicilio + Pago seguro + Garant\u00eda\" \/>\n<meta property=\"og:url\" content=\"https:\/\/compuviper.mx\/tienda\/producto\/hewlett-packard-enterprise-r8r44a-switch-hpe-aruba-instant-on-1430-con-5-puertos-rj45-10-100-1000-mbps-no-administrable\/\" \/>\n<meta property=\"og:site_name\" content=\"Compuviper\" \/>\n<meta property=\"article:publisher\" content=\"https:\/\/www.facebook.com\/compuviper\" \/>\n<meta property=\"og:image\" content=\"https:\/\/compuviper.mx\/tienda\/wp-content\/uploads\/2023\/12\/Switch-hpe-aruba-r8r44a-instant-on-1430-con-5-puertos-rj45-101001000-mbps-no-administrable.jpg\" \/>\n\t<meta property=\"og:image:width\" content=\"200\" \/>\n\t<meta property=\"og:image:height\" content=\"200\" \/>\n\t<meta property=\"og:image:type\" content=\"image\/jpeg\" \/>\n<meta name=\"twitter:card\" content=\"summary_large_image\" \/>\n<meta name=\"twitter:label1\" content=\"Precio\" \/>\n\t<meta name=\"twitter:data1\" content=\"&#36;935 con IVA\" \/>\n\t<meta name=\"twitter:label2\" content=\"Availability\" \/>\n\t<meta name=\"twitter:data2\" content=\"In stock\" \/>\n<script type=\"application\/ld+json\" class=\"yoast-schema-graph\">{\"@context\":\"https:\/\/schema.org\",\"@graph\":[{\"@type\":\"WebPage\",\"@id\":\"https:\/\/compuviper.mx\/tienda\/producto\/hewlett-packard-enterprise-r8r44a-switch-hpe-aruba-instant-on-1430-con-5-puertos-rj45-10-100-1000-mbps-no-administrable\/\",\"url\":\"https:\/\/compuviper.mx\/tienda\/producto\/hewlett-packard-enterprise-r8r44a-switch-hpe-aruba-instant-on-1430-con-5-puertos-rj45-10-100-1000-mbps-no-administrable\/\",\"name\":\"[ Hewlett Packard Enterprise ] &#129351; R8r44a Switch Hpe Aruba Instant On 1430 Con 5 Puertos Rj45 10\/100\/1000 Mbps No Administrable\",\"isPartOf\":{\"@id\":\"https:\/\/compuviper.mx\/tienda\/#website\"},\"datePublished\":\"2026-04-18T07:11:05+00:00\",\"dateModified\":\"2026-04-18T07:11:05+00:00\",\"description\":\"Compra R8r44a Switch Hpe Aruba Instant On 1430 Con 5 Puertos Rj45 10\/100\/1000 Mbps No Administrable + Env\u00edo a domicilio + Pago seguro + Garant\u00eda\",\"breadcrumb\":{\"@id\":\"https:\/\/compuviper.mx\/tienda\/producto\/hewlett-packard-enterprise-r8r44a-switch-hpe-aruba-instant-on-1430-con-5-puertos-rj45-10-100-1000-mbps-no-administrable\/#breadcrumb\"},\"inLanguage\":\"es-MX\",\"potentialAction\":[{\"@type\":\"ReadAction\",\"target\":[\"https:\/\/compuviper.mx\/tienda\/producto\/hewlett-packard-enterprise-r8r44a-switch-hpe-aruba-instant-on-1430-con-5-puertos-rj45-10-100-1000-mbps-no-administrable\/\"]}]},{\"@type\":\"BreadcrumbList\",\"@id\":\"https:\/\/compuviper.mx\/tienda\/producto\/hewlett-packard-enterprise-r8r44a-switch-hpe-aruba-instant-on-1430-con-5-puertos-rj45-10-100-1000-mbps-no-administrable\/#breadcrumb\",\"itemListElement\":[{\"@type\":\"ListItem\",\"position\":1,\"name\":\"Inicio\",\"item\":\"https:\/\/compuviper.mx\/tienda\/\"},{\"@type\":\"ListItem\",\"position\":2,\"name\":\"Productos\",\"item\":\"https:\/\/compuviper.mx\/tienda\/productos\/\"},{\"@type\":\"ListItem\",\"position\":3,\"name\":\"Redes\",\"item\":\"https:\/\/compuviper.mx\/tienda\/categoria-producto\/redes\/\"},{\"@type\":\"ListItem\",\"position\":4,\"name\":\"Switch\",\"item\":\"https:\/\/compuviper.mx\/tienda\/categoria-producto\/redes\/switch\/\"},{\"@type\":\"ListItem\",\"position\":5,\"name\":\"Hewlett Packard Enterprise R8r44a Switch Hpe Aruba Instant On 1430 Con 5 Puertos Rj45 10\/100\/1000 Mbps No Administrable\"}]},{\"@type\":\"WebSite\",\"@id\":\"https:\/\/compuviper.mx\/tienda\/#website\",\"url\":\"https:\/\/compuviper.mx\/tienda\/\",\"name\":\"Compuviper\",\"description\":\"Proveedor de Computadoras, Laptops, Servidores, Monitores, Puntos de Venta, Teclados,   Impresoras, T\u00f3ner, C\u00e1maras de Seguridad y m\u00e1s en tu tienda en l\u00ednea\",\"publisher\":{\"@id\":\"https:\/\/compuviper.mx\/tienda\/#organization\"},\"potentialAction\":[{\"@type\":\"SearchAction\",\"target\":{\"@type\":\"EntryPoint\",\"urlTemplate\":\"https:\/\/compuviper.mx\/tienda\/?s={search_term_string}\"},\"query-input\":\"required name=search_term_string\"}],\"inLanguage\":\"es-MX\"},{\"@type\":\"Organization\",\"@id\":\"https:\/\/compuviper.mx\/tienda\/#organization\",\"name\":\"Compuviper\",\"url\":\"https:\/\/compuviper.mx\/tienda\/\",\"logo\":{\"@type\":\"ImageObject\",\"inLanguage\":\"es-MX\",\"@id\":\"https:\/\/compuviper.mx\/tienda\/#\/schema\/logo\/image\/\",\"url\":\"https:\/\/compuviper.mx\/tienda\/wp-content\/uploads\/2021\/08\/Logo-Compuviper-10.png\",\"contentUrl\":\"https:\/\/compuviper.mx\/tienda\/wp-content\/uploads\/2021\/08\/Logo-Compuviper-10.png\",\"width\":1000,\"height\":500,\"caption\":\"Compuviper\"},\"image\":{\"@id\":\"https:\/\/compuviper.mx\/tienda\/#\/schema\/logo\/image\/\"},\"sameAs\":[\"https:\/\/www.facebook.com\/compuviper\",\"https:\/\/www.youtube.com\/channel\/UCf73dERp9Y3cfOq7q8BhLjA?view_as=subscriber\"]}]}<\/script>\n<meta property=\"product:brand\" content=\"HEWLETT PACKARD ENTERPRISE\" \/>\n<meta property=\"product:price:amount\" content=\"935\" \/>\n<meta property=\"product:price:currency\" content=\"MXN\" \/>\n<meta property=\"og:availability\" content=\"instock\" \/>\n<meta property=\"product:availability\" content=\"instock\" \/>\n<meta property=\"product:retailer_item_id\" content=\"R8R44A\" \/>\n<meta property=\"product:condition\" content=\"new\" \/>\n<!-- \/ Yoast SEO plugin. -->","yoast_head_json":{"title":"[ Hewlett Packard Enterprise ] &#129351; R8r44a Switch Hpe Aruba Instant On 1430 Con 5 Puertos Rj45 10\/100\/1000 Mbps No Administrable","description":"Compra R8r44a Switch Hpe Aruba Instant On 1430 Con 5 Puertos Rj45 10\/100\/1000 Mbps No Administrable + Env\u00edo a domicilio + Pago seguro + Garant\u00eda","robots":{"index":"index","follow":"follow","max-snippet":"max-snippet:-1","max-image-preview":"max-image-preview:large","max-video-preview":"max-video-preview:-1"},"canonical":"https:\/\/compuviper.mx\/tienda\/producto\/hewlett-packard-enterprise-r8r44a-switch-hpe-aruba-instant-on-1430-con-5-puertos-rj45-10-100-1000-mbps-no-administrable\/","og_locale":"es_MX","og_type":"article","og_title":"[ Hewlett Packard Enterprise ] &#129351; R8r44a Switch Hpe Aruba Instant On 1430 Con 5 Puertos Rj45 10\/100\/1000 Mbps No Administrable","og_description":"Compra R8r44a Switch Hpe Aruba Instant On 1430 Con 5 Puertos Rj45 10\/100\/1000 Mbps No Administrable + Env\u00edo a domicilio + Pago seguro + Garant\u00eda","og_url":"https:\/\/compuviper.mx\/tienda\/producto\/hewlett-packard-enterprise-r8r44a-switch-hpe-aruba-instant-on-1430-con-5-puertos-rj45-10-100-1000-mbps-no-administrable\/","og_site_name":"Compuviper","article_publisher":"https:\/\/www.facebook.com\/compuviper","og_image":[{"width":200,"height":200,"url":"https:\/\/compuviper.mx\/tienda\/wp-content\/uploads\/2023\/12\/Switch-hpe-aruba-r8r44a-instant-on-1430-con-5-puertos-rj45-101001000-mbps-no-administrable.jpg","type":"image\/jpeg"}],"twitter_card":"summary_large_image","twitter_misc":{"Precio":"&#36;935 con IVA","Availability":"In stock"},"schema":{"@context":"https:\/\/schema.org","@graph":[{"@type":"WebPage","@id":"https:\/\/compuviper.mx\/tienda\/producto\/hewlett-packard-enterprise-r8r44a-switch-hpe-aruba-instant-on-1430-con-5-puertos-rj45-10-100-1000-mbps-no-administrable\/","url":"https:\/\/compuviper.mx\/tienda\/producto\/hewlett-packard-enterprise-r8r44a-switch-hpe-aruba-instant-on-1430-con-5-puertos-rj45-10-100-1000-mbps-no-administrable\/","name":"[ Hewlett Packard Enterprise ] &#129351; R8r44a Switch Hpe Aruba Instant On 1430 Con 5 Puertos Rj45 10\/100\/1000 Mbps No Administrable","isPartOf":{"@id":"https:\/\/compuviper.mx\/tienda\/#website"},"datePublished":"2026-04-18T07:11:05+00:00","dateModified":"2026-04-18T07:11:05+00:00","description":"Compra R8r44a Switch Hpe Aruba Instant On 1430 Con 5 Puertos Rj45 10\/100\/1000 Mbps No Administrable + Env\u00edo a domicilio + Pago seguro + Garant\u00eda","breadcrumb":{"@id":"https:\/\/compuviper.mx\/tienda\/producto\/hewlett-packard-enterprise-r8r44a-switch-hpe-aruba-instant-on-1430-con-5-puertos-rj45-10-100-1000-mbps-no-administrable\/#breadcrumb"},"inLanguage":"es-MX","potentialAction":[{"@type":"ReadAction","target":["https:\/\/compuviper.mx\/tienda\/producto\/hewlett-packard-enterprise-r8r44a-switch-hpe-aruba-instant-on-1430-con-5-puertos-rj45-10-100-1000-mbps-no-administrable\/"]}]},{"@type":"BreadcrumbList","@id":"https:\/\/compuviper.mx\/tienda\/producto\/hewlett-packard-enterprise-r8r44a-switch-hpe-aruba-instant-on-1430-con-5-puertos-rj45-10-100-1000-mbps-no-administrable\/#breadcrumb","itemListElement":[{"@type":"ListItem","position":1,"name":"Inicio","item":"https:\/\/compuviper.mx\/tienda\/"},{"@type":"ListItem","position":2,"name":"Productos","item":"https:\/\/compuviper.mx\/tienda\/productos\/"},{"@type":"ListItem","position":3,"name":"Redes","item":"https:\/\/compuviper.mx\/tienda\/categoria-producto\/redes\/"},{"@type":"ListItem","position":4,"name":"Switch","item":"https:\/\/compuviper.mx\/tienda\/categoria-producto\/redes\/switch\/"},{"@type":"ListItem","position":5,"name":"Hewlett Packard Enterprise R8r44a Switch Hpe Aruba Instant On 1430 Con 5 Puertos Rj45 10\/100\/1000 Mbps No Administrable"}]},{"@type":"WebSite","@id":"https:\/\/compuviper.mx\/tienda\/#website","url":"https:\/\/compuviper.mx\/tienda\/","name":"Compuviper","description":"Proveedor de Computadoras, Laptops, Servidores, Monitores, Puntos de Venta, Teclados,   Impresoras, T\u00f3ner, C\u00e1maras de Seguridad y m\u00e1s en tu tienda en l\u00ednea","publisher":{"@id":"https:\/\/compuviper.mx\/tienda\/#organization"},"potentialAction":[{"@type":"SearchAction","target":{"@type":"EntryPoint","urlTemplate":"https:\/\/compuviper.mx\/tienda\/?s={search_term_string}"},"query-input":"required name=search_term_string"}],"inLanguage":"es-MX"},{"@type":"Organization","@id":"https:\/\/compuviper.mx\/tienda\/#organization","name":"Compuviper","url":"https:\/\/compuviper.mx\/tienda\/","logo":{"@type":"ImageObject","inLanguage":"es-MX","@id":"https:\/\/compuviper.mx\/tienda\/#\/schema\/logo\/image\/","url":"https:\/\/compuviper.mx\/tienda\/wp-content\/uploads\/2021\/08\/Logo-Compuviper-10.png","contentUrl":"https:\/\/compuviper.mx\/tienda\/wp-content\/uploads\/2021\/08\/Logo-Compuviper-10.png","width":1000,"height":500,"caption":"Compuviper"},"image":{"@id":"https:\/\/compuviper.mx\/tienda\/#\/schema\/logo\/image\/"},"sameAs":["https:\/\/www.facebook.com\/compuviper","https:\/\/www.youtube.com\/channel\/UCf73dERp9Y3cfOq7q8BhLjA?view_as=subscriber"]}]},"product_brand":"HEWLETT PACKARD ENTERPRISE","product_price_amount":"935","product_price_currency":"MXN","og_availability":"instock","product_availability":"instock","product_retailer_item_id":"R8R44A","product_condition":"new"},"_links":{"self":[{"href":"https:\/\/compuviper.mx\/tienda\/wp-json\/wp\/v2\/product\/221428"}],"collection":[{"href":"https:\/\/compuviper.mx\/tienda\/wp-json\/wp\/v2\/product"}],"about":[{"href":"https:\/\/compuviper.mx\/tienda\/wp-json\/wp\/v2\/types\/product"}],"replies":[{"embeddable":true,"href":"https:\/\/compuviper.mx\/tienda\/wp-json\/wp\/v2\/comments?post=221428"}],"wp:featuredmedia":[{"embeddable":true,"href":"https:\/\/compuviper.mx\/tienda\/wp-json\/wp\/v2\/media\/221429"}],"wp:attachment":[{"href":"https:\/\/compuviper.mx\/tienda\/wp-json\/wp\/v2\/media?parent=221428"}],"wp:term":[{"taxonomy":"product_cat","embeddable":true,"href":"https:\/\/compuviper.mx\/tienda\/wp-json\/wp\/v2\/product_cat?post=221428"},{"taxonomy":"product_tag","embeddable":true,"href":"https:\/\/compuviper.mx\/tienda\/wp-json\/wp\/v2\/product_tag?post=221428"}],"curies":[{"name":"wp","href":"https:\/\/api.w.org\/{rel}","templated":true}]}}