{"id":221424,"date":"2026-04-10T01:02:27","date_gmt":"2026-04-10T07:02:27","guid":{"rendered":"https:\/\/compuviper.mx\/tienda\/producto\/tp-link-archer-t2ub-nano-tarjeta-de-red-tp-link-ac600-wi-fi-bluethoot-usb-4-2-24-ghz-5-ghz-compatible-con-windows-11-10-8-1-8-7\/"},"modified":"2026-04-10T01:02:27","modified_gmt":"2026-04-10T07:02:27","slug":"tp-link-archer-t2ub-nano-tarjeta-de-red-tp-link-ac600-wi-fi-bluethoot-usb-4-2-24-ghz-5-ghz-compatible-con-windows-11-10-8-1-8-7","status":"publish","type":"product","link":"https:\/\/compuviper.mx\/tienda\/producto\/tp-link-archer-t2ub-nano-tarjeta-de-red-tp-link-ac600-wi-fi-bluethoot-usb-4-2-24-ghz-5-ghz-compatible-con-windows-11-10-8-1-8-7\/","title":{"rendered":"Tp Link Archer T2ub Nano Tarjeta De Red | Tp-link |  | Ac600 | Wi-fi Bluethoot Usb 4.2 \/ 2,4 Ghz 5 Ghz | Compatible Con Windows 11\/10\/8.1\/8\/7"},"content":{"rendered":"<table class=\"descripcion\">\n<tr>\n<td>Caracteristicas de hardware<\/td>\n<\/tr>\n<tr>\n<td>Interfaz usb 2.0<\/td>\n<\/tr>\n<tr>\n<td>Dimensiones (an. x pr. x al.) 15,7*7,4*19,2 mm<\/td>\n<\/tr>\n<tr>\n<td>Tipo de antena omni direccional<\/td>\n<\/tr>\n<tr>\n<td>Caracter\u00edsticas inal\u00e1mbricas<\/td>\n<\/tr>\n<tr>\n<td>Est\u00e1ndares inal\u00e1mbricos ieee 802.11ac, ieee 802.11a,<\/td>\n<\/tr>\n<tr>\n<td>Ieee 802.11n, ieee 802.11g, ieee 802.11b<\/td>\n<\/tr>\n<tr>\n<td>Frecuencia 5ghz<\/td>\n<\/tr>\n<tr>\n<td>2,4 ghz<\/td>\n<\/tr>\n<tr>\n<td>Tasa de se\u00f1al 5ghz<\/td>\n<\/tr>\n<tr>\n<td>11ac: hasta 433 mbps (din\u00e1mico)<\/td>\n<\/tr>\n<tr>\n<td>11n: hasta 150 mbps (din\u00e1mico)<\/td>\n<\/tr>\n<tr>\n<td>11a: hasta 54 mbps (din\u00e1mico)<\/td>\n<\/tr>\n<tr>\n<td>2,4 ghz<\/td>\n<\/tr>\n<tr>\n<td>11n: hasta 200 mbps (din\u00e1mico)<\/td>\n<\/tr>\n<tr>\n<td>11g: hasta 54 mbps (din\u00e1mico)<\/td>\n<\/tr>\n<tr>\n<td>11b: hasta 11 mbps (din\u00e1mico)<\/td>\n<\/tr>\n<tr>\n<td>Sensibilidad de recepci\u00f3n 5ghz and #65306;<\/td>\n<\/tr>\n<tr>\n<td>11a 6mbps: -90dbm<\/td>\n<\/tr>\n<tr>\n<td>11a 54mbps: -73dbm<\/td>\n<\/tr>\n<tr>\n<td>11n ht20 mcs0: -89dbm<\/td>\n<\/tr>\n<tr>\n<td>11n ht20 mcs7: -70dbm<\/td>\n<\/tr>\n<tr>\n<td>11n ht40 mcs0: -86dbm<\/td>\n<\/tr>\n<tr>\n<td>11n ht40 mcs7: -67dbm<\/td>\n<\/tr>\n<tr>\n<td>11ac vht80 mcs0: -82dbm<\/td>\n<\/tr>\n<tr>\n<td>11ac vht80 mcs9: -56dbm<\/td>\n<\/tr>\n<tr>\n<td>2,4 ghz:<\/td>\n<\/tr>\n<tr>\n<td>11b 1mbps: -96dbm<\/td>\n<\/tr>\n<tr>\n<td>11b 11mbps: -88dbm<\/td>\n<\/tr>\n<tr>\n<td>11g 6mbps: -89dbm<\/td>\n<\/tr>\n<tr>\n<td>11g 54mbps: -74dbm<\/td>\n<\/tr>\n<tr>\n<td>11n ht20 mcs0: -89dbm<\/td>\n<\/tr>\n<tr>\n<td>11n ht20 mcs7: -72dbm<\/td>\n<\/tr>\n<tr>\n<td>11n ht40 mcs0: -86dbm<\/td>\n<\/tr>\n<tr>\n<td>11n ht40 mcs7: -66dbm<\/td>\n<\/tr>\n<tr>\n<td>Modos inal\u00e1mbricos modo ad-hoc \/ infraestructura<\/td>\n<\/tr>\n<tr>\n<td>Est\u00e1ndares de encriptaci\u00f3n wpa\/wpa2\/wpa3 de seguridad inal\u00e1mbrica<\/td>\n<\/tr>\n<tr>\n<td>Tecnolog\u00eda de modulaci\u00f3n dbpsk, dqpsk, cck, ofdm, 16-qam, 64-qam, 256-qam<\/td>\n<\/tr>\n<tr>\n<td>Otros<\/td>\n<\/tr>\n<tr>\n<td>Certificaci\u00f3n ce, fcc, rohs<\/td>\n<\/tr>\n<tr>\n<td>Contenidos del paquete ac600 nano wi-fi bluetooth 4.2 adaptador usb archer t2ub nano<\/td>\n<\/tr>\n<tr>\n<td>Cd de recursos<\/td>\n<\/tr>\n<tr>\n<td>Gu\u00eda de instalaci\u00f3n r\u00e1pida<\/td>\n<\/tr>\n<tr>\n<td>Requisitos del sistema wifi: win 11\/10\/8.1\/8\/7<\/td>\n<\/tr>\n<tr>\n<td>Bluetooth: gana 11\/10\/8.1\/7<\/td>\n<\/tr>\n<tr>\n<td>Ambiente temperatura de funcionamiento: 0  and #8451; ~ 40  and #8451; (32  and #8457; ~ 104  and #8457;)<\/td>\n<\/tr>\n<tr>\n<td>Temperatura de almacenamiento: -40  and #8451; ~ 70  and #8451; (-40  and #8457; ~ 158  and #8457;)<\/td>\n<\/tr>\n<tr>\n<td>Humedad de funcionamiento: 10 %~90 % sin condensaci\u00f3n<\/td>\n<\/tr>\n<tr>\n<td>Humedad de almacenamiento: 5 %~90 % sin condensaci\u00f3n<\/td>\n<\/tr>\n<\/table>\n","protected":false},"excerpt":{"rendered":"<p>Archer t2ub nano. Adaptador usb ac600 nano wi-fi bluetooth 4.2. Wifi de alta velocidad: velocidades de hasta 600 mbps con 200 mbps en 2,4 ghz y 433 mbps en 5 ghz, actualiza sus dispositivos a velocidades wifi ac m\u00e1s altas. Inal\u00e1mbrico de doble banda: banda de 2,4 ghz y 5 ghz para una conectividad flexible, actualiza sus dispositivos para que funcionen con el \u00faltimo enrutador wifi de doble banda para una velocidad m\u00e1s r\u00e1pida y un alcance extendido. Bluetooth 4.2: convierte su pc o computadora port\u00e1til sin bluetooth en compatible con bluetooth. Dise\u00f1o nano: el dise\u00f1o peque\u00f1o y discreto le permite enchufarlo y olvidar que est\u00e1 all?. Sistema operativo: compatible con windows 11\/10\/8.1\/8\/7 para wifi, windows 11\/10\/8.1\/7 para bluetooth. Seguridad avanzada: admite est\u00e1ndares de cifrado wep, wpa\/wpa2\/wpa3, wpa-psk\/wpa2-psk, wpa3-sae<\/p>\n","protected":false},"featured_media":221425,"comment_status":"open","ping_status":"open","template":"","meta":[],"product_cat":[1563,1572],"product_tag":[1562],"acf":[],"yoast_head":"<!-- This site is optimized with the Yoast SEO plugin v21.7 - https:\/\/yoast.com\/wordpress\/plugins\/seo\/ -->\n<title>[ Tp Link ] &#129351; Archer T2ub Nano Tarjeta De Red | Tp-link | | Ac600 | Wi-fi Bluethoot Usb 4.2 \/ 2,4 Ghz 5 Ghz | Compatible Con Windows 11\/10\/8.1\/8\/7<\/title>\n<meta name=\"description\" content=\"Compra Archer T2ub Nano Tarjeta De Red | Tp-link | | Ac600 | Wi-fi Bluethoot Usb 4.2 \/ 2,4 Ghz 5 Ghz | Compatible Con Windows 11\/10\/8.1\/8\/7 + Env\u00edo a domicilio + Pago seguro + Garant\u00eda\" \/>\n<meta name=\"robots\" content=\"index, follow, max-snippet:-1, max-image-preview:large, max-video-preview:-1\" \/>\n<link rel=\"canonical\" href=\"https:\/\/compuviper.mx\/tienda\/producto\/tp-link-archer-t2ub-nano-tarjeta-de-red-tp-link-ac600-wi-fi-bluethoot-usb-4-2-24-ghz-5-ghz-compatible-con-windows-11-10-8-1-8-7\/\" \/>\n<meta property=\"og:locale\" content=\"es_MX\" \/>\n<meta property=\"og:type\" content=\"article\" \/>\n<meta property=\"og:title\" content=\"[ Tp Link ] &#129351; Archer T2ub Nano Tarjeta De Red | Tp-link | | Ac600 | Wi-fi Bluethoot Usb 4.2 \/ 2,4 Ghz 5 Ghz | Compatible Con Windows 11\/10\/8.1\/8\/7\" \/>\n<meta property=\"og:description\" content=\"Compra Archer T2ub Nano Tarjeta De Red | Tp-link | | Ac600 | Wi-fi Bluethoot Usb 4.2 \/ 2,4 Ghz 5 Ghz | Compatible Con Windows 11\/10\/8.1\/8\/7 + Env\u00edo a domicilio + Pago seguro + Garant\u00eda\" \/>\n<meta property=\"og:url\" content=\"https:\/\/compuviper.mx\/tienda\/producto\/tp-link-archer-t2ub-nano-tarjeta-de-red-tp-link-ac600-wi-fi-bluethoot-usb-4-2-24-ghz-5-ghz-compatible-con-windows-11-10-8-1-8-7\/\" \/>\n<meta property=\"og:site_name\" content=\"Compuviper\" \/>\n<meta property=\"article:publisher\" content=\"https:\/\/www.facebook.com\/compuviper\" \/>\n<meta property=\"og:image\" content=\"https:\/\/compuviper.mx\/tienda\/wp-content\/uploads\/2023\/12\/Tarjeta-de-red-tp-link-archer-t2ub-nano-ac600-wi-fi-bluethoot-usb-4.2-24-ghz-5-ghz-compatible-con-windows-11108.187.jpg\" \/>\n\t<meta property=\"og:image:width\" content=\"200\" \/>\n\t<meta property=\"og:image:height\" content=\"200\" \/>\n\t<meta property=\"og:image:type\" content=\"image\/jpeg\" \/>\n<meta name=\"twitter:card\" content=\"summary_large_image\" \/>\n<meta name=\"twitter:label1\" content=\"Precio\" \/>\n\t<meta name=\"twitter:data1\" content=\"&#36;203 con IVA\" \/>\n\t<meta name=\"twitter:label2\" content=\"Availability\" \/>\n\t<meta name=\"twitter:data2\" content=\"In stock\" \/>\n<script type=\"application\/ld+json\" class=\"yoast-schema-graph\">{\"@context\":\"https:\/\/schema.org\",\"@graph\":[{\"@type\":\"WebPage\",\"@id\":\"https:\/\/compuviper.mx\/tienda\/producto\/tp-link-archer-t2ub-nano-tarjeta-de-red-tp-link-ac600-wi-fi-bluethoot-usb-4-2-24-ghz-5-ghz-compatible-con-windows-11-10-8-1-8-7\/\",\"url\":\"https:\/\/compuviper.mx\/tienda\/producto\/tp-link-archer-t2ub-nano-tarjeta-de-red-tp-link-ac600-wi-fi-bluethoot-usb-4-2-24-ghz-5-ghz-compatible-con-windows-11-10-8-1-8-7\/\",\"name\":\"[ Tp Link ] &#129351; Archer T2ub Nano Tarjeta De Red | Tp-link | | Ac600 | Wi-fi Bluethoot Usb 4.2 \/ 2,4 Ghz 5 Ghz | Compatible Con Windows 11\/10\/8.1\/8\/7\",\"isPartOf\":{\"@id\":\"https:\/\/compuviper.mx\/tienda\/#website\"},\"datePublished\":\"2026-04-10T07:02:27+00:00\",\"dateModified\":\"2026-04-10T07:02:27+00:00\",\"description\":\"Compra Archer T2ub Nano Tarjeta De Red | Tp-link | | Ac600 | Wi-fi Bluethoot Usb 4.2 \/ 2,4 Ghz 5 Ghz | Compatible Con Windows 11\/10\/8.1\/8\/7 + Env\u00edo a domicilio + Pago seguro + Garant\u00eda\",\"breadcrumb\":{\"@id\":\"https:\/\/compuviper.mx\/tienda\/producto\/tp-link-archer-t2ub-nano-tarjeta-de-red-tp-link-ac600-wi-fi-bluethoot-usb-4-2-24-ghz-5-ghz-compatible-con-windows-11-10-8-1-8-7\/#breadcrumb\"},\"inLanguage\":\"es-MX\",\"potentialAction\":[{\"@type\":\"ReadAction\",\"target\":[\"https:\/\/compuviper.mx\/tienda\/producto\/tp-link-archer-t2ub-nano-tarjeta-de-red-tp-link-ac600-wi-fi-bluethoot-usb-4-2-24-ghz-5-ghz-compatible-con-windows-11-10-8-1-8-7\/\"]}]},{\"@type\":\"BreadcrumbList\",\"@id\":\"https:\/\/compuviper.mx\/tienda\/producto\/tp-link-archer-t2ub-nano-tarjeta-de-red-tp-link-ac600-wi-fi-bluethoot-usb-4-2-24-ghz-5-ghz-compatible-con-windows-11-10-8-1-8-7\/#breadcrumb\",\"itemListElement\":[{\"@type\":\"ListItem\",\"position\":1,\"name\":\"Inicio\",\"item\":\"https:\/\/compuviper.mx\/tienda\/\"},{\"@type\":\"ListItem\",\"position\":2,\"name\":\"Productos\",\"item\":\"https:\/\/compuviper.mx\/tienda\/productos\/\"},{\"@type\":\"ListItem\",\"position\":3,\"name\":\"Redes\",\"item\":\"https:\/\/compuviper.mx\/tienda\/categoria-producto\/redes\/\"},{\"@type\":\"ListItem\",\"position\":4,\"name\":\"Tarjetas De Red\",\"item\":\"https:\/\/compuviper.mx\/tienda\/categoria-producto\/redes\/tarjetas-de-red\/\"},{\"@type\":\"ListItem\",\"position\":5,\"name\":\"Tp Link Archer T2ub Nano Tarjeta De Red | Tp-link | | Ac600 | Wi-fi Bluethoot Usb 4.2 \/ 2,4 Ghz 5 Ghz | Compatible Con Windows 11\/10\/8.1\/8\/7\"}]},{\"@type\":\"WebSite\",\"@id\":\"https:\/\/compuviper.mx\/tienda\/#website\",\"url\":\"https:\/\/compuviper.mx\/tienda\/\",\"name\":\"Compuviper\",\"description\":\"Proveedor de Computadoras, Laptops, Servidores, Monitores, Puntos de Venta, Teclados,   Impresoras, T\u00f3ner, C\u00e1maras de Seguridad y m\u00e1s en tu tienda en l\u00ednea\",\"publisher\":{\"@id\":\"https:\/\/compuviper.mx\/tienda\/#organization\"},\"potentialAction\":[{\"@type\":\"SearchAction\",\"target\":{\"@type\":\"EntryPoint\",\"urlTemplate\":\"https:\/\/compuviper.mx\/tienda\/?s={search_term_string}\"},\"query-input\":\"required name=search_term_string\"}],\"inLanguage\":\"es-MX\"},{\"@type\":\"Organization\",\"@id\":\"https:\/\/compuviper.mx\/tienda\/#organization\",\"name\":\"Compuviper\",\"url\":\"https:\/\/compuviper.mx\/tienda\/\",\"logo\":{\"@type\":\"ImageObject\",\"inLanguage\":\"es-MX\",\"@id\":\"https:\/\/compuviper.mx\/tienda\/#\/schema\/logo\/image\/\",\"url\":\"https:\/\/compuviper.mx\/tienda\/wp-content\/uploads\/2021\/08\/Logo-Compuviper-10.png\",\"contentUrl\":\"https:\/\/compuviper.mx\/tienda\/wp-content\/uploads\/2021\/08\/Logo-Compuviper-10.png\",\"width\":1000,\"height\":500,\"caption\":\"Compuviper\"},\"image\":{\"@id\":\"https:\/\/compuviper.mx\/tienda\/#\/schema\/logo\/image\/\"},\"sameAs\":[\"https:\/\/www.facebook.com\/compuviper\",\"https:\/\/www.youtube.com\/channel\/UCf73dERp9Y3cfOq7q8BhLjA?view_as=subscriber\"]}]}<\/script>\n<meta property=\"product:brand\" content=\"TP LINK\" \/>\n<meta property=\"product:price:amount\" content=\"203\" \/>\n<meta property=\"product:price:currency\" content=\"MXN\" \/>\n<meta property=\"og:availability\" content=\"instock\" \/>\n<meta property=\"product:availability\" content=\"instock\" \/>\n<meta property=\"product:retailer_item_id\" content=\"ARCHER T2UB NANO\" \/>\n<meta property=\"product:condition\" content=\"new\" \/>\n<!-- \/ Yoast SEO plugin. -->","yoast_head_json":{"title":"[ Tp Link ] &#129351; Archer T2ub Nano Tarjeta De Red | Tp-link | | Ac600 | Wi-fi Bluethoot Usb 4.2 \/ 2,4 Ghz 5 Ghz | Compatible Con Windows 11\/10\/8.1\/8\/7","description":"Compra Archer T2ub Nano Tarjeta De Red | Tp-link | | Ac600 | Wi-fi Bluethoot Usb 4.2 \/ 2,4 Ghz 5 Ghz | Compatible Con Windows 11\/10\/8.1\/8\/7 + Env\u00edo a domicilio + Pago seguro + Garant\u00eda","robots":{"index":"index","follow":"follow","max-snippet":"max-snippet:-1","max-image-preview":"max-image-preview:large","max-video-preview":"max-video-preview:-1"},"canonical":"https:\/\/compuviper.mx\/tienda\/producto\/tp-link-archer-t2ub-nano-tarjeta-de-red-tp-link-ac600-wi-fi-bluethoot-usb-4-2-24-ghz-5-ghz-compatible-con-windows-11-10-8-1-8-7\/","og_locale":"es_MX","og_type":"article","og_title":"[ Tp Link ] &#129351; Archer T2ub Nano Tarjeta De Red | Tp-link | | Ac600 | Wi-fi Bluethoot Usb 4.2 \/ 2,4 Ghz 5 Ghz | Compatible Con Windows 11\/10\/8.1\/8\/7","og_description":"Compra Archer T2ub Nano Tarjeta De Red | Tp-link | | Ac600 | Wi-fi Bluethoot Usb 4.2 \/ 2,4 Ghz 5 Ghz | Compatible Con Windows 11\/10\/8.1\/8\/7 + Env\u00edo a domicilio + Pago seguro + Garant\u00eda","og_url":"https:\/\/compuviper.mx\/tienda\/producto\/tp-link-archer-t2ub-nano-tarjeta-de-red-tp-link-ac600-wi-fi-bluethoot-usb-4-2-24-ghz-5-ghz-compatible-con-windows-11-10-8-1-8-7\/","og_site_name":"Compuviper","article_publisher":"https:\/\/www.facebook.com\/compuviper","og_image":[{"width":200,"height":200,"url":"https:\/\/compuviper.mx\/tienda\/wp-content\/uploads\/2023\/12\/Tarjeta-de-red-tp-link-archer-t2ub-nano-ac600-wi-fi-bluethoot-usb-4.2-24-ghz-5-ghz-compatible-con-windows-11108.187.jpg","type":"image\/jpeg"}],"twitter_card":"summary_large_image","twitter_misc":{"Precio":"&#36;203 con IVA","Availability":"In stock"},"schema":{"@context":"https:\/\/schema.org","@graph":[{"@type":"WebPage","@id":"https:\/\/compuviper.mx\/tienda\/producto\/tp-link-archer-t2ub-nano-tarjeta-de-red-tp-link-ac600-wi-fi-bluethoot-usb-4-2-24-ghz-5-ghz-compatible-con-windows-11-10-8-1-8-7\/","url":"https:\/\/compuviper.mx\/tienda\/producto\/tp-link-archer-t2ub-nano-tarjeta-de-red-tp-link-ac600-wi-fi-bluethoot-usb-4-2-24-ghz-5-ghz-compatible-con-windows-11-10-8-1-8-7\/","name":"[ Tp Link ] &#129351; Archer T2ub Nano Tarjeta De Red | Tp-link | | Ac600 | Wi-fi Bluethoot Usb 4.2 \/ 2,4 Ghz 5 Ghz | Compatible Con Windows 11\/10\/8.1\/8\/7","isPartOf":{"@id":"https:\/\/compuviper.mx\/tienda\/#website"},"datePublished":"2026-04-10T07:02:27+00:00","dateModified":"2026-04-10T07:02:27+00:00","description":"Compra Archer T2ub Nano Tarjeta De Red | Tp-link | | Ac600 | Wi-fi Bluethoot Usb 4.2 \/ 2,4 Ghz 5 Ghz | Compatible Con Windows 11\/10\/8.1\/8\/7 + Env\u00edo a domicilio + Pago seguro + Garant\u00eda","breadcrumb":{"@id":"https:\/\/compuviper.mx\/tienda\/producto\/tp-link-archer-t2ub-nano-tarjeta-de-red-tp-link-ac600-wi-fi-bluethoot-usb-4-2-24-ghz-5-ghz-compatible-con-windows-11-10-8-1-8-7\/#breadcrumb"},"inLanguage":"es-MX","potentialAction":[{"@type":"ReadAction","target":["https:\/\/compuviper.mx\/tienda\/producto\/tp-link-archer-t2ub-nano-tarjeta-de-red-tp-link-ac600-wi-fi-bluethoot-usb-4-2-24-ghz-5-ghz-compatible-con-windows-11-10-8-1-8-7\/"]}]},{"@type":"BreadcrumbList","@id":"https:\/\/compuviper.mx\/tienda\/producto\/tp-link-archer-t2ub-nano-tarjeta-de-red-tp-link-ac600-wi-fi-bluethoot-usb-4-2-24-ghz-5-ghz-compatible-con-windows-11-10-8-1-8-7\/#breadcrumb","itemListElement":[{"@type":"ListItem","position":1,"name":"Inicio","item":"https:\/\/compuviper.mx\/tienda\/"},{"@type":"ListItem","position":2,"name":"Productos","item":"https:\/\/compuviper.mx\/tienda\/productos\/"},{"@type":"ListItem","position":3,"name":"Redes","item":"https:\/\/compuviper.mx\/tienda\/categoria-producto\/redes\/"},{"@type":"ListItem","position":4,"name":"Tarjetas De Red","item":"https:\/\/compuviper.mx\/tienda\/categoria-producto\/redes\/tarjetas-de-red\/"},{"@type":"ListItem","position":5,"name":"Tp Link Archer T2ub Nano Tarjeta De Red | Tp-link | | Ac600 | Wi-fi Bluethoot Usb 4.2 \/ 2,4 Ghz 5 Ghz | Compatible Con Windows 11\/10\/8.1\/8\/7"}]},{"@type":"WebSite","@id":"https:\/\/compuviper.mx\/tienda\/#website","url":"https:\/\/compuviper.mx\/tienda\/","name":"Compuviper","description":"Proveedor de Computadoras, Laptops, Servidores, Monitores, Puntos de Venta, Teclados,   Impresoras, T\u00f3ner, C\u00e1maras de Seguridad y m\u00e1s en tu tienda en l\u00ednea","publisher":{"@id":"https:\/\/compuviper.mx\/tienda\/#organization"},"potentialAction":[{"@type":"SearchAction","target":{"@type":"EntryPoint","urlTemplate":"https:\/\/compuviper.mx\/tienda\/?s={search_term_string}"},"query-input":"required name=search_term_string"}],"inLanguage":"es-MX"},{"@type":"Organization","@id":"https:\/\/compuviper.mx\/tienda\/#organization","name":"Compuviper","url":"https:\/\/compuviper.mx\/tienda\/","logo":{"@type":"ImageObject","inLanguage":"es-MX","@id":"https:\/\/compuviper.mx\/tienda\/#\/schema\/logo\/image\/","url":"https:\/\/compuviper.mx\/tienda\/wp-content\/uploads\/2021\/08\/Logo-Compuviper-10.png","contentUrl":"https:\/\/compuviper.mx\/tienda\/wp-content\/uploads\/2021\/08\/Logo-Compuviper-10.png","width":1000,"height":500,"caption":"Compuviper"},"image":{"@id":"https:\/\/compuviper.mx\/tienda\/#\/schema\/logo\/image\/"},"sameAs":["https:\/\/www.facebook.com\/compuviper","https:\/\/www.youtube.com\/channel\/UCf73dERp9Y3cfOq7q8BhLjA?view_as=subscriber"]}]},"product_brand":"TP LINK","product_price_amount":"203","product_price_currency":"MXN","og_availability":"instock","product_availability":"instock","product_retailer_item_id":"ARCHER T2UB NANO","product_condition":"new"},"_links":{"self":[{"href":"https:\/\/compuviper.mx\/tienda\/wp-json\/wp\/v2\/product\/221424"}],"collection":[{"href":"https:\/\/compuviper.mx\/tienda\/wp-json\/wp\/v2\/product"}],"about":[{"href":"https:\/\/compuviper.mx\/tienda\/wp-json\/wp\/v2\/types\/product"}],"replies":[{"embeddable":true,"href":"https:\/\/compuviper.mx\/tienda\/wp-json\/wp\/v2\/comments?post=221424"}],"wp:featuredmedia":[{"embeddable":true,"href":"https:\/\/compuviper.mx\/tienda\/wp-json\/wp\/v2\/media\/221425"}],"wp:attachment":[{"href":"https:\/\/compuviper.mx\/tienda\/wp-json\/wp\/v2\/media?parent=221424"}],"wp:term":[{"taxonomy":"product_cat","embeddable":true,"href":"https:\/\/compuviper.mx\/tienda\/wp-json\/wp\/v2\/product_cat?post=221424"},{"taxonomy":"product_tag","embeddable":true,"href":"https:\/\/compuviper.mx\/tienda\/wp-json\/wp\/v2\/product_tag?post=221424"}],"curies":[{"name":"wp","href":"https:\/\/api.w.org\/{rel}","templated":true}]}}