{"id":221420,"date":"2026-04-18T01:11:03","date_gmt":"2026-04-18T07:11:03","guid":{"rendered":"https:\/\/compuviper.mx\/tienda\/producto\/tp-link-archer-tx55e-tarjeta-de-red-tp-link-pcie-ax3000-wifi-6-bluetooth-5-2-pci-express-x1-x4-x8-x16-dual-band-5ghz-2402-mbps-2-4-ghz-574mbps\/"},"modified":"2026-04-18T01:11:03","modified_gmt":"2026-04-18T07:11:03","slug":"tp-link-archer-tx55e-tarjeta-de-red-tp-link-pcie-ax3000-wifi-6-bluetooth-5-2-pci-express-x1-x4-x8-x16-dual-band-5ghz-2402-mbps-2-4-ghz-574mbps","status":"publish","type":"product","link":"https:\/\/compuviper.mx\/tienda\/producto\/tp-link-archer-tx55e-tarjeta-de-red-tp-link-pcie-ax3000-wifi-6-bluetooth-5-2-pci-express-x1-x4-x8-x16-dual-band-5ghz-2402-mbps-2-4-ghz-574mbps\/","title":{"rendered":"Tp Link Archer Tx55e Tarjeta De Red| Tp-link |  | Pcie | Ax3000 | Wifi 6 | Bluetooth 5.2 | Pci Express X1\/x4\/x8\/x16, Dual Band 5ghz 2402 Mbps, 2.4 Ghz 574mbps"},"content":{"rendered":"<table class=\"descripcion\">\n<tr>\n<td>Caracteristicas de hardware<\/td>\n<\/tr>\n<tr>\n<td>Dimensiones 2,4 x 1,4 x 0,45 pulgadas<\/td>\n<\/tr>\n<tr>\n<td>(55x36x11,5mm)<\/td>\n<\/tr>\n<tr>\n<td>Tipo de antena dos antenas de doble banda de alta ganancia<\/td>\n<\/tr>\n<tr>\n<td>Chipset conjunto de chips wi-fi 6 de intel<\/td>\n<\/tr>\n<tr>\n<td>Funciones de bluetooth<\/td>\n<\/tr>\n<tr>\n<td>Est\u00e1ndares y protocolos bluetooth 5.2, bluetooth 5.0, bluetooth 4.2, bluetooth 4.0<\/td>\n<\/tr>\n<tr>\n<td>Interfaz f_usb 2.0<\/td>\n<\/tr>\n<tr>\n<td>Caracter\u00edsticas inal\u00e1mbricas<\/td>\n<\/tr>\n<tr>\n<td>Est\u00e1ndares inal\u00e1mbricos ieee 802.11ax\/ac\/n\/a 5 ghz<\/td>\n<\/tr>\n<tr>\n<td>Ieee 802.11ax\/n\/g\/b 2,4 ghz<\/td>\n<\/tr>\n<tr>\n<td>Bluetooth 5.2\/5.0\/4.2\/4.0<\/td>\n<\/tr>\n<tr>\n<td>Tasa de se\u00f1al wlan 5 ghz<\/td>\n<\/tr>\n<tr>\n<td>11ax: hasta 2402 mbps (din\u00e1mico)<\/td>\n<\/tr>\n<tr>\n<td>11ac: hasta 1733 mbps (din\u00e1mico)<\/td>\n<\/tr>\n<tr>\n<td>11n: hasta 300 mbps (din\u00e1mico)<\/td>\n<\/tr>\n<tr>\n<td>11a: hasta 54 mbps (din\u00e1mico)<\/td>\n<\/tr>\n<tr>\n<td>2,4 ghz<\/td>\n<\/tr>\n<tr>\n<td>11ax: hasta 574 mbps (din\u00e1mico)<\/td>\n<\/tr>\n<tr>\n<td>11n: hasta 300 mbps (din\u00e1mico)<\/td>\n<\/tr>\n<tr>\n<td>11g: hasta 54 mbps (din\u00e1mico)<\/td>\n<\/tr>\n<tr>\n<td>11b: hasta 11 mbps (din\u00e1mico)<\/td>\n<\/tr>\n<tr>\n<td>Sensibilidad de recepci\u00f3n de wlan 5 ghz:<\/td>\n<\/tr>\n<tr>\n<td>11ax ht160 and #65306;-56.25dbm<\/td>\n<\/tr>\n<tr>\n<td>11ax ht80: -59dbm<\/td>\n<\/tr>\n<tr>\n<td>11ax ht40: -62.25dbm<\/td>\n<\/tr>\n<tr>\n<td>11ax ht20: -65dbm<\/td>\n<\/tr>\n<tr>\n<td>11ac ht160 and #65306;-62dbm<\/td>\n<\/tr>\n<tr>\n<td>11ac ht80: -65,5 dbm<\/td>\n<\/tr>\n<tr>\n<td>11ac ht40: -69,75 dbm<\/td>\n<\/tr>\n<tr>\n<td>11ac ht20: -73,75 dbm<\/td>\n<\/tr>\n<tr>\n<td>11n ht40: -74.5dbm<\/td>\n<\/tr>\n<tr>\n<td>11n ht20: -77.5dbm<\/td>\n<\/tr>\n<tr>\n<td>11a 54mbps: -77.75dbm<\/td>\n<\/tr>\n<tr>\n<td>11a 6mbps: -94.5dbm<\/td>\n<\/tr>\n<tr>\n<td>2,4 ghz:<\/td>\n<\/tr>\n<tr>\n<td>11ax ht40: -60.75dbm<\/td>\n<\/tr>\n<tr>\n<td>11ax ht20: -63.75dbm<\/td>\n<\/tr>\n<tr>\n<td>11n ht40: -73dbm<\/td>\n<\/tr>\n<tr>\n<td>11n ht20: -76,25dbm<\/td>\n<\/tr>\n<tr>\n<td>11g 54mbps: -76.5dbm<\/td>\n<\/tr>\n<tr>\n<td>11b 11mbps: -89dbm<\/td>\n<\/tr>\n<tr>\n<td>Potencia de transmisi\u00f3n wlan 5 ghz : 27dbm(fcc) \/ 23dbm(ce) (eirp)<\/td>\n<\/tr>\n<tr>\n<td>2,4 ghz: 26 dbm (fcc) \/ 20 dbm (ce) (pire)<\/td>\n<\/tr>\n<tr>\n<td>Modos wlan modo infraestructura<\/td>\n<\/tr>\n<tr>\n<td>Seguridad inal\u00e1mbrica soporta 64\/128 bits wep, wpa\/wap2\/wpa3, wpa-psk\/wpa2-psk, 802.1x<\/td>\n<\/tr>\n<tr>\n<td>Tecnolog\u00eda de modulaci\u00f3n dbpsk, dqpsk, cck, ofdm, 16-qam, 64-qam, 256-qam, 1024qam<\/td>\n<\/tr>\n<tr>\n<td>Otros<\/td>\n<\/tr>\n<tr>\n<td>Certificaci\u00f3n ce, fcc, rohs<\/td>\n<\/tr>\n<tr>\n<td>Contenido del paquete archer tx55e<\/td>\n<\/tr>\n<tr>\n<td>Dos antenas de alta ganancia<\/td>\n<\/tr>\n<tr>\n<td>Soporte de bajo perfil<\/td>\n<\/tr>\n<tr>\n<td>Cable de cabecera bluetooth est\u00e1ndar<\/td>\n<\/tr>\n<tr>\n<td>Guia de instalacion rapida<\/td>\n<\/tr>\n<tr>\n<td>Cd de recursos<\/td>\n<\/tr>\n<tr>\n<td>Requisitos del sistema windows 10 (64 bits) \u00fanicamente<\/td>\n<\/tr>\n<tr>\n<td>Ambiente temperatura de funcionamiento: 0  and #8451; ~ 40  and #8451; (32  and #8457; ~ 104  and #8457;)<\/td>\n<\/tr>\n<tr>\n<td>Temperatura de almacenamiento: -40  and #8451; ~ 70  and #8451; (-40  and #8457; ~ 158  and #8457;)<\/td>\n<\/tr>\n<tr>\n<td>Humedad de funcionamiento: 10 %~90 % sin condensaci\u00f3n<\/td>\n<\/tr>\n<tr>\n<td>Humedad de almacenamiento: 5 %~90 % sin condensaci\u00f3n<\/td>\n<\/tr>\n<\/table>\n","protected":false},"excerpt":{"rendered":"<p>Archer tx55e. Tarjeta pcie ax3000 wi-fi 6 bluetooth 5.2. \u0095 velocidad wi-fi 6 inigualable: rompe la barrera de los gigabits con una velocidad de hasta 2402 mbps (5 ghz) + 574 mbps (2,4 ghz. \u0095 experiencia m\u00e1s fluida: una latencia un 75 % m\u00e1s baja garantiza juegos con una gran capacidad de respuesta, chats de video ininterrumpidos y transmisi\u00f3n en vivo sin interrupciones. \u0095 conexiones confiables: el chipset intel \u00ae  wi-fi 6 brinda wi-fi m\u00e1s r\u00e1pido y claro para desbloquear completamente el potencial de su enrutador wi-fi 6. \u0095 cobertura de se\u00f1al m\u00e1s amplia : con\u00e9ctese a su wi-fi en m\u00e1s partes de su hogar con dos antenas externas de alta ganancia que garantizan una mayor cobertura y una mayor estabilidad. \u0095 bluetooth 5.2: la \u00faltima tecnolog\u00eda bluetooth logra una velocidad m\u00e1s r\u00e1pida y una cobertura m\u00e1s amplia que la versi\u00f3n anterior. \u0095 seguridad mejorada: las \u00faltimas mejoras de seguridad wpa3 proporciona protecci\u00f3n mejorada en seguridad de contrase\u00f1as personales. \u0095 elaboraci\u00f3n fina: el enchapado en oro especializado est\u00e1 dise\u00f1ado para mejorar la estabilidad y la confiabilidad incluso en entornos calurosos. \u0095 compatibilidad con versiones anteriores: soporte completo para los est\u00e1ndares 802.11ac\/a\/b\/g\/n<\/p>\n","protected":false},"featured_media":221421,"comment_status":"open","ping_status":"open","template":"","meta":[],"product_cat":[1563,1572],"product_tag":[1562],"acf":[],"yoast_head":"<!-- This site is optimized with the Yoast SEO plugin v21.7 - https:\/\/yoast.com\/wordpress\/plugins\/seo\/ -->\n<title>[ Tp Link ] &#129351; Archer Tx55e Tarjeta De Red| Tp-link | | Pcie | Ax3000 | Wifi 6 | Bluetooth 5.2 | Pci Express X1\/x4\/x8\/x16, Dual Band 5ghz 2402 Mbps, 2.4 Ghz 574mbps<\/title>\n<meta name=\"description\" content=\"Compra Archer Tx55e Tarjeta De Red| Tp-link | | Pcie | Ax3000 | Wifi 6 | Bluetooth 5.2 | Pci Express X1\/x4\/x8\/x16, Dual Band 5ghz 2402 Mbps, 2.4 Ghz 574mbps + Env\u00edo a domicilio + Pago seguro + Garant\u00eda\" \/>\n<meta name=\"robots\" content=\"index, follow, max-snippet:-1, max-image-preview:large, max-video-preview:-1\" \/>\n<link rel=\"canonical\" href=\"https:\/\/compuviper.mx\/tienda\/producto\/tp-link-archer-tx55e-tarjeta-de-red-tp-link-pcie-ax3000-wifi-6-bluetooth-5-2-pci-express-x1-x4-x8-x16-dual-band-5ghz-2402-mbps-2-4-ghz-574mbps\/\" \/>\n<meta property=\"og:locale\" content=\"es_MX\" \/>\n<meta property=\"og:type\" content=\"article\" \/>\n<meta property=\"og:title\" content=\"[ Tp Link ] &#129351; Archer Tx55e Tarjeta De Red| Tp-link | | Pcie | Ax3000 | Wifi 6 | Bluetooth 5.2 | Pci Express X1\/x4\/x8\/x16, Dual Band 5ghz 2402 Mbps, 2.4 Ghz 574mbps\" \/>\n<meta property=\"og:description\" content=\"Compra Archer Tx55e Tarjeta De Red| Tp-link | | Pcie | Ax3000 | Wifi 6 | Bluetooth 5.2 | Pci Express X1\/x4\/x8\/x16, Dual Band 5ghz 2402 Mbps, 2.4 Ghz 574mbps + Env\u00edo a domicilio + Pago seguro + Garant\u00eda\" \/>\n<meta property=\"og:url\" content=\"https:\/\/compuviper.mx\/tienda\/producto\/tp-link-archer-tx55e-tarjeta-de-red-tp-link-pcie-ax3000-wifi-6-bluetooth-5-2-pci-express-x1-x4-x8-x16-dual-band-5ghz-2402-mbps-2-4-ghz-574mbps\/\" \/>\n<meta property=\"og:site_name\" content=\"Compuviper\" \/>\n<meta property=\"article:publisher\" content=\"https:\/\/www.facebook.com\/compuviper\" \/>\n<meta property=\"og:image\" content=\"https:\/\/compuviper.mx\/tienda\/wp-content\/uploads\/2023\/12\/Tarjeta-de-red-tp-link-archer-tx55e-pcie-ax3000-wifi-6-bluetooth-5.2-pci-express-x1x4x8x16-dual-band-5ghz-2402-mbps-2.4-ghz-574mbps.jpg\" \/>\n\t<meta property=\"og:image:width\" content=\"200\" \/>\n\t<meta property=\"og:image:height\" content=\"200\" \/>\n\t<meta property=\"og:image:type\" content=\"image\/jpeg\" \/>\n<meta name=\"twitter:card\" content=\"summary_large_image\" \/>\n<meta name=\"twitter:label1\" content=\"Precio\" \/>\n\t<meta name=\"twitter:data1\" content=\"&#36;534 con IVA\" \/>\n\t<meta name=\"twitter:label2\" content=\"Availability\" \/>\n\t<meta name=\"twitter:data2\" content=\"In stock\" \/>\n<script type=\"application\/ld+json\" class=\"yoast-schema-graph\">{\"@context\":\"https:\/\/schema.org\",\"@graph\":[{\"@type\":\"WebPage\",\"@id\":\"https:\/\/compuviper.mx\/tienda\/producto\/tp-link-archer-tx55e-tarjeta-de-red-tp-link-pcie-ax3000-wifi-6-bluetooth-5-2-pci-express-x1-x4-x8-x16-dual-band-5ghz-2402-mbps-2-4-ghz-574mbps\/\",\"url\":\"https:\/\/compuviper.mx\/tienda\/producto\/tp-link-archer-tx55e-tarjeta-de-red-tp-link-pcie-ax3000-wifi-6-bluetooth-5-2-pci-express-x1-x4-x8-x16-dual-band-5ghz-2402-mbps-2-4-ghz-574mbps\/\",\"name\":\"[ Tp Link ] &#129351; Archer Tx55e Tarjeta De Red| Tp-link | | Pcie | Ax3000 | Wifi 6 | Bluetooth 5.2 | Pci Express X1\/x4\/x8\/x16, Dual Band 5ghz 2402 Mbps, 2.4 Ghz 574mbps\",\"isPartOf\":{\"@id\":\"https:\/\/compuviper.mx\/tienda\/#website\"},\"datePublished\":\"2026-04-18T07:11:03+00:00\",\"dateModified\":\"2026-04-18T07:11:03+00:00\",\"description\":\"Compra Archer Tx55e Tarjeta De Red| Tp-link | | Pcie | Ax3000 | Wifi 6 | Bluetooth 5.2 | Pci Express X1\/x4\/x8\/x16, Dual Band 5ghz 2402 Mbps, 2.4 Ghz 574mbps + Env\u00edo a domicilio + Pago seguro + Garant\u00eda\",\"breadcrumb\":{\"@id\":\"https:\/\/compuviper.mx\/tienda\/producto\/tp-link-archer-tx55e-tarjeta-de-red-tp-link-pcie-ax3000-wifi-6-bluetooth-5-2-pci-express-x1-x4-x8-x16-dual-band-5ghz-2402-mbps-2-4-ghz-574mbps\/#breadcrumb\"},\"inLanguage\":\"es-MX\",\"potentialAction\":[{\"@type\":\"ReadAction\",\"target\":[\"https:\/\/compuviper.mx\/tienda\/producto\/tp-link-archer-tx55e-tarjeta-de-red-tp-link-pcie-ax3000-wifi-6-bluetooth-5-2-pci-express-x1-x4-x8-x16-dual-band-5ghz-2402-mbps-2-4-ghz-574mbps\/\"]}]},{\"@type\":\"BreadcrumbList\",\"@id\":\"https:\/\/compuviper.mx\/tienda\/producto\/tp-link-archer-tx55e-tarjeta-de-red-tp-link-pcie-ax3000-wifi-6-bluetooth-5-2-pci-express-x1-x4-x8-x16-dual-band-5ghz-2402-mbps-2-4-ghz-574mbps\/#breadcrumb\",\"itemListElement\":[{\"@type\":\"ListItem\",\"position\":1,\"name\":\"Inicio\",\"item\":\"https:\/\/compuviper.mx\/tienda\/\"},{\"@type\":\"ListItem\",\"position\":2,\"name\":\"Productos\",\"item\":\"https:\/\/compuviper.mx\/tienda\/productos\/\"},{\"@type\":\"ListItem\",\"position\":3,\"name\":\"Redes\",\"item\":\"https:\/\/compuviper.mx\/tienda\/categoria-producto\/redes\/\"},{\"@type\":\"ListItem\",\"position\":4,\"name\":\"Tarjetas De Red\",\"item\":\"https:\/\/compuviper.mx\/tienda\/categoria-producto\/redes\/tarjetas-de-red\/\"},{\"@type\":\"ListItem\",\"position\":5,\"name\":\"Tp Link Archer Tx55e Tarjeta De Red| Tp-link | | Pcie | Ax3000 | Wifi 6 | Bluetooth 5.2 | Pci Express X1\/x4\/x8\/x16, Dual Band 5ghz 2402 Mbps, 2.4 Ghz 574mbps\"}]},{\"@type\":\"WebSite\",\"@id\":\"https:\/\/compuviper.mx\/tienda\/#website\",\"url\":\"https:\/\/compuviper.mx\/tienda\/\",\"name\":\"Compuviper\",\"description\":\"Proveedor de Computadoras, Laptops, Servidores, Monitores, Puntos de Venta, Teclados,   Impresoras, T\u00f3ner, C\u00e1maras de Seguridad y m\u00e1s en tu tienda en l\u00ednea\",\"publisher\":{\"@id\":\"https:\/\/compuviper.mx\/tienda\/#organization\"},\"potentialAction\":[{\"@type\":\"SearchAction\",\"target\":{\"@type\":\"EntryPoint\",\"urlTemplate\":\"https:\/\/compuviper.mx\/tienda\/?s={search_term_string}\"},\"query-input\":\"required name=search_term_string\"}],\"inLanguage\":\"es-MX\"},{\"@type\":\"Organization\",\"@id\":\"https:\/\/compuviper.mx\/tienda\/#organization\",\"name\":\"Compuviper\",\"url\":\"https:\/\/compuviper.mx\/tienda\/\",\"logo\":{\"@type\":\"ImageObject\",\"inLanguage\":\"es-MX\",\"@id\":\"https:\/\/compuviper.mx\/tienda\/#\/schema\/logo\/image\/\",\"url\":\"https:\/\/compuviper.mx\/tienda\/wp-content\/uploads\/2021\/08\/Logo-Compuviper-10.png\",\"contentUrl\":\"https:\/\/compuviper.mx\/tienda\/wp-content\/uploads\/2021\/08\/Logo-Compuviper-10.png\",\"width\":1000,\"height\":500,\"caption\":\"Compuviper\"},\"image\":{\"@id\":\"https:\/\/compuviper.mx\/tienda\/#\/schema\/logo\/image\/\"},\"sameAs\":[\"https:\/\/www.facebook.com\/compuviper\",\"https:\/\/www.youtube.com\/channel\/UCf73dERp9Y3cfOq7q8BhLjA?view_as=subscriber\"]}]}<\/script>\n<meta property=\"product:brand\" content=\"TP LINK\" \/>\n<meta property=\"product:price:amount\" content=\"534\" \/>\n<meta property=\"product:price:currency\" content=\"MXN\" \/>\n<meta property=\"og:availability\" content=\"instock\" \/>\n<meta property=\"product:availability\" content=\"instock\" \/>\n<meta property=\"product:retailer_item_id\" content=\"ARCHER TX55E\" \/>\n<meta property=\"product:condition\" content=\"new\" \/>\n<!-- \/ Yoast SEO plugin. -->","yoast_head_json":{"title":"[ Tp Link ] &#129351; Archer Tx55e Tarjeta De Red| Tp-link | | Pcie | Ax3000 | Wifi 6 | Bluetooth 5.2 | Pci Express X1\/x4\/x8\/x16, Dual Band 5ghz 2402 Mbps, 2.4 Ghz 574mbps","description":"Compra Archer Tx55e Tarjeta De Red| Tp-link | | Pcie | Ax3000 | Wifi 6 | Bluetooth 5.2 | Pci Express X1\/x4\/x8\/x16, Dual Band 5ghz 2402 Mbps, 2.4 Ghz 574mbps + Env\u00edo a domicilio + Pago seguro + Garant\u00eda","robots":{"index":"index","follow":"follow","max-snippet":"max-snippet:-1","max-image-preview":"max-image-preview:large","max-video-preview":"max-video-preview:-1"},"canonical":"https:\/\/compuviper.mx\/tienda\/producto\/tp-link-archer-tx55e-tarjeta-de-red-tp-link-pcie-ax3000-wifi-6-bluetooth-5-2-pci-express-x1-x4-x8-x16-dual-band-5ghz-2402-mbps-2-4-ghz-574mbps\/","og_locale":"es_MX","og_type":"article","og_title":"[ Tp Link ] &#129351; Archer Tx55e Tarjeta De Red| Tp-link | | Pcie | Ax3000 | Wifi 6 | Bluetooth 5.2 | Pci Express X1\/x4\/x8\/x16, Dual Band 5ghz 2402 Mbps, 2.4 Ghz 574mbps","og_description":"Compra Archer Tx55e Tarjeta De Red| Tp-link | | Pcie | Ax3000 | Wifi 6 | Bluetooth 5.2 | Pci Express X1\/x4\/x8\/x16, Dual Band 5ghz 2402 Mbps, 2.4 Ghz 574mbps + Env\u00edo a domicilio + Pago seguro + Garant\u00eda","og_url":"https:\/\/compuviper.mx\/tienda\/producto\/tp-link-archer-tx55e-tarjeta-de-red-tp-link-pcie-ax3000-wifi-6-bluetooth-5-2-pci-express-x1-x4-x8-x16-dual-band-5ghz-2402-mbps-2-4-ghz-574mbps\/","og_site_name":"Compuviper","article_publisher":"https:\/\/www.facebook.com\/compuviper","og_image":[{"width":200,"height":200,"url":"https:\/\/compuviper.mx\/tienda\/wp-content\/uploads\/2023\/12\/Tarjeta-de-red-tp-link-archer-tx55e-pcie-ax3000-wifi-6-bluetooth-5.2-pci-express-x1x4x8x16-dual-band-5ghz-2402-mbps-2.4-ghz-574mbps.jpg","type":"image\/jpeg"}],"twitter_card":"summary_large_image","twitter_misc":{"Precio":"&#36;534 con IVA","Availability":"In stock"},"schema":{"@context":"https:\/\/schema.org","@graph":[{"@type":"WebPage","@id":"https:\/\/compuviper.mx\/tienda\/producto\/tp-link-archer-tx55e-tarjeta-de-red-tp-link-pcie-ax3000-wifi-6-bluetooth-5-2-pci-express-x1-x4-x8-x16-dual-band-5ghz-2402-mbps-2-4-ghz-574mbps\/","url":"https:\/\/compuviper.mx\/tienda\/producto\/tp-link-archer-tx55e-tarjeta-de-red-tp-link-pcie-ax3000-wifi-6-bluetooth-5-2-pci-express-x1-x4-x8-x16-dual-band-5ghz-2402-mbps-2-4-ghz-574mbps\/","name":"[ Tp Link ] &#129351; Archer Tx55e Tarjeta De Red| Tp-link | | Pcie | Ax3000 | Wifi 6 | Bluetooth 5.2 | Pci Express X1\/x4\/x8\/x16, Dual Band 5ghz 2402 Mbps, 2.4 Ghz 574mbps","isPartOf":{"@id":"https:\/\/compuviper.mx\/tienda\/#website"},"datePublished":"2026-04-18T07:11:03+00:00","dateModified":"2026-04-18T07:11:03+00:00","description":"Compra Archer Tx55e Tarjeta De Red| Tp-link | | Pcie | Ax3000 | Wifi 6 | Bluetooth 5.2 | Pci Express X1\/x4\/x8\/x16, Dual Band 5ghz 2402 Mbps, 2.4 Ghz 574mbps + Env\u00edo a domicilio + Pago seguro + Garant\u00eda","breadcrumb":{"@id":"https:\/\/compuviper.mx\/tienda\/producto\/tp-link-archer-tx55e-tarjeta-de-red-tp-link-pcie-ax3000-wifi-6-bluetooth-5-2-pci-express-x1-x4-x8-x16-dual-band-5ghz-2402-mbps-2-4-ghz-574mbps\/#breadcrumb"},"inLanguage":"es-MX","potentialAction":[{"@type":"ReadAction","target":["https:\/\/compuviper.mx\/tienda\/producto\/tp-link-archer-tx55e-tarjeta-de-red-tp-link-pcie-ax3000-wifi-6-bluetooth-5-2-pci-express-x1-x4-x8-x16-dual-band-5ghz-2402-mbps-2-4-ghz-574mbps\/"]}]},{"@type":"BreadcrumbList","@id":"https:\/\/compuviper.mx\/tienda\/producto\/tp-link-archer-tx55e-tarjeta-de-red-tp-link-pcie-ax3000-wifi-6-bluetooth-5-2-pci-express-x1-x4-x8-x16-dual-band-5ghz-2402-mbps-2-4-ghz-574mbps\/#breadcrumb","itemListElement":[{"@type":"ListItem","position":1,"name":"Inicio","item":"https:\/\/compuviper.mx\/tienda\/"},{"@type":"ListItem","position":2,"name":"Productos","item":"https:\/\/compuviper.mx\/tienda\/productos\/"},{"@type":"ListItem","position":3,"name":"Redes","item":"https:\/\/compuviper.mx\/tienda\/categoria-producto\/redes\/"},{"@type":"ListItem","position":4,"name":"Tarjetas De Red","item":"https:\/\/compuviper.mx\/tienda\/categoria-producto\/redes\/tarjetas-de-red\/"},{"@type":"ListItem","position":5,"name":"Tp Link Archer Tx55e Tarjeta De Red| Tp-link | | Pcie | Ax3000 | Wifi 6 | Bluetooth 5.2 | Pci Express X1\/x4\/x8\/x16, Dual Band 5ghz 2402 Mbps, 2.4 Ghz 574mbps"}]},{"@type":"WebSite","@id":"https:\/\/compuviper.mx\/tienda\/#website","url":"https:\/\/compuviper.mx\/tienda\/","name":"Compuviper","description":"Proveedor de Computadoras, Laptops, Servidores, Monitores, Puntos de Venta, Teclados,   Impresoras, T\u00f3ner, C\u00e1maras de Seguridad y m\u00e1s en tu tienda en l\u00ednea","publisher":{"@id":"https:\/\/compuviper.mx\/tienda\/#organization"},"potentialAction":[{"@type":"SearchAction","target":{"@type":"EntryPoint","urlTemplate":"https:\/\/compuviper.mx\/tienda\/?s={search_term_string}"},"query-input":"required name=search_term_string"}],"inLanguage":"es-MX"},{"@type":"Organization","@id":"https:\/\/compuviper.mx\/tienda\/#organization","name":"Compuviper","url":"https:\/\/compuviper.mx\/tienda\/","logo":{"@type":"ImageObject","inLanguage":"es-MX","@id":"https:\/\/compuviper.mx\/tienda\/#\/schema\/logo\/image\/","url":"https:\/\/compuviper.mx\/tienda\/wp-content\/uploads\/2021\/08\/Logo-Compuviper-10.png","contentUrl":"https:\/\/compuviper.mx\/tienda\/wp-content\/uploads\/2021\/08\/Logo-Compuviper-10.png","width":1000,"height":500,"caption":"Compuviper"},"image":{"@id":"https:\/\/compuviper.mx\/tienda\/#\/schema\/logo\/image\/"},"sameAs":["https:\/\/www.facebook.com\/compuviper","https:\/\/www.youtube.com\/channel\/UCf73dERp9Y3cfOq7q8BhLjA?view_as=subscriber"]}]},"product_brand":"TP LINK","product_price_amount":"534","product_price_currency":"MXN","og_availability":"instock","product_availability":"instock","product_retailer_item_id":"ARCHER TX55E","product_condition":"new"},"_links":{"self":[{"href":"https:\/\/compuviper.mx\/tienda\/wp-json\/wp\/v2\/product\/221420"}],"collection":[{"href":"https:\/\/compuviper.mx\/tienda\/wp-json\/wp\/v2\/product"}],"about":[{"href":"https:\/\/compuviper.mx\/tienda\/wp-json\/wp\/v2\/types\/product"}],"replies":[{"embeddable":true,"href":"https:\/\/compuviper.mx\/tienda\/wp-json\/wp\/v2\/comments?post=221420"}],"wp:featuredmedia":[{"embeddable":true,"href":"https:\/\/compuviper.mx\/tienda\/wp-json\/wp\/v2\/media\/221421"}],"wp:attachment":[{"href":"https:\/\/compuviper.mx\/tienda\/wp-json\/wp\/v2\/media?parent=221420"}],"wp:term":[{"taxonomy":"product_cat","embeddable":true,"href":"https:\/\/compuviper.mx\/tienda\/wp-json\/wp\/v2\/product_cat?post=221420"},{"taxonomy":"product_tag","embeddable":true,"href":"https:\/\/compuviper.mx\/tienda\/wp-json\/wp\/v2\/product_tag?post=221420"}],"curies":[{"name":"wp","href":"https:\/\/api.w.org\/{rel}","templated":true}]}}