{"id":221418,"date":"2026-04-11T23:23:06","date_gmt":"2026-04-12T05:23:06","guid":{"rendered":"https:\/\/compuviper.mx\/tienda\/producto\/tp-link-archer-t3u-nano-tarjeta-de-red-tp-link-ac1300-usb-inalambrico-5ghz-867mbps-2-4ghz-400mbps-compatible-con-windows-11-10-8-1-8-7-mac-os-10-15-y-anterior\/"},"modified":"2026-04-11T23:23:06","modified_gmt":"2026-04-12T05:23:06","slug":"tp-link-archer-t3u-nano-tarjeta-de-red-tp-link-ac1300-usb-inalambrico-5ghz-867mbps-2-4ghz-400mbps-compatible-con-windows-11-10-8-1-8-7-mac-os-10-15-y-anterior","status":"publish","type":"product","link":"https:\/\/compuviper.mx\/tienda\/producto\/tp-link-archer-t3u-nano-tarjeta-de-red-tp-link-ac1300-usb-inalambrico-5ghz-867mbps-2-4ghz-400mbps-compatible-con-windows-11-10-8-1-8-7-mac-os-10-15-y-anterior\/","title":{"rendered":"Tp Link Archer T3u Nano Tarjeta De Red | Tp-link |  | Ac1300 | Usb | Inalambrico | 5ghz 867mbps | 2.4ghz 400mbps | Compatible Con Windows 11\/10\/8.1\/8\/7, Mac Os 10.15 Y Anterior"},"content":{"rendered":"<table class=\"descripcion\">\n<tr>\n<td>Caracteristicas de hardware<\/td>\n<\/tr>\n<tr>\n<td>Interfaz usb 2.0<\/td>\n<\/tr>\n<tr>\n<td>Estado de led<\/td>\n<\/tr>\n<tr>\n<td>Dimensiones 19,85 \u00d7 15,7 \u00d7 7,39 mm (0,78 \u00d7 0,62 \u00d7 0,29 pulg.)<\/td>\n<\/tr>\n<tr>\n<td>Caracter\u00edsticas inal\u00e1mbricas<\/td>\n<\/tr>\n<tr>\n<td>Est\u00e1ndares inal\u00e1mbricos ieee 802.11b\/g\/n 2.4 ghz, ieee 802.11a\/n\/ac 5 ghz<\/td>\n<\/tr>\n<tr>\n<td>Frecuencia 2,4 ghz, 5 ghz<\/td>\n<\/tr>\n<tr>\n<td>Modos inal\u00e1mbricos ad-hoc \/ modo infraestructura<\/td>\n<\/tr>\n<tr>\n<td>Seguridad inal\u00e1mbrica wep, wpa\/wpa2\/wpa3, wpa-psk\/ wpa2-psk, wpa3-sae<\/td>\n<\/tr>\n<tr>\n<td>Tecnolog\u00eda de modulaci\u00f3n dbpsk, dqpsk, cck, ofdm, 16-qam, 64-qam, 256-qam<\/td>\n<\/tr>\n<tr>\n<td>Otros<\/td>\n<\/tr>\n<tr>\n<td>Certificaci\u00f3n fcc, ce, rohs<\/td>\n<\/tr>\n<tr>\n<td>Contenidos del paquete adaptador usb mu-mimo inal\u00e1mbrico ac1300 nano archer t3u nano<\/td>\n<\/tr>\n<tr>\n<td>Gu\u00eda de instalaci\u00f3n r\u00e1pida<\/td>\n<\/tr>\n<tr>\n<td>Cd de recursos<\/td>\n<\/tr>\n<tr>\n<td>Requisitos del sistema los sistemas operativos compatibles incluyen windows 11\/10\/8.1\/8\/7, mac os 10.15 y anteriores<\/td>\n<\/tr>\n<tr>\n<td>Ambiente temperatura de funcionamiento: 0  and #8451; ~ 40  and #8451; (32  and #8457; ~ 104  and #8457;)<\/td>\n<\/tr>\n<tr>\n<td>Humedad de funcionamiento: 10 %~90 % sin condensaci\u00f3n<\/td>\n<\/tr>\n<tr>\n<td>Humedad de almacenamiento: 5 %~90 % sin condensaci\u00f3n<\/td>\n<\/tr>\n<\/table>\n","protected":false},"excerpt":{"rendered":"<p>Adaptador usb mu-mimo inal\u00e1mbrico ac1300 nano. M\u00e1xima velocidad wi-fi: velocidades de hasta 1300 mbps con 400 mbps en 2,4 ghz y 867 mbps en 5 ghz, actualiza sus dispositivos a velocidades ac wifi m\u00e1s altas. Conexi\u00f3n de doble banda: la banda de 2,4 ghz y 5 ghz para una conectividad flexible permite que sus dispositivos funcionen con el \u00faltimo enrutador wifi de doble banda para una velocidad m\u00e1s r\u00e1pida y un alcance extendido. Tecnolog\u00eda mu-mimo: ofrece una conexi\u00f3n inal\u00e1mbrica altamente eficiente. Dise\u00f1o nano: el dise\u00f1o peque\u00f1o y discreto le permite enchufarlo y olvidar que est\u00e1 all?. Compatibilidad del sistema: compatible con windows 11\/10\/8.1\/8\/7, mac os 10.15 y anteriores<\/p>\n","protected":false},"featured_media":221419,"comment_status":"open","ping_status":"open","template":"","meta":[],"product_cat":[1563,1572],"product_tag":[1562],"acf":[],"yoast_head":"<!-- This site is optimized with the Yoast SEO plugin v21.7 - https:\/\/yoast.com\/wordpress\/plugins\/seo\/ -->\n<title>[ Tp Link ] &#129351; Archer T3u Nano Tarjeta De Red | Tp-link | | Ac1300 | Usb | Inalambrico | 5ghz 867mbps | 2.4ghz 400mbps | Compatible Con Windows 11\/10\/8.1\/8\/7, Mac Os 10.15 Y Anterior<\/title>\n<meta name=\"description\" content=\"Compra Archer T3u Nano Tarjeta De Red | Tp-link | | Ac1300 | Usb | Inalambrico | 5ghz 867mbps | 2.4ghz 400mbps | Compatible Con Windows 11\/10\/8.1\/8\/7, Mac Os 10.15 Y Anterior + Env\u00edo a domicilio + Pago seguro + Garant\u00eda\" \/>\n<meta name=\"robots\" content=\"index, follow, max-snippet:-1, max-image-preview:large, max-video-preview:-1\" \/>\n<link rel=\"canonical\" href=\"https:\/\/compuviper.mx\/tienda\/producto\/tp-link-archer-t3u-nano-tarjeta-de-red-tp-link-ac1300-usb-inalambrico-5ghz-867mbps-2-4ghz-400mbps-compatible-con-windows-11-10-8-1-8-7-mac-os-10-15-y-anterior\/\" \/>\n<meta property=\"og:locale\" content=\"es_MX\" \/>\n<meta property=\"og:type\" content=\"article\" \/>\n<meta property=\"og:title\" content=\"[ Tp Link ] &#129351; Archer T3u Nano Tarjeta De Red | Tp-link | | Ac1300 | Usb | Inalambrico | 5ghz 867mbps | 2.4ghz 400mbps | Compatible Con Windows 11\/10\/8.1\/8\/7, Mac Os 10.15 Y Anterior\" \/>\n<meta property=\"og:description\" content=\"Compra Archer T3u Nano Tarjeta De Red | Tp-link | | Ac1300 | Usb | Inalambrico | 5ghz 867mbps | 2.4ghz 400mbps | Compatible Con Windows 11\/10\/8.1\/8\/7, Mac Os 10.15 Y Anterior + Env\u00edo a domicilio + Pago seguro + Garant\u00eda\" \/>\n<meta property=\"og:url\" content=\"https:\/\/compuviper.mx\/tienda\/producto\/tp-link-archer-t3u-nano-tarjeta-de-red-tp-link-ac1300-usb-inalambrico-5ghz-867mbps-2-4ghz-400mbps-compatible-con-windows-11-10-8-1-8-7-mac-os-10-15-y-anterior\/\" \/>\n<meta property=\"og:site_name\" content=\"Compuviper\" \/>\n<meta property=\"article:publisher\" content=\"https:\/\/www.facebook.com\/compuviper\" \/>\n<meta property=\"og:image\" content=\"https:\/\/compuviper.mx\/tienda\/wp-content\/uploads\/2023\/12\/Tarjeta-de-red-tp-link-archer-t3u-nano-ac1300-usb-inalambrico-5ghz-867mbps-2.4ghz-400mbps-compatible-con-windows-11108.187-mac-os-10.15-y-anterior.jpg\" \/>\n\t<meta property=\"og:image:width\" content=\"200\" \/>\n\t<meta property=\"og:image:height\" content=\"200\" \/>\n\t<meta property=\"og:image:type\" content=\"image\/jpeg\" \/>\n<meta name=\"twitter:card\" content=\"summary_large_image\" \/>\n<meta name=\"twitter:label1\" content=\"Precio\" \/>\n\t<meta name=\"twitter:data1\" content=\"&#36;247 con IVA\" \/>\n\t<meta name=\"twitter:label2\" content=\"Availability\" \/>\n\t<meta name=\"twitter:data2\" content=\"In stock\" \/>\n<script type=\"application\/ld+json\" class=\"yoast-schema-graph\">{\"@context\":\"https:\/\/schema.org\",\"@graph\":[{\"@type\":\"WebPage\",\"@id\":\"https:\/\/compuviper.mx\/tienda\/producto\/tp-link-archer-t3u-nano-tarjeta-de-red-tp-link-ac1300-usb-inalambrico-5ghz-867mbps-2-4ghz-400mbps-compatible-con-windows-11-10-8-1-8-7-mac-os-10-15-y-anterior\/\",\"url\":\"https:\/\/compuviper.mx\/tienda\/producto\/tp-link-archer-t3u-nano-tarjeta-de-red-tp-link-ac1300-usb-inalambrico-5ghz-867mbps-2-4ghz-400mbps-compatible-con-windows-11-10-8-1-8-7-mac-os-10-15-y-anterior\/\",\"name\":\"[ Tp Link ] &#129351; Archer T3u Nano Tarjeta De Red | Tp-link | | Ac1300 | Usb | Inalambrico | 5ghz 867mbps | 2.4ghz 400mbps | Compatible Con Windows 11\/10\/8.1\/8\/7, Mac Os 10.15 Y Anterior\",\"isPartOf\":{\"@id\":\"https:\/\/compuviper.mx\/tienda\/#website\"},\"datePublished\":\"2026-04-12T05:23:06+00:00\",\"dateModified\":\"2026-04-12T05:23:06+00:00\",\"description\":\"Compra Archer T3u Nano Tarjeta De Red | Tp-link | | Ac1300 | Usb | Inalambrico | 5ghz 867mbps | 2.4ghz 400mbps | Compatible Con Windows 11\/10\/8.1\/8\/7, Mac Os 10.15 Y Anterior + Env\u00edo a domicilio + Pago seguro + Garant\u00eda\",\"breadcrumb\":{\"@id\":\"https:\/\/compuviper.mx\/tienda\/producto\/tp-link-archer-t3u-nano-tarjeta-de-red-tp-link-ac1300-usb-inalambrico-5ghz-867mbps-2-4ghz-400mbps-compatible-con-windows-11-10-8-1-8-7-mac-os-10-15-y-anterior\/#breadcrumb\"},\"inLanguage\":\"es-MX\",\"potentialAction\":[{\"@type\":\"ReadAction\",\"target\":[\"https:\/\/compuviper.mx\/tienda\/producto\/tp-link-archer-t3u-nano-tarjeta-de-red-tp-link-ac1300-usb-inalambrico-5ghz-867mbps-2-4ghz-400mbps-compatible-con-windows-11-10-8-1-8-7-mac-os-10-15-y-anterior\/\"]}]},{\"@type\":\"BreadcrumbList\",\"@id\":\"https:\/\/compuviper.mx\/tienda\/producto\/tp-link-archer-t3u-nano-tarjeta-de-red-tp-link-ac1300-usb-inalambrico-5ghz-867mbps-2-4ghz-400mbps-compatible-con-windows-11-10-8-1-8-7-mac-os-10-15-y-anterior\/#breadcrumb\",\"itemListElement\":[{\"@type\":\"ListItem\",\"position\":1,\"name\":\"Inicio\",\"item\":\"https:\/\/compuviper.mx\/tienda\/\"},{\"@type\":\"ListItem\",\"position\":2,\"name\":\"Productos\",\"item\":\"https:\/\/compuviper.mx\/tienda\/productos\/\"},{\"@type\":\"ListItem\",\"position\":3,\"name\":\"Redes\",\"item\":\"https:\/\/compuviper.mx\/tienda\/categoria-producto\/redes\/\"},{\"@type\":\"ListItem\",\"position\":4,\"name\":\"Tarjetas De Red\",\"item\":\"https:\/\/compuviper.mx\/tienda\/categoria-producto\/redes\/tarjetas-de-red\/\"},{\"@type\":\"ListItem\",\"position\":5,\"name\":\"Tp Link Archer T3u Nano Tarjeta De Red | Tp-link | | Ac1300 | Usb | Inalambrico | 5ghz 867mbps | 2.4ghz 400mbps | Compatible Con Windows 11\/10\/8.1\/8\/7, Mac Os 10.15 Y Anterior\"}]},{\"@type\":\"WebSite\",\"@id\":\"https:\/\/compuviper.mx\/tienda\/#website\",\"url\":\"https:\/\/compuviper.mx\/tienda\/\",\"name\":\"Compuviper\",\"description\":\"Proveedor de Computadoras, Laptops, Servidores, Monitores, Puntos de Venta, Teclados,   Impresoras, T\u00f3ner, C\u00e1maras de Seguridad y m\u00e1s en tu tienda en l\u00ednea\",\"publisher\":{\"@id\":\"https:\/\/compuviper.mx\/tienda\/#organization\"},\"potentialAction\":[{\"@type\":\"SearchAction\",\"target\":{\"@type\":\"EntryPoint\",\"urlTemplate\":\"https:\/\/compuviper.mx\/tienda\/?s={search_term_string}\"},\"query-input\":\"required name=search_term_string\"}],\"inLanguage\":\"es-MX\"},{\"@type\":\"Organization\",\"@id\":\"https:\/\/compuviper.mx\/tienda\/#organization\",\"name\":\"Compuviper\",\"url\":\"https:\/\/compuviper.mx\/tienda\/\",\"logo\":{\"@type\":\"ImageObject\",\"inLanguage\":\"es-MX\",\"@id\":\"https:\/\/compuviper.mx\/tienda\/#\/schema\/logo\/image\/\",\"url\":\"https:\/\/compuviper.mx\/tienda\/wp-content\/uploads\/2021\/08\/Logo-Compuviper-10.png\",\"contentUrl\":\"https:\/\/compuviper.mx\/tienda\/wp-content\/uploads\/2021\/08\/Logo-Compuviper-10.png\",\"width\":1000,\"height\":500,\"caption\":\"Compuviper\"},\"image\":{\"@id\":\"https:\/\/compuviper.mx\/tienda\/#\/schema\/logo\/image\/\"},\"sameAs\":[\"https:\/\/www.facebook.com\/compuviper\",\"https:\/\/www.youtube.com\/channel\/UCf73dERp9Y3cfOq7q8BhLjA?view_as=subscriber\"]}]}<\/script>\n<meta property=\"product:brand\" content=\"TP LINK\" \/>\n<meta property=\"product:price:amount\" content=\"247\" \/>\n<meta property=\"product:price:currency\" content=\"MXN\" \/>\n<meta property=\"og:availability\" content=\"instock\" \/>\n<meta property=\"product:availability\" content=\"instock\" \/>\n<meta property=\"product:retailer_item_id\" content=\"ARCHER T3U NANO\" \/>\n<meta property=\"product:condition\" content=\"new\" \/>\n<!-- \/ Yoast SEO plugin. -->","yoast_head_json":{"title":"[ Tp Link ] &#129351; Archer T3u Nano Tarjeta De Red | Tp-link | | Ac1300 | Usb | Inalambrico | 5ghz 867mbps | 2.4ghz 400mbps | Compatible Con Windows 11\/10\/8.1\/8\/7, Mac Os 10.15 Y Anterior","description":"Compra Archer T3u Nano Tarjeta De Red | Tp-link | | Ac1300 | Usb | Inalambrico | 5ghz 867mbps | 2.4ghz 400mbps | Compatible Con Windows 11\/10\/8.1\/8\/7, Mac Os 10.15 Y Anterior + Env\u00edo a domicilio + Pago seguro + Garant\u00eda","robots":{"index":"index","follow":"follow","max-snippet":"max-snippet:-1","max-image-preview":"max-image-preview:large","max-video-preview":"max-video-preview:-1"},"canonical":"https:\/\/compuviper.mx\/tienda\/producto\/tp-link-archer-t3u-nano-tarjeta-de-red-tp-link-ac1300-usb-inalambrico-5ghz-867mbps-2-4ghz-400mbps-compatible-con-windows-11-10-8-1-8-7-mac-os-10-15-y-anterior\/","og_locale":"es_MX","og_type":"article","og_title":"[ Tp Link ] &#129351; Archer T3u Nano Tarjeta De Red | Tp-link | | Ac1300 | Usb | Inalambrico | 5ghz 867mbps | 2.4ghz 400mbps | Compatible Con Windows 11\/10\/8.1\/8\/7, Mac Os 10.15 Y Anterior","og_description":"Compra Archer T3u Nano Tarjeta De Red | Tp-link | | Ac1300 | Usb | Inalambrico | 5ghz 867mbps | 2.4ghz 400mbps | Compatible Con Windows 11\/10\/8.1\/8\/7, Mac Os 10.15 Y Anterior + Env\u00edo a domicilio + Pago seguro + Garant\u00eda","og_url":"https:\/\/compuviper.mx\/tienda\/producto\/tp-link-archer-t3u-nano-tarjeta-de-red-tp-link-ac1300-usb-inalambrico-5ghz-867mbps-2-4ghz-400mbps-compatible-con-windows-11-10-8-1-8-7-mac-os-10-15-y-anterior\/","og_site_name":"Compuviper","article_publisher":"https:\/\/www.facebook.com\/compuviper","og_image":[{"width":200,"height":200,"url":"https:\/\/compuviper.mx\/tienda\/wp-content\/uploads\/2023\/12\/Tarjeta-de-red-tp-link-archer-t3u-nano-ac1300-usb-inalambrico-5ghz-867mbps-2.4ghz-400mbps-compatible-con-windows-11108.187-mac-os-10.15-y-anterior.jpg","type":"image\/jpeg"}],"twitter_card":"summary_large_image","twitter_misc":{"Precio":"&#36;247 con IVA","Availability":"In stock"},"schema":{"@context":"https:\/\/schema.org","@graph":[{"@type":"WebPage","@id":"https:\/\/compuviper.mx\/tienda\/producto\/tp-link-archer-t3u-nano-tarjeta-de-red-tp-link-ac1300-usb-inalambrico-5ghz-867mbps-2-4ghz-400mbps-compatible-con-windows-11-10-8-1-8-7-mac-os-10-15-y-anterior\/","url":"https:\/\/compuviper.mx\/tienda\/producto\/tp-link-archer-t3u-nano-tarjeta-de-red-tp-link-ac1300-usb-inalambrico-5ghz-867mbps-2-4ghz-400mbps-compatible-con-windows-11-10-8-1-8-7-mac-os-10-15-y-anterior\/","name":"[ Tp Link ] &#129351; Archer T3u Nano Tarjeta De Red | Tp-link | | Ac1300 | Usb | Inalambrico | 5ghz 867mbps | 2.4ghz 400mbps | Compatible Con Windows 11\/10\/8.1\/8\/7, Mac Os 10.15 Y Anterior","isPartOf":{"@id":"https:\/\/compuviper.mx\/tienda\/#website"},"datePublished":"2026-04-12T05:23:06+00:00","dateModified":"2026-04-12T05:23:06+00:00","description":"Compra Archer T3u Nano Tarjeta De Red | Tp-link | | Ac1300 | Usb | Inalambrico | 5ghz 867mbps | 2.4ghz 400mbps | Compatible Con Windows 11\/10\/8.1\/8\/7, Mac Os 10.15 Y Anterior + Env\u00edo a domicilio + Pago seguro + Garant\u00eda","breadcrumb":{"@id":"https:\/\/compuviper.mx\/tienda\/producto\/tp-link-archer-t3u-nano-tarjeta-de-red-tp-link-ac1300-usb-inalambrico-5ghz-867mbps-2-4ghz-400mbps-compatible-con-windows-11-10-8-1-8-7-mac-os-10-15-y-anterior\/#breadcrumb"},"inLanguage":"es-MX","potentialAction":[{"@type":"ReadAction","target":["https:\/\/compuviper.mx\/tienda\/producto\/tp-link-archer-t3u-nano-tarjeta-de-red-tp-link-ac1300-usb-inalambrico-5ghz-867mbps-2-4ghz-400mbps-compatible-con-windows-11-10-8-1-8-7-mac-os-10-15-y-anterior\/"]}]},{"@type":"BreadcrumbList","@id":"https:\/\/compuviper.mx\/tienda\/producto\/tp-link-archer-t3u-nano-tarjeta-de-red-tp-link-ac1300-usb-inalambrico-5ghz-867mbps-2-4ghz-400mbps-compatible-con-windows-11-10-8-1-8-7-mac-os-10-15-y-anterior\/#breadcrumb","itemListElement":[{"@type":"ListItem","position":1,"name":"Inicio","item":"https:\/\/compuviper.mx\/tienda\/"},{"@type":"ListItem","position":2,"name":"Productos","item":"https:\/\/compuviper.mx\/tienda\/productos\/"},{"@type":"ListItem","position":3,"name":"Redes","item":"https:\/\/compuviper.mx\/tienda\/categoria-producto\/redes\/"},{"@type":"ListItem","position":4,"name":"Tarjetas De Red","item":"https:\/\/compuviper.mx\/tienda\/categoria-producto\/redes\/tarjetas-de-red\/"},{"@type":"ListItem","position":5,"name":"Tp Link Archer T3u Nano Tarjeta De Red | Tp-link | | Ac1300 | Usb | Inalambrico | 5ghz 867mbps | 2.4ghz 400mbps | Compatible Con Windows 11\/10\/8.1\/8\/7, Mac Os 10.15 Y Anterior"}]},{"@type":"WebSite","@id":"https:\/\/compuviper.mx\/tienda\/#website","url":"https:\/\/compuviper.mx\/tienda\/","name":"Compuviper","description":"Proveedor de Computadoras, Laptops, Servidores, Monitores, Puntos de Venta, Teclados,   Impresoras, T\u00f3ner, C\u00e1maras de Seguridad y m\u00e1s en tu tienda en l\u00ednea","publisher":{"@id":"https:\/\/compuviper.mx\/tienda\/#organization"},"potentialAction":[{"@type":"SearchAction","target":{"@type":"EntryPoint","urlTemplate":"https:\/\/compuviper.mx\/tienda\/?s={search_term_string}"},"query-input":"required name=search_term_string"}],"inLanguage":"es-MX"},{"@type":"Organization","@id":"https:\/\/compuviper.mx\/tienda\/#organization","name":"Compuviper","url":"https:\/\/compuviper.mx\/tienda\/","logo":{"@type":"ImageObject","inLanguage":"es-MX","@id":"https:\/\/compuviper.mx\/tienda\/#\/schema\/logo\/image\/","url":"https:\/\/compuviper.mx\/tienda\/wp-content\/uploads\/2021\/08\/Logo-Compuviper-10.png","contentUrl":"https:\/\/compuviper.mx\/tienda\/wp-content\/uploads\/2021\/08\/Logo-Compuviper-10.png","width":1000,"height":500,"caption":"Compuviper"},"image":{"@id":"https:\/\/compuviper.mx\/tienda\/#\/schema\/logo\/image\/"},"sameAs":["https:\/\/www.facebook.com\/compuviper","https:\/\/www.youtube.com\/channel\/UCf73dERp9Y3cfOq7q8BhLjA?view_as=subscriber"]}]},"product_brand":"TP LINK","product_price_amount":"247","product_price_currency":"MXN","og_availability":"instock","product_availability":"instock","product_retailer_item_id":"ARCHER T3U NANO","product_condition":"new"},"_links":{"self":[{"href":"https:\/\/compuviper.mx\/tienda\/wp-json\/wp\/v2\/product\/221418"}],"collection":[{"href":"https:\/\/compuviper.mx\/tienda\/wp-json\/wp\/v2\/product"}],"about":[{"href":"https:\/\/compuviper.mx\/tienda\/wp-json\/wp\/v2\/types\/product"}],"replies":[{"embeddable":true,"href":"https:\/\/compuviper.mx\/tienda\/wp-json\/wp\/v2\/comments?post=221418"}],"wp:featuredmedia":[{"embeddable":true,"href":"https:\/\/compuviper.mx\/tienda\/wp-json\/wp\/v2\/media\/221419"}],"wp:attachment":[{"href":"https:\/\/compuviper.mx\/tienda\/wp-json\/wp\/v2\/media?parent=221418"}],"wp:term":[{"taxonomy":"product_cat","embeddable":true,"href":"https:\/\/compuviper.mx\/tienda\/wp-json\/wp\/v2\/product_cat?post=221418"},{"taxonomy":"product_tag","embeddable":true,"href":"https:\/\/compuviper.mx\/tienda\/wp-json\/wp\/v2\/product_tag?post=221418"}],"curies":[{"name":"wp","href":"https:\/\/api.w.org\/{rel}","templated":true}]}}