{"id":221400,"date":"2026-04-18T01:10:58","date_gmt":"2026-04-18T07:10:58","guid":{"rendered":"https:\/\/compuviper.mx\/tienda\/producto\/tp-link-deco-xe753-pack-router-tp-link-wi-fi-6e-mesh-triple-banda-axe5400-modos-de-trabajo-ap-router\/"},"modified":"2026-04-18T01:10:58","modified_gmt":"2026-04-18T07:10:58","slug":"tp-link-deco-xe753-pack-router-tp-link-wi-fi-6e-mesh-triple-banda-axe5400-modos-de-trabajo-ap-router","status":"publish","type":"product","link":"https:\/\/compuviper.mx\/tienda\/producto\/tp-link-deco-xe753-pack-router-tp-link-wi-fi-6e-mesh-triple-banda-axe5400-modos-de-trabajo-ap-router\/","title":{"rendered":"Tp Link Deco Xe75(3-pack) Router | Tp-link |  |  Wi-fi 6e | Mesh | Triple Banda | Axe5400 | Modos De Trabajo Ap \/ Router"},"content":{"rendered":"<table class=\"descripcion\">\n<tr>\n<td>Inal\u00e1mbrico<\/td>\n<\/tr>\n<tr>\n<td>Est\u00e1ndares wifi 6e<\/td>\n<\/tr>\n<tr>\n<td>Ieee 802.11ax 6 ghz<\/td>\n<\/tr>\n<tr>\n<td>Ieee 802.11ax\/ac\/n\/a 5 ghz<\/td>\n<\/tr>\n<tr>\n<td>Ieee 802.11ax\/n\/b\/g 2,4 ghz<\/td>\n<\/tr>\n<tr>\n<td>Velocidades wifi axe5400<\/td>\n<\/tr>\n<tr>\n<td>6 ghz: 2402 mbps (802.11ax, he160)<\/td>\n<\/tr>\n<tr>\n<td>5 ghz: 2402 mbps (802.11ax, he160)<\/td>\n<\/tr>\n<tr>\n<td>2,4 ghz: 574 mbps (802.11ax)<\/td>\n<\/tr>\n<tr>\n<td>Alcance wifi casas de 4-7+ dormitorios (paquete de 3)<\/td>\n<\/tr>\n<tr>\n<td>Casas de 3 a 5 dormitorios (paquete de 2)<\/td>\n<\/tr>\n<tr>\n<td>Casas de 1 a 3 habitaciones (paquete de 1)<\/td>\n<\/tr>\n<tr>\n<td>Tecnolog\u00eda de malla tp-link<\/td>\n<\/tr>\n<tr>\n<td>El backhaul ethernet opcional funciona en conjunto para vincular las unidades deco y brindar una cobertura perfecta<\/td>\n<\/tr>\n<tr>\n<td>Capacidad wifi muy alta<\/td>\n<\/tr>\n<tr>\n<td>Tribanda<\/td>\n<\/tr>\n<tr>\n<td>Distribuya dispositivos a diferentes bandas para un rendimiento \u00f3ptimo<\/td>\n<\/tr>\n<tr>\n<td>2\u00d72 mu-mimo<\/td>\n<\/tr>\n<tr>\n<td>Se comunica simult\u00e1neamente con m\u00faltiples clientes mu-mimo<\/td>\n<\/tr>\n<tr>\n<td>Ofdma<\/td>\n<\/tr>\n<tr>\n<td>Se comunica simult\u00e1neamente con m\u00faltiples clientes wifi 6<\/td>\n<\/tr>\n<tr>\n<td>6 flujos<\/td>\n<\/tr>\n<tr>\n<td>Ancho de banda m\u00e1s que suficiente para los dispositivos conectados<\/td>\n<\/tr>\n<tr>\n<td>Modos de trabajo modo de enrutador<\/td>\n<\/tr>\n<tr>\n<td>Modo de punto de acceso<\/td>\n<\/tr>\n<tr>\n<td>Hardware<\/td>\n<\/tr>\n<tr>\n<td>Puertos ethernet 3 puertos gigabit<\/td>\n<\/tr>\n<tr>\n<td>*por unidad deco<\/td>\n<\/tr>\n<tr>\n<td>Admite detecci\u00f3n autom\u00e1tica de wan\/lan<\/td>\n<\/tr>\n<tr>\n<td>Bot\u00f3n de reinicio de botones<\/td>\n<\/tr>\n<tr>\n<td>Seguridad<\/td>\n<\/tr>\n<tr>\n<td>Cifrado wifi wpa-personal<\/td>\n<\/tr>\n<tr>\n<td>Wpa2-personal<\/td>\n<\/tr>\n<tr>\n<td>Wpa3-personal<\/td>\n<\/tr>\n<tr>\n<td>Cortafuegos spi de seguridad de red<\/td>\n<\/tr>\n<tr>\n<td>Control de acceso<\/td>\n<\/tr>\n<tr>\n<td>Seguridad de homeshield<\/td>\n<\/tr>\n<tr>\n<td>Protecci\u00f3n iot en tiempo real<\/td>\n<\/tr>\n<tr>\n<td>Bloqueador de sitios maliciosos<\/td>\n<\/tr>\n<tr>\n<td>Sistema de prevenci\u00f3n de intrusi\u00f3n<\/td>\n<\/tr>\n<tr>\n<td>Prevenci\u00f3n de ataques ddos<\/td>\n<\/tr>\n<tr>\n<td>Esc\u00e1ner de red dom\u00e9stica<\/td>\n<\/tr>\n<tr>\n<td>Red de invitados 1 \u00d7 red de invitados de 6 ghz<\/td>\n<\/tr>\n<tr>\n<td>1 \u00d7 red de invitados de 5 ghz<\/td>\n<\/tr>\n<tr>\n<td>1 \u00d7 red de invitados de 2,4 ghz<\/td>\n<\/tr>\n<tr>\n<td>Software<\/td>\n<\/tr>\n<tr>\n<td>Protocols ipv4<\/td>\n<\/tr>\n<tr>\n<td>Ipv6<\/td>\n<\/tr>\n<tr>\n<td>Service kits homeshield<\/td>\n<\/tr>\n<tr>\n<td>Learn more<\/td>\n<\/tr>\n<tr>\n<td>Parental controls homeshield parental controls<\/td>\n<\/tr>\n<tr>\n<td>________________________________________<\/td>\n<\/tr>\n<tr>\n<td>Custom profiles<\/td>\n<\/tr>\n<tr>\n<td>Professional content filter library<\/td>\n<\/tr>\n<tr>\n<td>Family time<\/td>\n<\/tr>\n<tr>\n<td>Bedtime<\/td>\n<\/tr>\n<tr>\n<td>Off time<\/td>\n<\/tr>\n<tr>\n<td>Time rewards<\/td>\n<\/tr>\n<tr>\n<td>Family online time ranking<\/td>\n<\/tr>\n<tr>\n<td>Pause the internet<\/td>\n<\/tr>\n<tr>\n<td>Weekly and monthly reports<\/td>\n<\/tr>\n<tr>\n<td>Wan types dynamic ip<\/td>\n<\/tr>\n<tr>\n<td>Static ip<\/td>\n<\/tr>\n<tr>\n<td>Pppoe<\/td>\n<\/tr>\n<tr>\n<td>Pptp<\/td>\n<\/tr>\n<tr>\n<td>L2tp<\/td>\n<\/tr>\n<tr>\n<td>Quality of service homeshield qos<\/td>\n<\/tr>\n<tr>\n<td>________________________________________qos by device<\/td>\n<\/tr>\n<tr>\n<td>Cloud service ota firmware upgrade<\/td>\n<\/tr>\n<tr>\n<td>Tp-link id<\/td>\n<\/tr>\n<tr>\n<td>Ddns<\/td>\n<\/tr>\n<tr>\n<td>Nat forwarding port forwarding<\/td>\n<\/tr>\n<tr>\n<td>Upnp<\/td>\n<\/tr>\n<tr>\n<td>Iptv igmp proxy<\/td>\n<\/tr>\n<tr>\n<td>Igmp snooping<\/td>\n<\/tr>\n<tr>\n<td>Bridge<\/td>\n<\/tr>\n<tr>\n<td>Tag vlan<\/td>\n<\/tr>\n<tr>\n<td>Dhcp address reservation<\/td>\n<\/tr>\n<tr>\n<td>Dhcp client list<\/td>\n<\/tr>\n<tr>\n<td>Server<\/td>\n<\/tr>\n<tr>\n<td>Ddns tp-link<\/td>\n<\/tr>\n<tr>\n<td>Management deco app<\/td>\n<\/tr>\n<tr>\n<td>Test data<\/td>\n<\/tr>\n<tr>\n<td>Wifi transmission power ce:<\/td>\n<\/tr>\n<tr>\n<td> 20 dbm (2.4 ghz)<\/td>\n<\/tr>\n<tr>\n<td> 23 dbm (5 ghz)<\/td>\n<\/tr>\n<tr>\n<td> 23 dbm (6 ghz)<\/td>\n<\/tr>\n<tr>\n<td>Fcc:<\/td>\n<\/tr>\n<tr>\n<td> 30 dbm (2.4 ghz)<\/td>\n<\/tr>\n<tr>\n<td> 30 dbm(5 ghz)<\/td>\n<\/tr>\n<tr>\n<td> 30 dbm(6 ghz)<\/td>\n<\/tr>\n<tr>\n<td>Physical<\/td>\n<\/tr>\n<tr>\n<td>Dimensions (w\u00d7d\u00d7h) 4.1 \u00d7 4.1 \u00d7 6.7 in<\/td>\n<\/tr>\n<tr>\n<td>(105 \u00d7 105 \u00d7 169 mm)<\/td>\n<\/tr>\n<tr>\n<td>Package contents deco xe75 (3-pack)<\/td>\n<\/tr>\n<tr>\n<td>3 deco xe75 units<\/td>\n<\/tr>\n<tr>\n<td>1 rj45 ethernet cable<\/td>\n<\/tr>\n<tr>\n<td>3 power adapters<\/td>\n<\/tr>\n<tr>\n<td>1 quick installation guide<\/td>\n<\/tr>\n<tr>\n<td>Deco xe75 (2-pack)<\/td>\n<\/tr>\n<tr>\n<td>2 deco xe75 units<\/td>\n<\/tr>\n<tr>\n<td>1 rj45 ethernet cable<\/td>\n<\/tr>\n<tr>\n<td>2 power adapters<\/td>\n<\/tr>\n<tr>\n<td>1 quick installation guide<\/td>\n<\/tr>\n<tr>\n<td>Deco xe75 (1-pack)<\/td>\n<\/tr>\n<tr>\n<td>1 deco xe75 units<\/td>\n<\/tr>\n<tr>\n<td>1 rj45 ethernet cable<\/td>\n<\/tr>\n<tr>\n<td>1 power adapters<\/td>\n<\/tr>\n<tr>\n<td>1 quick installation guide<\/td>\n<\/tr>\n<tr>\n<td>Otros<\/td>\n<\/tr>\n<tr>\n<td>Certificaciones ce, fcc, rohs<\/td>\n<\/tr>\n<tr>\n<td>Ambiente operating temperature: 0\u00b0c~40\u00b0c (32 \u00b0f~104 \u00b0f)<\/td>\n<\/tr>\n<tr>\n<td>Storage temperature: -40\u00b0c~60\u00b0c (-40 \u00b0f~140 \u00b0f)<\/td>\n<\/tr>\n<tr>\n<td>Operating humidity: 10%~90% rh<\/td>\n<\/tr>\n<tr>\n<td>Storage humidity: 5%~90% rh<\/td>\n<\/tr>\n<\/table>\n","protected":false},"excerpt":{"rendered":"<p>Deco xe75 nuevo. Sistema wi-fi 6e de malla tribanda axe5400. Wifi 6e para todo el hogar: cubra hasta 2900 ft2 con wifi continuo de pr\u00f3xima generaci\u00f3n y haga que las zonas muertas y el almacenamiento en b\u00fafer sean cosa del pasado\u0086?. Nueva banda de 6 ghz: experimente la \u00faltima frecuencia de wifi, eliminando la interferencia de todos los dispositivos heredados. La banda de 6 ghz tambi\u00e9n ofrece un potente backhaul dedicado para optimizar a\u00fan m\u00e1s el rendimiento de wifi de los dispositivos que no son 6e and #9651. Velocidad tribanda real: las tres bandas wifi funcionan juntas para liberar las velocidades totales de su red de hasta 5400 mbps para 200 dispositivos?. Malla impulsada por ia: une su hogar bajo un nombre y contrase\u00f1a mientras brinda las mejores conexiones a medida que se mueve de una habitaci\u00f3n a otra. Tp-link homeshield: mantiene segura su red dom\u00e9stica con funciones de vanguardia para la protecci\u00f3n de la red y el iot?. La configuraci\u00f3n es m\u00e1s f\u00e1cil que nunca: la aplicaci\u00f3n deco lo gu\u00eda a trav\u00e9s de la configuraci\u00f3n paso a paso. Compatibilidad universal: compatible con todas las generaciones de wi-fi y funciona con cualquier proveedor de servicios de internet (isp) y m\u00f3dem<\/p>\n","protected":false},"featured_media":221401,"comment_status":"open","ping_status":"open","template":"","meta":[],"product_cat":[1563,1753],"product_tag":[1562],"acf":[],"yoast_head":"<!-- This site is optimized with the Yoast SEO plugin v21.7 - https:\/\/yoast.com\/wordpress\/plugins\/seo\/ -->\n<title>[ Tp Link ] &#129351; Deco Xe75(3-pack) Router | Tp-link | | Wi-fi 6e | Mesh | Triple Banda | Axe5400 | Modos De Trabajo Ap \/ Router<\/title>\n<meta name=\"description\" content=\"Compra Deco Xe75(3-pack) Router | Tp-link | | Wi-fi 6e | Mesh | Triple Banda | Axe5400 | Modos De Trabajo Ap \/ Router + Env\u00edo a domicilio + Pago seguro + Garant\u00eda\" \/>\n<meta name=\"robots\" content=\"index, follow, max-snippet:-1, max-image-preview:large, max-video-preview:-1\" \/>\n<link rel=\"canonical\" href=\"https:\/\/compuviper.mx\/tienda\/producto\/tp-link-deco-xe753-pack-router-tp-link-wi-fi-6e-mesh-triple-banda-axe5400-modos-de-trabajo-ap-router\/\" \/>\n<meta property=\"og:locale\" content=\"es_MX\" \/>\n<meta property=\"og:type\" content=\"article\" \/>\n<meta property=\"og:title\" content=\"[ Tp Link ] &#129351; Deco Xe75(3-pack) Router | Tp-link | | Wi-fi 6e | Mesh | Triple Banda | Axe5400 | Modos De Trabajo Ap \/ Router\" \/>\n<meta property=\"og:description\" content=\"Compra Deco Xe75(3-pack) Router | Tp-link | | Wi-fi 6e | Mesh | Triple Banda | Axe5400 | Modos De Trabajo Ap \/ Router + Env\u00edo a domicilio + Pago seguro + Garant\u00eda\" \/>\n<meta property=\"og:url\" content=\"https:\/\/compuviper.mx\/tienda\/producto\/tp-link-deco-xe753-pack-router-tp-link-wi-fi-6e-mesh-triple-banda-axe5400-modos-de-trabajo-ap-router\/\" \/>\n<meta property=\"og:site_name\" content=\"Compuviper\" \/>\n<meta property=\"article:publisher\" content=\"https:\/\/www.facebook.com\/compuviper\" \/>\n<meta property=\"og:image\" content=\"https:\/\/compuviper.mx\/tienda\/wp-content\/uploads\/2023\/12\/Router-tp-link-deco-xe753-pack-wi-fi-6e-mesh-triple-banda-axe5400-modos-de-trabajo-ap-router.jpg\" \/>\n\t<meta property=\"og:image:width\" content=\"200\" \/>\n\t<meta property=\"og:image:height\" content=\"200\" \/>\n\t<meta property=\"og:image:type\" content=\"image\/jpeg\" \/>\n<meta name=\"twitter:card\" content=\"summary_large_image\" \/>\n<meta name=\"twitter:label1\" content=\"Precio\" \/>\n\t<meta name=\"twitter:data1\" content=\"&#36;5,553 con IVA\" \/>\n\t<meta name=\"twitter:label2\" content=\"Availability\" \/>\n\t<meta name=\"twitter:data2\" content=\"Out of stock\" \/>\n<script type=\"application\/ld+json\" class=\"yoast-schema-graph\">{\"@context\":\"https:\/\/schema.org\",\"@graph\":[{\"@type\":\"WebPage\",\"@id\":\"https:\/\/compuviper.mx\/tienda\/producto\/tp-link-deco-xe753-pack-router-tp-link-wi-fi-6e-mesh-triple-banda-axe5400-modos-de-trabajo-ap-router\/\",\"url\":\"https:\/\/compuviper.mx\/tienda\/producto\/tp-link-deco-xe753-pack-router-tp-link-wi-fi-6e-mesh-triple-banda-axe5400-modos-de-trabajo-ap-router\/\",\"name\":\"[ Tp Link ] &#129351; Deco Xe75(3-pack) Router | Tp-link | | Wi-fi 6e | Mesh | Triple Banda | Axe5400 | Modos De Trabajo Ap \/ Router\",\"isPartOf\":{\"@id\":\"https:\/\/compuviper.mx\/tienda\/#website\"},\"datePublished\":\"2026-04-18T07:10:58+00:00\",\"dateModified\":\"2026-04-18T07:10:58+00:00\",\"description\":\"Compra Deco Xe75(3-pack) Router | Tp-link | | Wi-fi 6e | Mesh | Triple Banda | Axe5400 | Modos De Trabajo Ap \/ Router + Env\u00edo a domicilio + Pago seguro + Garant\u00eda\",\"breadcrumb\":{\"@id\":\"https:\/\/compuviper.mx\/tienda\/producto\/tp-link-deco-xe753-pack-router-tp-link-wi-fi-6e-mesh-triple-banda-axe5400-modos-de-trabajo-ap-router\/#breadcrumb\"},\"inLanguage\":\"es-MX\",\"potentialAction\":[{\"@type\":\"ReadAction\",\"target\":[\"https:\/\/compuviper.mx\/tienda\/producto\/tp-link-deco-xe753-pack-router-tp-link-wi-fi-6e-mesh-triple-banda-axe5400-modos-de-trabajo-ap-router\/\"]}]},{\"@type\":\"BreadcrumbList\",\"@id\":\"https:\/\/compuviper.mx\/tienda\/producto\/tp-link-deco-xe753-pack-router-tp-link-wi-fi-6e-mesh-triple-banda-axe5400-modos-de-trabajo-ap-router\/#breadcrumb\",\"itemListElement\":[{\"@type\":\"ListItem\",\"position\":1,\"name\":\"Inicio\",\"item\":\"https:\/\/compuviper.mx\/tienda\/\"},{\"@type\":\"ListItem\",\"position\":2,\"name\":\"Productos\",\"item\":\"https:\/\/compuviper.mx\/tienda\/productos\/\"},{\"@type\":\"ListItem\",\"position\":3,\"name\":\"Redes\",\"item\":\"https:\/\/compuviper.mx\/tienda\/categoria-producto\/redes\/\"},{\"@type\":\"ListItem\",\"position\":4,\"name\":\"Router\",\"item\":\"https:\/\/compuviper.mx\/tienda\/categoria-producto\/redes\/router\/\"},{\"@type\":\"ListItem\",\"position\":5,\"name\":\"Tp Link Deco Xe75(3-pack) Router | Tp-link | | Wi-fi 6e | Mesh | Triple Banda | Axe5400 | Modos De Trabajo Ap \/ Router\"}]},{\"@type\":\"WebSite\",\"@id\":\"https:\/\/compuviper.mx\/tienda\/#website\",\"url\":\"https:\/\/compuviper.mx\/tienda\/\",\"name\":\"Compuviper\",\"description\":\"Proveedor de Computadoras, Laptops, Servidores, Monitores, Puntos de Venta, Teclados,   Impresoras, T\u00f3ner, C\u00e1maras de Seguridad y m\u00e1s en tu tienda en l\u00ednea\",\"publisher\":{\"@id\":\"https:\/\/compuviper.mx\/tienda\/#organization\"},\"potentialAction\":[{\"@type\":\"SearchAction\",\"target\":{\"@type\":\"EntryPoint\",\"urlTemplate\":\"https:\/\/compuviper.mx\/tienda\/?s={search_term_string}\"},\"query-input\":\"required name=search_term_string\"}],\"inLanguage\":\"es-MX\"},{\"@type\":\"Organization\",\"@id\":\"https:\/\/compuviper.mx\/tienda\/#organization\",\"name\":\"Compuviper\",\"url\":\"https:\/\/compuviper.mx\/tienda\/\",\"logo\":{\"@type\":\"ImageObject\",\"inLanguage\":\"es-MX\",\"@id\":\"https:\/\/compuviper.mx\/tienda\/#\/schema\/logo\/image\/\",\"url\":\"https:\/\/compuviper.mx\/tienda\/wp-content\/uploads\/2021\/08\/Logo-Compuviper-10.png\",\"contentUrl\":\"https:\/\/compuviper.mx\/tienda\/wp-content\/uploads\/2021\/08\/Logo-Compuviper-10.png\",\"width\":1000,\"height\":500,\"caption\":\"Compuviper\"},\"image\":{\"@id\":\"https:\/\/compuviper.mx\/tienda\/#\/schema\/logo\/image\/\"},\"sameAs\":[\"https:\/\/www.facebook.com\/compuviper\",\"https:\/\/www.youtube.com\/channel\/UCf73dERp9Y3cfOq7q8BhLjA?view_as=subscriber\"]}]}<\/script>\n<meta property=\"product:brand\" content=\"TP LINK\" \/>\n<meta property=\"product:price:amount\" content=\"5553\" \/>\n<meta property=\"product:price:currency\" content=\"MXN\" \/>\n<meta property=\"og:availability\" content=\"out of stock\" \/>\n<meta property=\"product:availability\" content=\"out of stock\" \/>\n<meta property=\"product:retailer_item_id\" content=\"DECO XE75(3-PACK)\" \/>\n<meta property=\"product:condition\" content=\"new\" \/>\n<!-- \/ Yoast SEO plugin. -->","yoast_head_json":{"title":"[ Tp Link ] &#129351; Deco Xe75(3-pack) Router | Tp-link | | Wi-fi 6e | Mesh | Triple Banda | Axe5400 | Modos De Trabajo Ap \/ Router","description":"Compra Deco Xe75(3-pack) Router | Tp-link | | Wi-fi 6e | Mesh | Triple Banda | Axe5400 | Modos De Trabajo Ap \/ Router + Env\u00edo a domicilio + Pago seguro + Garant\u00eda","robots":{"index":"index","follow":"follow","max-snippet":"max-snippet:-1","max-image-preview":"max-image-preview:large","max-video-preview":"max-video-preview:-1"},"canonical":"https:\/\/compuviper.mx\/tienda\/producto\/tp-link-deco-xe753-pack-router-tp-link-wi-fi-6e-mesh-triple-banda-axe5400-modos-de-trabajo-ap-router\/","og_locale":"es_MX","og_type":"article","og_title":"[ Tp Link ] &#129351; Deco Xe75(3-pack) Router | Tp-link | | Wi-fi 6e | Mesh | Triple Banda | Axe5400 | Modos De Trabajo Ap \/ Router","og_description":"Compra Deco Xe75(3-pack) Router | Tp-link | | Wi-fi 6e | Mesh | Triple Banda | Axe5400 | Modos De Trabajo Ap \/ Router + Env\u00edo a domicilio + Pago seguro + Garant\u00eda","og_url":"https:\/\/compuviper.mx\/tienda\/producto\/tp-link-deco-xe753-pack-router-tp-link-wi-fi-6e-mesh-triple-banda-axe5400-modos-de-trabajo-ap-router\/","og_site_name":"Compuviper","article_publisher":"https:\/\/www.facebook.com\/compuviper","og_image":[{"width":200,"height":200,"url":"https:\/\/compuviper.mx\/tienda\/wp-content\/uploads\/2023\/12\/Router-tp-link-deco-xe753-pack-wi-fi-6e-mesh-triple-banda-axe5400-modos-de-trabajo-ap-router.jpg","type":"image\/jpeg"}],"twitter_card":"summary_large_image","twitter_misc":{"Precio":"&#36;5,553 con IVA","Availability":"Out of stock"},"schema":{"@context":"https:\/\/schema.org","@graph":[{"@type":"WebPage","@id":"https:\/\/compuviper.mx\/tienda\/producto\/tp-link-deco-xe753-pack-router-tp-link-wi-fi-6e-mesh-triple-banda-axe5400-modos-de-trabajo-ap-router\/","url":"https:\/\/compuviper.mx\/tienda\/producto\/tp-link-deco-xe753-pack-router-tp-link-wi-fi-6e-mesh-triple-banda-axe5400-modos-de-trabajo-ap-router\/","name":"[ Tp Link ] &#129351; Deco Xe75(3-pack) Router | Tp-link | | Wi-fi 6e | Mesh | Triple Banda | Axe5400 | Modos De Trabajo Ap \/ Router","isPartOf":{"@id":"https:\/\/compuviper.mx\/tienda\/#website"},"datePublished":"2026-04-18T07:10:58+00:00","dateModified":"2026-04-18T07:10:58+00:00","description":"Compra Deco Xe75(3-pack) Router | Tp-link | | Wi-fi 6e | Mesh | Triple Banda | Axe5400 | Modos De Trabajo Ap \/ Router + Env\u00edo a domicilio + Pago seguro + Garant\u00eda","breadcrumb":{"@id":"https:\/\/compuviper.mx\/tienda\/producto\/tp-link-deco-xe753-pack-router-tp-link-wi-fi-6e-mesh-triple-banda-axe5400-modos-de-trabajo-ap-router\/#breadcrumb"},"inLanguage":"es-MX","potentialAction":[{"@type":"ReadAction","target":["https:\/\/compuviper.mx\/tienda\/producto\/tp-link-deco-xe753-pack-router-tp-link-wi-fi-6e-mesh-triple-banda-axe5400-modos-de-trabajo-ap-router\/"]}]},{"@type":"BreadcrumbList","@id":"https:\/\/compuviper.mx\/tienda\/producto\/tp-link-deco-xe753-pack-router-tp-link-wi-fi-6e-mesh-triple-banda-axe5400-modos-de-trabajo-ap-router\/#breadcrumb","itemListElement":[{"@type":"ListItem","position":1,"name":"Inicio","item":"https:\/\/compuviper.mx\/tienda\/"},{"@type":"ListItem","position":2,"name":"Productos","item":"https:\/\/compuviper.mx\/tienda\/productos\/"},{"@type":"ListItem","position":3,"name":"Redes","item":"https:\/\/compuviper.mx\/tienda\/categoria-producto\/redes\/"},{"@type":"ListItem","position":4,"name":"Router","item":"https:\/\/compuviper.mx\/tienda\/categoria-producto\/redes\/router\/"},{"@type":"ListItem","position":5,"name":"Tp Link Deco Xe75(3-pack) Router | Tp-link | | Wi-fi 6e | Mesh | Triple Banda | Axe5400 | Modos De Trabajo Ap \/ Router"}]},{"@type":"WebSite","@id":"https:\/\/compuviper.mx\/tienda\/#website","url":"https:\/\/compuviper.mx\/tienda\/","name":"Compuviper","description":"Proveedor de Computadoras, Laptops, Servidores, Monitores, Puntos de Venta, Teclados,   Impresoras, T\u00f3ner, C\u00e1maras de Seguridad y m\u00e1s en tu tienda en l\u00ednea","publisher":{"@id":"https:\/\/compuviper.mx\/tienda\/#organization"},"potentialAction":[{"@type":"SearchAction","target":{"@type":"EntryPoint","urlTemplate":"https:\/\/compuviper.mx\/tienda\/?s={search_term_string}"},"query-input":"required name=search_term_string"}],"inLanguage":"es-MX"},{"@type":"Organization","@id":"https:\/\/compuviper.mx\/tienda\/#organization","name":"Compuviper","url":"https:\/\/compuviper.mx\/tienda\/","logo":{"@type":"ImageObject","inLanguage":"es-MX","@id":"https:\/\/compuviper.mx\/tienda\/#\/schema\/logo\/image\/","url":"https:\/\/compuviper.mx\/tienda\/wp-content\/uploads\/2021\/08\/Logo-Compuviper-10.png","contentUrl":"https:\/\/compuviper.mx\/tienda\/wp-content\/uploads\/2021\/08\/Logo-Compuviper-10.png","width":1000,"height":500,"caption":"Compuviper"},"image":{"@id":"https:\/\/compuviper.mx\/tienda\/#\/schema\/logo\/image\/"},"sameAs":["https:\/\/www.facebook.com\/compuviper","https:\/\/www.youtube.com\/channel\/UCf73dERp9Y3cfOq7q8BhLjA?view_as=subscriber"]}]},"product_brand":"TP LINK","product_price_amount":"5553","product_price_currency":"MXN","og_availability":"out of stock","product_availability":"out of stock","product_retailer_item_id":"DECO XE75(3-PACK)","product_condition":"new"},"_links":{"self":[{"href":"https:\/\/compuviper.mx\/tienda\/wp-json\/wp\/v2\/product\/221400"}],"collection":[{"href":"https:\/\/compuviper.mx\/tienda\/wp-json\/wp\/v2\/product"}],"about":[{"href":"https:\/\/compuviper.mx\/tienda\/wp-json\/wp\/v2\/types\/product"}],"replies":[{"embeddable":true,"href":"https:\/\/compuviper.mx\/tienda\/wp-json\/wp\/v2\/comments?post=221400"}],"wp:featuredmedia":[{"embeddable":true,"href":"https:\/\/compuviper.mx\/tienda\/wp-json\/wp\/v2\/media\/221401"}],"wp:attachment":[{"href":"https:\/\/compuviper.mx\/tienda\/wp-json\/wp\/v2\/media?parent=221400"}],"wp:term":[{"taxonomy":"product_cat","embeddable":true,"href":"https:\/\/compuviper.mx\/tienda\/wp-json\/wp\/v2\/product_cat?post=221400"},{"taxonomy":"product_tag","embeddable":true,"href":"https:\/\/compuviper.mx\/tienda\/wp-json\/wp\/v2\/product_tag?post=221400"}],"curies":[{"name":"wp","href":"https:\/\/api.w.org\/{rel}","templated":true}]}}