{"id":221392,"date":"2026-04-18T01:10:57","date_gmt":"2026-04-18T07:10:57","guid":{"rendered":"https:\/\/compuviper.mx\/tienda\/producto\/grandstream-gwn7062-router-inalambrico-wi-fi-6-mu-mimo-2x22-1-77-gbps-doble-banda-admite-256-dispositivos-redes-mesh-con-puntos-de-accesos-gs-soporte-de-vpn\/"},"modified":"2026-04-18T01:10:57","modified_gmt":"2026-04-18T07:10:57","slug":"grandstream-gwn7062-router-inalambrico-wi-fi-6-mu-mimo-2x22-1-77-gbps-doble-banda-admite-256-dispositivos-redes-mesh-con-puntos-de-accesos-gs-soporte-de-vpn","status":"publish","type":"product","link":"https:\/\/compuviper.mx\/tienda\/producto\/grandstream-gwn7062-router-inalambrico-wi-fi-6-mu-mimo-2x22-1-77-gbps-doble-banda-admite-256-dispositivos-redes-mesh-con-puntos-de-accesos-gs-soporte-de-vpn\/","title":{"rendered":"Grandstream Gwn7062 Router Inalambrico   \/ Wi-fi 6 Mu-mimo 2&#215;22, 1.77 Gbps Doble Banda Admite 256 Dispositivos Redes Mesh Con Puntos De Accesos Gs Soporte De Vpn"},"content":{"rendered":"<table class=\"descripcion\">\n<tr>\n<td>Est\u00e1ndares wi-fi ieee 802.11 a\/b\/g\/n\/ac\/ax<\/td>\n<\/tr>\n<tr>\n<td>Antenas 4 antenas externas, 2 en banda 2.4 ghz, ganancia 5dbi \/ 2 en banda 5 ghz, ganancia 5dbi<\/td>\n<\/tr>\n<tr>\n<td>Vpn cliente: l2tp, pptp, ipsec, servidor vpn: ipsec, openvpn<\/td>\n<\/tr>\n<tr>\n<td>Firewall ddns, reenv\u00edo de puertos, dmz, upnp, anti-dos, reglas de tr\u00e1fico, nat, alg<\/td>\n<\/tr>\n<tr>\n<td>Administraci\u00f3n el controlador integrado gwn7052 puede administrarse a s\u00ed mismo y hasta 30 puntos de acceso gwn, gwn.cloud ofrece una plataforma de administraci\u00f3n en la nube gratuita para enrutadores gwn7052 y puntos de acceso gwn ilimitados<\/td>\n<\/tr>\n<tr>\n<td>Clientes concurrentes 100<\/td>\n<\/tr>\n<tr>\n<td>Interfaces de red 5 puertos ethernet de 10\/100\/1000base-t con detecci\u00f3n autom\u00e1tica, incluyendo 1 wan y 4 lan<\/td>\n<\/tr>\n<tr>\n<td>Energia adaptador de alimentaci\u00f3n universal incluido: entrada 100-240 v ca 50-60 hz salida: 12 v cc 1 a (12 w);<\/td>\n<\/tr>\n<tr>\n<td>Contenido del paquete router inalambrico gwn7052, gu\u00eda de inicio r\u00e1pido, cable de red y fuente de alimentaci\u00f3n<\/td>\n<\/tr>\n<\/table>\n","protected":false},"excerpt":{"rendered":"<p>El gwn7062 es un enrutador seguro de doble banda con la \u00faltima tecnolog\u00eda wi-fi 6 (802.11ax). Ideal para oficinas peque\u00f1as, oficinas en el hogar y trabajadores remotos, el gwn7062 proporciona mu-mimo 2\u00d72 de doble banda con tecnolog\u00eda dl\/ul ofdma y admite redes de malla inal\u00e1mbricas y conexiones de puntos de acceso por cable. Cuenta con un potente procesador quad-core de 64 bits y 1,2 ghz para proporcionar velocidades de wi-fi de hasta 1,77 gbps con hasta 256 dispositivos inal\u00e1mbricos, lo que permite que el gwn7062 impulse la automatizaci\u00f3n inteligente de la oficina y el hogar, transmisi\u00f3n fluida 4k ultra hd, reuniones web, videoconferencias, juegos en l\u00ednea y m\u00e1s. Admite vpn para permitir que los empleados remotos se conecten de forma segura a la red corporativa desde el hogar o las sucursales. El gwn7062 tambi\u00e9n proporciona funciones de seguridad de nivel empresarial para garantizar un acceso seguro a wi-fi y vpn, incluidos certificados de seguridad \u00fanicos y contrase\u00f1as predeterminadas aleatorias. Para garantizar una f\u00e1cil instalaci\u00f3n y administraci\u00f3n, el gwn7062 incluye un controlador integrado integrado en la interfaz de usuario web del producto. Tambi\u00e9n es compatible con gwn.Cloud (pr\u00f3ximamente), la plataforma gratuita de administraci\u00f3n de wi-fi en la nube de grandstream. Al combinar velocidades wi-fi aceleradas, redes de malla y conexiones ap por cable con caracter\u00edsticas avanzadas que incluyen vpn, tecnolog\u00eda de formaci\u00f3n de haces y qos inteligente, el gwn7062 es el enrutador ideal para una red dom\u00e9stica en crecimiento.<\/p>\n","protected":false},"featured_media":221393,"comment_status":"open","ping_status":"open","template":"","meta":[],"product_cat":[1563,1753],"product_tag":[1576],"acf":[],"yoast_head":"<!-- This site is optimized with the Yoast SEO plugin v21.7 - https:\/\/yoast.com\/wordpress\/plugins\/seo\/ -->\n<title>[ Grandstream ] &#129351; Gwn7062 Router Inalambrico \/ Wi-fi 6 Mu-mimo 2x22, 1.77 Gbps Doble Banda Admite 256 Dispositivos Redes Mesh Con Puntos De Accesos Gs Soporte De Vpn<\/title>\n<meta name=\"description\" content=\"Compra Gwn7062 Router Inalambrico \/ Wi-fi 6 Mu-mimo 2x22, 1.77 Gbps Doble Banda Admite 256 Dispositivos Redes Mesh Con Puntos De Accesos Gs Soporte De Vpn + Env\u00edo a domicilio + Pago seguro + Garant\u00eda\" \/>\n<meta name=\"robots\" content=\"index, follow, max-snippet:-1, max-image-preview:large, max-video-preview:-1\" \/>\n<link rel=\"canonical\" href=\"https:\/\/compuviper.mx\/tienda\/producto\/grandstream-gwn7062-router-inalambrico-wi-fi-6-mu-mimo-2x22-1-77-gbps-doble-banda-admite-256-dispositivos-redes-mesh-con-puntos-de-accesos-gs-soporte-de-vpn\/\" \/>\n<meta property=\"og:locale\" content=\"es_MX\" \/>\n<meta property=\"og:type\" content=\"article\" \/>\n<meta property=\"og:title\" content=\"[ Grandstream ] &#129351; Gwn7062 Router Inalambrico \/ Wi-fi 6 Mu-mimo 2x22, 1.77 Gbps Doble Banda Admite 256 Dispositivos Redes Mesh Con Puntos De Accesos Gs Soporte De Vpn\" \/>\n<meta property=\"og:description\" content=\"Compra Gwn7062 Router Inalambrico \/ Wi-fi 6 Mu-mimo 2x22, 1.77 Gbps Doble Banda Admite 256 Dispositivos Redes Mesh Con Puntos De Accesos Gs Soporte De Vpn + Env\u00edo a domicilio + Pago seguro + Garant\u00eda\" \/>\n<meta property=\"og:url\" content=\"https:\/\/compuviper.mx\/tienda\/producto\/grandstream-gwn7062-router-inalambrico-wi-fi-6-mu-mimo-2x22-1-77-gbps-doble-banda-admite-256-dispositivos-redes-mesh-con-puntos-de-accesos-gs-soporte-de-vpn\/\" \/>\n<meta property=\"og:site_name\" content=\"Compuviper\" \/>\n<meta property=\"article:publisher\" content=\"https:\/\/www.facebook.com\/compuviper\" \/>\n<meta property=\"og:image\" content=\"https:\/\/compuviper.mx\/tienda\/wp-content\/uploads\/2023\/12\/Router-inalambrico-grandstream-gwn7062-wi-fi-6-mu-mimo-2x22-1.77-gbps-doble-banda-admite-256-dispositivos-redes-mesh-con-puntos-de-accesos-gs-soporte-de-vpn.jpg\" \/>\n\t<meta property=\"og:image:width\" content=\"200\" \/>\n\t<meta property=\"og:image:height\" content=\"200\" \/>\n\t<meta property=\"og:image:type\" content=\"image\/jpeg\" \/>\n<meta name=\"twitter:card\" content=\"summary_large_image\" \/>\n<meta name=\"twitter:label1\" content=\"Precio\" \/>\n\t<meta name=\"twitter:data1\" content=\"&#36;1,419 con IVA\" \/>\n\t<meta name=\"twitter:label2\" content=\"Availability\" \/>\n\t<meta name=\"twitter:data2\" content=\"On backorder\" \/>\n<script type=\"application\/ld+json\" class=\"yoast-schema-graph\">{\"@context\":\"https:\/\/schema.org\",\"@graph\":[{\"@type\":\"WebPage\",\"@id\":\"https:\/\/compuviper.mx\/tienda\/producto\/grandstream-gwn7062-router-inalambrico-wi-fi-6-mu-mimo-2x22-1-77-gbps-doble-banda-admite-256-dispositivos-redes-mesh-con-puntos-de-accesos-gs-soporte-de-vpn\/\",\"url\":\"https:\/\/compuviper.mx\/tienda\/producto\/grandstream-gwn7062-router-inalambrico-wi-fi-6-mu-mimo-2x22-1-77-gbps-doble-banda-admite-256-dispositivos-redes-mesh-con-puntos-de-accesos-gs-soporte-de-vpn\/\",\"name\":\"[ Grandstream ] &#129351; Gwn7062 Router Inalambrico \/ Wi-fi 6 Mu-mimo 2x22, 1.77 Gbps Doble Banda Admite 256 Dispositivos Redes Mesh Con Puntos De Accesos Gs Soporte De Vpn\",\"isPartOf\":{\"@id\":\"https:\/\/compuviper.mx\/tienda\/#website\"},\"datePublished\":\"2026-04-18T07:10:57+00:00\",\"dateModified\":\"2026-04-18T07:10:57+00:00\",\"description\":\"Compra Gwn7062 Router Inalambrico \/ Wi-fi 6 Mu-mimo 2x22, 1.77 Gbps Doble Banda Admite 256 Dispositivos Redes Mesh Con Puntos De Accesos Gs Soporte De Vpn + Env\u00edo a domicilio + Pago seguro + Garant\u00eda\",\"breadcrumb\":{\"@id\":\"https:\/\/compuviper.mx\/tienda\/producto\/grandstream-gwn7062-router-inalambrico-wi-fi-6-mu-mimo-2x22-1-77-gbps-doble-banda-admite-256-dispositivos-redes-mesh-con-puntos-de-accesos-gs-soporte-de-vpn\/#breadcrumb\"},\"inLanguage\":\"es-MX\",\"potentialAction\":[{\"@type\":\"ReadAction\",\"target\":[\"https:\/\/compuviper.mx\/tienda\/producto\/grandstream-gwn7062-router-inalambrico-wi-fi-6-mu-mimo-2x22-1-77-gbps-doble-banda-admite-256-dispositivos-redes-mesh-con-puntos-de-accesos-gs-soporte-de-vpn\/\"]}]},{\"@type\":\"BreadcrumbList\",\"@id\":\"https:\/\/compuviper.mx\/tienda\/producto\/grandstream-gwn7062-router-inalambrico-wi-fi-6-mu-mimo-2x22-1-77-gbps-doble-banda-admite-256-dispositivos-redes-mesh-con-puntos-de-accesos-gs-soporte-de-vpn\/#breadcrumb\",\"itemListElement\":[{\"@type\":\"ListItem\",\"position\":1,\"name\":\"Inicio\",\"item\":\"https:\/\/compuviper.mx\/tienda\/\"},{\"@type\":\"ListItem\",\"position\":2,\"name\":\"Productos\",\"item\":\"https:\/\/compuviper.mx\/tienda\/productos\/\"},{\"@type\":\"ListItem\",\"position\":3,\"name\":\"Redes\",\"item\":\"https:\/\/compuviper.mx\/tienda\/categoria-producto\/redes\/\"},{\"@type\":\"ListItem\",\"position\":4,\"name\":\"Router\",\"item\":\"https:\/\/compuviper.mx\/tienda\/categoria-producto\/redes\/router\/\"},{\"@type\":\"ListItem\",\"position\":5,\"name\":\"Grandstream Gwn7062 Router Inalambrico \/ Wi-fi 6 Mu-mimo 2&#215;22, 1.77 Gbps Doble Banda Admite 256 Dispositivos Redes Mesh Con Puntos De Accesos Gs Soporte De Vpn\"}]},{\"@type\":\"WebSite\",\"@id\":\"https:\/\/compuviper.mx\/tienda\/#website\",\"url\":\"https:\/\/compuviper.mx\/tienda\/\",\"name\":\"Compuviper\",\"description\":\"Proveedor de Computadoras, Laptops, Servidores, Monitores, Puntos de Venta, Teclados,   Impresoras, T\u00f3ner, C\u00e1maras de Seguridad y m\u00e1s en tu tienda en l\u00ednea\",\"publisher\":{\"@id\":\"https:\/\/compuviper.mx\/tienda\/#organization\"},\"potentialAction\":[{\"@type\":\"SearchAction\",\"target\":{\"@type\":\"EntryPoint\",\"urlTemplate\":\"https:\/\/compuviper.mx\/tienda\/?s={search_term_string}\"},\"query-input\":\"required name=search_term_string\"}],\"inLanguage\":\"es-MX\"},{\"@type\":\"Organization\",\"@id\":\"https:\/\/compuviper.mx\/tienda\/#organization\",\"name\":\"Compuviper\",\"url\":\"https:\/\/compuviper.mx\/tienda\/\",\"logo\":{\"@type\":\"ImageObject\",\"inLanguage\":\"es-MX\",\"@id\":\"https:\/\/compuviper.mx\/tienda\/#\/schema\/logo\/image\/\",\"url\":\"https:\/\/compuviper.mx\/tienda\/wp-content\/uploads\/2021\/08\/Logo-Compuviper-10.png\",\"contentUrl\":\"https:\/\/compuviper.mx\/tienda\/wp-content\/uploads\/2021\/08\/Logo-Compuviper-10.png\",\"width\":1000,\"height\":500,\"caption\":\"Compuviper\"},\"image\":{\"@id\":\"https:\/\/compuviper.mx\/tienda\/#\/schema\/logo\/image\/\"},\"sameAs\":[\"https:\/\/www.facebook.com\/compuviper\",\"https:\/\/www.youtube.com\/channel\/UCf73dERp9Y3cfOq7q8BhLjA?view_as=subscriber\"]}]}<\/script>\n<meta property=\"product:brand\" content=\"GRANDSTREAM\" \/>\n<meta property=\"product:price:amount\" content=\"1419\" \/>\n<meta property=\"product:price:currency\" content=\"MXN\" \/>\n<meta property=\"og:availability\" content=\"backorder\" \/>\n<meta property=\"product:availability\" content=\"available for order\" \/>\n<meta property=\"product:retailer_item_id\" content=\"GWN7062\" \/>\n<meta property=\"product:condition\" content=\"new\" \/>\n<!-- \/ Yoast SEO plugin. -->","yoast_head_json":{"title":"[ Grandstream ] &#129351; Gwn7062 Router Inalambrico \/ Wi-fi 6 Mu-mimo 2x22, 1.77 Gbps Doble Banda Admite 256 Dispositivos Redes Mesh Con Puntos De Accesos Gs Soporte De Vpn","description":"Compra Gwn7062 Router Inalambrico \/ Wi-fi 6 Mu-mimo 2x22, 1.77 Gbps Doble Banda Admite 256 Dispositivos Redes Mesh Con Puntos De Accesos Gs Soporte De Vpn + Env\u00edo a domicilio + Pago seguro + Garant\u00eda","robots":{"index":"index","follow":"follow","max-snippet":"max-snippet:-1","max-image-preview":"max-image-preview:large","max-video-preview":"max-video-preview:-1"},"canonical":"https:\/\/compuviper.mx\/tienda\/producto\/grandstream-gwn7062-router-inalambrico-wi-fi-6-mu-mimo-2x22-1-77-gbps-doble-banda-admite-256-dispositivos-redes-mesh-con-puntos-de-accesos-gs-soporte-de-vpn\/","og_locale":"es_MX","og_type":"article","og_title":"[ Grandstream ] &#129351; Gwn7062 Router Inalambrico \/ Wi-fi 6 Mu-mimo 2x22, 1.77 Gbps Doble Banda Admite 256 Dispositivos Redes Mesh Con Puntos De Accesos Gs Soporte De Vpn","og_description":"Compra Gwn7062 Router Inalambrico \/ Wi-fi 6 Mu-mimo 2x22, 1.77 Gbps Doble Banda Admite 256 Dispositivos Redes Mesh Con Puntos De Accesos Gs Soporte De Vpn + Env\u00edo a domicilio + Pago seguro + Garant\u00eda","og_url":"https:\/\/compuviper.mx\/tienda\/producto\/grandstream-gwn7062-router-inalambrico-wi-fi-6-mu-mimo-2x22-1-77-gbps-doble-banda-admite-256-dispositivos-redes-mesh-con-puntos-de-accesos-gs-soporte-de-vpn\/","og_site_name":"Compuviper","article_publisher":"https:\/\/www.facebook.com\/compuviper","og_image":[{"width":200,"height":200,"url":"https:\/\/compuviper.mx\/tienda\/wp-content\/uploads\/2023\/12\/Router-inalambrico-grandstream-gwn7062-wi-fi-6-mu-mimo-2x22-1.77-gbps-doble-banda-admite-256-dispositivos-redes-mesh-con-puntos-de-accesos-gs-soporte-de-vpn.jpg","type":"image\/jpeg"}],"twitter_card":"summary_large_image","twitter_misc":{"Precio":"&#36;1,419 con IVA","Availability":"On backorder"},"schema":{"@context":"https:\/\/schema.org","@graph":[{"@type":"WebPage","@id":"https:\/\/compuviper.mx\/tienda\/producto\/grandstream-gwn7062-router-inalambrico-wi-fi-6-mu-mimo-2x22-1-77-gbps-doble-banda-admite-256-dispositivos-redes-mesh-con-puntos-de-accesos-gs-soporte-de-vpn\/","url":"https:\/\/compuviper.mx\/tienda\/producto\/grandstream-gwn7062-router-inalambrico-wi-fi-6-mu-mimo-2x22-1-77-gbps-doble-banda-admite-256-dispositivos-redes-mesh-con-puntos-de-accesos-gs-soporte-de-vpn\/","name":"[ Grandstream ] &#129351; Gwn7062 Router Inalambrico \/ Wi-fi 6 Mu-mimo 2x22, 1.77 Gbps Doble Banda Admite 256 Dispositivos Redes Mesh Con Puntos De Accesos Gs Soporte De Vpn","isPartOf":{"@id":"https:\/\/compuviper.mx\/tienda\/#website"},"datePublished":"2026-04-18T07:10:57+00:00","dateModified":"2026-04-18T07:10:57+00:00","description":"Compra Gwn7062 Router Inalambrico \/ Wi-fi 6 Mu-mimo 2x22, 1.77 Gbps Doble Banda Admite 256 Dispositivos Redes Mesh Con Puntos De Accesos Gs Soporte De Vpn + Env\u00edo a domicilio + Pago seguro + Garant\u00eda","breadcrumb":{"@id":"https:\/\/compuviper.mx\/tienda\/producto\/grandstream-gwn7062-router-inalambrico-wi-fi-6-mu-mimo-2x22-1-77-gbps-doble-banda-admite-256-dispositivos-redes-mesh-con-puntos-de-accesos-gs-soporte-de-vpn\/#breadcrumb"},"inLanguage":"es-MX","potentialAction":[{"@type":"ReadAction","target":["https:\/\/compuviper.mx\/tienda\/producto\/grandstream-gwn7062-router-inalambrico-wi-fi-6-mu-mimo-2x22-1-77-gbps-doble-banda-admite-256-dispositivos-redes-mesh-con-puntos-de-accesos-gs-soporte-de-vpn\/"]}]},{"@type":"BreadcrumbList","@id":"https:\/\/compuviper.mx\/tienda\/producto\/grandstream-gwn7062-router-inalambrico-wi-fi-6-mu-mimo-2x22-1-77-gbps-doble-banda-admite-256-dispositivos-redes-mesh-con-puntos-de-accesos-gs-soporte-de-vpn\/#breadcrumb","itemListElement":[{"@type":"ListItem","position":1,"name":"Inicio","item":"https:\/\/compuviper.mx\/tienda\/"},{"@type":"ListItem","position":2,"name":"Productos","item":"https:\/\/compuviper.mx\/tienda\/productos\/"},{"@type":"ListItem","position":3,"name":"Redes","item":"https:\/\/compuviper.mx\/tienda\/categoria-producto\/redes\/"},{"@type":"ListItem","position":4,"name":"Router","item":"https:\/\/compuviper.mx\/tienda\/categoria-producto\/redes\/router\/"},{"@type":"ListItem","position":5,"name":"Grandstream Gwn7062 Router Inalambrico \/ Wi-fi 6 Mu-mimo 2&#215;22, 1.77 Gbps Doble Banda Admite 256 Dispositivos Redes Mesh Con Puntos De Accesos Gs Soporte De Vpn"}]},{"@type":"WebSite","@id":"https:\/\/compuviper.mx\/tienda\/#website","url":"https:\/\/compuviper.mx\/tienda\/","name":"Compuviper","description":"Proveedor de Computadoras, Laptops, Servidores, Monitores, Puntos de Venta, Teclados,   Impresoras, T\u00f3ner, C\u00e1maras de Seguridad y m\u00e1s en tu tienda en l\u00ednea","publisher":{"@id":"https:\/\/compuviper.mx\/tienda\/#organization"},"potentialAction":[{"@type":"SearchAction","target":{"@type":"EntryPoint","urlTemplate":"https:\/\/compuviper.mx\/tienda\/?s={search_term_string}"},"query-input":"required name=search_term_string"}],"inLanguage":"es-MX"},{"@type":"Organization","@id":"https:\/\/compuviper.mx\/tienda\/#organization","name":"Compuviper","url":"https:\/\/compuviper.mx\/tienda\/","logo":{"@type":"ImageObject","inLanguage":"es-MX","@id":"https:\/\/compuviper.mx\/tienda\/#\/schema\/logo\/image\/","url":"https:\/\/compuviper.mx\/tienda\/wp-content\/uploads\/2021\/08\/Logo-Compuviper-10.png","contentUrl":"https:\/\/compuviper.mx\/tienda\/wp-content\/uploads\/2021\/08\/Logo-Compuviper-10.png","width":1000,"height":500,"caption":"Compuviper"},"image":{"@id":"https:\/\/compuviper.mx\/tienda\/#\/schema\/logo\/image\/"},"sameAs":["https:\/\/www.facebook.com\/compuviper","https:\/\/www.youtube.com\/channel\/UCf73dERp9Y3cfOq7q8BhLjA?view_as=subscriber"]}]},"product_brand":"GRANDSTREAM","product_price_amount":"1419","product_price_currency":"MXN","og_availability":"backorder","product_availability":"available for order","product_retailer_item_id":"GWN7062","product_condition":"new"},"_links":{"self":[{"href":"https:\/\/compuviper.mx\/tienda\/wp-json\/wp\/v2\/product\/221392"}],"collection":[{"href":"https:\/\/compuviper.mx\/tienda\/wp-json\/wp\/v2\/product"}],"about":[{"href":"https:\/\/compuviper.mx\/tienda\/wp-json\/wp\/v2\/types\/product"}],"replies":[{"embeddable":true,"href":"https:\/\/compuviper.mx\/tienda\/wp-json\/wp\/v2\/comments?post=221392"}],"wp:featuredmedia":[{"embeddable":true,"href":"https:\/\/compuviper.mx\/tienda\/wp-json\/wp\/v2\/media\/221393"}],"wp:attachment":[{"href":"https:\/\/compuviper.mx\/tienda\/wp-json\/wp\/v2\/media?parent=221392"}],"wp:term":[{"taxonomy":"product_cat","embeddable":true,"href":"https:\/\/compuviper.mx\/tienda\/wp-json\/wp\/v2\/product_cat?post=221392"},{"taxonomy":"product_tag","embeddable":true,"href":"https:\/\/compuviper.mx\/tienda\/wp-json\/wp\/v2\/product_tag?post=221392"}],"curies":[{"name":"wp","href":"https:\/\/api.w.org\/{rel}","templated":true}]}}