{"id":221382,"date":"2026-04-11T01:04:01","date_gmt":"2026-04-11T07:04:01","guid":{"rendered":"https:\/\/compuviper.mx\/tienda\/producto\/grandstream-gwn7625-access-point-doble-banda-de-2-03-gbps-mu-mimo-4x44-banda-5ghz-mu-mimo-2x22-banda-2-4g-admite-200-dispositivos-simultaneos\/"},"modified":"2026-04-11T01:04:01","modified_gmt":"2026-04-11T07:04:01","slug":"grandstream-gwn7625-access-point-wifi-5-banda-dual-22-2-4gmimo-44-5gmu-mimo-2-03-gbps-uso-interior-cobertura-165-mts-200-dispositivos-2-ptos-gigabit-controlador-inte-sin-inyector-poe","status":"publish","type":"product","link":"https:\/\/compuviper.mx\/tienda\/producto\/grandstream-gwn7625-access-point-wifi-5-banda-dual-22-2-4gmimo-44-5gmu-mimo-2-03-gbps-uso-interior-cobertura-165-mts-200-dispositivos-2-ptos-gigabit-controlador-inte-sin-inyector-poe\/","title":{"rendered":"Grandstream Gwn7625 Access Point  \/wifi 5\/ Banda Dual 2?2 2.4g(mimo) 4?4 5g(mu-mimo)\/ 2.03 Gbps\/ Uso Interior\/ Cobertura 165 Mts\/ 200 Dispositivos\/ 2 Ptos Gigabit\/ Controlador Inte\/ Sin Inyector Poe"},"content":{"rendered":"<table class=\"descripcion\">\n<tr>\n<td>Est\u00e1ndares wi-fi ieee 802.11a\/b\/g\/n\/ac (wave-2)<\/td>\n<\/tr>\n<tr>\n<td>Antenas 6 antenas internas de doble banda, soporte de formaci\u00f3n de haces 2.4 ghz, 3.5 dbi de ganancia, 5 ghz, 4.5 dbi de ganancia<\/td>\n<\/tr>\n<tr>\n<td>Bandas de frecuencia radio 2.4 ghz: 2412 &#8211; 2484 ghz\/radio 5 ghz: 5180 &#8211; 5825 ghz<\/td>\n<\/tr>\n<tr>\n<td>Cobertura hasta 175 metros *el rango de cobertura puede variar seg\u00fan el entorno.<\/td>\n<\/tr>\n<tr>\n<td>Seguridad wi-fi y del sistema wep, wpa\/wpa2-psk, wpa\/wpa2 enterprise, funci\u00f3n anti-hacking secure boot y bloqueo de seguridad de datos cr\u00edticos\/control por medio de firmas digitales, certificado de seguridad \u00fanico y contrase\u00f1a predeterminada aleatoria por dispositivo<\/td>\n<\/tr>\n<tr>\n<td>Clientes concurrentes hasta 200<\/td>\n<\/tr>\n<tr>\n<td>Interfaces de red 2 puertos ethernet de 10\/100\/1000base-t con detecci\u00f3n autom\u00e1tica<\/td>\n<\/tr>\n<tr>\n<td>Contenido de paquete<\/td>\n<\/tr>\n<tr>\n<td>Punto de acceso inal\u00e1mbrico 802.11ac wave-2 modelo gwn7625, kits de montaje, gu\u00eda de inicio r\u00e1pido, no incluye poe<\/td>\n<\/tr>\n<\/table>\n","protected":false},"excerpt":{"rendered":"<p>El gwn7625 es un punto de acceso wi-fi 802.11ac wave-2 ideal para peque\u00f1as a medianas empresas, oficinas en casa, tiendas, restaurantes y m\u00e1s. Ofrece tecnolog\u00eda mu-mimo 4&#215;4:4 en la banda 5g y mu-mimo 2&#215;2:2 en la banda 2.4g, as\u00ed como un sofisticado dise\u00f1o de antena para m\u00e1ximo rendimiento de la red y alcance expandido de la cobertura wi-fi. Para facilitar la instalaci\u00f3n y gesti\u00f3n, el gwn7625 utiliza un dise\u00f1o de gesti\u00f3n de redes sin controladores en donde el controlador est\u00e1 integrado dentro de la interfaz de usuario web del producto. El gwn7625 es tambi\u00e9n compatible con gwn.Cloud y gwn manager, la plataforma gratuita de gesti\u00f3n wi-fi en la nube y en sitio de grandstream. Es el punto de acceso wi-fi ideal para implementaciones de voz sobre wi-fi y ofrece una conexi\u00f3n ininterrumpida con los tel\u00e9fonos ip con capacidad wi-fi de grandstream. Con soporte para qos avanzado, aplicaciones en tiempo real de baja latencia, redes mesh, portales cautivos, m\u00e1s de 200 clientes simult\u00e1neos por punto de acceso y dos puertos de red gigabit con poe\/poe+, el gwn7625 es el punto de acceso wi-fi ideal para implementaciones de redes inal\u00e1mbricas con densidad media de usuarios.<\/p>\n","protected":false},"featured_media":221383,"comment_status":"open","ping_status":"open","template":"","meta":[],"product_cat":[1563,1754],"product_tag":[1576],"acf":[],"yoast_head":"<!-- This site is optimized with the Yoast SEO plugin v21.7 - https:\/\/yoast.com\/wordpress\/plugins\/seo\/ -->\n<title>[ Grandstream ] &#129351; Gwn7625 Access Point \/wifi 5\/ Banda Dual 2\u00d72 2.4g(mimo) 4\u00d74 5g(mu-mimo)\/ 2.03 Gbps\/ Uso Interior\/ Cobertura 165 Mts\/ 200 Dispositivos\/ 2 Ptos Gigabit\/ Controlador Inte\/ Sin Inyector Poe<\/title>\n<meta name=\"description\" content=\"Compra Gwn7625 Access Point \/wifi 5\/ Banda Dual 2\u00d72 2.4g(mimo) 4\u00d74 5g(mu-mimo)\/ 2.03 Gbps\/ Uso Interior\/ Cobertura 165 Mts\/ 200 Dispositivos\/ 2 Ptos Gigabit\/ Controlador Inte\/ Sin Inyector Poe + Env\u00edo a domicilio + Pago seguro + Garant\u00eda\" \/>\n<meta name=\"robots\" content=\"index, follow, max-snippet:-1, max-image-preview:large, max-video-preview:-1\" \/>\n<link rel=\"canonical\" href=\"https:\/\/compuviper.mx\/tienda\/producto\/grandstream-gwn7625-access-point-wifi-5-banda-dual-22-2-4gmimo-44-5gmu-mimo-2-03-gbps-uso-interior-cobertura-165-mts-200-dispositivos-2-ptos-gigabit-controlador-inte-sin-inyector-poe\/\" \/>\n<meta property=\"og:locale\" content=\"es_MX\" \/>\n<meta property=\"og:type\" content=\"article\" \/>\n<meta property=\"og:title\" content=\"[ Grandstream ] &#129351; Gwn7625 Access Point \/wifi 5\/ Banda Dual 2\u00d72 2.4g(mimo) 4\u00d74 5g(mu-mimo)\/ 2.03 Gbps\/ Uso Interior\/ Cobertura 165 Mts\/ 200 Dispositivos\/ 2 Ptos Gigabit\/ Controlador Inte\/ Sin Inyector Poe\" \/>\n<meta property=\"og:description\" content=\"Compra Gwn7625 Access Point \/wifi 5\/ Banda Dual 2\u00d72 2.4g(mimo) 4\u00d74 5g(mu-mimo)\/ 2.03 Gbps\/ Uso Interior\/ Cobertura 165 Mts\/ 200 Dispositivos\/ 2 Ptos Gigabit\/ Controlador Inte\/ Sin Inyector Poe + Env\u00edo a domicilio + Pago seguro + Garant\u00eda\" \/>\n<meta property=\"og:url\" content=\"https:\/\/compuviper.mx\/tienda\/producto\/grandstream-gwn7625-access-point-wifi-5-banda-dual-22-2-4gmimo-44-5gmu-mimo-2-03-gbps-uso-interior-cobertura-165-mts-200-dispositivos-2-ptos-gigabit-controlador-inte-sin-inyector-poe\/\" \/>\n<meta property=\"og:site_name\" content=\"Compuviper\" \/>\n<meta property=\"article:publisher\" content=\"https:\/\/www.facebook.com\/compuviper\" \/>\n<meta property=\"og:image\" content=\"https:\/\/compuviper.mx\/tienda\/wp-content\/uploads\/2023\/12\/Access-point-grandstream-gwn7625-doble-banda-de-2.03-gbps-mu-mimo-4x44-banda-5ghz-mu-mimo-2x22-banda-2.4g-admite-200-dispositivos-simultaneos.jpg\" \/>\n\t<meta property=\"og:image:width\" content=\"200\" \/>\n\t<meta property=\"og:image:height\" content=\"200\" \/>\n\t<meta property=\"og:image:type\" content=\"image\/jpeg\" \/>\n<meta name=\"twitter:card\" content=\"summary_large_image\" \/>\n<meta name=\"twitter:label1\" content=\"Precio\" \/>\n\t<meta name=\"twitter:data1\" content=\"&#36;1,369 &#36;1,248 con IVA\" \/>\n\t<meta name=\"twitter:label2\" content=\"Availability\" \/>\n\t<meta name=\"twitter:data2\" content=\"Out of stock\" \/>\n<script type=\"application\/ld+json\" class=\"yoast-schema-graph\">{\"@context\":\"https:\/\/schema.org\",\"@graph\":[{\"@type\":\"WebPage\",\"@id\":\"https:\/\/compuviper.mx\/tienda\/producto\/grandstream-gwn7625-access-point-wifi-5-banda-dual-22-2-4gmimo-44-5gmu-mimo-2-03-gbps-uso-interior-cobertura-165-mts-200-dispositivos-2-ptos-gigabit-controlador-inte-sin-inyector-poe\/\",\"url\":\"https:\/\/compuviper.mx\/tienda\/producto\/grandstream-gwn7625-access-point-wifi-5-banda-dual-22-2-4gmimo-44-5gmu-mimo-2-03-gbps-uso-interior-cobertura-165-mts-200-dispositivos-2-ptos-gigabit-controlador-inte-sin-inyector-poe\/\",\"name\":\"[ Grandstream ] &#129351; Gwn7625 Access Point \/wifi 5\/ Banda Dual 2\u00d72 2.4g(mimo) 4\u00d74 5g(mu-mimo)\/ 2.03 Gbps\/ Uso Interior\/ Cobertura 165 Mts\/ 200 Dispositivos\/ 2 Ptos Gigabit\/ Controlador Inte\/ Sin Inyector Poe\",\"isPartOf\":{\"@id\":\"https:\/\/compuviper.mx\/tienda\/#website\"},\"datePublished\":\"2026-04-11T07:04:01+00:00\",\"dateModified\":\"2026-04-11T07:04:01+00:00\",\"description\":\"Compra Gwn7625 Access Point \/wifi 5\/ Banda Dual 2\u00d72 2.4g(mimo) 4\u00d74 5g(mu-mimo)\/ 2.03 Gbps\/ Uso Interior\/ Cobertura 165 Mts\/ 200 Dispositivos\/ 2 Ptos Gigabit\/ Controlador Inte\/ Sin Inyector Poe + Env\u00edo a domicilio + Pago seguro + Garant\u00eda\",\"breadcrumb\":{\"@id\":\"https:\/\/compuviper.mx\/tienda\/producto\/grandstream-gwn7625-access-point-wifi-5-banda-dual-22-2-4gmimo-44-5gmu-mimo-2-03-gbps-uso-interior-cobertura-165-mts-200-dispositivos-2-ptos-gigabit-controlador-inte-sin-inyector-poe\/#breadcrumb\"},\"inLanguage\":\"es-MX\",\"potentialAction\":[{\"@type\":\"ReadAction\",\"target\":[\"https:\/\/compuviper.mx\/tienda\/producto\/grandstream-gwn7625-access-point-wifi-5-banda-dual-22-2-4gmimo-44-5gmu-mimo-2-03-gbps-uso-interior-cobertura-165-mts-200-dispositivos-2-ptos-gigabit-controlador-inte-sin-inyector-poe\/\"]}]},{\"@type\":\"BreadcrumbList\",\"@id\":\"https:\/\/compuviper.mx\/tienda\/producto\/grandstream-gwn7625-access-point-wifi-5-banda-dual-22-2-4gmimo-44-5gmu-mimo-2-03-gbps-uso-interior-cobertura-165-mts-200-dispositivos-2-ptos-gigabit-controlador-inte-sin-inyector-poe\/#breadcrumb\",\"itemListElement\":[{\"@type\":\"ListItem\",\"position\":1,\"name\":\"Inicio\",\"item\":\"https:\/\/compuviper.mx\/tienda\/\"},{\"@type\":\"ListItem\",\"position\":2,\"name\":\"Productos\",\"item\":\"https:\/\/compuviper.mx\/tienda\/productos\/\"},{\"@type\":\"ListItem\",\"position\":3,\"name\":\"Redes\",\"item\":\"https:\/\/compuviper.mx\/tienda\/categoria-producto\/redes\/\"},{\"@type\":\"ListItem\",\"position\":4,\"name\":\"Access Point\",\"item\":\"https:\/\/compuviper.mx\/tienda\/categoria-producto\/redes\/access-point\/\"},{\"@type\":\"ListItem\",\"position\":5,\"name\":\"Grandstream Gwn7625 Access Point \/wifi 5\/ Banda Dual 2?2 2.4g(mimo) 4?4 5g(mu-mimo)\/ 2.03 Gbps\/ Uso Interior\/ Cobertura 165 Mts\/ 200 Dispositivos\/ 2 Ptos Gigabit\/ Controlador Inte\/ Sin Inyector Poe\"}]},{\"@type\":\"WebSite\",\"@id\":\"https:\/\/compuviper.mx\/tienda\/#website\",\"url\":\"https:\/\/compuviper.mx\/tienda\/\",\"name\":\"Compuviper\",\"description\":\"Proveedor de Computadoras, Laptops, Servidores, Monitores, Puntos de Venta, Teclados,   Impresoras, T\u00f3ner, C\u00e1maras de Seguridad y m\u00e1s en tu tienda en l\u00ednea\",\"publisher\":{\"@id\":\"https:\/\/compuviper.mx\/tienda\/#organization\"},\"potentialAction\":[{\"@type\":\"SearchAction\",\"target\":{\"@type\":\"EntryPoint\",\"urlTemplate\":\"https:\/\/compuviper.mx\/tienda\/?s={search_term_string}\"},\"query-input\":\"required name=search_term_string\"}],\"inLanguage\":\"es-MX\"},{\"@type\":\"Organization\",\"@id\":\"https:\/\/compuviper.mx\/tienda\/#organization\",\"name\":\"Compuviper\",\"url\":\"https:\/\/compuviper.mx\/tienda\/\",\"logo\":{\"@type\":\"ImageObject\",\"inLanguage\":\"es-MX\",\"@id\":\"https:\/\/compuviper.mx\/tienda\/#\/schema\/logo\/image\/\",\"url\":\"https:\/\/compuviper.mx\/tienda\/wp-content\/uploads\/2021\/08\/Logo-Compuviper-10.png\",\"contentUrl\":\"https:\/\/compuviper.mx\/tienda\/wp-content\/uploads\/2021\/08\/Logo-Compuviper-10.png\",\"width\":1000,\"height\":500,\"caption\":\"Compuviper\"},\"image\":{\"@id\":\"https:\/\/compuviper.mx\/tienda\/#\/schema\/logo\/image\/\"},\"sameAs\":[\"https:\/\/www.facebook.com\/compuviper\",\"https:\/\/www.youtube.com\/channel\/UCf73dERp9Y3cfOq7q8BhLjA?view_as=subscriber\"]}]}<\/script>\n<meta property=\"product:brand\" content=\"GRANDSTREAM\" \/>\n<meta property=\"product:price:amount\" content=\"1248\" \/>\n<meta property=\"product:price:currency\" content=\"MXN\" \/>\n<meta property=\"og:availability\" content=\"out of stock\" \/>\n<meta property=\"product:availability\" content=\"out of stock\" \/>\n<meta property=\"product:retailer_item_id\" content=\"GWN7625\" \/>\n<meta property=\"product:condition\" content=\"new\" \/>\n<!-- \/ Yoast SEO plugin. -->","yoast_head_json":{"title":"[ Grandstream ] &#129351; Gwn7625 Access Point \/wifi 5\/ Banda Dual 2\u00d72 2.4g(mimo) 4\u00d74 5g(mu-mimo)\/ 2.03 Gbps\/ Uso Interior\/ Cobertura 165 Mts\/ 200 Dispositivos\/ 2 Ptos Gigabit\/ Controlador Inte\/ Sin Inyector Poe","description":"Compra Gwn7625 Access Point \/wifi 5\/ Banda Dual 2\u00d72 2.4g(mimo) 4\u00d74 5g(mu-mimo)\/ 2.03 Gbps\/ Uso Interior\/ Cobertura 165 Mts\/ 200 Dispositivos\/ 2 Ptos Gigabit\/ Controlador Inte\/ Sin Inyector Poe + Env\u00edo a domicilio + Pago seguro + Garant\u00eda","robots":{"index":"index","follow":"follow","max-snippet":"max-snippet:-1","max-image-preview":"max-image-preview:large","max-video-preview":"max-video-preview:-1"},"canonical":"https:\/\/compuviper.mx\/tienda\/producto\/grandstream-gwn7625-access-point-wifi-5-banda-dual-22-2-4gmimo-44-5gmu-mimo-2-03-gbps-uso-interior-cobertura-165-mts-200-dispositivos-2-ptos-gigabit-controlador-inte-sin-inyector-poe\/","og_locale":"es_MX","og_type":"article","og_title":"[ Grandstream ] &#129351; Gwn7625 Access Point \/wifi 5\/ Banda Dual 2\u00d72 2.4g(mimo) 4\u00d74 5g(mu-mimo)\/ 2.03 Gbps\/ Uso Interior\/ Cobertura 165 Mts\/ 200 Dispositivos\/ 2 Ptos Gigabit\/ Controlador Inte\/ Sin Inyector Poe","og_description":"Compra Gwn7625 Access Point \/wifi 5\/ Banda Dual 2\u00d72 2.4g(mimo) 4\u00d74 5g(mu-mimo)\/ 2.03 Gbps\/ Uso Interior\/ Cobertura 165 Mts\/ 200 Dispositivos\/ 2 Ptos Gigabit\/ Controlador Inte\/ Sin Inyector Poe + Env\u00edo a domicilio + Pago seguro + Garant\u00eda","og_url":"https:\/\/compuviper.mx\/tienda\/producto\/grandstream-gwn7625-access-point-wifi-5-banda-dual-22-2-4gmimo-44-5gmu-mimo-2-03-gbps-uso-interior-cobertura-165-mts-200-dispositivos-2-ptos-gigabit-controlador-inte-sin-inyector-poe\/","og_site_name":"Compuviper","article_publisher":"https:\/\/www.facebook.com\/compuviper","og_image":[{"width":200,"height":200,"url":"https:\/\/compuviper.mx\/tienda\/wp-content\/uploads\/2023\/12\/Access-point-grandstream-gwn7625-doble-banda-de-2.03-gbps-mu-mimo-4x44-banda-5ghz-mu-mimo-2x22-banda-2.4g-admite-200-dispositivos-simultaneos.jpg","type":"image\/jpeg"}],"twitter_card":"summary_large_image","twitter_misc":{"Precio":"&#36;1,369 &#36;1,248 con IVA","Availability":"Out of stock"},"schema":{"@context":"https:\/\/schema.org","@graph":[{"@type":"WebPage","@id":"https:\/\/compuviper.mx\/tienda\/producto\/grandstream-gwn7625-access-point-wifi-5-banda-dual-22-2-4gmimo-44-5gmu-mimo-2-03-gbps-uso-interior-cobertura-165-mts-200-dispositivos-2-ptos-gigabit-controlador-inte-sin-inyector-poe\/","url":"https:\/\/compuviper.mx\/tienda\/producto\/grandstream-gwn7625-access-point-wifi-5-banda-dual-22-2-4gmimo-44-5gmu-mimo-2-03-gbps-uso-interior-cobertura-165-mts-200-dispositivos-2-ptos-gigabit-controlador-inte-sin-inyector-poe\/","name":"[ Grandstream ] &#129351; Gwn7625 Access Point \/wifi 5\/ Banda Dual 2\u00d72 2.4g(mimo) 4\u00d74 5g(mu-mimo)\/ 2.03 Gbps\/ Uso Interior\/ Cobertura 165 Mts\/ 200 Dispositivos\/ 2 Ptos Gigabit\/ Controlador Inte\/ Sin Inyector Poe","isPartOf":{"@id":"https:\/\/compuviper.mx\/tienda\/#website"},"datePublished":"2026-04-11T07:04:01+00:00","dateModified":"2026-04-11T07:04:01+00:00","description":"Compra Gwn7625 Access Point \/wifi 5\/ Banda Dual 2\u00d72 2.4g(mimo) 4\u00d74 5g(mu-mimo)\/ 2.03 Gbps\/ Uso Interior\/ Cobertura 165 Mts\/ 200 Dispositivos\/ 2 Ptos Gigabit\/ Controlador Inte\/ Sin Inyector Poe + Env\u00edo a domicilio + Pago seguro + Garant\u00eda","breadcrumb":{"@id":"https:\/\/compuviper.mx\/tienda\/producto\/grandstream-gwn7625-access-point-wifi-5-banda-dual-22-2-4gmimo-44-5gmu-mimo-2-03-gbps-uso-interior-cobertura-165-mts-200-dispositivos-2-ptos-gigabit-controlador-inte-sin-inyector-poe\/#breadcrumb"},"inLanguage":"es-MX","potentialAction":[{"@type":"ReadAction","target":["https:\/\/compuviper.mx\/tienda\/producto\/grandstream-gwn7625-access-point-wifi-5-banda-dual-22-2-4gmimo-44-5gmu-mimo-2-03-gbps-uso-interior-cobertura-165-mts-200-dispositivos-2-ptos-gigabit-controlador-inte-sin-inyector-poe\/"]}]},{"@type":"BreadcrumbList","@id":"https:\/\/compuviper.mx\/tienda\/producto\/grandstream-gwn7625-access-point-wifi-5-banda-dual-22-2-4gmimo-44-5gmu-mimo-2-03-gbps-uso-interior-cobertura-165-mts-200-dispositivos-2-ptos-gigabit-controlador-inte-sin-inyector-poe\/#breadcrumb","itemListElement":[{"@type":"ListItem","position":1,"name":"Inicio","item":"https:\/\/compuviper.mx\/tienda\/"},{"@type":"ListItem","position":2,"name":"Productos","item":"https:\/\/compuviper.mx\/tienda\/productos\/"},{"@type":"ListItem","position":3,"name":"Redes","item":"https:\/\/compuviper.mx\/tienda\/categoria-producto\/redes\/"},{"@type":"ListItem","position":4,"name":"Access Point","item":"https:\/\/compuviper.mx\/tienda\/categoria-producto\/redes\/access-point\/"},{"@type":"ListItem","position":5,"name":"Grandstream Gwn7625 Access Point \/wifi 5\/ Banda Dual 2?2 2.4g(mimo) 4?4 5g(mu-mimo)\/ 2.03 Gbps\/ Uso Interior\/ Cobertura 165 Mts\/ 200 Dispositivos\/ 2 Ptos Gigabit\/ Controlador Inte\/ Sin Inyector Poe"}]},{"@type":"WebSite","@id":"https:\/\/compuviper.mx\/tienda\/#website","url":"https:\/\/compuviper.mx\/tienda\/","name":"Compuviper","description":"Proveedor de Computadoras, Laptops, Servidores, Monitores, Puntos de Venta, Teclados,   Impresoras, T\u00f3ner, C\u00e1maras de Seguridad y m\u00e1s en tu tienda en l\u00ednea","publisher":{"@id":"https:\/\/compuviper.mx\/tienda\/#organization"},"potentialAction":[{"@type":"SearchAction","target":{"@type":"EntryPoint","urlTemplate":"https:\/\/compuviper.mx\/tienda\/?s={search_term_string}"},"query-input":"required name=search_term_string"}],"inLanguage":"es-MX"},{"@type":"Organization","@id":"https:\/\/compuviper.mx\/tienda\/#organization","name":"Compuviper","url":"https:\/\/compuviper.mx\/tienda\/","logo":{"@type":"ImageObject","inLanguage":"es-MX","@id":"https:\/\/compuviper.mx\/tienda\/#\/schema\/logo\/image\/","url":"https:\/\/compuviper.mx\/tienda\/wp-content\/uploads\/2021\/08\/Logo-Compuviper-10.png","contentUrl":"https:\/\/compuviper.mx\/tienda\/wp-content\/uploads\/2021\/08\/Logo-Compuviper-10.png","width":1000,"height":500,"caption":"Compuviper"},"image":{"@id":"https:\/\/compuviper.mx\/tienda\/#\/schema\/logo\/image\/"},"sameAs":["https:\/\/www.facebook.com\/compuviper","https:\/\/www.youtube.com\/channel\/UCf73dERp9Y3cfOq7q8BhLjA?view_as=subscriber"]}]},"product_brand":"GRANDSTREAM","product_price_amount":"1248","product_price_currency":"MXN","og_availability":"out of stock","product_availability":"out of stock","product_retailer_item_id":"GWN7625","product_condition":"new"},"_links":{"self":[{"href":"https:\/\/compuviper.mx\/tienda\/wp-json\/wp\/v2\/product\/221382"}],"collection":[{"href":"https:\/\/compuviper.mx\/tienda\/wp-json\/wp\/v2\/product"}],"about":[{"href":"https:\/\/compuviper.mx\/tienda\/wp-json\/wp\/v2\/types\/product"}],"replies":[{"embeddable":true,"href":"https:\/\/compuviper.mx\/tienda\/wp-json\/wp\/v2\/comments?post=221382"}],"wp:featuredmedia":[{"embeddable":true,"href":"https:\/\/compuviper.mx\/tienda\/wp-json\/wp\/v2\/media\/221383"}],"wp:attachment":[{"href":"https:\/\/compuviper.mx\/tienda\/wp-json\/wp\/v2\/media?parent=221382"}],"wp:term":[{"taxonomy":"product_cat","embeddable":true,"href":"https:\/\/compuviper.mx\/tienda\/wp-json\/wp\/v2\/product_cat?post=221382"},{"taxonomy":"product_tag","embeddable":true,"href":"https:\/\/compuviper.mx\/tienda\/wp-json\/wp\/v2\/product_tag?post=221382"}],"curies":[{"name":"wp","href":"https:\/\/api.w.org\/{rel}","templated":true}]}}