{"id":221378,"date":"2026-04-18T01:10:53","date_gmt":"2026-04-18T07:10:53","guid":{"rendered":"https:\/\/compuviper.mx\/tienda\/producto\/grandstream-gwn7801-switch-gigabit-administrable-8-puertos-10-100-1000-mbps-2-puertos-sfp-uplink-compatible-con-gwn-cloud\/"},"modified":"2026-04-18T01:10:54","modified_gmt":"2026-04-18T07:10:54","slug":"grandstream-gwn7801-switch-gigabit-administrable-8-puertos-10-100-1000-mbps-2-puertos-sfp-uplink-compatible-con-gwn-cloud","status":"publish","type":"product","link":"https:\/\/compuviper.mx\/tienda\/producto\/grandstream-gwn7801-switch-gigabit-administrable-8-puertos-10-100-1000-mbps-2-puertos-sfp-uplink-compatible-con-gwn-cloud\/","title":{"rendered":"Grandstream Gwn7801 Switch   Gigabit Administrable \/ 8 Puertos 10\/100\/1000 Mbps 2 Puertos Sfp Uplink \/ Compatible Con Gwn Cloud"},"content":{"rendered":"<table class=\"descripcion\">\n<tr>\n<td>8 puertos gigabit ethernet y 2 puertos gigabit sfp<\/td>\n<\/tr>\n<tr>\n<td>Control de energ\u00eda inteligente para admitir la asignaci\u00f3n din\u00e1mica de energ\u00eda poe<\/td>\n<\/tr>\n<tr>\n<td>Admite la implementaci\u00f3n en redes ipv6 e ipv4<\/td>\n<\/tr>\n<tr>\n<td>Proporciona enlace cuaternario de ip, mac, vlan y puerto; inspecci\u00f3n arp, ip source guard, protecci\u00f3n dos, seguridad de puertos y espionaje dhcp<\/td>\n<\/tr>\n<tr>\n<td>Interfaz de usuario web local para administrar el conmutador; gwn.cloud y gwn manager, la plataforma de gesti\u00f3n wi-fi local y en la nube de grandstream<\/td>\n<\/tr>\n<tr>\n<td>Qos incorporado permite la priorizaci\u00f3n del tr\u00e1fico de red<\/td>\n<\/tr>\n<\/table>\n","protected":false},"excerpt":{"rendered":"<p>La serie gwn7800 son conmutadores de red administrados de capa 2+ que permiten a las peque\u00f1as y medianas empresas crear redes comerciales escalables, seguras, de alto rendimiento e inteligentes que son totalmente administrables. Admite vlan avanzada para una segmentaci\u00f3n de tr\u00e1fico flexible y sofisticada, qos avanzada para priorizar el tr\u00e1fico de red, igmp snooping para optimizar el rendimiento de la red y capacidades de seguridad integrales contra posibles ataques. Los modelos poe. Proporcione una salida poe din\u00e1mica inteligente para alimentar tel\u00e9fonos ip, c\u00e1maras ip, puntos de acceso wi-fi y otros puntos finales poe. La serie gwn7800 se puede administrar de varias maneras, incluida la interfaz de usuario web local del conmutador de la serie gwn7800. La serie tambi\u00e9n es compatible con gwn.Cloud y gwn manager, la plataforma de administraci\u00f3n de wi-fi local y en la nube de grandstream. La serie gwn7800 de nivel empresarial son los. Conmutadores de red administrados ideales para peque\u00f1as y medianas empresas.<\/p>\n","protected":false},"featured_media":221379,"comment_status":"open","ping_status":"open","template":"","meta":[],"product_cat":[1563,1564],"product_tag":[1576],"acf":[],"yoast_head":"<!-- This site is optimized with the Yoast SEO plugin v21.7 - https:\/\/yoast.com\/wordpress\/plugins\/seo\/ -->\n<title>[ Grandstream ] &#129351; Gwn7801 Switch Gigabit Administrable \/ 8 Puertos 10\/100\/1000 Mbps 2 Puertos Sfp Uplink \/ Compatible Con Gwn Cloud<\/title>\n<meta name=\"description\" content=\"Compra Gwn7801 Switch Gigabit Administrable \/ 8 Puertos 10\/100\/1000 Mbps 2 Puertos Sfp Uplink \/ Compatible Con Gwn Cloud + Env\u00edo a domicilio + Pago seguro + Garant\u00eda\" \/>\n<meta name=\"robots\" content=\"index, follow, max-snippet:-1, max-image-preview:large, max-video-preview:-1\" \/>\n<link rel=\"canonical\" href=\"https:\/\/compuviper.mx\/tienda\/producto\/grandstream-gwn7801-switch-gigabit-administrable-8-puertos-10-100-1000-mbps-2-puertos-sfp-uplink-compatible-con-gwn-cloud\/\" \/>\n<meta property=\"og:locale\" content=\"es_MX\" \/>\n<meta property=\"og:type\" content=\"article\" \/>\n<meta property=\"og:title\" content=\"[ Grandstream ] &#129351; Gwn7801 Switch Gigabit Administrable \/ 8 Puertos 10\/100\/1000 Mbps 2 Puertos Sfp Uplink \/ Compatible Con Gwn Cloud\" \/>\n<meta property=\"og:description\" content=\"Compra Gwn7801 Switch Gigabit Administrable \/ 8 Puertos 10\/100\/1000 Mbps 2 Puertos Sfp Uplink \/ Compatible Con Gwn Cloud + Env\u00edo a domicilio + Pago seguro + Garant\u00eda\" \/>\n<meta property=\"og:url\" content=\"https:\/\/compuviper.mx\/tienda\/producto\/grandstream-gwn7801-switch-gigabit-administrable-8-puertos-10-100-1000-mbps-2-puertos-sfp-uplink-compatible-con-gwn-cloud\/\" \/>\n<meta property=\"og:site_name\" content=\"Compuviper\" \/>\n<meta property=\"article:publisher\" content=\"https:\/\/www.facebook.com\/compuviper\" \/>\n<meta property=\"article:modified_time\" content=\"2026-04-18T07:10:54+00:00\" \/>\n<meta property=\"og:image\" content=\"https:\/\/compuviper.mx\/tienda\/wp-content\/uploads\/2023\/12\/Switch-grandstream-gwn7801-gigabit-administrable-8-puertos-101001000-mbps-2-puertos-sfp-uplink-compatible-con-gwn-cloud.jpg\" \/>\n\t<meta property=\"og:image:width\" content=\"200\" \/>\n\t<meta property=\"og:image:height\" content=\"200\" \/>\n\t<meta property=\"og:image:type\" content=\"image\/jpeg\" \/>\n<meta name=\"twitter:card\" content=\"summary_large_image\" \/>\n<meta name=\"twitter:label1\" content=\"Precio\" \/>\n\t<meta name=\"twitter:data1\" content=\"&#36;1,708 &#36;1,557 con IVA\" \/>\n\t<meta name=\"twitter:label2\" content=\"Availability\" \/>\n\t<meta name=\"twitter:data2\" content=\"Out of stock\" \/>\n<script type=\"application\/ld+json\" class=\"yoast-schema-graph\">{\"@context\":\"https:\/\/schema.org\",\"@graph\":[{\"@type\":\"WebPage\",\"@id\":\"https:\/\/compuviper.mx\/tienda\/producto\/grandstream-gwn7801-switch-gigabit-administrable-8-puertos-10-100-1000-mbps-2-puertos-sfp-uplink-compatible-con-gwn-cloud\/\",\"url\":\"https:\/\/compuviper.mx\/tienda\/producto\/grandstream-gwn7801-switch-gigabit-administrable-8-puertos-10-100-1000-mbps-2-puertos-sfp-uplink-compatible-con-gwn-cloud\/\",\"name\":\"[ Grandstream ] &#129351; Gwn7801 Switch Gigabit Administrable \/ 8 Puertos 10\/100\/1000 Mbps 2 Puertos Sfp Uplink \/ Compatible Con Gwn Cloud\",\"isPartOf\":{\"@id\":\"https:\/\/compuviper.mx\/tienda\/#website\"},\"datePublished\":\"2026-04-18T07:10:53+00:00\",\"dateModified\":\"2026-04-18T07:10:54+00:00\",\"description\":\"Compra Gwn7801 Switch Gigabit Administrable \/ 8 Puertos 10\/100\/1000 Mbps 2 Puertos Sfp Uplink \/ Compatible Con Gwn Cloud + Env\u00edo a domicilio + Pago seguro + Garant\u00eda\",\"breadcrumb\":{\"@id\":\"https:\/\/compuviper.mx\/tienda\/producto\/grandstream-gwn7801-switch-gigabit-administrable-8-puertos-10-100-1000-mbps-2-puertos-sfp-uplink-compatible-con-gwn-cloud\/#breadcrumb\"},\"inLanguage\":\"es-MX\",\"potentialAction\":[{\"@type\":\"ReadAction\",\"target\":[\"https:\/\/compuviper.mx\/tienda\/producto\/grandstream-gwn7801-switch-gigabit-administrable-8-puertos-10-100-1000-mbps-2-puertos-sfp-uplink-compatible-con-gwn-cloud\/\"]}]},{\"@type\":\"BreadcrumbList\",\"@id\":\"https:\/\/compuviper.mx\/tienda\/producto\/grandstream-gwn7801-switch-gigabit-administrable-8-puertos-10-100-1000-mbps-2-puertos-sfp-uplink-compatible-con-gwn-cloud\/#breadcrumb\",\"itemListElement\":[{\"@type\":\"ListItem\",\"position\":1,\"name\":\"Inicio\",\"item\":\"https:\/\/compuviper.mx\/tienda\/\"},{\"@type\":\"ListItem\",\"position\":2,\"name\":\"Productos\",\"item\":\"https:\/\/compuviper.mx\/tienda\/productos\/\"},{\"@type\":\"ListItem\",\"position\":3,\"name\":\"Redes\",\"item\":\"https:\/\/compuviper.mx\/tienda\/categoria-producto\/redes\/\"},{\"@type\":\"ListItem\",\"position\":4,\"name\":\"Switch\",\"item\":\"https:\/\/compuviper.mx\/tienda\/categoria-producto\/redes\/switch\/\"},{\"@type\":\"ListItem\",\"position\":5,\"name\":\"Grandstream Gwn7801 Switch Gigabit Administrable \/ 8 Puertos 10\/100\/1000 Mbps 2 Puertos Sfp Uplink \/ Compatible Con Gwn Cloud\"}]},{\"@type\":\"WebSite\",\"@id\":\"https:\/\/compuviper.mx\/tienda\/#website\",\"url\":\"https:\/\/compuviper.mx\/tienda\/\",\"name\":\"Compuviper\",\"description\":\"Proveedor de Computadoras, Laptops, Servidores, Monitores, Puntos de Venta, Teclados,   Impresoras, T\u00f3ner, C\u00e1maras de Seguridad y m\u00e1s en tu tienda en l\u00ednea\",\"publisher\":{\"@id\":\"https:\/\/compuviper.mx\/tienda\/#organization\"},\"potentialAction\":[{\"@type\":\"SearchAction\",\"target\":{\"@type\":\"EntryPoint\",\"urlTemplate\":\"https:\/\/compuviper.mx\/tienda\/?s={search_term_string}\"},\"query-input\":\"required name=search_term_string\"}],\"inLanguage\":\"es-MX\"},{\"@type\":\"Organization\",\"@id\":\"https:\/\/compuviper.mx\/tienda\/#organization\",\"name\":\"Compuviper\",\"url\":\"https:\/\/compuviper.mx\/tienda\/\",\"logo\":{\"@type\":\"ImageObject\",\"inLanguage\":\"es-MX\",\"@id\":\"https:\/\/compuviper.mx\/tienda\/#\/schema\/logo\/image\/\",\"url\":\"https:\/\/compuviper.mx\/tienda\/wp-content\/uploads\/2021\/08\/Logo-Compuviper-10.png\",\"contentUrl\":\"https:\/\/compuviper.mx\/tienda\/wp-content\/uploads\/2021\/08\/Logo-Compuviper-10.png\",\"width\":1000,\"height\":500,\"caption\":\"Compuviper\"},\"image\":{\"@id\":\"https:\/\/compuviper.mx\/tienda\/#\/schema\/logo\/image\/\"},\"sameAs\":[\"https:\/\/www.facebook.com\/compuviper\",\"https:\/\/www.youtube.com\/channel\/UCf73dERp9Y3cfOq7q8BhLjA?view_as=subscriber\"]}]}<\/script>\n<meta property=\"product:brand\" content=\"GRANDSTREAM\" \/>\n<meta property=\"product:price:amount\" content=\"1557\" \/>\n<meta property=\"product:price:currency\" content=\"MXN\" \/>\n<meta property=\"og:availability\" content=\"out of stock\" \/>\n<meta property=\"product:availability\" content=\"out of stock\" \/>\n<meta property=\"product:retailer_item_id\" content=\"GWN7801\" \/>\n<meta property=\"product:condition\" content=\"new\" \/>\n<!-- \/ Yoast SEO plugin. -->","yoast_head_json":{"title":"[ Grandstream ] &#129351; Gwn7801 Switch Gigabit Administrable \/ 8 Puertos 10\/100\/1000 Mbps 2 Puertos Sfp Uplink \/ Compatible Con Gwn Cloud","description":"Compra Gwn7801 Switch Gigabit Administrable \/ 8 Puertos 10\/100\/1000 Mbps 2 Puertos Sfp Uplink \/ Compatible Con Gwn Cloud + Env\u00edo a domicilio + Pago seguro + Garant\u00eda","robots":{"index":"index","follow":"follow","max-snippet":"max-snippet:-1","max-image-preview":"max-image-preview:large","max-video-preview":"max-video-preview:-1"},"canonical":"https:\/\/compuviper.mx\/tienda\/producto\/grandstream-gwn7801-switch-gigabit-administrable-8-puertos-10-100-1000-mbps-2-puertos-sfp-uplink-compatible-con-gwn-cloud\/","og_locale":"es_MX","og_type":"article","og_title":"[ Grandstream ] &#129351; Gwn7801 Switch Gigabit Administrable \/ 8 Puertos 10\/100\/1000 Mbps 2 Puertos Sfp Uplink \/ Compatible Con Gwn Cloud","og_description":"Compra Gwn7801 Switch Gigabit Administrable \/ 8 Puertos 10\/100\/1000 Mbps 2 Puertos Sfp Uplink \/ Compatible Con Gwn Cloud + Env\u00edo a domicilio + Pago seguro + Garant\u00eda","og_url":"https:\/\/compuviper.mx\/tienda\/producto\/grandstream-gwn7801-switch-gigabit-administrable-8-puertos-10-100-1000-mbps-2-puertos-sfp-uplink-compatible-con-gwn-cloud\/","og_site_name":"Compuviper","article_publisher":"https:\/\/www.facebook.com\/compuviper","article_modified_time":"2026-04-18T07:10:54+00:00","og_image":[{"width":200,"height":200,"url":"https:\/\/compuviper.mx\/tienda\/wp-content\/uploads\/2023\/12\/Switch-grandstream-gwn7801-gigabit-administrable-8-puertos-101001000-mbps-2-puertos-sfp-uplink-compatible-con-gwn-cloud.jpg","type":"image\/jpeg"}],"twitter_card":"summary_large_image","twitter_misc":{"Precio":"&#36;1,708 &#36;1,557 con IVA","Availability":"Out of stock"},"schema":{"@context":"https:\/\/schema.org","@graph":[{"@type":"WebPage","@id":"https:\/\/compuviper.mx\/tienda\/producto\/grandstream-gwn7801-switch-gigabit-administrable-8-puertos-10-100-1000-mbps-2-puertos-sfp-uplink-compatible-con-gwn-cloud\/","url":"https:\/\/compuviper.mx\/tienda\/producto\/grandstream-gwn7801-switch-gigabit-administrable-8-puertos-10-100-1000-mbps-2-puertos-sfp-uplink-compatible-con-gwn-cloud\/","name":"[ Grandstream ] &#129351; Gwn7801 Switch Gigabit Administrable \/ 8 Puertos 10\/100\/1000 Mbps 2 Puertos Sfp Uplink \/ Compatible Con Gwn Cloud","isPartOf":{"@id":"https:\/\/compuviper.mx\/tienda\/#website"},"datePublished":"2026-04-18T07:10:53+00:00","dateModified":"2026-04-18T07:10:54+00:00","description":"Compra Gwn7801 Switch Gigabit Administrable \/ 8 Puertos 10\/100\/1000 Mbps 2 Puertos Sfp Uplink \/ Compatible Con Gwn Cloud + Env\u00edo a domicilio + Pago seguro + Garant\u00eda","breadcrumb":{"@id":"https:\/\/compuviper.mx\/tienda\/producto\/grandstream-gwn7801-switch-gigabit-administrable-8-puertos-10-100-1000-mbps-2-puertos-sfp-uplink-compatible-con-gwn-cloud\/#breadcrumb"},"inLanguage":"es-MX","potentialAction":[{"@type":"ReadAction","target":["https:\/\/compuviper.mx\/tienda\/producto\/grandstream-gwn7801-switch-gigabit-administrable-8-puertos-10-100-1000-mbps-2-puertos-sfp-uplink-compatible-con-gwn-cloud\/"]}]},{"@type":"BreadcrumbList","@id":"https:\/\/compuviper.mx\/tienda\/producto\/grandstream-gwn7801-switch-gigabit-administrable-8-puertos-10-100-1000-mbps-2-puertos-sfp-uplink-compatible-con-gwn-cloud\/#breadcrumb","itemListElement":[{"@type":"ListItem","position":1,"name":"Inicio","item":"https:\/\/compuviper.mx\/tienda\/"},{"@type":"ListItem","position":2,"name":"Productos","item":"https:\/\/compuviper.mx\/tienda\/productos\/"},{"@type":"ListItem","position":3,"name":"Redes","item":"https:\/\/compuviper.mx\/tienda\/categoria-producto\/redes\/"},{"@type":"ListItem","position":4,"name":"Switch","item":"https:\/\/compuviper.mx\/tienda\/categoria-producto\/redes\/switch\/"},{"@type":"ListItem","position":5,"name":"Grandstream Gwn7801 Switch Gigabit Administrable \/ 8 Puertos 10\/100\/1000 Mbps 2 Puertos Sfp Uplink \/ Compatible Con Gwn Cloud"}]},{"@type":"WebSite","@id":"https:\/\/compuviper.mx\/tienda\/#website","url":"https:\/\/compuviper.mx\/tienda\/","name":"Compuviper","description":"Proveedor de Computadoras, Laptops, Servidores, Monitores, Puntos de Venta, Teclados,   Impresoras, T\u00f3ner, C\u00e1maras de Seguridad y m\u00e1s en tu tienda en l\u00ednea","publisher":{"@id":"https:\/\/compuviper.mx\/tienda\/#organization"},"potentialAction":[{"@type":"SearchAction","target":{"@type":"EntryPoint","urlTemplate":"https:\/\/compuviper.mx\/tienda\/?s={search_term_string}"},"query-input":"required name=search_term_string"}],"inLanguage":"es-MX"},{"@type":"Organization","@id":"https:\/\/compuviper.mx\/tienda\/#organization","name":"Compuviper","url":"https:\/\/compuviper.mx\/tienda\/","logo":{"@type":"ImageObject","inLanguage":"es-MX","@id":"https:\/\/compuviper.mx\/tienda\/#\/schema\/logo\/image\/","url":"https:\/\/compuviper.mx\/tienda\/wp-content\/uploads\/2021\/08\/Logo-Compuviper-10.png","contentUrl":"https:\/\/compuviper.mx\/tienda\/wp-content\/uploads\/2021\/08\/Logo-Compuviper-10.png","width":1000,"height":500,"caption":"Compuviper"},"image":{"@id":"https:\/\/compuviper.mx\/tienda\/#\/schema\/logo\/image\/"},"sameAs":["https:\/\/www.facebook.com\/compuviper","https:\/\/www.youtube.com\/channel\/UCf73dERp9Y3cfOq7q8BhLjA?view_as=subscriber"]}]},"product_brand":"GRANDSTREAM","product_price_amount":"1557","product_price_currency":"MXN","og_availability":"out of stock","product_availability":"out of stock","product_retailer_item_id":"GWN7801","product_condition":"new"},"_links":{"self":[{"href":"https:\/\/compuviper.mx\/tienda\/wp-json\/wp\/v2\/product\/221378"}],"collection":[{"href":"https:\/\/compuviper.mx\/tienda\/wp-json\/wp\/v2\/product"}],"about":[{"href":"https:\/\/compuviper.mx\/tienda\/wp-json\/wp\/v2\/types\/product"}],"replies":[{"embeddable":true,"href":"https:\/\/compuviper.mx\/tienda\/wp-json\/wp\/v2\/comments?post=221378"}],"wp:featuredmedia":[{"embeddable":true,"href":"https:\/\/compuviper.mx\/tienda\/wp-json\/wp\/v2\/media\/221379"}],"wp:attachment":[{"href":"https:\/\/compuviper.mx\/tienda\/wp-json\/wp\/v2\/media?parent=221378"}],"wp:term":[{"taxonomy":"product_cat","embeddable":true,"href":"https:\/\/compuviper.mx\/tienda\/wp-json\/wp\/v2\/product_cat?post=221378"},{"taxonomy":"product_tag","embeddable":true,"href":"https:\/\/compuviper.mx\/tienda\/wp-json\/wp\/v2\/product_tag?post=221378"}],"curies":[{"name":"wp","href":"https:\/\/api.w.org\/{rel}","templated":true}]}}