{"id":221366,"date":"2026-04-18T01:10:51","date_gmt":"2026-04-18T07:10:51","guid":{"rendered":"https:\/\/compuviper.mx\/tienda\/producto\/hewlett-packard-enterprise-r7j38a-access-point-aruba-ap-655-rw-para-interiores-802-11ax-4x44-2-4-5-6-ghz\/"},"modified":"2026-04-18T01:10:51","modified_gmt":"2026-04-18T07:10:51","slug":"hewlett-packard-enterprise-r7j38a-access-point-hpe-aruba-ap-655-rw-para-interiores-802-11ax-4x44-2-4-5-6-ghz","status":"publish","type":"product","link":"https:\/\/compuviper.mx\/tienda\/producto\/hewlett-packard-enterprise-r7j38a-access-point-hpe-aruba-ap-655-rw-para-interiores-802-11ax-4x44-2-4-5-6-ghz\/","title":{"rendered":"Hewlett Packard Enterprise R7j38a Access Point Hpe Aruba  Ap-655 Rw Para Interiores 802.11ax 4&#215;44 2.4\/5\/6 Ghz"},"content":{"rendered":"<table class=\"descripcion\">\n<tr>\n<td>Radios<\/td>\n<\/tr>\n<tr>\n<td> radio de 2,4 ghz: mimo de un solo usuario (su) con cuatro secuencias espaciales para una velocidad de transmisi\u00f3n de datos inal\u00e1mbrica de hasta 1.147 mbps con dispositivos cliente 4ss he40 802.11ax, o con m\u00faltiples dispositivos 802.11ax con capacidad mu-mimo 2ss o 1ss<\/td>\n<\/tr>\n<tr>\n<td> radio de 5 ghz: mimo de un solo usuario (su) con cuatro secuencias espaciales para una velocidad de transmisi\u00f3n de datos inal\u00e1mbrica de hasta 2,4 gbps con dispositivos cliente 4ss he80 802.11ax, o con m\u00faltiples dispositivos 802.11ax con capacidad mu-mimo 2ss o 1ss<\/td>\n<\/tr>\n<tr>\n<td> radio de 6 ghz: mimo de un solo usuario (su) con cuatro secuencias espaciales para una velocidad de transmisi\u00f3n de datos inal\u00e1mbrica de hasta 4,8 gbps con dispositivos cliente 4ss he160 802.11ax o con m\u00faltiples dispositivos 40 802.11ax con capacidad mu-mimo 2ss o 1ss<\/td>\n<\/tr>\n<tr>\n<td> hasta 512 dispositivos cliente asociados por radio y hasta 16 bssid por radio (se limita a 4 para la radio de 6 ghz)<\/td>\n<\/tr>\n<tr>\n<td>Antenas<\/td>\n<\/tr>\n<tr>\n<td>Si se combinan los patrones de cada una de las antenas de las radios mimo, la ganancia pico del patr\u00f3n combinado promedio es de 3,6 dbi en 2,4 ghz, de 3,1 dbi en 5 ghz y de 3,7 dbi en 6 ghz.<\/td>\n<\/tr>\n<tr>\n<td>Interfaces<\/td>\n<\/tr>\n<tr>\n<td>E0, e1: dos puertos ethernet cableados (rj-45)<\/td>\n<\/tr>\n<tr>\n<td> velocidad de enlace con detecci\u00f3n autom\u00e1tica (100\/1000\/2500\/5000base-t) y mdi\/mdx<\/td>\n<\/tr>\n<tr>\n<td> las velocidades de 2,5 gbps y 5 gbps cumplen con las especificaciones nbase-t y 802.3bz<\/td>\n<\/tr>\n<tr>\n<td> poe-pd: 48 vcc (nominal) 802.3af\/at\/bt poe (clase 3 o superior)<\/td>\n<\/tr>\n<tr>\n<td> ethernet de bajo consumo (eee) de 802.3az<\/td>\n<\/tr>\n<tr>\n<td> soporte de agregaci\u00f3n de enlaces (lacp) entre ambos puertos de red para ofrecer redundancia y mayor capacidad<\/td>\n<\/tr>\n<tr>\n<td>M\u00e1ximo consumo de energ\u00eda en el peor de los casos (con o sin dispositivo usb conectado):<\/td>\n<\/tr>\n<tr>\n<td> alimentaci\u00f3n cc: 36,0 w\/42,5 w<\/td>\n<\/tr>\n<tr>\n<td> alimentaci\u00f3n poe: 40,3 w\/46,5 w<\/td>\n<\/tr>\n<tr>\n<td> suponiendo que el dispositivo usb conectado recibe hasta 5 w<\/td>\n<\/tr>\n<tr>\n<td>Dimensiones\/peso (ap-655; unidad sin soporte de montaje):<\/td>\n<\/tr>\n<tr>\n<td> 260 mm (ancho) x 260 mm (prof.) x 60 mm (altura)<\/td>\n<\/tr>\n<tr>\n<td> 1.800 g<\/td>\n<\/tr>\n<\/table>\n","protected":false},"excerpt":{"rendered":"<p>Los ap serie 650 son access points para uso en interiores equipados para admitir la banda de 6 ghz para rendimiento m\u00e1s veloz, canales m\u00e1s anchos y m\u00ednima interferencia. Nuestros ap wi-fi 6e de campus, insignia de la marca, ofrecen velocidades de hasta 7,8 gbps en datos combinados y 4&#215;4 mu-mimo.<\/p>\n","protected":false},"featured_media":221367,"comment_status":"open","ping_status":"open","template":"","meta":[],"product_cat":[1563,1754],"product_tag":[1568],"acf":[],"yoast_head":"<!-- This site is optimized with the Yoast SEO plugin v21.7 - https:\/\/yoast.com\/wordpress\/plugins\/seo\/ -->\n<title>[ Hewlett Packard Enterprise ] &#129351; R7j38a Access Point Hpe Aruba Ap-655 Rw Para Interiores 802.11ax 4x44 2.4\/5\/6 Ghz<\/title>\n<meta name=\"description\" content=\"Compra R7j38a Access Point Hpe Aruba Ap-655 Rw Para Interiores 802.11ax 4x44 2.4\/5\/6 Ghz + Env\u00edo a domicilio + Pago seguro + Garant\u00eda\" \/>\n<meta name=\"robots\" content=\"index, follow, max-snippet:-1, max-image-preview:large, max-video-preview:-1\" \/>\n<link rel=\"canonical\" href=\"https:\/\/compuviper.mx\/tienda\/producto\/hewlett-packard-enterprise-r7j38a-access-point-hpe-aruba-ap-655-rw-para-interiores-802-11ax-4x44-2-4-5-6-ghz\/\" \/>\n<meta property=\"og:locale\" content=\"es_MX\" \/>\n<meta property=\"og:type\" content=\"article\" \/>\n<meta property=\"og:title\" content=\"[ Hewlett Packard Enterprise ] &#129351; R7j38a Access Point Hpe Aruba Ap-655 Rw Para Interiores 802.11ax 4x44 2.4\/5\/6 Ghz\" \/>\n<meta property=\"og:description\" content=\"Compra R7j38a Access Point Hpe Aruba Ap-655 Rw Para Interiores 802.11ax 4x44 2.4\/5\/6 Ghz + Env\u00edo a domicilio + Pago seguro + Garant\u00eda\" \/>\n<meta property=\"og:url\" content=\"https:\/\/compuviper.mx\/tienda\/producto\/hewlett-packard-enterprise-r7j38a-access-point-hpe-aruba-ap-655-rw-para-interiores-802-11ax-4x44-2-4-5-6-ghz\/\" \/>\n<meta property=\"og:site_name\" content=\"Compuviper\" \/>\n<meta property=\"article:publisher\" content=\"https:\/\/www.facebook.com\/compuviper\" \/>\n<meta property=\"og:image\" content=\"https:\/\/compuviper.mx\/tienda\/wp-content\/uploads\/2023\/12\/Access-point-aruba-r7j38a-ap-655-rw-para-interiores-802.11ax-4x44-2.456-ghz.jpg\" \/>\n\t<meta property=\"og:image:width\" content=\"200\" \/>\n\t<meta property=\"og:image:height\" content=\"200\" \/>\n\t<meta property=\"og:image:type\" content=\"image\/jpeg\" \/>\n<meta name=\"twitter:card\" content=\"summary_large_image\" \/>\n<meta name=\"twitter:label1\" content=\"Precio\" \/>\n\t<meta name=\"twitter:data1\" content=\"&#36;31,198 con IVA\" \/>\n\t<meta name=\"twitter:label2\" content=\"Availability\" \/>\n\t<meta name=\"twitter:data2\" content=\"Out of stock\" \/>\n<script type=\"application\/ld+json\" class=\"yoast-schema-graph\">{\"@context\":\"https:\/\/schema.org\",\"@graph\":[{\"@type\":\"WebPage\",\"@id\":\"https:\/\/compuviper.mx\/tienda\/producto\/hewlett-packard-enterprise-r7j38a-access-point-hpe-aruba-ap-655-rw-para-interiores-802-11ax-4x44-2-4-5-6-ghz\/\",\"url\":\"https:\/\/compuviper.mx\/tienda\/producto\/hewlett-packard-enterprise-r7j38a-access-point-hpe-aruba-ap-655-rw-para-interiores-802-11ax-4x44-2-4-5-6-ghz\/\",\"name\":\"[ Hewlett Packard Enterprise ] &#129351; R7j38a Access Point Hpe Aruba Ap-655 Rw Para Interiores 802.11ax 4x44 2.4\/5\/6 Ghz\",\"isPartOf\":{\"@id\":\"https:\/\/compuviper.mx\/tienda\/#website\"},\"datePublished\":\"2026-04-18T07:10:51+00:00\",\"dateModified\":\"2026-04-18T07:10:51+00:00\",\"description\":\"Compra R7j38a Access Point Hpe Aruba Ap-655 Rw Para Interiores 802.11ax 4x44 2.4\/5\/6 Ghz + Env\u00edo a domicilio + Pago seguro + Garant\u00eda\",\"breadcrumb\":{\"@id\":\"https:\/\/compuviper.mx\/tienda\/producto\/hewlett-packard-enterprise-r7j38a-access-point-hpe-aruba-ap-655-rw-para-interiores-802-11ax-4x44-2-4-5-6-ghz\/#breadcrumb\"},\"inLanguage\":\"es-MX\",\"potentialAction\":[{\"@type\":\"ReadAction\",\"target\":[\"https:\/\/compuviper.mx\/tienda\/producto\/hewlett-packard-enterprise-r7j38a-access-point-hpe-aruba-ap-655-rw-para-interiores-802-11ax-4x44-2-4-5-6-ghz\/\"]}]},{\"@type\":\"BreadcrumbList\",\"@id\":\"https:\/\/compuviper.mx\/tienda\/producto\/hewlett-packard-enterprise-r7j38a-access-point-hpe-aruba-ap-655-rw-para-interiores-802-11ax-4x44-2-4-5-6-ghz\/#breadcrumb\",\"itemListElement\":[{\"@type\":\"ListItem\",\"position\":1,\"name\":\"Inicio\",\"item\":\"https:\/\/compuviper.mx\/tienda\/\"},{\"@type\":\"ListItem\",\"position\":2,\"name\":\"Productos\",\"item\":\"https:\/\/compuviper.mx\/tienda\/productos\/\"},{\"@type\":\"ListItem\",\"position\":3,\"name\":\"Redes\",\"item\":\"https:\/\/compuviper.mx\/tienda\/categoria-producto\/redes\/\"},{\"@type\":\"ListItem\",\"position\":4,\"name\":\"Access Point\",\"item\":\"https:\/\/compuviper.mx\/tienda\/categoria-producto\/redes\/access-point\/\"},{\"@type\":\"ListItem\",\"position\":5,\"name\":\"Hewlett Packard Enterprise R7j38a Access Point Hpe Aruba Ap-655 Rw Para Interiores 802.11ax 4&#215;44 2.4\/5\/6 Ghz\"}]},{\"@type\":\"WebSite\",\"@id\":\"https:\/\/compuviper.mx\/tienda\/#website\",\"url\":\"https:\/\/compuviper.mx\/tienda\/\",\"name\":\"Compuviper\",\"description\":\"Proveedor de Computadoras, Laptops, Servidores, Monitores, Puntos de Venta, Teclados,   Impresoras, T\u00f3ner, C\u00e1maras de Seguridad y m\u00e1s en tu tienda en l\u00ednea\",\"publisher\":{\"@id\":\"https:\/\/compuviper.mx\/tienda\/#organization\"},\"potentialAction\":[{\"@type\":\"SearchAction\",\"target\":{\"@type\":\"EntryPoint\",\"urlTemplate\":\"https:\/\/compuviper.mx\/tienda\/?s={search_term_string}\"},\"query-input\":\"required name=search_term_string\"}],\"inLanguage\":\"es-MX\"},{\"@type\":\"Organization\",\"@id\":\"https:\/\/compuviper.mx\/tienda\/#organization\",\"name\":\"Compuviper\",\"url\":\"https:\/\/compuviper.mx\/tienda\/\",\"logo\":{\"@type\":\"ImageObject\",\"inLanguage\":\"es-MX\",\"@id\":\"https:\/\/compuviper.mx\/tienda\/#\/schema\/logo\/image\/\",\"url\":\"https:\/\/compuviper.mx\/tienda\/wp-content\/uploads\/2021\/08\/Logo-Compuviper-10.png\",\"contentUrl\":\"https:\/\/compuviper.mx\/tienda\/wp-content\/uploads\/2021\/08\/Logo-Compuviper-10.png\",\"width\":1000,\"height\":500,\"caption\":\"Compuviper\"},\"image\":{\"@id\":\"https:\/\/compuviper.mx\/tienda\/#\/schema\/logo\/image\/\"},\"sameAs\":[\"https:\/\/www.facebook.com\/compuviper\",\"https:\/\/www.youtube.com\/channel\/UCf73dERp9Y3cfOq7q8BhLjA?view_as=subscriber\"]}]}<\/script>\n<meta property=\"product:brand\" content=\"HEWLETT PACKARD ENTERPRISE\" \/>\n<meta property=\"product:price:amount\" content=\"31198\" \/>\n<meta property=\"product:price:currency\" content=\"MXN\" \/>\n<meta property=\"og:availability\" content=\"out of stock\" \/>\n<meta property=\"product:availability\" content=\"out of stock\" \/>\n<meta property=\"product:retailer_item_id\" content=\"R7J38A\" \/>\n<meta property=\"product:condition\" content=\"new\" \/>\n<!-- \/ Yoast SEO plugin. -->","yoast_head_json":{"title":"[ Hewlett Packard Enterprise ] &#129351; R7j38a Access Point Hpe Aruba Ap-655 Rw Para Interiores 802.11ax 4x44 2.4\/5\/6 Ghz","description":"Compra R7j38a Access Point Hpe Aruba Ap-655 Rw Para Interiores 802.11ax 4x44 2.4\/5\/6 Ghz + Env\u00edo a domicilio + Pago seguro + Garant\u00eda","robots":{"index":"index","follow":"follow","max-snippet":"max-snippet:-1","max-image-preview":"max-image-preview:large","max-video-preview":"max-video-preview:-1"},"canonical":"https:\/\/compuviper.mx\/tienda\/producto\/hewlett-packard-enterprise-r7j38a-access-point-hpe-aruba-ap-655-rw-para-interiores-802-11ax-4x44-2-4-5-6-ghz\/","og_locale":"es_MX","og_type":"article","og_title":"[ Hewlett Packard Enterprise ] &#129351; R7j38a Access Point Hpe Aruba Ap-655 Rw Para Interiores 802.11ax 4x44 2.4\/5\/6 Ghz","og_description":"Compra R7j38a Access Point Hpe Aruba Ap-655 Rw Para Interiores 802.11ax 4x44 2.4\/5\/6 Ghz + Env\u00edo a domicilio + Pago seguro + Garant\u00eda","og_url":"https:\/\/compuviper.mx\/tienda\/producto\/hewlett-packard-enterprise-r7j38a-access-point-hpe-aruba-ap-655-rw-para-interiores-802-11ax-4x44-2-4-5-6-ghz\/","og_site_name":"Compuviper","article_publisher":"https:\/\/www.facebook.com\/compuviper","og_image":[{"width":200,"height":200,"url":"https:\/\/compuviper.mx\/tienda\/wp-content\/uploads\/2023\/12\/Access-point-aruba-r7j38a-ap-655-rw-para-interiores-802.11ax-4x44-2.456-ghz.jpg","type":"image\/jpeg"}],"twitter_card":"summary_large_image","twitter_misc":{"Precio":"&#36;31,198 con IVA","Availability":"Out of stock"},"schema":{"@context":"https:\/\/schema.org","@graph":[{"@type":"WebPage","@id":"https:\/\/compuviper.mx\/tienda\/producto\/hewlett-packard-enterprise-r7j38a-access-point-hpe-aruba-ap-655-rw-para-interiores-802-11ax-4x44-2-4-5-6-ghz\/","url":"https:\/\/compuviper.mx\/tienda\/producto\/hewlett-packard-enterprise-r7j38a-access-point-hpe-aruba-ap-655-rw-para-interiores-802-11ax-4x44-2-4-5-6-ghz\/","name":"[ Hewlett Packard Enterprise ] &#129351; R7j38a Access Point Hpe Aruba Ap-655 Rw Para Interiores 802.11ax 4x44 2.4\/5\/6 Ghz","isPartOf":{"@id":"https:\/\/compuviper.mx\/tienda\/#website"},"datePublished":"2026-04-18T07:10:51+00:00","dateModified":"2026-04-18T07:10:51+00:00","description":"Compra R7j38a Access Point Hpe Aruba Ap-655 Rw Para Interiores 802.11ax 4x44 2.4\/5\/6 Ghz + Env\u00edo a domicilio + Pago seguro + Garant\u00eda","breadcrumb":{"@id":"https:\/\/compuviper.mx\/tienda\/producto\/hewlett-packard-enterprise-r7j38a-access-point-hpe-aruba-ap-655-rw-para-interiores-802-11ax-4x44-2-4-5-6-ghz\/#breadcrumb"},"inLanguage":"es-MX","potentialAction":[{"@type":"ReadAction","target":["https:\/\/compuviper.mx\/tienda\/producto\/hewlett-packard-enterprise-r7j38a-access-point-hpe-aruba-ap-655-rw-para-interiores-802-11ax-4x44-2-4-5-6-ghz\/"]}]},{"@type":"BreadcrumbList","@id":"https:\/\/compuviper.mx\/tienda\/producto\/hewlett-packard-enterprise-r7j38a-access-point-hpe-aruba-ap-655-rw-para-interiores-802-11ax-4x44-2-4-5-6-ghz\/#breadcrumb","itemListElement":[{"@type":"ListItem","position":1,"name":"Inicio","item":"https:\/\/compuviper.mx\/tienda\/"},{"@type":"ListItem","position":2,"name":"Productos","item":"https:\/\/compuviper.mx\/tienda\/productos\/"},{"@type":"ListItem","position":3,"name":"Redes","item":"https:\/\/compuviper.mx\/tienda\/categoria-producto\/redes\/"},{"@type":"ListItem","position":4,"name":"Access Point","item":"https:\/\/compuviper.mx\/tienda\/categoria-producto\/redes\/access-point\/"},{"@type":"ListItem","position":5,"name":"Hewlett Packard Enterprise R7j38a Access Point Hpe Aruba Ap-655 Rw Para Interiores 802.11ax 4&#215;44 2.4\/5\/6 Ghz"}]},{"@type":"WebSite","@id":"https:\/\/compuviper.mx\/tienda\/#website","url":"https:\/\/compuviper.mx\/tienda\/","name":"Compuviper","description":"Proveedor de Computadoras, Laptops, Servidores, Monitores, Puntos de Venta, Teclados,   Impresoras, T\u00f3ner, C\u00e1maras de Seguridad y m\u00e1s en tu tienda en l\u00ednea","publisher":{"@id":"https:\/\/compuviper.mx\/tienda\/#organization"},"potentialAction":[{"@type":"SearchAction","target":{"@type":"EntryPoint","urlTemplate":"https:\/\/compuviper.mx\/tienda\/?s={search_term_string}"},"query-input":"required name=search_term_string"}],"inLanguage":"es-MX"},{"@type":"Organization","@id":"https:\/\/compuviper.mx\/tienda\/#organization","name":"Compuviper","url":"https:\/\/compuviper.mx\/tienda\/","logo":{"@type":"ImageObject","inLanguage":"es-MX","@id":"https:\/\/compuviper.mx\/tienda\/#\/schema\/logo\/image\/","url":"https:\/\/compuviper.mx\/tienda\/wp-content\/uploads\/2021\/08\/Logo-Compuviper-10.png","contentUrl":"https:\/\/compuviper.mx\/tienda\/wp-content\/uploads\/2021\/08\/Logo-Compuviper-10.png","width":1000,"height":500,"caption":"Compuviper"},"image":{"@id":"https:\/\/compuviper.mx\/tienda\/#\/schema\/logo\/image\/"},"sameAs":["https:\/\/www.facebook.com\/compuviper","https:\/\/www.youtube.com\/channel\/UCf73dERp9Y3cfOq7q8BhLjA?view_as=subscriber"]}]},"product_brand":"HEWLETT PACKARD ENTERPRISE","product_price_amount":"31198","product_price_currency":"MXN","og_availability":"out of stock","product_availability":"out of stock","product_retailer_item_id":"R7J38A","product_condition":"new"},"_links":{"self":[{"href":"https:\/\/compuviper.mx\/tienda\/wp-json\/wp\/v2\/product\/221366"}],"collection":[{"href":"https:\/\/compuviper.mx\/tienda\/wp-json\/wp\/v2\/product"}],"about":[{"href":"https:\/\/compuviper.mx\/tienda\/wp-json\/wp\/v2\/types\/product"}],"replies":[{"embeddable":true,"href":"https:\/\/compuviper.mx\/tienda\/wp-json\/wp\/v2\/comments?post=221366"}],"wp:featuredmedia":[{"embeddable":true,"href":"https:\/\/compuviper.mx\/tienda\/wp-json\/wp\/v2\/media\/221367"}],"wp:attachment":[{"href":"https:\/\/compuviper.mx\/tienda\/wp-json\/wp\/v2\/media?parent=221366"}],"wp:term":[{"taxonomy":"product_cat","embeddable":true,"href":"https:\/\/compuviper.mx\/tienda\/wp-json\/wp\/v2\/product_cat?post=221366"},{"taxonomy":"product_tag","embeddable":true,"href":"https:\/\/compuviper.mx\/tienda\/wp-json\/wp\/v2\/product_tag?post=221366"}],"curies":[{"name":"wp","href":"https:\/\/api.w.org\/{rel}","templated":true}]}}