{"id":221360,"date":"2026-05-09T00:59:41","date_gmt":"2026-05-09T06:59:41","guid":{"rendered":"https:\/\/compuviper.mx\/tienda\/producto\/tenda-pro-s8-150w-switch-administrable-8-puertos-poe1-fibra-optica-capa-3-l3-ethernet-10-100-1000-base-t-poe-1-puerto-ethernet-10-100-1000-base-t-datos-1-puerto-sfp-1000-base-x\/"},"modified":"2026-05-09T00:59:41","modified_gmt":"2026-05-09T06:59:41","slug":"tenda-pro-s8-150w-switch-administrable-8-puertos-poe1-fibra-optica-capa-3-l3-ethernet-10-100-1000-base-t-poe-1-puerto-ethernet-10-100-1000-base-t-datos-1-puerto-sfp-1000-base-x","status":"publish","type":"product","link":"https:\/\/compuviper.mx\/tienda\/producto\/tenda-pro-s8-150w-switch-administrable-8-puertos-poe1-fibra-optica-capa-3-l3-ethernet-10-100-1000-base-t-poe-1-puerto-ethernet-10-100-1000-base-t-datos-1-puerto-sfp-1000-base-x\/","title":{"rendered":"Tenda Pro-s8-150w Switch   Administrable 8 Puertos Poe1 Fibra Optica Capa 3 (l3) Ethernet 10\/100\/1000 Base-t (poe), 1 Puerto Ethernet 10\/100\/1000 Base-t Datos 1 Puerto Sfp 1000 Base-x"},"content":{"rendered":"<table class=\"descripcion\">\n<tr>\n<td>Est\u00e1ndares de red ieee802.3, ieee802.3u, ieee802.3ab, ieee802.3z, ieee802.3x, ieee802.3af\/at, ieee802.1p, ieee802.1q, ieee802.1w, ieee802.1d, ieee802.1s<\/td>\n<\/tr>\n<tr>\n<td>Indicadores led un indicador led de enlace\/acto o poe para cada puerto<\/td>\n<\/tr>\n<tr>\n<td>Un indicador led de conversi\u00f3n de modo link\/one link\/act para cada dispositivo<\/td>\n<\/tr>\n<tr>\n<td>Un indicador led de conversi\u00f3n de modo poe para cada dispositivo<\/td>\n<\/tr>\n<tr>\n<td>Un indicador led de poe max para cada dispositivo<\/td>\n<\/tr>\n<tr>\n<td>Un indicador led de alimentaci\u00f3n para cada dispositivo<\/td>\n<\/tr>\n<tr>\n<td>Uno indicador led sys para cada dispositivo<\/td>\n<\/tr>\n<tr>\n<td>Puertos fijos 8 puertos ethernet 10\/100\/1000 base-t (poe)<\/td>\n<\/tr>\n<tr>\n<td>1 puerto ethernet 10\/100\/1000 base-t (datos)<\/td>\n<\/tr>\n<tr>\n<td>1 puerto sfp 1000 base-x<\/td>\n<\/tr>\n<tr>\n<td>Protecci\u00f3n contra rayos puerto: 6 kv<\/td>\n<\/tr>\n<tr>\n<td>Alimentaci\u00f3n: 6 kv<\/td>\n<\/tr>\n<tr>\n<td>Modo de reenv\u00edo almacenamiento y reenvio<\/td>\n<\/tr>\n<tr>\n<td>Capacidad de conmutaci\u00f3n 20 gb\/s<\/td>\n<\/tr>\n<tr>\n<td>Tasa de reenv\u00edo de paquetes 14,9 mpps<\/td>\n<\/tr>\n<tr>\n<td>B\u00fafer de conmutaci\u00f3n 12 mbit<\/td>\n<\/tr>\n<tr>\n<td>Tabla de direcciones mac 16k<\/td>\n<\/tr>\n<tr>\n<td>Voltaje de entrada 100 &#8211; 240 v ca 50\/60 hz<\/td>\n<\/tr>\n<tr>\n<td>Fuente de alimentaci\u00f3n poe los puertos 1 a 8 admiten ieee 802.3af\/at fuente de alimentaci\u00f3n poe est\u00e1ndar<\/td>\n<\/tr>\n<tr>\n<td>1 2 4 5 + y 3 6 7 8 &#8211;<\/td>\n<\/tr>\n<tr>\n<td>Consumo de interruptor completo consumo total del interruptor:  150<\/td>\n<\/tr>\n<tr>\n<td>W potencia m\u00e1xima de salida poe: 130 w<\/td>\n<\/tr>\n<tr>\n<td>Dimensiones (l x an x al) 294 mm * 179,6 mm * 44 mm<\/td>\n<\/tr>\n<tr>\n<td>Ambiente temperatura de funcionamiento: 0 \u00b0c &#8211; 45 \u00b0c<\/td>\n<\/tr>\n<tr>\n<td>Humedad de funcionamiento: (10 % &#8211; 90 %) hr, sin condensaci\u00f3n<\/td>\n<\/tr>\n<tr>\n<td>Temperatura de almacenamiento: -40 \u00b0c &#8211; 70 \u00b0c<\/td>\n<\/tr>\n<tr>\n<td>Humedad de almacenamiento: (5 % &#8211; 90 %) hr, sin condensaci\u00f3n condensando<\/td>\n<\/tr>\n<tr>\n<td>Certificados fcc ce rohs<\/td>\n<\/tr>\n<tr>\n<td>Funciones de software<\/td>\n<\/tr>\n<tr>\n<td>Gesti\u00f3n de la fuente de alimentaci\u00f3n poe configuraci\u00f3n de puerto poe y fuente de alimentaci\u00f3n con<\/td>\n<\/tr>\n<tr>\n<td>Protecci\u00f3n prioritaria contra sobretemperatura de<\/td>\n<\/tr>\n<tr>\n<td>Poe administraci\u00f3n programada de poe<\/td>\n<\/tr>\n<tr>\n<td>Admite administraci\u00f3n inteligente y detecci\u00f3n de dispositivos alimentados por poe (estado del puerto, asignaci\u00f3n de energ\u00eda y estado del dispositivo alimentado por poe)<\/td>\n<\/tr>\n<tr>\n<td>Caracter\u00edsticas de seguridad admite l\u00edmite de recepci\u00f3n de arp<\/td>\n<\/tr>\n<tr>\n<td>Admite descarte de direcciones mac desconocidas<\/td>\n<\/tr>\n<tr>\n<td>Admite defensa contra ataques dos<\/td>\n<\/tr>\n<tr>\n<td>Admite autenticaci\u00f3n de seguridad 802.1x<\/td>\n<\/tr>\n<tr>\n<td>Admite autenticaci\u00f3n radius<\/td>\n<\/tr>\n<tr>\n<td>Vlan ieee 802.1q vlan<\/td>\n<\/tr>\n<tr>\n<td>Vlan interfaces de capa 3<\/td>\n<\/tr>\n<tr>\n<td>Admite tres modos de puerto: acceso, troncal e h\u00edbrido<\/td>\n<\/tr>\n<tr>\n<td>Dhcp admite servidor<\/td>\n<\/tr>\n<tr>\n<td>Dhcp admite retransmisi\u00f3n<\/td>\n<\/tr>\n<tr>\n<td>Dhcp admite indagaci\u00f3n dhcp<\/td>\n<\/tr>\n<tr>\n<td>Admite la configuraci\u00f3n de pol\u00edticas de la opci\u00f3n 82<\/td>\n<\/tr>\n<tr>\n<td>Enrutamiento admite enrutamiento entre vlan<\/td>\n<\/tr>\n<tr>\n<td>Admite enrutamiento est\u00e1tico ipv4<\/td>\n<\/tr>\n<tr>\n<td>Admite arp din\u00e1mico y arp est\u00e1tico<\/td>\n<\/tr>\n<tr>\n<td>Admite configuraci\u00f3n de antig\u00fcedad de arp<\/td>\n<\/tr>\n<tr>\n<td>Agregaci\u00f3n de puertos admite agregaci\u00f3n est\u00e1tica admite agregaci\u00f3n<\/td>\n<\/tr>\n<tr>\n<td>Din\u00e1mica lacp<\/td>\n<\/tr>\n<tr>\n<td>Admite un m\u00e1ximo de 32 grupos de agregaci\u00f3n y un m\u00e1ximo de 8 puertos miembro en cada grupo<\/td>\n<\/tr>\n<tr>\n<td>Stp (protocolo de \u00e1rbol de expansi\u00f3n) compatibilidad con ieee 802.1d stp (protocolo de \u00e1rbol de expansi\u00f3n)<\/td>\n<\/tr>\n<tr>\n<td>Compatibilidad con ieee 802.1w rstp (protocolo de \u00e1rbol de expansi\u00f3n r\u00e1pida)<\/td>\n<\/tr>\n<tr>\n<td>Compatibilidad con ieee 802.1s mstp (protocolo de \u00e1rbol de expansi\u00f3n m\u00faltiple) compatibilidad con<\/td>\n<\/tr>\n<tr>\n<td>Puertos perimetrales compatibilidad<\/td>\n<\/tr>\n<tr>\n<td>Con estad\u00edsticas de bpdu<\/td>\n<\/tr>\n<tr>\n<td>Compatibilidad con protecci\u00f3n de bpdu, filtro de bpdu<\/td>\n<\/tr>\n<tr>\n<td>Compatibilidad con protecci\u00f3n de ra\u00edz, protecci\u00f3n de bucle y detecci\u00f3n de bucle invertido<\/td>\n<\/tr>\n<tr>\n<td>Multidifusi\u00f3n igmp snooping v1\/v2\/v3<\/td>\n<\/tr>\n<tr>\n<td>Puerto de soporte salida r\u00e1pida<\/td>\n<\/tr>\n<tr>\n<td>Duplicaci\u00f3n de puertos n: admite duplicaci\u00f3n de 1 puerto<\/td>\n<\/tr>\n<tr>\n<td>Qos compatibilidad con sp (prioridad estricta)<\/td>\n<\/tr>\n<tr>\n<td>Compatibilidad con swrr (simple weighted round robin)<\/td>\n<\/tr>\n<tr>\n<td>Compatibilidad con wrr (weighted round robin)<\/td>\n<\/tr>\n<tr>\n<td>Compatibilidad con modo de confianza de puerto 802.1p compatibilidad con modo de confianza<\/td>\n<\/tr>\n<tr>\n<td>De puerto dscp<\/td>\n<\/tr>\n<tr>\n<td>Compatibilidad con un m\u00e1ximo de mapeo de calidad de servicio de 8 colas<\/td>\n<\/tr>\n<tr>\n<td>Compatibilidad con tail drop<\/td>\n<\/tr>\n<tr>\n<td>Compatibilidad con supresi\u00f3n de tormentas<\/td>\n<\/tr>\n<tr>\n<td>Compatibilidad con puerto l\u00edmite de velocidad<\/td>\n<\/tr>\n<tr>\n<td>Lca compatibilidad con mac acl<\/td>\n<\/tr>\n<tr>\n<td>Compatibilidad con ipv4 acl<\/td>\n<\/tr>\n<tr>\n<td>Cargando y actualizando admite actualizaci\u00f3n de ftp\/tftp\/http<\/td>\n<\/tr>\n<tr>\n<td>Admite importaci\u00f3n y exportaci\u00f3n de configuraci\u00f3n<\/td>\n<\/tr>\n<tr>\n<td>Gesti\u00f3n y mantenimiento admite control y gesti\u00f3n centralizados mediante el controlador de software profi<\/td>\n<\/tr>\n<tr>\n<td>Admite configuraci\u00f3n cli<\/td>\n<\/tr>\n<tr>\n<td>Admite configuraci\u00f3n remota de telnet<\/td>\n<\/tr>\n<tr>\n<td>Admite snmp v1\/v2\/v3<\/td>\n<\/tr>\n<tr>\n<td>Admite administraci\u00f3n y mantenimiento web<\/td>\n<\/tr>\n<tr>\n<td>Admite registros del sistema<\/td>\n<\/tr>\n<tr>\n<td>Admite clasificaci\u00f3n de registro<\/td>\n<\/tr>\n<tr>\n<td>Admite ntp<\/td>\n<\/tr>\n<tr>\n<td>Admite pruebas de ping y tracert<\/td>\n<\/tr>\n<tr>\n<td>Admite monitoreo de memoria y cpu<\/td>\n<\/tr>\n<\/table>\n","protected":false},"excerpt":{"rendered":"<p>Pro-s8-150w switch 8 fibra optica puertos ethernet 10\/100\/1000 base-t (poe), 1 puerto ethernet 10\/100\/1000 base-t (datos), 1 puerto sfp 1000 base-x,cumple con los est\u00e1ndares ieee 802.3, ieee 802.3u, ieee 802.3ab, ieee 802.3z, ieee 802.3x, ieee 802.1p, ieee 802.1q, ieee 802.1w, ieee 802.1d, ieee 802.1s, ieee 802.3af\/at,direcci\u00f3n mac de 16k y aprendizaje autom\u00e1tico de direcciones mac. B\u00fafer grande de 12 mb. Capacidad de conmutaci\u00f3n: 20 gbps. Admite abundantes servicios, como enrutamiento est\u00e1tico, vlan, igmp, qos, acl, dhcp snooping, arp y telnet. Admite la gesti\u00f3n del controlador profi soft<\/p>\n","protected":false},"featured_media":221361,"comment_status":"open","ping_status":"open","template":"","meta":[],"product_cat":[1563,1564],"product_tag":[1560],"acf":[],"yoast_head":"<!-- This site is optimized with the Yoast SEO plugin v21.7 - https:\/\/yoast.com\/wordpress\/plugins\/seo\/ -->\n<title>[ Tenda ] &#129351; Pro-s8-150w Switch Administrable 8 Puertos Poe1 Fibra Optica Capa 3 (l3) Ethernet 10\/100\/1000 Base-t (poe), 1 Puerto Ethernet 10\/100\/1000 Base-t Datos 1 Puerto Sfp 1000 Base-x<\/title>\n<meta name=\"description\" content=\"Compra Pro-s8-150w Switch Administrable 8 Puertos Poe1 Fibra Optica Capa 3 (l3) Ethernet 10\/100\/1000 Base-t (poe), 1 Puerto Ethernet 10\/100\/1000 Base-t Datos 1 Puerto Sfp 1000 Base-x + Env\u00edo a domicilio + Pago seguro + Garant\u00eda\" \/>\n<meta name=\"robots\" content=\"index, follow, max-snippet:-1, max-image-preview:large, max-video-preview:-1\" \/>\n<link rel=\"canonical\" href=\"https:\/\/compuviper.mx\/tienda\/producto\/tenda-pro-s8-150w-switch-administrable-8-puertos-poe1-fibra-optica-capa-3-l3-ethernet-10-100-1000-base-t-poe-1-puerto-ethernet-10-100-1000-base-t-datos-1-puerto-sfp-1000-base-x\/\" \/>\n<meta property=\"og:locale\" content=\"es_MX\" \/>\n<meta property=\"og:type\" content=\"article\" \/>\n<meta property=\"og:title\" content=\"[ Tenda ] &#129351; Pro-s8-150w Switch Administrable 8 Puertos Poe1 Fibra Optica Capa 3 (l3) Ethernet 10\/100\/1000 Base-t (poe), 1 Puerto Ethernet 10\/100\/1000 Base-t Datos 1 Puerto Sfp 1000 Base-x\" \/>\n<meta property=\"og:description\" content=\"Compra Pro-s8-150w Switch Administrable 8 Puertos Poe1 Fibra Optica Capa 3 (l3) Ethernet 10\/100\/1000 Base-t (poe), 1 Puerto Ethernet 10\/100\/1000 Base-t Datos 1 Puerto Sfp 1000 Base-x + Env\u00edo a domicilio + Pago seguro + Garant\u00eda\" \/>\n<meta property=\"og:url\" content=\"https:\/\/compuviper.mx\/tienda\/producto\/tenda-pro-s8-150w-switch-administrable-8-puertos-poe1-fibra-optica-capa-3-l3-ethernet-10-100-1000-base-t-poe-1-puerto-ethernet-10-100-1000-base-t-datos-1-puerto-sfp-1000-base-x\/\" \/>\n<meta property=\"og:site_name\" content=\"Compuviper\" \/>\n<meta property=\"article:publisher\" content=\"https:\/\/www.facebook.com\/compuviper\" \/>\n<meta property=\"og:image\" content=\"https:\/\/compuviper.mx\/tienda\/wp-content\/uploads\/2023\/12\/Switch-tenda-pro-s8-150w-administrable-8-puertos-poe1-fibra-optica-capa-3-l3-ethernet-101001000-base-t-poe-1-puerto-ethernet-101001000-base-t-datos-1-puerto-sfp-1000-base-x.jpg\" \/>\n\t<meta property=\"og:image:width\" content=\"200\" \/>\n\t<meta property=\"og:image:height\" content=\"200\" \/>\n\t<meta property=\"og:image:type\" content=\"image\/jpeg\" \/>\n<meta name=\"twitter:card\" content=\"summary_large_image\" \/>\n<meta name=\"twitter:label1\" content=\"Precio\" \/>\n\t<meta name=\"twitter:data1\" content=\"&#36;2,267 &#36;2,195 con IVA\" \/>\n\t<meta name=\"twitter:label2\" content=\"Availability\" \/>\n\t<meta name=\"twitter:data2\" content=\"In stock\" \/>\n<script type=\"application\/ld+json\" class=\"yoast-schema-graph\">{\"@context\":\"https:\/\/schema.org\",\"@graph\":[{\"@type\":\"WebPage\",\"@id\":\"https:\/\/compuviper.mx\/tienda\/producto\/tenda-pro-s8-150w-switch-administrable-8-puertos-poe1-fibra-optica-capa-3-l3-ethernet-10-100-1000-base-t-poe-1-puerto-ethernet-10-100-1000-base-t-datos-1-puerto-sfp-1000-base-x\/\",\"url\":\"https:\/\/compuviper.mx\/tienda\/producto\/tenda-pro-s8-150w-switch-administrable-8-puertos-poe1-fibra-optica-capa-3-l3-ethernet-10-100-1000-base-t-poe-1-puerto-ethernet-10-100-1000-base-t-datos-1-puerto-sfp-1000-base-x\/\",\"name\":\"[ Tenda ] &#129351; Pro-s8-150w Switch Administrable 8 Puertos Poe1 Fibra Optica Capa 3 (l3) Ethernet 10\/100\/1000 Base-t (poe), 1 Puerto Ethernet 10\/100\/1000 Base-t Datos 1 Puerto Sfp 1000 Base-x\",\"isPartOf\":{\"@id\":\"https:\/\/compuviper.mx\/tienda\/#website\"},\"datePublished\":\"2026-05-09T06:59:41+00:00\",\"dateModified\":\"2026-05-09T06:59:41+00:00\",\"description\":\"Compra Pro-s8-150w Switch Administrable 8 Puertos Poe1 Fibra Optica Capa 3 (l3) Ethernet 10\/100\/1000 Base-t (poe), 1 Puerto Ethernet 10\/100\/1000 Base-t Datos 1 Puerto Sfp 1000 Base-x + Env\u00edo a domicilio + Pago seguro + Garant\u00eda\",\"breadcrumb\":{\"@id\":\"https:\/\/compuviper.mx\/tienda\/producto\/tenda-pro-s8-150w-switch-administrable-8-puertos-poe1-fibra-optica-capa-3-l3-ethernet-10-100-1000-base-t-poe-1-puerto-ethernet-10-100-1000-base-t-datos-1-puerto-sfp-1000-base-x\/#breadcrumb\"},\"inLanguage\":\"es-MX\",\"potentialAction\":[{\"@type\":\"ReadAction\",\"target\":[\"https:\/\/compuviper.mx\/tienda\/producto\/tenda-pro-s8-150w-switch-administrable-8-puertos-poe1-fibra-optica-capa-3-l3-ethernet-10-100-1000-base-t-poe-1-puerto-ethernet-10-100-1000-base-t-datos-1-puerto-sfp-1000-base-x\/\"]}]},{\"@type\":\"BreadcrumbList\",\"@id\":\"https:\/\/compuviper.mx\/tienda\/producto\/tenda-pro-s8-150w-switch-administrable-8-puertos-poe1-fibra-optica-capa-3-l3-ethernet-10-100-1000-base-t-poe-1-puerto-ethernet-10-100-1000-base-t-datos-1-puerto-sfp-1000-base-x\/#breadcrumb\",\"itemListElement\":[{\"@type\":\"ListItem\",\"position\":1,\"name\":\"Inicio\",\"item\":\"https:\/\/compuviper.mx\/tienda\/\"},{\"@type\":\"ListItem\",\"position\":2,\"name\":\"Productos\",\"item\":\"https:\/\/compuviper.mx\/tienda\/productos\/\"},{\"@type\":\"ListItem\",\"position\":3,\"name\":\"Redes\",\"item\":\"https:\/\/compuviper.mx\/tienda\/categoria-producto\/redes\/\"},{\"@type\":\"ListItem\",\"position\":4,\"name\":\"Switch\",\"item\":\"https:\/\/compuviper.mx\/tienda\/categoria-producto\/redes\/switch\/\"},{\"@type\":\"ListItem\",\"position\":5,\"name\":\"Tenda Pro-s8-150w Switch Administrable 8 Puertos Poe1 Fibra Optica Capa 3 (l3) Ethernet 10\/100\/1000 Base-t (poe), 1 Puerto Ethernet 10\/100\/1000 Base-t Datos 1 Puerto Sfp 1000 Base-x\"}]},{\"@type\":\"WebSite\",\"@id\":\"https:\/\/compuviper.mx\/tienda\/#website\",\"url\":\"https:\/\/compuviper.mx\/tienda\/\",\"name\":\"Compuviper\",\"description\":\"Proveedor de Computadoras, Laptops, Servidores, Monitores, Puntos de Venta, Teclados,   Impresoras, T\u00f3ner, C\u00e1maras de Seguridad y m\u00e1s en tu tienda en l\u00ednea\",\"publisher\":{\"@id\":\"https:\/\/compuviper.mx\/tienda\/#organization\"},\"potentialAction\":[{\"@type\":\"SearchAction\",\"target\":{\"@type\":\"EntryPoint\",\"urlTemplate\":\"https:\/\/compuviper.mx\/tienda\/?s={search_term_string}\"},\"query-input\":\"required name=search_term_string\"}],\"inLanguage\":\"es-MX\"},{\"@type\":\"Organization\",\"@id\":\"https:\/\/compuviper.mx\/tienda\/#organization\",\"name\":\"Compuviper\",\"url\":\"https:\/\/compuviper.mx\/tienda\/\",\"logo\":{\"@type\":\"ImageObject\",\"inLanguage\":\"es-MX\",\"@id\":\"https:\/\/compuviper.mx\/tienda\/#\/schema\/logo\/image\/\",\"url\":\"https:\/\/compuviper.mx\/tienda\/wp-content\/uploads\/2021\/08\/Logo-Compuviper-10.png\",\"contentUrl\":\"https:\/\/compuviper.mx\/tienda\/wp-content\/uploads\/2021\/08\/Logo-Compuviper-10.png\",\"width\":1000,\"height\":500,\"caption\":\"Compuviper\"},\"image\":{\"@id\":\"https:\/\/compuviper.mx\/tienda\/#\/schema\/logo\/image\/\"},\"sameAs\":[\"https:\/\/www.facebook.com\/compuviper\",\"https:\/\/www.youtube.com\/channel\/UCf73dERp9Y3cfOq7q8BhLjA?view_as=subscriber\"]}]}<\/script>\n<meta property=\"product:brand\" content=\"TENDA\" \/>\n<meta property=\"product:price:amount\" content=\"2195\" \/>\n<meta property=\"product:price:currency\" content=\"MXN\" \/>\n<meta property=\"og:availability\" content=\"instock\" \/>\n<meta property=\"product:availability\" content=\"instock\" \/>\n<meta property=\"product:retailer_item_id\" content=\"PRO-S8-150W\" \/>\n<meta property=\"product:condition\" content=\"new\" \/>\n<!-- \/ Yoast SEO plugin. -->","yoast_head_json":{"title":"[ Tenda ] &#129351; Pro-s8-150w Switch Administrable 8 Puertos Poe1 Fibra Optica Capa 3 (l3) Ethernet 10\/100\/1000 Base-t (poe), 1 Puerto Ethernet 10\/100\/1000 Base-t Datos 1 Puerto Sfp 1000 Base-x","description":"Compra Pro-s8-150w Switch Administrable 8 Puertos Poe1 Fibra Optica Capa 3 (l3) Ethernet 10\/100\/1000 Base-t (poe), 1 Puerto Ethernet 10\/100\/1000 Base-t Datos 1 Puerto Sfp 1000 Base-x + Env\u00edo a domicilio + Pago seguro + Garant\u00eda","robots":{"index":"index","follow":"follow","max-snippet":"max-snippet:-1","max-image-preview":"max-image-preview:large","max-video-preview":"max-video-preview:-1"},"canonical":"https:\/\/compuviper.mx\/tienda\/producto\/tenda-pro-s8-150w-switch-administrable-8-puertos-poe1-fibra-optica-capa-3-l3-ethernet-10-100-1000-base-t-poe-1-puerto-ethernet-10-100-1000-base-t-datos-1-puerto-sfp-1000-base-x\/","og_locale":"es_MX","og_type":"article","og_title":"[ Tenda ] &#129351; Pro-s8-150w Switch Administrable 8 Puertos Poe1 Fibra Optica Capa 3 (l3) Ethernet 10\/100\/1000 Base-t (poe), 1 Puerto Ethernet 10\/100\/1000 Base-t Datos 1 Puerto Sfp 1000 Base-x","og_description":"Compra Pro-s8-150w Switch Administrable 8 Puertos Poe1 Fibra Optica Capa 3 (l3) Ethernet 10\/100\/1000 Base-t (poe), 1 Puerto Ethernet 10\/100\/1000 Base-t Datos 1 Puerto Sfp 1000 Base-x + Env\u00edo a domicilio + Pago seguro + Garant\u00eda","og_url":"https:\/\/compuviper.mx\/tienda\/producto\/tenda-pro-s8-150w-switch-administrable-8-puertos-poe1-fibra-optica-capa-3-l3-ethernet-10-100-1000-base-t-poe-1-puerto-ethernet-10-100-1000-base-t-datos-1-puerto-sfp-1000-base-x\/","og_site_name":"Compuviper","article_publisher":"https:\/\/www.facebook.com\/compuviper","og_image":[{"width":200,"height":200,"url":"https:\/\/compuviper.mx\/tienda\/wp-content\/uploads\/2023\/12\/Switch-tenda-pro-s8-150w-administrable-8-puertos-poe1-fibra-optica-capa-3-l3-ethernet-101001000-base-t-poe-1-puerto-ethernet-101001000-base-t-datos-1-puerto-sfp-1000-base-x.jpg","type":"image\/jpeg"}],"twitter_card":"summary_large_image","twitter_misc":{"Precio":"&#36;2,267 &#36;2,195 con IVA","Availability":"In stock"},"schema":{"@context":"https:\/\/schema.org","@graph":[{"@type":"WebPage","@id":"https:\/\/compuviper.mx\/tienda\/producto\/tenda-pro-s8-150w-switch-administrable-8-puertos-poe1-fibra-optica-capa-3-l3-ethernet-10-100-1000-base-t-poe-1-puerto-ethernet-10-100-1000-base-t-datos-1-puerto-sfp-1000-base-x\/","url":"https:\/\/compuviper.mx\/tienda\/producto\/tenda-pro-s8-150w-switch-administrable-8-puertos-poe1-fibra-optica-capa-3-l3-ethernet-10-100-1000-base-t-poe-1-puerto-ethernet-10-100-1000-base-t-datos-1-puerto-sfp-1000-base-x\/","name":"[ Tenda ] &#129351; Pro-s8-150w Switch Administrable 8 Puertos Poe1 Fibra Optica Capa 3 (l3) Ethernet 10\/100\/1000 Base-t (poe), 1 Puerto Ethernet 10\/100\/1000 Base-t Datos 1 Puerto Sfp 1000 Base-x","isPartOf":{"@id":"https:\/\/compuviper.mx\/tienda\/#website"},"datePublished":"2026-05-09T06:59:41+00:00","dateModified":"2026-05-09T06:59:41+00:00","description":"Compra Pro-s8-150w Switch Administrable 8 Puertos Poe1 Fibra Optica Capa 3 (l3) Ethernet 10\/100\/1000 Base-t (poe), 1 Puerto Ethernet 10\/100\/1000 Base-t Datos 1 Puerto Sfp 1000 Base-x + Env\u00edo a domicilio + Pago seguro + Garant\u00eda","breadcrumb":{"@id":"https:\/\/compuviper.mx\/tienda\/producto\/tenda-pro-s8-150w-switch-administrable-8-puertos-poe1-fibra-optica-capa-3-l3-ethernet-10-100-1000-base-t-poe-1-puerto-ethernet-10-100-1000-base-t-datos-1-puerto-sfp-1000-base-x\/#breadcrumb"},"inLanguage":"es-MX","potentialAction":[{"@type":"ReadAction","target":["https:\/\/compuviper.mx\/tienda\/producto\/tenda-pro-s8-150w-switch-administrable-8-puertos-poe1-fibra-optica-capa-3-l3-ethernet-10-100-1000-base-t-poe-1-puerto-ethernet-10-100-1000-base-t-datos-1-puerto-sfp-1000-base-x\/"]}]},{"@type":"BreadcrumbList","@id":"https:\/\/compuviper.mx\/tienda\/producto\/tenda-pro-s8-150w-switch-administrable-8-puertos-poe1-fibra-optica-capa-3-l3-ethernet-10-100-1000-base-t-poe-1-puerto-ethernet-10-100-1000-base-t-datos-1-puerto-sfp-1000-base-x\/#breadcrumb","itemListElement":[{"@type":"ListItem","position":1,"name":"Inicio","item":"https:\/\/compuviper.mx\/tienda\/"},{"@type":"ListItem","position":2,"name":"Productos","item":"https:\/\/compuviper.mx\/tienda\/productos\/"},{"@type":"ListItem","position":3,"name":"Redes","item":"https:\/\/compuviper.mx\/tienda\/categoria-producto\/redes\/"},{"@type":"ListItem","position":4,"name":"Switch","item":"https:\/\/compuviper.mx\/tienda\/categoria-producto\/redes\/switch\/"},{"@type":"ListItem","position":5,"name":"Tenda Pro-s8-150w Switch Administrable 8 Puertos Poe1 Fibra Optica Capa 3 (l3) Ethernet 10\/100\/1000 Base-t (poe), 1 Puerto Ethernet 10\/100\/1000 Base-t Datos 1 Puerto Sfp 1000 Base-x"}]},{"@type":"WebSite","@id":"https:\/\/compuviper.mx\/tienda\/#website","url":"https:\/\/compuviper.mx\/tienda\/","name":"Compuviper","description":"Proveedor de Computadoras, Laptops, Servidores, Monitores, Puntos de Venta, Teclados,   Impresoras, T\u00f3ner, C\u00e1maras de Seguridad y m\u00e1s en tu tienda en l\u00ednea","publisher":{"@id":"https:\/\/compuviper.mx\/tienda\/#organization"},"potentialAction":[{"@type":"SearchAction","target":{"@type":"EntryPoint","urlTemplate":"https:\/\/compuviper.mx\/tienda\/?s={search_term_string}"},"query-input":"required name=search_term_string"}],"inLanguage":"es-MX"},{"@type":"Organization","@id":"https:\/\/compuviper.mx\/tienda\/#organization","name":"Compuviper","url":"https:\/\/compuviper.mx\/tienda\/","logo":{"@type":"ImageObject","inLanguage":"es-MX","@id":"https:\/\/compuviper.mx\/tienda\/#\/schema\/logo\/image\/","url":"https:\/\/compuviper.mx\/tienda\/wp-content\/uploads\/2021\/08\/Logo-Compuviper-10.png","contentUrl":"https:\/\/compuviper.mx\/tienda\/wp-content\/uploads\/2021\/08\/Logo-Compuviper-10.png","width":1000,"height":500,"caption":"Compuviper"},"image":{"@id":"https:\/\/compuviper.mx\/tienda\/#\/schema\/logo\/image\/"},"sameAs":["https:\/\/www.facebook.com\/compuviper","https:\/\/www.youtube.com\/channel\/UCf73dERp9Y3cfOq7q8BhLjA?view_as=subscriber"]}]},"product_brand":"TENDA","product_price_amount":"2195","product_price_currency":"MXN","og_availability":"instock","product_availability":"instock","product_retailer_item_id":"PRO-S8-150W","product_condition":"new"},"_links":{"self":[{"href":"https:\/\/compuviper.mx\/tienda\/wp-json\/wp\/v2\/product\/221360"}],"collection":[{"href":"https:\/\/compuviper.mx\/tienda\/wp-json\/wp\/v2\/product"}],"about":[{"href":"https:\/\/compuviper.mx\/tienda\/wp-json\/wp\/v2\/types\/product"}],"replies":[{"embeddable":true,"href":"https:\/\/compuviper.mx\/tienda\/wp-json\/wp\/v2\/comments?post=221360"}],"wp:featuredmedia":[{"embeddable":true,"href":"https:\/\/compuviper.mx\/tienda\/wp-json\/wp\/v2\/media\/221361"}],"wp:attachment":[{"href":"https:\/\/compuviper.mx\/tienda\/wp-json\/wp\/v2\/media?parent=221360"}],"wp:term":[{"taxonomy":"product_cat","embeddable":true,"href":"https:\/\/compuviper.mx\/tienda\/wp-json\/wp\/v2\/product_cat?post=221360"},{"taxonomy":"product_tag","embeddable":true,"href":"https:\/\/compuviper.mx\/tienda\/wp-json\/wp\/v2\/product_tag?post=221360"}],"curies":[{"name":"wp","href":"https:\/\/api.w.org\/{rel}","templated":true}]}}