{"id":221336,"date":"2026-04-18T01:10:48","date_gmt":"2026-04-18T07:10:48","guid":{"rendered":"https:\/\/compuviper.mx\/tienda\/producto\/tp-link-tl-sg1005lp-switch-tp-link-gigabit-5-puertos-con-4-puertos-poe\/"},"modified":"2026-04-18T01:10:49","modified_gmt":"2026-04-18T07:10:49","slug":"tp-link-tl-sg1005lp-switch-tp-link-gigabit-5-puertos-con-4-puertos-poe","status":"publish","type":"product","link":"https:\/\/compuviper.mx\/tienda\/producto\/tp-link-tl-sg1005lp-switch-tp-link-gigabit-5-puertos-con-4-puertos-poe\/","title":{"rendered":"Tp Link Tl-sg1005lp Switch | Tp-link |  | Gigabit  | 5 Puertos Con 4 Puertos Poe"},"content":{"rendered":"<table class=\"descripcion\">\n<tr>\n<td>Switch de escritorio gigabit de 5 puertos con 4 puertos poe<\/td>\n<\/tr>\n<tr>\n<td>\u00955 puertos rj45 de 10\/100\/1000 mbps<\/td>\n<\/tr>\n<tr>\n<td>\u0095con cuatro puertos poe , transfiere datos y energa en un solo cable<\/td>\n<\/tr>\n<tr>\n<td>\u0095funciona con pd compatibles con ieee 802.3af \/ at<\/td>\n<\/tr>\n<tr>\n<td>\u0095802.1p \/ dscp qos permite un tr\u00e1fico suave sensible a la latencia<\/td>\n<\/tr>\n<tr>\n<td>\u0095admite alimentacin poe de hasta 30 w para cada puerto poe<\/td>\n<\/tr>\n<tr>\n<td>\u0095admite alimentacin poe de hasta 40 w para todos los puertos poe<\/td>\n<\/tr>\n<tr>\n<td>\u0095plug and play, no requiere configuracin ni instalacin<\/td>\n<\/tr>\n<\/table>\n","protected":false},"excerpt":{"rendered":"<p>Caractersticas de hardware. Interfaz\u0095 5 puertos rj45 de 10\/100\/1000 mbps. \u0095 autonegociacin. \u0095 auto mdi \/ mdix. Medios de red\u0095 10base-t: cable utp categora 3, 4, 5 m\u00e1ximo 100 m. \u0095 eia \/ tia-568 stp de 100  and 937; m\u00e1ximo 100 m. \u0095 100base-tx: cable utp categora 5, 5e m\u00e1ximo 100 m. \u0095 eia \/ tia-568 stp de 100  and 937; m\u00e1ximo 100 m. \u0095 1000base-t: cable utp categora 5, 5e, 6 o superior m\u00e1ximo 100 m. \u0095 eia \/ tia-568 stp de 100  and 937; m\u00e1ximo 100 m. Cantidad de ventiladoressin ventilador. Fuente de alimentacin externaadaptador de corriente externo salida: 53,5 v cc \/ 0,81 a. Tasa de reenvo de paquetes7.44 mpps. Puertos poe rj45\u0095 est\u00e1ndar: compatible con 802.3 af \/ at. \u0095 puertos poe: puertos 1\u00964. \u0095 fuente de alimentacin: 40 w. Tabla de direccin mac2k. Jumbo frame16 kb. Capacidad de conmutacin10 gbps. Dimensiones3.93.91.0 in 99.89825 mm. Consumo de potencia m\u00e1ximo\u0095 4,12 w 220\/50 hz. Sin pd conectado. \u0095 47,5 w 220\/50 hz. Con 40 w pd conectado. Disipacin m\u00e1xima de calor\u0095 14,05 btu \/ h sin pd conectado. \u0095 161,98 btu \/ h con pd de 40 w conectado. Caractersticas de software. Caractersticas avanzadas\u0095 compatible con pd compatibles con ieee 802.3af \/ at. \u0095 autoaprendizaje y envejecimiento autom\u00e1tico de direcciones mac. \u0095 control de flujo ieee 802.3x. \u0095 qos 802.1p \/ dscp. \u0095 inspeccin igmp. Mtodo de transferenciaalmacenamiento y reenvio. Otros. Certificacionesfcc, ce, rohs. Contenido del paquete\u0095 tl-sg1005lp. \u0095 adaptador de corriente. \u0095 gua de instalacin. Factores ambientales\u0095 temperatura de funcionamiento: 0\u009640  and 8451; 32\u0096104  and 8457;. \u0095 temperatura de almacenamiento: -40\u009670  and 8451; -40\u0096158  and 8457. \u0095 humedad de funcionamiento: 10 a 90 de humedad relativa sin condensacin. \u0095 humedad de almacenamiento: 5\u009690 de humedad relativa sin condensacin<\/p>\n","protected":false},"featured_media":221337,"comment_status":"open","ping_status":"open","template":"","meta":[],"product_cat":[1563,1564],"product_tag":[1562],"acf":[],"yoast_head":"<!-- This site is optimized with the Yoast SEO plugin v21.7 - https:\/\/yoast.com\/wordpress\/plugins\/seo\/ -->\n<title>[ Tp Link ] &#129351; Tl-sg1005lp Switch | Tp-link | | Gigabit | 5 Puertos Con 4 Puertos Poe<\/title>\n<meta name=\"description\" content=\"Compra Tl-sg1005lp Switch | Tp-link | | Gigabit | 5 Puertos Con 4 Puertos Poe + Env\u00edo a domicilio + Pago seguro + Garant\u00eda\" \/>\n<meta name=\"robots\" content=\"index, follow, max-snippet:-1, max-image-preview:large, max-video-preview:-1\" \/>\n<link rel=\"canonical\" href=\"https:\/\/compuviper.mx\/tienda\/producto\/tp-link-tl-sg1005lp-switch-tp-link-gigabit-5-puertos-con-4-puertos-poe\/\" \/>\n<meta property=\"og:locale\" content=\"es_MX\" \/>\n<meta property=\"og:type\" content=\"article\" \/>\n<meta property=\"og:title\" content=\"[ Tp Link ] &#129351; Tl-sg1005lp Switch | Tp-link | | Gigabit | 5 Puertos Con 4 Puertos Poe\" \/>\n<meta property=\"og:description\" content=\"Compra Tl-sg1005lp Switch | Tp-link | | Gigabit | 5 Puertos Con 4 Puertos Poe + Env\u00edo a domicilio + Pago seguro + Garant\u00eda\" \/>\n<meta property=\"og:url\" content=\"https:\/\/compuviper.mx\/tienda\/producto\/tp-link-tl-sg1005lp-switch-tp-link-gigabit-5-puertos-con-4-puertos-poe\/\" \/>\n<meta property=\"og:site_name\" content=\"Compuviper\" \/>\n<meta property=\"article:publisher\" content=\"https:\/\/www.facebook.com\/compuviper\" \/>\n<meta property=\"article:modified_time\" content=\"2026-04-18T07:10:49+00:00\" \/>\n<meta property=\"og:image\" content=\"https:\/\/compuviper.mx\/tienda\/wp-content\/uploads\/2023\/12\/Switch-tp-link-tl-sg1005lp-gigabit-5-puertos-con-4-puertos-poe.jpg\" \/>\n\t<meta property=\"og:image:width\" content=\"200\" \/>\n\t<meta property=\"og:image:height\" content=\"200\" \/>\n\t<meta property=\"og:image:type\" content=\"image\/jpeg\" \/>\n<meta name=\"twitter:card\" content=\"summary_large_image\" \/>\n<meta name=\"twitter:label1\" content=\"Precio\" \/>\n\t<meta name=\"twitter:data1\" content=\"&#36;501 con IVA\" \/>\n\t<meta name=\"twitter:label2\" content=\"Availability\" \/>\n\t<meta name=\"twitter:data2\" content=\"Out of stock\" \/>\n<script type=\"application\/ld+json\" class=\"yoast-schema-graph\">{\"@context\":\"https:\/\/schema.org\",\"@graph\":[{\"@type\":\"WebPage\",\"@id\":\"https:\/\/compuviper.mx\/tienda\/producto\/tp-link-tl-sg1005lp-switch-tp-link-gigabit-5-puertos-con-4-puertos-poe\/\",\"url\":\"https:\/\/compuviper.mx\/tienda\/producto\/tp-link-tl-sg1005lp-switch-tp-link-gigabit-5-puertos-con-4-puertos-poe\/\",\"name\":\"[ Tp Link ] &#129351; Tl-sg1005lp Switch | Tp-link | | Gigabit | 5 Puertos Con 4 Puertos Poe\",\"isPartOf\":{\"@id\":\"https:\/\/compuviper.mx\/tienda\/#website\"},\"datePublished\":\"2026-04-18T07:10:48+00:00\",\"dateModified\":\"2026-04-18T07:10:49+00:00\",\"description\":\"Compra Tl-sg1005lp Switch | Tp-link | | Gigabit | 5 Puertos Con 4 Puertos Poe + Env\u00edo a domicilio + Pago seguro + Garant\u00eda\",\"breadcrumb\":{\"@id\":\"https:\/\/compuviper.mx\/tienda\/producto\/tp-link-tl-sg1005lp-switch-tp-link-gigabit-5-puertos-con-4-puertos-poe\/#breadcrumb\"},\"inLanguage\":\"es-MX\",\"potentialAction\":[{\"@type\":\"ReadAction\",\"target\":[\"https:\/\/compuviper.mx\/tienda\/producto\/tp-link-tl-sg1005lp-switch-tp-link-gigabit-5-puertos-con-4-puertos-poe\/\"]}]},{\"@type\":\"BreadcrumbList\",\"@id\":\"https:\/\/compuviper.mx\/tienda\/producto\/tp-link-tl-sg1005lp-switch-tp-link-gigabit-5-puertos-con-4-puertos-poe\/#breadcrumb\",\"itemListElement\":[{\"@type\":\"ListItem\",\"position\":1,\"name\":\"Inicio\",\"item\":\"https:\/\/compuviper.mx\/tienda\/\"},{\"@type\":\"ListItem\",\"position\":2,\"name\":\"Productos\",\"item\":\"https:\/\/compuviper.mx\/tienda\/productos\/\"},{\"@type\":\"ListItem\",\"position\":3,\"name\":\"Redes\",\"item\":\"https:\/\/compuviper.mx\/tienda\/categoria-producto\/redes\/\"},{\"@type\":\"ListItem\",\"position\":4,\"name\":\"Switch\",\"item\":\"https:\/\/compuviper.mx\/tienda\/categoria-producto\/redes\/switch\/\"},{\"@type\":\"ListItem\",\"position\":5,\"name\":\"Tp Link Tl-sg1005lp Switch | Tp-link | | Gigabit | 5 Puertos Con 4 Puertos Poe\"}]},{\"@type\":\"WebSite\",\"@id\":\"https:\/\/compuviper.mx\/tienda\/#website\",\"url\":\"https:\/\/compuviper.mx\/tienda\/\",\"name\":\"Compuviper\",\"description\":\"Proveedor de Computadoras, Laptops, Servidores, Monitores, Puntos de Venta, Teclados,   Impresoras, T\u00f3ner, C\u00e1maras de Seguridad y m\u00e1s en tu tienda en l\u00ednea\",\"publisher\":{\"@id\":\"https:\/\/compuviper.mx\/tienda\/#organization\"},\"potentialAction\":[{\"@type\":\"SearchAction\",\"target\":{\"@type\":\"EntryPoint\",\"urlTemplate\":\"https:\/\/compuviper.mx\/tienda\/?s={search_term_string}\"},\"query-input\":\"required name=search_term_string\"}],\"inLanguage\":\"es-MX\"},{\"@type\":\"Organization\",\"@id\":\"https:\/\/compuviper.mx\/tienda\/#organization\",\"name\":\"Compuviper\",\"url\":\"https:\/\/compuviper.mx\/tienda\/\",\"logo\":{\"@type\":\"ImageObject\",\"inLanguage\":\"es-MX\",\"@id\":\"https:\/\/compuviper.mx\/tienda\/#\/schema\/logo\/image\/\",\"url\":\"https:\/\/compuviper.mx\/tienda\/wp-content\/uploads\/2021\/08\/Logo-Compuviper-10.png\",\"contentUrl\":\"https:\/\/compuviper.mx\/tienda\/wp-content\/uploads\/2021\/08\/Logo-Compuviper-10.png\",\"width\":1000,\"height\":500,\"caption\":\"Compuviper\"},\"image\":{\"@id\":\"https:\/\/compuviper.mx\/tienda\/#\/schema\/logo\/image\/\"},\"sameAs\":[\"https:\/\/www.facebook.com\/compuviper\",\"https:\/\/www.youtube.com\/channel\/UCf73dERp9Y3cfOq7q8BhLjA?view_as=subscriber\"]}]}<\/script>\n<meta property=\"product:brand\" content=\"TP LINK\" \/>\n<meta property=\"product:price:amount\" content=\"501\" \/>\n<meta property=\"product:price:currency\" content=\"MXN\" \/>\n<meta property=\"og:availability\" content=\"out of stock\" \/>\n<meta property=\"product:availability\" content=\"out of stock\" \/>\n<meta property=\"product:retailer_item_id\" content=\"TL-SG1005LP\" \/>\n<meta property=\"product:condition\" content=\"new\" \/>\n<!-- \/ Yoast SEO plugin. -->","yoast_head_json":{"title":"[ Tp Link ] &#129351; Tl-sg1005lp Switch | Tp-link | | Gigabit | 5 Puertos Con 4 Puertos Poe","description":"Compra Tl-sg1005lp Switch | Tp-link | | Gigabit | 5 Puertos Con 4 Puertos Poe + Env\u00edo a domicilio + Pago seguro + Garant\u00eda","robots":{"index":"index","follow":"follow","max-snippet":"max-snippet:-1","max-image-preview":"max-image-preview:large","max-video-preview":"max-video-preview:-1"},"canonical":"https:\/\/compuviper.mx\/tienda\/producto\/tp-link-tl-sg1005lp-switch-tp-link-gigabit-5-puertos-con-4-puertos-poe\/","og_locale":"es_MX","og_type":"article","og_title":"[ Tp Link ] &#129351; Tl-sg1005lp Switch | Tp-link | | Gigabit | 5 Puertos Con 4 Puertos Poe","og_description":"Compra Tl-sg1005lp Switch | Tp-link | | Gigabit | 5 Puertos Con 4 Puertos Poe + Env\u00edo a domicilio + Pago seguro + Garant\u00eda","og_url":"https:\/\/compuviper.mx\/tienda\/producto\/tp-link-tl-sg1005lp-switch-tp-link-gigabit-5-puertos-con-4-puertos-poe\/","og_site_name":"Compuviper","article_publisher":"https:\/\/www.facebook.com\/compuviper","article_modified_time":"2026-04-18T07:10:49+00:00","og_image":[{"width":200,"height":200,"url":"https:\/\/compuviper.mx\/tienda\/wp-content\/uploads\/2023\/12\/Switch-tp-link-tl-sg1005lp-gigabit-5-puertos-con-4-puertos-poe.jpg","type":"image\/jpeg"}],"twitter_card":"summary_large_image","twitter_misc":{"Precio":"&#36;501 con IVA","Availability":"Out of stock"},"schema":{"@context":"https:\/\/schema.org","@graph":[{"@type":"WebPage","@id":"https:\/\/compuviper.mx\/tienda\/producto\/tp-link-tl-sg1005lp-switch-tp-link-gigabit-5-puertos-con-4-puertos-poe\/","url":"https:\/\/compuviper.mx\/tienda\/producto\/tp-link-tl-sg1005lp-switch-tp-link-gigabit-5-puertos-con-4-puertos-poe\/","name":"[ Tp Link ] &#129351; Tl-sg1005lp Switch | Tp-link | | Gigabit | 5 Puertos Con 4 Puertos Poe","isPartOf":{"@id":"https:\/\/compuviper.mx\/tienda\/#website"},"datePublished":"2026-04-18T07:10:48+00:00","dateModified":"2026-04-18T07:10:49+00:00","description":"Compra Tl-sg1005lp Switch | Tp-link | | Gigabit | 5 Puertos Con 4 Puertos Poe + Env\u00edo a domicilio + Pago seguro + Garant\u00eda","breadcrumb":{"@id":"https:\/\/compuviper.mx\/tienda\/producto\/tp-link-tl-sg1005lp-switch-tp-link-gigabit-5-puertos-con-4-puertos-poe\/#breadcrumb"},"inLanguage":"es-MX","potentialAction":[{"@type":"ReadAction","target":["https:\/\/compuviper.mx\/tienda\/producto\/tp-link-tl-sg1005lp-switch-tp-link-gigabit-5-puertos-con-4-puertos-poe\/"]}]},{"@type":"BreadcrumbList","@id":"https:\/\/compuviper.mx\/tienda\/producto\/tp-link-tl-sg1005lp-switch-tp-link-gigabit-5-puertos-con-4-puertos-poe\/#breadcrumb","itemListElement":[{"@type":"ListItem","position":1,"name":"Inicio","item":"https:\/\/compuviper.mx\/tienda\/"},{"@type":"ListItem","position":2,"name":"Productos","item":"https:\/\/compuviper.mx\/tienda\/productos\/"},{"@type":"ListItem","position":3,"name":"Redes","item":"https:\/\/compuviper.mx\/tienda\/categoria-producto\/redes\/"},{"@type":"ListItem","position":4,"name":"Switch","item":"https:\/\/compuviper.mx\/tienda\/categoria-producto\/redes\/switch\/"},{"@type":"ListItem","position":5,"name":"Tp Link Tl-sg1005lp Switch | Tp-link | | Gigabit | 5 Puertos Con 4 Puertos Poe"}]},{"@type":"WebSite","@id":"https:\/\/compuviper.mx\/tienda\/#website","url":"https:\/\/compuviper.mx\/tienda\/","name":"Compuviper","description":"Proveedor de Computadoras, Laptops, Servidores, Monitores, Puntos de Venta, Teclados,   Impresoras, T\u00f3ner, C\u00e1maras de Seguridad y m\u00e1s en tu tienda en l\u00ednea","publisher":{"@id":"https:\/\/compuviper.mx\/tienda\/#organization"},"potentialAction":[{"@type":"SearchAction","target":{"@type":"EntryPoint","urlTemplate":"https:\/\/compuviper.mx\/tienda\/?s={search_term_string}"},"query-input":"required name=search_term_string"}],"inLanguage":"es-MX"},{"@type":"Organization","@id":"https:\/\/compuviper.mx\/tienda\/#organization","name":"Compuviper","url":"https:\/\/compuviper.mx\/tienda\/","logo":{"@type":"ImageObject","inLanguage":"es-MX","@id":"https:\/\/compuviper.mx\/tienda\/#\/schema\/logo\/image\/","url":"https:\/\/compuviper.mx\/tienda\/wp-content\/uploads\/2021\/08\/Logo-Compuviper-10.png","contentUrl":"https:\/\/compuviper.mx\/tienda\/wp-content\/uploads\/2021\/08\/Logo-Compuviper-10.png","width":1000,"height":500,"caption":"Compuviper"},"image":{"@id":"https:\/\/compuviper.mx\/tienda\/#\/schema\/logo\/image\/"},"sameAs":["https:\/\/www.facebook.com\/compuviper","https:\/\/www.youtube.com\/channel\/UCf73dERp9Y3cfOq7q8BhLjA?view_as=subscriber"]}]},"product_brand":"TP LINK","product_price_amount":"501","product_price_currency":"MXN","og_availability":"out of stock","product_availability":"out of stock","product_retailer_item_id":"TL-SG1005LP","product_condition":"new"},"_links":{"self":[{"href":"https:\/\/compuviper.mx\/tienda\/wp-json\/wp\/v2\/product\/221336"}],"collection":[{"href":"https:\/\/compuviper.mx\/tienda\/wp-json\/wp\/v2\/product"}],"about":[{"href":"https:\/\/compuviper.mx\/tienda\/wp-json\/wp\/v2\/types\/product"}],"replies":[{"embeddable":true,"href":"https:\/\/compuviper.mx\/tienda\/wp-json\/wp\/v2\/comments?post=221336"}],"wp:featuredmedia":[{"embeddable":true,"href":"https:\/\/compuviper.mx\/tienda\/wp-json\/wp\/v2\/media\/221337"}],"wp:attachment":[{"href":"https:\/\/compuviper.mx\/tienda\/wp-json\/wp\/v2\/media?parent=221336"}],"wp:term":[{"taxonomy":"product_cat","embeddable":true,"href":"https:\/\/compuviper.mx\/tienda\/wp-json\/wp\/v2\/product_cat?post=221336"},{"taxonomy":"product_tag","embeddable":true,"href":"https:\/\/compuviper.mx\/tienda\/wp-json\/wp\/v2\/product_tag?post=221336"}],"curies":[{"name":"wp","href":"https:\/\/api.w.org\/{rel}","templated":true}]}}