{"id":221334,"date":"2026-04-18T01:10:48","date_gmt":"2026-04-18T07:10:48","guid":{"rendered":"https:\/\/compuviper.mx\/tienda\/producto\/tp-link-tl-sg2218-switch-tp-link-administrable-gigabit-de-16-puertos-2-ranuras-sfp-sustituye-a-t2600g-18ts\/"},"modified":"2026-04-18T01:10:48","modified_gmt":"2026-04-18T07:10:48","slug":"tp-link-tl-sg2218sg2218-switch-tp-link-tl-sg2218-administrable-gigabit-de-16-puertos-2-ranuras-sfp-sustituye-a-t2600g-18ts","status":"publish","type":"product","link":"https:\/\/compuviper.mx\/tienda\/producto\/tp-link-tl-sg2218sg2218-switch-tp-link-tl-sg2218-administrable-gigabit-de-16-puertos-2-ranuras-sfp-sustituye-a-t2600g-18ts\/","title":{"rendered":"Tp Link Tl-sg2218,sg2218 Switch Tp-link Tl-sg2218 Administrable Gigabit De 16 Puertos 2 Ranuras Sfp Sustituye A T2600g-18ts"},"content":{"rendered":"<table class=\"descripcion\">\n<tr>\n<td>Switch inteligente jetstream de 16 puertos gigabit con 2 ranuras sfp<\/td>\n<\/tr>\n<tr>\n<td>\u0095 puertos gigabit completos: 16 puertos rj45 gigabit y 2 ranuras sfp gigabit proporcionan conexiones de alta velocidad.<\/td>\n<\/tr>\n<tr>\n<td>\u0095 integrado en omada sdn: aprovisionamiento sin intervenci\u00f3n (ztp) * , administraci\u00f3n centralizada en la nube y monitoreo inteligente.<\/td>\n<\/tr>\n<tr>\n<td>\u0095 gesti\u00f3n centralizada: acceso a la nube y la aplicaci\u00f3n omada para una m\u00e1xima comodidad y una gesti\u00f3n sencilla.<\/td>\n<\/tr>\n<tr>\n<td>\u0095 enrutamiento est\u00e1tico: ayuda a enrutar el tr\u00e1fico interno para un uso m\u00e1s eficiente de los recursos de la red.<\/td>\n<\/tr>\n<tr>\n<td>\u0095 estrategias de seguridad s\u00f3lidas: enlace de puerto ip-mac, acl, seguridad de puerto, defensa dos, control de tormentas, indagaci\u00f3n dhcp, 802.1x, autenticaci\u00f3n radius y m\u00e1s.<\/td>\n<\/tr>\n<tr>\n<td>\u0095 optimice las aplicaciones de voz y video: qos l2 \/ l3 \/ l4 e igmp snooping.<\/td>\n<\/tr>\n<tr>\n<td>\u0095 administraci\u00f3n independiente: web, cli (telnet, ssh), snmp, rmon e imagen dual brindan potentes capacidades de administraci\u00f3n<\/td>\n<\/tr>\n<\/table>\n","protected":false},"excerpt":{"rendered":"<p>Caracter\u00edsticas de hardware. Interfaz \u0095 puertos rj45 de 16 \u00d7 10\/100\/1000 mbps. \u0095 2 ranuras gigabit sfp. Cantidad de ventiladores sin ventilador. Fuente de alimentaci\u00f3n 100-240 v ac~50\/60 hz. Dimensiones 17.3 \u00d7 7.1 \u00d7 1.7 in (440 \u00d7 180 \u00d7 44 mm. Montaje montaje en rack. Consumo de potencia m\u00e1ximo 12.3 w (220 v\/50 hz. Disipaci\u00f3n m\u00e1xima de calor 41.97 btu\/hr. Rendimiento. Capacidad de conmutaci\u00f3n 36 gbps. Tasa de reenv\u00edo de paquetes 26.8 mpps. Tabla de direcciones mac 8k. Jumbo frame 9 kb. Caracter\u00edsticas de software. Calidad de servicio \u0095 8 colas de prioridad. \u0095 prioridad 802.1p cos \/ dscp. \u0095 programaci\u00f3n de colas. &#8211; sp (prioridad estricta. &#8211; wrr (round robin ponderado. &#8211; sp + wrr. \u0095 control de ancho de banda. &#8211; limitaci\u00f3n de clasificaci\u00f3n basada en puerto \/ flujo. \u0095 rendimiento m\u00e1s fluido. \u0095 acci\u00f3n por los flujos. &#8211; espejo (a la interfaz compatible. &#8211; redirigir (a la interfaz compatible. &#8211; l\u00edmite de tarifa. &#8211; observaci\u00f3n de qos. Caracter\u00edsticas l2 y l2+ \u0095 agregar un link. &#8211; agregaci\u00f3n de enlaces est\u00e1ticos. &#8211; lacp 802.3ad. &#8211; hasta 8 grupos de agregaci\u00f3n y hasta 8 puertos por grupo. \u0095 protocolo de \u00e1rbol de expansi\u00f3n. &#8211; 802.1d stp. &#8211; 802.1w rstp. &#8211; mstp 802.1s. &#8211; seguridad stp: tc protect, bpdu filter, bpdu protect, root protect, loop protect. \u0095 detecci\u00f3n de bucle invertido. &#8211; basado en puerto. &#8211; basado en vlan. \u0095 control de flujo. &#8211; control de flujo 802.3x. &#8211; prevenci\u00f3n de bloqueo hol. \u0095 reflejo. &#8211; duplicaci\u00f3n de puertos. &#8211; duplicaci\u00f3n de cpu. &#8211; doce y cincuenta y nueve de la noche. &#8211; muchos a uno. &#8211; tx \/ rx \/ ambos. Multicast l2 \u0095 admite grupos igmp 511 (ipv4, ipv6. \u0095 inspecci\u00f3n igmp. &#8211; igmp v1 \/ v2 \/ v3 snooping. &#8211; salida r\u00e1pida. &#8211; consulta igmp snooping. &#8211; autenticaci\u00f3n igmp. \u0095 autenticaci\u00f3n igmp. \u0095 mvr. \u0095 indagaci\u00f3n mld. &#8211; indagaci\u00f3n mld v1 \/ v2. &#8211; salida r\u00e1pida. &#8211; consulta de indagaci\u00f3n mld. &#8211; configuraci\u00f3n de grupo est\u00e1tico. &#8211; multidifusi\u00f3n ip limitada. \u0095 filtrado de multidifusi\u00f3n: 256 perfiles y 16 entradas por perfil. Vlan \u0095 grupo de vlan. &#8211; grupos m\u00e1ximos de vlan 4k. \u0095 vlan etiquetada 802.1q. \u0095 mac vlan: 12 entradas. \u0095 protocolo vlan: plantilla de protocolo 16, protocolo vlan 16. \u0095 gvrp. \u0095 vlan vpn (qinq. &#8211; qinq basado en puertos. &#8211; qinq selectivo. \u0095 vlan de voz. Lista de control de acceso \u0095 acl basada en el tiempo. \u0095 mac acl. &#8211; mac de origen. &#8211; mac de destino. &#8211; id de vlan. &#8211; prioridad de usuario. &#8211; tipo de \u00e9ter. \u0095 ip acl. &#8211; ip de origen. &#8211; ip de destino. &#8211; fragmento. &#8211; protocolo ip. &#8211; bandera de tcp. &#8211; puerto tcp \/ udp. &#8211; tos dscp \/ ip. &#8211; prioridad de usuario. \u0095 acl combinado. \u0095 contenido de paquete acl. \u0095 acl de ipv6. \u0095 pol\u00edtica. &#8211; reflejo. &#8211; redirigir. &#8211; l\u00edmite de tarifa. &#8211; observaci\u00f3n de qos. \u0095 acl se aplica al puerto \/ vlan. Seguridad \u0095 enlace de puerto ip-mac. &#8211; indagaci\u00f3n dhcp. &#8211; inspecci\u00f3n arp. &#8211; protecci\u00f3n de fuente ipv4. \u0095 enlace ipv6-mac-port. &#8211; indagaci\u00f3n dhcpv6. &#8211; detecci\u00f3n de nd. &#8211; protecci\u00f3n de fuente ipv6. \u0095 defensa dos. \u0095 seguridad de puerto est\u00e1tica \/ din\u00e1mica. &#8211; hasta 64 direcciones mac por puerto. \u0095 control de tormentas de difusi\u00f3n \/ multidifusi\u00f3n \/ unidifusi\u00f3n. &#8211; modo de control kbps \/ ratio \/ pps. \u0095 control de acceso basado en ip \/ puerto \/ mac. \u0095 802.1x. &#8211; autenticaci\u00f3n basada en puerto. &#8211; autenticaci\u00f3n basada en mac. &#8211; asignaci\u00f3n de vlan. &#8211; mab. &#8211; vlan de invitado. &#8211; admite autenticaci\u00f3n radius y. Responsabilidad. \u0095 aaa (incluido tacacs +. \u0095 aislamiento de puertos. \u0095 gesti\u00f3n web segura a trav\u00e9s de https con sslv3 \/ tls 1.2. \u0095 gesti\u00f3n segura de la interfaz de l\u00ednea de comandos (cli) con sshv1 \/ sshv2. Ipv6 \u0095 ipv6 doble ipv4 \/ ipv6. \u0095 detecci\u00f3n de detecci\u00f3n de escucha de multidifusi\u00f3n (mld. \u0095 acl de ipv6. \u0095 interfaz ipv6. \u0095 enrutamiento ipv6 est\u00e1tico. \u0095 descubrimiento de vecinos ipv6 (nd. \u0095 descubrimiento de la unidad de transmisi\u00f3n m\u00e1xima de ruta (mtu. \u0095 protocolo de mensajes de control de internet (icmp) versi\u00f3n 6. \u0095 tcpv6 \/ udpv6. \u0095 aplicaciones ipv6. &#8211; cliente dhcpv6. &#8211; ping6. &#8211; tracert6. &#8211; telnet (v6. &#8211; ipv6 snmp. &#8211; ipv6 ssh. &#8211; ssl ipv6. &#8211; http \/ https. &#8211; tftp ipv6. Caracter\u00edsticas l3 \u0095 16 interfaces ipv4 \/ ipv6. \u0095 enrutamiento estatico. &#8211; 48 rutas est\u00e1ticas. \u0095 arp est\u00e1tico. \u0095 316 entradas arp. \u0095 arp proxy. \u0095 arp gratuito. \u0095 servidor dhcp. \u0095 rel\u00e9 dhcp. \u0095 rel\u00e9 dhcp l2. Caracter\u00edsticas avanzadas \u0095 detecci\u00f3n autom\u00e1tica de dispositivos. \u0095 configuraci\u00f3n por lotes. \u0095 actualizaci\u00f3n de firmware por lotes. \u0095 supervisi\u00f3n de red inteligente. \u0095 advertencias de eventos anormales. \u0095 configuraci\u00f3n unificada. \u0095 horario de reinicio. Mibs \u0095 mib ii (rfc1213. \u0095 puente mib (rfc1493. \u0095 mib de puente p\/q (rfc2674. \u0095 mib de cliente de contabilidad radius (rfc2620. \u0095 mib de cliente de autenticaci\u00f3n radius (rfc2618. \u0095 ping remoto, traceroute mib (rfc2925. \u0095 admite mib privadas de tp-link. \u0095 rmon mib (rfc1757, rmon 1,2,3,9. Gesti\u00f3n. Omada app s\u00ed. Requiere el uso de oc300, oc200, controlador basado en la nube omada o controlador de software omada. Gesti\u00f3n centralizada \u0095 controlador basado en la nube omada. \u0095 controlador de hardware omada (oc300. \u0095 controlador de hardware omada (oc200. \u0095 controlador de software omada. Acceso a la nube s\u00ed. Requiere el uso de oc300, oc200, controlador basado en la nube omada o controlador de software omada. Aprovisionamiento sin contacto s\u00ed. Requiere el uso del controlador basado en la nube de omada. Funciones de gesti\u00f3n \u0095 interfaz gr\u00e1fica de usuario basada en web. \u0095 interfaz de l\u00ednea de comandos (cli) a trav\u00e9s de telnet. \u0095 snmpv1\/v2c\/v3. \u0095 informaci\u00f3n\/captura de snmp. \u0095 rmon (1,2,3,9 grupos. \u0095 plantilla mdf. \u0095 cliente dhcp\/bootp. \u0095 imagen dual, configuraci\u00f3n dual. \u0095 supervisi\u00f3n de cpu. \u0095 diagn\u00f3stico de cables. \u0095 aee. \u0095 sntp. \u0095 registro del sistema. Otros. Certificaciones ce, fcc, rohs. Contenido del paquete \u0095 interruptor tl-sg2218. \u0095 cable de alimentaci\u00f3n. \u0095 gu\u00eda de instalaci\u00f3n r\u00e1pida. \u0095 kit de montaje en bastidor. \u0095 patas de goma. Requisitos del sistema microsoft\u00ae windows\u00ae 98se, nt, 2000, xp, vista\u0099 or windows 7\/8\/10\/11, mac\u00ae os, netware\u00ae, unix\u00ae or linux. Factores ambientales \u0095 temperatura de funcionamiento: 0\u009640  and #8451; (32\u0096104  and #8457;). \u0095 temperatura de almacenamiento: -40\u009670  and #8451; (-40\u0096158  and #8457;. \u0095 humedad de funcionamiento: 10 a 90% de humedad relativa sin condensaci\u00f3n. \u0095 humedad de almacenamiento: 5\u009690% de humedad relativa sin condensaci\u00f3n<\/p>\n","protected":false},"featured_media":221335,"comment_status":"open","ping_status":"open","template":"","meta":[],"product_cat":[1563,1564],"product_tag":[1562],"acf":[],"yoast_head":"<!-- This site is optimized with the Yoast SEO plugin v21.7 - https:\/\/yoast.com\/wordpress\/plugins\/seo\/ -->\n<title>[ Tp Link ] &#129351; Tl-sg2218,sg2218 Switch Tp-link Tl-sg2218 Administrable Gigabit De 16 Puertos 2 Ranuras Sfp Sustituye A T2600g-18ts<\/title>\n<meta name=\"description\" content=\"Compra Tl-sg2218,sg2218 Switch Tp-link Tl-sg2218 Administrable Gigabit De 16 Puertos 2 Ranuras Sfp Sustituye A T2600g-18ts + Env\u00edo a domicilio + Pago seguro + Garant\u00eda\" \/>\n<meta name=\"robots\" content=\"index, follow, max-snippet:-1, max-image-preview:large, max-video-preview:-1\" \/>\n<link rel=\"canonical\" href=\"https:\/\/compuviper.mx\/tienda\/producto\/tp-link-tl-sg2218sg2218-switch-tp-link-tl-sg2218-administrable-gigabit-de-16-puertos-2-ranuras-sfp-sustituye-a-t2600g-18ts\/\" \/>\n<meta property=\"og:locale\" content=\"es_MX\" \/>\n<meta property=\"og:type\" content=\"article\" \/>\n<meta property=\"og:title\" content=\"[ Tp Link ] &#129351; Tl-sg2218,sg2218 Switch Tp-link Tl-sg2218 Administrable Gigabit De 16 Puertos 2 Ranuras Sfp Sustituye A T2600g-18ts\" \/>\n<meta property=\"og:description\" content=\"Compra Tl-sg2218,sg2218 Switch Tp-link Tl-sg2218 Administrable Gigabit De 16 Puertos 2 Ranuras Sfp Sustituye A T2600g-18ts + Env\u00edo a domicilio + Pago seguro + Garant\u00eda\" \/>\n<meta property=\"og:url\" content=\"https:\/\/compuviper.mx\/tienda\/producto\/tp-link-tl-sg2218sg2218-switch-tp-link-tl-sg2218-administrable-gigabit-de-16-puertos-2-ranuras-sfp-sustituye-a-t2600g-18ts\/\" \/>\n<meta property=\"og:site_name\" content=\"Compuviper\" \/>\n<meta property=\"article:publisher\" content=\"https:\/\/www.facebook.com\/compuviper\" \/>\n<meta property=\"og:image\" content=\"https:\/\/compuviper.mx\/tienda\/wp-content\/uploads\/2023\/12\/Switch-tp-link-tl-sg2218-administrable-gigabit-de-16-puertos-2-ranuras-sfp-sustituye-a-t2600g-18ts.jpg\" \/>\n\t<meta property=\"og:image:width\" content=\"200\" \/>\n\t<meta property=\"og:image:height\" content=\"200\" \/>\n\t<meta property=\"og:image:type\" content=\"image\/jpeg\" \/>\n<meta name=\"twitter:card\" content=\"summary_large_image\" \/>\n<meta name=\"twitter:label1\" content=\"Precio\" \/>\n\t<meta name=\"twitter:data1\" content=\"&#36;2,407 con IVA\" \/>\n\t<meta name=\"twitter:label2\" content=\"Availability\" \/>\n\t<meta name=\"twitter:data2\" content=\"In stock\" \/>\n<script type=\"application\/ld+json\" class=\"yoast-schema-graph\">{\"@context\":\"https:\/\/schema.org\",\"@graph\":[{\"@type\":\"WebPage\",\"@id\":\"https:\/\/compuviper.mx\/tienda\/producto\/tp-link-tl-sg2218sg2218-switch-tp-link-tl-sg2218-administrable-gigabit-de-16-puertos-2-ranuras-sfp-sustituye-a-t2600g-18ts\/\",\"url\":\"https:\/\/compuviper.mx\/tienda\/producto\/tp-link-tl-sg2218sg2218-switch-tp-link-tl-sg2218-administrable-gigabit-de-16-puertos-2-ranuras-sfp-sustituye-a-t2600g-18ts\/\",\"name\":\"[ Tp Link ] &#129351; Tl-sg2218,sg2218 Switch Tp-link Tl-sg2218 Administrable Gigabit De 16 Puertos 2 Ranuras Sfp Sustituye A T2600g-18ts\",\"isPartOf\":{\"@id\":\"https:\/\/compuviper.mx\/tienda\/#website\"},\"datePublished\":\"2026-04-18T07:10:48+00:00\",\"dateModified\":\"2026-04-18T07:10:48+00:00\",\"description\":\"Compra Tl-sg2218,sg2218 Switch Tp-link Tl-sg2218 Administrable Gigabit De 16 Puertos 2 Ranuras Sfp Sustituye A T2600g-18ts + Env\u00edo a domicilio + Pago seguro + Garant\u00eda\",\"breadcrumb\":{\"@id\":\"https:\/\/compuviper.mx\/tienda\/producto\/tp-link-tl-sg2218sg2218-switch-tp-link-tl-sg2218-administrable-gigabit-de-16-puertos-2-ranuras-sfp-sustituye-a-t2600g-18ts\/#breadcrumb\"},\"inLanguage\":\"es-MX\",\"potentialAction\":[{\"@type\":\"ReadAction\",\"target\":[\"https:\/\/compuviper.mx\/tienda\/producto\/tp-link-tl-sg2218sg2218-switch-tp-link-tl-sg2218-administrable-gigabit-de-16-puertos-2-ranuras-sfp-sustituye-a-t2600g-18ts\/\"]}]},{\"@type\":\"BreadcrumbList\",\"@id\":\"https:\/\/compuviper.mx\/tienda\/producto\/tp-link-tl-sg2218sg2218-switch-tp-link-tl-sg2218-administrable-gigabit-de-16-puertos-2-ranuras-sfp-sustituye-a-t2600g-18ts\/#breadcrumb\",\"itemListElement\":[{\"@type\":\"ListItem\",\"position\":1,\"name\":\"Inicio\",\"item\":\"https:\/\/compuviper.mx\/tienda\/\"},{\"@type\":\"ListItem\",\"position\":2,\"name\":\"Productos\",\"item\":\"https:\/\/compuviper.mx\/tienda\/productos\/\"},{\"@type\":\"ListItem\",\"position\":3,\"name\":\"Redes\",\"item\":\"https:\/\/compuviper.mx\/tienda\/categoria-producto\/redes\/\"},{\"@type\":\"ListItem\",\"position\":4,\"name\":\"Switch\",\"item\":\"https:\/\/compuviper.mx\/tienda\/categoria-producto\/redes\/switch\/\"},{\"@type\":\"ListItem\",\"position\":5,\"name\":\"Tp Link Tl-sg2218,sg2218 Switch Tp-link Tl-sg2218 Administrable Gigabit De 16 Puertos 2 Ranuras Sfp Sustituye A T2600g-18ts\"}]},{\"@type\":\"WebSite\",\"@id\":\"https:\/\/compuviper.mx\/tienda\/#website\",\"url\":\"https:\/\/compuviper.mx\/tienda\/\",\"name\":\"Compuviper\",\"description\":\"Proveedor de Computadoras, Laptops, Servidores, Monitores, Puntos de Venta, Teclados,   Impresoras, T\u00f3ner, C\u00e1maras de Seguridad y m\u00e1s en tu tienda en l\u00ednea\",\"publisher\":{\"@id\":\"https:\/\/compuviper.mx\/tienda\/#organization\"},\"potentialAction\":[{\"@type\":\"SearchAction\",\"target\":{\"@type\":\"EntryPoint\",\"urlTemplate\":\"https:\/\/compuviper.mx\/tienda\/?s={search_term_string}\"},\"query-input\":\"required name=search_term_string\"}],\"inLanguage\":\"es-MX\"},{\"@type\":\"Organization\",\"@id\":\"https:\/\/compuviper.mx\/tienda\/#organization\",\"name\":\"Compuviper\",\"url\":\"https:\/\/compuviper.mx\/tienda\/\",\"logo\":{\"@type\":\"ImageObject\",\"inLanguage\":\"es-MX\",\"@id\":\"https:\/\/compuviper.mx\/tienda\/#\/schema\/logo\/image\/\",\"url\":\"https:\/\/compuviper.mx\/tienda\/wp-content\/uploads\/2021\/08\/Logo-Compuviper-10.png\",\"contentUrl\":\"https:\/\/compuviper.mx\/tienda\/wp-content\/uploads\/2021\/08\/Logo-Compuviper-10.png\",\"width\":1000,\"height\":500,\"caption\":\"Compuviper\"},\"image\":{\"@id\":\"https:\/\/compuviper.mx\/tienda\/#\/schema\/logo\/image\/\"},\"sameAs\":[\"https:\/\/www.facebook.com\/compuviper\",\"https:\/\/www.youtube.com\/channel\/UCf73dERp9Y3cfOq7q8BhLjA?view_as=subscriber\"]}]}<\/script>\n<meta property=\"product:brand\" content=\"TP LINK\" \/>\n<meta property=\"product:price:amount\" content=\"2407\" \/>\n<meta property=\"product:price:currency\" content=\"MXN\" \/>\n<meta property=\"og:availability\" content=\"instock\" \/>\n<meta property=\"product:availability\" content=\"instock\" \/>\n<meta property=\"product:retailer_item_id\" content=\"TL-SG2218,SG2218\" \/>\n<meta property=\"product:condition\" content=\"new\" \/>\n<!-- \/ Yoast SEO plugin. -->","yoast_head_json":{"title":"[ Tp Link ] &#129351; Tl-sg2218,sg2218 Switch Tp-link Tl-sg2218 Administrable Gigabit De 16 Puertos 2 Ranuras Sfp Sustituye A T2600g-18ts","description":"Compra Tl-sg2218,sg2218 Switch Tp-link Tl-sg2218 Administrable Gigabit De 16 Puertos 2 Ranuras Sfp Sustituye A T2600g-18ts + Env\u00edo a domicilio + Pago seguro + Garant\u00eda","robots":{"index":"index","follow":"follow","max-snippet":"max-snippet:-1","max-image-preview":"max-image-preview:large","max-video-preview":"max-video-preview:-1"},"canonical":"https:\/\/compuviper.mx\/tienda\/producto\/tp-link-tl-sg2218sg2218-switch-tp-link-tl-sg2218-administrable-gigabit-de-16-puertos-2-ranuras-sfp-sustituye-a-t2600g-18ts\/","og_locale":"es_MX","og_type":"article","og_title":"[ Tp Link ] &#129351; Tl-sg2218,sg2218 Switch Tp-link Tl-sg2218 Administrable Gigabit De 16 Puertos 2 Ranuras Sfp Sustituye A T2600g-18ts","og_description":"Compra Tl-sg2218,sg2218 Switch Tp-link Tl-sg2218 Administrable Gigabit De 16 Puertos 2 Ranuras Sfp Sustituye A T2600g-18ts + Env\u00edo a domicilio + Pago seguro + Garant\u00eda","og_url":"https:\/\/compuviper.mx\/tienda\/producto\/tp-link-tl-sg2218sg2218-switch-tp-link-tl-sg2218-administrable-gigabit-de-16-puertos-2-ranuras-sfp-sustituye-a-t2600g-18ts\/","og_site_name":"Compuviper","article_publisher":"https:\/\/www.facebook.com\/compuviper","og_image":[{"width":200,"height":200,"url":"https:\/\/compuviper.mx\/tienda\/wp-content\/uploads\/2023\/12\/Switch-tp-link-tl-sg2218-administrable-gigabit-de-16-puertos-2-ranuras-sfp-sustituye-a-t2600g-18ts.jpg","type":"image\/jpeg"}],"twitter_card":"summary_large_image","twitter_misc":{"Precio":"&#36;2,407 con IVA","Availability":"In stock"},"schema":{"@context":"https:\/\/schema.org","@graph":[{"@type":"WebPage","@id":"https:\/\/compuviper.mx\/tienda\/producto\/tp-link-tl-sg2218sg2218-switch-tp-link-tl-sg2218-administrable-gigabit-de-16-puertos-2-ranuras-sfp-sustituye-a-t2600g-18ts\/","url":"https:\/\/compuviper.mx\/tienda\/producto\/tp-link-tl-sg2218sg2218-switch-tp-link-tl-sg2218-administrable-gigabit-de-16-puertos-2-ranuras-sfp-sustituye-a-t2600g-18ts\/","name":"[ Tp Link ] &#129351; Tl-sg2218,sg2218 Switch Tp-link Tl-sg2218 Administrable Gigabit De 16 Puertos 2 Ranuras Sfp Sustituye A T2600g-18ts","isPartOf":{"@id":"https:\/\/compuviper.mx\/tienda\/#website"},"datePublished":"2026-04-18T07:10:48+00:00","dateModified":"2026-04-18T07:10:48+00:00","description":"Compra Tl-sg2218,sg2218 Switch Tp-link Tl-sg2218 Administrable Gigabit De 16 Puertos 2 Ranuras Sfp Sustituye A T2600g-18ts + Env\u00edo a domicilio + Pago seguro + Garant\u00eda","breadcrumb":{"@id":"https:\/\/compuviper.mx\/tienda\/producto\/tp-link-tl-sg2218sg2218-switch-tp-link-tl-sg2218-administrable-gigabit-de-16-puertos-2-ranuras-sfp-sustituye-a-t2600g-18ts\/#breadcrumb"},"inLanguage":"es-MX","potentialAction":[{"@type":"ReadAction","target":["https:\/\/compuviper.mx\/tienda\/producto\/tp-link-tl-sg2218sg2218-switch-tp-link-tl-sg2218-administrable-gigabit-de-16-puertos-2-ranuras-sfp-sustituye-a-t2600g-18ts\/"]}]},{"@type":"BreadcrumbList","@id":"https:\/\/compuviper.mx\/tienda\/producto\/tp-link-tl-sg2218sg2218-switch-tp-link-tl-sg2218-administrable-gigabit-de-16-puertos-2-ranuras-sfp-sustituye-a-t2600g-18ts\/#breadcrumb","itemListElement":[{"@type":"ListItem","position":1,"name":"Inicio","item":"https:\/\/compuviper.mx\/tienda\/"},{"@type":"ListItem","position":2,"name":"Productos","item":"https:\/\/compuviper.mx\/tienda\/productos\/"},{"@type":"ListItem","position":3,"name":"Redes","item":"https:\/\/compuviper.mx\/tienda\/categoria-producto\/redes\/"},{"@type":"ListItem","position":4,"name":"Switch","item":"https:\/\/compuviper.mx\/tienda\/categoria-producto\/redes\/switch\/"},{"@type":"ListItem","position":5,"name":"Tp Link Tl-sg2218,sg2218 Switch Tp-link Tl-sg2218 Administrable Gigabit De 16 Puertos 2 Ranuras Sfp Sustituye A T2600g-18ts"}]},{"@type":"WebSite","@id":"https:\/\/compuviper.mx\/tienda\/#website","url":"https:\/\/compuviper.mx\/tienda\/","name":"Compuviper","description":"Proveedor de Computadoras, Laptops, Servidores, Monitores, Puntos de Venta, Teclados,   Impresoras, T\u00f3ner, C\u00e1maras de Seguridad y m\u00e1s en tu tienda en l\u00ednea","publisher":{"@id":"https:\/\/compuviper.mx\/tienda\/#organization"},"potentialAction":[{"@type":"SearchAction","target":{"@type":"EntryPoint","urlTemplate":"https:\/\/compuviper.mx\/tienda\/?s={search_term_string}"},"query-input":"required name=search_term_string"}],"inLanguage":"es-MX"},{"@type":"Organization","@id":"https:\/\/compuviper.mx\/tienda\/#organization","name":"Compuviper","url":"https:\/\/compuviper.mx\/tienda\/","logo":{"@type":"ImageObject","inLanguage":"es-MX","@id":"https:\/\/compuviper.mx\/tienda\/#\/schema\/logo\/image\/","url":"https:\/\/compuviper.mx\/tienda\/wp-content\/uploads\/2021\/08\/Logo-Compuviper-10.png","contentUrl":"https:\/\/compuviper.mx\/tienda\/wp-content\/uploads\/2021\/08\/Logo-Compuviper-10.png","width":1000,"height":500,"caption":"Compuviper"},"image":{"@id":"https:\/\/compuviper.mx\/tienda\/#\/schema\/logo\/image\/"},"sameAs":["https:\/\/www.facebook.com\/compuviper","https:\/\/www.youtube.com\/channel\/UCf73dERp9Y3cfOq7q8BhLjA?view_as=subscriber"]}]},"product_brand":"TP LINK","product_price_amount":"2407","product_price_currency":"MXN","og_availability":"instock","product_availability":"instock","product_retailer_item_id":"TL-SG2218,SG2218","product_condition":"new"},"_links":{"self":[{"href":"https:\/\/compuviper.mx\/tienda\/wp-json\/wp\/v2\/product\/221334"}],"collection":[{"href":"https:\/\/compuviper.mx\/tienda\/wp-json\/wp\/v2\/product"}],"about":[{"href":"https:\/\/compuviper.mx\/tienda\/wp-json\/wp\/v2\/types\/product"}],"replies":[{"embeddable":true,"href":"https:\/\/compuviper.mx\/tienda\/wp-json\/wp\/v2\/comments?post=221334"}],"wp:featuredmedia":[{"embeddable":true,"href":"https:\/\/compuviper.mx\/tienda\/wp-json\/wp\/v2\/media\/221335"}],"wp:attachment":[{"href":"https:\/\/compuviper.mx\/tienda\/wp-json\/wp\/v2\/media?parent=221334"}],"wp:term":[{"taxonomy":"product_cat","embeddable":true,"href":"https:\/\/compuviper.mx\/tienda\/wp-json\/wp\/v2\/product_cat?post=221334"},{"taxonomy":"product_tag","embeddable":true,"href":"https:\/\/compuviper.mx\/tienda\/wp-json\/wp\/v2\/product_tag?post=221334"}],"curies":[{"name":"wp","href":"https:\/\/api.w.org\/{rel}","templated":true}]}}