{"id":221332,"date":"2026-04-18T01:10:47","date_gmt":"2026-04-18T07:10:47","guid":{"rendered":"https:\/\/compuviper.mx\/tienda\/producto\/tp-link-sg1016-switch-tp-link-tl-gigabit-ethernet-10-100-1000mbps-16-puertos-para-rack-19-pulgadas-no-administrable\/"},"modified":"2026-04-18T01:10:48","modified_gmt":"2026-04-18T07:10:48","slug":"tp-link-sg1016-switch-tp-link-tl-gigabit-ethernet-10-100-1000mbps-16-puertos-para-rack-19-pulgadas-no-administrable","status":"publish","type":"product","link":"https:\/\/compuviper.mx\/tienda\/producto\/tp-link-sg1016-switch-tp-link-tl-gigabit-ethernet-10-100-1000mbps-16-puertos-para-rack-19-pulgadas-no-administrable\/","title":{"rendered":"Tp Link Sg1016 Switch |tp-link | Tl- | Gigabit Ethernet | 10\/100\/1000mbps | 16 Puertos | Para Rack | 19 Pulgadas | No Administrable"},"content":{"rendered":"<table class=\"descripcion\">\n<tr>\n<td>Tl-sg1016<\/td>\n<\/tr>\n<tr>\n<td>Gigabit switch de 16 puertos<\/td>\n<\/tr>\n<tr>\n<td>\u0095 16 puertos rj45 10\/100\/1000 mbps<\/td>\n<\/tr>\n<tr>\n<td>\u0095 innovadora tecnolog\u00eda de eficiencia energ\u00e9tica para ahorrar energ\u00eda hasta un 40%<\/td>\n<\/tr>\n<tr>\n<td>\u0095 es compatible con direcci\u00f3n mac auto-aprendizaje y auto mdi \/ mdix<\/td>\n<\/tr>\n<tr>\n<td>\u0095 est\u00e1ndar de 19 pulgadas de montaje en rack caja de acero<\/td>\n<\/tr>\n<\/table>\n","protected":false},"excerpt":{"rendered":"<p>Caracter\u00edsticas de hardware. Est\u00e1ndares y protocolos ieee 802.3i, ieee 802.3u, ieee 802.3ab , ieee 802.3x. Interface 16 10\/100\/1000mbps rj45 ports (auto negotiation\/auto mdi\/mdix. Medios de red cable 3, 4 5, 10base-t: categor\u00eda utp (m\u00e1ximo 100m. 100base-tx\/1000base-t: category 5 utp, 5e o sobre cable (m\u00e1ximo 100m. Cantidad de ventiladores sin ventilador. Cerradura de seguridad f\u00edsica no. Fuente de alimentaci\u00f3n 100-240vac, 50\/60hz. Consumo de energ\u00eda m\u00e1ximo: 13.3w (220v\/50hz. Dimensiones (w x d x h) 17.3*7.1*1.7 pulgadas (440*180*44 mm. Montaje rack mountable. Consumo m\u00e1ximo de energ\u00eda 10.44w. Disipaci\u00f3n m\u00e1xima de calor 35.60btu\/h. Rendimiento. Capacidad de switcheo 32gbps. Tasa de reenv\u00edo de paquetes 23.8mpps. Tabla de mac address 8k. Jumbo frame 10kb. Qos 802.1p\/dscp qos. *only for v12 and later version. Tecnolog\u00eda verde tecnolog\u00eda de eficiencia energ\u00e9tica innovadora ahorra energ\u00eda hasta un 25. M\u00e9todo de transferencia almacenamiento y env\u00edo. Otros. Certificacion fcc, ce, rohs. Contenidos del paquete conmutador de 16 puertos gigabit para montaje en rack. Cable de alimentaci\u00f3n. Gu\u00eda de instalaci\u00f3n. Kits de montaje en rack. Patas de goma. Requisitos del sistema microsoft\u00ae windows\u00ae xp, vista\u0099, windows 7 or windows 8, mac\u00ae os, netware\u00ae, unix\u00ae or linux. Ambiente temperatura de funcionamiento: 0 and #8451;~40 and #8451; (32 and #8457;~104 and #8457;. Temperatura de almacenamiento: -40 and #8451;~70 and #8451; (-40 and #8457;~158 and #8457;. Humedad de funcionamiento: 10%~90% sin condensaci\u00f3n. Humedad de almacenamiento: 5%~90% sin condensaci\u00f3n<\/p>\n","protected":false},"featured_media":221333,"comment_status":"open","ping_status":"open","template":"","meta":[],"product_cat":[1563,1564],"product_tag":[1562],"acf":[],"yoast_head":"<!-- This site is optimized with the Yoast SEO plugin v21.7 - https:\/\/yoast.com\/wordpress\/plugins\/seo\/ -->\n<title>[ Tp Link ] &#129351; Sg1016 Switch |tp-link | Tl- | Gigabit Ethernet | 10\/100\/1000mbps | 16 Puertos | Para Rack | 19 Pulgadas | No Administrable<\/title>\n<meta name=\"description\" content=\"Compra Sg1016 Switch |tp-link | Tl- | Gigabit Ethernet | 10\/100\/1000mbps | 16 Puertos | Para Rack | 19 Pulgadas | No Administrable + Env\u00edo a domicilio + Pago seguro + Garant\u00eda\" \/>\n<meta name=\"robots\" content=\"index, follow, max-snippet:-1, max-image-preview:large, max-video-preview:-1\" \/>\n<link rel=\"canonical\" href=\"https:\/\/compuviper.mx\/tienda\/producto\/tp-link-sg1016-switch-tp-link-tl-gigabit-ethernet-10-100-1000mbps-16-puertos-para-rack-19-pulgadas-no-administrable\/\" \/>\n<meta property=\"og:locale\" content=\"es_MX\" \/>\n<meta property=\"og:type\" content=\"article\" \/>\n<meta property=\"og:title\" content=\"[ Tp Link ] &#129351; Sg1016 Switch |tp-link | Tl- | Gigabit Ethernet | 10\/100\/1000mbps | 16 Puertos | Para Rack | 19 Pulgadas | No Administrable\" \/>\n<meta property=\"og:description\" content=\"Compra Sg1016 Switch |tp-link | Tl- | Gigabit Ethernet | 10\/100\/1000mbps | 16 Puertos | Para Rack | 19 Pulgadas | No Administrable + Env\u00edo a domicilio + Pago seguro + Garant\u00eda\" \/>\n<meta property=\"og:url\" content=\"https:\/\/compuviper.mx\/tienda\/producto\/tp-link-sg1016-switch-tp-link-tl-gigabit-ethernet-10-100-1000mbps-16-puertos-para-rack-19-pulgadas-no-administrable\/\" \/>\n<meta property=\"og:site_name\" content=\"Compuviper\" \/>\n<meta property=\"article:publisher\" content=\"https:\/\/www.facebook.com\/compuviper\" \/>\n<meta property=\"article:modified_time\" content=\"2026-04-18T07:10:48+00:00\" \/>\n<meta property=\"og:image\" content=\"https:\/\/compuviper.mx\/tienda\/wp-content\/uploads\/2023\/12\/Switch-tp-link-tl-sg1016-gigabit-ethernet-101001000mbps-16-puertos-para-rack-19-pulgadas-no-administrable.jpg\" \/>\n\t<meta property=\"og:image:width\" content=\"200\" \/>\n\t<meta property=\"og:image:height\" content=\"200\" \/>\n\t<meta property=\"og:image:type\" content=\"image\/jpeg\" \/>\n<meta name=\"twitter:card\" content=\"summary_large_image\" \/>\n<meta name=\"twitter:label1\" content=\"Precio\" \/>\n\t<meta name=\"twitter:data1\" content=\"&#36;1,063 con IVA\" \/>\n\t<meta name=\"twitter:label2\" content=\"Availability\" \/>\n\t<meta name=\"twitter:data2\" content=\"Out of stock\" \/>\n<script type=\"application\/ld+json\" class=\"yoast-schema-graph\">{\"@context\":\"https:\/\/schema.org\",\"@graph\":[{\"@type\":\"WebPage\",\"@id\":\"https:\/\/compuviper.mx\/tienda\/producto\/tp-link-sg1016-switch-tp-link-tl-gigabit-ethernet-10-100-1000mbps-16-puertos-para-rack-19-pulgadas-no-administrable\/\",\"url\":\"https:\/\/compuviper.mx\/tienda\/producto\/tp-link-sg1016-switch-tp-link-tl-gigabit-ethernet-10-100-1000mbps-16-puertos-para-rack-19-pulgadas-no-administrable\/\",\"name\":\"[ Tp Link ] &#129351; Sg1016 Switch |tp-link | Tl- | Gigabit Ethernet | 10\/100\/1000mbps | 16 Puertos | Para Rack | 19 Pulgadas | No Administrable\",\"isPartOf\":{\"@id\":\"https:\/\/compuviper.mx\/tienda\/#website\"},\"datePublished\":\"2026-04-18T07:10:47+00:00\",\"dateModified\":\"2026-04-18T07:10:48+00:00\",\"description\":\"Compra Sg1016 Switch |tp-link | Tl- | Gigabit Ethernet | 10\/100\/1000mbps | 16 Puertos | Para Rack | 19 Pulgadas | No Administrable + Env\u00edo a domicilio + Pago seguro + Garant\u00eda\",\"breadcrumb\":{\"@id\":\"https:\/\/compuviper.mx\/tienda\/producto\/tp-link-sg1016-switch-tp-link-tl-gigabit-ethernet-10-100-1000mbps-16-puertos-para-rack-19-pulgadas-no-administrable\/#breadcrumb\"},\"inLanguage\":\"es-MX\",\"potentialAction\":[{\"@type\":\"ReadAction\",\"target\":[\"https:\/\/compuviper.mx\/tienda\/producto\/tp-link-sg1016-switch-tp-link-tl-gigabit-ethernet-10-100-1000mbps-16-puertos-para-rack-19-pulgadas-no-administrable\/\"]}]},{\"@type\":\"BreadcrumbList\",\"@id\":\"https:\/\/compuviper.mx\/tienda\/producto\/tp-link-sg1016-switch-tp-link-tl-gigabit-ethernet-10-100-1000mbps-16-puertos-para-rack-19-pulgadas-no-administrable\/#breadcrumb\",\"itemListElement\":[{\"@type\":\"ListItem\",\"position\":1,\"name\":\"Inicio\",\"item\":\"https:\/\/compuviper.mx\/tienda\/\"},{\"@type\":\"ListItem\",\"position\":2,\"name\":\"Productos\",\"item\":\"https:\/\/compuviper.mx\/tienda\/productos\/\"},{\"@type\":\"ListItem\",\"position\":3,\"name\":\"Redes\",\"item\":\"https:\/\/compuviper.mx\/tienda\/categoria-producto\/redes\/\"},{\"@type\":\"ListItem\",\"position\":4,\"name\":\"Switch\",\"item\":\"https:\/\/compuviper.mx\/tienda\/categoria-producto\/redes\/switch\/\"},{\"@type\":\"ListItem\",\"position\":5,\"name\":\"Tp Link Sg1016 Switch |tp-link | Tl- | Gigabit Ethernet | 10\/100\/1000mbps | 16 Puertos | Para Rack | 19 Pulgadas | No Administrable\"}]},{\"@type\":\"WebSite\",\"@id\":\"https:\/\/compuviper.mx\/tienda\/#website\",\"url\":\"https:\/\/compuviper.mx\/tienda\/\",\"name\":\"Compuviper\",\"description\":\"Proveedor de Computadoras, Laptops, Servidores, Monitores, Puntos de Venta, Teclados,   Impresoras, T\u00f3ner, C\u00e1maras de Seguridad y m\u00e1s en tu tienda en l\u00ednea\",\"publisher\":{\"@id\":\"https:\/\/compuviper.mx\/tienda\/#organization\"},\"potentialAction\":[{\"@type\":\"SearchAction\",\"target\":{\"@type\":\"EntryPoint\",\"urlTemplate\":\"https:\/\/compuviper.mx\/tienda\/?s={search_term_string}\"},\"query-input\":\"required name=search_term_string\"}],\"inLanguage\":\"es-MX\"},{\"@type\":\"Organization\",\"@id\":\"https:\/\/compuviper.mx\/tienda\/#organization\",\"name\":\"Compuviper\",\"url\":\"https:\/\/compuviper.mx\/tienda\/\",\"logo\":{\"@type\":\"ImageObject\",\"inLanguage\":\"es-MX\",\"@id\":\"https:\/\/compuviper.mx\/tienda\/#\/schema\/logo\/image\/\",\"url\":\"https:\/\/compuviper.mx\/tienda\/wp-content\/uploads\/2021\/08\/Logo-Compuviper-10.png\",\"contentUrl\":\"https:\/\/compuviper.mx\/tienda\/wp-content\/uploads\/2021\/08\/Logo-Compuviper-10.png\",\"width\":1000,\"height\":500,\"caption\":\"Compuviper\"},\"image\":{\"@id\":\"https:\/\/compuviper.mx\/tienda\/#\/schema\/logo\/image\/\"},\"sameAs\":[\"https:\/\/www.facebook.com\/compuviper\",\"https:\/\/www.youtube.com\/channel\/UCf73dERp9Y3cfOq7q8BhLjA?view_as=subscriber\"]}]}<\/script>\n<meta property=\"product:brand\" content=\"TP LINK\" \/>\n<meta property=\"product:price:amount\" content=\"1063\" \/>\n<meta property=\"product:price:currency\" content=\"MXN\" \/>\n<meta property=\"og:availability\" content=\"out of stock\" \/>\n<meta property=\"product:availability\" content=\"out of stock\" \/>\n<meta property=\"product:retailer_item_id\" content=\"SG1016\" \/>\n<meta property=\"product:condition\" content=\"new\" \/>\n<!-- \/ Yoast SEO plugin. -->","yoast_head_json":{"title":"[ Tp Link ] &#129351; Sg1016 Switch |tp-link | Tl- | Gigabit Ethernet | 10\/100\/1000mbps | 16 Puertos | Para Rack | 19 Pulgadas | No Administrable","description":"Compra Sg1016 Switch |tp-link | Tl- | Gigabit Ethernet | 10\/100\/1000mbps | 16 Puertos | Para Rack | 19 Pulgadas | No Administrable + Env\u00edo a domicilio + Pago seguro + Garant\u00eda","robots":{"index":"index","follow":"follow","max-snippet":"max-snippet:-1","max-image-preview":"max-image-preview:large","max-video-preview":"max-video-preview:-1"},"canonical":"https:\/\/compuviper.mx\/tienda\/producto\/tp-link-sg1016-switch-tp-link-tl-gigabit-ethernet-10-100-1000mbps-16-puertos-para-rack-19-pulgadas-no-administrable\/","og_locale":"es_MX","og_type":"article","og_title":"[ Tp Link ] &#129351; Sg1016 Switch |tp-link | Tl- | Gigabit Ethernet | 10\/100\/1000mbps | 16 Puertos | Para Rack | 19 Pulgadas | No Administrable","og_description":"Compra Sg1016 Switch |tp-link | Tl- | Gigabit Ethernet | 10\/100\/1000mbps | 16 Puertos | Para Rack | 19 Pulgadas | No Administrable + Env\u00edo a domicilio + Pago seguro + Garant\u00eda","og_url":"https:\/\/compuviper.mx\/tienda\/producto\/tp-link-sg1016-switch-tp-link-tl-gigabit-ethernet-10-100-1000mbps-16-puertos-para-rack-19-pulgadas-no-administrable\/","og_site_name":"Compuviper","article_publisher":"https:\/\/www.facebook.com\/compuviper","article_modified_time":"2026-04-18T07:10:48+00:00","og_image":[{"width":200,"height":200,"url":"https:\/\/compuviper.mx\/tienda\/wp-content\/uploads\/2023\/12\/Switch-tp-link-tl-sg1016-gigabit-ethernet-101001000mbps-16-puertos-para-rack-19-pulgadas-no-administrable.jpg","type":"image\/jpeg"}],"twitter_card":"summary_large_image","twitter_misc":{"Precio":"&#36;1,063 con IVA","Availability":"Out of stock"},"schema":{"@context":"https:\/\/schema.org","@graph":[{"@type":"WebPage","@id":"https:\/\/compuviper.mx\/tienda\/producto\/tp-link-sg1016-switch-tp-link-tl-gigabit-ethernet-10-100-1000mbps-16-puertos-para-rack-19-pulgadas-no-administrable\/","url":"https:\/\/compuviper.mx\/tienda\/producto\/tp-link-sg1016-switch-tp-link-tl-gigabit-ethernet-10-100-1000mbps-16-puertos-para-rack-19-pulgadas-no-administrable\/","name":"[ Tp Link ] &#129351; Sg1016 Switch |tp-link | Tl- | Gigabit Ethernet | 10\/100\/1000mbps | 16 Puertos | Para Rack | 19 Pulgadas | No Administrable","isPartOf":{"@id":"https:\/\/compuviper.mx\/tienda\/#website"},"datePublished":"2026-04-18T07:10:47+00:00","dateModified":"2026-04-18T07:10:48+00:00","description":"Compra Sg1016 Switch |tp-link | Tl- | Gigabit Ethernet | 10\/100\/1000mbps | 16 Puertos | Para Rack | 19 Pulgadas | No Administrable + Env\u00edo a domicilio + Pago seguro + Garant\u00eda","breadcrumb":{"@id":"https:\/\/compuviper.mx\/tienda\/producto\/tp-link-sg1016-switch-tp-link-tl-gigabit-ethernet-10-100-1000mbps-16-puertos-para-rack-19-pulgadas-no-administrable\/#breadcrumb"},"inLanguage":"es-MX","potentialAction":[{"@type":"ReadAction","target":["https:\/\/compuviper.mx\/tienda\/producto\/tp-link-sg1016-switch-tp-link-tl-gigabit-ethernet-10-100-1000mbps-16-puertos-para-rack-19-pulgadas-no-administrable\/"]}]},{"@type":"BreadcrumbList","@id":"https:\/\/compuviper.mx\/tienda\/producto\/tp-link-sg1016-switch-tp-link-tl-gigabit-ethernet-10-100-1000mbps-16-puertos-para-rack-19-pulgadas-no-administrable\/#breadcrumb","itemListElement":[{"@type":"ListItem","position":1,"name":"Inicio","item":"https:\/\/compuviper.mx\/tienda\/"},{"@type":"ListItem","position":2,"name":"Productos","item":"https:\/\/compuviper.mx\/tienda\/productos\/"},{"@type":"ListItem","position":3,"name":"Redes","item":"https:\/\/compuviper.mx\/tienda\/categoria-producto\/redes\/"},{"@type":"ListItem","position":4,"name":"Switch","item":"https:\/\/compuviper.mx\/tienda\/categoria-producto\/redes\/switch\/"},{"@type":"ListItem","position":5,"name":"Tp Link Sg1016 Switch |tp-link | Tl- | Gigabit Ethernet | 10\/100\/1000mbps | 16 Puertos | Para Rack | 19 Pulgadas | No Administrable"}]},{"@type":"WebSite","@id":"https:\/\/compuviper.mx\/tienda\/#website","url":"https:\/\/compuviper.mx\/tienda\/","name":"Compuviper","description":"Proveedor de Computadoras, Laptops, Servidores, Monitores, Puntos de Venta, Teclados,   Impresoras, T\u00f3ner, C\u00e1maras de Seguridad y m\u00e1s en tu tienda en l\u00ednea","publisher":{"@id":"https:\/\/compuviper.mx\/tienda\/#organization"},"potentialAction":[{"@type":"SearchAction","target":{"@type":"EntryPoint","urlTemplate":"https:\/\/compuviper.mx\/tienda\/?s={search_term_string}"},"query-input":"required name=search_term_string"}],"inLanguage":"es-MX"},{"@type":"Organization","@id":"https:\/\/compuviper.mx\/tienda\/#organization","name":"Compuviper","url":"https:\/\/compuviper.mx\/tienda\/","logo":{"@type":"ImageObject","inLanguage":"es-MX","@id":"https:\/\/compuviper.mx\/tienda\/#\/schema\/logo\/image\/","url":"https:\/\/compuviper.mx\/tienda\/wp-content\/uploads\/2021\/08\/Logo-Compuviper-10.png","contentUrl":"https:\/\/compuviper.mx\/tienda\/wp-content\/uploads\/2021\/08\/Logo-Compuviper-10.png","width":1000,"height":500,"caption":"Compuviper"},"image":{"@id":"https:\/\/compuviper.mx\/tienda\/#\/schema\/logo\/image\/"},"sameAs":["https:\/\/www.facebook.com\/compuviper","https:\/\/www.youtube.com\/channel\/UCf73dERp9Y3cfOq7q8BhLjA?view_as=subscriber"]}]},"product_brand":"TP LINK","product_price_amount":"1063","product_price_currency":"MXN","og_availability":"out of stock","product_availability":"out of stock","product_retailer_item_id":"SG1016","product_condition":"new"},"_links":{"self":[{"href":"https:\/\/compuviper.mx\/tienda\/wp-json\/wp\/v2\/product\/221332"}],"collection":[{"href":"https:\/\/compuviper.mx\/tienda\/wp-json\/wp\/v2\/product"}],"about":[{"href":"https:\/\/compuviper.mx\/tienda\/wp-json\/wp\/v2\/types\/product"}],"replies":[{"embeddable":true,"href":"https:\/\/compuviper.mx\/tienda\/wp-json\/wp\/v2\/comments?post=221332"}],"wp:featuredmedia":[{"embeddable":true,"href":"https:\/\/compuviper.mx\/tienda\/wp-json\/wp\/v2\/media\/221333"}],"wp:attachment":[{"href":"https:\/\/compuviper.mx\/tienda\/wp-json\/wp\/v2\/media?parent=221332"}],"wp:term":[{"taxonomy":"product_cat","embeddable":true,"href":"https:\/\/compuviper.mx\/tienda\/wp-json\/wp\/v2\/product_cat?post=221332"},{"taxonomy":"product_tag","embeddable":true,"href":"https:\/\/compuviper.mx\/tienda\/wp-json\/wp\/v2\/product_tag?post=221332"}],"curies":[{"name":"wp","href":"https:\/\/api.w.org\/{rel}","templated":true}]}}