{"id":221328,"date":"2026-04-18T01:10:46","date_gmt":"2026-04-18T07:10:46","guid":{"rendered":"https:\/\/compuviper.mx\/tienda\/producto\/tp-link-tl-sg3452x-switch-tp-link-administrable-48-puertos-gigabit-l2-con-4-ranuras-10ge-sfp-1-puerto-rj451-puerto-de-consola-micro-usb-omada-sdn-l2-l3-l4-qos\/"},"modified":"2026-04-18T01:10:47","modified_gmt":"2026-04-18T07:10:47","slug":"tp-link-tl-sg3452xsg3452x-switch-tp-link-tl-sg3452x-administrable-48-puertos-gigabit-l2-con-4-ranuras-10ge-sfp-1-puerto-rj451-puerto-de-consola-micro-usb-omada-sdn-l2-l3-l4-qos","status":"publish","type":"product","link":"https:\/\/compuviper.mx\/tienda\/producto\/tp-link-tl-sg3452xsg3452x-switch-tp-link-tl-sg3452x-administrable-48-puertos-gigabit-l2-con-4-ranuras-10ge-sfp-1-puerto-rj451-puerto-de-consola-micro-usb-omada-sdn-l2-l3-l4-qos\/","title":{"rendered":"Tp Link Tl-sg3452x,sg3452x Switch Tp-link Tl-sg3452x Administrable 48 Puertos Gigabit L2 Con 4 Ranuras 10ge Sfp, 1 Puerto Rj45,1 Puerto De Consola Micro-usb, Omada Sdn, L2\/l3\/l4 Qos,"},"content":{"rendered":"<table class=\"descripcion\">\n<tr>\n<td>Tl-sg3452x<\/td>\n<\/tr>\n<tr>\n<td>Conmutador administrado jetstream de 48 puertos gigabit l2+ con 4 ranuras 10ge sfp+<\/td>\n<\/tr>\n<tr>\n<td>\u0095 enlace ascendente ultrarr\u00e1pido de 10 g: las ranuras sfp+ de 4 \u00d7 10 gbps permiten conectividad de gran ancho de banda y capacidad de conmutaci\u00f3n sin bloqueo.<\/td>\n<\/tr>\n<tr>\n<td>\u0095 velocidades gigabit:  48 puertos gigabit rj45 ofrecen conexiones confiables y de alta velocidad a otros conmutadores y dispositivos.<\/td>\n<\/tr>\n<tr>\n<td>\u0095 integrado en omada sdn : zero-touch provisioning (ztp)*, gesti\u00f3n centralizada de la nube y supervisi\u00f3n inteligente.<\/td>\n<\/tr>\n<tr>\n<td>\u0095 administraci\u00f3n centralizada : acceso a la nube y aplicaci\u00f3n omada para una administraci\u00f3n ultra conveniente y f\u00e1cil.<\/td>\n<\/tr>\n<tr>\n<td>\u0095 enrutamiento est\u00e1tico : ayuda a enrutar el tr\u00e1fico interno para un uso m\u00e1s eficiente de los recursos de la red.<\/td>\n<\/tr>\n<tr>\n<td>\u0095 estrategias de seguridad s\u00f3lidas : vinculaci\u00f3n de puertos ip-mac, acl, seguridad de puertos, defensa dos, control de tormentas, indagaci\u00f3n dhcp, 802.1x, autenticaci\u00f3n radius y m\u00e1s.<\/td>\n<\/tr>\n<tr>\n<td>\u0095 optimice las aplicaciones de voz y video : l2\/l3\/l4 qos e igmp snooping.<\/td>\n<\/tr>\n<tr>\n<td>\u0095 administraci\u00f3n independiente : web, cli (puerto de consola, telnet, ssh), snmp, rmon y dual image brindan potentes capacidades de administraci\u00f3n<\/td>\n<\/tr>\n<\/table>\n","protected":false},"excerpt":{"rendered":"<p>Caracter\u00edsticas de hardware. Interfaz \u0095 48 puertos rj45 de 10\/100\/1000 mbps. \u0095 4 \u00d7 ranuras 10g sfp. \u0095 1 puerto de consola rj45. \u0095 1 puerto de consola micro-usb. Cantidad de ventiladores sin ventilador. Fuente de alimentaci\u00f3n 100-240 v ac~50\/60 hz. Dimensiones 17.3 \u00d7 8.7 \u00d7 1.7 in (440 \u00d7 220 \u00d7 44 mm. Montaje montaje en rack. Consumo de potencia m\u00e1ximo 32.72 w (110v\/60hz. Disipaci\u00f3n m\u00e1xima de calor 111.65 btu\/h (110 v\/60 hz. Rendimiento. Capacidad de conmutaci\u00f3n 176 gbps. Tasa de reenv\u00edo de paquetes 130.9 mpps. Tabla de direcciones mac 16 k. Memoria del buffer de paquete 12 mbit. Jumbo frame 9 kb. Caracter\u00edsticas de software. Calidad de servicio \u0095 8 colas de prioridad. \u0095 prioridad 802.1p cos\/dscp. \u0095 programaci\u00f3n de colas. &#8211; sp (prioridad estricta. &#8211; wrr (round robin ponderado. &#8211; sp+wrr. \u0095 control de ancho de banda. &#8211; limitaci\u00f3n de clasificaci\u00f3n basada en puerto\/flujo. \u0095 rendimiento m\u00e1s fluido. \u0095 acci\u00f3n para flujos. &#8211; espejo (a la interfaz compatible. &#8211; redirigir (a la interfaz compatible. &#8211; l\u00edmite de tarifa. &#8211; observaci\u00f3n de qos. Caracter\u00edsticas l2 y l2+ \u0095 agregar un link. &#8211; agregaci\u00f3n de enlaces est\u00e1ticos. &#8211; 802.3ad lacp. &#8211; hasta 8 grupos de agregaci\u00f3n, que contienen 8 puertos por grupo. \u0095 protocolo de \u00e1rbol de expansi\u00f3n. &#8211; 802.1d stp. &#8211; rstp 802.1w. &#8211; mstp 802.1s. &#8211; seguridad stp: protecci\u00f3n tc, filtro bpdu, protecci\u00f3n ra\u00edz. \u0095 detecci\u00f3n de bucle invertido. &#8211; basado en puerto. &#8211; basado en vlan. \u0095 control de flujo. -control de flujo 802.3x. &#8211; prevenci\u00f3n de bloqueo hol. \u0095 duplicaci\u00f3n. &#8211; duplicaci\u00f3n de puertos. &#8211; duplicaci\u00f3n de cpu. &#8211; cara a cara. &#8211; muchos a uno. &#8211; tx\/rx\/ambos. Multicast l2 \u0095 indagaci\u00f3n igmp. &#8211; indagaci\u00f3n igmp v1\/v2\/v3. &#8211; salida r\u00e1pida. &#8211; igmp snooping querier. &#8211; autenticaci\u00f3n igmp. \u0095 autenticaci\u00f3n igmp. \u0095 espionaje mld. &#8211; espionaje mld v1\/v2. &#8211; licencia r\u00e1pida. &#8211; mld snooping querier. &#8211; configuraci\u00f3n de grupo est\u00e1tico. &#8211; multidifusi\u00f3n de ip limitada. \u0095 rmv. \u0095 filtrado de multidifusi\u00f3n: 256 perfiles y 16 entradas por perfil. Vlan \u0095 grupo vlan. &#8211; grupos de vlan de 4k m\u00e1x. \u0095 vlan etiquetada 802.1q. \u0095 mac vlan: 30 entradas. \u0095 protocolo vlan: plantilla de protocolo 16, protocolo vlan 16. \u0095 vlan privada. \u0095 gvrp. \u0095 vlan vpn (qinq. &#8211; qinq basado en puerto. -qinq selectivo. \u0095 vlan de voz. Lista de control de acceso \u0095 acl basada en el tiempo. \u0095 lca mac. &#8211; fuente mac. &#8211; mac de destino. &#8211; id de vlan. &#8211; prioridad de usuario. &#8211; tipo de \u00e9ter. \u0095 ip acl. -ip de origen. &#8211; ip de destino. &#8211; fragmento. &#8211; protocolo ip. &#8211; indicador tcp. -puerto tcp\/udp. &#8211; condiciones de servicio de dscp\/ip. &#8211; prioridad de usuario. \u0095 lca combinada. \u0095 contenido del paquete acl. \u0095 lca de ipv6. \u0095 pol\u00edtica. &#8211; reflejo. &#8211; redirigir. &#8211; l\u00edmite de tarifa. &#8211; observaci\u00f3n de qos. \u0095 acl se aplica al puerto\/vlan. Seguridad \u0095 vinculaci\u00f3n de puerto ip-mac. &#8211; 512 entradas. &#8211; indagaci\u00f3n dhcp. &#8211; inspecci\u00f3n arp. &#8211; protecci\u00f3n de origen ipv4: 100 entradas. \u0095 enlace de puerto ipv6-mac. &#8211; 512 entradas. &#8211; indagaci\u00f3n dhcpv6. &#8211; detecci\u00f3n de nd. &#8211; protecci\u00f3n de origen ipv6: 100 entradas. \u0095 defensa dos. \u0095 seguridad portuaria est\u00e1tica\/din\u00e1mica. &#8211; hasta 64 direcciones mac por puerto. \u0095 control de tormentas de difusi\u00f3n\/multidifusi\u00f3n\/unidifusi\u00f3n. &#8211; modo de control de kbps\/relaci\u00f3n. \u0095 802.1x. &#8211; autenticaci\u00f3n de base de puerto. &#8211; autenticaci\u00f3n base de mac. &#8211; asignaci\u00f3n de vlan. -mab. &#8211; vlan invitada. &#8211; admite la autenticaci\u00f3n y la responsabilidad de radius. \u0095 aaa (incluyendo tacacs+. \u0095 aislamiento de puertos. \u0095 gesti\u00f3n web segura a trav\u00e9s de https con sslv3\/tls 1.2. \u0095 gesti\u00f3n segura de la interfaz de l\u00ednea de comandos (cli) con sshv1\/sshv2. \u0095 control de acceso basado en ip\/puerto\/mac. Ipv6 \u0095 ipv6 doble ipv4\/ipv6. \u0095 descubrimiento de oyentes de multidifusi\u00f3n (mld) snooping. \u0095 lca de ipv6. \u0095 interfaz ipv6. \u0095 enrutamiento ipv6 est\u00e1tico. \u0095 descubrimiento de vecinos ipv6 (nd. \u0095 descubrimiento de la unidad m\u00e1xima de transmisi\u00f3n (mtu) de la ruta. \u0095 protocolo de mensajes de control de internet (icmp) versi\u00f3n 6. \u0095 tcpv6\/udpv6. \u0095 aplicaciones ipv6. &#8211; cliente dhcpv6. -ping6. -tracert6. -telnet (v6. -ipv6 snmp. -ipv6 ssh. &#8211; ssl ipv6. &#8211; http\/https. &#8211; ipv6 tftp. Caracter\u00edsticas l3 \u0095 16 interfaces ipv4\/ipv6. \u0095 enrutamiento estatico. &#8211; 48 rutas est\u00e1ticas. \u0095 arp est\u00e1tico. &#8211; 128 entradas est\u00e1ticas. \u0095 proxy arp. \u0095 arp gratuito. \u0095 servidor dhcp. \u0095 retransmisi\u00f3n dhcp. &#8211; rel\u00e9 de interfaz dhcp. &#8211; retransmisi\u00f3n dhcp vlan. \u0095 retransmisi\u00f3n dhcp l2. Caracter\u00edsticas avanzadas \u0095 detecci\u00f3n autom\u00e1tica de dispositivos. \u0095 configuraci\u00f3n por lotes. \u0095 actualizaci\u00f3n de firmware por lotes. \u0095 supervisi\u00f3n de red inteligente. \u0095 advertencias de eventos anormales. \u0095 configuraci\u00f3n unificada. \u0095 horario de reinicio. Mibs \u0095 mib ii (rfc1213. \u0095 interfaz mib (rfc2233. \u0095 interfaz ethernet mib (rfc1643. \u0095 puente mib (rfc1493. \u0095 mib de puente p\/q (rfc2674. \u0095 rmon mib (rfc2819. \u0095 rmon2 mib (rfc2021. \u0095 mib de cliente de contabilidad radius (rfc2620. \u0095 mib de cliente de autenticaci\u00f3n radius (rfc2618. \u0095 ping remoto, traceroute mib (rfc2925. \u0095 admite mib privada de tp-link. Gesti\u00f3n. Omada app s\u00ed. Requiere el uso de oc300, oc200, controlador basado en la nube omada o controlador de software omada. Gesti\u00f3n centralizada \u0095 controlador basado en la nube omada. \u0095 controlador de hardware omada (oc300. \u0095 controlador de hardware omada (oc200. \u0095 controlador de software omada. Acceso a la nube s\u00ed. Requiere el uso de oc300, oc200, controlador basado en la nube omada o controlador de software omada. Aprovisionamiento sin contacto s\u00ed. Requiere el uso del controlador basado en la nube de omada. Funciones de gesti\u00f3n \u0095 interfaz gr\u00e1fica de usuario basada en web. \u0095 interfaz de l\u00ednea de comandos (cli) a trav\u00e9s del puerto de la consola, telnet. \u0095 snmp v1\/v2c\/v3. &#8211; trampa\/informar. &#8211; rmon (1,2,3,9 grupos. \u0095 plantilla mdf. \u0095 cliente dhcp\/bootp. \u0095 802.1ab lldp\/lldp-med. \u0095 instalaci\u00f3n autom\u00e1tica de dhcp. \u0095 imagen dual, configuraci\u00f3n dual. \u0095 supervisi\u00f3n de cpu. \u0095 diagn\u00f3stico de cables. \u0095 aee. \u0095 recuperaci\u00f3n de contrase\u00f1a. \u0095 sntp. \u0095 registro del sistema. Otros. Certificaciones ce, fcc, rohs. Contenido del paquete \u0095 interruptor tl-sg3452x. \u0095 cable de alimentaci\u00f3n. \u0095 gu\u00eda de instalaci\u00f3n r\u00e1pida. \u0095 juego de montaje en bastidor. \u0095 patas de goma. Requisitos del sistema microsoft\u00ae windows\u00ae 98se, nt, 2000, xp, vista\u0099 o windows 7\/8\/10\/11, mac\u00ae os, netware\u00ae, unix\u00ae o linux. Factores ambientales \u0095 temperatura de funcionamiento: 0\u009645  and #8451; (32\u0096113  and #8457;). \u0095 temperatura de almacenamiento: -40\u009670  and #8451; (-40\u0096158  and #8457;. \u0095 humedad de funcionamiento: 10\u009690 % de hr sin condensaci\u00f3n. \u0095 humedad de almacenamiento: 5\u009690 % de hr sin condensaci\u00f3n<\/p>\n","protected":false},"featured_media":221329,"comment_status":"open","ping_status":"open","template":"","meta":[],"product_cat":[1563,1564],"product_tag":[1562],"acf":[],"yoast_head":"<!-- This site is optimized with the Yoast SEO plugin v21.7 - https:\/\/yoast.com\/wordpress\/plugins\/seo\/ -->\n<title>[ Tp Link ] &#129351; Tl-sg3452x,sg3452x Switch Tp-link Tl-sg3452x Administrable 48 Puertos Gigabit L2 Con 4 Ranuras 10ge Sfp, 1 Puerto Rj45,1 Puerto De Consola Micro-usb, Omada Sdn, L2\/l3\/l4 Qos,<\/title>\n<meta name=\"description\" content=\"Compra Tl-sg3452x,sg3452x Switch Tp-link Tl-sg3452x Administrable 48 Puertos Gigabit L2 Con 4 Ranuras 10ge Sfp, 1 Puerto Rj45,1 Puerto De Consola Micro-usb, Omada Sdn, L2\/l3\/l4 Qos, + Env\u00edo a domicilio + Pago seguro + Garant\u00eda\" \/>\n<meta name=\"robots\" content=\"index, follow, max-snippet:-1, max-image-preview:large, max-video-preview:-1\" \/>\n<link rel=\"canonical\" href=\"https:\/\/compuviper.mx\/tienda\/producto\/tp-link-tl-sg3452xsg3452x-switch-tp-link-tl-sg3452x-administrable-48-puertos-gigabit-l2-con-4-ranuras-10ge-sfp-1-puerto-rj451-puerto-de-consola-micro-usb-omada-sdn-l2-l3-l4-qos\/\" \/>\n<meta property=\"og:locale\" content=\"es_MX\" \/>\n<meta property=\"og:type\" content=\"article\" \/>\n<meta property=\"og:title\" content=\"[ Tp Link ] &#129351; Tl-sg3452x,sg3452x Switch Tp-link Tl-sg3452x Administrable 48 Puertos Gigabit L2 Con 4 Ranuras 10ge Sfp, 1 Puerto Rj45,1 Puerto De Consola Micro-usb, Omada Sdn, L2\/l3\/l4 Qos,\" \/>\n<meta property=\"og:description\" content=\"Compra Tl-sg3452x,sg3452x Switch Tp-link Tl-sg3452x Administrable 48 Puertos Gigabit L2 Con 4 Ranuras 10ge Sfp, 1 Puerto Rj45,1 Puerto De Consola Micro-usb, Omada Sdn, L2\/l3\/l4 Qos, + Env\u00edo a domicilio + Pago seguro + Garant\u00eda\" \/>\n<meta property=\"og:url\" content=\"https:\/\/compuviper.mx\/tienda\/producto\/tp-link-tl-sg3452xsg3452x-switch-tp-link-tl-sg3452x-administrable-48-puertos-gigabit-l2-con-4-ranuras-10ge-sfp-1-puerto-rj451-puerto-de-consola-micro-usb-omada-sdn-l2-l3-l4-qos\/\" \/>\n<meta property=\"og:site_name\" content=\"Compuviper\" \/>\n<meta property=\"article:publisher\" content=\"https:\/\/www.facebook.com\/compuviper\" \/>\n<meta property=\"article:modified_time\" content=\"2026-04-18T07:10:47+00:00\" \/>\n<meta property=\"og:image\" content=\"https:\/\/compuviper.mx\/tienda\/wp-content\/uploads\/2023\/12\/Switch-tp-link-tl-sg3452x-administrable-48-puertos-gigabit-l2-con-4-ranuras-10ge-sfp-1-puerto-rj451-puerto-de-consola-micro-usb-omada-sdn-l2l3l4-qos.jpg\" \/>\n\t<meta property=\"og:image:width\" content=\"200\" \/>\n\t<meta property=\"og:image:height\" content=\"200\" \/>\n\t<meta property=\"og:image:type\" content=\"image\/jpeg\" \/>\n<meta name=\"twitter:card\" content=\"summary_large_image\" \/>\n<meta name=\"twitter:label1\" content=\"Precio\" \/>\n\t<meta name=\"twitter:data1\" content=\"&#36;8,106 con IVA\" \/>\n\t<meta name=\"twitter:label2\" content=\"Availability\" \/>\n\t<meta name=\"twitter:data2\" content=\"On backorder\" \/>\n<script type=\"application\/ld+json\" class=\"yoast-schema-graph\">{\"@context\":\"https:\/\/schema.org\",\"@graph\":[{\"@type\":\"WebPage\",\"@id\":\"https:\/\/compuviper.mx\/tienda\/producto\/tp-link-tl-sg3452xsg3452x-switch-tp-link-tl-sg3452x-administrable-48-puertos-gigabit-l2-con-4-ranuras-10ge-sfp-1-puerto-rj451-puerto-de-consola-micro-usb-omada-sdn-l2-l3-l4-qos\/\",\"url\":\"https:\/\/compuviper.mx\/tienda\/producto\/tp-link-tl-sg3452xsg3452x-switch-tp-link-tl-sg3452x-administrable-48-puertos-gigabit-l2-con-4-ranuras-10ge-sfp-1-puerto-rj451-puerto-de-consola-micro-usb-omada-sdn-l2-l3-l4-qos\/\",\"name\":\"[ Tp Link ] &#129351; Tl-sg3452x,sg3452x Switch Tp-link Tl-sg3452x Administrable 48 Puertos Gigabit L2 Con 4 Ranuras 10ge Sfp, 1 Puerto Rj45,1 Puerto De Consola Micro-usb, Omada Sdn, L2\/l3\/l4 Qos,\",\"isPartOf\":{\"@id\":\"https:\/\/compuviper.mx\/tienda\/#website\"},\"datePublished\":\"2026-04-18T07:10:46+00:00\",\"dateModified\":\"2026-04-18T07:10:47+00:00\",\"description\":\"Compra Tl-sg3452x,sg3452x Switch Tp-link Tl-sg3452x Administrable 48 Puertos Gigabit L2 Con 4 Ranuras 10ge Sfp, 1 Puerto Rj45,1 Puerto De Consola Micro-usb, Omada Sdn, L2\/l3\/l4 Qos, + Env\u00edo a domicilio + Pago seguro + Garant\u00eda\",\"breadcrumb\":{\"@id\":\"https:\/\/compuviper.mx\/tienda\/producto\/tp-link-tl-sg3452xsg3452x-switch-tp-link-tl-sg3452x-administrable-48-puertos-gigabit-l2-con-4-ranuras-10ge-sfp-1-puerto-rj451-puerto-de-consola-micro-usb-omada-sdn-l2-l3-l4-qos\/#breadcrumb\"},\"inLanguage\":\"es-MX\",\"potentialAction\":[{\"@type\":\"ReadAction\",\"target\":[\"https:\/\/compuviper.mx\/tienda\/producto\/tp-link-tl-sg3452xsg3452x-switch-tp-link-tl-sg3452x-administrable-48-puertos-gigabit-l2-con-4-ranuras-10ge-sfp-1-puerto-rj451-puerto-de-consola-micro-usb-omada-sdn-l2-l3-l4-qos\/\"]}]},{\"@type\":\"BreadcrumbList\",\"@id\":\"https:\/\/compuviper.mx\/tienda\/producto\/tp-link-tl-sg3452xsg3452x-switch-tp-link-tl-sg3452x-administrable-48-puertos-gigabit-l2-con-4-ranuras-10ge-sfp-1-puerto-rj451-puerto-de-consola-micro-usb-omada-sdn-l2-l3-l4-qos\/#breadcrumb\",\"itemListElement\":[{\"@type\":\"ListItem\",\"position\":1,\"name\":\"Inicio\",\"item\":\"https:\/\/compuviper.mx\/tienda\/\"},{\"@type\":\"ListItem\",\"position\":2,\"name\":\"Productos\",\"item\":\"https:\/\/compuviper.mx\/tienda\/productos\/\"},{\"@type\":\"ListItem\",\"position\":3,\"name\":\"Redes\",\"item\":\"https:\/\/compuviper.mx\/tienda\/categoria-producto\/redes\/\"},{\"@type\":\"ListItem\",\"position\":4,\"name\":\"Switch\",\"item\":\"https:\/\/compuviper.mx\/tienda\/categoria-producto\/redes\/switch\/\"},{\"@type\":\"ListItem\",\"position\":5,\"name\":\"Tp Link Tl-sg3452x,sg3452x Switch Tp-link Tl-sg3452x Administrable 48 Puertos Gigabit L2 Con 4 Ranuras 10ge Sfp, 1 Puerto Rj45,1 Puerto De Consola Micro-usb, Omada Sdn, L2\/l3\/l4 Qos,\"}]},{\"@type\":\"WebSite\",\"@id\":\"https:\/\/compuviper.mx\/tienda\/#website\",\"url\":\"https:\/\/compuviper.mx\/tienda\/\",\"name\":\"Compuviper\",\"description\":\"Proveedor de Computadoras, Laptops, Servidores, Monitores, Puntos de Venta, Teclados,   Impresoras, T\u00f3ner, C\u00e1maras de Seguridad y m\u00e1s en tu tienda en l\u00ednea\",\"publisher\":{\"@id\":\"https:\/\/compuviper.mx\/tienda\/#organization\"},\"potentialAction\":[{\"@type\":\"SearchAction\",\"target\":{\"@type\":\"EntryPoint\",\"urlTemplate\":\"https:\/\/compuviper.mx\/tienda\/?s={search_term_string}\"},\"query-input\":\"required name=search_term_string\"}],\"inLanguage\":\"es-MX\"},{\"@type\":\"Organization\",\"@id\":\"https:\/\/compuviper.mx\/tienda\/#organization\",\"name\":\"Compuviper\",\"url\":\"https:\/\/compuviper.mx\/tienda\/\",\"logo\":{\"@type\":\"ImageObject\",\"inLanguage\":\"es-MX\",\"@id\":\"https:\/\/compuviper.mx\/tienda\/#\/schema\/logo\/image\/\",\"url\":\"https:\/\/compuviper.mx\/tienda\/wp-content\/uploads\/2021\/08\/Logo-Compuviper-10.png\",\"contentUrl\":\"https:\/\/compuviper.mx\/tienda\/wp-content\/uploads\/2021\/08\/Logo-Compuviper-10.png\",\"width\":1000,\"height\":500,\"caption\":\"Compuviper\"},\"image\":{\"@id\":\"https:\/\/compuviper.mx\/tienda\/#\/schema\/logo\/image\/\"},\"sameAs\":[\"https:\/\/www.facebook.com\/compuviper\",\"https:\/\/www.youtube.com\/channel\/UCf73dERp9Y3cfOq7q8BhLjA?view_as=subscriber\"]}]}<\/script>\n<meta property=\"product:brand\" content=\"TP LINK\" \/>\n<meta property=\"product:price:amount\" content=\"8106\" \/>\n<meta property=\"product:price:currency\" content=\"MXN\" \/>\n<meta property=\"og:availability\" content=\"backorder\" \/>\n<meta property=\"product:availability\" content=\"available for order\" \/>\n<meta property=\"product:retailer_item_id\" content=\"TL-SG3452X,SG3452X\" \/>\n<meta property=\"product:condition\" content=\"new\" \/>\n<!-- \/ Yoast SEO plugin. -->","yoast_head_json":{"title":"[ Tp Link ] &#129351; Tl-sg3452x,sg3452x Switch Tp-link Tl-sg3452x Administrable 48 Puertos Gigabit L2 Con 4 Ranuras 10ge Sfp, 1 Puerto Rj45,1 Puerto De Consola Micro-usb, Omada Sdn, L2\/l3\/l4 Qos,","description":"Compra Tl-sg3452x,sg3452x Switch Tp-link Tl-sg3452x Administrable 48 Puertos Gigabit L2 Con 4 Ranuras 10ge Sfp, 1 Puerto Rj45,1 Puerto De Consola Micro-usb, Omada Sdn, L2\/l3\/l4 Qos, + Env\u00edo a domicilio + Pago seguro + Garant\u00eda","robots":{"index":"index","follow":"follow","max-snippet":"max-snippet:-1","max-image-preview":"max-image-preview:large","max-video-preview":"max-video-preview:-1"},"canonical":"https:\/\/compuviper.mx\/tienda\/producto\/tp-link-tl-sg3452xsg3452x-switch-tp-link-tl-sg3452x-administrable-48-puertos-gigabit-l2-con-4-ranuras-10ge-sfp-1-puerto-rj451-puerto-de-consola-micro-usb-omada-sdn-l2-l3-l4-qos\/","og_locale":"es_MX","og_type":"article","og_title":"[ Tp Link ] &#129351; Tl-sg3452x,sg3452x Switch Tp-link Tl-sg3452x Administrable 48 Puertos Gigabit L2 Con 4 Ranuras 10ge Sfp, 1 Puerto Rj45,1 Puerto De Consola Micro-usb, Omada Sdn, L2\/l3\/l4 Qos,","og_description":"Compra Tl-sg3452x,sg3452x Switch Tp-link Tl-sg3452x Administrable 48 Puertos Gigabit L2 Con 4 Ranuras 10ge Sfp, 1 Puerto Rj45,1 Puerto De Consola Micro-usb, Omada Sdn, L2\/l3\/l4 Qos, + Env\u00edo a domicilio + Pago seguro + Garant\u00eda","og_url":"https:\/\/compuviper.mx\/tienda\/producto\/tp-link-tl-sg3452xsg3452x-switch-tp-link-tl-sg3452x-administrable-48-puertos-gigabit-l2-con-4-ranuras-10ge-sfp-1-puerto-rj451-puerto-de-consola-micro-usb-omada-sdn-l2-l3-l4-qos\/","og_site_name":"Compuviper","article_publisher":"https:\/\/www.facebook.com\/compuviper","article_modified_time":"2026-04-18T07:10:47+00:00","og_image":[{"width":200,"height":200,"url":"https:\/\/compuviper.mx\/tienda\/wp-content\/uploads\/2023\/12\/Switch-tp-link-tl-sg3452x-administrable-48-puertos-gigabit-l2-con-4-ranuras-10ge-sfp-1-puerto-rj451-puerto-de-consola-micro-usb-omada-sdn-l2l3l4-qos.jpg","type":"image\/jpeg"}],"twitter_card":"summary_large_image","twitter_misc":{"Precio":"&#36;8,106 con IVA","Availability":"On backorder"},"schema":{"@context":"https:\/\/schema.org","@graph":[{"@type":"WebPage","@id":"https:\/\/compuviper.mx\/tienda\/producto\/tp-link-tl-sg3452xsg3452x-switch-tp-link-tl-sg3452x-administrable-48-puertos-gigabit-l2-con-4-ranuras-10ge-sfp-1-puerto-rj451-puerto-de-consola-micro-usb-omada-sdn-l2-l3-l4-qos\/","url":"https:\/\/compuviper.mx\/tienda\/producto\/tp-link-tl-sg3452xsg3452x-switch-tp-link-tl-sg3452x-administrable-48-puertos-gigabit-l2-con-4-ranuras-10ge-sfp-1-puerto-rj451-puerto-de-consola-micro-usb-omada-sdn-l2-l3-l4-qos\/","name":"[ Tp Link ] &#129351; Tl-sg3452x,sg3452x Switch Tp-link Tl-sg3452x Administrable 48 Puertos Gigabit L2 Con 4 Ranuras 10ge Sfp, 1 Puerto Rj45,1 Puerto De Consola Micro-usb, Omada Sdn, L2\/l3\/l4 Qos,","isPartOf":{"@id":"https:\/\/compuviper.mx\/tienda\/#website"},"datePublished":"2026-04-18T07:10:46+00:00","dateModified":"2026-04-18T07:10:47+00:00","description":"Compra Tl-sg3452x,sg3452x Switch Tp-link Tl-sg3452x Administrable 48 Puertos Gigabit L2 Con 4 Ranuras 10ge Sfp, 1 Puerto Rj45,1 Puerto De Consola Micro-usb, Omada Sdn, L2\/l3\/l4 Qos, + Env\u00edo a domicilio + Pago seguro + Garant\u00eda","breadcrumb":{"@id":"https:\/\/compuviper.mx\/tienda\/producto\/tp-link-tl-sg3452xsg3452x-switch-tp-link-tl-sg3452x-administrable-48-puertos-gigabit-l2-con-4-ranuras-10ge-sfp-1-puerto-rj451-puerto-de-consola-micro-usb-omada-sdn-l2-l3-l4-qos\/#breadcrumb"},"inLanguage":"es-MX","potentialAction":[{"@type":"ReadAction","target":["https:\/\/compuviper.mx\/tienda\/producto\/tp-link-tl-sg3452xsg3452x-switch-tp-link-tl-sg3452x-administrable-48-puertos-gigabit-l2-con-4-ranuras-10ge-sfp-1-puerto-rj451-puerto-de-consola-micro-usb-omada-sdn-l2-l3-l4-qos\/"]}]},{"@type":"BreadcrumbList","@id":"https:\/\/compuviper.mx\/tienda\/producto\/tp-link-tl-sg3452xsg3452x-switch-tp-link-tl-sg3452x-administrable-48-puertos-gigabit-l2-con-4-ranuras-10ge-sfp-1-puerto-rj451-puerto-de-consola-micro-usb-omada-sdn-l2-l3-l4-qos\/#breadcrumb","itemListElement":[{"@type":"ListItem","position":1,"name":"Inicio","item":"https:\/\/compuviper.mx\/tienda\/"},{"@type":"ListItem","position":2,"name":"Productos","item":"https:\/\/compuviper.mx\/tienda\/productos\/"},{"@type":"ListItem","position":3,"name":"Redes","item":"https:\/\/compuviper.mx\/tienda\/categoria-producto\/redes\/"},{"@type":"ListItem","position":4,"name":"Switch","item":"https:\/\/compuviper.mx\/tienda\/categoria-producto\/redes\/switch\/"},{"@type":"ListItem","position":5,"name":"Tp Link Tl-sg3452x,sg3452x Switch Tp-link Tl-sg3452x Administrable 48 Puertos Gigabit L2 Con 4 Ranuras 10ge Sfp, 1 Puerto Rj45,1 Puerto De Consola Micro-usb, Omada Sdn, L2\/l3\/l4 Qos,"}]},{"@type":"WebSite","@id":"https:\/\/compuviper.mx\/tienda\/#website","url":"https:\/\/compuviper.mx\/tienda\/","name":"Compuviper","description":"Proveedor de Computadoras, Laptops, Servidores, Monitores, Puntos de Venta, Teclados,   Impresoras, T\u00f3ner, C\u00e1maras de Seguridad y m\u00e1s en tu tienda en l\u00ednea","publisher":{"@id":"https:\/\/compuviper.mx\/tienda\/#organization"},"potentialAction":[{"@type":"SearchAction","target":{"@type":"EntryPoint","urlTemplate":"https:\/\/compuviper.mx\/tienda\/?s={search_term_string}"},"query-input":"required name=search_term_string"}],"inLanguage":"es-MX"},{"@type":"Organization","@id":"https:\/\/compuviper.mx\/tienda\/#organization","name":"Compuviper","url":"https:\/\/compuviper.mx\/tienda\/","logo":{"@type":"ImageObject","inLanguage":"es-MX","@id":"https:\/\/compuviper.mx\/tienda\/#\/schema\/logo\/image\/","url":"https:\/\/compuviper.mx\/tienda\/wp-content\/uploads\/2021\/08\/Logo-Compuviper-10.png","contentUrl":"https:\/\/compuviper.mx\/tienda\/wp-content\/uploads\/2021\/08\/Logo-Compuviper-10.png","width":1000,"height":500,"caption":"Compuviper"},"image":{"@id":"https:\/\/compuviper.mx\/tienda\/#\/schema\/logo\/image\/"},"sameAs":["https:\/\/www.facebook.com\/compuviper","https:\/\/www.youtube.com\/channel\/UCf73dERp9Y3cfOq7q8BhLjA?view_as=subscriber"]}]},"product_brand":"TP LINK","product_price_amount":"8106","product_price_currency":"MXN","og_availability":"backorder","product_availability":"available for order","product_retailer_item_id":"TL-SG3452X,SG3452X","product_condition":"new"},"_links":{"self":[{"href":"https:\/\/compuviper.mx\/tienda\/wp-json\/wp\/v2\/product\/221328"}],"collection":[{"href":"https:\/\/compuviper.mx\/tienda\/wp-json\/wp\/v2\/product"}],"about":[{"href":"https:\/\/compuviper.mx\/tienda\/wp-json\/wp\/v2\/types\/product"}],"replies":[{"embeddable":true,"href":"https:\/\/compuviper.mx\/tienda\/wp-json\/wp\/v2\/comments?post=221328"}],"wp:featuredmedia":[{"embeddable":true,"href":"https:\/\/compuviper.mx\/tienda\/wp-json\/wp\/v2\/media\/221329"}],"wp:attachment":[{"href":"https:\/\/compuviper.mx\/tienda\/wp-json\/wp\/v2\/media?parent=221328"}],"wp:term":[{"taxonomy":"product_cat","embeddable":true,"href":"https:\/\/compuviper.mx\/tienda\/wp-json\/wp\/v2\/product_cat?post=221328"},{"taxonomy":"product_tag","embeddable":true,"href":"https:\/\/compuviper.mx\/tienda\/wp-json\/wp\/v2\/product_tag?post=221328"}],"curies":[{"name":"wp","href":"https:\/\/api.w.org\/{rel}","templated":true}]}}