{"id":221326,"date":"2026-04-18T01:10:46","date_gmt":"2026-04-18T07:10:46","guid":{"rendered":"https:\/\/compuviper.mx\/tienda\/producto\/tp-link-tl-sl1311mp-switch-tp-link-switch-de-escritorio-gigabit-de-8-puertos-a-10-100mbps-3-puertos-con-poe-de-8-puertos\/"},"modified":"2026-04-18T01:10:46","modified_gmt":"2026-04-18T07:10:46","slug":"tp-link-tl-sl1311mp-switch-tp-link-switch-de-escritorio-gigabit-de-8-puertos-a-10-100mbps-3-puertos-con-poe-de-8-puertos","status":"publish","type":"product","link":"https:\/\/compuviper.mx\/tienda\/producto\/tp-link-tl-sl1311mp-switch-tp-link-switch-de-escritorio-gigabit-de-8-puertos-a-10-100mbps-3-puertos-con-poe-de-8-puertos\/","title":{"rendered":"Tp Link Tl-sl1311mp Switch | Tp-link |  | Switch De Escritorio | Gigabit De 8 Puertos A 10 \/ 100mbps | 3 Puertos Con Poe + De 8 Puertos"},"content":{"rendered":"<table class=\"descripcion\">\n<tr>\n<td>Tl-sl1311mp switch de escritorio gigabit de 8 puertos a 10 \/ 100mbps + 3 puertos con poe + de 8 puertos<\/td>\n<\/tr>\n<tr>\n<td>\u0095 8 puertos rj45 de 10\/100 mbps, 2 puertos gigabit rj45, 1 puerto gigabit sfp<\/td>\n<\/tr>\n<tr>\n<td>\u0095 8 puertos poe + transfieren datos y alimentan cables individuales<\/td>\n<\/tr>\n<tr>\n<td>\u0095 funciona con pd compatibles con ieee 802.3af \/ at<\/td>\n<\/tr>\n<tr>\n<td>\u0095 admite alimentaci\u00f3n poe de hasta 30 w para cada puerto poe<\/td>\n<\/tr>\n<tr>\n<td>\u0095 admite alimentaci\u00f3n poe de hasta 124 w para 8 puertos poe *<\/td>\n<\/tr>\n<tr>\n<td>\u0095 alcance de transmisi\u00f3n de datos y potencia de hasta 250 m en modo extendido **<\/td>\n<\/tr>\n<tr>\n<td>\u0095 el modo de aislamiento permite la separaci\u00f3n del tr\u00e1fico del cliente con un solo clic para una mayor seguridad y rendimiento<\/td>\n<\/tr>\n<tr>\n<td>\u0095 poe auto recovery garantiza un funcionamiento estable de los dispositivos poe al reiniciar autom\u00e1ticamente los dispositivos pd ca\u00eddos o que no responden<\/td>\n<\/tr>\n<tr>\n<td>\u0095 el dise\u00f1o sin ventilador reduce el consumo de energ\u00eda y funciona silenciosamente en su ubicaci\u00f3n<\/td>\n<\/tr>\n<tr>\n<td>\u0095 plug and play sin necesidad de configuraci\u00f3n<\/td>\n<\/tr>\n<\/table>\n","protected":false},"excerpt":{"rendered":"<p>Caracter\u00edsticas de hardware. Interfaz \u0095 8 puertos 10\/100 mbps 802.3af \/ en poe +, 2 puertos gigabit rj45, 1 puerto gigabit sfp. \u0095 autonegociaci\u00f3n. \u0095 auto mdi \/ mdix. Medios de red \u0095 10base-t: cable utp categor\u00eda 3, 4, 5 (m\u00e1ximo 100 m. \u0095 eia \/ tia-568 100 and #937; stp (m\u00e1ximo 100 m. \u0095 100base-tx: cable utp categor\u00eda 5, 5e (m\u00e1ximo 100 m. \u0095 eia \/ tia-568 100 and #937; stp (m\u00e1ximo 100 m. Cantidad de ventiladores sin ventilador. Bloqueo de seguridad f\u00edsico si. Fuente de alimentaci\u00f3n externa adaptador de corriente externo (salida: 53,5 v cc \/ 2,43 a. Tasa de reenv\u00edo de paquetes 5.6544 mpps. Puertos poe (rj45) \u0095 est\u00e1ndar: compatible con 802.3 af \/ at. \u0095 puertos poe: puertos 1\u00968. \u0095 suministro el\u00e9ctrico: 124 w. Tabla de direcci\u00f3n mac 2k. Jumbo frame 16 kb. Capacidad de conmutaci\u00f3n 7.6 gbps. Dimensiones 8.2 \u00d7 4.9 \u00d7 1.0 in (209 \u00d7 126 \u00d7 26 mm. Consumo de potencia m\u00e1ximo \u0095 5,95 w (220\/50 hz. Sin pd conectado. \u0095 140,92 w (220\/50 hz. Con 124 w pd conectado. Disipaci\u00f3n m\u00e1xima de calor \u0095 20,29 btu \/ h (sin pd conectado. \u0095 480,54 btu \/ h (220\/50 hz. Con pd de 124 w conectado. Caracter\u00edsticas de software. M\u00e9todo de transmisi\u00f3n almacenamiento y reenvio. Funciones avanzadas \u0095 compatible con pd compatibles con ieee 802.3af \/ at. \u0095 bot\u00f3n de modo extendido (puertos 1 a 4 y puertos 1 a 8, fuente de alimentaci\u00f3n poe de hasta 250 m y transmisi\u00f3n de datos. \u0095 bot\u00f3n de modo de aislamiento (puertos 1 a 8. \u0095 bot\u00f3n de recuperaci\u00f3n autom\u00e1tica de poe (puertos 1 a 8. \u0095 autoaprendizaje y envejecimiento autom\u00e1tico de direcciones mac. \u0095 control de flujo ieee802.3x para modo d\u00faplex completo y contrapresi\u00f3n para modo d\u00faplex medio. Otros. Certificaciones fcc, ce, rohs. Contenido del paquete \u0095 tl-sl1311mp. \u0095 adaptador de corriente. \u0095 gu\u00eda de instalaci\u00f3n. Factores ambientales \u0095 temperatura de funcionamiento: 0\u009640  and #8451; (32\u0096104  and #8457;. \u0095 temperatura de almacenamiento: -40\u009670  and #8451; (-40\u0096158  and #8457;. \u0095 humedad de funcionamiento: 10 a 90% de humedad relativa sin condensaci\u00f3n. \u0095 humedad de almacenamiento: 5\u009690% de humedad relativa sin condensaci\u00f3n<\/p>\n","protected":false},"featured_media":221327,"comment_status":"open","ping_status":"open","template":"","meta":[],"product_cat":[1563,1564],"product_tag":[1562],"acf":[],"yoast_head":"<!-- This site is optimized with the Yoast SEO plugin v21.7 - https:\/\/yoast.com\/wordpress\/plugins\/seo\/ -->\n<title>[ Tp Link ] &#129351; Tl-sl1311mp Switch | Tp-link | | Switch De Escritorio | Gigabit De 8 Puertos A 10 \/ 100mbps | 3 Puertos Con Poe + De 8 Puertos<\/title>\n<meta name=\"description\" content=\"Compra Tl-sl1311mp Switch | Tp-link | | Switch De Escritorio | Gigabit De 8 Puertos A 10 \/ 100mbps | 3 Puertos Con Poe + De 8 Puertos + Env\u00edo a domicilio + Pago seguro + Garant\u00eda\" \/>\n<meta name=\"robots\" content=\"index, follow, max-snippet:-1, max-image-preview:large, max-video-preview:-1\" \/>\n<link rel=\"canonical\" href=\"https:\/\/compuviper.mx\/tienda\/producto\/tp-link-tl-sl1311mp-switch-tp-link-switch-de-escritorio-gigabit-de-8-puertos-a-10-100mbps-3-puertos-con-poe-de-8-puertos\/\" \/>\n<meta property=\"og:locale\" content=\"es_MX\" \/>\n<meta property=\"og:type\" content=\"article\" \/>\n<meta property=\"og:title\" content=\"[ Tp Link ] &#129351; Tl-sl1311mp Switch | Tp-link | | Switch De Escritorio | Gigabit De 8 Puertos A 10 \/ 100mbps | 3 Puertos Con Poe + De 8 Puertos\" \/>\n<meta property=\"og:description\" content=\"Compra Tl-sl1311mp Switch | Tp-link | | Switch De Escritorio | Gigabit De 8 Puertos A 10 \/ 100mbps | 3 Puertos Con Poe + De 8 Puertos + Env\u00edo a domicilio + Pago seguro + Garant\u00eda\" \/>\n<meta property=\"og:url\" content=\"https:\/\/compuviper.mx\/tienda\/producto\/tp-link-tl-sl1311mp-switch-tp-link-switch-de-escritorio-gigabit-de-8-puertos-a-10-100mbps-3-puertos-con-poe-de-8-puertos\/\" \/>\n<meta property=\"og:site_name\" content=\"Compuviper\" \/>\n<meta property=\"article:publisher\" content=\"https:\/\/www.facebook.com\/compuviper\" \/>\n<meta property=\"og:image\" content=\"https:\/\/compuviper.mx\/tienda\/wp-content\/uploads\/2023\/12\/Switch-tp-link-tl-sl1311mp-switch-de-escritorio-gigabit-de-8-puertos-a-10-100mbps-3-puertos-con-poe-de-8-puertos.jpg\" \/>\n\t<meta property=\"og:image:width\" content=\"200\" \/>\n\t<meta property=\"og:image:height\" content=\"200\" \/>\n\t<meta property=\"og:image:type\" content=\"image\/jpeg\" \/>\n<meta name=\"twitter:card\" content=\"summary_large_image\" \/>\n<meta name=\"twitter:label1\" content=\"Precio\" \/>\n\t<meta name=\"twitter:data1\" content=\"&#36;1,313 con IVA\" \/>\n\t<meta name=\"twitter:label2\" content=\"Availability\" \/>\n\t<meta name=\"twitter:data2\" content=\"Out of stock\" \/>\n<script type=\"application\/ld+json\" class=\"yoast-schema-graph\">{\"@context\":\"https:\/\/schema.org\",\"@graph\":[{\"@type\":\"WebPage\",\"@id\":\"https:\/\/compuviper.mx\/tienda\/producto\/tp-link-tl-sl1311mp-switch-tp-link-switch-de-escritorio-gigabit-de-8-puertos-a-10-100mbps-3-puertos-con-poe-de-8-puertos\/\",\"url\":\"https:\/\/compuviper.mx\/tienda\/producto\/tp-link-tl-sl1311mp-switch-tp-link-switch-de-escritorio-gigabit-de-8-puertos-a-10-100mbps-3-puertos-con-poe-de-8-puertos\/\",\"name\":\"[ Tp Link ] &#129351; Tl-sl1311mp Switch | Tp-link | | Switch De Escritorio | Gigabit De 8 Puertos A 10 \/ 100mbps | 3 Puertos Con Poe + De 8 Puertos\",\"isPartOf\":{\"@id\":\"https:\/\/compuviper.mx\/tienda\/#website\"},\"datePublished\":\"2026-04-18T07:10:46+00:00\",\"dateModified\":\"2026-04-18T07:10:46+00:00\",\"description\":\"Compra Tl-sl1311mp Switch | Tp-link | | Switch De Escritorio | Gigabit De 8 Puertos A 10 \/ 100mbps | 3 Puertos Con Poe + De 8 Puertos + Env\u00edo a domicilio + Pago seguro + Garant\u00eda\",\"breadcrumb\":{\"@id\":\"https:\/\/compuviper.mx\/tienda\/producto\/tp-link-tl-sl1311mp-switch-tp-link-switch-de-escritorio-gigabit-de-8-puertos-a-10-100mbps-3-puertos-con-poe-de-8-puertos\/#breadcrumb\"},\"inLanguage\":\"es-MX\",\"potentialAction\":[{\"@type\":\"ReadAction\",\"target\":[\"https:\/\/compuviper.mx\/tienda\/producto\/tp-link-tl-sl1311mp-switch-tp-link-switch-de-escritorio-gigabit-de-8-puertos-a-10-100mbps-3-puertos-con-poe-de-8-puertos\/\"]}]},{\"@type\":\"BreadcrumbList\",\"@id\":\"https:\/\/compuviper.mx\/tienda\/producto\/tp-link-tl-sl1311mp-switch-tp-link-switch-de-escritorio-gigabit-de-8-puertos-a-10-100mbps-3-puertos-con-poe-de-8-puertos\/#breadcrumb\",\"itemListElement\":[{\"@type\":\"ListItem\",\"position\":1,\"name\":\"Inicio\",\"item\":\"https:\/\/compuviper.mx\/tienda\/\"},{\"@type\":\"ListItem\",\"position\":2,\"name\":\"Productos\",\"item\":\"https:\/\/compuviper.mx\/tienda\/productos\/\"},{\"@type\":\"ListItem\",\"position\":3,\"name\":\"Redes\",\"item\":\"https:\/\/compuviper.mx\/tienda\/categoria-producto\/redes\/\"},{\"@type\":\"ListItem\",\"position\":4,\"name\":\"Switch\",\"item\":\"https:\/\/compuviper.mx\/tienda\/categoria-producto\/redes\/switch\/\"},{\"@type\":\"ListItem\",\"position\":5,\"name\":\"Tp Link Tl-sl1311mp Switch | Tp-link | | Switch De Escritorio | Gigabit De 8 Puertos A 10 \/ 100mbps | 3 Puertos Con Poe + De 8 Puertos\"}]},{\"@type\":\"WebSite\",\"@id\":\"https:\/\/compuviper.mx\/tienda\/#website\",\"url\":\"https:\/\/compuviper.mx\/tienda\/\",\"name\":\"Compuviper\",\"description\":\"Proveedor de Computadoras, Laptops, Servidores, Monitores, Puntos de Venta, Teclados,   Impresoras, T\u00f3ner, C\u00e1maras de Seguridad y m\u00e1s en tu tienda en l\u00ednea\",\"publisher\":{\"@id\":\"https:\/\/compuviper.mx\/tienda\/#organization\"},\"potentialAction\":[{\"@type\":\"SearchAction\",\"target\":{\"@type\":\"EntryPoint\",\"urlTemplate\":\"https:\/\/compuviper.mx\/tienda\/?s={search_term_string}\"},\"query-input\":\"required name=search_term_string\"}],\"inLanguage\":\"es-MX\"},{\"@type\":\"Organization\",\"@id\":\"https:\/\/compuviper.mx\/tienda\/#organization\",\"name\":\"Compuviper\",\"url\":\"https:\/\/compuviper.mx\/tienda\/\",\"logo\":{\"@type\":\"ImageObject\",\"inLanguage\":\"es-MX\",\"@id\":\"https:\/\/compuviper.mx\/tienda\/#\/schema\/logo\/image\/\",\"url\":\"https:\/\/compuviper.mx\/tienda\/wp-content\/uploads\/2021\/08\/Logo-Compuviper-10.png\",\"contentUrl\":\"https:\/\/compuviper.mx\/tienda\/wp-content\/uploads\/2021\/08\/Logo-Compuviper-10.png\",\"width\":1000,\"height\":500,\"caption\":\"Compuviper\"},\"image\":{\"@id\":\"https:\/\/compuviper.mx\/tienda\/#\/schema\/logo\/image\/\"},\"sameAs\":[\"https:\/\/www.facebook.com\/compuviper\",\"https:\/\/www.youtube.com\/channel\/UCf73dERp9Y3cfOq7q8BhLjA?view_as=subscriber\"]}]}<\/script>\n<meta property=\"product:brand\" content=\"TP LINK\" \/>\n<meta property=\"product:price:amount\" content=\"1313\" \/>\n<meta property=\"product:price:currency\" content=\"MXN\" \/>\n<meta property=\"og:availability\" content=\"out of stock\" \/>\n<meta property=\"product:availability\" content=\"out of stock\" \/>\n<meta property=\"product:retailer_item_id\" content=\"TL-SL1311MP\" \/>\n<meta property=\"product:condition\" content=\"new\" \/>\n<!-- \/ Yoast SEO plugin. -->","yoast_head_json":{"title":"[ Tp Link ] &#129351; Tl-sl1311mp Switch | Tp-link | | Switch De Escritorio | Gigabit De 8 Puertos A 10 \/ 100mbps | 3 Puertos Con Poe + De 8 Puertos","description":"Compra Tl-sl1311mp Switch | Tp-link | | Switch De Escritorio | Gigabit De 8 Puertos A 10 \/ 100mbps | 3 Puertos Con Poe + De 8 Puertos + Env\u00edo a domicilio + Pago seguro + Garant\u00eda","robots":{"index":"index","follow":"follow","max-snippet":"max-snippet:-1","max-image-preview":"max-image-preview:large","max-video-preview":"max-video-preview:-1"},"canonical":"https:\/\/compuviper.mx\/tienda\/producto\/tp-link-tl-sl1311mp-switch-tp-link-switch-de-escritorio-gigabit-de-8-puertos-a-10-100mbps-3-puertos-con-poe-de-8-puertos\/","og_locale":"es_MX","og_type":"article","og_title":"[ Tp Link ] &#129351; Tl-sl1311mp Switch | Tp-link | | Switch De Escritorio | Gigabit De 8 Puertos A 10 \/ 100mbps | 3 Puertos Con Poe + De 8 Puertos","og_description":"Compra Tl-sl1311mp Switch | Tp-link | | Switch De Escritorio | Gigabit De 8 Puertos A 10 \/ 100mbps | 3 Puertos Con Poe + De 8 Puertos + Env\u00edo a domicilio + Pago seguro + Garant\u00eda","og_url":"https:\/\/compuviper.mx\/tienda\/producto\/tp-link-tl-sl1311mp-switch-tp-link-switch-de-escritorio-gigabit-de-8-puertos-a-10-100mbps-3-puertos-con-poe-de-8-puertos\/","og_site_name":"Compuviper","article_publisher":"https:\/\/www.facebook.com\/compuviper","og_image":[{"width":200,"height":200,"url":"https:\/\/compuviper.mx\/tienda\/wp-content\/uploads\/2023\/12\/Switch-tp-link-tl-sl1311mp-switch-de-escritorio-gigabit-de-8-puertos-a-10-100mbps-3-puertos-con-poe-de-8-puertos.jpg","type":"image\/jpeg"}],"twitter_card":"summary_large_image","twitter_misc":{"Precio":"&#36;1,313 con IVA","Availability":"Out of stock"},"schema":{"@context":"https:\/\/schema.org","@graph":[{"@type":"WebPage","@id":"https:\/\/compuviper.mx\/tienda\/producto\/tp-link-tl-sl1311mp-switch-tp-link-switch-de-escritorio-gigabit-de-8-puertos-a-10-100mbps-3-puertos-con-poe-de-8-puertos\/","url":"https:\/\/compuviper.mx\/tienda\/producto\/tp-link-tl-sl1311mp-switch-tp-link-switch-de-escritorio-gigabit-de-8-puertos-a-10-100mbps-3-puertos-con-poe-de-8-puertos\/","name":"[ Tp Link ] &#129351; Tl-sl1311mp Switch | Tp-link | | Switch De Escritorio | Gigabit De 8 Puertos A 10 \/ 100mbps | 3 Puertos Con Poe + De 8 Puertos","isPartOf":{"@id":"https:\/\/compuviper.mx\/tienda\/#website"},"datePublished":"2026-04-18T07:10:46+00:00","dateModified":"2026-04-18T07:10:46+00:00","description":"Compra Tl-sl1311mp Switch | Tp-link | | Switch De Escritorio | Gigabit De 8 Puertos A 10 \/ 100mbps | 3 Puertos Con Poe + De 8 Puertos + Env\u00edo a domicilio + Pago seguro + Garant\u00eda","breadcrumb":{"@id":"https:\/\/compuviper.mx\/tienda\/producto\/tp-link-tl-sl1311mp-switch-tp-link-switch-de-escritorio-gigabit-de-8-puertos-a-10-100mbps-3-puertos-con-poe-de-8-puertos\/#breadcrumb"},"inLanguage":"es-MX","potentialAction":[{"@type":"ReadAction","target":["https:\/\/compuviper.mx\/tienda\/producto\/tp-link-tl-sl1311mp-switch-tp-link-switch-de-escritorio-gigabit-de-8-puertos-a-10-100mbps-3-puertos-con-poe-de-8-puertos\/"]}]},{"@type":"BreadcrumbList","@id":"https:\/\/compuviper.mx\/tienda\/producto\/tp-link-tl-sl1311mp-switch-tp-link-switch-de-escritorio-gigabit-de-8-puertos-a-10-100mbps-3-puertos-con-poe-de-8-puertos\/#breadcrumb","itemListElement":[{"@type":"ListItem","position":1,"name":"Inicio","item":"https:\/\/compuviper.mx\/tienda\/"},{"@type":"ListItem","position":2,"name":"Productos","item":"https:\/\/compuviper.mx\/tienda\/productos\/"},{"@type":"ListItem","position":3,"name":"Redes","item":"https:\/\/compuviper.mx\/tienda\/categoria-producto\/redes\/"},{"@type":"ListItem","position":4,"name":"Switch","item":"https:\/\/compuviper.mx\/tienda\/categoria-producto\/redes\/switch\/"},{"@type":"ListItem","position":5,"name":"Tp Link Tl-sl1311mp Switch | Tp-link | | Switch De Escritorio | Gigabit De 8 Puertos A 10 \/ 100mbps | 3 Puertos Con Poe + De 8 Puertos"}]},{"@type":"WebSite","@id":"https:\/\/compuviper.mx\/tienda\/#website","url":"https:\/\/compuviper.mx\/tienda\/","name":"Compuviper","description":"Proveedor de Computadoras, Laptops, Servidores, Monitores, Puntos de Venta, Teclados,   Impresoras, T\u00f3ner, C\u00e1maras de Seguridad y m\u00e1s en tu tienda en l\u00ednea","publisher":{"@id":"https:\/\/compuviper.mx\/tienda\/#organization"},"potentialAction":[{"@type":"SearchAction","target":{"@type":"EntryPoint","urlTemplate":"https:\/\/compuviper.mx\/tienda\/?s={search_term_string}"},"query-input":"required name=search_term_string"}],"inLanguage":"es-MX"},{"@type":"Organization","@id":"https:\/\/compuviper.mx\/tienda\/#organization","name":"Compuviper","url":"https:\/\/compuviper.mx\/tienda\/","logo":{"@type":"ImageObject","inLanguage":"es-MX","@id":"https:\/\/compuviper.mx\/tienda\/#\/schema\/logo\/image\/","url":"https:\/\/compuviper.mx\/tienda\/wp-content\/uploads\/2021\/08\/Logo-Compuviper-10.png","contentUrl":"https:\/\/compuviper.mx\/tienda\/wp-content\/uploads\/2021\/08\/Logo-Compuviper-10.png","width":1000,"height":500,"caption":"Compuviper"},"image":{"@id":"https:\/\/compuviper.mx\/tienda\/#\/schema\/logo\/image\/"},"sameAs":["https:\/\/www.facebook.com\/compuviper","https:\/\/www.youtube.com\/channel\/UCf73dERp9Y3cfOq7q8BhLjA?view_as=subscriber"]}]},"product_brand":"TP LINK","product_price_amount":"1313","product_price_currency":"MXN","og_availability":"out of stock","product_availability":"out of stock","product_retailer_item_id":"TL-SL1311MP","product_condition":"new"},"_links":{"self":[{"href":"https:\/\/compuviper.mx\/tienda\/wp-json\/wp\/v2\/product\/221326"}],"collection":[{"href":"https:\/\/compuviper.mx\/tienda\/wp-json\/wp\/v2\/product"}],"about":[{"href":"https:\/\/compuviper.mx\/tienda\/wp-json\/wp\/v2\/types\/product"}],"replies":[{"embeddable":true,"href":"https:\/\/compuviper.mx\/tienda\/wp-json\/wp\/v2\/comments?post=221326"}],"wp:featuredmedia":[{"embeddable":true,"href":"https:\/\/compuviper.mx\/tienda\/wp-json\/wp\/v2\/media\/221327"}],"wp:attachment":[{"href":"https:\/\/compuviper.mx\/tienda\/wp-json\/wp\/v2\/media?parent=221326"}],"wp:term":[{"taxonomy":"product_cat","embeddable":true,"href":"https:\/\/compuviper.mx\/tienda\/wp-json\/wp\/v2\/product_cat?post=221326"},{"taxonomy":"product_tag","embeddable":true,"href":"https:\/\/compuviper.mx\/tienda\/wp-json\/wp\/v2\/product_tag?post=221326"}],"curies":[{"name":"wp","href":"https:\/\/api.w.org\/{rel}","templated":true}]}}